{"id":21532,"date":"2024-03-01T16:53:06","date_gmt":"2024-03-01T15:53:06","guid":{"rendered":"https:\/\/u15jnbdpoq.preview.infomaniak.website\/produit\/100-luvas-de-nitrilo-sem-po-medio-8\/"},"modified":"2026-04-25T02:13:22","modified_gmt":"2026-04-25T00:13:22","slug":"100-luvas-de-nitrilo-sem-po-medio-8","status":"publish","type":"product","link":"https:\/\/www.csj-emballages.com\/pt-pt\/produit\/100-luvas-de-nitrilo-sem-po-medio-8\/","title":{"rendered":"Luva de nitrilo sem p\u00f3 m\u00e9dia 8 por 100"},"content":{"rendered":"<h2>Luva de nitrilo<\/h2>\n<hr>\n<h3>Descubra a nossa luva de nitrilo sem p\u00f3 m\u00e9dia 8 por 100<\/h3>\n<p><!--more--><\/p>\n<p data-start=\"241\" data-end=\"591\">Pensadas para uma utiliza\u00e7\u00e3o exigente, estas <strong data-start=\"276\" data-end=\"314\">luvas de nitrilo sem p\u00f3 tamanho m\u00e9dio 8<\/strong> oferecem uma prote\u00e7\u00e3o fi\u00e1vel, mantendo-se agrad\u00e1veis de usar no dia a dia. A sua conce\u00e7\u00e3o <strong data-start=\"410\" data-end=\"424\">ambidextra<\/strong> permite utiliz\u00e1-las indiferentemente na m\u00e3o direita ou esquerda, o que simplifica o manuseamento e poupa tempo, especialmente durante as mudan\u00e7as frequentes. <\/p>\n<p data-start=\"593\" data-end=\"974\">Gra\u00e7as \u00e0 sua <strong data-start=\"606\" data-end=\"620\">borda enrolada<\/strong>, as <strong>luvas<\/strong> mant\u00eam-se bem no lugar depois de colocadas e limitam o risco de rasgar ao n\u00edvel do punho. Este detalhe tamb\u00e9m melhora o conforto e evita que a luva escorregue durante a utiliza\u00e7\u00e3o. Al\u00e9m disso, a <strong data-start=\"838\" data-end=\"863\">textura antiderrapante<\/strong> garante um bom controlo dos movimentos, mesmo em ambientes h\u00famidos ou durante manipula\u00e7\u00f5es delicadas.  <\/p>\n<p data-start=\"976\" data-end=\"1287\">As <strong data-start=\"980\" data-end=\"1009\">pontas dos dedos texturizadas<\/strong> proporcionam uma melhor ader\u00eancia e uma precis\u00e3o acrescida. Isto permite manipular objetos, instrumentos ou alimentos com mais controlo, sem perder sensibilidade. Esta caracter\u00edstica \u00e9 particularmente apreciada nos setores onde cada movimento conta.  <\/p>\n<p data-start=\"1289\" data-end=\"1517\">Estas <strong>luvas<\/strong> cumprem uma <strong data-start=\"1315\" data-end=\"1335\">qualidade m\u00e9dica<\/strong>, o que garante um elevado n\u00edvel de higiene e seguran\u00e7a. S\u00e3o adequadas tanto para profissionais de sa\u00fade como para os setores da restaura\u00e7\u00e3o, manuten\u00e7\u00e3o ou ind\u00fastria. <\/p>\n<p data-start=\"1519\" data-end=\"1776\">Por fim, a remo\u00e7\u00e3o \u00e9 feita em total seguran\u00e7a: basta <strong data-start=\"1578\" data-end=\"1656\">dobrar a extremidade do punho e retirar a luva, virando-a do avesso<\/strong>, para evitar qualquer contacto com a superf\u00edcie exterior. Um m\u00e9todo simples e eficaz para limitar as contamina\u00e7\u00f5es. <\/p>\n<p data-start=\"1624\" data-end=\"1834\"><!--more--><\/p>\n<h4 data-start=\"1624\" data-end=\"1834\">Vantagens :<\/h4>\n<ul>\n<li data-start=\"1804\" data-end=\"1839\"><strong>Ambidextras<\/strong>, pr\u00e1ticas de usar.<\/li>\n<li data-start=\"1842\" data-end=\"1880\"><strong>Borda enrolada<\/strong> para uma melhor fixa\u00e7\u00e3o.<\/li>\n<li data-start=\"1883\" data-end=\"1928\">Textura antiderrapante para maior controlo.<\/li>\n<li data-start=\"1931\" data-end=\"1976\"><strong>Dedos texturizados<\/strong> para uma precis\u00e3o ideal.<\/li>\n<li data-start=\"1979\" data-end=\"1997\">Qualidade m\u00e9dica.<\/li>\n<li data-start=\"2000\" data-end=\"2045\">Remo\u00e7\u00e3o segura para uma higiene refor\u00e7ada.<\/li>\n<\/ul>\n<p>&nbsp;<\/p>\n<p><!--more--><\/p>\n<h4>Outras informa\u00e7\u00f5es :<\/h4>\n<ul>\n<li><strong>Embalagem<\/strong>: Pacote de 100<\/li>\n<li><strong>Tamanho<\/strong>: M<\/li>\n<li><strong>Comprimento<\/strong>: 240 mm<\/li>\n<li><strong>Largura da palma<\/strong>: 95 mm<\/li>\n<li><strong>Peso<\/strong>: 3,5 g<\/li>\n<li><strong>Material<\/strong>: Nitrilo (sem p\u00f3)<\/li>\n<\/ul>\n<p>&nbsp;<\/p>\n<p><!--more--><\/p>\n<p>Estas luvas de nitrilo tamanho M est\u00e3o dispon\u00edveis em diferentes tamanhos: <span style=\"color: #d12727;\"><a style=\"color: #d12727;\" href=\"https:\/\/www.csj-emballages.com\/produit\/100-gant-nitrile-non-poudre-small-7\/?_gl=1*1cbag7z*_up*MQ..*_ga*NDA2ODgxMTkuMTc2OTE3NjcxNg..*_ga_YNVJLRSSZT*czE3NjkxNzY3MTYkbzEkZzAkdDE3NjkxNzY3MTYkajYwJGwwJGg3MDQ1Nzk3MDQ.\">Small<\/a><\/span> \/ <span style=\"color: #d12727;\"><a style=\"color: #d12727;\" href=\"https:\/\/www.csj-emballages.com\/produit\/100-gants-nitriles-non-poudre-large-9\/?_gl=1*1l0cctn*_up*MQ..*_ga*MTE0MzkzMTcuMTc2OTE3NTgwMQ..*_ga_YNVJLRSSZT*czE3NjkxNzU4MDAkbzEkZzAkdDE3NjkxNzU4MDAkajYwJGwwJGgxMzE3MzAwMTYx\">Large<\/a><\/span> \/ <span style=\"color: #d12727;\"><a style=\"color: #d12727;\" href=\"https:\/\/www.csj-emballages.com\/produit\/100-gants-nitriles-non-poudre-extra-large-10\/?_gl=1*1l0cctn*_up*MQ..*_ga*MTE0MzkzMTcuMTc2OTE3NTgwMQ..*_ga_YNVJLRSSZT*czE3NjkxNzU4MDAkbzEkZzAkdDE3NjkxNzU4MDAkajYwJGwwJGgxMzE3MzAwMTYx\">Extra large<\/a><\/span><\/p>\n<p>&nbsp;<\/p>\n<p><!--more--><\/p>\n<p><a href=\"https:\/\/www.csj-emballages.com\/categorie-produit\/hygiene-et-entretiens\/equipements-individuels\/gants\/gants-nitrile\/?_gl=1*61uc40*_up*MQ..*_ga*MTQ3Nzg2NjAwNy4xNzY5MTc1NTE0*_ga_YNVJLRSSZT*czE3NjkxNzU1MTMkbzEkZzAkdDE3NjkxNzU1MTMkajYwJGwwJGgyMDczNzc3MTA.\">Consulte o resto da nossa gama de luvas de nitrilo<\/a><\/p>\n","protected":false},"excerpt":{"rendered":"<p>Luva de nitrilo Descubra a nossa luva de nitrilo sem p\u00f3 m\u00e9dia 8 por 100<\/p>\n","protected":false},"featured_media":262223,"template":"","meta":{"_acf_changed":false},"product_brand":[],"product_cat":[1222,2326,2698,2741],"product_tag":[],"class_list":{"0":"post-21532","1":"product","2":"type-product","3":"status-publish","4":"has-post-thumbnail","6":"product_cat-higiene-e-manutencao","7":"product_cat-equipamento-individual","8":"product_cat-luvas","9":"product_cat-luvas-de-nitrilo","11":"first","12":"outofstock","13":"taxable","14":"shipping-taxable","15":"purchasable","16":"product-type-simple"},"acf":[],"yoast_head":"<!-- This site is optimized with the Yoast SEO Premium plugin v26.6 (Yoast SEO v26.6) - https:\/\/yoast.com\/wordpress\/plugins\/seo\/ -->\n<title>Luva de Nitrilo sem P\u00f3 M\u00e9dia 8 por 100<\/title>\n<meta name=\"description\" content=\"Luvas de nitrilo sem p\u00f3 tamanho M, ambidestras e de qualidade m\u00e9dica. Textura antiderrapante, dedos texturados e remo\u00e7\u00e3o segura. Caixa de 100.\" \/>\n<meta name=\"robots\" content=\"index, follow, max-snippet:-1, max-image-preview:large, max-video-preview:-1\" \/>\n<link rel=\"canonical\" href=\"https:\/\/www.csj-emballages.com\/pt-pt\/produit\/100-luvas-de-nitrilo-sem-po-medio-8\/\" \/>\n<meta property=\"og:locale\" content=\"pt_PT\" \/>\n<meta property=\"og:type\" content=\"article\" \/>\n<meta property=\"og:title\" content=\"Luva de nitrilo sem p\u00f3 m\u00e9dia 8 por 100\" \/>\n<meta property=\"og:description\" content=\"Luvas de nitrilo sem p\u00f3 tamanho M, ambidestras e de qualidade m\u00e9dica. Textura antiderrapante, dedos texturados e remo\u00e7\u00e3o segura. Caixa de 100.\" \/>\n<meta property=\"og:url\" content=\"https:\/\/www.csj-emballages.com\/pt-pt\/produit\/100-luvas-de-nitrilo-sem-po-medio-8\/\" \/>\n<meta property=\"og:site_name\" content=\"CSJ Emballages\" \/>\n<meta property=\"article:publisher\" content=\"https:\/\/www.facebook.com\/csjemballages\" \/>\n<meta property=\"article:modified_time\" content=\"2026-04-25T00:13:22+00:00\" \/>\n<meta property=\"og:image\" content=\"https:\/\/www.csj-emballages.com\/wp-content\/uploads\/2024\/03\/Gant-nitrile.webp\" \/>\n\t<meta property=\"og:image:width\" content=\"800\" \/>\n\t<meta property=\"og:image:height\" content=\"800\" \/>\n\t<meta property=\"og:image:type\" content=\"image\/webp\" \/>\n<meta name=\"twitter:card\" content=\"summary_large_image\" \/>\n<meta name=\"twitter:label1\" content=\"Tempo estimado de leitura\" \/>\n\t<meta name=\"twitter:data1\" content=\"2 minutos\" \/>\n<script type=\"application\/ld+json\" class=\"yoast-schema-graph\">{\"@context\":\"https:\/\/schema.org\",\"@graph\":[{\"@type\":\"WebPage\",\"@id\":\"https:\/\/www.csj-emballages.com\/pt-pt\/produit\/100-luvas-de-nitrilo-sem-po-medio-8\/\",\"url\":\"https:\/\/www.csj-emballages.com\/pt-pt\/produit\/100-luvas-de-nitrilo-sem-po-medio-8\/\",\"name\":\"Luva de Nitrilo sem P\u00f3 M\u00e9dia 8 por 100\",\"isPartOf\":{\"@id\":\"https:\/\/www.csj-emballages.com\/pt-pt\/#website\"},\"primaryImageOfPage\":{\"@id\":\"https:\/\/www.csj-emballages.com\/pt-pt\/produit\/100-luvas-de-nitrilo-sem-po-medio-8\/#primaryimage\"},\"image\":{\"@id\":\"https:\/\/www.csj-emballages.com\/pt-pt\/produit\/100-luvas-de-nitrilo-sem-po-medio-8\/#primaryimage\"},\"thumbnailUrl\":\"https:\/\/www.csj-emballages.com\/wp-content\/uploads\/2024\/03\/Gant-nitrile.webp\",\"datePublished\":\"2024-03-01T15:53:06+00:00\",\"dateModified\":\"2026-04-25T00:13:22+00:00\",\"description\":\"Luvas de nitrilo sem p\u00f3 tamanho M, ambidestras e de qualidade m\u00e9dica. Textura antiderrapante, dedos texturados e remo\u00e7\u00e3o segura. Caixa de 100.\",\"breadcrumb\":{\"@id\":\"https:\/\/www.csj-emballages.com\/pt-pt\/produit\/100-luvas-de-nitrilo-sem-po-medio-8\/#breadcrumb\"},\"inLanguage\":\"pt-PT\",\"potentialAction\":[{\"@type\":\"ReadAction\",\"target\":[\"https:\/\/www.csj-emballages.com\/pt-pt\/produit\/100-luvas-de-nitrilo-sem-po-medio-8\/\"]}]},{\"@type\":\"ImageObject\",\"inLanguage\":\"pt-PT\",\"@id\":\"https:\/\/www.csj-emballages.com\/pt-pt\/produit\/100-luvas-de-nitrilo-sem-po-medio-8\/#primaryimage\",\"url\":\"https:\/\/www.csj-emballages.com\/wp-content\/uploads\/2024\/03\/Gant-nitrile.webp\",\"contentUrl\":\"https:\/\/www.csj-emballages.com\/wp-content\/uploads\/2024\/03\/Gant-nitrile.webp\",\"width\":800,\"height\":800,\"caption\":\"Gant nitrile\"},{\"@type\":\"BreadcrumbList\",\"@id\":\"https:\/\/www.csj-emballages.com\/pt-pt\/produit\/100-luvas-de-nitrilo-sem-po-medio-8\/#breadcrumb\",\"itemListElement\":[{\"@type\":\"ListItem\",\"position\":1,\"name\":\"Acolhimento\",\"item\":\"https:\/\/www.csj-emballages.com\/pt-pt\/universo-das-embalagens-alimentares\/\"},{\"@type\":\"ListItem\",\"position\":2,\"name\":\"Shop\",\"item\":\"https:\/\/www.csj-emballages.com\/shop\/\"},{\"@type\":\"ListItem\",\"position\":3,\"name\":\"Luva de nitrilo sem p\u00f3 m\u00e9dia 8 por 100\"}]},{\"@type\":\"WebSite\",\"@id\":\"https:\/\/www.csj-emballages.com\/pt-pt\/#website\",\"url\":\"https:\/\/www.csj-emballages.com\/pt-pt\/\",\"name\":\"CSJ Emballages\",\"description\":\"\",\"publisher\":{\"@id\":\"https:\/\/www.csj-emballages.com\/pt-pt\/#organization\"},\"potentialAction\":[{\"@type\":\"SearchAction\",\"target\":{\"@type\":\"EntryPoint\",\"urlTemplate\":\"https:\/\/www.csj-emballages.com\/pt-pt\/?s={search_term_string}\"},\"query-input\":{\"@type\":\"PropertyValueSpecification\",\"valueRequired\":true,\"valueName\":\"search_term_string\"}}],\"inLanguage\":\"pt-PT\"},{\"@type\":\"Organization\",\"@id\":\"https:\/\/www.csj-emballages.com\/pt-pt\/#Organization\/\",\"name\":\"CSJ Emballages\",\"url\":\"https:\/\/www.csj-emballages.com\/pt-pt\/\",\"logo\":{\"@type\":\"ImageObject\",\"inLanguage\":\"pt-PT\",\"@id\":\"https:\/\/www.csj-emballages.com\/pt-pt\/#\/schema\/logo\/image\/\",\"url\":\"https:\/\/www.csj-emballages.com\/wp-content\/uploads\/2023\/10\/logo_csj.webp\",\"contentUrl\":\"https:\/\/www.csj-emballages.com\/wp-content\/uploads\/2023\/10\/logo_csj.webp\",\"width\":250,\"height\":95,\"caption\":\"CSJ Emballages\"},\"image\":{\"@id\":\"https:\/\/www.csj-emballages.com\/pt-pt\/#\/schema\/logo\/image\/\"},\"sameAs\":[\"https:\/\/www.facebook.com\/csjemballages\"],\"address\":{\"@type\":\"PostalAddress\",\"streetAddress\":\"ZI La Lechere\",\"addressLocality\":\"Patornay\",\"postalCode\":\"39130\",\"addressCountry\":\"FR\"},\"contactPoint\":[{\"@type\":\"ContactPoint\",\"contactType\":\"Service client\",\"telephone\":\"0384254272\",\"email\":\"contact@csj-emballages.com\"}]}]}<\/script>\n<!-- \/ Yoast SEO Premium plugin. -->","yoast_head_json":{"title":"Luva de Nitrilo sem P\u00f3 M\u00e9dia 8 por 100","description":"Luvas de nitrilo sem p\u00f3 tamanho M, ambidestras e de qualidade m\u00e9dica. Textura antiderrapante, dedos texturados e remo\u00e7\u00e3o segura. Caixa de 100.","robots":{"index":"index","follow":"follow","max-snippet":"max-snippet:-1","max-image-preview":"max-image-preview:large","max-video-preview":"max-video-preview:-1"},"canonical":"https:\/\/www.csj-emballages.com\/pt-pt\/produit\/100-luvas-de-nitrilo-sem-po-medio-8\/","og_locale":"pt_PT","og_type":"article","og_title":"Luva de nitrilo sem p\u00f3 m\u00e9dia 8 por 100","og_description":"Luvas de nitrilo sem p\u00f3 tamanho M, ambidestras e de qualidade m\u00e9dica. Textura antiderrapante, dedos texturados e remo\u00e7\u00e3o segura. Caixa de 100.","og_url":"https:\/\/www.csj-emballages.com\/pt-pt\/produit\/100-luvas-de-nitrilo-sem-po-medio-8\/","og_site_name":"CSJ Emballages","article_publisher":"https:\/\/www.facebook.com\/csjemballages","article_modified_time":"2026-04-25T00:13:22+00:00","og_image":[{"width":800,"height":800,"url":"https:\/\/www.csj-emballages.com\/wp-content\/uploads\/2024\/03\/Gant-nitrile.webp","type":"image\/webp"}],"twitter_card":"summary_large_image","twitter_misc":{"Tempo estimado de leitura":"2 minutos"},"schema":{"@context":"https:\/\/schema.org","@graph":[{"@type":"WebPage","@id":"https:\/\/www.csj-emballages.com\/pt-pt\/produit\/100-luvas-de-nitrilo-sem-po-medio-8\/","url":"https:\/\/www.csj-emballages.com\/pt-pt\/produit\/100-luvas-de-nitrilo-sem-po-medio-8\/","name":"Luva de Nitrilo sem P\u00f3 M\u00e9dia 8 por 100","isPartOf":{"@id":"https:\/\/www.csj-emballages.com\/pt-pt\/#website"},"primaryImageOfPage":{"@id":"https:\/\/www.csj-emballages.com\/pt-pt\/produit\/100-luvas-de-nitrilo-sem-po-medio-8\/#primaryimage"},"image":{"@id":"https:\/\/www.csj-emballages.com\/pt-pt\/produit\/100-luvas-de-nitrilo-sem-po-medio-8\/#primaryimage"},"thumbnailUrl":"https:\/\/www.csj-emballages.com\/wp-content\/uploads\/2024\/03\/Gant-nitrile.webp","datePublished":"2024-03-01T15:53:06+00:00","dateModified":"2026-04-25T00:13:22+00:00","description":"Luvas de nitrilo sem p\u00f3 tamanho M, ambidestras e de qualidade m\u00e9dica. Textura antiderrapante, dedos texturados e remo\u00e7\u00e3o segura. Caixa de 100.","breadcrumb":{"@id":"https:\/\/www.csj-emballages.com\/pt-pt\/produit\/100-luvas-de-nitrilo-sem-po-medio-8\/#breadcrumb"},"inLanguage":"pt-PT","potentialAction":[{"@type":"ReadAction","target":["https:\/\/www.csj-emballages.com\/pt-pt\/produit\/100-luvas-de-nitrilo-sem-po-medio-8\/"]}]},{"@type":"ImageObject","inLanguage":"pt-PT","@id":"https:\/\/www.csj-emballages.com\/pt-pt\/produit\/100-luvas-de-nitrilo-sem-po-medio-8\/#primaryimage","url":"https:\/\/www.csj-emballages.com\/wp-content\/uploads\/2024\/03\/Gant-nitrile.webp","contentUrl":"https:\/\/www.csj-emballages.com\/wp-content\/uploads\/2024\/03\/Gant-nitrile.webp","width":800,"height":800,"caption":"Gant nitrile"},{"@type":"BreadcrumbList","@id":"https:\/\/www.csj-emballages.com\/pt-pt\/produit\/100-luvas-de-nitrilo-sem-po-medio-8\/#breadcrumb","itemListElement":[{"@type":"ListItem","position":1,"name":"Acolhimento","item":"https:\/\/www.csj-emballages.com\/pt-pt\/universo-das-embalagens-alimentares\/"},{"@type":"ListItem","position":2,"name":"Shop","item":"https:\/\/www.csj-emballages.com\/shop\/"},{"@type":"ListItem","position":3,"name":"Luva de nitrilo sem p\u00f3 m\u00e9dia 8 por 100"}]},{"@type":"WebSite","@id":"https:\/\/www.csj-emballages.com\/pt-pt\/#website","url":"https:\/\/www.csj-emballages.com\/pt-pt\/","name":"CSJ Emballages","description":"","publisher":{"@id":"https:\/\/www.csj-emballages.com\/pt-pt\/#organization"},"potentialAction":[{"@type":"SearchAction","target":{"@type":"EntryPoint","urlTemplate":"https:\/\/www.csj-emballages.com\/pt-pt\/?s={search_term_string}"},"query-input":{"@type":"PropertyValueSpecification","valueRequired":true,"valueName":"search_term_string"}}],"inLanguage":"pt-PT"},{"@type":"Organization","@id":"https:\/\/www.csj-emballages.com\/pt-pt\/#Organization\/","name":"CSJ Emballages","url":"https:\/\/www.csj-emballages.com\/pt-pt\/","logo":{"@type":"ImageObject","inLanguage":"pt-PT","@id":"https:\/\/www.csj-emballages.com\/pt-pt\/#\/schema\/logo\/image\/","url":"https:\/\/www.csj-emballages.com\/wp-content\/uploads\/2023\/10\/logo_csj.webp","contentUrl":"https:\/\/www.csj-emballages.com\/wp-content\/uploads\/2023\/10\/logo_csj.webp","width":250,"height":95,"caption":"CSJ Emballages"},"image":{"@id":"https:\/\/www.csj-emballages.com\/pt-pt\/#\/schema\/logo\/image\/"},"sameAs":["https:\/\/www.facebook.com\/csjemballages"],"address":{"@type":"PostalAddress","streetAddress":"ZI La Lechere","addressLocality":"Patornay","postalCode":"39130","addressCountry":"FR"},"contactPoint":[{"@type":"ContactPoint","contactType":"Service client","telephone":"0384254272","email":"contact@csj-emballages.com"}]}]}},"df_price":3.92,"df_sale_price":"","df_regular_price":3.92,"df_image_link":"https:\/\/www.csj-emballages.com\/wp-content\/uploads\/2024\/03\/Gant-nitrile-300x300.webp","tiered_pricing_type":"fixed","tiered_pricing_fixed_rules":[],"tiered_pricing_percentage_rules":[],"tiered_pricing_minimum":1,"tiered_pricing_roles_data":[],"_links":{"self":[{"href":"https:\/\/www.csj-emballages.com\/pt-pt\/wp-json\/wp\/v2\/product\/21532","targetHints":{"allow":["GET"]}}],"collection":[{"href":"https:\/\/www.csj-emballages.com\/pt-pt\/wp-json\/wp\/v2\/product"}],"about":[{"href":"https:\/\/www.csj-emballages.com\/pt-pt\/wp-json\/wp\/v2\/types\/product"}],"wp:featuredmedia":[{"embeddable":true,"href":"https:\/\/www.csj-emballages.com\/pt-pt\/wp-json\/wp\/v2\/media\/262223"}],"wp:attachment":[{"href":"https:\/\/www.csj-emballages.com\/pt-pt\/wp-json\/wp\/v2\/media?parent=21532"}],"wp:term":[{"taxonomy":"product_brand","embeddable":true,"href":"https:\/\/www.csj-emballages.com\/pt-pt\/wp-json\/wp\/v2\/product_brand?post=21532"},{"taxonomy":"product_cat","embeddable":true,"href":"https:\/\/www.csj-emballages.com\/pt-pt\/wp-json\/wp\/v2\/product_cat?post=21532"},{"taxonomy":"product_tag","embeddable":true,"href":"https:\/\/www.csj-emballages.com\/pt-pt\/wp-json\/wp\/v2\/product_tag?post=21532"}],"curies":[{"name":"wp","href":"https:\/\/api.w.org\/{rel}","templated":true}]}}