{"id":21362,"date":"2024-03-01T16:53:15","date_gmt":"2024-03-01T15:53:15","guid":{"rendered":"https:\/\/u15jnbdpoq.preview.infomaniak.website\/produit\/50-frascos-para-batidos-reciclados-95o-rpet-500-650-ml\/"},"modified":"2026-04-30T15:01:07","modified_gmt":"2026-04-30T13:01:07","slug":"50-frascos-para-batidos-reciclados-95o-rpet-500-650-ml","status":"publish","type":"product","link":"https:\/\/www.csj-emballages.com\/pt-pt\/produit\/50-frascos-para-batidos-reciclados-95o-rpet-500-650-ml\/","title":{"rendered":"Frasco de pl\u00e1stico reciclado \u00d895 rPET 500\/650 ml por 50"},"content":{"rendered":"<h2><strong style=\"font-family: Roboto, sans-serif;\">Vasos de pl\u00e1stico<br \/>\n<\/strong><\/h2>\n<div style=\"box-sizing: inherit; font-family: Roboto, sans-serif;\">\n<div style=\"box-sizing: inherit; font-family: Roboto, sans-serif;\">\n<div style=\"box-sizing: inherit; font-family: Roboto, sans-serif;\">\n<div style=\"text-align: center;\">\n<div style=\"box-sizing: inherit; font-family: Roboto, sans-serif;\">\n<div style=\"box-sizing: inherit; font-family: Roboto, sans-serif;\">\n<div style=\"box-sizing: inherit; font-family: Roboto, sans-serif;\">\n<div style=\"box-sizing: inherit; font-family: Roboto, sans-serif;\">\n<div style=\"box-sizing: inherit; font-family: Roboto, sans-serif;\">\n<div style=\"box-sizing: inherit; font-family: Roboto, sans-serif; text-align: left;\">\n<hr>\n<h3 style=\"text-align: left;\">Descri\u00e7\u00e3o dos nossos frascos para smoothies 500\/650 ml &#8211; embalagem de 50<\/h3>\n<p><!--more--><\/p>\n<p data-start=\"234\" data-end=\"752\">Quando precisa de mais espa\u00e7o sem mudar de formato, este <strong data-start=\"289\" data-end=\"327\">boi\u00e3o de pl\u00e1stico de \u00d895 mm em 500\/650 ml<\/strong> \u00e9 uma solu\u00e7\u00e3o muito pr\u00e1tica. Mant\u00e9m o mesmo di\u00e2metro que os frascos mais pequenos, mas oferece uma capacidade mais generosa, ideal para por\u00e7\u00f5es completas, receitas bem recheadas ou takeaways que exijam um pouco mais de volume. \u00c0 primeira vista, a sua <strong>transpar\u00eancia<\/strong> faz com que o conte\u00fado se destaque e seja apelativo, quer se trate de uma salada mista, de uma ta\u00e7a de poke, de uma sobremesa familiar ou de uma prepara\u00e7\u00e3o caseira.  <\/p>\n<p data-start=\"754\" data-end=\"1089\">A sua <strong>altura<\/strong> permite empilhar facilmente os ingredientes uns em cima dos outros, o que \u00e9 perfeito para criar visuais limpos e apetitosos. Na cozinha, o enchimento \u00e9 r\u00e1pido e f\u00e1cil, sem salpicos ou derrames. Do lado do cliente, \u00e9 confort\u00e1vel e tranquilizador de segurar: a <strong>panela<\/strong> \u00e9 est\u00e1vel, r\u00edgida e n\u00e3o se deforma, mesmo quando est\u00e1 cheia.  <\/p>\n<p data-start=\"1091\" data-end=\"1377\">Este formato \u00e9 particularmente popular para takeaway e entregas. Combinado com uma <g id=\"gid_0\">tampa compat\u00edvel de \u00d895 mm<\/g><g id=\"gid_1\">(vendida separadamente<\/g>), garante um transporte seguro e sem fugas. Assim, pode servir as suas refei\u00e7\u00f5es com confian\u00e7a, mesmo em viagens mais longas.  <\/p>\n<p data-start=\"1379\" data-end=\"1624\">Vendido <strong data-start=\"1385\" data-end=\"1402\">em embalagens de 50 unidades<\/strong>, este frasco permite-lhe gerir o seu stock de forma eficiente, mantendo-se flex\u00edvel. Adequado para restaurantes, fornecedores de refei\u00e7\u00f5es, snack-bares e profissionais de eventos que procuram um recipiente fi\u00e1vel e vers\u00e1til. <\/p>\n<p data-start=\"1626\" data-end=\"1793\">Em suma, este <strong>frasco de pl\u00e1stico de 500\/650 ml<\/strong> d\u00e1-lhe mais espa\u00e7o, mais liberdade nas suas receitas e uma apresenta\u00e7\u00e3o sempre cuidada, sem complicar a sua organiza\u00e7\u00e3o.<\/p>\n<\/div>\n<p data-start=\"1626\" data-end=\"1793\">\n<div style=\"box-sizing: inherit; font-family: Roboto, sans-serif; text-align: left;\">\n<p><!--more--><\/p>\n<p><span style=\"font-weight: bold; color: #ff0000;\">POTES RESERVADOS PARA ALIMENTOS E N\u00c3O PARA BEBIDAS (Fran\u00e7a)<\/span><\/p>\n<p>&nbsp;<\/p>\n<\/div>\n<\/div>\n<\/div>\n<\/div>\n<\/div>\n<\/div>\n<\/div>\n<\/div>\n<\/div>\n<\/div>\n<p><!--more--><\/p>\n<h4 style=\"text-align: left;\"><strong>Vantagens :<\/strong><\/h4>\n<ul>\n<li data-start=\"1821\" data-end=\"1865\"><strong>Grande capacidade<\/strong> para por\u00e7\u00f5es completas.<\/li>\n<li data-start=\"1868\" data-end=\"1922\">Transpar\u00eancia ideal para real\u00e7ar as prepara\u00e7\u00f5es.<\/li>\n<li data-start=\"1925\" data-end=\"1954\">Estrutura r\u00edgida e est\u00e1vel.<\/li>\n<li data-start=\"1957\" data-end=\"1993\">Compat\u00edvel com tampas <strong>de \u00d895 mm<\/strong>.<\/li>\n<li data-start=\"1996\" data-end=\"2038\">Embalagem de <strong>50<\/strong>, adequada para utiliza\u00e7\u00e3o profissional.<\/li>\n<\/ul>\n<p>&nbsp;<\/p>\n<p><!--more--><\/p>\n<h4 style=\"text-align: left;\"><strong>Outras informa\u00e7\u00f5es :<\/strong><\/h4>\n<div class=\"elementor elementor-2384 elementor-location-archive product\" data-elementor-type=\"product-archive\" data-elementor-id=\"2384\" data-elementor-post-type=\"elementor_library\">\n<div class=\"elementor-element elementor-element-c44cccd nt-archive-products e-flex e-con-boxed e-con e-parent e-lazyloaded\" data-id=\"c44cccd\" data-element_type=\"container\">\n<div class=\"e-con-inner\">\n<div class=\"elementor-element elementor-element-f35cc29 e-con-full e-flex e-con e-child\" data-id=\"f35cc29\" data-element_type=\"container\">\n<div class=\"elementor-element elementor-element-8781411 elementor-widget elementor-widget-woocommerce-archive-description\" data-id=\"8781411\" data-element_type=\"widget\" data-widget_type=\"woocommerce-archive-description.default\">\n<div class=\"elementor-widget-container\">\n<div class=\"term-description\">\n<ul>\n<li><strong>Embalagem<\/strong>: Pacote de 50<\/li>\n<li><strong>Altura<\/strong>: 149 mm<\/li>\n<li><strong>Di\u00e2metro superior<\/strong>: 95 mm<\/li>\n<li><strong>Volume<\/strong>: 500\/650 ml<\/li>\n<li><strong>Material<\/strong>: rPET<\/li>\n<li><strong>Temperatura de funcionamento<\/strong>: -40\u00b0C \/ +60\u00b0C<\/li>\n<\/ul>\n<\/div>\n<\/div>\n<\/div>\n<\/div>\n<\/div>\n<\/div>\n<\/div>\n<div class=\"elementor elementor-175 elementor-location-footer\" data-elementor-type=\"footer\" data-elementor-id=\"175\" data-elementor-post-type=\"elementor_library\">\n<div class=\"elementor-element elementor-element-d413b54 e-flex e-con-boxed e-con e-parent e-lazyloaded\" data-id=\"d413b54\" data-element_type=\"container\">\n<div class=\"e-con-inner\">\n<div class=\"elementor-element elementor-element-9493a3c elementor-widget elementor-widget-shortcode\" data-id=\"9493a3c\" data-element_type=\"widget\" data-widget_type=\"shortcode.default\">\n<div class=\"elementor-widget-container\"><\/div>\n<\/div>\n<\/div>\n<\/div>\n<\/div>\n<p><!--more--><\/p>\n<h4>  Clique aqui para saber quais as tampas compat\u00edveis com este pote de pl\u00e1stico:<\/h4>\n<p>C\u00fapulas vendidas separadamente (ref <span style=\"color: #d12727;\"><a style=\"color: #d12727;\" href=\"https:\/\/www.csj-emballages.com\/es\/produit\/50-tapas-de-cupula-con-pico-para-batidos-de-plastico-95-o\/\">CVDOMTR500CC<\/a><\/span>) <\/p>\n<p>C\u00fapulas com barra transversal (ref <span style=\"color: #d12727;\"><a style=\"color: #d12727;\" href=\"https:\/\/www.csj-emballages.com\/es\/produit\/tapa-de-cupula-de-plastico-con-travesano-o95-por-50\/\">CVDOMCR500CC<\/a><\/span>)<\/p>\n<p>Pratos vendidos separadamente (ref <span style=\"color: #d12727;\"><a style=\"color: #d12727;\" href=\"https:\/\/www.csj-emballages.com\/es\/produit\/50-tapas-planas-desechables-para-batidos-pajita-cruz-o-95\/\">CVCR500CC<\/a><\/span>)<\/p>\n<p>Placas sem furos vendidas separadamente (ref <span style=\"color: #d12727;\"><a style=\"color: #d12727;\" href=\"https:\/\/www.csj-emballages.com\/es\/produit\/50-tapas-desechables-para-batidos-sin-agujero-o-95\/\">CVCRSSTR<\/a><\/span>)<\/p>\n<p>C\u00fapulas com bico (ref <span style=\"color: #d12727;\"><a style=\"color: #d12727;\" href=\"https:\/\/www.csj-emballages.com\/es\/produit\/50-tapas-de-cupula-con-pico-para-batidos-de-plastico-95-o\/\">CVDOMBEC<\/a><\/span>)<\/p>\n<p>&nbsp;<\/p>\n<p style=\"text-align: left;\"><!--more--><\/p>\n<p><a href=\"\/?product_cat=pots-smoothies-diametre-95mm\">V\u00ea o resto da nossa gama de frascos para smoothies em \u00d895 mm<\/a><\/p>\n","protected":false},"excerpt":{"rendered":"<p>Vasos de pl\u00e1stico Descri\u00e7\u00e3o dos nossos frascos para smoothies 500\/650 ml &#8211; embalagem de 50<\/p>\n","protected":false},"featured_media":196998,"template":"","meta":{"_acf_changed":false},"product_brand":[],"product_cat":[1141,1138,1471,1808,2544,2546],"product_tag":[],"class_list":{"0":"post-21362","1":"product","2":"type-product","3":"status-publish","4":"has-post-thumbnail","6":"product_cat-embalagem-de-alimentos","7":"product_cat-restauracao","8":"product_cat-chavenas-copos-baldes-garrafas","9":"product_cat-copos-para-bebidas-frias","10":"product_cat-frascos-de-smoothies","11":"product_cat-diametro-dos-frascos-de-smoothie-95-mm","13":"first","14":"instock","15":"taxable","16":"shipping-taxable","17":"purchasable","18":"product-type-simple"},"acf":[],"yoast_head":"<!-- This site is optimized with the Yoast SEO Premium plugin v26.6 (Yoast SEO v26.6) - https:\/\/yoast.com\/wordpress\/plugins\/seo\/ -->\n<title>Pote de pl\u00e1stico reciclado \u00d895 rPET 500\/650 ml por 50<\/title>\n<meta name=\"description\" content=\"Tubo de pl\u00e1stico \u00d895 mm 500\/650 ml vendido em embalagens de 50. Ideal para sobremesas, saladas e pratos frios. Pr\u00e1tico, est\u00e1vel e adequado para a venda para levar.\" \/>\n<meta name=\"robots\" content=\"index, follow, max-snippet:-1, max-image-preview:large, max-video-preview:-1\" \/>\n<link rel=\"canonical\" href=\"https:\/\/www.csj-emballages.com\/pt-pt\/produit\/50-frascos-para-batidos-reciclados-95o-rpet-500-650-ml\/\" \/>\n<meta property=\"og:locale\" content=\"pt_PT\" \/>\n<meta property=\"og:type\" content=\"article\" \/>\n<meta property=\"og:title\" content=\"Frasco de pl\u00e1stico reciclado \u00d895 rPET 500\/650 ml por 50\" \/>\n<meta property=\"og:description\" content=\"Tubo de pl\u00e1stico \u00d895 mm 500\/650 ml vendido em embalagens de 50. Ideal para sobremesas, saladas e pratos frios. Pr\u00e1tico, est\u00e1vel e adequado para a venda para levar.\" \/>\n<meta property=\"og:url\" content=\"https:\/\/www.csj-emballages.com\/pt-pt\/produit\/50-frascos-para-batidos-reciclados-95o-rpet-500-650-ml\/\" \/>\n<meta property=\"og:site_name\" content=\"CSJ Emballages\" \/>\n<meta property=\"article:publisher\" content=\"https:\/\/www.facebook.com\/csjemballages\" \/>\n<meta property=\"article:modified_time\" content=\"2026-04-30T13:01:07+00:00\" \/>\n<meta property=\"og:image\" content=\"https:\/\/www.csj-emballages.com\/wp-content\/uploads\/2024\/03\/GM500CC.webp\" \/>\n\t<meta property=\"og:image:width\" content=\"800\" \/>\n\t<meta property=\"og:image:height\" content=\"799\" \/>\n\t<meta property=\"og:image:type\" content=\"image\/webp\" \/>\n<meta name=\"twitter:card\" content=\"summary_large_image\" \/>\n<meta name=\"twitter:label1\" content=\"Tempo estimado de leitura\" \/>\n\t<meta name=\"twitter:data1\" content=\"1 minuto\" \/>\n<script type=\"application\/ld+json\" class=\"yoast-schema-graph\">{\"@context\":\"https:\/\/schema.org\",\"@graph\":[{\"@type\":\"WebPage\",\"@id\":\"https:\/\/www.csj-emballages.com\/pt-pt\/produit\/50-frascos-para-batidos-reciclados-95o-rpet-500-650-ml\/\",\"url\":\"https:\/\/www.csj-emballages.com\/pt-pt\/produit\/50-frascos-para-batidos-reciclados-95o-rpet-500-650-ml\/\",\"name\":\"Pote de pl\u00e1stico reciclado \u00d895 rPET 500\/650 ml por 50\",\"isPartOf\":{\"@id\":\"https:\/\/www.csj-emballages.com\/pt-pt\/#website\"},\"primaryImageOfPage\":{\"@id\":\"https:\/\/www.csj-emballages.com\/pt-pt\/produit\/50-frascos-para-batidos-reciclados-95o-rpet-500-650-ml\/#primaryimage\"},\"image\":{\"@id\":\"https:\/\/www.csj-emballages.com\/pt-pt\/produit\/50-frascos-para-batidos-reciclados-95o-rpet-500-650-ml\/#primaryimage\"},\"thumbnailUrl\":\"https:\/\/www.csj-emballages.com\/wp-content\/uploads\/2024\/03\/GM500CC.webp\",\"datePublished\":\"2024-03-01T15:53:15+00:00\",\"dateModified\":\"2026-04-30T13:01:07+00:00\",\"description\":\"Tubo de pl\u00e1stico \u00d895 mm 500\/650 ml vendido em embalagens de 50. Ideal para sobremesas, saladas e pratos frios. Pr\u00e1tico, est\u00e1vel e adequado para a venda para levar.\",\"breadcrumb\":{\"@id\":\"https:\/\/www.csj-emballages.com\/pt-pt\/produit\/50-frascos-para-batidos-reciclados-95o-rpet-500-650-ml\/#breadcrumb\"},\"inLanguage\":\"pt-PT\",\"potentialAction\":[{\"@type\":\"ReadAction\",\"target\":[\"https:\/\/www.csj-emballages.com\/pt-pt\/produit\/50-frascos-para-batidos-reciclados-95o-rpet-500-650-ml\/\"]}]},{\"@type\":\"ImageObject\",\"inLanguage\":\"pt-PT\",\"@id\":\"https:\/\/www.csj-emballages.com\/pt-pt\/produit\/50-frascos-para-batidos-reciclados-95o-rpet-500-650-ml\/#primaryimage\",\"url\":\"https:\/\/www.csj-emballages.com\/wp-content\/uploads\/2024\/03\/GM500CC.webp\",\"contentUrl\":\"https:\/\/www.csj-emballages.com\/wp-content\/uploads\/2024\/03\/GM500CC.webp\",\"width\":800,\"height\":799,\"caption\":\"pot plastique\"},{\"@type\":\"BreadcrumbList\",\"@id\":\"https:\/\/www.csj-emballages.com\/pt-pt\/produit\/50-frascos-para-batidos-reciclados-95o-rpet-500-650-ml\/#breadcrumb\",\"itemListElement\":[{\"@type\":\"ListItem\",\"position\":1,\"name\":\"Acolhimento\",\"item\":\"https:\/\/www.csj-emballages.com\/pt-pt\/universo-das-embalagens-alimentares\/\"},{\"@type\":\"ListItem\",\"position\":2,\"name\":\"Shop\",\"item\":\"https:\/\/www.csj-emballages.com\/shop\/\"},{\"@type\":\"ListItem\",\"position\":3,\"name\":\"Frasco de pl\u00e1stico reciclado \u00d895 rPET 500\/650 ml por 50\"}]},{\"@type\":\"WebSite\",\"@id\":\"https:\/\/www.csj-emballages.com\/pt-pt\/#website\",\"url\":\"https:\/\/www.csj-emballages.com\/pt-pt\/\",\"name\":\"CSJ Emballages\",\"description\":\"\",\"publisher\":{\"@id\":\"https:\/\/www.csj-emballages.com\/pt-pt\/#organization\"},\"potentialAction\":[{\"@type\":\"SearchAction\",\"target\":{\"@type\":\"EntryPoint\",\"urlTemplate\":\"https:\/\/www.csj-emballages.com\/pt-pt\/?s={search_term_string}\"},\"query-input\":{\"@type\":\"PropertyValueSpecification\",\"valueRequired\":true,\"valueName\":\"search_term_string\"}}],\"inLanguage\":\"pt-PT\"},{\"@type\":\"Organization\",\"@id\":\"https:\/\/www.csj-emballages.com\/pt-pt\/#Organization\/\",\"name\":\"CSJ Emballages\",\"url\":\"https:\/\/www.csj-emballages.com\/pt-pt\/\",\"logo\":{\"@type\":\"ImageObject\",\"inLanguage\":\"pt-PT\",\"@id\":\"https:\/\/www.csj-emballages.com\/pt-pt\/#\/schema\/logo\/image\/\",\"url\":\"https:\/\/www.csj-emballages.com\/wp-content\/uploads\/2023\/10\/logo_csj.webp\",\"contentUrl\":\"https:\/\/www.csj-emballages.com\/wp-content\/uploads\/2023\/10\/logo_csj.webp\",\"width\":250,\"height\":95,\"caption\":\"CSJ Emballages\"},\"image\":{\"@id\":\"https:\/\/www.csj-emballages.com\/pt-pt\/#\/schema\/logo\/image\/\"},\"sameAs\":[\"https:\/\/www.facebook.com\/csjemballages\"],\"address\":{\"@type\":\"PostalAddress\",\"streetAddress\":\"ZI La Lechere\",\"addressLocality\":\"Patornay\",\"postalCode\":\"39130\",\"addressCountry\":\"FR\"},\"contactPoint\":[{\"@type\":\"ContactPoint\",\"contactType\":\"Service client\",\"telephone\":\"0384254272\",\"email\":\"contact@csj-emballages.com\"}]}]}<\/script>\n<!-- \/ Yoast SEO Premium plugin. -->","yoast_head_json":{"title":"Pote de pl\u00e1stico reciclado \u00d895 rPET 500\/650 ml por 50","description":"Tubo de pl\u00e1stico \u00d895 mm 500\/650 ml vendido em embalagens de 50. Ideal para sobremesas, saladas e pratos frios. Pr\u00e1tico, est\u00e1vel e adequado para a venda para levar.","robots":{"index":"index","follow":"follow","max-snippet":"max-snippet:-1","max-image-preview":"max-image-preview:large","max-video-preview":"max-video-preview:-1"},"canonical":"https:\/\/www.csj-emballages.com\/pt-pt\/produit\/50-frascos-para-batidos-reciclados-95o-rpet-500-650-ml\/","og_locale":"pt_PT","og_type":"article","og_title":"Frasco de pl\u00e1stico reciclado \u00d895 rPET 500\/650 ml por 50","og_description":"Tubo de pl\u00e1stico \u00d895 mm 500\/650 ml vendido em embalagens de 50. Ideal para sobremesas, saladas e pratos frios. Pr\u00e1tico, est\u00e1vel e adequado para a venda para levar.","og_url":"https:\/\/www.csj-emballages.com\/pt-pt\/produit\/50-frascos-para-batidos-reciclados-95o-rpet-500-650-ml\/","og_site_name":"CSJ Emballages","article_publisher":"https:\/\/www.facebook.com\/csjemballages","article_modified_time":"2026-04-30T13:01:07+00:00","og_image":[{"width":800,"height":799,"url":"https:\/\/www.csj-emballages.com\/wp-content\/uploads\/2024\/03\/GM500CC.webp","type":"image\/webp"}],"twitter_card":"summary_large_image","twitter_misc":{"Tempo estimado de leitura":"1 minuto"},"schema":{"@context":"https:\/\/schema.org","@graph":[{"@type":"WebPage","@id":"https:\/\/www.csj-emballages.com\/pt-pt\/produit\/50-frascos-para-batidos-reciclados-95o-rpet-500-650-ml\/","url":"https:\/\/www.csj-emballages.com\/pt-pt\/produit\/50-frascos-para-batidos-reciclados-95o-rpet-500-650-ml\/","name":"Pote de pl\u00e1stico reciclado \u00d895 rPET 500\/650 ml por 50","isPartOf":{"@id":"https:\/\/www.csj-emballages.com\/pt-pt\/#website"},"primaryImageOfPage":{"@id":"https:\/\/www.csj-emballages.com\/pt-pt\/produit\/50-frascos-para-batidos-reciclados-95o-rpet-500-650-ml\/#primaryimage"},"image":{"@id":"https:\/\/www.csj-emballages.com\/pt-pt\/produit\/50-frascos-para-batidos-reciclados-95o-rpet-500-650-ml\/#primaryimage"},"thumbnailUrl":"https:\/\/www.csj-emballages.com\/wp-content\/uploads\/2024\/03\/GM500CC.webp","datePublished":"2024-03-01T15:53:15+00:00","dateModified":"2026-04-30T13:01:07+00:00","description":"Tubo de pl\u00e1stico \u00d895 mm 500\/650 ml vendido em embalagens de 50. Ideal para sobremesas, saladas e pratos frios. Pr\u00e1tico, est\u00e1vel e adequado para a venda para levar.","breadcrumb":{"@id":"https:\/\/www.csj-emballages.com\/pt-pt\/produit\/50-frascos-para-batidos-reciclados-95o-rpet-500-650-ml\/#breadcrumb"},"inLanguage":"pt-PT","potentialAction":[{"@type":"ReadAction","target":["https:\/\/www.csj-emballages.com\/pt-pt\/produit\/50-frascos-para-batidos-reciclados-95o-rpet-500-650-ml\/"]}]},{"@type":"ImageObject","inLanguage":"pt-PT","@id":"https:\/\/www.csj-emballages.com\/pt-pt\/produit\/50-frascos-para-batidos-reciclados-95o-rpet-500-650-ml\/#primaryimage","url":"https:\/\/www.csj-emballages.com\/wp-content\/uploads\/2024\/03\/GM500CC.webp","contentUrl":"https:\/\/www.csj-emballages.com\/wp-content\/uploads\/2024\/03\/GM500CC.webp","width":800,"height":799,"caption":"pot plastique"},{"@type":"BreadcrumbList","@id":"https:\/\/www.csj-emballages.com\/pt-pt\/produit\/50-frascos-para-batidos-reciclados-95o-rpet-500-650-ml\/#breadcrumb","itemListElement":[{"@type":"ListItem","position":1,"name":"Acolhimento","item":"https:\/\/www.csj-emballages.com\/pt-pt\/universo-das-embalagens-alimentares\/"},{"@type":"ListItem","position":2,"name":"Shop","item":"https:\/\/www.csj-emballages.com\/shop\/"},{"@type":"ListItem","position":3,"name":"Frasco de pl\u00e1stico reciclado \u00d895 rPET 500\/650 ml por 50"}]},{"@type":"WebSite","@id":"https:\/\/www.csj-emballages.com\/pt-pt\/#website","url":"https:\/\/www.csj-emballages.com\/pt-pt\/","name":"CSJ Emballages","description":"","publisher":{"@id":"https:\/\/www.csj-emballages.com\/pt-pt\/#organization"},"potentialAction":[{"@type":"SearchAction","target":{"@type":"EntryPoint","urlTemplate":"https:\/\/www.csj-emballages.com\/pt-pt\/?s={search_term_string}"},"query-input":{"@type":"PropertyValueSpecification","valueRequired":true,"valueName":"search_term_string"}}],"inLanguage":"pt-PT"},{"@type":"Organization","@id":"https:\/\/www.csj-emballages.com\/pt-pt\/#Organization\/","name":"CSJ Emballages","url":"https:\/\/www.csj-emballages.com\/pt-pt\/","logo":{"@type":"ImageObject","inLanguage":"pt-PT","@id":"https:\/\/www.csj-emballages.com\/pt-pt\/#\/schema\/logo\/image\/","url":"https:\/\/www.csj-emballages.com\/wp-content\/uploads\/2023\/10\/logo_csj.webp","contentUrl":"https:\/\/www.csj-emballages.com\/wp-content\/uploads\/2023\/10\/logo_csj.webp","width":250,"height":95,"caption":"CSJ Emballages"},"image":{"@id":"https:\/\/www.csj-emballages.com\/pt-pt\/#\/schema\/logo\/image\/"},"sameAs":["https:\/\/www.facebook.com\/csjemballages"],"address":{"@type":"PostalAddress","streetAddress":"ZI La Lechere","addressLocality":"Patornay","postalCode":"39130","addressCountry":"FR"},"contactPoint":[{"@type":"ContactPoint","contactType":"Service client","telephone":"0384254272","email":"contact@csj-emballages.com"}]}]}},"df_price":5.76,"df_sale_price":"","df_regular_price":5.76,"df_image_link":"https:\/\/www.csj-emballages.com\/wp-content\/uploads\/2024\/03\/GM500CC-300x300.webp","tiered_pricing_type":"fixed","tiered_pricing_fixed_rules":[],"tiered_pricing_percentage_rules":[],"tiered_pricing_minimum":1,"tiered_pricing_roles_data":[],"_links":{"self":[{"href":"https:\/\/www.csj-emballages.com\/pt-pt\/wp-json\/wp\/v2\/product\/21362","targetHints":{"allow":["GET"]}}],"collection":[{"href":"https:\/\/www.csj-emballages.com\/pt-pt\/wp-json\/wp\/v2\/product"}],"about":[{"href":"https:\/\/www.csj-emballages.com\/pt-pt\/wp-json\/wp\/v2\/types\/product"}],"wp:featuredmedia":[{"embeddable":true,"href":"https:\/\/www.csj-emballages.com\/pt-pt\/wp-json\/wp\/v2\/media\/196998"}],"wp:attachment":[{"href":"https:\/\/www.csj-emballages.com\/pt-pt\/wp-json\/wp\/v2\/media?parent=21362"}],"wp:term":[{"taxonomy":"product_brand","embeddable":true,"href":"https:\/\/www.csj-emballages.com\/pt-pt\/wp-json\/wp\/v2\/product_brand?post=21362"},{"taxonomy":"product_cat","embeddable":true,"href":"https:\/\/www.csj-emballages.com\/pt-pt\/wp-json\/wp\/v2\/product_cat?post=21362"},{"taxonomy":"product_tag","embeddable":true,"href":"https:\/\/www.csj-emballages.com\/pt-pt\/wp-json\/wp\/v2\/product_tag?post=21362"}],"curies":[{"name":"wp","href":"https:\/\/api.w.org\/{rel}","templated":true}]}}