{"id":21324,"date":"2024-03-01T16:53:15","date_gmt":"2024-03-01T15:53:15","guid":{"rendered":"https:\/\/u15jnbdpoq.preview.infomaniak.website\/produit\/48-frascos-de-plastico-para-cha-de-bolhas-95o-rpet-500-ml-com-fecho-termico\/"},"modified":"2026-05-12T11:01:24","modified_gmt":"2026-05-12T09:01:24","slug":"48-frascos-de-plastico-para-cha-de-bolhas-95o-rpet-500-ml-com-fecho-termico","status":"publish","type":"product","link":"https:\/\/www.csj-emballages.com\/pt-pt\/produit\/48-frascos-de-plastico-para-cha-de-bolhas-95o-rpet-500-ml-com-fecho-termico\/","title":{"rendered":"Pote para bubble tea de pl\u00e1stico \u00d895 RPET 500 ml termossel\u00e1vel, pack de 48."},"content":{"rendered":"<h2 class=\"p1\">Pote para bubble tea<\/h2>\n<hr>\n<h3>Descubra o nosso pote para bubble tea de pl\u00e1stico \u00d895 RPET 500 ml termossel\u00e1vel, pack de 48.<\/h3>\n<p><!--more--><\/p>\n<p data-start=\"272\" data-end=\"615\">O <strong>pote para Bubble Tea de pl\u00e1stico \u00d895 RPET 500 ml<\/strong> <strong>termossel\u00e1vel<\/strong> foi especialmente concebido para a venda de bubble tea para levar. A sua grande <strong>capacidade de 500 ml<\/strong> permite <strong>oferecer por\u00e7\u00f5es generosas<\/strong>, perfeitamente adaptadas \u00e0s expectativas dos consumidores. <\/p>\n<p data-start=\"617\" data-end=\"872\">Fabricado em <strong>RPET<\/strong> (pl\u00e1stico reciclado), este <strong>pote<\/strong> combina resist\u00eancia e uma abordagem mais respons\u00e1vel. A sua transpar\u00eancia ideal real\u00e7a as camadas da bebida, as p\u00e9rolas de tapioca e o gelo, oferecendo um aspeto visual atrativo tanto na montra como no servi\u00e7o. <\/p>\n<p data-start=\"874\" data-end=\"1253\">Gra\u00e7as ao seu <strong>di\u00e2metro de \u00d895 mm,<\/strong> \u00e9 compat\u00edvel com m\u00e1quinas de termosselagem, garantindo um fecho herm\u00e9tico e seguro. Esta solu\u00e7\u00e3o \u00e9 ideal para profissionais que desejam limitar os riscos de fuga e assegurar um transporte fi\u00e1vel das bebidas. Pode tamb\u00e9m ser associado a uma tampa compat\u00edvel (vendida separadamente) consoante o modo de servi\u00e7o escolhido.  <\/p>\n<p data-start=\"1255\" data-end=\"1528\">S\u00f3lido e est\u00e1vel, este <strong>pote<\/strong> \u00e9 perfeito para <strong>bares de bubble tea, snacks, restaurantes, padarias e lojas especializadas<\/strong>. Embalado em lotes de <strong>48 unidades<\/strong>, \u00e9 adequado para as necessidades de profissionais que procuram desempenho, praticidade e valoriza\u00e7\u00e3o do produto. <\/p>\n<p data-start=\"1255\" data-end=\"1528\">\n<p data-start=\"1255\" data-end=\"1528\"><!--more--><\/p>\n<p data-start=\"1255\" data-end=\"1528\"><strong><span style=\"color: #ff0000;\">*POTES RESERVADOS PARA ALIMENTOS E N\u00c3O PARA BEBIDAS<\/span><\/strong><\/p>\n<p data-start=\"1255\" data-end=\"1528\">\n<p data-start=\"1255\" data-end=\"1528\"><!--more--><\/p>\n<h4 data-start=\"1255\" data-end=\"1528\">Vantagens :<\/h4>\n<ul>\n<li data-start=\"1566\" data-end=\"1615\">Grande capacidade de <strong>500 ml<\/strong>, ideal para bubble tea.<\/li>\n<li data-start=\"1618\" data-end=\"1642\">Pl\u00e1stico <strong>RPET reciclado<\/strong>.<\/li>\n<li data-start=\"1645\" data-end=\"1684\">Transparente para real\u00e7ar a bebida.<\/li>\n<li data-start=\"1687\" data-end=\"1734\"><strong>Termossel\u00e1vel<\/strong> para um fecho herm\u00e9tico.<\/li>\n<li data-start=\"1737\" data-end=\"1756\">Compat\u00edvel com <strong>\u00d895 mm<\/strong>.<\/li>\n<li data-start=\"1759\" data-end=\"1790\">Boa resist\u00eancia e estabilidade.<\/li>\n<li data-start=\"1793\" data-end=\"1823\">Adequado para venda para levar.<\/li>\n<li data-start=\"1826\" data-end=\"1864\">Embalagem pr\u00e1tica de <strong>48 potes<\/strong>.<\/li>\n<\/ul>\n<p>&nbsp;<\/p>\n<p><!--more--><\/p>\n<h4>Outras informa\u00e7\u00f5es :<\/h4>\n<ul>\n<li><strong>Embalagem<\/strong>: Pack de 48<\/li>\n<li><strong>Dimens\u00f5es<\/strong>: 95 mm x 114 mm (\u00d8 x A)<\/li>\n<li><strong>Volume<\/strong>: 500 ml<\/li>\n<li><strong>Material<\/strong>: RPET<\/li>\n<\/ul>\n<p>&nbsp;<\/p>\n<p><!--more--><\/p>\n<p><a href=\"https:\/\/www.csj-emballages.com\/pt-pt\/categorie-produit\/embalagem-de-alimentos\/restauracao\/chavenas-copos-baldes-garrafas\/copos-para-bebidas-frias\/frascos-de-bubble-tea-com-fecho-termico\/\">Consulte o resto da nossa gama de potes para bubble tea termossel\u00e1veis<\/a><\/p>\n","protected":false},"excerpt":{"rendered":"<p>Pote para bubble tea Descubra o nosso pote para bubble tea de pl\u00e1stico \u00d895 RPET 500 ml termossel\u00e1vel, pack de 48.<\/p>\n","protected":false},"featured_media":264592,"template":"","meta":{"_acf_changed":false},"product_brand":[],"product_cat":[1141,1138,1471,1808,2729,1267],"product_tag":[],"class_list":{"0":"post-21324","1":"product","2":"type-product","3":"status-publish","4":"has-post-thumbnail","6":"product_cat-embalagem-de-alimentos","7":"product_cat-restauracao","8":"product_cat-chavenas-copos-baldes-garrafas","9":"product_cat-copos-para-bebidas-frias","10":"product_cat-frascos-de-bubble-tea-com-fecho-termico","11":"product_cat-descontos-promocoes","13":"first","14":"instock","15":"sale","16":"taxable","17":"shipping-taxable","18":"purchasable","19":"product-type-simple"},"acf":[],"yoast_head":"<!-- This site is optimized with the Yoast SEO Premium plugin v26.6 (Yoast SEO v26.6) - https:\/\/yoast.com\/wordpress\/plugins\/seo\/ -->\n<title>Pote para Bubble Tea de Pl\u00e1stico RPET 500 ml Termossel\u00e1vel, pack de 48.<\/title>\n<meta name=\"description\" content=\"Pote para Bubble Tea de \u00d895 mm RPET 500 ml termossel\u00e1vel, vendido em packs de 48. Transparente e resistente, ideal para bubble tea para levar.\" \/>\n<meta name=\"robots\" content=\"index, follow, max-snippet:-1, max-image-preview:large, max-video-preview:-1\" \/>\n<link rel=\"canonical\" href=\"https:\/\/www.csj-emballages.com\/pt-pt\/produit\/48-frascos-de-plastico-para-cha-de-bolhas-95o-rpet-500-ml-com-fecho-termico\/\" \/>\n<meta property=\"og:locale\" content=\"pt_PT\" \/>\n<meta property=\"og:type\" content=\"article\" \/>\n<meta property=\"og:title\" content=\"Pote para bubble tea de pl\u00e1stico \u00d895 RPET 500 ml termossel\u00e1vel, pack de 48.\" \/>\n<meta property=\"og:description\" content=\"Pote para Bubble Tea de \u00d895 mm RPET 500 ml termossel\u00e1vel, vendido em packs de 48. Transparente e resistente, ideal para bubble tea para levar.\" \/>\n<meta property=\"og:url\" content=\"https:\/\/www.csj-emballages.com\/pt-pt\/produit\/48-frascos-de-plastico-para-cha-de-bolhas-95o-rpet-500-ml-com-fecho-termico\/\" \/>\n<meta property=\"og:site_name\" content=\"CSJ Emballages\" \/>\n<meta property=\"article:publisher\" content=\"https:\/\/www.facebook.com\/csjemballages\" \/>\n<meta property=\"article:modified_time\" content=\"2026-05-12T09:01:24+00:00\" \/>\n<meta property=\"og:image\" content=\"https:\/\/www.csj-emballages.com\/wp-content\/uploads\/2024\/03\/GM500BUBBLE.webp\" \/>\n\t<meta property=\"og:image:width\" content=\"800\" \/>\n\t<meta property=\"og:image:height\" content=\"800\" \/>\n\t<meta property=\"og:image:type\" content=\"image\/webp\" \/>\n<meta name=\"twitter:card\" content=\"summary_large_image\" \/>\n<meta name=\"twitter:label1\" content=\"Tempo estimado de leitura\" \/>\n\t<meta name=\"twitter:data1\" content=\"1 minuto\" \/>\n<script type=\"application\/ld+json\" class=\"yoast-schema-graph\">{\"@context\":\"https:\/\/schema.org\",\"@graph\":[{\"@type\":\"WebPage\",\"@id\":\"https:\/\/www.csj-emballages.com\/pt-pt\/produit\/48-frascos-de-plastico-para-cha-de-bolhas-95o-rpet-500-ml-com-fecho-termico\/\",\"url\":\"https:\/\/www.csj-emballages.com\/pt-pt\/produit\/48-frascos-de-plastico-para-cha-de-bolhas-95o-rpet-500-ml-com-fecho-termico\/\",\"name\":\"Pote para Bubble Tea de Pl\u00e1stico RPET 500 ml Termossel\u00e1vel, pack de 48.\",\"isPartOf\":{\"@id\":\"https:\/\/www.csj-emballages.com\/pt-pt\/#website\"},\"primaryImageOfPage\":{\"@id\":\"https:\/\/www.csj-emballages.com\/pt-pt\/produit\/48-frascos-de-plastico-para-cha-de-bolhas-95o-rpet-500-ml-com-fecho-termico\/#primaryimage\"},\"image\":{\"@id\":\"https:\/\/www.csj-emballages.com\/pt-pt\/produit\/48-frascos-de-plastico-para-cha-de-bolhas-95o-rpet-500-ml-com-fecho-termico\/#primaryimage\"},\"thumbnailUrl\":\"https:\/\/www.csj-emballages.com\/wp-content\/uploads\/2024\/03\/GM500BUBBLE.webp\",\"datePublished\":\"2024-03-01T15:53:15+00:00\",\"dateModified\":\"2026-05-12T09:01:24+00:00\",\"description\":\"Pote para Bubble Tea de \u00d895 mm RPET 500 ml termossel\u00e1vel, vendido em packs de 48. Transparente e resistente, ideal para bubble tea para levar.\",\"breadcrumb\":{\"@id\":\"https:\/\/www.csj-emballages.com\/pt-pt\/produit\/48-frascos-de-plastico-para-cha-de-bolhas-95o-rpet-500-ml-com-fecho-termico\/#breadcrumb\"},\"inLanguage\":\"pt-PT\",\"potentialAction\":[{\"@type\":\"ReadAction\",\"target\":[\"https:\/\/www.csj-emballages.com\/pt-pt\/produit\/48-frascos-de-plastico-para-cha-de-bolhas-95o-rpet-500-ml-com-fecho-termico\/\"]}]},{\"@type\":\"ImageObject\",\"inLanguage\":\"pt-PT\",\"@id\":\"https:\/\/www.csj-emballages.com\/pt-pt\/produit\/48-frascos-de-plastico-para-cha-de-bolhas-95o-rpet-500-ml-com-fecho-termico\/#primaryimage\",\"url\":\"https:\/\/www.csj-emballages.com\/wp-content\/uploads\/2024\/03\/GM500BUBBLE.webp\",\"contentUrl\":\"https:\/\/www.csj-emballages.com\/wp-content\/uploads\/2024\/03\/GM500BUBBLE.webp\",\"width\":800,\"height\":800,\"caption\":\"Pot bubbles tea\"},{\"@type\":\"BreadcrumbList\",\"@id\":\"https:\/\/www.csj-emballages.com\/pt-pt\/produit\/48-frascos-de-plastico-para-cha-de-bolhas-95o-rpet-500-ml-com-fecho-termico\/#breadcrumb\",\"itemListElement\":[{\"@type\":\"ListItem\",\"position\":1,\"name\":\"Acolhimento\",\"item\":\"https:\/\/www.csj-emballages.com\/pt-pt\/universo-das-embalagens-alimentares\/\"},{\"@type\":\"ListItem\",\"position\":2,\"name\":\"Shop\",\"item\":\"https:\/\/www.csj-emballages.com\/shop\/\"},{\"@type\":\"ListItem\",\"position\":3,\"name\":\"Pote para bubble tea de pl\u00e1stico \u00d895 RPET 500 ml termossel\u00e1vel, pack de 48.\"}]},{\"@type\":\"WebSite\",\"@id\":\"https:\/\/www.csj-emballages.com\/pt-pt\/#website\",\"url\":\"https:\/\/www.csj-emballages.com\/pt-pt\/\",\"name\":\"CSJ Emballages\",\"description\":\"\",\"publisher\":{\"@id\":\"https:\/\/www.csj-emballages.com\/pt-pt\/#organization\"},\"potentialAction\":[{\"@type\":\"SearchAction\",\"target\":{\"@type\":\"EntryPoint\",\"urlTemplate\":\"https:\/\/www.csj-emballages.com\/pt-pt\/?s={search_term_string}\"},\"query-input\":{\"@type\":\"PropertyValueSpecification\",\"valueRequired\":true,\"valueName\":\"search_term_string\"}}],\"inLanguage\":\"pt-PT\"},{\"@type\":\"Organization\",\"@id\":\"https:\/\/www.csj-emballages.com\/pt-pt\/#Organization\/\",\"name\":\"CSJ Emballages\",\"url\":\"https:\/\/www.csj-emballages.com\/pt-pt\/\",\"logo\":{\"@type\":\"ImageObject\",\"inLanguage\":\"pt-PT\",\"@id\":\"https:\/\/www.csj-emballages.com\/pt-pt\/#\/schema\/logo\/image\/\",\"url\":\"https:\/\/www.csj-emballages.com\/wp-content\/uploads\/2023\/10\/logo_csj.webp\",\"contentUrl\":\"https:\/\/www.csj-emballages.com\/wp-content\/uploads\/2023\/10\/logo_csj.webp\",\"width\":250,\"height\":95,\"caption\":\"CSJ Emballages\"},\"image\":{\"@id\":\"https:\/\/www.csj-emballages.com\/pt-pt\/#\/schema\/logo\/image\/\"},\"sameAs\":[\"https:\/\/www.facebook.com\/csjemballages\"],\"address\":{\"@type\":\"PostalAddress\",\"streetAddress\":\"ZI La Lechere\",\"addressLocality\":\"Patornay\",\"postalCode\":\"39130\",\"addressCountry\":\"FR\"},\"contactPoint\":[{\"@type\":\"ContactPoint\",\"contactType\":\"Service client\",\"telephone\":\"0384254272\",\"email\":\"contact@csj-emballages.com\"}]}]}<\/script>\n<!-- \/ Yoast SEO Premium plugin. -->","yoast_head_json":{"title":"Pote para Bubble Tea de Pl\u00e1stico RPET 500 ml Termossel\u00e1vel, pack de 48.","description":"Pote para Bubble Tea de \u00d895 mm RPET 500 ml termossel\u00e1vel, vendido em packs de 48. Transparente e resistente, ideal para bubble tea para levar.","robots":{"index":"index","follow":"follow","max-snippet":"max-snippet:-1","max-image-preview":"max-image-preview:large","max-video-preview":"max-video-preview:-1"},"canonical":"https:\/\/www.csj-emballages.com\/pt-pt\/produit\/48-frascos-de-plastico-para-cha-de-bolhas-95o-rpet-500-ml-com-fecho-termico\/","og_locale":"pt_PT","og_type":"article","og_title":"Pote para bubble tea de pl\u00e1stico \u00d895 RPET 500 ml termossel\u00e1vel, pack de 48.","og_description":"Pote para Bubble Tea de \u00d895 mm RPET 500 ml termossel\u00e1vel, vendido em packs de 48. Transparente e resistente, ideal para bubble tea para levar.","og_url":"https:\/\/www.csj-emballages.com\/pt-pt\/produit\/48-frascos-de-plastico-para-cha-de-bolhas-95o-rpet-500-ml-com-fecho-termico\/","og_site_name":"CSJ Emballages","article_publisher":"https:\/\/www.facebook.com\/csjemballages","article_modified_time":"2026-05-12T09:01:24+00:00","og_image":[{"width":800,"height":800,"url":"https:\/\/www.csj-emballages.com\/wp-content\/uploads\/2024\/03\/GM500BUBBLE.webp","type":"image\/webp"}],"twitter_card":"summary_large_image","twitter_misc":{"Tempo estimado de leitura":"1 minuto"},"schema":{"@context":"https:\/\/schema.org","@graph":[{"@type":"WebPage","@id":"https:\/\/www.csj-emballages.com\/pt-pt\/produit\/48-frascos-de-plastico-para-cha-de-bolhas-95o-rpet-500-ml-com-fecho-termico\/","url":"https:\/\/www.csj-emballages.com\/pt-pt\/produit\/48-frascos-de-plastico-para-cha-de-bolhas-95o-rpet-500-ml-com-fecho-termico\/","name":"Pote para Bubble Tea de Pl\u00e1stico RPET 500 ml Termossel\u00e1vel, pack de 48.","isPartOf":{"@id":"https:\/\/www.csj-emballages.com\/pt-pt\/#website"},"primaryImageOfPage":{"@id":"https:\/\/www.csj-emballages.com\/pt-pt\/produit\/48-frascos-de-plastico-para-cha-de-bolhas-95o-rpet-500-ml-com-fecho-termico\/#primaryimage"},"image":{"@id":"https:\/\/www.csj-emballages.com\/pt-pt\/produit\/48-frascos-de-plastico-para-cha-de-bolhas-95o-rpet-500-ml-com-fecho-termico\/#primaryimage"},"thumbnailUrl":"https:\/\/www.csj-emballages.com\/wp-content\/uploads\/2024\/03\/GM500BUBBLE.webp","datePublished":"2024-03-01T15:53:15+00:00","dateModified":"2026-05-12T09:01:24+00:00","description":"Pote para Bubble Tea de \u00d895 mm RPET 500 ml termossel\u00e1vel, vendido em packs de 48. Transparente e resistente, ideal para bubble tea para levar.","breadcrumb":{"@id":"https:\/\/www.csj-emballages.com\/pt-pt\/produit\/48-frascos-de-plastico-para-cha-de-bolhas-95o-rpet-500-ml-com-fecho-termico\/#breadcrumb"},"inLanguage":"pt-PT","potentialAction":[{"@type":"ReadAction","target":["https:\/\/www.csj-emballages.com\/pt-pt\/produit\/48-frascos-de-plastico-para-cha-de-bolhas-95o-rpet-500-ml-com-fecho-termico\/"]}]},{"@type":"ImageObject","inLanguage":"pt-PT","@id":"https:\/\/www.csj-emballages.com\/pt-pt\/produit\/48-frascos-de-plastico-para-cha-de-bolhas-95o-rpet-500-ml-com-fecho-termico\/#primaryimage","url":"https:\/\/www.csj-emballages.com\/wp-content\/uploads\/2024\/03\/GM500BUBBLE.webp","contentUrl":"https:\/\/www.csj-emballages.com\/wp-content\/uploads\/2024\/03\/GM500BUBBLE.webp","width":800,"height":800,"caption":"Pot bubbles tea"},{"@type":"BreadcrumbList","@id":"https:\/\/www.csj-emballages.com\/pt-pt\/produit\/48-frascos-de-plastico-para-cha-de-bolhas-95o-rpet-500-ml-com-fecho-termico\/#breadcrumb","itemListElement":[{"@type":"ListItem","position":1,"name":"Acolhimento","item":"https:\/\/www.csj-emballages.com\/pt-pt\/universo-das-embalagens-alimentares\/"},{"@type":"ListItem","position":2,"name":"Shop","item":"https:\/\/www.csj-emballages.com\/shop\/"},{"@type":"ListItem","position":3,"name":"Pote para bubble tea de pl\u00e1stico \u00d895 RPET 500 ml termossel\u00e1vel, pack de 48."}]},{"@type":"WebSite","@id":"https:\/\/www.csj-emballages.com\/pt-pt\/#website","url":"https:\/\/www.csj-emballages.com\/pt-pt\/","name":"CSJ Emballages","description":"","publisher":{"@id":"https:\/\/www.csj-emballages.com\/pt-pt\/#organization"},"potentialAction":[{"@type":"SearchAction","target":{"@type":"EntryPoint","urlTemplate":"https:\/\/www.csj-emballages.com\/pt-pt\/?s={search_term_string}"},"query-input":{"@type":"PropertyValueSpecification","valueRequired":true,"valueName":"search_term_string"}}],"inLanguage":"pt-PT"},{"@type":"Organization","@id":"https:\/\/www.csj-emballages.com\/pt-pt\/#Organization\/","name":"CSJ Emballages","url":"https:\/\/www.csj-emballages.com\/pt-pt\/","logo":{"@type":"ImageObject","inLanguage":"pt-PT","@id":"https:\/\/www.csj-emballages.com\/pt-pt\/#\/schema\/logo\/image\/","url":"https:\/\/www.csj-emballages.com\/wp-content\/uploads\/2023\/10\/logo_csj.webp","contentUrl":"https:\/\/www.csj-emballages.com\/wp-content\/uploads\/2023\/10\/logo_csj.webp","width":250,"height":95,"caption":"CSJ Emballages"},"image":{"@id":"https:\/\/www.csj-emballages.com\/pt-pt\/#\/schema\/logo\/image\/"},"sameAs":["https:\/\/www.facebook.com\/csjemballages"],"address":{"@type":"PostalAddress","streetAddress":"ZI La Lechere","addressLocality":"Patornay","postalCode":"39130","addressCountry":"FR"},"contactPoint":[{"@type":"ContactPoint","contactType":"Service client","telephone":"0384254272","email":"contact@csj-emballages.com"}]}]}},"df_price":4.93,"df_sale_price":4.93,"df_regular_price":5.48,"df_image_link":"https:\/\/www.csj-emballages.com\/wp-content\/uploads\/2024\/03\/GM500BUBBLE-300x300.webp","tiered_pricing_type":"fixed","tiered_pricing_fixed_rules":[],"tiered_pricing_percentage_rules":[],"tiered_pricing_minimum":1,"tiered_pricing_roles_data":[],"_links":{"self":[{"href":"https:\/\/www.csj-emballages.com\/pt-pt\/wp-json\/wp\/v2\/product\/21324","targetHints":{"allow":["GET"]}}],"collection":[{"href":"https:\/\/www.csj-emballages.com\/pt-pt\/wp-json\/wp\/v2\/product"}],"about":[{"href":"https:\/\/www.csj-emballages.com\/pt-pt\/wp-json\/wp\/v2\/types\/product"}],"wp:featuredmedia":[{"embeddable":true,"href":"https:\/\/www.csj-emballages.com\/pt-pt\/wp-json\/wp\/v2\/media\/264592"}],"wp:attachment":[{"href":"https:\/\/www.csj-emballages.com\/pt-pt\/wp-json\/wp\/v2\/media?parent=21324"}],"wp:term":[{"taxonomy":"product_brand","embeddable":true,"href":"https:\/\/www.csj-emballages.com\/pt-pt\/wp-json\/wp\/v2\/product_brand?post=21324"},{"taxonomy":"product_cat","embeddable":true,"href":"https:\/\/www.csj-emballages.com\/pt-pt\/wp-json\/wp\/v2\/product_cat?post=21324"},{"taxonomy":"product_tag","embeddable":true,"href":"https:\/\/www.csj-emballages.com\/pt-pt\/wp-json\/wp\/v2\/product_tag?post=21324"}],"curies":[{"name":"wp","href":"https:\/\/api.w.org\/{rel}","templated":true}]}}