{"id":21127,"date":"2024-03-01T16:53:26","date_gmt":"2024-03-01T15:53:26","guid":{"rendered":"https:\/\/u15jnbdpoq.preview.infomaniak.website\/produit\/50-78o-frascos-para-batidos-em-rpet-reciclado-25-30-cl\/"},"modified":"2026-04-15T17:00:41","modified_gmt":"2026-04-15T15:00:41","slug":"copo-de-plastico-em-rpet-reutilizavel-25-30-cl","status":"publish","type":"product","link":"https:\/\/www.csj-emballages.com\/pt-pt\/produit\/copo-de-plastico-em-rpet-reutilizavel-25-30-cl\/","title":{"rendered":"Frasco de pl\u00e1stico reciclado 78\u00d8 RPET 25 \/ 30 cl por 50"},"content":{"rendered":"<h2>Pote de pl\u00e1stico<\/h2>\n<hr>\n<h3>Descubra o nosso frasco de pl\u00e1stico reciclado 78\u00d8 RPET, 25 \/ 30 cl, 50 unidades.<\/h3>\n<p><!--more--><\/p>\n<div style=\"font-family: Roboto, sans-serif;\">\n<div style=\"font-family: Roboto, sans-serif;\">\n<div style=\"font-family: Roboto, sans-serif;\">\n<div style=\"text-align: center;\">\n<div style=\"font-family: Roboto, sans-serif;\">\n<div style=\"font-family: Roboto, sans-serif;\">\n<div style=\"font-family: Roboto, sans-serif;\">\n<div style=\"font-family: Roboto, sans-serif;\">\n<div style=\"font-family: Roboto, sans-serif;\">\n<div style=\"font-family: Roboto, sans-serif; text-align: left;\">\n<p data-start=\"289\" data-end=\"770\">Este <strong>boi\u00e3o de pl\u00e1stico reciclado<\/strong> <strong data-start=\"314\" data-end=\"326\">RPET 78\u00d8<\/strong> tem tudo o que precisa se procura um recipiente transparente, leve e empenhado. <strong>Transparente<\/strong> como o vidro, mas muito mais resistente, permite-lhe apresentar as suas bebidas e prepara\u00e7\u00f5es de uma forma limpa e apetitosa. Gra\u00e7as ao seu calibre duplo <strong>de 25 \/ 30 cl<\/strong>, pode facilmente medir conforme necess\u00e1rio: um pequeno copo refrescante, uma bebida um pouco mais generosa ou mesmo uma por\u00e7\u00e3o individual de sobremesa &#8211; tudo se encaixa naturalmente. <\/p>\n<p data-start=\"772\" data-end=\"1087\">Fabricado em <strong data-start=\"784\" data-end=\"792\">RPET<\/strong> <strong>(pl\u00e1stico reciclado<\/strong>), confere uma dimens\u00e3o mais respons\u00e1vel ao seu servi\u00e7o. Mant\u00e9m o car\u00e1cter pr\u00e1tico do pl\u00e1stico, reduzindo o impacto ambiental. \u00c9 ideal para os profissionais que pretendem oferecer produtos descart\u00e1veis sem renunciar \u00e0 responsabilidade ecol\u00f3gica.  <\/p>\n<p data-start=\"1089\" data-end=\"1450\">A sua rigidez \u00e9 um verdadeiro trunfo: sem paredes a esmagar, sem deforma\u00e7\u00f5es ao servir. Quer se trate de um <g id=\"gid_0\">smoothie,<\/g> de um <g id=\"gid_1\">sumo<\/g>, de uma <g id=\"gid_2\">salada de frutas<\/g> ou de um take-away, o <g id=\"gid_3\">frasco<\/g> permanece est\u00e1vel e confort\u00e1vel de segurar. E como \u00e9 vendido <strong data-start=\"1375\" data-end=\"1385\">em embalagens de 50 unidades<\/strong>, ter\u00e1 um stock pr\u00e1tico que n\u00e3o \u00e9 nem demasiado pequeno nem demasiado volumoso.  <\/p>\n<p data-start=\"1452\" data-end=\"1693\">Este <strong>frasco<\/strong> pode ser utilizado em fast food, eventos, bancas de bebidas, padarias e empresas. A sua <strong>transpar\u00eancia<\/strong> destaca o conte\u00fado, dando uma impress\u00e3o imediata, mais polida e profissional. <\/p>\n<p data-start=\"1452\" data-end=\"1693\">\n<p><!--more--><\/p>\n<p><span style=\"font-weight: bold; color: #ff0000;\">POTES RESERVADOS PARA ALIMENTOS E N\u00c3O PARA BEBIDAS ( Fran\u00e7a )<\/span><\/p>\n<\/div>\n<\/div>\n<\/div>\n<\/div>\n<\/div>\n<\/div>\n<\/div>\n<\/div>\n<\/div>\n<\/div>\n<p>&nbsp;<\/p>\n<p><!--more--><\/p>\n<h4>Vantagens :<\/h4>\n<ul>\n<li data-start=\"1721\" data-end=\"1766\">Fabricado a partir de <strong>RPET reciclado<\/strong> mais respons\u00e1vel.<\/li>\n<li data-start=\"1769\" data-end=\"1817\">Calibre duplo <strong>25 \/ 30 cl<\/strong> para adaptar o servi\u00e7o.<\/li>\n<li data-start=\"1820\" data-end=\"1861\">Muito boa rigidez, n\u00e3o se deforma.<\/li>\n<li data-start=\"1864\" data-end=\"1926\">Transparente, ideal para real\u00e7ar bebidas e sobremesas.<\/li>\n<li data-start=\"1929\" data-end=\"1971\">Embalagem de <strong>50<\/strong> unidades, ideal para uma utiliza\u00e7\u00e3o regular.<\/li>\n<\/ul>\n<p>&nbsp;<\/p>\n<p><!--more--><\/p>\n<h4>Outras informa\u00e7\u00f5es :<\/h4>\n<ul>\n<li><strong>Embalagem<\/strong>: Pacote de 50<\/li>\n<li><strong>Dimens\u00f5es<\/strong>: 78 mm x 115 mm (\u00d8 x H)<\/li>\n<li><strong>Volume<\/strong>: 25 cl at\u00e9 \u00e0 linha \/ 30 cl at\u00e9 \u00e0 borda<\/li>\n<li><strong>Material<\/strong>: Pl\u00e1stico reciclado RPET<\/li>\n<\/ul>\n<p>&nbsp;<\/p>\n<p><!--more--><\/p>\n<p>Este frasco de pl\u00e1stico tamb\u00e9m est\u00e1 dispon\u00edvel em 20 \/ 27 cl: <span style=\"color: #d12727;\"><a style=\"color: #d12727;\" href=\"https:\/\/www.csj-emballages.com\/es\/produit\/50-tarros-para-batidos-reciclados-78o-rpet-20-27-cl\/\">GM2025<\/a><\/span><\/p>\n<p>&nbsp;<\/p>\n<p><!--more--><\/p>\n<p><a href=\"https:\/\/www.csj-emballages.com\/pt-pt\/categorie-produit\/embalagem-de-alimentos\/restauracao\/chavenas-copos-baldes-garrafas\/copos-para-bebidas-frias\/frascos-de-smoothies\/diametro-dos-frascos-de-smoothie-78-mm\/\">Ver o resto da nossa gama de frascos para batidos com 78 mm de di\u00e2metro<\/a><\/p>\n","protected":false},"excerpt":{"rendered":"<p>Pote de pl\u00e1stico Descubra o nosso frasco de pl\u00e1stico reciclado 78\u00d8 RPET, 25 \/ 30 cl, 50 unidades.<\/p>\n","protected":false},"featured_media":190765,"template":"","meta":{"_acf_changed":false},"product_brand":[],"product_cat":[1141,1138,1471,1808,2544,2549],"product_tag":[],"class_list":{"0":"post-21127","1":"product","2":"type-product","3":"status-publish","4":"has-post-thumbnail","6":"product_cat-embalagem-de-alimentos","7":"product_cat-restauracao","8":"product_cat-chavenas-copos-baldes-garrafas","9":"product_cat-copos-para-bebidas-frias","10":"product_cat-frascos-de-smoothies","11":"product_cat-diametro-dos-frascos-de-smoothie-78-mm","13":"first","14":"instock","15":"taxable","16":"shipping-taxable","17":"purchasable","18":"product-type-simple"},"acf":[],"yoast_head":"<!-- This site is optimized with the Yoast SEO Premium plugin v26.6 (Yoast SEO v26.6) - https:\/\/yoast.com\/wordpress\/plugins\/seo\/ -->\n<title>Frasco de pl\u00e1stico reciclado 78\u00d8 RPET 25 \/ 30 cl por 50<\/title>\n<meta name=\"description\" content=\"Bid\u00e3o de pl\u00e1stico reciclado 78\u00d8 RPET, capacidade 25\/30 cl, vendido em embalagens de 50. R\u00edgido, transparente e ecol\u00f3gico, ideal para bebidas frias e sobremesas para levar.\" \/>\n<meta name=\"robots\" content=\"index, follow, max-snippet:-1, max-image-preview:large, max-video-preview:-1\" \/>\n<link rel=\"canonical\" href=\"https:\/\/www.csj-emballages.com\/pt-pt\/produit\/copo-de-plastico-em-rpet-reutilizavel-25-30-cl\/\" \/>\n<meta property=\"og:locale\" content=\"pt_PT\" \/>\n<meta property=\"og:type\" content=\"article\" \/>\n<meta property=\"og:title\" content=\"Frasco de pl\u00e1stico reciclado 78\u00d8 RPET 25 \/ 30 cl por 50\" \/>\n<meta property=\"og:description\" content=\"Bid\u00e3o de pl\u00e1stico reciclado 78\u00d8 RPET, capacidade 25\/30 cl, vendido em embalagens de 50. R\u00edgido, transparente e ecol\u00f3gico, ideal para bebidas frias e sobremesas para levar.\" \/>\n<meta property=\"og:url\" content=\"https:\/\/www.csj-emballages.com\/pt-pt\/produit\/copo-de-plastico-em-rpet-reutilizavel-25-30-cl\/\" \/>\n<meta property=\"og:site_name\" content=\"CSJ Emballages\" \/>\n<meta property=\"article:publisher\" content=\"https:\/\/www.facebook.com\/csjemballages\" \/>\n<meta property=\"article:modified_time\" content=\"2026-04-15T15:00:41+00:00\" \/>\n<meta property=\"og:image\" content=\"https:\/\/www.csj-emballages.com\/wp-content\/uploads\/2024\/03\/GM2533.webp\" \/>\n\t<meta property=\"og:image:width\" content=\"797\" \/>\n\t<meta property=\"og:image:height\" content=\"797\" \/>\n\t<meta property=\"og:image:type\" content=\"image\/webp\" \/>\n<meta name=\"twitter:card\" content=\"summary_large_image\" \/>\n<meta name=\"twitter:label1\" content=\"Tempo estimado de leitura\" \/>\n\t<meta name=\"twitter:data1\" content=\"1 minuto\" \/>\n<script type=\"application\/ld+json\" class=\"yoast-schema-graph\">{\"@context\":\"https:\/\/schema.org\",\"@graph\":[{\"@type\":\"WebPage\",\"@id\":\"https:\/\/www.csj-emballages.com\/pt-pt\/produit\/copo-de-plastico-em-rpet-reutilizavel-25-30-cl\/\",\"url\":\"https:\/\/www.csj-emballages.com\/pt-pt\/produit\/copo-de-plastico-em-rpet-reutilizavel-25-30-cl\/\",\"name\":\"Frasco de pl\u00e1stico reciclado 78\u00d8 RPET 25 \/ 30 cl por 50\",\"isPartOf\":{\"@id\":\"https:\/\/www.csj-emballages.com\/pt-pt\/#website\"},\"primaryImageOfPage\":{\"@id\":\"https:\/\/www.csj-emballages.com\/pt-pt\/produit\/copo-de-plastico-em-rpet-reutilizavel-25-30-cl\/#primaryimage\"},\"image\":{\"@id\":\"https:\/\/www.csj-emballages.com\/pt-pt\/produit\/copo-de-plastico-em-rpet-reutilizavel-25-30-cl\/#primaryimage\"},\"thumbnailUrl\":\"https:\/\/www.csj-emballages.com\/wp-content\/uploads\/2024\/03\/GM2533.webp\",\"datePublished\":\"2024-03-01T15:53:26+00:00\",\"dateModified\":\"2026-04-15T15:00:41+00:00\",\"description\":\"Bid\u00e3o de pl\u00e1stico reciclado 78\u00d8 RPET, capacidade 25\/30 cl, vendido em embalagens de 50. R\u00edgido, transparente e ecol\u00f3gico, ideal para bebidas frias e sobremesas para levar.\",\"breadcrumb\":{\"@id\":\"https:\/\/www.csj-emballages.com\/pt-pt\/produit\/copo-de-plastico-em-rpet-reutilizavel-25-30-cl\/#breadcrumb\"},\"inLanguage\":\"pt-PT\",\"potentialAction\":[{\"@type\":\"ReadAction\",\"target\":[\"https:\/\/www.csj-emballages.com\/pt-pt\/produit\/copo-de-plastico-em-rpet-reutilizavel-25-30-cl\/\"]}]},{\"@type\":\"ImageObject\",\"inLanguage\":\"pt-PT\",\"@id\":\"https:\/\/www.csj-emballages.com\/pt-pt\/produit\/copo-de-plastico-em-rpet-reutilizavel-25-30-cl\/#primaryimage\",\"url\":\"https:\/\/www.csj-emballages.com\/wp-content\/uploads\/2024\/03\/GM2533.webp\",\"contentUrl\":\"https:\/\/www.csj-emballages.com\/wp-content\/uploads\/2024\/03\/GM2533.webp\",\"width\":797,\"height\":797,\"caption\":\"Pot plastique\"},{\"@type\":\"BreadcrumbList\",\"@id\":\"https:\/\/www.csj-emballages.com\/pt-pt\/produit\/copo-de-plastico-em-rpet-reutilizavel-25-30-cl\/#breadcrumb\",\"itemListElement\":[{\"@type\":\"ListItem\",\"position\":1,\"name\":\"Acolhimento\",\"item\":\"https:\/\/www.csj-emballages.com\/pt-pt\/universo-das-embalagens-alimentares\/\"},{\"@type\":\"ListItem\",\"position\":2,\"name\":\"Shop\",\"item\":\"https:\/\/www.csj-emballages.com\/shop\/\"},{\"@type\":\"ListItem\",\"position\":3,\"name\":\"Frasco de pl\u00e1stico reciclado 78\u00d8 RPET 25 \/ 30 cl por 50\"}]},{\"@type\":\"WebSite\",\"@id\":\"https:\/\/www.csj-emballages.com\/pt-pt\/#website\",\"url\":\"https:\/\/www.csj-emballages.com\/pt-pt\/\",\"name\":\"CSJ Emballages\",\"description\":\"\",\"publisher\":{\"@id\":\"https:\/\/www.csj-emballages.com\/pt-pt\/#organization\"},\"potentialAction\":[{\"@type\":\"SearchAction\",\"target\":{\"@type\":\"EntryPoint\",\"urlTemplate\":\"https:\/\/www.csj-emballages.com\/pt-pt\/?s={search_term_string}\"},\"query-input\":{\"@type\":\"PropertyValueSpecification\",\"valueRequired\":true,\"valueName\":\"search_term_string\"}}],\"inLanguage\":\"pt-PT\"},{\"@type\":\"Organization\",\"@id\":\"https:\/\/www.csj-emballages.com\/pt-pt\/#Organization\/\",\"name\":\"CSJ Emballages\",\"url\":\"https:\/\/www.csj-emballages.com\/pt-pt\/\",\"logo\":{\"@type\":\"ImageObject\",\"inLanguage\":\"pt-PT\",\"@id\":\"https:\/\/www.csj-emballages.com\/pt-pt\/#\/schema\/logo\/image\/\",\"url\":\"https:\/\/www.csj-emballages.com\/wp-content\/uploads\/2023\/10\/logo_csj.webp\",\"contentUrl\":\"https:\/\/www.csj-emballages.com\/wp-content\/uploads\/2023\/10\/logo_csj.webp\",\"width\":250,\"height\":95,\"caption\":\"CSJ Emballages\"},\"image\":{\"@id\":\"https:\/\/www.csj-emballages.com\/pt-pt\/#\/schema\/logo\/image\/\"},\"sameAs\":[\"https:\/\/www.facebook.com\/csjemballages\"],\"address\":{\"@type\":\"PostalAddress\",\"streetAddress\":\"ZI La Lechere\",\"addressLocality\":\"Patornay\",\"postalCode\":\"39130\",\"addressCountry\":\"FR\"},\"contactPoint\":[{\"@type\":\"ContactPoint\",\"contactType\":\"Service client\",\"telephone\":\"0384254272\",\"email\":\"contact@csj-emballages.com\"}]}]}<\/script>\n<!-- \/ Yoast SEO Premium plugin. -->","yoast_head_json":{"title":"Frasco de pl\u00e1stico reciclado 78\u00d8 RPET 25 \/ 30 cl por 50","description":"Bid\u00e3o de pl\u00e1stico reciclado 78\u00d8 RPET, capacidade 25\/30 cl, vendido em embalagens de 50. R\u00edgido, transparente e ecol\u00f3gico, ideal para bebidas frias e sobremesas para levar.","robots":{"index":"index","follow":"follow","max-snippet":"max-snippet:-1","max-image-preview":"max-image-preview:large","max-video-preview":"max-video-preview:-1"},"canonical":"https:\/\/www.csj-emballages.com\/pt-pt\/produit\/copo-de-plastico-em-rpet-reutilizavel-25-30-cl\/","og_locale":"pt_PT","og_type":"article","og_title":"Frasco de pl\u00e1stico reciclado 78\u00d8 RPET 25 \/ 30 cl por 50","og_description":"Bid\u00e3o de pl\u00e1stico reciclado 78\u00d8 RPET, capacidade 25\/30 cl, vendido em embalagens de 50. R\u00edgido, transparente e ecol\u00f3gico, ideal para bebidas frias e sobremesas para levar.","og_url":"https:\/\/www.csj-emballages.com\/pt-pt\/produit\/copo-de-plastico-em-rpet-reutilizavel-25-30-cl\/","og_site_name":"CSJ Emballages","article_publisher":"https:\/\/www.facebook.com\/csjemballages","article_modified_time":"2026-04-15T15:00:41+00:00","og_image":[{"width":797,"height":797,"url":"https:\/\/www.csj-emballages.com\/wp-content\/uploads\/2024\/03\/GM2533.webp","type":"image\/webp"}],"twitter_card":"summary_large_image","twitter_misc":{"Tempo estimado de leitura":"1 minuto"},"schema":{"@context":"https:\/\/schema.org","@graph":[{"@type":"WebPage","@id":"https:\/\/www.csj-emballages.com\/pt-pt\/produit\/copo-de-plastico-em-rpet-reutilizavel-25-30-cl\/","url":"https:\/\/www.csj-emballages.com\/pt-pt\/produit\/copo-de-plastico-em-rpet-reutilizavel-25-30-cl\/","name":"Frasco de pl\u00e1stico reciclado 78\u00d8 RPET 25 \/ 30 cl por 50","isPartOf":{"@id":"https:\/\/www.csj-emballages.com\/pt-pt\/#website"},"primaryImageOfPage":{"@id":"https:\/\/www.csj-emballages.com\/pt-pt\/produit\/copo-de-plastico-em-rpet-reutilizavel-25-30-cl\/#primaryimage"},"image":{"@id":"https:\/\/www.csj-emballages.com\/pt-pt\/produit\/copo-de-plastico-em-rpet-reutilizavel-25-30-cl\/#primaryimage"},"thumbnailUrl":"https:\/\/www.csj-emballages.com\/wp-content\/uploads\/2024\/03\/GM2533.webp","datePublished":"2024-03-01T15:53:26+00:00","dateModified":"2026-04-15T15:00:41+00:00","description":"Bid\u00e3o de pl\u00e1stico reciclado 78\u00d8 RPET, capacidade 25\/30 cl, vendido em embalagens de 50. R\u00edgido, transparente e ecol\u00f3gico, ideal para bebidas frias e sobremesas para levar.","breadcrumb":{"@id":"https:\/\/www.csj-emballages.com\/pt-pt\/produit\/copo-de-plastico-em-rpet-reutilizavel-25-30-cl\/#breadcrumb"},"inLanguage":"pt-PT","potentialAction":[{"@type":"ReadAction","target":["https:\/\/www.csj-emballages.com\/pt-pt\/produit\/copo-de-plastico-em-rpet-reutilizavel-25-30-cl\/"]}]},{"@type":"ImageObject","inLanguage":"pt-PT","@id":"https:\/\/www.csj-emballages.com\/pt-pt\/produit\/copo-de-plastico-em-rpet-reutilizavel-25-30-cl\/#primaryimage","url":"https:\/\/www.csj-emballages.com\/wp-content\/uploads\/2024\/03\/GM2533.webp","contentUrl":"https:\/\/www.csj-emballages.com\/wp-content\/uploads\/2024\/03\/GM2533.webp","width":797,"height":797,"caption":"Pot plastique"},{"@type":"BreadcrumbList","@id":"https:\/\/www.csj-emballages.com\/pt-pt\/produit\/copo-de-plastico-em-rpet-reutilizavel-25-30-cl\/#breadcrumb","itemListElement":[{"@type":"ListItem","position":1,"name":"Acolhimento","item":"https:\/\/www.csj-emballages.com\/pt-pt\/universo-das-embalagens-alimentares\/"},{"@type":"ListItem","position":2,"name":"Shop","item":"https:\/\/www.csj-emballages.com\/shop\/"},{"@type":"ListItem","position":3,"name":"Frasco de pl\u00e1stico reciclado 78\u00d8 RPET 25 \/ 30 cl por 50"}]},{"@type":"WebSite","@id":"https:\/\/www.csj-emballages.com\/pt-pt\/#website","url":"https:\/\/www.csj-emballages.com\/pt-pt\/","name":"CSJ Emballages","description":"","publisher":{"@id":"https:\/\/www.csj-emballages.com\/pt-pt\/#organization"},"potentialAction":[{"@type":"SearchAction","target":{"@type":"EntryPoint","urlTemplate":"https:\/\/www.csj-emballages.com\/pt-pt\/?s={search_term_string}"},"query-input":{"@type":"PropertyValueSpecification","valueRequired":true,"valueName":"search_term_string"}}],"inLanguage":"pt-PT"},{"@type":"Organization","@id":"https:\/\/www.csj-emballages.com\/pt-pt\/#Organization\/","name":"CSJ Emballages","url":"https:\/\/www.csj-emballages.com\/pt-pt\/","logo":{"@type":"ImageObject","inLanguage":"pt-PT","@id":"https:\/\/www.csj-emballages.com\/pt-pt\/#\/schema\/logo\/image\/","url":"https:\/\/www.csj-emballages.com\/wp-content\/uploads\/2023\/10\/logo_csj.webp","contentUrl":"https:\/\/www.csj-emballages.com\/wp-content\/uploads\/2023\/10\/logo_csj.webp","width":250,"height":95,"caption":"CSJ Emballages"},"image":{"@id":"https:\/\/www.csj-emballages.com\/pt-pt\/#\/schema\/logo\/image\/"},"sameAs":["https:\/\/www.facebook.com\/csjemballages"],"address":{"@type":"PostalAddress","streetAddress":"ZI La Lechere","addressLocality":"Patornay","postalCode":"39130","addressCountry":"FR"},"contactPoint":[{"@type":"ContactPoint","contactType":"Service client","telephone":"0384254272","email":"contact@csj-emballages.com"}]}]}},"df_price":2.89,"df_sale_price":"","df_regular_price":2.89,"df_image_link":"https:\/\/www.csj-emballages.com\/wp-content\/uploads\/2024\/03\/GM2533-300x300.webp","tiered_pricing_type":"fixed","tiered_pricing_fixed_rules":[],"tiered_pricing_percentage_rules":[],"tiered_pricing_minimum":1,"tiered_pricing_roles_data":[],"_links":{"self":[{"href":"https:\/\/www.csj-emballages.com\/pt-pt\/wp-json\/wp\/v2\/product\/21127","targetHints":{"allow":["GET"]}}],"collection":[{"href":"https:\/\/www.csj-emballages.com\/pt-pt\/wp-json\/wp\/v2\/product"}],"about":[{"href":"https:\/\/www.csj-emballages.com\/pt-pt\/wp-json\/wp\/v2\/types\/product"}],"wp:featuredmedia":[{"embeddable":true,"href":"https:\/\/www.csj-emballages.com\/pt-pt\/wp-json\/wp\/v2\/media\/190765"}],"wp:attachment":[{"href":"https:\/\/www.csj-emballages.com\/pt-pt\/wp-json\/wp\/v2\/media?parent=21127"}],"wp:term":[{"taxonomy":"product_brand","embeddable":true,"href":"https:\/\/www.csj-emballages.com\/pt-pt\/wp-json\/wp\/v2\/product_brand?post=21127"},{"taxonomy":"product_cat","embeddable":true,"href":"https:\/\/www.csj-emballages.com\/pt-pt\/wp-json\/wp\/v2\/product_cat?post=21127"},{"taxonomy":"product_tag","embeddable":true,"href":"https:\/\/www.csj-emballages.com\/pt-pt\/wp-json\/wp\/v2\/product_tag?post=21127"}],"curies":[{"name":"wp","href":"https:\/\/api.w.org\/{rel}","templated":true}]}}