{"id":21100,"date":"2024-03-01T16:53:27","date_gmt":"2024-03-01T15:53:27","guid":{"rendered":"https:\/\/u15jnbdpoq.preview.infomaniak.website\/produit\/25-copos-de-papel-amarelo-20-cl\/"},"modified":"2026-04-14T02:16:52","modified_gmt":"2026-04-14T00:16:52","slug":"25-copos-de-papel-amarelo-20-cl","status":"publish","type":"product","link":"https:\/\/www.csj-emballages.com\/pt-pt\/produit\/25-copos-de-papel-amarelo-20-cl\/","title":{"rendered":"Copo de cart\u00e3o amarelo 20 cl (25 unidades)"},"content":{"rendered":"<h2>Copo de cart\u00e3o<\/h2>\n<hr>\n<h3>Copo de cart\u00e3o amarelo 20 cl, pack de 8<\/h3>\n<p><!--more--><\/p>\n<p data-start=\"78\" data-end=\"329\">D\u00ea cor e dinamismo ao seu servi\u00e7o com este <strong>copo<\/strong> de <strong>cart\u00e3o amarelo 20 cl<\/strong>. Moderno, vibrante e atual, \u00e9 ideal para atrair o olhar e dar car\u00e1cter \u00e0s suas apresenta\u00e7\u00f5es, seja na restaura\u00e7\u00e3o ou em eventos. <\/p>\n<p data-start=\"331\" data-end=\"617\">A sua <strong>tonalidade amarela<\/strong>, simultaneamente vibrante e audaz, permite sair dos c\u00f3digos cl\u00e1ssicos e propor uma experi\u00eancia visual mais impactante. Perfeito para eventos festivos, bancas de degusta\u00e7\u00e3o ou servi\u00e7os de take-away, este copo valoriza instantaneamente as suas bebidas. <\/p>\n<p data-start=\"619\" data-end=\"881\">Gra\u00e7as \u00e0 sua capacidade de <strong>20 cl<\/strong>, \u00e9 adequado tanto para bebidas quentes (caf\u00e9, ch\u00e1, chocolate quente) como para bebidas frias (sumos, refrigerantes). Leve, pr\u00e1tico e agrad\u00e1vel ao toque, foi concebido para facilitar o seu servi\u00e7o, oferecendo uma apresenta\u00e7\u00e3o cuidada. <\/p>\n<p data-start=\"602\" data-end=\"822\"><!--more--><\/p>\n<h4 data-start=\"602\" data-end=\"822\">Vantagens :<\/h4>\n<ul>\n<li data-section-id=\"6qgm76\" data-start=\"1163\" data-end=\"1230\"><strong data-start=\"1168\" data-end=\"1196\">Cor amarela tend\u00eancia<\/strong>: visual din\u00e2mico e atrativo<\/li>\n<li data-section-id=\"4tgapz\" data-start=\"1231\" data-end=\"1306\">Adequado para bebidas quentes e frias<\/li>\n<li data-section-id=\"14o1ozc\" data-start=\"1307\" data-end=\"1374\"><strong data-start=\"1314\" data-end=\"1338\">Utiliza\u00e7\u00e3o flex\u00edvel<\/strong>: caf\u00e9, ch\u00e1, chocolate, sumos, refrigerantes<\/li>\n<li data-section-id=\"lec4mo\" data-start=\"1375\" data-end=\"1449\">Ideal para uso profissional ou eventos<\/li>\n<li data-section-id=\"193slh8\" data-start=\"1450\" data-end=\"1511\"><strong data-start=\"1455\" data-end=\"1465\">Cart\u00e3o<\/strong>: alternativa mais respons\u00e1vel ao pl\u00e1stico<\/li>\n<\/ul>\n<h3><\/h3>\n<p><!--more--><\/p>\n<h4>Outras informa\u00e7\u00f5es :<\/h4>\n<ul>\n<li><strong>Embalagem<\/strong>: Pacote de 25<\/li>\n<li><strong>Di\u00e2metro superior<\/strong>: \u00d875 mm<\/li>\n<li><strong>Di\u00e2metro inferior<\/strong>: \u00d850 mm<\/li>\n<li><strong>Altura<\/strong>: 90 mm<\/li>\n<li><strong>Material<\/strong>: Cart\u00e3o<\/li>\n<li><strong>Cor<\/strong>: Amarelo<\/li>\n<\/ul>\n<p>&nbsp;<\/p>\n<p><!--more--><\/p>\n<p><a href=\"https:\/\/www.csj-emballages.com\/pt-pt\/categorie-produit\/embalagem-de-alimentos\/restauracao\/chavenas-copos-baldes-garrafas\/copos-de-cartao\/copos-de-papel-coloridos\/\">V\u00ea o resto da nossa gama de copos de papel coloridos<\/a><\/p>\n","protected":false},"excerpt":{"rendered":"<p>Copo de cart\u00e3o Copo de cart\u00e3o amarelo 20 cl, pack de 8<\/p>\n","protected":false},"featured_media":277101,"template":"","meta":{"_acf_changed":false},"product_brand":[],"product_cat":[1471,2713],"product_tag":[],"class_list":{"0":"post-21100","1":"product","2":"type-product","3":"status-publish","4":"has-post-thumbnail","6":"product_cat-chavenas-copos-baldes-garrafas","7":"product_cat-copos-de-papel-coloridos","9":"first","10":"instock","11":"taxable","12":"shipping-taxable","13":"purchasable","14":"product-type-simple"},"acf":[],"yoast_head":"<!-- This site is optimized with the Yoast SEO Premium plugin v26.6 (Yoast SEO v26.6) - https:\/\/yoast.com\/wordpress\/plugins\/seo\/ -->\n<title>Copo de Cart\u00e3o Amarelo 20 cl, pack de 25<\/title>\n<meta name=\"description\" content=\"Copo de cart\u00e3o amarelo 20 cl: design colorido e moderno para bebidas quentes ou frias. Ideal para eventos, restaura\u00e7\u00e3o r\u00e1pida e servi\u00e7o de take-away.\" \/>\n<meta name=\"robots\" content=\"index, follow, max-snippet:-1, max-image-preview:large, max-video-preview:-1\" \/>\n<link rel=\"canonical\" href=\"https:\/\/www.csj-emballages.com\/pt-pt\/produit\/25-copos-de-papel-amarelo-20-cl\/\" \/>\n<meta property=\"og:locale\" content=\"pt_PT\" \/>\n<meta property=\"og:type\" content=\"article\" \/>\n<meta property=\"og:title\" content=\"Copo de cart\u00e3o amarelo 20 cl (25 unidades)\" \/>\n<meta property=\"og:description\" content=\"Copo de cart\u00e3o amarelo 20 cl: design colorido e moderno para bebidas quentes ou frias. Ideal para eventos, restaura\u00e7\u00e3o r\u00e1pida e servi\u00e7o de take-away.\" \/>\n<meta property=\"og:url\" content=\"https:\/\/www.csj-emballages.com\/pt-pt\/produit\/25-copos-de-papel-amarelo-20-cl\/\" \/>\n<meta property=\"og:site_name\" content=\"CSJ Emballages\" \/>\n<meta property=\"article:publisher\" content=\"https:\/\/www.facebook.com\/csjemballages\" \/>\n<meta property=\"article:modified_time\" content=\"2026-04-14T00:16:52+00:00\" \/>\n<meta property=\"og:image\" content=\"https:\/\/www.csj-emballages.com\/wp-content\/uploads\/2024\/03\/GM20J.webp\" \/>\n\t<meta property=\"og:image:width\" content=\"799\" \/>\n\t<meta property=\"og:image:height\" content=\"800\" \/>\n\t<meta property=\"og:image:type\" content=\"image\/webp\" \/>\n<meta name=\"twitter:card\" content=\"summary_large_image\" \/>\n<meta name=\"twitter:label1\" content=\"Tempo estimado de leitura\" \/>\n\t<meta name=\"twitter:data1\" content=\"1 minuto\" \/>\n<script type=\"application\/ld+json\" class=\"yoast-schema-graph\">{\"@context\":\"https:\/\/schema.org\",\"@graph\":[{\"@type\":\"WebPage\",\"@id\":\"https:\/\/www.csj-emballages.com\/pt-pt\/produit\/25-copos-de-papel-amarelo-20-cl\/\",\"url\":\"https:\/\/www.csj-emballages.com\/pt-pt\/produit\/25-copos-de-papel-amarelo-20-cl\/\",\"name\":\"Copo de Cart\u00e3o Amarelo 20 cl, pack de 25\",\"isPartOf\":{\"@id\":\"https:\/\/www.csj-emballages.com\/pt-pt\/#website\"},\"primaryImageOfPage\":{\"@id\":\"https:\/\/www.csj-emballages.com\/pt-pt\/produit\/25-copos-de-papel-amarelo-20-cl\/#primaryimage\"},\"image\":{\"@id\":\"https:\/\/www.csj-emballages.com\/pt-pt\/produit\/25-copos-de-papel-amarelo-20-cl\/#primaryimage\"},\"thumbnailUrl\":\"https:\/\/www.csj-emballages.com\/wp-content\/uploads\/2024\/03\/GM20J.webp\",\"datePublished\":\"2024-03-01T15:53:27+00:00\",\"dateModified\":\"2026-04-14T00:16:52+00:00\",\"description\":\"Copo de cart\u00e3o amarelo 20 cl: design colorido e moderno para bebidas quentes ou frias. Ideal para eventos, restaura\u00e7\u00e3o r\u00e1pida e servi\u00e7o de take-away.\",\"breadcrumb\":{\"@id\":\"https:\/\/www.csj-emballages.com\/pt-pt\/produit\/25-copos-de-papel-amarelo-20-cl\/#breadcrumb\"},\"inLanguage\":\"pt-PT\",\"potentialAction\":[{\"@type\":\"ReadAction\",\"target\":[\"https:\/\/www.csj-emballages.com\/pt-pt\/produit\/25-copos-de-papel-amarelo-20-cl\/\"]}]},{\"@type\":\"ImageObject\",\"inLanguage\":\"pt-PT\",\"@id\":\"https:\/\/www.csj-emballages.com\/pt-pt\/produit\/25-copos-de-papel-amarelo-20-cl\/#primaryimage\",\"url\":\"https:\/\/www.csj-emballages.com\/wp-content\/uploads\/2024\/03\/GM20J.webp\",\"contentUrl\":\"https:\/\/www.csj-emballages.com\/wp-content\/uploads\/2024\/03\/GM20J.webp\",\"width\":799,\"height\":800,\"caption\":\"Gobelet carton jaune\"},{\"@type\":\"BreadcrumbList\",\"@id\":\"https:\/\/www.csj-emballages.com\/pt-pt\/produit\/25-copos-de-papel-amarelo-20-cl\/#breadcrumb\",\"itemListElement\":[{\"@type\":\"ListItem\",\"position\":1,\"name\":\"Acolhimento\",\"item\":\"https:\/\/www.csj-emballages.com\/pt-pt\/universo-das-embalagens-alimentares\/\"},{\"@type\":\"ListItem\",\"position\":2,\"name\":\"Shop\",\"item\":\"https:\/\/www.csj-emballages.com\/shop\/\"},{\"@type\":\"ListItem\",\"position\":3,\"name\":\"Copo de cart\u00e3o amarelo 20 cl (25 unidades)\"}]},{\"@type\":\"WebSite\",\"@id\":\"https:\/\/www.csj-emballages.com\/pt-pt\/#website\",\"url\":\"https:\/\/www.csj-emballages.com\/pt-pt\/\",\"name\":\"CSJ Emballages\",\"description\":\"\",\"publisher\":{\"@id\":\"https:\/\/www.csj-emballages.com\/pt-pt\/#organization\"},\"potentialAction\":[{\"@type\":\"SearchAction\",\"target\":{\"@type\":\"EntryPoint\",\"urlTemplate\":\"https:\/\/www.csj-emballages.com\/pt-pt\/?s={search_term_string}\"},\"query-input\":{\"@type\":\"PropertyValueSpecification\",\"valueRequired\":true,\"valueName\":\"search_term_string\"}}],\"inLanguage\":\"pt-PT\"},{\"@type\":\"Organization\",\"@id\":\"https:\/\/www.csj-emballages.com\/pt-pt\/#Organization\/\",\"name\":\"CSJ Emballages\",\"url\":\"https:\/\/www.csj-emballages.com\/pt-pt\/\",\"logo\":{\"@type\":\"ImageObject\",\"inLanguage\":\"pt-PT\",\"@id\":\"https:\/\/www.csj-emballages.com\/pt-pt\/#\/schema\/logo\/image\/\",\"url\":\"https:\/\/www.csj-emballages.com\/wp-content\/uploads\/2023\/10\/logo_csj.webp\",\"contentUrl\":\"https:\/\/www.csj-emballages.com\/wp-content\/uploads\/2023\/10\/logo_csj.webp\",\"width\":250,\"height\":95,\"caption\":\"CSJ Emballages\"},\"image\":{\"@id\":\"https:\/\/www.csj-emballages.com\/pt-pt\/#\/schema\/logo\/image\/\"},\"sameAs\":[\"https:\/\/www.facebook.com\/csjemballages\"],\"address\":{\"@type\":\"PostalAddress\",\"streetAddress\":\"ZI La Lechere\",\"addressLocality\":\"Patornay\",\"postalCode\":\"39130\",\"addressCountry\":\"FR\"},\"contactPoint\":[{\"@type\":\"ContactPoint\",\"contactType\":\"Service client\",\"telephone\":\"0384254272\",\"email\":\"contact@csj-emballages.com\"}]}]}<\/script>\n<!-- \/ Yoast SEO Premium plugin. -->","yoast_head_json":{"title":"Copo de Cart\u00e3o Amarelo 20 cl, pack de 25","description":"Copo de cart\u00e3o amarelo 20 cl: design colorido e moderno para bebidas quentes ou frias. Ideal para eventos, restaura\u00e7\u00e3o r\u00e1pida e servi\u00e7o de take-away.","robots":{"index":"index","follow":"follow","max-snippet":"max-snippet:-1","max-image-preview":"max-image-preview:large","max-video-preview":"max-video-preview:-1"},"canonical":"https:\/\/www.csj-emballages.com\/pt-pt\/produit\/25-copos-de-papel-amarelo-20-cl\/","og_locale":"pt_PT","og_type":"article","og_title":"Copo de cart\u00e3o amarelo 20 cl (25 unidades)","og_description":"Copo de cart\u00e3o amarelo 20 cl: design colorido e moderno para bebidas quentes ou frias. Ideal para eventos, restaura\u00e7\u00e3o r\u00e1pida e servi\u00e7o de take-away.","og_url":"https:\/\/www.csj-emballages.com\/pt-pt\/produit\/25-copos-de-papel-amarelo-20-cl\/","og_site_name":"CSJ Emballages","article_publisher":"https:\/\/www.facebook.com\/csjemballages","article_modified_time":"2026-04-14T00:16:52+00:00","og_image":[{"width":799,"height":800,"url":"https:\/\/www.csj-emballages.com\/wp-content\/uploads\/2024\/03\/GM20J.webp","type":"image\/webp"}],"twitter_card":"summary_large_image","twitter_misc":{"Tempo estimado de leitura":"1 minuto"},"schema":{"@context":"https:\/\/schema.org","@graph":[{"@type":"WebPage","@id":"https:\/\/www.csj-emballages.com\/pt-pt\/produit\/25-copos-de-papel-amarelo-20-cl\/","url":"https:\/\/www.csj-emballages.com\/pt-pt\/produit\/25-copos-de-papel-amarelo-20-cl\/","name":"Copo de Cart\u00e3o Amarelo 20 cl, pack de 25","isPartOf":{"@id":"https:\/\/www.csj-emballages.com\/pt-pt\/#website"},"primaryImageOfPage":{"@id":"https:\/\/www.csj-emballages.com\/pt-pt\/produit\/25-copos-de-papel-amarelo-20-cl\/#primaryimage"},"image":{"@id":"https:\/\/www.csj-emballages.com\/pt-pt\/produit\/25-copos-de-papel-amarelo-20-cl\/#primaryimage"},"thumbnailUrl":"https:\/\/www.csj-emballages.com\/wp-content\/uploads\/2024\/03\/GM20J.webp","datePublished":"2024-03-01T15:53:27+00:00","dateModified":"2026-04-14T00:16:52+00:00","description":"Copo de cart\u00e3o amarelo 20 cl: design colorido e moderno para bebidas quentes ou frias. Ideal para eventos, restaura\u00e7\u00e3o r\u00e1pida e servi\u00e7o de take-away.","breadcrumb":{"@id":"https:\/\/www.csj-emballages.com\/pt-pt\/produit\/25-copos-de-papel-amarelo-20-cl\/#breadcrumb"},"inLanguage":"pt-PT","potentialAction":[{"@type":"ReadAction","target":["https:\/\/www.csj-emballages.com\/pt-pt\/produit\/25-copos-de-papel-amarelo-20-cl\/"]}]},{"@type":"ImageObject","inLanguage":"pt-PT","@id":"https:\/\/www.csj-emballages.com\/pt-pt\/produit\/25-copos-de-papel-amarelo-20-cl\/#primaryimage","url":"https:\/\/www.csj-emballages.com\/wp-content\/uploads\/2024\/03\/GM20J.webp","contentUrl":"https:\/\/www.csj-emballages.com\/wp-content\/uploads\/2024\/03\/GM20J.webp","width":799,"height":800,"caption":"Gobelet carton jaune"},{"@type":"BreadcrumbList","@id":"https:\/\/www.csj-emballages.com\/pt-pt\/produit\/25-copos-de-papel-amarelo-20-cl\/#breadcrumb","itemListElement":[{"@type":"ListItem","position":1,"name":"Acolhimento","item":"https:\/\/www.csj-emballages.com\/pt-pt\/universo-das-embalagens-alimentares\/"},{"@type":"ListItem","position":2,"name":"Shop","item":"https:\/\/www.csj-emballages.com\/shop\/"},{"@type":"ListItem","position":3,"name":"Copo de cart\u00e3o amarelo 20 cl (25 unidades)"}]},{"@type":"WebSite","@id":"https:\/\/www.csj-emballages.com\/pt-pt\/#website","url":"https:\/\/www.csj-emballages.com\/pt-pt\/","name":"CSJ Emballages","description":"","publisher":{"@id":"https:\/\/www.csj-emballages.com\/pt-pt\/#organization"},"potentialAction":[{"@type":"SearchAction","target":{"@type":"EntryPoint","urlTemplate":"https:\/\/www.csj-emballages.com\/pt-pt\/?s={search_term_string}"},"query-input":{"@type":"PropertyValueSpecification","valueRequired":true,"valueName":"search_term_string"}}],"inLanguage":"pt-PT"},{"@type":"Organization","@id":"https:\/\/www.csj-emballages.com\/pt-pt\/#Organization\/","name":"CSJ Emballages","url":"https:\/\/www.csj-emballages.com\/pt-pt\/","logo":{"@type":"ImageObject","inLanguage":"pt-PT","@id":"https:\/\/www.csj-emballages.com\/pt-pt\/#\/schema\/logo\/image\/","url":"https:\/\/www.csj-emballages.com\/wp-content\/uploads\/2023\/10\/logo_csj.webp","contentUrl":"https:\/\/www.csj-emballages.com\/wp-content\/uploads\/2023\/10\/logo_csj.webp","width":250,"height":95,"caption":"CSJ Emballages"},"image":{"@id":"https:\/\/www.csj-emballages.com\/pt-pt\/#\/schema\/logo\/image\/"},"sameAs":["https:\/\/www.facebook.com\/csjemballages"],"address":{"@type":"PostalAddress","streetAddress":"ZI La Lechere","addressLocality":"Patornay","postalCode":"39130","addressCountry":"FR"},"contactPoint":[{"@type":"ContactPoint","contactType":"Service client","telephone":"0384254272","email":"contact@csj-emballages.com"}]}]}},"df_price":1.99,"df_sale_price":"","df_regular_price":1.99,"df_image_link":"https:\/\/www.csj-emballages.com\/wp-content\/uploads\/2024\/03\/GM20J-300x300.webp","tiered_pricing_type":"fixed","tiered_pricing_fixed_rules":[],"tiered_pricing_percentage_rules":[],"tiered_pricing_minimum":1,"tiered_pricing_roles_data":[],"_links":{"self":[{"href":"https:\/\/www.csj-emballages.com\/pt-pt\/wp-json\/wp\/v2\/product\/21100","targetHints":{"allow":["GET"]}}],"collection":[{"href":"https:\/\/www.csj-emballages.com\/pt-pt\/wp-json\/wp\/v2\/product"}],"about":[{"href":"https:\/\/www.csj-emballages.com\/pt-pt\/wp-json\/wp\/v2\/types\/product"}],"wp:featuredmedia":[{"embeddable":true,"href":"https:\/\/www.csj-emballages.com\/pt-pt\/wp-json\/wp\/v2\/media\/277101"}],"wp:attachment":[{"href":"https:\/\/www.csj-emballages.com\/pt-pt\/wp-json\/wp\/v2\/media?parent=21100"}],"wp:term":[{"taxonomy":"product_brand","embeddable":true,"href":"https:\/\/www.csj-emballages.com\/pt-pt\/wp-json\/wp\/v2\/product_brand?post=21100"},{"taxonomy":"product_cat","embeddable":true,"href":"https:\/\/www.csj-emballages.com\/pt-pt\/wp-json\/wp\/v2\/product_cat?post=21100"},{"taxonomy":"product_tag","embeddable":true,"href":"https:\/\/www.csj-emballages.com\/pt-pt\/wp-json\/wp\/v2\/product_tag?post=21100"}],"curies":[{"name":"wp","href":"https:\/\/api.w.org\/{rel}","templated":true}]}}