{"id":21088,"date":"2024-03-01T16:53:28","date_gmt":"2024-03-01T15:53:28","guid":{"rendered":"https:\/\/u15jnbdpoq.preview.infomaniak.website\/produit\/8-copos-de-papel-de-20-cl-cest-la-fete\/"},"modified":"2026-04-14T02:16:47","modified_gmt":"2026-04-14T00:16:47","slug":"8-copos-de-papel-de-20-cl-cest-la-fete","status":"publish","type":"product","link":"https:\/\/www.csj-emballages.com\/pt-pt\/produit\/8-copos-de-papel-de-20-cl-cest-la-fete\/","title":{"rendered":"Copo de cart\u00e3o &#8220;c&#8217;est la f\u00eate&#8221; 20 cl, pack de 8"},"content":{"rendered":"<h2>Copo de cart\u00e3o<\/h2>\n<hr>\n<h3>Copo de cart\u00e3o &#8220;c&#8217;est la f\u00eate&#8221; 20 cl, pack de 8<\/h3>\n<p><!--more--><\/p>\n<p data-start=\"80\" data-end=\"333\">Traga um ambiente festivo \u00e0s suas bebidas com este <strong>copo de cart\u00e3o<\/strong> de design \u00fanico e acolhedor. Com o seu fundo preto elegante salpicado de toques dourados e a sua mensagem \u201c<strong>C\u2019est la f\u00eate<\/strong>\u201d, transforma cada servi\u00e7o num verdadeiro momento de conv\u00edvio. <\/p>\n<p data-start=\"335\" data-end=\"600\">Ideal para todas as suas ocasi\u00f5es festivas, este copo n\u00e3o passa despercebido. Seja para um anivers\u00e1rio, uma festa, um evento profissional ou uma anima\u00e7\u00e3o comercial, atrai imediatamente a aten\u00e7\u00e3o e refor\u00e7a o ambiente alegre do seu evento. <\/p>\n<p data-start=\"602\" data-end=\"822\">O seu formato de <strong>20 cl<\/strong> \u00e9 perfeitamente adaptado para servir caf\u00e9s, ch\u00e1s, chocolates quentes ou ainda bebidas frescas. Pr\u00e1tico e resistente, permite um servi\u00e7o r\u00e1pido garantindo uma apresenta\u00e7\u00e3o cuidada e moderna. <\/p>\n<p data-start=\"602\" data-end=\"822\">\n<p data-start=\"602\" data-end=\"822\"><!--more--><\/p>\n<h4 data-start=\"602\" data-end=\"822\">Vantagens :<\/h4>\n<ul>\n<li data-section-id=\"29k5b8\" data-start=\"1189\" data-end=\"1272\"><strong data-start=\"1194\" data-end=\"1224\">Design festivo e impactante<\/strong>: mensagem \u201cC\u2019est la f\u00eate\u201d com acabamento dourado<\/li>\n<li data-section-id=\"ml6fcy\" data-start=\"1273\" data-end=\"1346\">Ideal para bebidas quentes e frias<\/li>\n<li data-section-id=\"11sknjv\" data-start=\"1347\" data-end=\"1410\"><strong data-start=\"1354\" data-end=\"1368\">Polivalente<\/strong>: caf\u00e9, ch\u00e1, chocolate quente, sumos, refrigerantes<\/li>\n<li data-section-id=\"t6d1yh\" data-start=\"1411\" data-end=\"1493\">Perfeito para eventos ou uso profissional<\/li>\n<li data-section-id=\"y7qxxe\" data-start=\"1494\" data-end=\"1564\">Alternativa mais respons\u00e1vel ao pl\u00e1stico<\/li>\n<\/ul>\n<h3><\/h3>\n<p><!--more--><\/p>\n<h4>Outras informa\u00e7\u00f5es :<\/h4>\n<ul>\n<li><strong>Acondicionamento<\/strong>: Pack de 8<\/li>\n<li><strong>Di\u00e2metro superior<\/strong>: \u00d875 mm<\/li>\n<li><strong>Di\u00e2metro inferior<\/strong>: \u00d850 mm<\/li>\n<li><strong>Altura<\/strong>: 90 mm<\/li>\n<li><strong>Material<\/strong>: Cart\u00e3o<\/li>\n<li><strong>Cor<\/strong>: Preto \/ ouro<\/li>\n<\/ul>\n<p>&nbsp;<\/p>\n<p><!--more--><\/p>\n<p><a href=\"https:\/\/www.csj-emballages.com\/pt-pt\/categorie-produit\/embalagem-de-alimentos\/restauracao\/chavenas-copos-baldes-garrafas\/copos-de-cartao\/copos-de-papel-coloridos\/\">V\u00ea o resto da nossa gama de copos de papel coloridos<\/a><\/p>\n","protected":false},"excerpt":{"rendered":"<p>Copo de cart\u00e3o Copo de cart\u00e3o &#8220;c&#8217;est la f\u00eate&#8221; 20 cl, pack de 8<\/p>\n","protected":false},"featured_media":277073,"template":"","meta":{"_acf_changed":false},"product_brand":[],"product_cat":[1471,2713],"product_tag":[],"class_list":{"0":"post-21088","1":"product","2":"type-product","3":"status-publish","4":"has-post-thumbnail","6":"product_cat-chavenas-copos-baldes-garrafas","7":"product_cat-copos-de-papel-coloridos","9":"first","10":"instock","11":"sale","12":"taxable","13":"shipping-taxable","14":"purchasable","15":"product-type-simple"},"acf":[],"yoast_head":"<!-- This site is optimized with the Yoast SEO Premium plugin v26.6 (Yoast SEO v26.6) - https:\/\/yoast.com\/wordpress\/plugins\/seo\/ -->\n<title>Copo de Cart\u00e3o &quot;C&#039;est la f\u00eate&quot; 20 cl, pack de 8<\/title>\n<meta name=\"description\" content=\"Copo de cart\u00e3o \u201cC\u2019est la f\u00eate\u201d 20 cl: design festivo preto e dourado ideal para bebidas quentes ou frias. Perfeito para eventos e anivers\u00e1rios.\" \/>\n<meta name=\"robots\" content=\"index, follow, max-snippet:-1, max-image-preview:large, max-video-preview:-1\" \/>\n<link rel=\"canonical\" href=\"https:\/\/www.csj-emballages.com\/pt-pt\/produit\/8-copos-de-papel-de-20-cl-cest-la-fete\/\" \/>\n<meta property=\"og:locale\" content=\"pt_PT\" \/>\n<meta property=\"og:type\" content=\"article\" \/>\n<meta property=\"og:title\" content=\"Copo de cart\u00e3o &quot;c&#039;est la f\u00eate&quot; 20 cl, pack de 8\" \/>\n<meta property=\"og:description\" content=\"Copo de cart\u00e3o \u201cC\u2019est la f\u00eate\u201d 20 cl: design festivo preto e dourado ideal para bebidas quentes ou frias. Perfeito para eventos e anivers\u00e1rios.\" \/>\n<meta property=\"og:url\" content=\"https:\/\/www.csj-emballages.com\/pt-pt\/produit\/8-copos-de-papel-de-20-cl-cest-la-fete\/\" \/>\n<meta property=\"og:site_name\" content=\"CSJ Emballages\" \/>\n<meta property=\"article:publisher\" content=\"https:\/\/www.facebook.com\/csjemballages\" \/>\n<meta property=\"article:modified_time\" content=\"2026-04-14T00:16:47+00:00\" \/>\n<meta property=\"og:image\" content=\"https:\/\/www.csj-emballages.com\/wp-content\/uploads\/2024\/03\/GM20FETE.webp\" \/>\n\t<meta property=\"og:image:width\" content=\"800\" \/>\n\t<meta property=\"og:image:height\" content=\"800\" \/>\n\t<meta property=\"og:image:type\" content=\"image\/webp\" \/>\n<meta name=\"twitter:card\" content=\"summary_large_image\" \/>\n<meta name=\"twitter:label1\" content=\"Tempo estimado de leitura\" \/>\n\t<meta name=\"twitter:data1\" content=\"1 minuto\" \/>\n<script type=\"application\/ld+json\" class=\"yoast-schema-graph\">{\"@context\":\"https:\/\/schema.org\",\"@graph\":[{\"@type\":\"WebPage\",\"@id\":\"https:\/\/www.csj-emballages.com\/pt-pt\/produit\/8-copos-de-papel-de-20-cl-cest-la-fete\/\",\"url\":\"https:\/\/www.csj-emballages.com\/pt-pt\/produit\/8-copos-de-papel-de-20-cl-cest-la-fete\/\",\"name\":\"Copo de Cart\u00e3o \\\"C'est la f\u00eate\\\" 20 cl, pack de 8\",\"isPartOf\":{\"@id\":\"https:\/\/www.csj-emballages.com\/pt-pt\/#website\"},\"primaryImageOfPage\":{\"@id\":\"https:\/\/www.csj-emballages.com\/pt-pt\/produit\/8-copos-de-papel-de-20-cl-cest-la-fete\/#primaryimage\"},\"image\":{\"@id\":\"https:\/\/www.csj-emballages.com\/pt-pt\/produit\/8-copos-de-papel-de-20-cl-cest-la-fete\/#primaryimage\"},\"thumbnailUrl\":\"https:\/\/www.csj-emballages.com\/wp-content\/uploads\/2024\/03\/GM20FETE.webp\",\"datePublished\":\"2024-03-01T15:53:28+00:00\",\"dateModified\":\"2026-04-14T00:16:47+00:00\",\"description\":\"Copo de cart\u00e3o \u201cC\u2019est la f\u00eate\u201d 20 cl: design festivo preto e dourado ideal para bebidas quentes ou frias. Perfeito para eventos e anivers\u00e1rios.\",\"breadcrumb\":{\"@id\":\"https:\/\/www.csj-emballages.com\/pt-pt\/produit\/8-copos-de-papel-de-20-cl-cest-la-fete\/#breadcrumb\"},\"inLanguage\":\"pt-PT\",\"potentialAction\":[{\"@type\":\"ReadAction\",\"target\":[\"https:\/\/www.csj-emballages.com\/pt-pt\/produit\/8-copos-de-papel-de-20-cl-cest-la-fete\/\"]}]},{\"@type\":\"ImageObject\",\"inLanguage\":\"pt-PT\",\"@id\":\"https:\/\/www.csj-emballages.com\/pt-pt\/produit\/8-copos-de-papel-de-20-cl-cest-la-fete\/#primaryimage\",\"url\":\"https:\/\/www.csj-emballages.com\/wp-content\/uploads\/2024\/03\/GM20FETE.webp\",\"contentUrl\":\"https:\/\/www.csj-emballages.com\/wp-content\/uploads\/2024\/03\/GM20FETE.webp\",\"width\":800,\"height\":800,\"caption\":\"Gobelet carton\"},{\"@type\":\"BreadcrumbList\",\"@id\":\"https:\/\/www.csj-emballages.com\/pt-pt\/produit\/8-copos-de-papel-de-20-cl-cest-la-fete\/#breadcrumb\",\"itemListElement\":[{\"@type\":\"ListItem\",\"position\":1,\"name\":\"Acolhimento\",\"item\":\"https:\/\/www.csj-emballages.com\/pt-pt\/universo-das-embalagens-alimentares\/\"},{\"@type\":\"ListItem\",\"position\":2,\"name\":\"Shop\",\"item\":\"https:\/\/www.csj-emballages.com\/shop\/\"},{\"@type\":\"ListItem\",\"position\":3,\"name\":\"Copo de cart\u00e3o \u00ab\u00a0c&rsquo;est la f\u00eate\u00a0\u00bb 20 cl, pack de 8\"}]},{\"@type\":\"WebSite\",\"@id\":\"https:\/\/www.csj-emballages.com\/pt-pt\/#website\",\"url\":\"https:\/\/www.csj-emballages.com\/pt-pt\/\",\"name\":\"CSJ Emballages\",\"description\":\"\",\"publisher\":{\"@id\":\"https:\/\/www.csj-emballages.com\/pt-pt\/#organization\"},\"potentialAction\":[{\"@type\":\"SearchAction\",\"target\":{\"@type\":\"EntryPoint\",\"urlTemplate\":\"https:\/\/www.csj-emballages.com\/pt-pt\/?s={search_term_string}\"},\"query-input\":{\"@type\":\"PropertyValueSpecification\",\"valueRequired\":true,\"valueName\":\"search_term_string\"}}],\"inLanguage\":\"pt-PT\"},{\"@type\":\"Organization\",\"@id\":\"https:\/\/www.csj-emballages.com\/pt-pt\/#Organization\/\",\"name\":\"CSJ Emballages\",\"url\":\"https:\/\/www.csj-emballages.com\/pt-pt\/\",\"logo\":{\"@type\":\"ImageObject\",\"inLanguage\":\"pt-PT\",\"@id\":\"https:\/\/www.csj-emballages.com\/pt-pt\/#\/schema\/logo\/image\/\",\"url\":\"https:\/\/www.csj-emballages.com\/wp-content\/uploads\/2023\/10\/logo_csj.webp\",\"contentUrl\":\"https:\/\/www.csj-emballages.com\/wp-content\/uploads\/2023\/10\/logo_csj.webp\",\"width\":250,\"height\":95,\"caption\":\"CSJ Emballages\"},\"image\":{\"@id\":\"https:\/\/www.csj-emballages.com\/pt-pt\/#\/schema\/logo\/image\/\"},\"sameAs\":[\"https:\/\/www.facebook.com\/csjemballages\"],\"address\":{\"@type\":\"PostalAddress\",\"streetAddress\":\"ZI La Lechere\",\"addressLocality\":\"Patornay\",\"postalCode\":\"39130\",\"addressCountry\":\"FR\"},\"contactPoint\":[{\"@type\":\"ContactPoint\",\"contactType\":\"Service client\",\"telephone\":\"0384254272\",\"email\":\"contact@csj-emballages.com\"}]}]}<\/script>\n<!-- \/ Yoast SEO Premium plugin. -->","yoast_head_json":{"title":"Copo de Cart\u00e3o \"C'est la f\u00eate\" 20 cl, pack de 8","description":"Copo de cart\u00e3o \u201cC\u2019est la f\u00eate\u201d 20 cl: design festivo preto e dourado ideal para bebidas quentes ou frias. Perfeito para eventos e anivers\u00e1rios.","robots":{"index":"index","follow":"follow","max-snippet":"max-snippet:-1","max-image-preview":"max-image-preview:large","max-video-preview":"max-video-preview:-1"},"canonical":"https:\/\/www.csj-emballages.com\/pt-pt\/produit\/8-copos-de-papel-de-20-cl-cest-la-fete\/","og_locale":"pt_PT","og_type":"article","og_title":"Copo de cart\u00e3o \"c'est la f\u00eate\" 20 cl, pack de 8","og_description":"Copo de cart\u00e3o \u201cC\u2019est la f\u00eate\u201d 20 cl: design festivo preto e dourado ideal para bebidas quentes ou frias. Perfeito para eventos e anivers\u00e1rios.","og_url":"https:\/\/www.csj-emballages.com\/pt-pt\/produit\/8-copos-de-papel-de-20-cl-cest-la-fete\/","og_site_name":"CSJ Emballages","article_publisher":"https:\/\/www.facebook.com\/csjemballages","article_modified_time":"2026-04-14T00:16:47+00:00","og_image":[{"width":800,"height":800,"url":"https:\/\/www.csj-emballages.com\/wp-content\/uploads\/2024\/03\/GM20FETE.webp","type":"image\/webp"}],"twitter_card":"summary_large_image","twitter_misc":{"Tempo estimado de leitura":"1 minuto"},"schema":{"@context":"https:\/\/schema.org","@graph":[{"@type":"WebPage","@id":"https:\/\/www.csj-emballages.com\/pt-pt\/produit\/8-copos-de-papel-de-20-cl-cest-la-fete\/","url":"https:\/\/www.csj-emballages.com\/pt-pt\/produit\/8-copos-de-papel-de-20-cl-cest-la-fete\/","name":"Copo de Cart\u00e3o \"C'est la f\u00eate\" 20 cl, pack de 8","isPartOf":{"@id":"https:\/\/www.csj-emballages.com\/pt-pt\/#website"},"primaryImageOfPage":{"@id":"https:\/\/www.csj-emballages.com\/pt-pt\/produit\/8-copos-de-papel-de-20-cl-cest-la-fete\/#primaryimage"},"image":{"@id":"https:\/\/www.csj-emballages.com\/pt-pt\/produit\/8-copos-de-papel-de-20-cl-cest-la-fete\/#primaryimage"},"thumbnailUrl":"https:\/\/www.csj-emballages.com\/wp-content\/uploads\/2024\/03\/GM20FETE.webp","datePublished":"2024-03-01T15:53:28+00:00","dateModified":"2026-04-14T00:16:47+00:00","description":"Copo de cart\u00e3o \u201cC\u2019est la f\u00eate\u201d 20 cl: design festivo preto e dourado ideal para bebidas quentes ou frias. Perfeito para eventos e anivers\u00e1rios.","breadcrumb":{"@id":"https:\/\/www.csj-emballages.com\/pt-pt\/produit\/8-copos-de-papel-de-20-cl-cest-la-fete\/#breadcrumb"},"inLanguage":"pt-PT","potentialAction":[{"@type":"ReadAction","target":["https:\/\/www.csj-emballages.com\/pt-pt\/produit\/8-copos-de-papel-de-20-cl-cest-la-fete\/"]}]},{"@type":"ImageObject","inLanguage":"pt-PT","@id":"https:\/\/www.csj-emballages.com\/pt-pt\/produit\/8-copos-de-papel-de-20-cl-cest-la-fete\/#primaryimage","url":"https:\/\/www.csj-emballages.com\/wp-content\/uploads\/2024\/03\/GM20FETE.webp","contentUrl":"https:\/\/www.csj-emballages.com\/wp-content\/uploads\/2024\/03\/GM20FETE.webp","width":800,"height":800,"caption":"Gobelet carton"},{"@type":"BreadcrumbList","@id":"https:\/\/www.csj-emballages.com\/pt-pt\/produit\/8-copos-de-papel-de-20-cl-cest-la-fete\/#breadcrumb","itemListElement":[{"@type":"ListItem","position":1,"name":"Acolhimento","item":"https:\/\/www.csj-emballages.com\/pt-pt\/universo-das-embalagens-alimentares\/"},{"@type":"ListItem","position":2,"name":"Shop","item":"https:\/\/www.csj-emballages.com\/shop\/"},{"@type":"ListItem","position":3,"name":"Copo de cart\u00e3o \u00ab\u00a0c&rsquo;est la f\u00eate\u00a0\u00bb 20 cl, pack de 8"}]},{"@type":"WebSite","@id":"https:\/\/www.csj-emballages.com\/pt-pt\/#website","url":"https:\/\/www.csj-emballages.com\/pt-pt\/","name":"CSJ Emballages","description":"","publisher":{"@id":"https:\/\/www.csj-emballages.com\/pt-pt\/#organization"},"potentialAction":[{"@type":"SearchAction","target":{"@type":"EntryPoint","urlTemplate":"https:\/\/www.csj-emballages.com\/pt-pt\/?s={search_term_string}"},"query-input":{"@type":"PropertyValueSpecification","valueRequired":true,"valueName":"search_term_string"}}],"inLanguage":"pt-PT"},{"@type":"Organization","@id":"https:\/\/www.csj-emballages.com\/pt-pt\/#Organization\/","name":"CSJ Emballages","url":"https:\/\/www.csj-emballages.com\/pt-pt\/","logo":{"@type":"ImageObject","inLanguage":"pt-PT","@id":"https:\/\/www.csj-emballages.com\/pt-pt\/#\/schema\/logo\/image\/","url":"https:\/\/www.csj-emballages.com\/wp-content\/uploads\/2023\/10\/logo_csj.webp","contentUrl":"https:\/\/www.csj-emballages.com\/wp-content\/uploads\/2023\/10\/logo_csj.webp","width":250,"height":95,"caption":"CSJ Emballages"},"image":{"@id":"https:\/\/www.csj-emballages.com\/pt-pt\/#\/schema\/logo\/image\/"},"sameAs":["https:\/\/www.facebook.com\/csjemballages"],"address":{"@type":"PostalAddress","streetAddress":"ZI La Lechere","addressLocality":"Patornay","postalCode":"39130","addressCountry":"FR"},"contactPoint":[{"@type":"ContactPoint","contactType":"Service client","telephone":"0384254272","email":"contact@csj-emballages.com"}]}]}},"df_price":2.13,"df_sale_price":2.13,"df_regular_price":2.66,"df_image_link":"https:\/\/www.csj-emballages.com\/wp-content\/uploads\/2024\/03\/GM20FETE-300x300.webp","tiered_pricing_type":"fixed","tiered_pricing_fixed_rules":[],"tiered_pricing_percentage_rules":[],"tiered_pricing_minimum":1,"tiered_pricing_roles_data":[],"_links":{"self":[{"href":"https:\/\/www.csj-emballages.com\/pt-pt\/wp-json\/wp\/v2\/product\/21088","targetHints":{"allow":["GET"]}}],"collection":[{"href":"https:\/\/www.csj-emballages.com\/pt-pt\/wp-json\/wp\/v2\/product"}],"about":[{"href":"https:\/\/www.csj-emballages.com\/pt-pt\/wp-json\/wp\/v2\/types\/product"}],"wp:featuredmedia":[{"embeddable":true,"href":"https:\/\/www.csj-emballages.com\/pt-pt\/wp-json\/wp\/v2\/media\/277073"}],"wp:attachment":[{"href":"https:\/\/www.csj-emballages.com\/pt-pt\/wp-json\/wp\/v2\/media?parent=21088"}],"wp:term":[{"taxonomy":"product_brand","embeddable":true,"href":"https:\/\/www.csj-emballages.com\/pt-pt\/wp-json\/wp\/v2\/product_brand?post=21088"},{"taxonomy":"product_cat","embeddable":true,"href":"https:\/\/www.csj-emballages.com\/pt-pt\/wp-json\/wp\/v2\/product_cat?post=21088"},{"taxonomy":"product_tag","embeddable":true,"href":"https:\/\/www.csj-emballages.com\/pt-pt\/wp-json\/wp\/v2\/product_tag?post=21088"}],"curies":[{"name":"wp","href":"https:\/\/api.w.org\/{rel}","templated":true}]}}