{"id":21065,"date":"2024-03-01T16:53:28","date_gmt":"2024-03-01T15:53:28","guid":{"rendered":"https:\/\/u15jnbdpoq.preview.infomaniak.website\/produit\/25-copos-de-papel-preto-de-20-cl\/"},"modified":"2026-04-03T02:16:39","modified_gmt":"2026-04-03T00:16:39","slug":"25-copos-de-papel-preto-de-20-cl","status":"publish","type":"product","link":"https:\/\/www.csj-emballages.com\/pt-pt\/produit\/25-copos-de-papel-preto-de-20-cl\/","title":{"rendered":"Copo de cart\u00e3o preto 20 cl, pack de 25"},"content":{"rendered":"<h2 class=\"p1\">Copo de cart\u00e3o preto<\/h2>\n<hr>\n<h3>Descubra o nosso copo de cart\u00e3o preto 20 cl, pack de 25<\/h3>\n<p><!--more--><\/p>\n<p data-start=\"216\" data-end=\"485\">O <strong>copo de cart\u00e3o preto 20 cl<\/strong> \u00e9 ideal para o servi\u00e7o de bebidas quentes e frias em regime de take-away. Com o seu design s\u00f3brio e elegante, confere um toque moderno e profissional ao seu servi\u00e7o, seja em caf\u00e9s, padarias, snacks ou eventos. <\/p>\n<p data-start=\"487\" data-end=\"776\">A sua <strong>capacidade de 20 cl (200 ml)<\/strong> \u00e9 perfeita para um <strong>caf\u00e9 cheio, ch\u00e1, chocolate quente, cappuccino ou qualquer outra bebida servida em dose individual<\/strong>. Fabricado em cart\u00e3o resistente apto para contacto alimentar, oferece uma boa ader\u00eancia e limita a transmiss\u00e3o de calor. <\/p>\n<p data-start=\"778\" data-end=\"1009\">O seu <strong>acabamento preto<\/strong> confere um aspeto est\u00e9tico cuidado que se adapta a todos os ambientes, desde estabelecimentos tradicionais a conceitos mais contempor\u00e2neos. Leve e pr\u00e1tico, facilita o servi\u00e7o r\u00e1pido e o take-away. <\/p>\n<p data-start=\"1011\" data-end=\"1158\">Vendido em <strong>packs de 25 unidades<\/strong>, este <strong>copo<\/strong> constitui uma solu\u00e7\u00e3o simples e eficaz tanto para profissionais como para eventos pontuais.<\/p>\n<p>&nbsp;<\/p>\n<p><!--more--><\/p>\n<h4>Vantagens :<\/h4>\n<ul>\n<li data-start=\"1196\" data-end=\"1254\"><strong>Capacidade de 20 cl<\/strong> ideal para bebidas quentes ou frias.<\/li>\n<li data-start=\"1257\" data-end=\"1289\">Design elegante e moderno em preto.<\/li>\n<li data-start=\"1292\" data-end=\"1338\">Cart\u00e3o resistente apto para contacto alimentar.<\/li>\n<li data-start=\"1292\" data-end=\"1338\">Ideal para caf\u00e9s, ch\u00e1s e chocolates quentes.<\/li>\n<li data-start=\"1445\" data-end=\"1464\">Leve e pr\u00e1tico.<\/li>\n<li data-start=\"1467\" data-end=\"1500\">Embalagem de <strong>25 copos<\/strong>.<\/li>\n<\/ul>\n<p>&nbsp;<\/p>\n<p><!--more--><\/p>\n<h4>Outras informa\u00e7\u00f5es :<\/h4>\n<ul>\n<li><strong>Embalagem<\/strong>: Pacote de 25<\/li>\n<li><b>Volume<\/b>: 20 cl<\/li>\n<li><strong>Material<\/strong>: Cart\u00e3o<\/li>\n<li><strong>Cor<\/strong>: preto<\/li>\n<\/ul>\n<p>&nbsp;<\/p>\n<p><!--more--><\/p>\n<p><a href=\"https:\/\/www.csj-emballages.com\/pt-pt\/categorie-produit\/embalagem-de-alimentos\/restauracao\/chavenas-copos-baldes-garrafas\/copos-de-cartao\/copos-de-papel-coloridos\/\">Consulte o resto da nossa gama de copos de cart\u00e3o coloridos<\/a><\/p>\n","protected":false},"excerpt":{"rendered":"<p>Copo de cart\u00e3o preto Descubra o nosso copo de cart\u00e3o preto 20 cl, pack de 25<\/p>\n","protected":false},"featured_media":8736,"template":"","meta":{"_acf_changed":false},"product_brand":[],"product_cat":[1471,2713],"product_tag":[],"class_list":{"0":"post-21065","1":"product","2":"type-product","3":"status-publish","4":"has-post-thumbnail","6":"product_cat-chavenas-copos-baldes-garrafas","7":"product_cat-copos-de-papel-coloridos","9":"first","10":"instock","11":"taxable","12":"shipping-taxable","13":"purchasable","14":"product-type-simple"},"acf":[],"yoast_head":"<!-- This site is optimized with the Yoast SEO Premium plugin v26.6 (Yoast SEO v26.6) - https:\/\/yoast.com\/wordpress\/plugins\/seo\/ -->\n<title>Copo de Cart\u00e3o Preto 20 cl, pack de 25<\/title>\n<meta name=\"description\" content=\"Copo de cart\u00e3o preto 20 cl, pack de 25, ideal para caf\u00e9, ch\u00e1 e bebidas quentes para levar. Resistente, elegante e perfeito para profissionais ou particulares.\" \/>\n<meta name=\"robots\" content=\"index, follow, max-snippet:-1, max-image-preview:large, max-video-preview:-1\" \/>\n<link rel=\"canonical\" href=\"https:\/\/www.csj-emballages.com\/pt-pt\/produit\/25-copos-de-papel-preto-de-20-cl\/\" \/>\n<meta property=\"og:locale\" content=\"pt_PT\" \/>\n<meta property=\"og:type\" content=\"article\" \/>\n<meta property=\"og:title\" content=\"Copo de cart\u00e3o preto 20 cl, pack de 25\" \/>\n<meta property=\"og:description\" content=\"Copo de cart\u00e3o preto 20 cl, pack de 25, ideal para caf\u00e9, ch\u00e1 e bebidas quentes para levar. Resistente, elegante e perfeito para profissionais ou particulares.\" \/>\n<meta property=\"og:url\" content=\"https:\/\/www.csj-emballages.com\/pt-pt\/produit\/25-copos-de-papel-preto-de-20-cl\/\" \/>\n<meta property=\"og:site_name\" content=\"CSJ Emballages\" \/>\n<meta property=\"article:publisher\" content=\"https:\/\/www.facebook.com\/csjemballages\" \/>\n<meta property=\"article:modified_time\" content=\"2026-04-03T00:16:39+00:00\" \/>\n<meta property=\"og:image\" content=\"https:\/\/www.csj-emballages.com\/wp-content\/uploads\/2024\/03\/V547OZN-zoom-jpg.webp\" \/>\n\t<meta property=\"og:image:width\" content=\"800\" \/>\n\t<meta property=\"og:image:height\" content=\"794\" \/>\n\t<meta property=\"og:image:type\" content=\"image\/jpeg\" \/>\n<meta name=\"twitter:card\" content=\"summary_large_image\" \/>\n<meta name=\"twitter:label1\" content=\"Tempo estimado de leitura\" \/>\n\t<meta name=\"twitter:data1\" content=\"1 minuto\" \/>\n<script type=\"application\/ld+json\" class=\"yoast-schema-graph\">{\"@context\":\"https:\/\/schema.org\",\"@graph\":[{\"@type\":\"WebPage\",\"@id\":\"https:\/\/www.csj-emballages.com\/pt-pt\/produit\/25-copos-de-papel-preto-de-20-cl\/\",\"url\":\"https:\/\/www.csj-emballages.com\/pt-pt\/produit\/25-copos-de-papel-preto-de-20-cl\/\",\"name\":\"Copo de Cart\u00e3o Preto 20 cl, pack de 25\",\"isPartOf\":{\"@id\":\"https:\/\/www.csj-emballages.com\/pt-pt\/#website\"},\"primaryImageOfPage\":{\"@id\":\"https:\/\/www.csj-emballages.com\/pt-pt\/produit\/25-copos-de-papel-preto-de-20-cl\/#primaryimage\"},\"image\":{\"@id\":\"https:\/\/www.csj-emballages.com\/pt-pt\/produit\/25-copos-de-papel-preto-de-20-cl\/#primaryimage\"},\"thumbnailUrl\":\"https:\/\/www.csj-emballages.com\/wp-content\/uploads\/2024\/03\/V547OZN-zoom-jpg.webp\",\"datePublished\":\"2024-03-01T15:53:28+00:00\",\"dateModified\":\"2026-04-03T00:16:39+00:00\",\"description\":\"Copo de cart\u00e3o preto 20 cl, pack de 25, ideal para caf\u00e9, ch\u00e1 e bebidas quentes para levar. Resistente, elegante e perfeito para profissionais ou particulares.\",\"breadcrumb\":{\"@id\":\"https:\/\/www.csj-emballages.com\/pt-pt\/produit\/25-copos-de-papel-preto-de-20-cl\/#breadcrumb\"},\"inLanguage\":\"pt-PT\",\"potentialAction\":[{\"@type\":\"ReadAction\",\"target\":[\"https:\/\/www.csj-emballages.com\/pt-pt\/produit\/25-copos-de-papel-preto-de-20-cl\/\"]}]},{\"@type\":\"ImageObject\",\"inLanguage\":\"pt-PT\",\"@id\":\"https:\/\/www.csj-emballages.com\/pt-pt\/produit\/25-copos-de-papel-preto-de-20-cl\/#primaryimage\",\"url\":\"https:\/\/www.csj-emballages.com\/wp-content\/uploads\/2024\/03\/V547OZN-zoom-jpg.webp\",\"contentUrl\":\"https:\/\/www.csj-emballages.com\/wp-content\/uploads\/2024\/03\/V547OZN-zoom-jpg.webp\",\"width\":800,\"height\":794},{\"@type\":\"BreadcrumbList\",\"@id\":\"https:\/\/www.csj-emballages.com\/pt-pt\/produit\/25-copos-de-papel-preto-de-20-cl\/#breadcrumb\",\"itemListElement\":[{\"@type\":\"ListItem\",\"position\":1,\"name\":\"Acolhimento\",\"item\":\"https:\/\/www.csj-emballages.com\/pt-pt\/universo-das-embalagens-alimentares\/\"},{\"@type\":\"ListItem\",\"position\":2,\"name\":\"Shop\",\"item\":\"https:\/\/www.csj-emballages.com\/shop\/\"},{\"@type\":\"ListItem\",\"position\":3,\"name\":\"Copo de cart\u00e3o preto 20 cl, pack de 25\"}]},{\"@type\":\"WebSite\",\"@id\":\"https:\/\/www.csj-emballages.com\/pt-pt\/#website\",\"url\":\"https:\/\/www.csj-emballages.com\/pt-pt\/\",\"name\":\"CSJ Emballages\",\"description\":\"\",\"publisher\":{\"@id\":\"https:\/\/www.csj-emballages.com\/pt-pt\/#organization\"},\"potentialAction\":[{\"@type\":\"SearchAction\",\"target\":{\"@type\":\"EntryPoint\",\"urlTemplate\":\"https:\/\/www.csj-emballages.com\/pt-pt\/?s={search_term_string}\"},\"query-input\":{\"@type\":\"PropertyValueSpecification\",\"valueRequired\":true,\"valueName\":\"search_term_string\"}}],\"inLanguage\":\"pt-PT\"},{\"@type\":\"Organization\",\"@id\":\"https:\/\/www.csj-emballages.com\/pt-pt\/#Organization\/\",\"name\":\"CSJ Emballages\",\"url\":\"https:\/\/www.csj-emballages.com\/pt-pt\/\",\"logo\":{\"@type\":\"ImageObject\",\"inLanguage\":\"pt-PT\",\"@id\":\"https:\/\/www.csj-emballages.com\/pt-pt\/#\/schema\/logo\/image\/\",\"url\":\"https:\/\/www.csj-emballages.com\/wp-content\/uploads\/2023\/10\/logo_csj.webp\",\"contentUrl\":\"https:\/\/www.csj-emballages.com\/wp-content\/uploads\/2023\/10\/logo_csj.webp\",\"width\":250,\"height\":95,\"caption\":\"CSJ Emballages\"},\"image\":{\"@id\":\"https:\/\/www.csj-emballages.com\/pt-pt\/#\/schema\/logo\/image\/\"},\"sameAs\":[\"https:\/\/www.facebook.com\/csjemballages\"],\"address\":{\"@type\":\"PostalAddress\",\"streetAddress\":\"ZI La Lechere\",\"addressLocality\":\"Patornay\",\"postalCode\":\"39130\",\"addressCountry\":\"FR\"},\"contactPoint\":[{\"@type\":\"ContactPoint\",\"contactType\":\"Service client\",\"telephone\":\"0384254272\",\"email\":\"contact@csj-emballages.com\"}]}]}<\/script>\n<!-- \/ Yoast SEO Premium plugin. -->","yoast_head_json":{"title":"Copo de Cart\u00e3o Preto 20 cl, pack de 25","description":"Copo de cart\u00e3o preto 20 cl, pack de 25, ideal para caf\u00e9, ch\u00e1 e bebidas quentes para levar. Resistente, elegante e perfeito para profissionais ou particulares.","robots":{"index":"index","follow":"follow","max-snippet":"max-snippet:-1","max-image-preview":"max-image-preview:large","max-video-preview":"max-video-preview:-1"},"canonical":"https:\/\/www.csj-emballages.com\/pt-pt\/produit\/25-copos-de-papel-preto-de-20-cl\/","og_locale":"pt_PT","og_type":"article","og_title":"Copo de cart\u00e3o preto 20 cl, pack de 25","og_description":"Copo de cart\u00e3o preto 20 cl, pack de 25, ideal para caf\u00e9, ch\u00e1 e bebidas quentes para levar. Resistente, elegante e perfeito para profissionais ou particulares.","og_url":"https:\/\/www.csj-emballages.com\/pt-pt\/produit\/25-copos-de-papel-preto-de-20-cl\/","og_site_name":"CSJ Emballages","article_publisher":"https:\/\/www.facebook.com\/csjemballages","article_modified_time":"2026-04-03T00:16:39+00:00","og_image":[{"width":800,"height":794,"url":"https:\/\/www.csj-emballages.com\/wp-content\/uploads\/2024\/03\/V547OZN-zoom-jpg.webp","type":"image\/jpeg"}],"twitter_card":"summary_large_image","twitter_misc":{"Tempo estimado de leitura":"1 minuto"},"schema":{"@context":"https:\/\/schema.org","@graph":[{"@type":"WebPage","@id":"https:\/\/www.csj-emballages.com\/pt-pt\/produit\/25-copos-de-papel-preto-de-20-cl\/","url":"https:\/\/www.csj-emballages.com\/pt-pt\/produit\/25-copos-de-papel-preto-de-20-cl\/","name":"Copo de Cart\u00e3o Preto 20 cl, pack de 25","isPartOf":{"@id":"https:\/\/www.csj-emballages.com\/pt-pt\/#website"},"primaryImageOfPage":{"@id":"https:\/\/www.csj-emballages.com\/pt-pt\/produit\/25-copos-de-papel-preto-de-20-cl\/#primaryimage"},"image":{"@id":"https:\/\/www.csj-emballages.com\/pt-pt\/produit\/25-copos-de-papel-preto-de-20-cl\/#primaryimage"},"thumbnailUrl":"https:\/\/www.csj-emballages.com\/wp-content\/uploads\/2024\/03\/V547OZN-zoom-jpg.webp","datePublished":"2024-03-01T15:53:28+00:00","dateModified":"2026-04-03T00:16:39+00:00","description":"Copo de cart\u00e3o preto 20 cl, pack de 25, ideal para caf\u00e9, ch\u00e1 e bebidas quentes para levar. Resistente, elegante e perfeito para profissionais ou particulares.","breadcrumb":{"@id":"https:\/\/www.csj-emballages.com\/pt-pt\/produit\/25-copos-de-papel-preto-de-20-cl\/#breadcrumb"},"inLanguage":"pt-PT","potentialAction":[{"@type":"ReadAction","target":["https:\/\/www.csj-emballages.com\/pt-pt\/produit\/25-copos-de-papel-preto-de-20-cl\/"]}]},{"@type":"ImageObject","inLanguage":"pt-PT","@id":"https:\/\/www.csj-emballages.com\/pt-pt\/produit\/25-copos-de-papel-preto-de-20-cl\/#primaryimage","url":"https:\/\/www.csj-emballages.com\/wp-content\/uploads\/2024\/03\/V547OZN-zoom-jpg.webp","contentUrl":"https:\/\/www.csj-emballages.com\/wp-content\/uploads\/2024\/03\/V547OZN-zoom-jpg.webp","width":800,"height":794},{"@type":"BreadcrumbList","@id":"https:\/\/www.csj-emballages.com\/pt-pt\/produit\/25-copos-de-papel-preto-de-20-cl\/#breadcrumb","itemListElement":[{"@type":"ListItem","position":1,"name":"Acolhimento","item":"https:\/\/www.csj-emballages.com\/pt-pt\/universo-das-embalagens-alimentares\/"},{"@type":"ListItem","position":2,"name":"Shop","item":"https:\/\/www.csj-emballages.com\/shop\/"},{"@type":"ListItem","position":3,"name":"Copo de cart\u00e3o preto 20 cl, pack de 25"}]},{"@type":"WebSite","@id":"https:\/\/www.csj-emballages.com\/pt-pt\/#website","url":"https:\/\/www.csj-emballages.com\/pt-pt\/","name":"CSJ Emballages","description":"","publisher":{"@id":"https:\/\/www.csj-emballages.com\/pt-pt\/#organization"},"potentialAction":[{"@type":"SearchAction","target":{"@type":"EntryPoint","urlTemplate":"https:\/\/www.csj-emballages.com\/pt-pt\/?s={search_term_string}"},"query-input":{"@type":"PropertyValueSpecification","valueRequired":true,"valueName":"search_term_string"}}],"inLanguage":"pt-PT"},{"@type":"Organization","@id":"https:\/\/www.csj-emballages.com\/pt-pt\/#Organization\/","name":"CSJ Emballages","url":"https:\/\/www.csj-emballages.com\/pt-pt\/","logo":{"@type":"ImageObject","inLanguage":"pt-PT","@id":"https:\/\/www.csj-emballages.com\/pt-pt\/#\/schema\/logo\/image\/","url":"https:\/\/www.csj-emballages.com\/wp-content\/uploads\/2023\/10\/logo_csj.webp","contentUrl":"https:\/\/www.csj-emballages.com\/wp-content\/uploads\/2023\/10\/logo_csj.webp","width":250,"height":95,"caption":"CSJ Emballages"},"image":{"@id":"https:\/\/www.csj-emballages.com\/pt-pt\/#\/schema\/logo\/image\/"},"sameAs":["https:\/\/www.facebook.com\/csjemballages"],"address":{"@type":"PostalAddress","streetAddress":"ZI La Lechere","addressLocality":"Patornay","postalCode":"39130","addressCountry":"FR"},"contactPoint":[{"@type":"ContactPoint","contactType":"Service client","telephone":"0384254272","email":"contact@csj-emballages.com"}]}]}},"df_price":1.99,"df_sale_price":"","df_regular_price":1.99,"df_image_link":"https:\/\/www.csj-emballages.com\/wp-content\/uploads\/2024\/03\/V547OZN-zoom-300x298.webp","tiered_pricing_type":"fixed","tiered_pricing_fixed_rules":[],"tiered_pricing_percentage_rules":[],"tiered_pricing_minimum":1,"tiered_pricing_roles_data":[],"_links":{"self":[{"href":"https:\/\/www.csj-emballages.com\/pt-pt\/wp-json\/wp\/v2\/product\/21065","targetHints":{"allow":["GET"]}}],"collection":[{"href":"https:\/\/www.csj-emballages.com\/pt-pt\/wp-json\/wp\/v2\/product"}],"about":[{"href":"https:\/\/www.csj-emballages.com\/pt-pt\/wp-json\/wp\/v2\/types\/product"}],"wp:featuredmedia":[{"embeddable":true,"href":"https:\/\/www.csj-emballages.com\/pt-pt\/wp-json\/wp\/v2\/media\/8736"}],"wp:attachment":[{"href":"https:\/\/www.csj-emballages.com\/pt-pt\/wp-json\/wp\/v2\/media?parent=21065"}],"wp:term":[{"taxonomy":"product_brand","embeddable":true,"href":"https:\/\/www.csj-emballages.com\/pt-pt\/wp-json\/wp\/v2\/product_brand?post=21065"},{"taxonomy":"product_cat","embeddable":true,"href":"https:\/\/www.csj-emballages.com\/pt-pt\/wp-json\/wp\/v2\/product_cat?post=21065"},{"taxonomy":"product_tag","embeddable":true,"href":"https:\/\/www.csj-emballages.com\/pt-pt\/wp-json\/wp\/v2\/product_tag?post=21065"}],"curies":[{"name":"wp","href":"https:\/\/api.w.org\/{rel}","templated":true}]}}