{"id":21061,"date":"2024-03-01T16:53:28","date_gmt":"2024-03-01T15:53:28","guid":{"rendered":"https:\/\/u15jnbdpoq.preview.infomaniak.website\/produit\/25-copos-de-cartao-dourados-de-20-cl\/"},"modified":"2026-04-14T02:16:54","modified_gmt":"2026-04-14T00:16:54","slug":"25-copos-de-cartao-dourados-de-20-cl","status":"publish","type":"product","link":"https:\/\/www.csj-emballages.com\/pt-pt\/produit\/25-copos-de-cartao-dourados-de-20-cl\/","title":{"rendered":"Copo de cart\u00e3o dourado 20 cl por 25"},"content":{"rendered":"<h2>Copo de cart\u00e3o dourado<\/h2>\n<hr>\n<h3>Copo de cart\u00e3o dourado 20 cl por 25<\/h3>\n<p><!--more--><\/p>\n<p data-start=\"84\" data-end=\"393\">Acrescente um verdadeiro valor ao seu servi\u00e7o com este <strong>copo de cart\u00e3o dourado<\/strong>. Muito mais do que um simples recipiente, torna-se num verdadeiro elemento de apresenta\u00e7\u00e3o que atrai o olhar e valoriza imediatamente as suas bebidas. <\/p>\n<p data-start=\"395\" data-end=\"794\">Quer seja restaurador, empres\u00e1rio de catering, gestor de um coffee shop ou organizador de eventos, este <strong>copo de 20 cl<\/strong> adapta-se a todas as situa\u00e7\u00f5es. O seu formato \u00e9 ideal para servir um caf\u00e9, um ch\u00e1, um chocolate quente, mas tamb\u00e9m bebidas frias como sumos ou refrigerantes. A sua <strong>tonalidade dourada<\/strong> confere um toque premium que faz toda a diferen\u00e7a, nomeadamente em eventos festivos ou de gama alta.  <\/p>\n<p data-start=\"796\" data-end=\"1134\">Concebido para uma utiliza\u00e7\u00e3o pr\u00e1tica no dia a dia, este <strong>copo<\/strong> \u00e9 simultaneamente leve, resistente e agrad\u00e1vel de segurar. Permite-lhe servir rapidamente garantindo uma experi\u00eancia de cliente cuidada. O seu acondicionamento por <strong>25 unidades<\/strong> \u00e9 perfeito para gerir facilmente os seus stocks, seja para uso pontual ou regular.  <\/p>\n<p data-start=\"796\" data-end=\"1134\">\n<p data-start=\"796\" data-end=\"1134\"><!--more--><\/p>\n<h4 data-start=\"796\" data-end=\"1134\">Vantagens :<\/h4>\n<ul>\n<li data-section-id=\"1rwos0j\" data-start=\"1550\" data-end=\"1649\">Cor dourada para uma apresenta\u00e7\u00e3o elegante e diferenciadora<\/li>\n<li data-section-id=\"11wz0y8\" data-start=\"1650\" data-end=\"1746\"><strong data-start=\"1655\" data-end=\"1685\">Capacidade ideal de 20 cl<\/strong>: perfeita para todas as bebidas, quentes ou frias<\/li>\n<li data-section-id=\"1oh88z3\" data-start=\"1747\" data-end=\"1842\">Adequado para caf\u00e9s, ch\u00e1s, chocolates quentes, sumos e refrigerantes<\/li>\n<li data-section-id=\"1qc0yi\" data-start=\"1843\" data-end=\"1933\">Pr\u00e1tico para necessidades quotidianas ou eventos pontuais<\/li>\n<li data-section-id=\"1dt3zln\" data-start=\"1934\" data-end=\"2025\">Solu\u00e7\u00e3o mais respeitadora do ambiente do que o pl\u00e1stico<\/li>\n<\/ul>\n<p>&nbsp;<\/p>\n<p><!--more--><\/p>\n<h4>Outras informa\u00e7\u00f5es :<\/h4>\n<ul>\n<li><strong>Embalagem<\/strong>: Pacote de 25<\/li>\n<li><b>Di\u00e2metro do fundo: <\/b>48 mm<\/li>\n<li><strong>Di\u00e2metro superior<\/strong>: 67 mm<\/li>\n<li><strong>Altura<\/strong>: 80 mm<\/li>\n<li><strong>Volume<\/strong>: 20 cl<\/li>\n<li><strong>Material<\/strong>: Cart\u00e3o<\/li>\n<\/ul>\n<p>&nbsp;<\/p>\n<p><!--more--><\/p>\n<p><a href=\"https:\/\/www.csj-emballages.com\/pt-pt\/categorie-produit\/embalagem-de-alimentos\/restauracao\/chavenas-copos-baldes-garrafas\/copos-de-cartao\/copos-de-papel-coloridos\/\">V\u00ea o resto da nossa gama de copos de papel coloridos<\/a><\/p>\n","protected":false},"excerpt":{"rendered":"<p>Copo de cart\u00e3o dourado Copo de cart\u00e3o dourado 20 cl por 25<\/p>\n","protected":false},"featured_media":277055,"template":"","meta":{"_acf_changed":false},"product_brand":[],"product_cat":[1471,2713],"product_tag":[],"class_list":{"0":"post-21061","1":"product","2":"type-product","3":"status-publish","4":"has-post-thumbnail","6":"product_cat-chavenas-copos-baldes-garrafas","7":"product_cat-copos-de-papel-coloridos","9":"first","10":"instock","11":"taxable","12":"shipping-taxable","13":"purchasable","14":"product-type-simple"},"acf":[],"yoast_head":"<!-- This site is optimized with the Yoast SEO Premium plugin v26.6 (Yoast SEO v26.6) - https:\/\/yoast.com\/wordpress\/plugins\/seo\/ -->\n<title>Copo de Cart\u00e3o Dourado 20 cl por 25<\/title>\n<meta name=\"description\" content=\"Copo de cart\u00e3o dourado 20 cl por 25: design elegante e pr\u00e1tico para bebidas quentes ou frias. Catering e eventos festivos.\" \/>\n<meta name=\"robots\" content=\"index, follow, max-snippet:-1, max-image-preview:large, max-video-preview:-1\" \/>\n<link rel=\"canonical\" href=\"https:\/\/www.csj-emballages.com\/pt-pt\/produit\/25-copos-de-cartao-dourados-de-20-cl\/\" \/>\n<meta property=\"og:locale\" content=\"pt_PT\" \/>\n<meta property=\"og:type\" content=\"article\" \/>\n<meta property=\"og:title\" content=\"Copo de cart\u00e3o dourado 20 cl por 25\" \/>\n<meta property=\"og:description\" content=\"Copo de cart\u00e3o dourado 20 cl por 25: design elegante e pr\u00e1tico para bebidas quentes ou frias. Catering e eventos festivos.\" \/>\n<meta property=\"og:url\" content=\"https:\/\/www.csj-emballages.com\/pt-pt\/produit\/25-copos-de-cartao-dourados-de-20-cl\/\" \/>\n<meta property=\"og:site_name\" content=\"CSJ Emballages\" \/>\n<meta property=\"article:publisher\" content=\"https:\/\/www.facebook.com\/csjemballages\" \/>\n<meta property=\"article:modified_time\" content=\"2026-04-14T00:16:54+00:00\" \/>\n<meta property=\"og:image\" content=\"https:\/\/www.csj-emballages.com\/wp-content\/uploads\/2024\/03\/GM20ORR.webp\" \/>\n\t<meta property=\"og:image:width\" content=\"800\" \/>\n\t<meta property=\"og:image:height\" content=\"800\" \/>\n\t<meta property=\"og:image:type\" content=\"image\/webp\" \/>\n<meta name=\"twitter:card\" content=\"summary_large_image\" \/>\n<meta name=\"twitter:label1\" content=\"Tempo estimado de leitura\" \/>\n\t<meta name=\"twitter:data1\" content=\"1 minuto\" \/>\n<script type=\"application\/ld+json\" class=\"yoast-schema-graph\">{\"@context\":\"https:\/\/schema.org\",\"@graph\":[{\"@type\":\"WebPage\",\"@id\":\"https:\/\/www.csj-emballages.com\/pt-pt\/produit\/25-copos-de-cartao-dourados-de-20-cl\/\",\"url\":\"https:\/\/www.csj-emballages.com\/pt-pt\/produit\/25-copos-de-cartao-dourados-de-20-cl\/\",\"name\":\"Copo de Cart\u00e3o Dourado 20 cl por 25\",\"isPartOf\":{\"@id\":\"https:\/\/www.csj-emballages.com\/pt-pt\/#website\"},\"primaryImageOfPage\":{\"@id\":\"https:\/\/www.csj-emballages.com\/pt-pt\/produit\/25-copos-de-cartao-dourados-de-20-cl\/#primaryimage\"},\"image\":{\"@id\":\"https:\/\/www.csj-emballages.com\/pt-pt\/produit\/25-copos-de-cartao-dourados-de-20-cl\/#primaryimage\"},\"thumbnailUrl\":\"https:\/\/www.csj-emballages.com\/wp-content\/uploads\/2024\/03\/GM20ORR.webp\",\"datePublished\":\"2024-03-01T15:53:28+00:00\",\"dateModified\":\"2026-04-14T00:16:54+00:00\",\"description\":\"Copo de cart\u00e3o dourado 20 cl por 25: design elegante e pr\u00e1tico para bebidas quentes ou frias. Catering e eventos festivos.\",\"breadcrumb\":{\"@id\":\"https:\/\/www.csj-emballages.com\/pt-pt\/produit\/25-copos-de-cartao-dourados-de-20-cl\/#breadcrumb\"},\"inLanguage\":\"pt-PT\",\"potentialAction\":[{\"@type\":\"ReadAction\",\"target\":[\"https:\/\/www.csj-emballages.com\/pt-pt\/produit\/25-copos-de-cartao-dourados-de-20-cl\/\"]}]},{\"@type\":\"ImageObject\",\"inLanguage\":\"pt-PT\",\"@id\":\"https:\/\/www.csj-emballages.com\/pt-pt\/produit\/25-copos-de-cartao-dourados-de-20-cl\/#primaryimage\",\"url\":\"https:\/\/www.csj-emballages.com\/wp-content\/uploads\/2024\/03\/GM20ORR.webp\",\"contentUrl\":\"https:\/\/www.csj-emballages.com\/wp-content\/uploads\/2024\/03\/GM20ORR.webp\",\"width\":800,\"height\":800,\"caption\":\"Gobelet carton or\"},{\"@type\":\"BreadcrumbList\",\"@id\":\"https:\/\/www.csj-emballages.com\/pt-pt\/produit\/25-copos-de-cartao-dourados-de-20-cl\/#breadcrumb\",\"itemListElement\":[{\"@type\":\"ListItem\",\"position\":1,\"name\":\"Acolhimento\",\"item\":\"https:\/\/www.csj-emballages.com\/pt-pt\/universo-das-embalagens-alimentares\/\"},{\"@type\":\"ListItem\",\"position\":2,\"name\":\"Shop\",\"item\":\"https:\/\/www.csj-emballages.com\/shop\/\"},{\"@type\":\"ListItem\",\"position\":3,\"name\":\"Copo de cart\u00e3o dourado 20 cl por 25\"}]},{\"@type\":\"WebSite\",\"@id\":\"https:\/\/www.csj-emballages.com\/pt-pt\/#website\",\"url\":\"https:\/\/www.csj-emballages.com\/pt-pt\/\",\"name\":\"CSJ Emballages\",\"description\":\"\",\"publisher\":{\"@id\":\"https:\/\/www.csj-emballages.com\/pt-pt\/#organization\"},\"potentialAction\":[{\"@type\":\"SearchAction\",\"target\":{\"@type\":\"EntryPoint\",\"urlTemplate\":\"https:\/\/www.csj-emballages.com\/pt-pt\/?s={search_term_string}\"},\"query-input\":{\"@type\":\"PropertyValueSpecification\",\"valueRequired\":true,\"valueName\":\"search_term_string\"}}],\"inLanguage\":\"pt-PT\"},{\"@type\":\"Organization\",\"@id\":\"https:\/\/www.csj-emballages.com\/pt-pt\/#Organization\/\",\"name\":\"CSJ Emballages\",\"url\":\"https:\/\/www.csj-emballages.com\/pt-pt\/\",\"logo\":{\"@type\":\"ImageObject\",\"inLanguage\":\"pt-PT\",\"@id\":\"https:\/\/www.csj-emballages.com\/pt-pt\/#\/schema\/logo\/image\/\",\"url\":\"https:\/\/www.csj-emballages.com\/wp-content\/uploads\/2023\/10\/logo_csj.webp\",\"contentUrl\":\"https:\/\/www.csj-emballages.com\/wp-content\/uploads\/2023\/10\/logo_csj.webp\",\"width\":250,\"height\":95,\"caption\":\"CSJ Emballages\"},\"image\":{\"@id\":\"https:\/\/www.csj-emballages.com\/pt-pt\/#\/schema\/logo\/image\/\"},\"sameAs\":[\"https:\/\/www.facebook.com\/csjemballages\"],\"address\":{\"@type\":\"PostalAddress\",\"streetAddress\":\"ZI La Lechere\",\"addressLocality\":\"Patornay\",\"postalCode\":\"39130\",\"addressCountry\":\"FR\"},\"contactPoint\":[{\"@type\":\"ContactPoint\",\"contactType\":\"Service client\",\"telephone\":\"0384254272\",\"email\":\"contact@csj-emballages.com\"}]}]}<\/script>\n<!-- \/ Yoast SEO Premium plugin. -->","yoast_head_json":{"title":"Copo de Cart\u00e3o Dourado 20 cl por 25","description":"Copo de cart\u00e3o dourado 20 cl por 25: design elegante e pr\u00e1tico para bebidas quentes ou frias. Catering e eventos festivos.","robots":{"index":"index","follow":"follow","max-snippet":"max-snippet:-1","max-image-preview":"max-image-preview:large","max-video-preview":"max-video-preview:-1"},"canonical":"https:\/\/www.csj-emballages.com\/pt-pt\/produit\/25-copos-de-cartao-dourados-de-20-cl\/","og_locale":"pt_PT","og_type":"article","og_title":"Copo de cart\u00e3o dourado 20 cl por 25","og_description":"Copo de cart\u00e3o dourado 20 cl por 25: design elegante e pr\u00e1tico para bebidas quentes ou frias. Catering e eventos festivos.","og_url":"https:\/\/www.csj-emballages.com\/pt-pt\/produit\/25-copos-de-cartao-dourados-de-20-cl\/","og_site_name":"CSJ Emballages","article_publisher":"https:\/\/www.facebook.com\/csjemballages","article_modified_time":"2026-04-14T00:16:54+00:00","og_image":[{"width":800,"height":800,"url":"https:\/\/www.csj-emballages.com\/wp-content\/uploads\/2024\/03\/GM20ORR.webp","type":"image\/webp"}],"twitter_card":"summary_large_image","twitter_misc":{"Tempo estimado de leitura":"1 minuto"},"schema":{"@context":"https:\/\/schema.org","@graph":[{"@type":"WebPage","@id":"https:\/\/www.csj-emballages.com\/pt-pt\/produit\/25-copos-de-cartao-dourados-de-20-cl\/","url":"https:\/\/www.csj-emballages.com\/pt-pt\/produit\/25-copos-de-cartao-dourados-de-20-cl\/","name":"Copo de Cart\u00e3o Dourado 20 cl por 25","isPartOf":{"@id":"https:\/\/www.csj-emballages.com\/pt-pt\/#website"},"primaryImageOfPage":{"@id":"https:\/\/www.csj-emballages.com\/pt-pt\/produit\/25-copos-de-cartao-dourados-de-20-cl\/#primaryimage"},"image":{"@id":"https:\/\/www.csj-emballages.com\/pt-pt\/produit\/25-copos-de-cartao-dourados-de-20-cl\/#primaryimage"},"thumbnailUrl":"https:\/\/www.csj-emballages.com\/wp-content\/uploads\/2024\/03\/GM20ORR.webp","datePublished":"2024-03-01T15:53:28+00:00","dateModified":"2026-04-14T00:16:54+00:00","description":"Copo de cart\u00e3o dourado 20 cl por 25: design elegante e pr\u00e1tico para bebidas quentes ou frias. Catering e eventos festivos.","breadcrumb":{"@id":"https:\/\/www.csj-emballages.com\/pt-pt\/produit\/25-copos-de-cartao-dourados-de-20-cl\/#breadcrumb"},"inLanguage":"pt-PT","potentialAction":[{"@type":"ReadAction","target":["https:\/\/www.csj-emballages.com\/pt-pt\/produit\/25-copos-de-cartao-dourados-de-20-cl\/"]}]},{"@type":"ImageObject","inLanguage":"pt-PT","@id":"https:\/\/www.csj-emballages.com\/pt-pt\/produit\/25-copos-de-cartao-dourados-de-20-cl\/#primaryimage","url":"https:\/\/www.csj-emballages.com\/wp-content\/uploads\/2024\/03\/GM20ORR.webp","contentUrl":"https:\/\/www.csj-emballages.com\/wp-content\/uploads\/2024\/03\/GM20ORR.webp","width":800,"height":800,"caption":"Gobelet carton or"},{"@type":"BreadcrumbList","@id":"https:\/\/www.csj-emballages.com\/pt-pt\/produit\/25-copos-de-cartao-dourados-de-20-cl\/#breadcrumb","itemListElement":[{"@type":"ListItem","position":1,"name":"Acolhimento","item":"https:\/\/www.csj-emballages.com\/pt-pt\/universo-das-embalagens-alimentares\/"},{"@type":"ListItem","position":2,"name":"Shop","item":"https:\/\/www.csj-emballages.com\/shop\/"},{"@type":"ListItem","position":3,"name":"Copo de cart\u00e3o dourado 20 cl por 25"}]},{"@type":"WebSite","@id":"https:\/\/www.csj-emballages.com\/pt-pt\/#website","url":"https:\/\/www.csj-emballages.com\/pt-pt\/","name":"CSJ Emballages","description":"","publisher":{"@id":"https:\/\/www.csj-emballages.com\/pt-pt\/#organization"},"potentialAction":[{"@type":"SearchAction","target":{"@type":"EntryPoint","urlTemplate":"https:\/\/www.csj-emballages.com\/pt-pt\/?s={search_term_string}"},"query-input":{"@type":"PropertyValueSpecification","valueRequired":true,"valueName":"search_term_string"}}],"inLanguage":"pt-PT"},{"@type":"Organization","@id":"https:\/\/www.csj-emballages.com\/pt-pt\/#Organization\/","name":"CSJ Emballages","url":"https:\/\/www.csj-emballages.com\/pt-pt\/","logo":{"@type":"ImageObject","inLanguage":"pt-PT","@id":"https:\/\/www.csj-emballages.com\/pt-pt\/#\/schema\/logo\/image\/","url":"https:\/\/www.csj-emballages.com\/wp-content\/uploads\/2023\/10\/logo_csj.webp","contentUrl":"https:\/\/www.csj-emballages.com\/wp-content\/uploads\/2023\/10\/logo_csj.webp","width":250,"height":95,"caption":"CSJ Emballages"},"image":{"@id":"https:\/\/www.csj-emballages.com\/pt-pt\/#\/schema\/logo\/image\/"},"sameAs":["https:\/\/www.facebook.com\/csjemballages"],"address":{"@type":"PostalAddress","streetAddress":"ZI La Lechere","addressLocality":"Patornay","postalCode":"39130","addressCountry":"FR"},"contactPoint":[{"@type":"ContactPoint","contactType":"Service client","telephone":"0384254272","email":"contact@csj-emballages.com"}]}]}},"df_price":2.5,"df_sale_price":"","df_regular_price":2.5,"df_image_link":"https:\/\/www.csj-emballages.com\/wp-content\/uploads\/2024\/03\/GM20ORR-300x300.webp","tiered_pricing_type":"fixed","tiered_pricing_fixed_rules":[],"tiered_pricing_percentage_rules":[],"tiered_pricing_minimum":1,"tiered_pricing_roles_data":[],"_links":{"self":[{"href":"https:\/\/www.csj-emballages.com\/pt-pt\/wp-json\/wp\/v2\/product\/21061","targetHints":{"allow":["GET"]}}],"collection":[{"href":"https:\/\/www.csj-emballages.com\/pt-pt\/wp-json\/wp\/v2\/product"}],"about":[{"href":"https:\/\/www.csj-emballages.com\/pt-pt\/wp-json\/wp\/v2\/types\/product"}],"wp:featuredmedia":[{"embeddable":true,"href":"https:\/\/www.csj-emballages.com\/pt-pt\/wp-json\/wp\/v2\/media\/277055"}],"wp:attachment":[{"href":"https:\/\/www.csj-emballages.com\/pt-pt\/wp-json\/wp\/v2\/media?parent=21061"}],"wp:term":[{"taxonomy":"product_brand","embeddable":true,"href":"https:\/\/www.csj-emballages.com\/pt-pt\/wp-json\/wp\/v2\/product_brand?post=21061"},{"taxonomy":"product_cat","embeddable":true,"href":"https:\/\/www.csj-emballages.com\/pt-pt\/wp-json\/wp\/v2\/product_cat?post=21061"},{"taxonomy":"product_tag","embeddable":true,"href":"https:\/\/www.csj-emballages.com\/pt-pt\/wp-json\/wp\/v2\/product_tag?post=21061"}],"curies":[{"name":"wp","href":"https:\/\/api.w.org\/{rel}","templated":true}]}}