{"id":21019,"date":"2024-03-01T16:53:29","date_gmt":"2024-03-01T15:53:29","guid":{"rendered":"https:\/\/u15jnbdpoq.preview.infomaniak.website\/produit\/25-copos-de-papel-de-20-cl-azul-marinho\/"},"modified":"2026-03-12T16:25:48","modified_gmt":"2026-03-12T15:25:48","slug":"25-copos-de-papel-de-20-cl-azul-marinho","status":"publish","type":"product","link":"https:\/\/www.csj-emballages.com\/pt-pt\/produit\/25-copos-de-papel-de-20-cl-azul-marinho\/","title":{"rendered":"Copo de papel azul-marinho de 20 cl, embalagem de 25"},"content":{"rendered":"<div style=\"font-family: Roboto, sans-serif;\">\n<div style=\"font-family: Roboto, sans-serif;\">\n<div style=\"font-family: Roboto, sans-serif;\">\n<div style=\"font-family: Roboto, sans-serif;\">\n<div style=\"font-family: Roboto, sans-serif;\">\n<div style=\"font-family: Roboto, sans-serif;\">\n<div style=\"font-family: Roboto, sans-serif;\">\n<div style=\"font-family: Roboto, sans-serif;\">\n<div style=\"font-family: Roboto, sans-serif;\">\n<div style=\"font-family: Roboto, sans-serif;\">\n<div style=\"font-family: Roboto, sans-serif;\">\n<div style=\"font-family: Roboto, sans-serif;\">\n<div style=\"font-family: Roboto, sans-serif;\">\n<div class=\"flex flex-grow flex-col max-w-full\">\n<div class=\"min-h-[20px] text-message flex flex-col items-start whitespace-pre-wrap break-words [.text-message+&amp;]:mt-5 juice:w-full juice:items-end overflow-x-auto gap-2\" dir=\"auto\" data-message-author-role=\"assistant\" data-message-id=\"2034782e-88f9-44ef-b4dc-07dd7bf0115f\">\n<div class=\"flex w-full flex-col gap-1 juice:empty:hidden juice:first:pt-[3px]\">\n<div class=\"markdown prose w-full break-words dark:prose-invert light\">\n<div style=\"font-family: Roboto, sans-serif;\">\n<div style=\"font-family: Roboto, sans-serif;\">\n<div style=\"font-family: Roboto, sans-serif;\">\n<div style=\"font-family: Roboto, sans-serif;\">\n<div style=\"font-family: Roboto, sans-serif;\">\n<div style=\"font-family: Roboto, sans-serif;\">\n<h2>Copo de cart\u00e3o<\/h2>\n<div style=\"font-family: Roboto, sans-serif;\">\n<div style=\"font-family: Roboto, sans-serif;\">\n<div style=\"font-family: Roboto, sans-serif;\">\n<div style=\"text-align: center;\">\n<div style=\"font-family: Roboto, sans-serif;\">\n<div style=\"font-family: Roboto, sans-serif;\">\n<div style=\"font-family: Roboto, sans-serif;\">\n<div style=\"font-family: Roboto, sans-serif;\">\n<div style=\"font-family: Roboto, sans-serif;\">\n<hr>\n<h3 style=\"font-family: Roboto, sans-serif; text-align: left;\">Descri\u00e7\u00e3o do nosso copo de papel azul-marinho de 20 cl, embalagem de 25<!--more--><\/h3>\n<\/div>\n<\/div>\n<\/div>\n<\/div>\n<\/div>\n<\/div>\n<\/div>\n<\/div>\n<\/div>\n<\/div>\n<\/div>\n<\/div>\n<\/div>\n<\/div>\n<\/div>\n<\/div>\n<\/div>\n<\/div>\n<\/div>\n<\/div>\n<\/div>\n<\/div>\n<\/div>\n<\/div>\n<\/div>\n<\/div>\n<\/div>\n<\/div>\n<\/div>\n<\/div>\n<\/div>\n<\/div>\n<p>O <strong>copo de papel azul-marinho<\/strong> <strong>de 20 cl por 25<\/strong> \u00e9 ideal para profissionais e particulares. Pr\u00e1tico, responde a uma vasta gama de necessidades. Perfeito para bebidas frias, \u00e9 perfeito para qualquer ocasi\u00e3o. Feito de cart\u00e3o, o <strong>copo azul-marinho<\/strong> \u00e9 f\u00e1cil de segurar. Al\u00e9m disso, foi concebido para evitar fugas e proteger as suas superf\u00edcies. Quer seja para \u00e1gua, sumo ou outras bebidas frias, este produto satisfar\u00e1 todas as suas necessidades. Ao escolher este <strong>copo de papel<\/strong>, est\u00e1 a optar por um produto que \u00e9 simultaneamente econ\u00f3mico e amigo do ambiente. Fabricado a partir de materiais recicl\u00e1veis, reduz a sua pegada ecol\u00f3gica. Al\u00e9m disso, \u00e9 embalado em pacotes de <strong>25<\/strong> unidades para minimizar o desperd\u00edcio. \u00c9 uma solu\u00e7\u00e3o pr\u00e1tica que tamb\u00e9m \u00e9 amiga do planeta.<\/p>\n<p>&nbsp;<\/p>\n<p><!--more--><\/p>\n<h3>Adaptado a todas as tuas necessidades<\/h3>\n<p>O <strong>copo azul-marinho<\/strong> adapta-se facilmente a uma variedade de ambientes. Utilize-o em festas, semin\u00e1rios ou recep\u00e7\u00f5es. \u00c9 tamb\u00e9m ideal para profissionais de restaura\u00e7\u00e3o e de fast-food. A sua cor <strong>azul-marinho<\/strong> torna-a perfeita para qualquer decora\u00e7\u00e3o. Este produto destaca-se pela sua versatilidade e simplicidade. Cada <strong>copo de papel<\/strong> foi concebido para oferecer uma experi\u00eancia de utiliza\u00e7\u00e3o \u00f3ptima. A rigidez do cart\u00e3o impede a deforma\u00e7\u00e3o durante a utiliza\u00e7\u00e3o. Al\u00e9m disso, a sua superf\u00edcie lisa torna-a f\u00e1cil de agarrar e confort\u00e1vel de utilizar.<\/p>\n<p>O <strong>copo de papel azul-marinho<\/strong> <strong>de 20 cl por 25<\/strong> \u00e9 indispens\u00e1vel para as suas necessidades di\u00e1rias ou para eventos especiais. Pr\u00e1tico, econ\u00f3mico e amigo do ambiente, responde a todas as suas expectativas. Escolha j\u00e1 este produto vers\u00e1til e de qualidade.<\/p>\n<p>&nbsp;<\/p>\n<div style=\"font-family: Roboto, sans-serif;\">\n<div style=\"font-family: Roboto, sans-serif;\">\n<div style=\"font-family: Roboto, sans-serif;\">\n<div style=\"font-family: Roboto, sans-serif;\">\n<div style=\"font-family: Roboto, sans-serif;\">\n<div style=\"font-family: Roboto, sans-serif;\">\n<div style=\"font-family: Roboto, sans-serif;\">\n<div style=\"font-family: Roboto, sans-serif;\">\n<div style=\"font-family: Roboto, sans-serif;\">\n<div style=\"font-family: Roboto, sans-serif;\">\n<div style=\"font-family: Roboto, sans-serif;\">\n<div style=\"font-family: Roboto, sans-serif;\">\n<div style=\"font-family: Roboto, sans-serif;\">\n<div class=\"flex flex-grow flex-col max-w-full\">\n<div class=\"min-h-[20px] text-message flex flex-col items-start whitespace-pre-wrap break-words [.text-message+&amp;]:mt-5 juice:w-full juice:items-end overflow-x-auto gap-2\" dir=\"auto\" data-message-author-role=\"assistant\" data-message-id=\"2034782e-88f9-44ef-b4dc-07dd7bf0115f\">\n<div class=\"flex w-full flex-col gap-1 juice:empty:hidden juice:first:pt-[3px]\">\n<div class=\"markdown prose w-full break-words dark:prose-invert light\">\n<div style=\"font-family: Roboto, sans-serif;\">\n<div style=\"font-family: Roboto, sans-serif;\">\n<div style=\"font-family: Roboto, sans-serif;\">\n<div style=\"font-family: Roboto, sans-serif;\">\n<div style=\"font-family: Roboto, sans-serif;\">\n<div style=\"font-family: Roboto, sans-serif;\">\n<p><!--more--><\/p>\n<h4 style=\"text-align: left;\"><strong>As vantagens do nosso copo de papel azul-marinho:<\/strong><\/h4>\n<\/div>\n<\/div>\n<\/div>\n<\/div>\n<\/div>\n<\/div>\n<\/div>\n<\/div>\n<\/div>\n<\/div>\n<\/div>\n<\/div>\n<ul>\n<li><strong>Amigo do ambiente<\/strong>: Fabricado em cart\u00e3o recicl\u00e1vel para uma utiliza\u00e7\u00e3o amiga do ambiente.<\/li>\n<li><strong>Econ\u00f3mico<\/strong>: embalado em pacotes de <strong>25<\/strong> unidades para reduzir o desperd\u00edcio e os custos.<\/li>\n<li><strong>Neutro e elegante<\/strong>: Uma cor <strong>azul-marinho<\/strong> que complementa qualquer decora\u00e7\u00e3o e ambiente.<\/li>\n<li><strong>F\u00e1cil de utilizar<\/strong>: Leve e confort\u00e1vel de segurar para uma experi\u00eancia agrad\u00e1vel.<\/li>\n<\/ul>\n<p>&nbsp;<\/p>\n<\/div>\n<\/div>\n<\/div>\n<\/div>\n<\/div>\n<\/div>\n<\/div>\n<\/div>\n<\/div>\n<\/div>\n<\/div>\n<p><!--more--><\/p>\n<h4>Outras informa\u00e7\u00f5es sobre este produto:<\/h4>\n<ul style=\"font-family: Roboto, sans-serif;\">\n<li><strong>Embalagem<\/strong>: Embalagem de 25 ch\u00e1venas<\/li>\n<li><b>Di\u00e2metro do fundo: <\/b>48 mm<\/li>\n<li><strong>Di\u00e2metro superior<\/strong>: 67 mm<\/li>\n<li><strong>Altura<\/strong>: 80 mm<\/li>\n<li><strong>Volume<\/strong>: 20 cl<\/li>\n<li><span style=\"font-weight: bold;\">Material<\/span>: Cart\u00e3o<\/li>\n<\/ul>\n<p>&nbsp;<\/p>\n<p style=\"text-align: left;\"><!--more--><\/p>\n<p><a href=\"https:\/\/www.csj-emballages.com\/pt-pt\/categorie-produit\/embalagem-de-alimentos\/restauracao\/chavenas-copos-baldes-garrafas\/copos-de-cartao\/copos-de-papel-coloridos\/\">V\u00ea o resto da nossa gama de copos de papel coloridos<\/a><\/p>\n","protected":false},"excerpt":{"rendered":"<p>Copo de cart\u00e3o Descri\u00e7\u00e3o do nosso copo de papel azul-marinho de 20 cl, embalagem de 25<\/p>\n","protected":false},"featured_media":193358,"template":"","meta":{"_acf_changed":false},"product_brand":[],"product_cat":[1471,2713],"product_tag":[],"class_list":{"0":"post-21019","1":"product","2":"type-product","3":"status-publish","4":"has-post-thumbnail","6":"product_cat-chavenas-copos-baldes-garrafas","7":"product_cat-copos-de-papel-coloridos","9":"first","10":"instock","11":"taxable","12":"shipping-taxable","13":"purchasable","14":"product-type-simple"},"acf":[],"yoast_head":"<!-- This site is optimized with the Yoast SEO Premium plugin v26.6 (Yoast SEO v26.6) - https:\/\/yoast.com\/wordpress\/plugins\/seo\/ -->\n<title>Copo de cart\u00e3o azul-marinho 20 cl<\/title>\n<meta name=\"description\" content=\"Descubra o nosso copo de papel colorido azul-marinho de 20cl! Oferecemos-lhe um pacote de 25 copos para utilizar nos seus eventos ou outras ocasi\u00f5es.\" \/>\n<meta name=\"robots\" content=\"index, follow, max-snippet:-1, max-image-preview:large, max-video-preview:-1\" \/>\n<link rel=\"canonical\" href=\"https:\/\/www.csj-emballages.com\/pt-pt\/produit\/25-copos-de-papel-de-20-cl-azul-marinho\/\" \/>\n<meta property=\"og:locale\" content=\"pt_PT\" \/>\n<meta property=\"og:type\" content=\"article\" \/>\n<meta property=\"og:title\" content=\"Copo de papel azul-marinho de 20 cl, embalagem de 25\" \/>\n<meta property=\"og:description\" content=\"Descubra o nosso copo de papel colorido azul-marinho de 20cl! Oferecemos-lhe um pacote de 25 copos para utilizar nos seus eventos ou outras ocasi\u00f5es.\" \/>\n<meta property=\"og:url\" content=\"https:\/\/www.csj-emballages.com\/pt-pt\/produit\/25-copos-de-papel-de-20-cl-azul-marinho\/\" \/>\n<meta property=\"og:site_name\" content=\"CSJ Emballages\" \/>\n<meta property=\"article:publisher\" content=\"https:\/\/www.facebook.com\/csjemballages\" \/>\n<meta property=\"article:modified_time\" content=\"2026-03-12T15:25:48+00:00\" \/>\n<meta property=\"og:image\" content=\"https:\/\/www.csj-emballages.com\/wp-content\/uploads\/2024\/03\/GM20BM.webp\" \/>\n\t<meta property=\"og:image:width\" content=\"800\" \/>\n\t<meta property=\"og:image:height\" content=\"800\" \/>\n\t<meta property=\"og:image:type\" content=\"image\/webp\" \/>\n<meta name=\"twitter:card\" content=\"summary_large_image\" \/>\n<meta name=\"twitter:label1\" content=\"Tempo estimado de leitura\" \/>\n\t<meta name=\"twitter:data1\" content=\"2 minutos\" \/>\n<script type=\"application\/ld+json\" class=\"yoast-schema-graph\">{\"@context\":\"https:\/\/schema.org\",\"@graph\":[{\"@type\":\"WebPage\",\"@id\":\"https:\/\/www.csj-emballages.com\/pt-pt\/produit\/25-copos-de-papel-de-20-cl-azul-marinho\/\",\"url\":\"https:\/\/www.csj-emballages.com\/pt-pt\/produit\/25-copos-de-papel-de-20-cl-azul-marinho\/\",\"name\":\"Copo de cart\u00e3o azul-marinho 20 cl\",\"isPartOf\":{\"@id\":\"https:\/\/www.csj-emballages.com\/pt-pt\/#website\"},\"primaryImageOfPage\":{\"@id\":\"https:\/\/www.csj-emballages.com\/pt-pt\/produit\/25-copos-de-papel-de-20-cl-azul-marinho\/#primaryimage\"},\"image\":{\"@id\":\"https:\/\/www.csj-emballages.com\/pt-pt\/produit\/25-copos-de-papel-de-20-cl-azul-marinho\/#primaryimage\"},\"thumbnailUrl\":\"https:\/\/www.csj-emballages.com\/wp-content\/uploads\/2024\/03\/GM20BM.webp\",\"datePublished\":\"2024-03-01T15:53:29+00:00\",\"dateModified\":\"2026-03-12T15:25:48+00:00\",\"description\":\"Descubra o nosso copo de papel colorido azul-marinho de 20cl! Oferecemos-lhe um pacote de 25 copos para utilizar nos seus eventos ou outras ocasi\u00f5es.\",\"breadcrumb\":{\"@id\":\"https:\/\/www.csj-emballages.com\/pt-pt\/produit\/25-copos-de-papel-de-20-cl-azul-marinho\/#breadcrumb\"},\"inLanguage\":\"pt-PT\",\"potentialAction\":[{\"@type\":\"ReadAction\",\"target\":[\"https:\/\/www.csj-emballages.com\/pt-pt\/produit\/25-copos-de-papel-de-20-cl-azul-marinho\/\"]}]},{\"@type\":\"ImageObject\",\"inLanguage\":\"pt-PT\",\"@id\":\"https:\/\/www.csj-emballages.com\/pt-pt\/produit\/25-copos-de-papel-de-20-cl-azul-marinho\/#primaryimage\",\"url\":\"https:\/\/www.csj-emballages.com\/wp-content\/uploads\/2024\/03\/GM20BM.webp\",\"contentUrl\":\"https:\/\/www.csj-emballages.com\/wp-content\/uploads\/2024\/03\/GM20BM.webp\",\"width\":800,\"height\":800,\"caption\":\"Gobelet carton\"},{\"@type\":\"BreadcrumbList\",\"@id\":\"https:\/\/www.csj-emballages.com\/pt-pt\/produit\/25-copos-de-papel-de-20-cl-azul-marinho\/#breadcrumb\",\"itemListElement\":[{\"@type\":\"ListItem\",\"position\":1,\"name\":\"Acolhimento\",\"item\":\"https:\/\/www.csj-emballages.com\/pt-pt\/universo-das-embalagens-alimentares\/\"},{\"@type\":\"ListItem\",\"position\":2,\"name\":\"Shop\",\"item\":\"https:\/\/www.csj-emballages.com\/shop\/\"},{\"@type\":\"ListItem\",\"position\":3,\"name\":\"Copo de papel azul-marinho de 20 cl, embalagem de 25\"}]},{\"@type\":\"WebSite\",\"@id\":\"https:\/\/www.csj-emballages.com\/pt-pt\/#website\",\"url\":\"https:\/\/www.csj-emballages.com\/pt-pt\/\",\"name\":\"CSJ Emballages\",\"description\":\"\",\"publisher\":{\"@id\":\"https:\/\/www.csj-emballages.com\/pt-pt\/#organization\"},\"potentialAction\":[{\"@type\":\"SearchAction\",\"target\":{\"@type\":\"EntryPoint\",\"urlTemplate\":\"https:\/\/www.csj-emballages.com\/pt-pt\/?s={search_term_string}\"},\"query-input\":{\"@type\":\"PropertyValueSpecification\",\"valueRequired\":true,\"valueName\":\"search_term_string\"}}],\"inLanguage\":\"pt-PT\"},{\"@type\":\"Organization\",\"@id\":\"https:\/\/www.csj-emballages.com\/pt-pt\/#Organization\/\",\"name\":\"CSJ Emballages\",\"url\":\"https:\/\/www.csj-emballages.com\/pt-pt\/\",\"logo\":{\"@type\":\"ImageObject\",\"inLanguage\":\"pt-PT\",\"@id\":\"https:\/\/www.csj-emballages.com\/pt-pt\/#\/schema\/logo\/image\/\",\"url\":\"https:\/\/www.csj-emballages.com\/wp-content\/uploads\/2023\/10\/logo_csj.webp\",\"contentUrl\":\"https:\/\/www.csj-emballages.com\/wp-content\/uploads\/2023\/10\/logo_csj.webp\",\"width\":250,\"height\":95,\"caption\":\"CSJ Emballages\"},\"image\":{\"@id\":\"https:\/\/www.csj-emballages.com\/pt-pt\/#\/schema\/logo\/image\/\"},\"sameAs\":[\"https:\/\/www.facebook.com\/csjemballages\"],\"address\":{\"@type\":\"PostalAddress\",\"streetAddress\":\"ZI La Lechere\",\"addressLocality\":\"Patornay\",\"postalCode\":\"39130\",\"addressCountry\":\"FR\"},\"contactPoint\":[{\"@type\":\"ContactPoint\",\"contactType\":\"Service client\",\"telephone\":\"0384254272\",\"email\":\"contact@csj-emballages.com\"}]}]}<\/script>\n<!-- \/ Yoast SEO Premium plugin. -->","yoast_head_json":{"title":"Copo de cart\u00e3o azul-marinho 20 cl","description":"Descubra o nosso copo de papel colorido azul-marinho de 20cl! Oferecemos-lhe um pacote de 25 copos para utilizar nos seus eventos ou outras ocasi\u00f5es.","robots":{"index":"index","follow":"follow","max-snippet":"max-snippet:-1","max-image-preview":"max-image-preview:large","max-video-preview":"max-video-preview:-1"},"canonical":"https:\/\/www.csj-emballages.com\/pt-pt\/produit\/25-copos-de-papel-de-20-cl-azul-marinho\/","og_locale":"pt_PT","og_type":"article","og_title":"Copo de papel azul-marinho de 20 cl, embalagem de 25","og_description":"Descubra o nosso copo de papel colorido azul-marinho de 20cl! Oferecemos-lhe um pacote de 25 copos para utilizar nos seus eventos ou outras ocasi\u00f5es.","og_url":"https:\/\/www.csj-emballages.com\/pt-pt\/produit\/25-copos-de-papel-de-20-cl-azul-marinho\/","og_site_name":"CSJ Emballages","article_publisher":"https:\/\/www.facebook.com\/csjemballages","article_modified_time":"2026-03-12T15:25:48+00:00","og_image":[{"width":800,"height":800,"url":"https:\/\/www.csj-emballages.com\/wp-content\/uploads\/2024\/03\/GM20BM.webp","type":"image\/webp"}],"twitter_card":"summary_large_image","twitter_misc":{"Tempo estimado de leitura":"2 minutos"},"schema":{"@context":"https:\/\/schema.org","@graph":[{"@type":"WebPage","@id":"https:\/\/www.csj-emballages.com\/pt-pt\/produit\/25-copos-de-papel-de-20-cl-azul-marinho\/","url":"https:\/\/www.csj-emballages.com\/pt-pt\/produit\/25-copos-de-papel-de-20-cl-azul-marinho\/","name":"Copo de cart\u00e3o azul-marinho 20 cl","isPartOf":{"@id":"https:\/\/www.csj-emballages.com\/pt-pt\/#website"},"primaryImageOfPage":{"@id":"https:\/\/www.csj-emballages.com\/pt-pt\/produit\/25-copos-de-papel-de-20-cl-azul-marinho\/#primaryimage"},"image":{"@id":"https:\/\/www.csj-emballages.com\/pt-pt\/produit\/25-copos-de-papel-de-20-cl-azul-marinho\/#primaryimage"},"thumbnailUrl":"https:\/\/www.csj-emballages.com\/wp-content\/uploads\/2024\/03\/GM20BM.webp","datePublished":"2024-03-01T15:53:29+00:00","dateModified":"2026-03-12T15:25:48+00:00","description":"Descubra o nosso copo de papel colorido azul-marinho de 20cl! Oferecemos-lhe um pacote de 25 copos para utilizar nos seus eventos ou outras ocasi\u00f5es.","breadcrumb":{"@id":"https:\/\/www.csj-emballages.com\/pt-pt\/produit\/25-copos-de-papel-de-20-cl-azul-marinho\/#breadcrumb"},"inLanguage":"pt-PT","potentialAction":[{"@type":"ReadAction","target":["https:\/\/www.csj-emballages.com\/pt-pt\/produit\/25-copos-de-papel-de-20-cl-azul-marinho\/"]}]},{"@type":"ImageObject","inLanguage":"pt-PT","@id":"https:\/\/www.csj-emballages.com\/pt-pt\/produit\/25-copos-de-papel-de-20-cl-azul-marinho\/#primaryimage","url":"https:\/\/www.csj-emballages.com\/wp-content\/uploads\/2024\/03\/GM20BM.webp","contentUrl":"https:\/\/www.csj-emballages.com\/wp-content\/uploads\/2024\/03\/GM20BM.webp","width":800,"height":800,"caption":"Gobelet carton"},{"@type":"BreadcrumbList","@id":"https:\/\/www.csj-emballages.com\/pt-pt\/produit\/25-copos-de-papel-de-20-cl-azul-marinho\/#breadcrumb","itemListElement":[{"@type":"ListItem","position":1,"name":"Acolhimento","item":"https:\/\/www.csj-emballages.com\/pt-pt\/universo-das-embalagens-alimentares\/"},{"@type":"ListItem","position":2,"name":"Shop","item":"https:\/\/www.csj-emballages.com\/shop\/"},{"@type":"ListItem","position":3,"name":"Copo de papel azul-marinho de 20 cl, embalagem de 25"}]},{"@type":"WebSite","@id":"https:\/\/www.csj-emballages.com\/pt-pt\/#website","url":"https:\/\/www.csj-emballages.com\/pt-pt\/","name":"CSJ Emballages","description":"","publisher":{"@id":"https:\/\/www.csj-emballages.com\/pt-pt\/#organization"},"potentialAction":[{"@type":"SearchAction","target":{"@type":"EntryPoint","urlTemplate":"https:\/\/www.csj-emballages.com\/pt-pt\/?s={search_term_string}"},"query-input":{"@type":"PropertyValueSpecification","valueRequired":true,"valueName":"search_term_string"}}],"inLanguage":"pt-PT"},{"@type":"Organization","@id":"https:\/\/www.csj-emballages.com\/pt-pt\/#Organization\/","name":"CSJ Emballages","url":"https:\/\/www.csj-emballages.com\/pt-pt\/","logo":{"@type":"ImageObject","inLanguage":"pt-PT","@id":"https:\/\/www.csj-emballages.com\/pt-pt\/#\/schema\/logo\/image\/","url":"https:\/\/www.csj-emballages.com\/wp-content\/uploads\/2023\/10\/logo_csj.webp","contentUrl":"https:\/\/www.csj-emballages.com\/wp-content\/uploads\/2023\/10\/logo_csj.webp","width":250,"height":95,"caption":"CSJ Emballages"},"image":{"@id":"https:\/\/www.csj-emballages.com\/pt-pt\/#\/schema\/logo\/image\/"},"sameAs":["https:\/\/www.facebook.com\/csjemballages"],"address":{"@type":"PostalAddress","streetAddress":"ZI La Lechere","addressLocality":"Patornay","postalCode":"39130","addressCountry":"FR"},"contactPoint":[{"@type":"ContactPoint","contactType":"Service client","telephone":"0384254272","email":"contact@csj-emballages.com"}]}]}},"df_price":2.02,"df_sale_price":"","df_regular_price":2.02,"df_image_link":"https:\/\/www.csj-emballages.com\/wp-content\/uploads\/2024\/03\/GM20BM-300x300.webp","tiered_pricing_type":"fixed","tiered_pricing_fixed_rules":[],"tiered_pricing_percentage_rules":[],"tiered_pricing_minimum":1,"tiered_pricing_roles_data":[],"_links":{"self":[{"href":"https:\/\/www.csj-emballages.com\/pt-pt\/wp-json\/wp\/v2\/product\/21019","targetHints":{"allow":["GET"]}}],"collection":[{"href":"https:\/\/www.csj-emballages.com\/pt-pt\/wp-json\/wp\/v2\/product"}],"about":[{"href":"https:\/\/www.csj-emballages.com\/pt-pt\/wp-json\/wp\/v2\/types\/product"}],"wp:featuredmedia":[{"embeddable":true,"href":"https:\/\/www.csj-emballages.com\/pt-pt\/wp-json\/wp\/v2\/media\/193358"}],"wp:attachment":[{"href":"https:\/\/www.csj-emballages.com\/pt-pt\/wp-json\/wp\/v2\/media?parent=21019"}],"wp:term":[{"taxonomy":"product_brand","embeddable":true,"href":"https:\/\/www.csj-emballages.com\/pt-pt\/wp-json\/wp\/v2\/product_brand?post=21019"},{"taxonomy":"product_cat","embeddable":true,"href":"https:\/\/www.csj-emballages.com\/pt-pt\/wp-json\/wp\/v2\/product_cat?post=21019"},{"taxonomy":"product_tag","embeddable":true,"href":"https:\/\/www.csj-emballages.com\/pt-pt\/wp-json\/wp\/v2\/product_tag?post=21019"}],"curies":[{"name":"wp","href":"https:\/\/api.w.org\/{rel}","templated":true}]}}