{"id":21018,"date":"2024-03-01T16:53:31","date_gmt":"2024-03-01T15:53:31","guid":{"rendered":"https:\/\/u15jnbdpoq.preview.infomaniak.website\/produit\/100-luvas-de-exame-de-latex-sem-po-medias-8-9\/"},"modified":"2026-04-03T02:16:31","modified_gmt":"2026-04-03T00:16:31","slug":"100-luvas-de-exame-de-latex-sem-po-medias-8-9","status":"publish","type":"product","link":"https:\/\/www.csj-emballages.com\/pt-pt\/produit\/100-luvas-de-exame-de-latex-sem-po-medias-8-9\/","title":{"rendered":"Luva de l\u00e1tex sem p\u00f3 para exame, tamanho m\u00e9dio 7\/8, por 100"},"content":{"rendered":"<h2>Luva de l\u00e1tex<\/h2>\n<hr>\n<h3>Descubra a nossa luva de l\u00e1tex sem p\u00f3 para exame, tamanho m\u00e9dio 7\/8, por 100<\/h3>\n<p><!--more--><\/p>\n<p data-start=\"278\" data-end=\"675\">Quando se trabalha com precis\u00e3o, cada detalhe conta, sobretudo ao n\u00edvel das m\u00e3os. Estas <strong data-start=\"368\" data-end=\"413\">luvas de l\u00e1tex sem p\u00f3 para exame tamanho M<\/strong> foram concebidas para oferecer uma verdadeira sensa\u00e7\u00e3o de conforto, assegurando simultaneamente uma prote\u00e7\u00e3o fi\u00e1vel no dia a dia. Assim que as veste, moldam-se naturalmente \u00e0 m\u00e3o, sem efeito colante nem inc\u00f3modo, o que permite trabalhar serenamente, mesmo durante longos per\u00edodos.  <\/p>\n<p data-start=\"677\" data-end=\"1072\">Gra\u00e7as \u00e0 <strong>aus\u00eancia de p\u00f3<\/strong>, limitam os <strong>riscos de irrita\u00e7\u00e3o e evitam os res\u00edduos desagrad\u00e1veis<\/strong> na pele, nas superf\u00edcies ou no material. \u00c9 uma mais-valia para os profissionais que procuram uma utiliza\u00e7\u00e3o limpa e controlada. A sua finura permite conservar uma excelente sensibilidade t\u00e1til, ideal para os gestos precisos, os exames, os cuidados ou as manipula\u00e7\u00f5es delicadas.  <\/p>\n<p data-start=\"1074\" data-end=\"1420\">Al\u00e9m disso, o <strong>l\u00e1tex<\/strong> utilizado oferece uma boa elasticidade e uma resist\u00eancia adaptada a uma utiliza\u00e7\u00e3o frequente. A luva n\u00e3o se rasga facilmente e permanece bem no lugar, o que refor\u00e7a a sensa\u00e7\u00e3o de seguran\u00e7a durante o trabalho. O tamanho S \u00e9 perfeito para as m\u00e3os finas, garantindo um ajuste preciso e um melhor controlo dos movimentos.  <\/p>\n<p data-start=\"1422\" data-end=\"1709\">Acondicionadas em <strong data-start=\"1438\" data-end=\"1454\">caixa de 100<\/strong>, estas luvas s\u00e3o pr\u00e1ticas de armazenar e f\u00e1ceis de distribuir. Encontram o seu lugar tanto em <strong>consult\u00f3rios m\u00e9dicos como em laborat\u00f3rios, coletividades, estabelecimentos de sa\u00fade ou ambientes<\/strong> que necessitem de uma higiene rigorosa. <\/p>\n<p data-start=\"1711\" data-end=\"1933\">Em resumo, estas <strong>luvas de l\u00e1tex sem p\u00f3<\/strong> aliam conforto, precis\u00e3o e efic\u00e1cia. Acompanham os profissionais no seu dia a dia sem complicar os gestos, respondendo simultaneamente \u00e0s exig\u00eancias de higiene e de seguran\u00e7a. <\/p>\n<p data-start=\"1711\" data-end=\"1933\"><!--more--><\/p>\n<h4>Vantagens :<\/h4>\n<ul>\n<li data-start=\"1961\" data-end=\"2008\">Sem p\u00f3 para uma utiliza\u00e7\u00e3o mais limpa.<\/li>\n<li data-start=\"2011\" data-end=\"2039\">Boa sensibilidade t\u00e1til.<\/li>\n<li data-start=\"2042\" data-end=\"2090\">Ajuste preciso para m\u00e3os finas (<strong>tamanho M<\/strong>).<\/li>\n<li data-start=\"2093\" data-end=\"2121\">L\u00e1tex flex\u00edvel e resistente.<\/li>\n<li data-start=\"2124\" data-end=\"2168\">Caixa de <strong>100 luvas<\/strong>, pr\u00e1tica no dia a dia.<\/li>\n<\/ul>\n<p>&nbsp;<\/p>\n<p><!--more--><\/p>\n<h4 style=\"margin: 0pt; box-sizing: inherit; font-family: Roboto, sans-serif;\"><span style=\"box-sizing: inherit;\"> Outras informa\u00e7\u00f5es:<\/span><\/h4>\n<ul>\n<li><strong>Embalagem<\/strong>: Pacote de 100<\/li>\n<li><strong>Tamanho<\/strong>: M<\/li>\n<li><strong>Comprimento<\/strong>: 240 mm<\/li>\n<li><strong>Largura da palma<\/strong>: 95 mm<\/li>\n<li><strong>Peso<\/strong>: 5,0 g<\/li>\n<li><strong>Material<\/strong>: L\u00e1tex (sem p\u00f3)<\/li>\n<\/ul>\n<p>&nbsp;<\/p>\n<p><!--more--><\/p>\n<p>Encontre aqui todos os tamanhos dispon\u00edveis para estas luvas de l\u00e1tex sem p\u00f3: <span style=\"color: #d12727;\"><a style=\"color: #d12727;\" href=\"https:\/\/www.csj-emballages.com\/es\/produit\/100-guantes-de-examen-de-latex-sin-polvo-pequenos-7\/\">Small (6\/7)<\/a><\/span> \/ <span style=\"color: #d12727;\"><a style=\"color: #d12727;\" href=\"https:\/\/www.csj-emballages.com\/es\/produit\/100-guantes-grandes-de-examen-de-latex-sin-polvo-8-9\/\">Large (8\/9)<\/a><\/span><\/p>\n<p style=\"margin: 0pt; box-sizing: inherit; font-family: Roboto, sans-serif;\"><span style=\"color: #00c000; box-sizing: inherit;\"> <\/span><!--more--><\/p>\n<p><a href=\"https:\/\/www.csj-emballages.com\/pt-pt\/categorie-produit\/higiene-e-manutencao\/equipamento-individual\/luvas\/luvas-de-latex\/luvas-de-latex-sem-po\/\">Consulte o resto da nossa gama de luvas de l\u00e1tex sem p\u00f3<\/a><\/p>\n<p style=\"margin: 0pt; box-sizing: inherit; font-family: Roboto, sans-serif;\">\n","protected":false},"excerpt":{"rendered":"<p>Luva de l\u00e1tex Descubra a nossa luva de l\u00e1tex sem p\u00f3 para exame, tamanho m\u00e9dio 7\/8, por 100<\/p>\n","protected":false},"featured_media":262203,"template":"","meta":{"_acf_changed":false},"product_brand":[],"product_cat":[1222,2326,2698,2702,2712],"product_tag":[],"class_list":{"0":"post-21018","1":"product","2":"type-product","3":"status-publish","4":"has-post-thumbnail","6":"product_cat-higiene-e-manutencao","7":"product_cat-equipamento-individual","8":"product_cat-luvas","9":"product_cat-luvas-de-latex","10":"product_cat-luvas-de-latex-sem-po","12":"first","13":"instock","14":"taxable","15":"shipping-taxable","16":"purchasable","17":"product-type-simple"},"acf":[],"yoast_head":"<!-- This site is optimized with the Yoast SEO Premium plugin v26.6 (Yoast SEO v26.6) - https:\/\/yoast.com\/wordpress\/plugins\/seo\/ -->\n<title>Luva de L\u00e1tex sem P\u00f3 para Exame, Tamanho M\u00e9dio 7\/8, por 100<\/title>\n<meta name=\"description\" content=\"Luvas de l\u00e1tex sem p\u00f3 tamanho M em caixa de 100. Confort\u00e1veis, precisas e resistentes, ideais para exames, cuidados e usos profissionais.\" \/>\n<meta name=\"robots\" content=\"index, follow, max-snippet:-1, max-image-preview:large, max-video-preview:-1\" \/>\n<link rel=\"canonical\" href=\"https:\/\/www.csj-emballages.com\/pt-pt\/produit\/100-luvas-de-exame-de-latex-sem-po-medias-8-9\/\" \/>\n<meta property=\"og:locale\" content=\"pt_PT\" \/>\n<meta property=\"og:type\" content=\"article\" \/>\n<meta property=\"og:title\" content=\"Luva de l\u00e1tex sem p\u00f3 para exame, tamanho m\u00e9dio 7\/8, por 100\" \/>\n<meta property=\"og:description\" content=\"Luvas de l\u00e1tex sem p\u00f3 tamanho M em caixa de 100. Confort\u00e1veis, precisas e resistentes, ideais para exames, cuidados e usos profissionais.\" \/>\n<meta property=\"og:url\" content=\"https:\/\/www.csj-emballages.com\/pt-pt\/produit\/100-luvas-de-exame-de-latex-sem-po-medias-8-9\/\" \/>\n<meta property=\"og:site_name\" content=\"CSJ Emballages\" \/>\n<meta property=\"article:publisher\" content=\"https:\/\/www.facebook.com\/csjemballages\" \/>\n<meta property=\"article:modified_time\" content=\"2026-04-03T00:16:31+00:00\" \/>\n<meta property=\"og:image\" content=\"https:\/\/www.csj-emballages.com\/wp-content\/uploads\/2024\/03\/GLMNP.webp\" \/>\n\t<meta property=\"og:image:width\" content=\"800\" \/>\n\t<meta property=\"og:image:height\" content=\"800\" \/>\n\t<meta property=\"og:image:type\" content=\"image\/webp\" \/>\n<meta name=\"twitter:card\" content=\"summary_large_image\" \/>\n<meta name=\"twitter:label1\" content=\"Tempo estimado de leitura\" \/>\n\t<meta name=\"twitter:data1\" content=\"2 minutos\" \/>\n<script type=\"application\/ld+json\" class=\"yoast-schema-graph\">{\"@context\":\"https:\/\/schema.org\",\"@graph\":[{\"@type\":\"WebPage\",\"@id\":\"https:\/\/www.csj-emballages.com\/pt-pt\/produit\/100-luvas-de-exame-de-latex-sem-po-medias-8-9\/\",\"url\":\"https:\/\/www.csj-emballages.com\/pt-pt\/produit\/100-luvas-de-exame-de-latex-sem-po-medias-8-9\/\",\"name\":\"Luva de L\u00e1tex sem P\u00f3 para Exame, Tamanho M\u00e9dio 7\/8, por 100\",\"isPartOf\":{\"@id\":\"https:\/\/www.csj-emballages.com\/pt-pt\/#website\"},\"primaryImageOfPage\":{\"@id\":\"https:\/\/www.csj-emballages.com\/pt-pt\/produit\/100-luvas-de-exame-de-latex-sem-po-medias-8-9\/#primaryimage\"},\"image\":{\"@id\":\"https:\/\/www.csj-emballages.com\/pt-pt\/produit\/100-luvas-de-exame-de-latex-sem-po-medias-8-9\/#primaryimage\"},\"thumbnailUrl\":\"https:\/\/www.csj-emballages.com\/wp-content\/uploads\/2024\/03\/Latex.webp\",\"datePublished\":\"2024-03-01T15:53:31+00:00\",\"dateModified\":\"2026-04-03T00:16:31+00:00\",\"description\":\"Luvas de l\u00e1tex sem p\u00f3 tamanho M em caixa de 100. Confort\u00e1veis, precisas e resistentes, ideais para exames, cuidados e usos profissionais.\",\"breadcrumb\":{\"@id\":\"https:\/\/www.csj-emballages.com\/pt-pt\/produit\/100-luvas-de-exame-de-latex-sem-po-medias-8-9\/#breadcrumb\"},\"inLanguage\":\"pt-PT\",\"potentialAction\":[{\"@type\":\"ReadAction\",\"target\":[\"https:\/\/www.csj-emballages.com\/pt-pt\/produit\/100-luvas-de-exame-de-latex-sem-po-medias-8-9\/\"]}]},{\"@type\":\"ImageObject\",\"inLanguage\":\"pt-PT\",\"@id\":\"https:\/\/www.csj-emballages.com\/pt-pt\/produit\/100-luvas-de-exame-de-latex-sem-po-medias-8-9\/#primaryimage\",\"url\":\"https:\/\/www.csj-emballages.com\/wp-content\/uploads\/2024\/03\/Latex.webp\",\"contentUrl\":\"https:\/\/www.csj-emballages.com\/wp-content\/uploads\/2024\/03\/Latex.webp\",\"width\":800,\"height\":800,\"caption\":\"Gant latex\"},{\"@type\":\"BreadcrumbList\",\"@id\":\"https:\/\/www.csj-emballages.com\/pt-pt\/produit\/100-luvas-de-exame-de-latex-sem-po-medias-8-9\/#breadcrumb\",\"itemListElement\":[{\"@type\":\"ListItem\",\"position\":1,\"name\":\"Acolhimento\",\"item\":\"https:\/\/www.csj-emballages.com\/pt-pt\/universo-das-embalagens-alimentares\/\"},{\"@type\":\"ListItem\",\"position\":2,\"name\":\"Shop\",\"item\":\"https:\/\/www.csj-emballages.com\/shop\/\"},{\"@type\":\"ListItem\",\"position\":3,\"name\":\"Luva de l\u00e1tex sem p\u00f3 para exame, tamanho m\u00e9dio 7\/8, por 100\"}]},{\"@type\":\"WebSite\",\"@id\":\"https:\/\/www.csj-emballages.com\/pt-pt\/#website\",\"url\":\"https:\/\/www.csj-emballages.com\/pt-pt\/\",\"name\":\"CSJ Emballages\",\"description\":\"\",\"publisher\":{\"@id\":\"https:\/\/www.csj-emballages.com\/pt-pt\/#organization\"},\"potentialAction\":[{\"@type\":\"SearchAction\",\"target\":{\"@type\":\"EntryPoint\",\"urlTemplate\":\"https:\/\/www.csj-emballages.com\/pt-pt\/?s={search_term_string}\"},\"query-input\":{\"@type\":\"PropertyValueSpecification\",\"valueRequired\":true,\"valueName\":\"search_term_string\"}}],\"inLanguage\":\"pt-PT\"},{\"@type\":\"Organization\",\"@id\":\"https:\/\/www.csj-emballages.com\/pt-pt\/#Organization\/\",\"name\":\"CSJ Emballages\",\"url\":\"https:\/\/www.csj-emballages.com\/pt-pt\/\",\"logo\":{\"@type\":\"ImageObject\",\"inLanguage\":\"pt-PT\",\"@id\":\"https:\/\/www.csj-emballages.com\/pt-pt\/#\/schema\/logo\/image\/\",\"url\":\"https:\/\/www.csj-emballages.com\/wp-content\/uploads\/2023\/10\/logo_csj.webp\",\"contentUrl\":\"https:\/\/www.csj-emballages.com\/wp-content\/uploads\/2023\/10\/logo_csj.webp\",\"width\":250,\"height\":95,\"caption\":\"CSJ Emballages\"},\"image\":{\"@id\":\"https:\/\/www.csj-emballages.com\/pt-pt\/#\/schema\/logo\/image\/\"},\"sameAs\":[\"https:\/\/www.facebook.com\/csjemballages\"],\"address\":{\"@type\":\"PostalAddress\",\"streetAddress\":\"ZI La Lechere\",\"addressLocality\":\"Patornay\",\"postalCode\":\"39130\",\"addressCountry\":\"FR\"},\"contactPoint\":[{\"@type\":\"ContactPoint\",\"contactType\":\"Service client\",\"telephone\":\"0384254272\",\"email\":\"contact@csj-emballages.com\"}]}]}<\/script>\n<!-- \/ Yoast SEO Premium plugin. -->","yoast_head_json":{"title":"Luva de L\u00e1tex sem P\u00f3 para Exame, Tamanho M\u00e9dio 7\/8, por 100","description":"Luvas de l\u00e1tex sem p\u00f3 tamanho M em caixa de 100. Confort\u00e1veis, precisas e resistentes, ideais para exames, cuidados e usos profissionais.","robots":{"index":"index","follow":"follow","max-snippet":"max-snippet:-1","max-image-preview":"max-image-preview:large","max-video-preview":"max-video-preview:-1"},"canonical":"https:\/\/www.csj-emballages.com\/pt-pt\/produit\/100-luvas-de-exame-de-latex-sem-po-medias-8-9\/","og_locale":"pt_PT","og_type":"article","og_title":"Luva de l\u00e1tex sem p\u00f3 para exame, tamanho m\u00e9dio 7\/8, por 100","og_description":"Luvas de l\u00e1tex sem p\u00f3 tamanho M em caixa de 100. Confort\u00e1veis, precisas e resistentes, ideais para exames, cuidados e usos profissionais.","og_url":"https:\/\/www.csj-emballages.com\/pt-pt\/produit\/100-luvas-de-exame-de-latex-sem-po-medias-8-9\/","og_site_name":"CSJ Emballages","article_publisher":"https:\/\/www.facebook.com\/csjemballages","article_modified_time":"2026-04-03T00:16:31+00:00","og_image":[{"width":800,"height":800,"url":"https:\/\/www.csj-emballages.com\/wp-content\/uploads\/2024\/03\/GLMNP.webp","type":"image\/webp"}],"twitter_card":"summary_large_image","twitter_misc":{"Tempo estimado de leitura":"2 minutos"},"schema":{"@context":"https:\/\/schema.org","@graph":[{"@type":"WebPage","@id":"https:\/\/www.csj-emballages.com\/pt-pt\/produit\/100-luvas-de-exame-de-latex-sem-po-medias-8-9\/","url":"https:\/\/www.csj-emballages.com\/pt-pt\/produit\/100-luvas-de-exame-de-latex-sem-po-medias-8-9\/","name":"Luva de L\u00e1tex sem P\u00f3 para Exame, Tamanho M\u00e9dio 7\/8, por 100","isPartOf":{"@id":"https:\/\/www.csj-emballages.com\/pt-pt\/#website"},"primaryImageOfPage":{"@id":"https:\/\/www.csj-emballages.com\/pt-pt\/produit\/100-luvas-de-exame-de-latex-sem-po-medias-8-9\/#primaryimage"},"image":{"@id":"https:\/\/www.csj-emballages.com\/pt-pt\/produit\/100-luvas-de-exame-de-latex-sem-po-medias-8-9\/#primaryimage"},"thumbnailUrl":"https:\/\/www.csj-emballages.com\/wp-content\/uploads\/2024\/03\/Latex.webp","datePublished":"2024-03-01T15:53:31+00:00","dateModified":"2026-04-03T00:16:31+00:00","description":"Luvas de l\u00e1tex sem p\u00f3 tamanho M em caixa de 100. Confort\u00e1veis, precisas e resistentes, ideais para exames, cuidados e usos profissionais.","breadcrumb":{"@id":"https:\/\/www.csj-emballages.com\/pt-pt\/produit\/100-luvas-de-exame-de-latex-sem-po-medias-8-9\/#breadcrumb"},"inLanguage":"pt-PT","potentialAction":[{"@type":"ReadAction","target":["https:\/\/www.csj-emballages.com\/pt-pt\/produit\/100-luvas-de-exame-de-latex-sem-po-medias-8-9\/"]}]},{"@type":"ImageObject","inLanguage":"pt-PT","@id":"https:\/\/www.csj-emballages.com\/pt-pt\/produit\/100-luvas-de-exame-de-latex-sem-po-medias-8-9\/#primaryimage","url":"https:\/\/www.csj-emballages.com\/wp-content\/uploads\/2024\/03\/Latex.webp","contentUrl":"https:\/\/www.csj-emballages.com\/wp-content\/uploads\/2024\/03\/Latex.webp","width":800,"height":800,"caption":"Gant latex"},{"@type":"BreadcrumbList","@id":"https:\/\/www.csj-emballages.com\/pt-pt\/produit\/100-luvas-de-exame-de-latex-sem-po-medias-8-9\/#breadcrumb","itemListElement":[{"@type":"ListItem","position":1,"name":"Acolhimento","item":"https:\/\/www.csj-emballages.com\/pt-pt\/universo-das-embalagens-alimentares\/"},{"@type":"ListItem","position":2,"name":"Shop","item":"https:\/\/www.csj-emballages.com\/shop\/"},{"@type":"ListItem","position":3,"name":"Luva de l\u00e1tex sem p\u00f3 para exame, tamanho m\u00e9dio 7\/8, por 100"}]},{"@type":"WebSite","@id":"https:\/\/www.csj-emballages.com\/pt-pt\/#website","url":"https:\/\/www.csj-emballages.com\/pt-pt\/","name":"CSJ Emballages","description":"","publisher":{"@id":"https:\/\/www.csj-emballages.com\/pt-pt\/#organization"},"potentialAction":[{"@type":"SearchAction","target":{"@type":"EntryPoint","urlTemplate":"https:\/\/www.csj-emballages.com\/pt-pt\/?s={search_term_string}"},"query-input":{"@type":"PropertyValueSpecification","valueRequired":true,"valueName":"search_term_string"}}],"inLanguage":"pt-PT"},{"@type":"Organization","@id":"https:\/\/www.csj-emballages.com\/pt-pt\/#Organization\/","name":"CSJ Emballages","url":"https:\/\/www.csj-emballages.com\/pt-pt\/","logo":{"@type":"ImageObject","inLanguage":"pt-PT","@id":"https:\/\/www.csj-emballages.com\/pt-pt\/#\/schema\/logo\/image\/","url":"https:\/\/www.csj-emballages.com\/wp-content\/uploads\/2023\/10\/logo_csj.webp","contentUrl":"https:\/\/www.csj-emballages.com\/wp-content\/uploads\/2023\/10\/logo_csj.webp","width":250,"height":95,"caption":"CSJ Emballages"},"image":{"@id":"https:\/\/www.csj-emballages.com\/pt-pt\/#\/schema\/logo\/image\/"},"sameAs":["https:\/\/www.facebook.com\/csjemballages"],"address":{"@type":"PostalAddress","streetAddress":"ZI La Lechere","addressLocality":"Patornay","postalCode":"39130","addressCountry":"FR"},"contactPoint":[{"@type":"ContactPoint","contactType":"Service client","telephone":"0384254272","email":"contact@csj-emballages.com"}]}]}},"df_price":6,"df_sale_price":"","df_regular_price":6,"df_image_link":"https:\/\/www.csj-emballages.com\/wp-content\/uploads\/2024\/03\/Latex-300x300.webp","tiered_pricing_type":"fixed","tiered_pricing_fixed_rules":[],"tiered_pricing_percentage_rules":[],"tiered_pricing_minimum":1,"tiered_pricing_roles_data":[],"_links":{"self":[{"href":"https:\/\/www.csj-emballages.com\/pt-pt\/wp-json\/wp\/v2\/product\/21018","targetHints":{"allow":["GET"]}}],"collection":[{"href":"https:\/\/www.csj-emballages.com\/pt-pt\/wp-json\/wp\/v2\/product"}],"about":[{"href":"https:\/\/www.csj-emballages.com\/pt-pt\/wp-json\/wp\/v2\/types\/product"}],"wp:featuredmedia":[{"embeddable":true,"href":"https:\/\/www.csj-emballages.com\/pt-pt\/wp-json\/wp\/v2\/media\/262203"}],"wp:attachment":[{"href":"https:\/\/www.csj-emballages.com\/pt-pt\/wp-json\/wp\/v2\/media?parent=21018"}],"wp:term":[{"taxonomy":"product_brand","embeddable":true,"href":"https:\/\/www.csj-emballages.com\/pt-pt\/wp-json\/wp\/v2\/product_brand?post=21018"},{"taxonomy":"product_cat","embeddable":true,"href":"https:\/\/www.csj-emballages.com\/pt-pt\/wp-json\/wp\/v2\/product_cat?post=21018"},{"taxonomy":"product_tag","embeddable":true,"href":"https:\/\/www.csj-emballages.com\/pt-pt\/wp-json\/wp\/v2\/product_tag?post=21018"}],"curies":[{"name":"wp","href":"https:\/\/api.w.org\/{rel}","templated":true}]}}