{"id":21006,"date":"2024-03-01T16:53:30","date_gmt":"2024-03-01T15:53:30","guid":{"rendered":"https:\/\/u15jnbdpoq.preview.infomaniak.website\/produit\/100-luvas-de-exame-de-latex-em-po-grandes-9\/"},"modified":"2026-04-16T02:13:25","modified_gmt":"2026-04-16T00:13:25","slug":"100-luvas-de-exame-de-latex-em-po-grandes-9","status":"publish","type":"product","link":"https:\/\/www.csj-emballages.com\/pt-pt\/produit\/100-luvas-de-exame-de-latex-em-po-grandes-9\/","title":{"rendered":"Luva de l\u00e1tex com p\u00f3 para exame grande 9 por 100"},"content":{"rendered":"<h2>Luva de l\u00e1tex com p\u00f3<\/h2>\n<hr>\n<h3>Descubra a nossa luva de l\u00e1tex com p\u00f3 para exame grande 9 por 100<\/h3>\n<p><!--more--><\/p>\n<p data-start=\"257\" data-end=\"721\">Quando o trabalho exige precis\u00e3o e reatividade, estas <strong data-start=\"323\" data-end=\"365\">luvas de l\u00e1tex com p\u00f3 tamanho grande 9<\/strong> s\u00e3o a solu\u00e7\u00e3o. Concebidas para m\u00e3os mais finas, oferecem um ajuste confort\u00e1vel que permite manter uma boa liberdade de movimento, mesmo durante uma utiliza\u00e7\u00e3o prolongada. Logo ao colocar, o <strong>p\u00f3<\/strong> facilita o processo e evita a sensa\u00e7\u00e3o de repuxamento, o que \u00e9 particularmente apreci\u00e1vel quando as trocas de luvas s\u00e3o frequentes.  <\/p>\n<p data-start=\"723\" data-end=\"1081\">Gra\u00e7as ao <strong>l\u00e1tex natural<\/strong>, estas <strong>luvas<\/strong> garantem uma excelente sensibilidade t\u00e1til. Desta forma, mant\u00e9m um contacto preciso com os instrumentos, as superf\u00edcies ou os produtos manuseados. Seja em ambiente m\u00e9dico, em laborat\u00f3rio, em coletividades ou para algumas utiliza\u00e7\u00f5es profissionais que exigem higiene e prote\u00e7\u00e3o, adaptam-se facilmente ao seu dia a dia.  <\/p>\n<p data-start=\"1083\" data-end=\"1438\">Al\u00e9m disso, a sua resist\u00eancia permite trabalhar com toda a confian\u00e7a, sem recear rasg\u00f5es ao m\u00ednimo gesto. Constituem uma barreira eficaz contra a sujidade e os contactos diretos, mantendo-se agrad\u00e1veis de usar. A <strong>caixa distribuidora<\/strong> de <strong data-start=\"1342\" data-end=\"1355\">100 luvas<\/strong> \u00e9 pr\u00e1tica, f\u00e1cil de armazenar e ideal para manter um posto de trabalho organizado.  <\/p>\n<p data-start=\"1440\" data-end=\"1705\">Al\u00e9m disso, a sua <strong>cor clara<\/strong> permite detetar rapidamente qualquer anomalia ou vest\u00edgio, o que refor\u00e7a a seguran\u00e7a durante o manuseamento. Simples, fi\u00e1veis e confort\u00e1veis, estas luvas s\u00e3o uma escolha segura para quem procura uma solu\u00e7\u00e3o eficaz sem compromissos. <\/p>\n<p data-start=\"1707\" data-end=\"1837\">Em resumo, estas <strong>luvas de l\u00e1tex com p\u00f3 tamanho grande 9<\/strong> combinam conforto, precis\u00e3o e praticidade para acompanhar cada gesto com serenidade.<\/p>\n<p data-start=\"1707\" data-end=\"1837\"><!--more--><\/p>\n<h4 data-start=\"1707\" data-end=\"1837\">Vantagens :<\/h4>\n<ul>\n<li data-start=\"1908\" data-end=\"1943\">Coloca\u00e7\u00e3o r\u00e1pida gra\u00e7as ao p\u00f3.<\/li>\n<li data-start=\"1946\" data-end=\"1973\">Boa sensibilidade t\u00e1til.<\/li>\n<li data-start=\"1976\" data-end=\"2003\">L\u00e1tex flex\u00edvel e resistente.<\/li>\n<li data-start=\"2006\" data-end=\"2035\">Caixa pr\u00e1tica de <strong>100 luvas<\/strong>.<\/li>\n<li data-start=\"2038\" data-end=\"2082\">Adequado para diversas utiliza\u00e7\u00f5es profissionais.<\/li>\n<\/ul>\n<p>&nbsp;<\/p>\n<p><!--more--><\/p>\n<h4>Outras informa\u00e7\u00f5es :<\/h4>\n<ul>\n<li><strong>Embalagem<\/strong>: Pacote de 100<\/li>\n<li><strong>Tamanho<\/strong>: L<\/li>\n<li><strong>Comprimento<\/strong>: 240 mm<\/li>\n<li><strong>Largura da palma da m\u00e3o<\/strong>: 105 mm<\/li>\n<li><strong>Peso<\/strong>: 5,5 g<\/li>\n<li><strong>Material<\/strong>: L\u00e1tex (com p\u00f3)<\/li>\n<\/ul>\n<p>&nbsp;<\/p>\n<p><!--more--><\/p>\n<p>Encontre aqui todos os tamanhos dispon\u00edveis para estas luvas de l\u00e1tex sem p\u00f3: <span style=\"color: #d12727;\"><a style=\"color: #d12727;\" href=\"https:\/\/www.csj-emballages.com\/produit\/gants-dexamen-latex-poudre-small-6-5\/\">Pequeno<\/a><\/span> \/ <span style=\"color: #d12727;\"><a style=\"color: #d12727;\" href=\"https:\/\/www.csj-emballages.com\/pt-pt\/produit\/100-luvas-de-exame-de-latex-em-po-medio-8\/\">M\u00e9dio<\/a><\/span> \/ <span style=\"color: #d12727;\"><a style=\"color: #d12727;\" href=\"https:\/\/www.csj-emballages.com\/pt-pt\/produit\/100-luvas-de-exame-de-latex-em-po-extra-grandes-95\/\">Extra grande<\/a><\/span><\/p>\n<p>&nbsp;<\/p>\n<p><!--more--><\/p>\n<p><a href=\"https:\/\/www.csj-emballages.com\/pt-pt\/categorie-produit\/higiene-e-manutencao\/equipamento-individual\/luvas\/luvas-de-latex\/luvas-de-latex-em-po\/\">Consulte o resto da nossa gama de luvas de l\u00e1tex com p\u00f3<\/a><\/p>\n","protected":false},"excerpt":{"rendered":"<p>Luva de l\u00e1tex com p\u00f3 Descubra a nossa luva de l\u00e1tex com p\u00f3 para exame grande 9 por 100<\/p>\n","protected":false},"featured_media":262203,"template":"","meta":{"_acf_changed":false},"product_brand":[],"product_cat":[1222,2326,2698,2702,2706],"product_tag":[],"class_list":{"0":"post-21006","1":"product","2":"type-product","3":"status-publish","4":"has-post-thumbnail","6":"product_cat-higiene-e-manutencao","7":"product_cat-equipamento-individual","8":"product_cat-luvas","9":"product_cat-luvas-de-latex","10":"product_cat-luvas-de-latex-em-po","12":"first","13":"instock","14":"taxable","15":"shipping-taxable","16":"purchasable","17":"product-type-simple"},"acf":[],"yoast_head":"<!-- This site is optimized with the Yoast SEO Premium plugin v26.6 (Yoast SEO v26.6) - https:\/\/yoast.com\/wordpress\/plugins\/seo\/ -->\n<title>Luva de L\u00e1tex com P\u00f3 para Exame Grande 9 por 100<\/title>\n<meta name=\"description\" content=\"Luvas de l\u00e1tex com p\u00f3 para exame tamanho L, confort\u00e1veis e resistentes. Caixa de 100 luvas, f\u00e1ceis de colocar e com excelente sensibilidade t\u00e1til.\" \/>\n<meta name=\"robots\" content=\"index, follow, max-snippet:-1, max-image-preview:large, max-video-preview:-1\" \/>\n<link rel=\"canonical\" href=\"https:\/\/www.csj-emballages.com\/pt-pt\/produit\/100-luvas-de-exame-de-latex-em-po-grandes-9\/\" \/>\n<meta property=\"og:locale\" content=\"pt_PT\" \/>\n<meta property=\"og:type\" content=\"article\" \/>\n<meta property=\"og:title\" content=\"Luva de l\u00e1tex com p\u00f3 para exame grande 9 por 100\" \/>\n<meta property=\"og:description\" content=\"Luvas de l\u00e1tex com p\u00f3 para exame tamanho L, confort\u00e1veis e resistentes. Caixa de 100 luvas, f\u00e1ceis de colocar e com excelente sensibilidade t\u00e1til.\" \/>\n<meta property=\"og:url\" content=\"https:\/\/www.csj-emballages.com\/pt-pt\/produit\/100-luvas-de-exame-de-latex-em-po-grandes-9\/\" \/>\n<meta property=\"og:site_name\" content=\"CSJ Emballages\" \/>\n<meta property=\"article:publisher\" content=\"https:\/\/www.facebook.com\/csjemballages\" \/>\n<meta property=\"article:modified_time\" content=\"2026-04-16T00:13:25+00:00\" \/>\n<meta property=\"og:image\" content=\"https:\/\/www.csj-emballages.com\/wp-content\/uploads\/2024\/03\/GLL.webp\" \/>\n\t<meta property=\"og:image:width\" content=\"800\" \/>\n\t<meta property=\"og:image:height\" content=\"800\" \/>\n\t<meta property=\"og:image:type\" content=\"image\/webp\" \/>\n<meta name=\"twitter:card\" content=\"summary_large_image\" \/>\n<meta name=\"twitter:label1\" content=\"Tempo estimado de leitura\" \/>\n\t<meta name=\"twitter:data1\" content=\"2 minutos\" \/>\n<script type=\"application\/ld+json\" class=\"yoast-schema-graph\">{\"@context\":\"https:\/\/schema.org\",\"@graph\":[{\"@type\":\"WebPage\",\"@id\":\"https:\/\/www.csj-emballages.com\/pt-pt\/produit\/100-luvas-de-exame-de-latex-em-po-grandes-9\/\",\"url\":\"https:\/\/www.csj-emballages.com\/pt-pt\/produit\/100-luvas-de-exame-de-latex-em-po-grandes-9\/\",\"name\":\"Luva de L\u00e1tex com P\u00f3 para Exame Grande 9 por 100\",\"isPartOf\":{\"@id\":\"https:\/\/www.csj-emballages.com\/pt-pt\/#website\"},\"primaryImageOfPage\":{\"@id\":\"https:\/\/www.csj-emballages.com\/pt-pt\/produit\/100-luvas-de-exame-de-latex-em-po-grandes-9\/#primaryimage\"},\"image\":{\"@id\":\"https:\/\/www.csj-emballages.com\/pt-pt\/produit\/100-luvas-de-exame-de-latex-em-po-grandes-9\/#primaryimage\"},\"thumbnailUrl\":\"https:\/\/www.csj-emballages.com\/wp-content\/uploads\/2024\/03\/Latex.webp\",\"datePublished\":\"2024-03-01T15:53:30+00:00\",\"dateModified\":\"2026-04-16T00:13:25+00:00\",\"description\":\"Luvas de l\u00e1tex com p\u00f3 para exame tamanho L, confort\u00e1veis e resistentes. Caixa de 100 luvas, f\u00e1ceis de colocar e com excelente sensibilidade t\u00e1til.\",\"breadcrumb\":{\"@id\":\"https:\/\/www.csj-emballages.com\/pt-pt\/produit\/100-luvas-de-exame-de-latex-em-po-grandes-9\/#breadcrumb\"},\"inLanguage\":\"pt-PT\",\"potentialAction\":[{\"@type\":\"ReadAction\",\"target\":[\"https:\/\/www.csj-emballages.com\/pt-pt\/produit\/100-luvas-de-exame-de-latex-em-po-grandes-9\/\"]}]},{\"@type\":\"ImageObject\",\"inLanguage\":\"pt-PT\",\"@id\":\"https:\/\/www.csj-emballages.com\/pt-pt\/produit\/100-luvas-de-exame-de-latex-em-po-grandes-9\/#primaryimage\",\"url\":\"https:\/\/www.csj-emballages.com\/wp-content\/uploads\/2024\/03\/Latex.webp\",\"contentUrl\":\"https:\/\/www.csj-emballages.com\/wp-content\/uploads\/2024\/03\/Latex.webp\",\"width\":800,\"height\":800,\"caption\":\"Gant latex\"},{\"@type\":\"BreadcrumbList\",\"@id\":\"https:\/\/www.csj-emballages.com\/pt-pt\/produit\/100-luvas-de-exame-de-latex-em-po-grandes-9\/#breadcrumb\",\"itemListElement\":[{\"@type\":\"ListItem\",\"position\":1,\"name\":\"Acolhimento\",\"item\":\"https:\/\/www.csj-emballages.com\/pt-pt\/universo-das-embalagens-alimentares\/\"},{\"@type\":\"ListItem\",\"position\":2,\"name\":\"Shop\",\"item\":\"https:\/\/www.csj-emballages.com\/shop\/\"},{\"@type\":\"ListItem\",\"position\":3,\"name\":\"Luva de l\u00e1tex com p\u00f3 para exame grande 9 por 100\"}]},{\"@type\":\"WebSite\",\"@id\":\"https:\/\/www.csj-emballages.com\/pt-pt\/#website\",\"url\":\"https:\/\/www.csj-emballages.com\/pt-pt\/\",\"name\":\"CSJ Emballages\",\"description\":\"\",\"publisher\":{\"@id\":\"https:\/\/www.csj-emballages.com\/pt-pt\/#organization\"},\"potentialAction\":[{\"@type\":\"SearchAction\",\"target\":{\"@type\":\"EntryPoint\",\"urlTemplate\":\"https:\/\/www.csj-emballages.com\/pt-pt\/?s={search_term_string}\"},\"query-input\":{\"@type\":\"PropertyValueSpecification\",\"valueRequired\":true,\"valueName\":\"search_term_string\"}}],\"inLanguage\":\"pt-PT\"},{\"@type\":\"Organization\",\"@id\":\"https:\/\/www.csj-emballages.com\/pt-pt\/#Organization\/\",\"name\":\"CSJ Emballages\",\"url\":\"https:\/\/www.csj-emballages.com\/pt-pt\/\",\"logo\":{\"@type\":\"ImageObject\",\"inLanguage\":\"pt-PT\",\"@id\":\"https:\/\/www.csj-emballages.com\/pt-pt\/#\/schema\/logo\/image\/\",\"url\":\"https:\/\/www.csj-emballages.com\/wp-content\/uploads\/2023\/10\/logo_csj.webp\",\"contentUrl\":\"https:\/\/www.csj-emballages.com\/wp-content\/uploads\/2023\/10\/logo_csj.webp\",\"width\":250,\"height\":95,\"caption\":\"CSJ Emballages\"},\"image\":{\"@id\":\"https:\/\/www.csj-emballages.com\/pt-pt\/#\/schema\/logo\/image\/\"},\"sameAs\":[\"https:\/\/www.facebook.com\/csjemballages\"],\"address\":{\"@type\":\"PostalAddress\",\"streetAddress\":\"ZI La Lechere\",\"addressLocality\":\"Patornay\",\"postalCode\":\"39130\",\"addressCountry\":\"FR\"},\"contactPoint\":[{\"@type\":\"ContactPoint\",\"contactType\":\"Service client\",\"telephone\":\"0384254272\",\"email\":\"contact@csj-emballages.com\"}]}]}<\/script>\n<!-- \/ Yoast SEO Premium plugin. -->","yoast_head_json":{"title":"Luva de L\u00e1tex com P\u00f3 para Exame Grande 9 por 100","description":"Luvas de l\u00e1tex com p\u00f3 para exame tamanho L, confort\u00e1veis e resistentes. Caixa de 100 luvas, f\u00e1ceis de colocar e com excelente sensibilidade t\u00e1til.","robots":{"index":"index","follow":"follow","max-snippet":"max-snippet:-1","max-image-preview":"max-image-preview:large","max-video-preview":"max-video-preview:-1"},"canonical":"https:\/\/www.csj-emballages.com\/pt-pt\/produit\/100-luvas-de-exame-de-latex-em-po-grandes-9\/","og_locale":"pt_PT","og_type":"article","og_title":"Luva de l\u00e1tex com p\u00f3 para exame grande 9 por 100","og_description":"Luvas de l\u00e1tex com p\u00f3 para exame tamanho L, confort\u00e1veis e resistentes. Caixa de 100 luvas, f\u00e1ceis de colocar e com excelente sensibilidade t\u00e1til.","og_url":"https:\/\/www.csj-emballages.com\/pt-pt\/produit\/100-luvas-de-exame-de-latex-em-po-grandes-9\/","og_site_name":"CSJ Emballages","article_publisher":"https:\/\/www.facebook.com\/csjemballages","article_modified_time":"2026-04-16T00:13:25+00:00","og_image":[{"width":800,"height":800,"url":"https:\/\/www.csj-emballages.com\/wp-content\/uploads\/2024\/03\/GLL.webp","type":"image\/webp"}],"twitter_card":"summary_large_image","twitter_misc":{"Tempo estimado de leitura":"2 minutos"},"schema":{"@context":"https:\/\/schema.org","@graph":[{"@type":"WebPage","@id":"https:\/\/www.csj-emballages.com\/pt-pt\/produit\/100-luvas-de-exame-de-latex-em-po-grandes-9\/","url":"https:\/\/www.csj-emballages.com\/pt-pt\/produit\/100-luvas-de-exame-de-latex-em-po-grandes-9\/","name":"Luva de L\u00e1tex com P\u00f3 para Exame Grande 9 por 100","isPartOf":{"@id":"https:\/\/www.csj-emballages.com\/pt-pt\/#website"},"primaryImageOfPage":{"@id":"https:\/\/www.csj-emballages.com\/pt-pt\/produit\/100-luvas-de-exame-de-latex-em-po-grandes-9\/#primaryimage"},"image":{"@id":"https:\/\/www.csj-emballages.com\/pt-pt\/produit\/100-luvas-de-exame-de-latex-em-po-grandes-9\/#primaryimage"},"thumbnailUrl":"https:\/\/www.csj-emballages.com\/wp-content\/uploads\/2024\/03\/Latex.webp","datePublished":"2024-03-01T15:53:30+00:00","dateModified":"2026-04-16T00:13:25+00:00","description":"Luvas de l\u00e1tex com p\u00f3 para exame tamanho L, confort\u00e1veis e resistentes. Caixa de 100 luvas, f\u00e1ceis de colocar e com excelente sensibilidade t\u00e1til.","breadcrumb":{"@id":"https:\/\/www.csj-emballages.com\/pt-pt\/produit\/100-luvas-de-exame-de-latex-em-po-grandes-9\/#breadcrumb"},"inLanguage":"pt-PT","potentialAction":[{"@type":"ReadAction","target":["https:\/\/www.csj-emballages.com\/pt-pt\/produit\/100-luvas-de-exame-de-latex-em-po-grandes-9\/"]}]},{"@type":"ImageObject","inLanguage":"pt-PT","@id":"https:\/\/www.csj-emballages.com\/pt-pt\/produit\/100-luvas-de-exame-de-latex-em-po-grandes-9\/#primaryimage","url":"https:\/\/www.csj-emballages.com\/wp-content\/uploads\/2024\/03\/Latex.webp","contentUrl":"https:\/\/www.csj-emballages.com\/wp-content\/uploads\/2024\/03\/Latex.webp","width":800,"height":800,"caption":"Gant latex"},{"@type":"BreadcrumbList","@id":"https:\/\/www.csj-emballages.com\/pt-pt\/produit\/100-luvas-de-exame-de-latex-em-po-grandes-9\/#breadcrumb","itemListElement":[{"@type":"ListItem","position":1,"name":"Acolhimento","item":"https:\/\/www.csj-emballages.com\/pt-pt\/universo-das-embalagens-alimentares\/"},{"@type":"ListItem","position":2,"name":"Shop","item":"https:\/\/www.csj-emballages.com\/shop\/"},{"@type":"ListItem","position":3,"name":"Luva de l\u00e1tex com p\u00f3 para exame grande 9 por 100"}]},{"@type":"WebSite","@id":"https:\/\/www.csj-emballages.com\/pt-pt\/#website","url":"https:\/\/www.csj-emballages.com\/pt-pt\/","name":"CSJ Emballages","description":"","publisher":{"@id":"https:\/\/www.csj-emballages.com\/pt-pt\/#organization"},"potentialAction":[{"@type":"SearchAction","target":{"@type":"EntryPoint","urlTemplate":"https:\/\/www.csj-emballages.com\/pt-pt\/?s={search_term_string}"},"query-input":{"@type":"PropertyValueSpecification","valueRequired":true,"valueName":"search_term_string"}}],"inLanguage":"pt-PT"},{"@type":"Organization","@id":"https:\/\/www.csj-emballages.com\/pt-pt\/#Organization\/","name":"CSJ Emballages","url":"https:\/\/www.csj-emballages.com\/pt-pt\/","logo":{"@type":"ImageObject","inLanguage":"pt-PT","@id":"https:\/\/www.csj-emballages.com\/pt-pt\/#\/schema\/logo\/image\/","url":"https:\/\/www.csj-emballages.com\/wp-content\/uploads\/2023\/10\/logo_csj.webp","contentUrl":"https:\/\/www.csj-emballages.com\/wp-content\/uploads\/2023\/10\/logo_csj.webp","width":250,"height":95,"caption":"CSJ Emballages"},"image":{"@id":"https:\/\/www.csj-emballages.com\/pt-pt\/#\/schema\/logo\/image\/"},"sameAs":["https:\/\/www.facebook.com\/csjemballages"],"address":{"@type":"PostalAddress","streetAddress":"ZI La Lechere","addressLocality":"Patornay","postalCode":"39130","addressCountry":"FR"},"contactPoint":[{"@type":"ContactPoint","contactType":"Service client","telephone":"0384254272","email":"contact@csj-emballages.com"}]}]}},"df_price":5.69,"df_sale_price":"","df_regular_price":5.69,"df_image_link":"https:\/\/www.csj-emballages.com\/wp-content\/uploads\/2024\/03\/Latex-300x300.webp","tiered_pricing_type":"fixed","tiered_pricing_fixed_rules":[],"tiered_pricing_percentage_rules":[],"tiered_pricing_minimum":1,"tiered_pricing_roles_data":[],"_links":{"self":[{"href":"https:\/\/www.csj-emballages.com\/pt-pt\/wp-json\/wp\/v2\/product\/21006","targetHints":{"allow":["GET"]}}],"collection":[{"href":"https:\/\/www.csj-emballages.com\/pt-pt\/wp-json\/wp\/v2\/product"}],"about":[{"href":"https:\/\/www.csj-emballages.com\/pt-pt\/wp-json\/wp\/v2\/types\/product"}],"wp:featuredmedia":[{"embeddable":true,"href":"https:\/\/www.csj-emballages.com\/pt-pt\/wp-json\/wp\/v2\/media\/262203"}],"wp:attachment":[{"href":"https:\/\/www.csj-emballages.com\/pt-pt\/wp-json\/wp\/v2\/media?parent=21006"}],"wp:term":[{"taxonomy":"product_brand","embeddable":true,"href":"https:\/\/www.csj-emballages.com\/pt-pt\/wp-json\/wp\/v2\/product_brand?post=21006"},{"taxonomy":"product_cat","embeddable":true,"href":"https:\/\/www.csj-emballages.com\/pt-pt\/wp-json\/wp\/v2\/product_cat?post=21006"},{"taxonomy":"product_tag","embeddable":true,"href":"https:\/\/www.csj-emballages.com\/pt-pt\/wp-json\/wp\/v2\/product_tag?post=21006"}],"curies":[{"name":"wp","href":"https:\/\/api.w.org\/{rel}","templated":true}]}}