{"id":20989,"date":"2024-03-01T16:53:32","date_gmt":"2024-03-01T15:53:32","guid":{"rendered":"https:\/\/u15jnbdpoq.preview.infomaniak.website\/produit\/caixa-galia-a13-de-canelura-dupla\/"},"modified":"2026-04-18T02:14:36","modified_gmt":"2026-04-18T00:14:36","slug":"caixa-galia-a13-de-canelura-dupla","status":"publish","type":"product","link":"https:\/\/www.csj-emballages.com\/pt-pt\/produit\/caixa-galia-a13-de-canelura-dupla\/","title":{"rendered":"Caixa de cart\u00e3o galia de parede dupla A13"},"content":{"rendered":"<h2 class=\"p1\">Cart\u00e3o<\/h2>\n<hr>\n<h3>Descri\u00e7\u00e3o da nossa caixa de cart\u00e3o de parede dupla galia A13<\/h3>\n<p><!--more--><\/p>\n<p data-start=\"31\" data-end=\"476\">A <strong data-start=\"34\" data-end=\"78\">caixa de cart\u00e3o de parede dupla Galia A13<\/strong> foi concebida para responder \u00e0s necessidades dos profissionais de transporte, armazenamento e log\u00edstica. De facto, robusta e resistente, oferece uma prote\u00e7\u00e3o ideal para as suas mercadorias, mesmo as mais fr\u00e1geis. Gra\u00e7as \u00e0 sua <strong data-start=\"294\" data-end=\"314\">parede dupla<\/strong>, garante uma excelente resist\u00eancia a choques, compress\u00f5es e varia\u00e7\u00f5es de temperatura, garantindo assim uma maior seguran\u00e7a durante o envio.  <\/p>\n<p data-start=\"478\" data-end=\"867\">Este <strong>cart\u00e3o de dupla face<\/strong> est\u00e1 em conformidade com as normas <strong data-start=\"512\" data-end=\"521\">Galia<\/strong>, uma norma reconhecida nos sectores autom\u00f3vel e industrial, garantindo a compatibilidade com as cadeias de abastecimento e facilitando a organiza\u00e7\u00e3o do transporte e do armazenamento. A sua conce\u00e7\u00e3o optimizada permite uma montagem r\u00e1pida e um empilhamento eficaz, reduzindo a desorganiza\u00e7\u00e3o e optimizando o seu espa\u00e7o de armazenamento. O acr\u00f3nimo <strong>GALIA<\/strong> significa &#8220;Groupement pour l&#8217;Am\u00e9lioration des Liaisons dans l&#8217;Industrie Automobile&#8221; e abrange todas as normas espec\u00edficas deste sector e aplic\u00e1veis \u00e0s embalagens de cart\u00e3o.  <\/p>\n<p data-start=\"869\" data-end=\"1068\">Em resumo, quer seja um profissional de log\u00edstica, um comerciante ou uma empresa que pretenda expedir produtos em seguran\u00e7a, a caixa de cart\u00e3o <strong data-start=\"1013\" data-end=\"1026\">Galia A13<\/strong> \u00e9 uma solu\u00e7\u00e3o fi\u00e1vel e eficiente.<\/p>\n<h3 data-start=\"1070\" data-end=\"1098\"><\/h3>\n<p><!--more--><\/p>\n<h4>Vantagens :<\/h4>\n<ul>\n<li data-start=\"1063\" data-end=\"1163\"><strong>Parede dupla<\/strong> para uma solidez refor\u00e7ada.<\/li>\n<li data-start=\"1164\" data-end=\"1241\">Ideal para produtos fr\u00e1geis ou pesados.<\/li>\n<li data-start=\"1328\" data-end=\"1424\">Montagem r\u00e1pida e empilhamento otimizado.<\/li>\n<li data-start=\"1425\" data-end=\"1500\">Perfeitamente adaptado \u00e0s exig\u00eancias log\u00edsticas dos profissionais.<\/li>\n<li data-start=\"1425\" data-end=\"1500\">Cart\u00e3o recicl\u00e1vel e amigo do ambiente.<\/li>\n<\/ul>\n<p>&nbsp;<\/p>\n<p><!--more--><\/p>\n<h4>Outras informa\u00e7\u00f5es :<\/h4>\n<ul>\n<li><strong>Embalagem<\/strong>: Vendido individualmente<\/li>\n<li><strong>Dimens\u00f5es<\/strong>: 400 x 300 x 200 (C x L x A em mm)<\/li>\n<li><strong>Tipo<\/strong>: Galia<\/li>\n<li><strong>Resist\u00eancia<\/strong>: Dupla canelura<\/li>\n<li><strong>Modelo<\/strong>: A13<\/li>\n<li><strong>Forma<\/strong>: Retangular<\/li>\n<li><strong>Material<\/strong>: Cart\u00e3o<\/li>\n<\/ul>\n<p>&nbsp;<\/p>\n<p><!--more--><\/p>\n<p>Este produto est\u00e1 dispon\u00edvel em v\u00e1rios tamanhos:<span style=\"color: #d12727;\"> <a style=\"color: #d12727;\" href=\"https:\/\/www.csj-emballages.com\/it\/produit\/scatola-di-cartone-galia-a-doppia-onda-a10\/\">Galia10<\/a> <span style=\"color: #000000;\">\/<\/span> <a style=\"color: #d12727;\" href=\"https:\/\/www.csj-emballages.com\/it\/produit\/scatola-di-cartone-galia-doppia-onda-a11\/\">Galia11<\/a> <span style=\"color: #000000;\">\/<\/span> <a style=\"color: #d12727;\" href=\"https:\/\/www.csj-emballages.com\/it\/produit\/scatola-di-cartone-galia-doppia-onda-a12\/\">Galia12<\/a> <span style=\"color: #000000;\">\/<\/span> <a style=\"color: #d12727;\" href=\"https:\/\/www.csj-emballages.com\/produit\/carton-caisses-doubles-cannelures-galia-a14\/\">Galia14<\/a> <span style=\"color: #000000;\">\/<\/span> <a style=\"color: #d12727;\" href=\"https:\/\/www.csj-emballages.com\/it\/produit\/scatola-di-cartone-galia-a-onda-singola-a15\/\">Galia15<\/a> <span style=\"color: #000000;\">\/<\/span> <a style=\"color: #d12727;\" href=\"https:\/\/www.csj-emballages.com\/es\/produit\/caja-acanalada-doble-galia-a16\/\">Galia16<\/a><\/span><\/p>\n<p>&nbsp;<\/p>\n<p><!--more--><\/p>\n<p><a href=\"https:\/\/www.csj-emballages.com\/pt-pt\/categorie-produit\/embalagens-industriais\/cartao\/caixas-galia\/\">Ver o resto da nossa gama de caixas galia<\/a><\/p>\n","protected":false},"excerpt":{"rendered":"<p>Cart\u00e3o Descri\u00e7\u00e3o da nossa caixa de cart\u00e3o de parede dupla galia A13<\/p>\n","protected":false},"featured_media":263316,"template":"","meta":{"_acf_changed":false},"product_brand":[],"product_cat":[1141,2678,2680],"product_tag":[],"class_list":{"0":"post-20989","1":"product","2":"type-product","3":"status-publish","4":"has-post-thumbnail","6":"product_cat-embalagem-de-alimentos","7":"product_cat-cartao","8":"product_cat-caixas-galia","9":"product_shipping_class-nao-e-permitido-em-reles","11":"first","12":"instock","13":"taxable","14":"shipping-taxable","15":"purchasable","16":"product-type-simple"},"acf":[],"yoast_head":"<!-- This site is optimized with the Yoast SEO Premium plugin v26.6 (Yoast SEO v26.6) - https:\/\/yoast.com\/wordpress\/plugins\/seo\/ -->\n<title>Caixa de Cart\u00e3o Galia de Parede Dupla A13<\/title>\n<meta name=\"description\" content=\"Caixa de cart\u00e3o de parede dupla Galia A13, resistente e ideal para o transporte e armazenamento seguro das suas mercadorias. Conforme as normas Galia.\" \/>\n<meta name=\"robots\" content=\"index, follow, max-snippet:-1, max-image-preview:large, max-video-preview:-1\" \/>\n<link rel=\"canonical\" href=\"https:\/\/www.csj-emballages.com\/pt-pt\/produit\/caixa-galia-a13-de-canelura-dupla\/\" \/>\n<meta property=\"og:locale\" content=\"pt_PT\" \/>\n<meta property=\"og:type\" content=\"article\" \/>\n<meta property=\"og:title\" content=\"Caixa de cart\u00e3o galia de parede dupla A13\" \/>\n<meta property=\"og:description\" content=\"Caixa de cart\u00e3o de parede dupla Galia A13, resistente e ideal para o transporte e armazenamento seguro das suas mercadorias. Conforme as normas Galia.\" \/>\n<meta property=\"og:url\" content=\"https:\/\/www.csj-emballages.com\/pt-pt\/produit\/caixa-galia-a13-de-canelura-dupla\/\" \/>\n<meta property=\"og:site_name\" content=\"CSJ Emballages\" \/>\n<meta property=\"article:publisher\" content=\"https:\/\/www.facebook.com\/csjemballages\" \/>\n<meta property=\"article:modified_time\" content=\"2026-04-18T00:14:36+00:00\" \/>\n<meta property=\"og:image\" content=\"https:\/\/www.csj-emballages.com\/wp-content\/uploads\/2024\/03\/Caisse-carton-galia-A13.webp\" \/>\n\t<meta property=\"og:image:width\" content=\"800\" \/>\n\t<meta property=\"og:image:height\" content=\"800\" \/>\n\t<meta property=\"og:image:type\" content=\"image\/webp\" \/>\n<meta name=\"twitter:card\" content=\"summary_large_image\" \/>\n<meta name=\"twitter:label1\" content=\"Tempo estimado de leitura\" \/>\n\t<meta name=\"twitter:data1\" content=\"2 minutos\" \/>\n<script type=\"application\/ld+json\" class=\"yoast-schema-graph\">{\"@context\":\"https:\/\/schema.org\",\"@graph\":[{\"@type\":\"WebPage\",\"@id\":\"https:\/\/www.csj-emballages.com\/pt-pt\/produit\/caixa-galia-a13-de-canelura-dupla\/\",\"url\":\"https:\/\/www.csj-emballages.com\/pt-pt\/produit\/caixa-galia-a13-de-canelura-dupla\/\",\"name\":\"Caixa de Cart\u00e3o Galia de Parede Dupla A13\",\"isPartOf\":{\"@id\":\"https:\/\/www.csj-emballages.com\/pt-pt\/#website\"},\"primaryImageOfPage\":{\"@id\":\"https:\/\/www.csj-emballages.com\/pt-pt\/produit\/caixa-galia-a13-de-canelura-dupla\/#primaryimage\"},\"image\":{\"@id\":\"https:\/\/www.csj-emballages.com\/pt-pt\/produit\/caixa-galia-a13-de-canelura-dupla\/#primaryimage\"},\"thumbnailUrl\":\"https:\/\/www.csj-emballages.com\/wp-content\/uploads\/2024\/03\/Caisse-carton-galia-A13.webp\",\"datePublished\":\"2024-03-01T15:53:32+00:00\",\"dateModified\":\"2026-04-18T00:14:36+00:00\",\"description\":\"Caixa de cart\u00e3o de parede dupla Galia A13, resistente e ideal para o transporte e armazenamento seguro das suas mercadorias. Conforme as normas Galia.\",\"breadcrumb\":{\"@id\":\"https:\/\/www.csj-emballages.com\/pt-pt\/produit\/caixa-galia-a13-de-canelura-dupla\/#breadcrumb\"},\"inLanguage\":\"pt-PT\",\"potentialAction\":[{\"@type\":\"ReadAction\",\"target\":[\"https:\/\/www.csj-emballages.com\/pt-pt\/produit\/caixa-galia-a13-de-canelura-dupla\/\"]}]},{\"@type\":\"ImageObject\",\"inLanguage\":\"pt-PT\",\"@id\":\"https:\/\/www.csj-emballages.com\/pt-pt\/produit\/caixa-galia-a13-de-canelura-dupla\/#primaryimage\",\"url\":\"https:\/\/www.csj-emballages.com\/wp-content\/uploads\/2024\/03\/Caisse-carton-galia-A13.webp\",\"contentUrl\":\"https:\/\/www.csj-emballages.com\/wp-content\/uploads\/2024\/03\/Caisse-carton-galia-A13.webp\",\"width\":800,\"height\":800,\"caption\":\"Caisse carton galia\"},{\"@type\":\"BreadcrumbList\",\"@id\":\"https:\/\/www.csj-emballages.com\/pt-pt\/produit\/caixa-galia-a13-de-canelura-dupla\/#breadcrumb\",\"itemListElement\":[{\"@type\":\"ListItem\",\"position\":1,\"name\":\"Acolhimento\",\"item\":\"https:\/\/www.csj-emballages.com\/pt-pt\/universo-das-embalagens-alimentares\/\"},{\"@type\":\"ListItem\",\"position\":2,\"name\":\"Shop\",\"item\":\"https:\/\/www.csj-emballages.com\/shop\/\"},{\"@type\":\"ListItem\",\"position\":3,\"name\":\"Caixa de cart\u00e3o galia de parede dupla A13\"}]},{\"@type\":\"WebSite\",\"@id\":\"https:\/\/www.csj-emballages.com\/pt-pt\/#website\",\"url\":\"https:\/\/www.csj-emballages.com\/pt-pt\/\",\"name\":\"CSJ Emballages\",\"description\":\"\",\"publisher\":{\"@id\":\"https:\/\/www.csj-emballages.com\/pt-pt\/#organization\"},\"potentialAction\":[{\"@type\":\"SearchAction\",\"target\":{\"@type\":\"EntryPoint\",\"urlTemplate\":\"https:\/\/www.csj-emballages.com\/pt-pt\/?s={search_term_string}\"},\"query-input\":{\"@type\":\"PropertyValueSpecification\",\"valueRequired\":true,\"valueName\":\"search_term_string\"}}],\"inLanguage\":\"pt-PT\"},{\"@type\":\"Organization\",\"@id\":\"https:\/\/www.csj-emballages.com\/pt-pt\/#Organization\/\",\"name\":\"CSJ Emballages\",\"url\":\"https:\/\/www.csj-emballages.com\/pt-pt\/\",\"logo\":{\"@type\":\"ImageObject\",\"inLanguage\":\"pt-PT\",\"@id\":\"https:\/\/www.csj-emballages.com\/pt-pt\/#\/schema\/logo\/image\/\",\"url\":\"https:\/\/www.csj-emballages.com\/wp-content\/uploads\/2023\/10\/logo_csj.webp\",\"contentUrl\":\"https:\/\/www.csj-emballages.com\/wp-content\/uploads\/2023\/10\/logo_csj.webp\",\"width\":250,\"height\":95,\"caption\":\"CSJ Emballages\"},\"image\":{\"@id\":\"https:\/\/www.csj-emballages.com\/pt-pt\/#\/schema\/logo\/image\/\"},\"sameAs\":[\"https:\/\/www.facebook.com\/csjemballages\"],\"address\":{\"@type\":\"PostalAddress\",\"streetAddress\":\"ZI La Lechere\",\"addressLocality\":\"Patornay\",\"postalCode\":\"39130\",\"addressCountry\":\"FR\"},\"contactPoint\":[{\"@type\":\"ContactPoint\",\"contactType\":\"Service client\",\"telephone\":\"0384254272\",\"email\":\"contact@csj-emballages.com\"}]}]}<\/script>\n<!-- \/ Yoast SEO Premium plugin. -->","yoast_head_json":{"title":"Caixa de Cart\u00e3o Galia de Parede Dupla A13","description":"Caixa de cart\u00e3o de parede dupla Galia A13, resistente e ideal para o transporte e armazenamento seguro das suas mercadorias. Conforme as normas Galia.","robots":{"index":"index","follow":"follow","max-snippet":"max-snippet:-1","max-image-preview":"max-image-preview:large","max-video-preview":"max-video-preview:-1"},"canonical":"https:\/\/www.csj-emballages.com\/pt-pt\/produit\/caixa-galia-a13-de-canelura-dupla\/","og_locale":"pt_PT","og_type":"article","og_title":"Caixa de cart\u00e3o galia de parede dupla A13","og_description":"Caixa de cart\u00e3o de parede dupla Galia A13, resistente e ideal para o transporte e armazenamento seguro das suas mercadorias. Conforme as normas Galia.","og_url":"https:\/\/www.csj-emballages.com\/pt-pt\/produit\/caixa-galia-a13-de-canelura-dupla\/","og_site_name":"CSJ Emballages","article_publisher":"https:\/\/www.facebook.com\/csjemballages","article_modified_time":"2026-04-18T00:14:36+00:00","og_image":[{"width":800,"height":800,"url":"https:\/\/www.csj-emballages.com\/wp-content\/uploads\/2024\/03\/Caisse-carton-galia-A13.webp","type":"image\/webp"}],"twitter_card":"summary_large_image","twitter_misc":{"Tempo estimado de leitura":"2 minutos"},"schema":{"@context":"https:\/\/schema.org","@graph":[{"@type":"WebPage","@id":"https:\/\/www.csj-emballages.com\/pt-pt\/produit\/caixa-galia-a13-de-canelura-dupla\/","url":"https:\/\/www.csj-emballages.com\/pt-pt\/produit\/caixa-galia-a13-de-canelura-dupla\/","name":"Caixa de Cart\u00e3o Galia de Parede Dupla A13","isPartOf":{"@id":"https:\/\/www.csj-emballages.com\/pt-pt\/#website"},"primaryImageOfPage":{"@id":"https:\/\/www.csj-emballages.com\/pt-pt\/produit\/caixa-galia-a13-de-canelura-dupla\/#primaryimage"},"image":{"@id":"https:\/\/www.csj-emballages.com\/pt-pt\/produit\/caixa-galia-a13-de-canelura-dupla\/#primaryimage"},"thumbnailUrl":"https:\/\/www.csj-emballages.com\/wp-content\/uploads\/2024\/03\/Caisse-carton-galia-A13.webp","datePublished":"2024-03-01T15:53:32+00:00","dateModified":"2026-04-18T00:14:36+00:00","description":"Caixa de cart\u00e3o de parede dupla Galia A13, resistente e ideal para o transporte e armazenamento seguro das suas mercadorias. Conforme as normas Galia.","breadcrumb":{"@id":"https:\/\/www.csj-emballages.com\/pt-pt\/produit\/caixa-galia-a13-de-canelura-dupla\/#breadcrumb"},"inLanguage":"pt-PT","potentialAction":[{"@type":"ReadAction","target":["https:\/\/www.csj-emballages.com\/pt-pt\/produit\/caixa-galia-a13-de-canelura-dupla\/"]}]},{"@type":"ImageObject","inLanguage":"pt-PT","@id":"https:\/\/www.csj-emballages.com\/pt-pt\/produit\/caixa-galia-a13-de-canelura-dupla\/#primaryimage","url":"https:\/\/www.csj-emballages.com\/wp-content\/uploads\/2024\/03\/Caisse-carton-galia-A13.webp","contentUrl":"https:\/\/www.csj-emballages.com\/wp-content\/uploads\/2024\/03\/Caisse-carton-galia-A13.webp","width":800,"height":800,"caption":"Caisse carton galia"},{"@type":"BreadcrumbList","@id":"https:\/\/www.csj-emballages.com\/pt-pt\/produit\/caixa-galia-a13-de-canelura-dupla\/#breadcrumb","itemListElement":[{"@type":"ListItem","position":1,"name":"Acolhimento","item":"https:\/\/www.csj-emballages.com\/pt-pt\/universo-das-embalagens-alimentares\/"},{"@type":"ListItem","position":2,"name":"Shop","item":"https:\/\/www.csj-emballages.com\/shop\/"},{"@type":"ListItem","position":3,"name":"Caixa de cart\u00e3o galia de parede dupla A13"}]},{"@type":"WebSite","@id":"https:\/\/www.csj-emballages.com\/pt-pt\/#website","url":"https:\/\/www.csj-emballages.com\/pt-pt\/","name":"CSJ Emballages","description":"","publisher":{"@id":"https:\/\/www.csj-emballages.com\/pt-pt\/#organization"},"potentialAction":[{"@type":"SearchAction","target":{"@type":"EntryPoint","urlTemplate":"https:\/\/www.csj-emballages.com\/pt-pt\/?s={search_term_string}"},"query-input":{"@type":"PropertyValueSpecification","valueRequired":true,"valueName":"search_term_string"}}],"inLanguage":"pt-PT"},{"@type":"Organization","@id":"https:\/\/www.csj-emballages.com\/pt-pt\/#Organization\/","name":"CSJ Emballages","url":"https:\/\/www.csj-emballages.com\/pt-pt\/","logo":{"@type":"ImageObject","inLanguage":"pt-PT","@id":"https:\/\/www.csj-emballages.com\/pt-pt\/#\/schema\/logo\/image\/","url":"https:\/\/www.csj-emballages.com\/wp-content\/uploads\/2023\/10\/logo_csj.webp","contentUrl":"https:\/\/www.csj-emballages.com\/wp-content\/uploads\/2023\/10\/logo_csj.webp","width":250,"height":95,"caption":"CSJ Emballages"},"image":{"@id":"https:\/\/www.csj-emballages.com\/pt-pt\/#\/schema\/logo\/image\/"},"sameAs":["https:\/\/www.facebook.com\/csjemballages"],"address":{"@type":"PostalAddress","streetAddress":"ZI La Lechere","addressLocality":"Patornay","postalCode":"39130","addressCountry":"FR"},"contactPoint":[{"@type":"ContactPoint","contactType":"Service client","telephone":"0384254272","email":"contact@csj-emballages.com"}]}]}},"df_price":1.22,"df_sale_price":"","df_regular_price":1.22,"df_image_link":"https:\/\/www.csj-emballages.com\/wp-content\/uploads\/2024\/03\/Caisse-carton-galia-A13-300x300.webp","tiered_pricing_type":"fixed","tiered_pricing_fixed_rules":[],"tiered_pricing_percentage_rules":[],"tiered_pricing_minimum":1,"tiered_pricing_roles_data":[],"_links":{"self":[{"href":"https:\/\/www.csj-emballages.com\/pt-pt\/wp-json\/wp\/v2\/product\/20989","targetHints":{"allow":["GET"]}}],"collection":[{"href":"https:\/\/www.csj-emballages.com\/pt-pt\/wp-json\/wp\/v2\/product"}],"about":[{"href":"https:\/\/www.csj-emballages.com\/pt-pt\/wp-json\/wp\/v2\/types\/product"}],"wp:featuredmedia":[{"embeddable":true,"href":"https:\/\/www.csj-emballages.com\/pt-pt\/wp-json\/wp\/v2\/media\/263316"}],"wp:attachment":[{"href":"https:\/\/www.csj-emballages.com\/pt-pt\/wp-json\/wp\/v2\/media?parent=20989"}],"wp:term":[{"taxonomy":"product_brand","embeddable":true,"href":"https:\/\/www.csj-emballages.com\/pt-pt\/wp-json\/wp\/v2\/product_brand?post=20989"},{"taxonomy":"product_cat","embeddable":true,"href":"https:\/\/www.csj-emballages.com\/pt-pt\/wp-json\/wp\/v2\/product_cat?post=20989"},{"taxonomy":"product_tag","embeddable":true,"href":"https:\/\/www.csj-emballages.com\/pt-pt\/wp-json\/wp\/v2\/product_tag?post=20989"}],"curies":[{"name":"wp","href":"https:\/\/api.w.org\/{rel}","templated":true}]}}