{"id":20986,"date":"2024-03-01T16:53:31","date_gmt":"2024-03-01T15:53:31","guid":{"rendered":"https:\/\/u15jnbdpoq.preview.infomaniak.website\/produit\/50-gazes-impregnadas-de-cor-de-rosa-30-x-60-cm\/"},"modified":"2026-04-14T02:16:43","modified_gmt":"2026-04-14T00:16:43","slug":"50-gazes-impregnadas-de-cor-de-rosa-30-x-60-cm","status":"publish","type":"product","link":"https:\/\/www.csj-emballages.com\/pt-pt\/produit\/50-gazes-impregnadas-de-cor-de-rosa-30-x-60-cm\/","title":{"rendered":"Gaze cor-de-rosa impregnada 30 x 60 cm por 50"},"content":{"rendered":"<h2>Gaze impregnada<\/h2>\n<hr>\n<h3>Descri\u00e7\u00e3o da nossa gaze impregnada cor-de-rosa 30 x 60 cm, embalagem de 50<\/h3>\n<p><!--more--><\/p>\n<p data-start=\"245\" data-end=\"620\">A <strong data-start=\"248\" data-end=\"282\">gaze impregnada rosa 30 x 60 cm<\/strong> \u00e9 uma solu\u00e7\u00e3o simples e eficaz para manter as superf\u00edcies limpas sem esfor\u00e7o. Logo ao pegar, nota-se a sua <strong>textura suave e ligeiramente impregnada<\/strong>, pensada para captar o <strong>p\u00f3, a sujidade fina e os res\u00edduos sem os dispersar<\/strong>. Permite, assim, limpar rapidamente, deixando um resultado n\u00edtido, sem marcas desnecess\u00e1rias.  <\/p>\n<p data-start=\"622\" data-end=\"1045\">Gra\u00e7as ao seu formato de <strong data-start=\"641\" data-end=\"655\">30 x 60 cm<\/strong>, esta gaze oferece uma superf\u00edcie confort\u00e1vel para trabalhar mais depressa e cobrir grandes \u00e1reas numa s\u00f3 passagem. Utiliza-se facilmente em diferentes tipos de pisos ou superf\u00edcies, seja num ambiente profissional ou para uso regular. Al\u00e9m disso, a sua impregna\u00e7\u00e3o equilibrada ajuda a limitar o p\u00f3 no ar, o que torna a limpeza mais agrad\u00e1vel e mais limpa.  <\/p>\n<p data-start=\"1047\" data-end=\"1320\">Al\u00e9m disso, a sua <strong>cor rosa<\/strong> permite uma identifica\u00e7\u00e3o r\u00e1pida, o que \u00e9 pr\u00e1tico para organizar o material de limpeza ou diferenciar as utiliza\u00e7\u00f5es consoante as \u00e1reas. Isto tamb\u00e9m ajuda a manter uma melhor higiene, principalmente nos espa\u00e7os onde o rigor \u00e9 essencial. <\/p>\n<p data-start=\"1322\" data-end=\"1592\">O <strong data-start=\"1325\" data-end=\"1338\">lote de 50<\/strong> \u00e9 ideal para antecipar as necessidades e trabalhar com toda a tranquilidade, sem ter de renovar o stock com muita frequ\u00eancia. \u00c9 uma escolha inteligente para os profissionais que procuram um produto fi\u00e1vel, simples de utilizar e constante no seu desempenho. <\/p>\n<p data-start=\"1594\" data-end=\"1814\">Em resumo, esta <strong>gaze impregnada rosa<\/strong> combina praticidade, efic\u00e1cia e conforto de utiliza\u00e7\u00e3o.<\/p>\n<p>&nbsp;<\/p>\n<p><!--more--><\/p>\n<h4> Vantagens:<\/h4>\n<ul>\n<li>Captura o <strong>p\u00f3 e as impurezas<\/strong> numa s\u00f3 passagem.<\/li>\n<li>Facilita a manuten\u00e7\u00e3o e melhora a ader\u00eancia das part\u00edculas.<\/li>\n<li><strong>Dimens\u00f5es de 30 x 60 cm<\/strong>, perfeitas para grandes superf\u00edcies.<\/li>\n<li>Adequado para pisos, m\u00f3veis e outras superf\u00edcies lisas.<\/li>\n<li>Lote de <strong>50 gazes<\/strong> para uma utiliza\u00e7\u00e3o prolongada<\/li>\n<\/ul>\n<p>&nbsp;<\/p>\n<p><!--more--><\/p>\n<h4>Outras informa\u00e7\u00f5es :<\/h4>\n<ul>\n<li><strong>Embalagem<\/strong>: Pacote de 50<\/li>\n<li><strong>Dimens\u00f5es<\/strong>: 30 x 60 cm<\/li>\n<li><strong>Cor<\/strong>: Rosa<\/li>\n<li><strong>Material<\/strong>: Polipropileno n\u00e3o tecido<\/li>\n<\/ul>\n<p>&nbsp;<\/p>\n<p><!--more--><\/p>\n<p><a href=\"https:\/\/www.csj-emballages.com\/pt-pt\/categorie-produit\/higiene-e-manutencao\/esponjas-panos-de-prato-panos-de-cozinha\/panos-gaze\/\">V\u00ea o resto da nossa gama de toalhetes \/ gazes<\/a><\/p>\n","protected":false},"excerpt":{"rendered":"<p>Gaze impregnada Descri\u00e7\u00e3o da nossa gaze impregnada cor-de-rosa 30 x 60 cm, embalagem de 50<\/p>\n","protected":false},"featured_media":222083,"template":"","meta":{"_acf_changed":false},"product_brand":[],"product_cat":[1222,1422,1429],"product_tag":[],"class_list":{"0":"post-20986","1":"product","2":"type-product","3":"status-publish","4":"has-post-thumbnail","6":"product_cat-higiene-e-manutencao","7":"product_cat-esponjas-panos-de-prato-panos-de-cozinha","8":"product_cat-panos-gaze","10":"first","11":"instock","12":"taxable","13":"shipping-taxable","14":"purchasable","15":"product-type-simple"},"acf":[],"yoast_head":"<!-- This site is optimized with the Yoast SEO Premium plugin v26.6 (Yoast SEO v26.6) - https:\/\/yoast.com\/wordpress\/plugins\/seo\/ -->\n<title>Gaze impregnada cor-de-rosa 30 x 60 cm por 50<\/title>\n<meta name=\"description\" content=\"Descubra a nossa gaze impregnada cor-de-rosa de 30 x 60 cm, ideal para uma limpeza r\u00e1pida e eficaz das superf\u00edcies. \u00d3ptima recolha de poeiras.\" \/>\n<meta name=\"robots\" content=\"index, follow, max-snippet:-1, max-image-preview:large, max-video-preview:-1\" \/>\n<link rel=\"canonical\" href=\"https:\/\/www.csj-emballages.com\/pt-pt\/produit\/50-gazes-impregnadas-de-cor-de-rosa-30-x-60-cm\/\" \/>\n<meta property=\"og:locale\" content=\"pt_PT\" \/>\n<meta property=\"og:type\" content=\"article\" \/>\n<meta property=\"og:title\" content=\"Gaze cor-de-rosa impregnada 30 x 60 cm por 50\" \/>\n<meta property=\"og:description\" content=\"Descubra a nossa gaze impregnada cor-de-rosa de 30 x 60 cm, ideal para uma limpeza r\u00e1pida e eficaz das superf\u00edcies. \u00d3ptima recolha de poeiras.\" \/>\n<meta property=\"og:url\" content=\"https:\/\/www.csj-emballages.com\/pt-pt\/produit\/50-gazes-impregnadas-de-cor-de-rosa-30-x-60-cm\/\" \/>\n<meta property=\"og:site_name\" content=\"CSJ Emballages\" \/>\n<meta property=\"article:publisher\" content=\"https:\/\/www.facebook.com\/csjemballages\" \/>\n<meta property=\"article:modified_time\" content=\"2026-04-14T00:16:43+00:00\" \/>\n<meta property=\"og:image\" content=\"https:\/\/www.csj-emballages.com\/wp-content\/uploads\/2024\/03\/gaze-rose.webp\" \/>\n\t<meta property=\"og:image:width\" content=\"800\" \/>\n\t<meta property=\"og:image:height\" content=\"800\" \/>\n\t<meta property=\"og:image:type\" content=\"image\/webp\" \/>\n<meta name=\"twitter:card\" content=\"summary_large_image\" \/>\n<meta name=\"twitter:label1\" content=\"Tempo estimado de leitura\" \/>\n\t<meta name=\"twitter:data1\" content=\"2 minutos\" \/>\n<script type=\"application\/ld+json\" class=\"yoast-schema-graph\">{\"@context\":\"https:\/\/schema.org\",\"@graph\":[{\"@type\":\"WebPage\",\"@id\":\"https:\/\/www.csj-emballages.com\/pt-pt\/produit\/50-gazes-impregnadas-de-cor-de-rosa-30-x-60-cm\/\",\"url\":\"https:\/\/www.csj-emballages.com\/pt-pt\/produit\/50-gazes-impregnadas-de-cor-de-rosa-30-x-60-cm\/\",\"name\":\"Gaze impregnada cor-de-rosa 30 x 60 cm por 50\",\"isPartOf\":{\"@id\":\"https:\/\/www.csj-emballages.com\/pt-pt\/#website\"},\"primaryImageOfPage\":{\"@id\":\"https:\/\/www.csj-emballages.com\/pt-pt\/produit\/50-gazes-impregnadas-de-cor-de-rosa-30-x-60-cm\/#primaryimage\"},\"image\":{\"@id\":\"https:\/\/www.csj-emballages.com\/pt-pt\/produit\/50-gazes-impregnadas-de-cor-de-rosa-30-x-60-cm\/#primaryimage\"},\"thumbnailUrl\":\"https:\/\/www.csj-emballages.com\/wp-content\/uploads\/2024\/03\/gaze-rose.webp\",\"datePublished\":\"2024-03-01T15:53:31+00:00\",\"dateModified\":\"2026-04-14T00:16:43+00:00\",\"description\":\"Descubra a nossa gaze impregnada cor-de-rosa de 30 x 60 cm, ideal para uma limpeza r\u00e1pida e eficaz das superf\u00edcies. \u00d3ptima recolha de poeiras.\",\"breadcrumb\":{\"@id\":\"https:\/\/www.csj-emballages.com\/pt-pt\/produit\/50-gazes-impregnadas-de-cor-de-rosa-30-x-60-cm\/#breadcrumb\"},\"inLanguage\":\"pt-PT\",\"potentialAction\":[{\"@type\":\"ReadAction\",\"target\":[\"https:\/\/www.csj-emballages.com\/pt-pt\/produit\/50-gazes-impregnadas-de-cor-de-rosa-30-x-60-cm\/\"]}]},{\"@type\":\"ImageObject\",\"inLanguage\":\"pt-PT\",\"@id\":\"https:\/\/www.csj-emballages.com\/pt-pt\/produit\/50-gazes-impregnadas-de-cor-de-rosa-30-x-60-cm\/#primaryimage\",\"url\":\"https:\/\/www.csj-emballages.com\/wp-content\/uploads\/2024\/03\/gaze-rose.webp\",\"contentUrl\":\"https:\/\/www.csj-emballages.com\/wp-content\/uploads\/2024\/03\/gaze-rose.webp\",\"width\":800,\"height\":800,\"caption\":\"Gaze impr\u00e9gn\u00e9e\"},{\"@type\":\"BreadcrumbList\",\"@id\":\"https:\/\/www.csj-emballages.com\/pt-pt\/produit\/50-gazes-impregnadas-de-cor-de-rosa-30-x-60-cm\/#breadcrumb\",\"itemListElement\":[{\"@type\":\"ListItem\",\"position\":1,\"name\":\"Acolhimento\",\"item\":\"https:\/\/www.csj-emballages.com\/pt-pt\/universo-das-embalagens-alimentares\/\"},{\"@type\":\"ListItem\",\"position\":2,\"name\":\"Shop\",\"item\":\"https:\/\/www.csj-emballages.com\/shop\/\"},{\"@type\":\"ListItem\",\"position\":3,\"name\":\"Gaze cor-de-rosa impregnada 30 x 60 cm por 50\"}]},{\"@type\":\"WebSite\",\"@id\":\"https:\/\/www.csj-emballages.com\/pt-pt\/#website\",\"url\":\"https:\/\/www.csj-emballages.com\/pt-pt\/\",\"name\":\"CSJ Emballages\",\"description\":\"\",\"publisher\":{\"@id\":\"https:\/\/www.csj-emballages.com\/pt-pt\/#organization\"},\"potentialAction\":[{\"@type\":\"SearchAction\",\"target\":{\"@type\":\"EntryPoint\",\"urlTemplate\":\"https:\/\/www.csj-emballages.com\/pt-pt\/?s={search_term_string}\"},\"query-input\":{\"@type\":\"PropertyValueSpecification\",\"valueRequired\":true,\"valueName\":\"search_term_string\"}}],\"inLanguage\":\"pt-PT\"},{\"@type\":\"Organization\",\"@id\":\"https:\/\/www.csj-emballages.com\/pt-pt\/#Organization\/\",\"name\":\"CSJ Emballages\",\"url\":\"https:\/\/www.csj-emballages.com\/pt-pt\/\",\"logo\":{\"@type\":\"ImageObject\",\"inLanguage\":\"pt-PT\",\"@id\":\"https:\/\/www.csj-emballages.com\/pt-pt\/#\/schema\/logo\/image\/\",\"url\":\"https:\/\/www.csj-emballages.com\/wp-content\/uploads\/2023\/10\/logo_csj.webp\",\"contentUrl\":\"https:\/\/www.csj-emballages.com\/wp-content\/uploads\/2023\/10\/logo_csj.webp\",\"width\":250,\"height\":95,\"caption\":\"CSJ Emballages\"},\"image\":{\"@id\":\"https:\/\/www.csj-emballages.com\/pt-pt\/#\/schema\/logo\/image\/\"},\"sameAs\":[\"https:\/\/www.facebook.com\/csjemballages\"],\"address\":{\"@type\":\"PostalAddress\",\"streetAddress\":\"ZI La Lechere\",\"addressLocality\":\"Patornay\",\"postalCode\":\"39130\",\"addressCountry\":\"FR\"},\"contactPoint\":[{\"@type\":\"ContactPoint\",\"contactType\":\"Service client\",\"telephone\":\"0384254272\",\"email\":\"contact@csj-emballages.com\"}]}]}<\/script>\n<!-- \/ Yoast SEO Premium plugin. -->","yoast_head_json":{"title":"Gaze impregnada cor-de-rosa 30 x 60 cm por 50","description":"Descubra a nossa gaze impregnada cor-de-rosa de 30 x 60 cm, ideal para uma limpeza r\u00e1pida e eficaz das superf\u00edcies. \u00d3ptima recolha de poeiras.","robots":{"index":"index","follow":"follow","max-snippet":"max-snippet:-1","max-image-preview":"max-image-preview:large","max-video-preview":"max-video-preview:-1"},"canonical":"https:\/\/www.csj-emballages.com\/pt-pt\/produit\/50-gazes-impregnadas-de-cor-de-rosa-30-x-60-cm\/","og_locale":"pt_PT","og_type":"article","og_title":"Gaze cor-de-rosa impregnada 30 x 60 cm por 50","og_description":"Descubra a nossa gaze impregnada cor-de-rosa de 30 x 60 cm, ideal para uma limpeza r\u00e1pida e eficaz das superf\u00edcies. \u00d3ptima recolha de poeiras.","og_url":"https:\/\/www.csj-emballages.com\/pt-pt\/produit\/50-gazes-impregnadas-de-cor-de-rosa-30-x-60-cm\/","og_site_name":"CSJ Emballages","article_publisher":"https:\/\/www.facebook.com\/csjemballages","article_modified_time":"2026-04-14T00:16:43+00:00","og_image":[{"width":800,"height":800,"url":"https:\/\/www.csj-emballages.com\/wp-content\/uploads\/2024\/03\/gaze-rose.webp","type":"image\/webp"}],"twitter_card":"summary_large_image","twitter_misc":{"Tempo estimado de leitura":"2 minutos"},"schema":{"@context":"https:\/\/schema.org","@graph":[{"@type":"WebPage","@id":"https:\/\/www.csj-emballages.com\/pt-pt\/produit\/50-gazes-impregnadas-de-cor-de-rosa-30-x-60-cm\/","url":"https:\/\/www.csj-emballages.com\/pt-pt\/produit\/50-gazes-impregnadas-de-cor-de-rosa-30-x-60-cm\/","name":"Gaze impregnada cor-de-rosa 30 x 60 cm por 50","isPartOf":{"@id":"https:\/\/www.csj-emballages.com\/pt-pt\/#website"},"primaryImageOfPage":{"@id":"https:\/\/www.csj-emballages.com\/pt-pt\/produit\/50-gazes-impregnadas-de-cor-de-rosa-30-x-60-cm\/#primaryimage"},"image":{"@id":"https:\/\/www.csj-emballages.com\/pt-pt\/produit\/50-gazes-impregnadas-de-cor-de-rosa-30-x-60-cm\/#primaryimage"},"thumbnailUrl":"https:\/\/www.csj-emballages.com\/wp-content\/uploads\/2024\/03\/gaze-rose.webp","datePublished":"2024-03-01T15:53:31+00:00","dateModified":"2026-04-14T00:16:43+00:00","description":"Descubra a nossa gaze impregnada cor-de-rosa de 30 x 60 cm, ideal para uma limpeza r\u00e1pida e eficaz das superf\u00edcies. \u00d3ptima recolha de poeiras.","breadcrumb":{"@id":"https:\/\/www.csj-emballages.com\/pt-pt\/produit\/50-gazes-impregnadas-de-cor-de-rosa-30-x-60-cm\/#breadcrumb"},"inLanguage":"pt-PT","potentialAction":[{"@type":"ReadAction","target":["https:\/\/www.csj-emballages.com\/pt-pt\/produit\/50-gazes-impregnadas-de-cor-de-rosa-30-x-60-cm\/"]}]},{"@type":"ImageObject","inLanguage":"pt-PT","@id":"https:\/\/www.csj-emballages.com\/pt-pt\/produit\/50-gazes-impregnadas-de-cor-de-rosa-30-x-60-cm\/#primaryimage","url":"https:\/\/www.csj-emballages.com\/wp-content\/uploads\/2024\/03\/gaze-rose.webp","contentUrl":"https:\/\/www.csj-emballages.com\/wp-content\/uploads\/2024\/03\/gaze-rose.webp","width":800,"height":800,"caption":"Gaze impr\u00e9gn\u00e9e"},{"@type":"BreadcrumbList","@id":"https:\/\/www.csj-emballages.com\/pt-pt\/produit\/50-gazes-impregnadas-de-cor-de-rosa-30-x-60-cm\/#breadcrumb","itemListElement":[{"@type":"ListItem","position":1,"name":"Acolhimento","item":"https:\/\/www.csj-emballages.com\/pt-pt\/universo-das-embalagens-alimentares\/"},{"@type":"ListItem","position":2,"name":"Shop","item":"https:\/\/www.csj-emballages.com\/shop\/"},{"@type":"ListItem","position":3,"name":"Gaze cor-de-rosa impregnada 30 x 60 cm por 50"}]},{"@type":"WebSite","@id":"https:\/\/www.csj-emballages.com\/pt-pt\/#website","url":"https:\/\/www.csj-emballages.com\/pt-pt\/","name":"CSJ Emballages","description":"","publisher":{"@id":"https:\/\/www.csj-emballages.com\/pt-pt\/#organization"},"potentialAction":[{"@type":"SearchAction","target":{"@type":"EntryPoint","urlTemplate":"https:\/\/www.csj-emballages.com\/pt-pt\/?s={search_term_string}"},"query-input":{"@type":"PropertyValueSpecification","valueRequired":true,"valueName":"search_term_string"}}],"inLanguage":"pt-PT"},{"@type":"Organization","@id":"https:\/\/www.csj-emballages.com\/pt-pt\/#Organization\/","name":"CSJ Emballages","url":"https:\/\/www.csj-emballages.com\/pt-pt\/","logo":{"@type":"ImageObject","inLanguage":"pt-PT","@id":"https:\/\/www.csj-emballages.com\/pt-pt\/#\/schema\/logo\/image\/","url":"https:\/\/www.csj-emballages.com\/wp-content\/uploads\/2023\/10\/logo_csj.webp","contentUrl":"https:\/\/www.csj-emballages.com\/wp-content\/uploads\/2023\/10\/logo_csj.webp","width":250,"height":95,"caption":"CSJ Emballages"},"image":{"@id":"https:\/\/www.csj-emballages.com\/pt-pt\/#\/schema\/logo\/image\/"},"sameAs":["https:\/\/www.facebook.com\/csjemballages"],"address":{"@type":"PostalAddress","streetAddress":"ZI La Lechere","addressLocality":"Patornay","postalCode":"39130","addressCountry":"FR"},"contactPoint":[{"@type":"ContactPoint","contactType":"Service client","telephone":"0384254272","email":"contact@csj-emballages.com"}]}]}},"df_price":1.98,"df_sale_price":"","df_regular_price":1.98,"df_image_link":"https:\/\/www.csj-emballages.com\/wp-content\/uploads\/2024\/03\/gaze-rose-300x300.webp","tiered_pricing_type":"fixed","tiered_pricing_fixed_rules":[],"tiered_pricing_percentage_rules":[],"tiered_pricing_minimum":1,"tiered_pricing_roles_data":[],"_links":{"self":[{"href":"https:\/\/www.csj-emballages.com\/pt-pt\/wp-json\/wp\/v2\/product\/20986","targetHints":{"allow":["GET"]}}],"collection":[{"href":"https:\/\/www.csj-emballages.com\/pt-pt\/wp-json\/wp\/v2\/product"}],"about":[{"href":"https:\/\/www.csj-emballages.com\/pt-pt\/wp-json\/wp\/v2\/types\/product"}],"wp:featuredmedia":[{"embeddable":true,"href":"https:\/\/www.csj-emballages.com\/pt-pt\/wp-json\/wp\/v2\/media\/222083"}],"wp:attachment":[{"href":"https:\/\/www.csj-emballages.com\/pt-pt\/wp-json\/wp\/v2\/media?parent=20986"}],"wp:term":[{"taxonomy":"product_brand","embeddable":true,"href":"https:\/\/www.csj-emballages.com\/pt-pt\/wp-json\/wp\/v2\/product_brand?post=20986"},{"taxonomy":"product_cat","embeddable":true,"href":"https:\/\/www.csj-emballages.com\/pt-pt\/wp-json\/wp\/v2\/product_cat?post=20986"},{"taxonomy":"product_tag","embeddable":true,"href":"https:\/\/www.csj-emballages.com\/pt-pt\/wp-json\/wp\/v2\/product_tag?post=20986"}],"curies":[{"name":"wp","href":"https:\/\/api.w.org\/{rel}","templated":true}]}}