{"id":20972,"date":"2024-03-01T16:54:24","date_gmt":"2024-03-01T15:54:24","guid":{"rendered":"https:\/\/u15jnbdpoq.preview.infomaniak.website\/produit\/rolo-de-pelicula-de-bolhas-150-m-de-largura-050-m\/"},"modified":"2026-05-01T02:12:28","modified_gmt":"2026-05-01T00:12:28","slug":"rolo-de-pelicula-de-bolhas-150-m-de-largura-050-m","status":"publish","type":"product","link":"https:\/\/www.csj-emballages.com\/pt-pt\/produit\/rolo-de-pelicula-de-bolhas-150-m-de-largura-050-m\/","title":{"rendered":"Rolo de filme de bolhas 100 m de largura 0,50 m"},"content":{"rendered":"<h2>Pel\u00edcula de bolhas<\/h2>\n<hr>\n<h3>Descubra o nosso rolo de filme de bolhas 100 m de largura 0,50 m<\/h3>\n<p><!--more--><\/p>\n<p data-start=\"190\" data-end=\"548\">Quando se trata de proteger produtos, procura-se sobretudo uma solu\u00e7\u00e3o simples, eficaz e r\u00e1pida de utilizar. Este <strong data-start=\"306\" data-end=\"346\">rolo de filme de bolhas de 100 metros<\/strong>, com uma <strong data-start=\"357\" data-end=\"376\">largura de 0,50 m<\/strong>, responde exatamente a essa necessidade. Adapta-se facilmente a todas as situa\u00e7\u00f5es, seja para expedi\u00e7\u00e3o, armazenamento ou prote\u00e7\u00e3o de objetos fr\u00e1geis no dia a dia.  <\/p>\n<p data-start=\"550\" data-end=\"1040\">Gra\u00e7as \u00e0 sua <strong>largura pr\u00e1tica<\/strong>, embala os seus artigos sem multiplicar as camadas desnecess\u00e1rias. Copos, loi\u00e7a, objetos decorativos, material eletr\u00f3nico ou produtos sens\u00edveis: o <strong>filme adapta-se \u00e0s formas e amortece<\/strong> <strong>os choques<\/strong> durante o transporte. Assim, limita os riscos de quebra, trabalhando mais rapidamente. Al\u00e9m disso, o seu comprimento generoso permite-lhe encadear as embalagens sem interrup\u00e7\u00e3o, o que \u00e9 particularmente apreci\u00e1vel durante os per\u00edodos de maior atividade.   <\/p>\n<p data-start=\"1042\" data-end=\"1345\">Al\u00e9m disso, este <strong>filme de bolhas<\/strong> desenrola-se facilmente e corta-se sem esfor\u00e7o. Ganha, assim, tempo, mantendo uma prote\u00e7\u00e3o fi\u00e1vel e homog\u00e9nea. O seu formato compacto permanece simples de armazenar, mesmo em espa\u00e7os reduzidos, o que o torna t\u00e3o pr\u00e1tico em armaz\u00e9m como em reserva ou em oficina.  <\/p>\n<p data-start=\"1347\" data-end=\"1588\">Seja um profissional da log\u00edstica, um comerciante, um e-comerciante ou um particular, este rolo integra-se naturalmente na sua organiza\u00e7\u00e3o. Oferece um bom equil\u00edbrio entre flexibilidade, resist\u00eancia e conforto de utiliza\u00e7\u00e3o. <\/p>\n<p data-start=\"1590\" data-end=\"1790\">Em resumo, este <strong>filme de bolhas<\/strong> n\u00e3o \u00e9 apenas um simples consum\u00edvel: \u00e9 um aliado do dia a dia para proteger as suas remessas, trabalhar com mais tranquilidade e garantir a chegada dos seus produtos em perfeito estado.<\/p>\n<p data-start=\"1590\" data-end=\"1790\">\n<p data-start=\"1590\" data-end=\"1790\"><!--more--><\/p>\n<h4 data-start=\"1590\" data-end=\"1790\">Vantagens :<\/h4>\n<ul>\n<li data-start=\"134\" data-end=\"193\">Excelente prote\u00e7\u00e3o contra choques e vibra\u00e7\u00f5es.<\/li>\n<li data-start=\"196\" data-end=\"256\">Largura pr\u00e1tica para embalar rapidamente sem desperd\u00edcio.<\/li>\n<li data-start=\"259\" data-end=\"314\"><strong>Comprimento de 100 metros<\/strong> ideal para uma utiliza\u00e7\u00e3o regular.<\/li>\n<li data-start=\"317\" data-end=\"371\">Filme flex\u00edvel que se adapta facilmente a todas as formas.<\/li>\n<li data-start=\"374\" data-end=\"411\">Desenrolamento fluido e corte simples.<\/li>\n<li data-start=\"414\" data-end=\"463\">Poupan\u00e7a de tempo durante a prepara\u00e7\u00e3o das embalagens.<\/li>\n<\/ul>\n<p>&nbsp;<\/p>\n<p><!--more--><\/p>\n<h4>Outras informa\u00e7\u00f5es :<\/h4>\n<ul>\n<li><strong>Embalagem<\/strong>: Por unidade<\/li>\n<li><strong>Comprimento<\/strong>: 100 m<\/li>\n<li><strong>Largura<\/strong>: 0,50 m<\/li>\n<\/ul>\n<p>&nbsp;<\/p>\n<p><!--more--><\/p>\n<p><a href=\"https:\/\/www.csj-emballages.com\/pt-pt\/universo-das-embalagens-industriais\/\">Consulte o resto da nossa gama de embalagens industriais<\/a><\/p>\n","protected":false},"excerpt":{"rendered":"<p>Pel\u00edcula de bolhas Descubra o nosso rolo de filme de bolhas 100 m de largura 0,50 m<\/p>\n","protected":false},"featured_media":261335,"template":"","meta":{"_acf_changed":false},"product_brand":[],"product_cat":[1141,2678,2693],"product_tag":[],"class_list":{"0":"post-20972","1":"product","2":"type-product","3":"status-publish","4":"has-post-thumbnail","6":"product_cat-embalagem-de-alimentos","7":"product_cat-cartao","8":"product_cat-pelicula-de-bolhas","9":"product_shipping_class-nao-e-permitido-em-reles","11":"first","12":"instock","13":"taxable","14":"shipping-taxable","15":"purchasable","16":"product-type-simple"},"acf":[],"yoast_head":"<!-- This site is optimized with the Yoast SEO Premium plugin v26.6 (Yoast SEO v26.6) - https:\/\/yoast.com\/wordpress\/plugins\/seo\/ -->\n<title>Filme de Bolhas em Rolo 100 m Largura 0,50 m<\/title>\n<meta name=\"description\" content=\"Filme de bolhas 100 m \u2013 largura 0,50 m: prote\u00e7\u00e3o eficaz para os seus objetos fr\u00e1geis. Ideal para embalagem, armazenamento e expedi\u00e7\u00e3o no dia a dia.\" \/>\n<meta name=\"robots\" content=\"index, follow, max-snippet:-1, max-image-preview:large, max-video-preview:-1\" \/>\n<link rel=\"canonical\" href=\"https:\/\/www.csj-emballages.com\/pt-pt\/produit\/rolo-de-pelicula-de-bolhas-150-m-de-largura-050-m\/\" \/>\n<meta property=\"og:locale\" content=\"pt_PT\" \/>\n<meta property=\"og:type\" content=\"article\" \/>\n<meta property=\"og:title\" content=\"Rolo de filme de bolhas 100 m de largura 0,50 m\" \/>\n<meta property=\"og:description\" content=\"Filme de bolhas 100 m \u2013 largura 0,50 m: prote\u00e7\u00e3o eficaz para os seus objetos fr\u00e1geis. Ideal para embalagem, armazenamento e expedi\u00e7\u00e3o no dia a dia.\" \/>\n<meta property=\"og:url\" content=\"https:\/\/www.csj-emballages.com\/pt-pt\/produit\/rolo-de-pelicula-de-bolhas-150-m-de-largura-050-m\/\" \/>\n<meta property=\"og:site_name\" content=\"CSJ Emballages\" \/>\n<meta property=\"article:publisher\" content=\"https:\/\/www.facebook.com\/csjemballages\" \/>\n<meta property=\"article:modified_time\" content=\"2026-05-01T00:12:28+00:00\" \/>\n<meta property=\"og:image\" content=\"https:\/\/www.csj-emballages.com\/wp-content\/uploads\/2024\/03\/Film-bulles.webp\" \/>\n\t<meta property=\"og:image:width\" content=\"800\" \/>\n\t<meta property=\"og:image:height\" content=\"800\" \/>\n\t<meta property=\"og:image:type\" content=\"image\/webp\" \/>\n<meta name=\"twitter:card\" content=\"summary_large_image\" \/>\n<meta name=\"twitter:label1\" content=\"Tempo estimado de leitura\" \/>\n\t<meta name=\"twitter:data1\" content=\"2 minutos\" \/>\n<script type=\"application\/ld+json\" class=\"yoast-schema-graph\">{\"@context\":\"https:\/\/schema.org\",\"@graph\":[{\"@type\":\"WebPage\",\"@id\":\"https:\/\/www.csj-emballages.com\/pt-pt\/produit\/rolo-de-pelicula-de-bolhas-150-m-de-largura-050-m\/\",\"url\":\"https:\/\/www.csj-emballages.com\/pt-pt\/produit\/rolo-de-pelicula-de-bolhas-150-m-de-largura-050-m\/\",\"name\":\"Filme de Bolhas em Rolo 100 m Largura 0,50 m\",\"isPartOf\":{\"@id\":\"https:\/\/www.csj-emballages.com\/pt-pt\/#website\"},\"primaryImageOfPage\":{\"@id\":\"https:\/\/www.csj-emballages.com\/pt-pt\/produit\/rolo-de-pelicula-de-bolhas-150-m-de-largura-050-m\/#primaryimage\"},\"image\":{\"@id\":\"https:\/\/www.csj-emballages.com\/pt-pt\/produit\/rolo-de-pelicula-de-bolhas-150-m-de-largura-050-m\/#primaryimage\"},\"thumbnailUrl\":\"https:\/\/www.csj-emballages.com\/wp-content\/uploads\/2024\/03\/Film-bulles.webp\",\"datePublished\":\"2024-03-01T15:54:24+00:00\",\"dateModified\":\"2026-05-01T00:12:28+00:00\",\"description\":\"Filme de bolhas 100 m \u2013 largura 0,50 m: prote\u00e7\u00e3o eficaz para os seus objetos fr\u00e1geis. Ideal para embalagem, armazenamento e expedi\u00e7\u00e3o no dia a dia.\",\"breadcrumb\":{\"@id\":\"https:\/\/www.csj-emballages.com\/pt-pt\/produit\/rolo-de-pelicula-de-bolhas-150-m-de-largura-050-m\/#breadcrumb\"},\"inLanguage\":\"pt-PT\",\"potentialAction\":[{\"@type\":\"ReadAction\",\"target\":[\"https:\/\/www.csj-emballages.com\/pt-pt\/produit\/rolo-de-pelicula-de-bolhas-150-m-de-largura-050-m\/\"]}]},{\"@type\":\"ImageObject\",\"inLanguage\":\"pt-PT\",\"@id\":\"https:\/\/www.csj-emballages.com\/pt-pt\/produit\/rolo-de-pelicula-de-bolhas-150-m-de-largura-050-m\/#primaryimage\",\"url\":\"https:\/\/www.csj-emballages.com\/wp-content\/uploads\/2024\/03\/Film-bulles.webp\",\"contentUrl\":\"https:\/\/www.csj-emballages.com\/wp-content\/uploads\/2024\/03\/Film-bulles.webp\",\"width\":800,\"height\":800,\"caption\":\"Rouleau de film bulles\"},{\"@type\":\"BreadcrumbList\",\"@id\":\"https:\/\/www.csj-emballages.com\/pt-pt\/produit\/rolo-de-pelicula-de-bolhas-150-m-de-largura-050-m\/#breadcrumb\",\"itemListElement\":[{\"@type\":\"ListItem\",\"position\":1,\"name\":\"Acolhimento\",\"item\":\"https:\/\/www.csj-emballages.com\/pt-pt\/universo-das-embalagens-alimentares\/\"},{\"@type\":\"ListItem\",\"position\":2,\"name\":\"Shop\",\"item\":\"https:\/\/www.csj-emballages.com\/shop\/\"},{\"@type\":\"ListItem\",\"position\":3,\"name\":\"Rolo de filme de bolhas 100 m de largura 0,50 m\"}]},{\"@type\":\"WebSite\",\"@id\":\"https:\/\/www.csj-emballages.com\/pt-pt\/#website\",\"url\":\"https:\/\/www.csj-emballages.com\/pt-pt\/\",\"name\":\"CSJ Emballages\",\"description\":\"\",\"publisher\":{\"@id\":\"https:\/\/www.csj-emballages.com\/pt-pt\/#organization\"},\"potentialAction\":[{\"@type\":\"SearchAction\",\"target\":{\"@type\":\"EntryPoint\",\"urlTemplate\":\"https:\/\/www.csj-emballages.com\/pt-pt\/?s={search_term_string}\"},\"query-input\":{\"@type\":\"PropertyValueSpecification\",\"valueRequired\":true,\"valueName\":\"search_term_string\"}}],\"inLanguage\":\"pt-PT\"},{\"@type\":\"Organization\",\"@id\":\"https:\/\/www.csj-emballages.com\/pt-pt\/#Organization\/\",\"name\":\"CSJ Emballages\",\"url\":\"https:\/\/www.csj-emballages.com\/pt-pt\/\",\"logo\":{\"@type\":\"ImageObject\",\"inLanguage\":\"pt-PT\",\"@id\":\"https:\/\/www.csj-emballages.com\/pt-pt\/#\/schema\/logo\/image\/\",\"url\":\"https:\/\/www.csj-emballages.com\/wp-content\/uploads\/2023\/10\/logo_csj.webp\",\"contentUrl\":\"https:\/\/www.csj-emballages.com\/wp-content\/uploads\/2023\/10\/logo_csj.webp\",\"width\":250,\"height\":95,\"caption\":\"CSJ Emballages\"},\"image\":{\"@id\":\"https:\/\/www.csj-emballages.com\/pt-pt\/#\/schema\/logo\/image\/\"},\"sameAs\":[\"https:\/\/www.facebook.com\/csjemballages\"],\"address\":{\"@type\":\"PostalAddress\",\"streetAddress\":\"ZI La Lechere\",\"addressLocality\":\"Patornay\",\"postalCode\":\"39130\",\"addressCountry\":\"FR\"},\"contactPoint\":[{\"@type\":\"ContactPoint\",\"contactType\":\"Service client\",\"telephone\":\"0384254272\",\"email\":\"contact@csj-emballages.com\"}]}]}<\/script>\n<!-- \/ Yoast SEO Premium plugin. -->","yoast_head_json":{"title":"Filme de Bolhas em Rolo 100 m Largura 0,50 m","description":"Filme de bolhas 100 m \u2013 largura 0,50 m: prote\u00e7\u00e3o eficaz para os seus objetos fr\u00e1geis. Ideal para embalagem, armazenamento e expedi\u00e7\u00e3o no dia a dia.","robots":{"index":"index","follow":"follow","max-snippet":"max-snippet:-1","max-image-preview":"max-image-preview:large","max-video-preview":"max-video-preview:-1"},"canonical":"https:\/\/www.csj-emballages.com\/pt-pt\/produit\/rolo-de-pelicula-de-bolhas-150-m-de-largura-050-m\/","og_locale":"pt_PT","og_type":"article","og_title":"Rolo de filme de bolhas 100 m de largura 0,50 m","og_description":"Filme de bolhas 100 m \u2013 largura 0,50 m: prote\u00e7\u00e3o eficaz para os seus objetos fr\u00e1geis. Ideal para embalagem, armazenamento e expedi\u00e7\u00e3o no dia a dia.","og_url":"https:\/\/www.csj-emballages.com\/pt-pt\/produit\/rolo-de-pelicula-de-bolhas-150-m-de-largura-050-m\/","og_site_name":"CSJ Emballages","article_publisher":"https:\/\/www.facebook.com\/csjemballages","article_modified_time":"2026-05-01T00:12:28+00:00","og_image":[{"width":800,"height":800,"url":"https:\/\/www.csj-emballages.com\/wp-content\/uploads\/2024\/03\/Film-bulles.webp","type":"image\/webp"}],"twitter_card":"summary_large_image","twitter_misc":{"Tempo estimado de leitura":"2 minutos"},"schema":{"@context":"https:\/\/schema.org","@graph":[{"@type":"WebPage","@id":"https:\/\/www.csj-emballages.com\/pt-pt\/produit\/rolo-de-pelicula-de-bolhas-150-m-de-largura-050-m\/","url":"https:\/\/www.csj-emballages.com\/pt-pt\/produit\/rolo-de-pelicula-de-bolhas-150-m-de-largura-050-m\/","name":"Filme de Bolhas em Rolo 100 m Largura 0,50 m","isPartOf":{"@id":"https:\/\/www.csj-emballages.com\/pt-pt\/#website"},"primaryImageOfPage":{"@id":"https:\/\/www.csj-emballages.com\/pt-pt\/produit\/rolo-de-pelicula-de-bolhas-150-m-de-largura-050-m\/#primaryimage"},"image":{"@id":"https:\/\/www.csj-emballages.com\/pt-pt\/produit\/rolo-de-pelicula-de-bolhas-150-m-de-largura-050-m\/#primaryimage"},"thumbnailUrl":"https:\/\/www.csj-emballages.com\/wp-content\/uploads\/2024\/03\/Film-bulles.webp","datePublished":"2024-03-01T15:54:24+00:00","dateModified":"2026-05-01T00:12:28+00:00","description":"Filme de bolhas 100 m \u2013 largura 0,50 m: prote\u00e7\u00e3o eficaz para os seus objetos fr\u00e1geis. Ideal para embalagem, armazenamento e expedi\u00e7\u00e3o no dia a dia.","breadcrumb":{"@id":"https:\/\/www.csj-emballages.com\/pt-pt\/produit\/rolo-de-pelicula-de-bolhas-150-m-de-largura-050-m\/#breadcrumb"},"inLanguage":"pt-PT","potentialAction":[{"@type":"ReadAction","target":["https:\/\/www.csj-emballages.com\/pt-pt\/produit\/rolo-de-pelicula-de-bolhas-150-m-de-largura-050-m\/"]}]},{"@type":"ImageObject","inLanguage":"pt-PT","@id":"https:\/\/www.csj-emballages.com\/pt-pt\/produit\/rolo-de-pelicula-de-bolhas-150-m-de-largura-050-m\/#primaryimage","url":"https:\/\/www.csj-emballages.com\/wp-content\/uploads\/2024\/03\/Film-bulles.webp","contentUrl":"https:\/\/www.csj-emballages.com\/wp-content\/uploads\/2024\/03\/Film-bulles.webp","width":800,"height":800,"caption":"Rouleau de film bulles"},{"@type":"BreadcrumbList","@id":"https:\/\/www.csj-emballages.com\/pt-pt\/produit\/rolo-de-pelicula-de-bolhas-150-m-de-largura-050-m\/#breadcrumb","itemListElement":[{"@type":"ListItem","position":1,"name":"Acolhimento","item":"https:\/\/www.csj-emballages.com\/pt-pt\/universo-das-embalagens-alimentares\/"},{"@type":"ListItem","position":2,"name":"Shop","item":"https:\/\/www.csj-emballages.com\/shop\/"},{"@type":"ListItem","position":3,"name":"Rolo de filme de bolhas 100 m de largura 0,50 m"}]},{"@type":"WebSite","@id":"https:\/\/www.csj-emballages.com\/pt-pt\/#website","url":"https:\/\/www.csj-emballages.com\/pt-pt\/","name":"CSJ Emballages","description":"","publisher":{"@id":"https:\/\/www.csj-emballages.com\/pt-pt\/#organization"},"potentialAction":[{"@type":"SearchAction","target":{"@type":"EntryPoint","urlTemplate":"https:\/\/www.csj-emballages.com\/pt-pt\/?s={search_term_string}"},"query-input":{"@type":"PropertyValueSpecification","valueRequired":true,"valueName":"search_term_string"}}],"inLanguage":"pt-PT"},{"@type":"Organization","@id":"https:\/\/www.csj-emballages.com\/pt-pt\/#Organization\/","name":"CSJ Emballages","url":"https:\/\/www.csj-emballages.com\/pt-pt\/","logo":{"@type":"ImageObject","inLanguage":"pt-PT","@id":"https:\/\/www.csj-emballages.com\/pt-pt\/#\/schema\/logo\/image\/","url":"https:\/\/www.csj-emballages.com\/wp-content\/uploads\/2023\/10\/logo_csj.webp","contentUrl":"https:\/\/www.csj-emballages.com\/wp-content\/uploads\/2023\/10\/logo_csj.webp","width":250,"height":95,"caption":"CSJ Emballages"},"image":{"@id":"https:\/\/www.csj-emballages.com\/pt-pt\/#\/schema\/logo\/image\/"},"sameAs":["https:\/\/www.facebook.com\/csjemballages"],"address":{"@type":"PostalAddress","streetAddress":"ZI La Lechere","addressLocality":"Patornay","postalCode":"39130","addressCountry":"FR"},"contactPoint":[{"@type":"ContactPoint","contactType":"Service client","telephone":"0384254272","email":"contact@csj-emballages.com"}]}]}},"df_price":37.78,"df_sale_price":"","df_regular_price":37.78,"df_image_link":"https:\/\/www.csj-emballages.com\/wp-content\/uploads\/2024\/03\/Film-bulles-300x300.webp","tiered_pricing_type":"fixed","tiered_pricing_fixed_rules":[],"tiered_pricing_percentage_rules":[],"tiered_pricing_minimum":1,"tiered_pricing_roles_data":[],"_links":{"self":[{"href":"https:\/\/www.csj-emballages.com\/pt-pt\/wp-json\/wp\/v2\/product\/20972","targetHints":{"allow":["GET"]}}],"collection":[{"href":"https:\/\/www.csj-emballages.com\/pt-pt\/wp-json\/wp\/v2\/product"}],"about":[{"href":"https:\/\/www.csj-emballages.com\/pt-pt\/wp-json\/wp\/v2\/types\/product"}],"wp:featuredmedia":[{"embeddable":true,"href":"https:\/\/www.csj-emballages.com\/pt-pt\/wp-json\/wp\/v2\/media\/261335"}],"wp:attachment":[{"href":"https:\/\/www.csj-emballages.com\/pt-pt\/wp-json\/wp\/v2\/media?parent=20972"}],"wp:term":[{"taxonomy":"product_brand","embeddable":true,"href":"https:\/\/www.csj-emballages.com\/pt-pt\/wp-json\/wp\/v2\/product_brand?post=20972"},{"taxonomy":"product_cat","embeddable":true,"href":"https:\/\/www.csj-emballages.com\/pt-pt\/wp-json\/wp\/v2\/product_cat?post=20972"},{"taxonomy":"product_tag","embeddable":true,"href":"https:\/\/www.csj-emballages.com\/pt-pt\/wp-json\/wp\/v2\/product_tag?post=20972"}],"curies":[{"name":"wp","href":"https:\/\/api.w.org\/{rel}","templated":true}]}}