{"id":20967,"date":"2024-03-01T16:54:23","date_gmt":"2024-03-01T15:54:23","guid":{"rendered":"https:\/\/u15jnbdpoq.preview.infomaniak.website\/produit\/5-esponjas-magicas-de-melamina-110-x-70-x-30-mm\/"},"modified":"2026-04-10T02:13:23","modified_gmt":"2026-04-10T00:13:23","slug":"5-esponjas-magicas-de-melamina-110-x-70-x-30-mm","status":"publish","type":"product","link":"https:\/\/www.csj-emballages.com\/pt-pt\/produit\/5-esponjas-magicas-de-melamina-110-x-70-x-30-mm\/","title":{"rendered":"Esponja m\u00e1gica de melamina 110 x 70 x 30 mm, embalagem de 5"},"content":{"rendered":"<h2>Esponja<\/h2>\n<hr>\n<h3>Descri\u00e7\u00e3o da nossa esponja m\u00e1gica de melamina 110 x 70 x 30 mm, embalagem de 5<\/h3>\n<p><!--more--><\/p>\n<div class=\"flex max-w-full flex-col flex-grow\">\n<div class=\"min-h-8 text-message flex w-full flex-col items-end gap-2 whitespace-normal break-words text-start [.text-message+&amp;]:mt-5\" dir=\"auto\" data-message-author-role=\"assistant\" data-message-id=\"266ca6f3-5e07-4948-bd20-80ac5e6da4a5\" data-message-model-slug=\"gpt-4o\">\n<div class=\"flex w-full flex-col gap-1 empty:hidden first:pt-[3px]\">\n<div class=\"markdown prose w-full break-words dark:prose-invert dark\">\n<p data-start=\"266\" data-end=\"715\">Simples na apar\u00eancia, mas incrivelmente eficazes, estas <strong>esponjas m\u00e1gicas de melamina<\/strong> s\u00e3o o tipo de produto que surpreende logo na primeira utiliza\u00e7\u00e3o. N\u00e3o precisa de produtos qu\u00edmicos complicados: basta um pouco de \u00e1gua para eliminar os vest\u00edgios persistentes do dia a dia. Marcas nas paredes, marcas de sapatos, res\u00edduos nos interruptores, sujidade nas superf\u00edcies de pl\u00e1stico\u2026 atuam onde as esponjas cl\u00e1ssicas rapidamente mostram as suas limita\u00e7\u00f5es.  <\/p>\n<p data-start=\"717\" data-end=\"1095\">Gra\u00e7as \u00e0 sua estrutura em <strong>melamina<\/strong>, a esponja funciona como uma borracha ultrafina. Agarra a sujidade, descola-a e f\u00e1-la desaparecer suavemente. Assim, limpa mais depressa e de forma mais simples, sem esfor\u00e7o desnecess\u00e1rio. O seu formato de <strong data-start=\"953\" data-end=\"973\">110 x 70 x 30 mm<\/strong> oferece uma boa preens\u00e3o, o que permite limpar com precis\u00e3o, mesmo nos cantos ou em pequenas superf\u00edcies.   <\/p>\n<p data-start=\"1097\" data-end=\"1493\">Al\u00e9m disso, o <strong data-start=\"1109\" data-end=\"1121\">conjunto de 5<\/strong> \u00e9 ideal para uma utiliza\u00e7\u00e3o regular, tanto em casa como num ambiente profissional. Pode guardar uma na cozinha, outra na casa de banho e reservar algumas para utiliza\u00e7\u00f5es mais t\u00e9cnicas, como <strong>escrit\u00f3rios, oficinas ou espa\u00e7os comerciais<\/strong>. E, como se desgasta gradualmente, v\u00ea claramente quando est\u00e1 na altura de a trocar.  <\/p>\n<p data-start=\"1495\" data-end=\"1734\">Em resumo, esta <strong>esponja m\u00e1gica<\/strong> simplifica a limpeza do dia a dia. Poupa tempo, limita a utiliza\u00e7\u00e3o de produtos de limpeza e oferece um resultado impec\u00e1vel, sem complica\u00e7\u00f5es. Um indispens\u00e1vel discreto, mas terrivelmente eficaz.  <\/p>\n<p data-start=\"1495\" data-end=\"1734\">\n<\/div>\n<\/div>\n<\/div>\n<\/div>\n<p><!--more--><\/p>\n<h4>Vantagens :<\/h4>\n<ul>\n<li>Elimina as n\u00f3doas dif\u00edceis sem detergente.<\/li>\n<li>Adequado para diversas superf\u00edcies (paredes, pl\u00e1sticos, inox, etc.).<\/li>\n<li>Funciona apenas com \u00e1gua.<\/li>\n<li>Humede\u00e7a, esfregue e a magia acontece!<\/li>\n<li>Dimens\u00f5es ideais (110 x 70 x 30 mm) para uma boa preens\u00e3o<\/li>\n<\/ul>\n<p>&nbsp;<\/p>\n<p><!--more--><\/p>\n<h4>Outras informa\u00e7\u00f5es :<\/h4>\n<ul>\n<li><strong>Embalagem<\/strong>: Pacote de 5<\/li>\n<li><strong>Dimens\u00f5es<\/strong>: 110 x 70 x 30 mm<\/li>\n<li><strong>Material<\/strong>: Melamina<\/li>\n<li><strong>Cor<\/strong>: Branco<\/li>\n<\/ul>\n<p>&nbsp;<\/p>\n<p><!--more--><\/p>\n<p>Encontre aqui os nossos outros 5 tipos de esponja: <span style=\"color: #d12727;\"><a style=\"color: #d12727;\" href=\"https:\/\/www.csj-emballages.com\/es\/produit\/10-sellos-azules-sobre-esponja-blanca-110-x-70-x-22-mm\/\">Esponja azul sanit\u00e1ria<\/a><\/span> \/ <span style=\"color: #d12727;\"><a style=\"color: #d12727;\" href=\"https:\/\/www.csj-emballages.com\/es\/produit\/10-sellos-verdes-sobre-esponja-rubia-110-x-70-x-22-mm\/\">Esponja verde<\/a><\/span> \/ <span style=\"color: #d12727;\"><a style=\"color: #d12727;\" href=\"https:\/\/www.csj-emballages.com\/es\/produit\/10-bolas-espirales-de-acero-inoxidable-40-grs\/\">Esponja de inox 40 gr<\/a><\/span> \/ <span style=\"color: #d12727;\"><a style=\"color: #d12727;\" href=\"https:\/\/www.csj-emballages.com\/es\/produit\/10-bolas-espirales-de-acero-inoxidable-60-grs\/\">Esponja de inox 60 gr<\/a> <span style=\"color: #000000;\">\/<\/span> <a style=\"color: #d12727;\" href=\"https:\/\/www.csj-emballages.com\/produit\/10-eponge-non-bordees-n4\/\">Esponja vegetal<\/a><\/span><\/p>\n<p>&nbsp;<\/p>\n<p><!--more--><\/p>\n<p><a href=\"https:\/\/www.csj-emballages.com\/pt-pt\/categorie-produit\/higiene-e-manutencao\/esponjas-panos-de-prato-panos-de-cozinha\/esponjas-abrasivos\/\">V\u00ea o resto da nossa gama de esponjas \/ abrasivos<\/a><\/p>\n","protected":false},"excerpt":{"rendered":"<p>Esponja Descri\u00e7\u00e3o da nossa esponja m\u00e1gica de melamina 110 x 70 x 30 mm, embalagem de 5<\/p>\n","protected":false},"featured_media":221818,"template":"","meta":{"_acf_changed":false},"product_brand":[],"product_cat":[1222,1422,2005],"product_tag":[],"class_list":{"0":"post-20967","1":"product","2":"type-product","3":"status-publish","4":"has-post-thumbnail","6":"product_cat-higiene-e-manutencao","7":"product_cat-esponjas-panos-de-prato-panos-de-cozinha","8":"product_cat-esponjas-abrasivos","10":"first","11":"instock","12":"taxable","13":"shipping-taxable","14":"purchasable","15":"product-type-simple"},"acf":[],"yoast_head":"<!-- This site is optimized with the Yoast SEO Premium plugin v26.6 (Yoast SEO v26.6) - https:\/\/yoast.com\/wordpress\/plugins\/seo\/ -->\n<title>Esponja m\u00e1gica de melamina 110 x 70 x 30 mm, embalagem de 5<\/title>\n<meta name=\"description\" content=\"Descubra a esponja m\u00e1gica de melamina (110 x 70 x 30 mm) para uma limpeza eficaz sem produtos qu\u00edmicos. Ideal para eliminar as n\u00f3doas mais dif\u00edceis!\" \/>\n<meta name=\"robots\" content=\"index, follow, max-snippet:-1, max-image-preview:large, max-video-preview:-1\" \/>\n<link rel=\"canonical\" href=\"https:\/\/www.csj-emballages.com\/pt-pt\/produit\/5-esponjas-magicas-de-melamina-110-x-70-x-30-mm\/\" \/>\n<meta property=\"og:locale\" content=\"pt_PT\" \/>\n<meta property=\"og:type\" content=\"article\" \/>\n<meta property=\"og:title\" content=\"Esponja m\u00e1gica de melamina 110 x 70 x 30 mm, embalagem de 5\" \/>\n<meta property=\"og:description\" content=\"Descubra a esponja m\u00e1gica de melamina (110 x 70 x 30 mm) para uma limpeza eficaz sem produtos qu\u00edmicos. Ideal para eliminar as n\u00f3doas mais dif\u00edceis!\" \/>\n<meta property=\"og:url\" content=\"https:\/\/www.csj-emballages.com\/pt-pt\/produit\/5-esponjas-magicas-de-melamina-110-x-70-x-30-mm\/\" \/>\n<meta property=\"og:site_name\" content=\"CSJ Emballages\" \/>\n<meta property=\"article:publisher\" content=\"https:\/\/www.facebook.com\/csjemballages\" \/>\n<meta property=\"article:modified_time\" content=\"2026-04-10T00:13:23+00:00\" \/>\n<meta property=\"og:image\" content=\"https:\/\/www.csj-emballages.com\/wp-content\/uploads\/2024\/03\/eponge-magique.webp\" \/>\n\t<meta property=\"og:image:width\" content=\"800\" \/>\n\t<meta property=\"og:image:height\" content=\"800\" \/>\n\t<meta property=\"og:image:type\" content=\"image\/webp\" \/>\n<meta name=\"twitter:card\" content=\"summary_large_image\" \/>\n<meta name=\"twitter:label1\" content=\"Tempo estimado de leitura\" \/>\n\t<meta name=\"twitter:data1\" content=\"2 minutos\" \/>\n<script type=\"application\/ld+json\" class=\"yoast-schema-graph\">{\"@context\":\"https:\/\/schema.org\",\"@graph\":[{\"@type\":\"WebPage\",\"@id\":\"https:\/\/www.csj-emballages.com\/pt-pt\/produit\/5-esponjas-magicas-de-melamina-110-x-70-x-30-mm\/\",\"url\":\"https:\/\/www.csj-emballages.com\/pt-pt\/produit\/5-esponjas-magicas-de-melamina-110-x-70-x-30-mm\/\",\"name\":\"Esponja m\u00e1gica de melamina 110 x 70 x 30 mm, embalagem de 5\",\"isPartOf\":{\"@id\":\"https:\/\/www.csj-emballages.com\/pt-pt\/#website\"},\"primaryImageOfPage\":{\"@id\":\"https:\/\/www.csj-emballages.com\/pt-pt\/produit\/5-esponjas-magicas-de-melamina-110-x-70-x-30-mm\/#primaryimage\"},\"image\":{\"@id\":\"https:\/\/www.csj-emballages.com\/pt-pt\/produit\/5-esponjas-magicas-de-melamina-110-x-70-x-30-mm\/#primaryimage\"},\"thumbnailUrl\":\"https:\/\/www.csj-emballages.com\/wp-content\/uploads\/2024\/03\/eponge-magique.webp\",\"datePublished\":\"2024-03-01T15:54:23+00:00\",\"dateModified\":\"2026-04-10T00:13:23+00:00\",\"description\":\"Descubra a esponja m\u00e1gica de melamina (110 x 70 x 30 mm) para uma limpeza eficaz sem produtos qu\u00edmicos. Ideal para eliminar as n\u00f3doas mais dif\u00edceis!\",\"breadcrumb\":{\"@id\":\"https:\/\/www.csj-emballages.com\/pt-pt\/produit\/5-esponjas-magicas-de-melamina-110-x-70-x-30-mm\/#breadcrumb\"},\"inLanguage\":\"pt-PT\",\"potentialAction\":[{\"@type\":\"ReadAction\",\"target\":[\"https:\/\/www.csj-emballages.com\/pt-pt\/produit\/5-esponjas-magicas-de-melamina-110-x-70-x-30-mm\/\"]}]},{\"@type\":\"ImageObject\",\"inLanguage\":\"pt-PT\",\"@id\":\"https:\/\/www.csj-emballages.com\/pt-pt\/produit\/5-esponjas-magicas-de-melamina-110-x-70-x-30-mm\/#primaryimage\",\"url\":\"https:\/\/www.csj-emballages.com\/wp-content\/uploads\/2024\/03\/eponge-magique.webp\",\"contentUrl\":\"https:\/\/www.csj-emballages.com\/wp-content\/uploads\/2024\/03\/eponge-magique.webp\",\"width\":800,\"height\":800,\"caption\":\"\u00c9ponge magique\"},{\"@type\":\"BreadcrumbList\",\"@id\":\"https:\/\/www.csj-emballages.com\/pt-pt\/produit\/5-esponjas-magicas-de-melamina-110-x-70-x-30-mm\/#breadcrumb\",\"itemListElement\":[{\"@type\":\"ListItem\",\"position\":1,\"name\":\"Acolhimento\",\"item\":\"https:\/\/www.csj-emballages.com\/pt-pt\/universo-das-embalagens-alimentares\/\"},{\"@type\":\"ListItem\",\"position\":2,\"name\":\"Shop\",\"item\":\"https:\/\/www.csj-emballages.com\/shop\/\"},{\"@type\":\"ListItem\",\"position\":3,\"name\":\"Esponja m\u00e1gica de melamina 110 x 70 x 30 mm, embalagem de 5\"}]},{\"@type\":\"WebSite\",\"@id\":\"https:\/\/www.csj-emballages.com\/pt-pt\/#website\",\"url\":\"https:\/\/www.csj-emballages.com\/pt-pt\/\",\"name\":\"CSJ Emballages\",\"description\":\"\",\"publisher\":{\"@id\":\"https:\/\/www.csj-emballages.com\/pt-pt\/#organization\"},\"potentialAction\":[{\"@type\":\"SearchAction\",\"target\":{\"@type\":\"EntryPoint\",\"urlTemplate\":\"https:\/\/www.csj-emballages.com\/pt-pt\/?s={search_term_string}\"},\"query-input\":{\"@type\":\"PropertyValueSpecification\",\"valueRequired\":true,\"valueName\":\"search_term_string\"}}],\"inLanguage\":\"pt-PT\"},{\"@type\":\"Organization\",\"@id\":\"https:\/\/www.csj-emballages.com\/pt-pt\/#Organization\/\",\"name\":\"CSJ Emballages\",\"url\":\"https:\/\/www.csj-emballages.com\/pt-pt\/\",\"logo\":{\"@type\":\"ImageObject\",\"inLanguage\":\"pt-PT\",\"@id\":\"https:\/\/www.csj-emballages.com\/pt-pt\/#\/schema\/logo\/image\/\",\"url\":\"https:\/\/www.csj-emballages.com\/wp-content\/uploads\/2023\/10\/logo_csj.webp\",\"contentUrl\":\"https:\/\/www.csj-emballages.com\/wp-content\/uploads\/2023\/10\/logo_csj.webp\",\"width\":250,\"height\":95,\"caption\":\"CSJ Emballages\"},\"image\":{\"@id\":\"https:\/\/www.csj-emballages.com\/pt-pt\/#\/schema\/logo\/image\/\"},\"sameAs\":[\"https:\/\/www.facebook.com\/csjemballages\"],\"address\":{\"@type\":\"PostalAddress\",\"streetAddress\":\"ZI La Lechere\",\"addressLocality\":\"Patornay\",\"postalCode\":\"39130\",\"addressCountry\":\"FR\"},\"contactPoint\":[{\"@type\":\"ContactPoint\",\"contactType\":\"Service client\",\"telephone\":\"0384254272\",\"email\":\"contact@csj-emballages.com\"}]}]}<\/script>\n<!-- \/ Yoast SEO Premium plugin. -->","yoast_head_json":{"title":"Esponja m\u00e1gica de melamina 110 x 70 x 30 mm, embalagem de 5","description":"Descubra a esponja m\u00e1gica de melamina (110 x 70 x 30 mm) para uma limpeza eficaz sem produtos qu\u00edmicos. Ideal para eliminar as n\u00f3doas mais dif\u00edceis!","robots":{"index":"index","follow":"follow","max-snippet":"max-snippet:-1","max-image-preview":"max-image-preview:large","max-video-preview":"max-video-preview:-1"},"canonical":"https:\/\/www.csj-emballages.com\/pt-pt\/produit\/5-esponjas-magicas-de-melamina-110-x-70-x-30-mm\/","og_locale":"pt_PT","og_type":"article","og_title":"Esponja m\u00e1gica de melamina 110 x 70 x 30 mm, embalagem de 5","og_description":"Descubra a esponja m\u00e1gica de melamina (110 x 70 x 30 mm) para uma limpeza eficaz sem produtos qu\u00edmicos. Ideal para eliminar as n\u00f3doas mais dif\u00edceis!","og_url":"https:\/\/www.csj-emballages.com\/pt-pt\/produit\/5-esponjas-magicas-de-melamina-110-x-70-x-30-mm\/","og_site_name":"CSJ Emballages","article_publisher":"https:\/\/www.facebook.com\/csjemballages","article_modified_time":"2026-04-10T00:13:23+00:00","og_image":[{"width":800,"height":800,"url":"https:\/\/www.csj-emballages.com\/wp-content\/uploads\/2024\/03\/eponge-magique.webp","type":"image\/webp"}],"twitter_card":"summary_large_image","twitter_misc":{"Tempo estimado de leitura":"2 minutos"},"schema":{"@context":"https:\/\/schema.org","@graph":[{"@type":"WebPage","@id":"https:\/\/www.csj-emballages.com\/pt-pt\/produit\/5-esponjas-magicas-de-melamina-110-x-70-x-30-mm\/","url":"https:\/\/www.csj-emballages.com\/pt-pt\/produit\/5-esponjas-magicas-de-melamina-110-x-70-x-30-mm\/","name":"Esponja m\u00e1gica de melamina 110 x 70 x 30 mm, embalagem de 5","isPartOf":{"@id":"https:\/\/www.csj-emballages.com\/pt-pt\/#website"},"primaryImageOfPage":{"@id":"https:\/\/www.csj-emballages.com\/pt-pt\/produit\/5-esponjas-magicas-de-melamina-110-x-70-x-30-mm\/#primaryimage"},"image":{"@id":"https:\/\/www.csj-emballages.com\/pt-pt\/produit\/5-esponjas-magicas-de-melamina-110-x-70-x-30-mm\/#primaryimage"},"thumbnailUrl":"https:\/\/www.csj-emballages.com\/wp-content\/uploads\/2024\/03\/eponge-magique.webp","datePublished":"2024-03-01T15:54:23+00:00","dateModified":"2026-04-10T00:13:23+00:00","description":"Descubra a esponja m\u00e1gica de melamina (110 x 70 x 30 mm) para uma limpeza eficaz sem produtos qu\u00edmicos. Ideal para eliminar as n\u00f3doas mais dif\u00edceis!","breadcrumb":{"@id":"https:\/\/www.csj-emballages.com\/pt-pt\/produit\/5-esponjas-magicas-de-melamina-110-x-70-x-30-mm\/#breadcrumb"},"inLanguage":"pt-PT","potentialAction":[{"@type":"ReadAction","target":["https:\/\/www.csj-emballages.com\/pt-pt\/produit\/5-esponjas-magicas-de-melamina-110-x-70-x-30-mm\/"]}]},{"@type":"ImageObject","inLanguage":"pt-PT","@id":"https:\/\/www.csj-emballages.com\/pt-pt\/produit\/5-esponjas-magicas-de-melamina-110-x-70-x-30-mm\/#primaryimage","url":"https:\/\/www.csj-emballages.com\/wp-content\/uploads\/2024\/03\/eponge-magique.webp","contentUrl":"https:\/\/www.csj-emballages.com\/wp-content\/uploads\/2024\/03\/eponge-magique.webp","width":800,"height":800,"caption":"\u00c9ponge magique"},{"@type":"BreadcrumbList","@id":"https:\/\/www.csj-emballages.com\/pt-pt\/produit\/5-esponjas-magicas-de-melamina-110-x-70-x-30-mm\/#breadcrumb","itemListElement":[{"@type":"ListItem","position":1,"name":"Acolhimento","item":"https:\/\/www.csj-emballages.com\/pt-pt\/universo-das-embalagens-alimentares\/"},{"@type":"ListItem","position":2,"name":"Shop","item":"https:\/\/www.csj-emballages.com\/shop\/"},{"@type":"ListItem","position":3,"name":"Esponja m\u00e1gica de melamina 110 x 70 x 30 mm, embalagem de 5"}]},{"@type":"WebSite","@id":"https:\/\/www.csj-emballages.com\/pt-pt\/#website","url":"https:\/\/www.csj-emballages.com\/pt-pt\/","name":"CSJ Emballages","description":"","publisher":{"@id":"https:\/\/www.csj-emballages.com\/pt-pt\/#organization"},"potentialAction":[{"@type":"SearchAction","target":{"@type":"EntryPoint","urlTemplate":"https:\/\/www.csj-emballages.com\/pt-pt\/?s={search_term_string}"},"query-input":{"@type":"PropertyValueSpecification","valueRequired":true,"valueName":"search_term_string"}}],"inLanguage":"pt-PT"},{"@type":"Organization","@id":"https:\/\/www.csj-emballages.com\/pt-pt\/#Organization\/","name":"CSJ Emballages","url":"https:\/\/www.csj-emballages.com\/pt-pt\/","logo":{"@type":"ImageObject","inLanguage":"pt-PT","@id":"https:\/\/www.csj-emballages.com\/pt-pt\/#\/schema\/logo\/image\/","url":"https:\/\/www.csj-emballages.com\/wp-content\/uploads\/2023\/10\/logo_csj.webp","contentUrl":"https:\/\/www.csj-emballages.com\/wp-content\/uploads\/2023\/10\/logo_csj.webp","width":250,"height":95,"caption":"CSJ Emballages"},"image":{"@id":"https:\/\/www.csj-emballages.com\/pt-pt\/#\/schema\/logo\/image\/"},"sameAs":["https:\/\/www.facebook.com\/csjemballages"],"address":{"@type":"PostalAddress","streetAddress":"ZI La Lechere","addressLocality":"Patornay","postalCode":"39130","addressCountry":"FR"},"contactPoint":[{"@type":"ContactPoint","contactType":"Service client","telephone":"0384254272","email":"contact@csj-emballages.com"}]}]}},"df_price":3.2,"df_sale_price":"","df_regular_price":3.2,"df_image_link":"https:\/\/www.csj-emballages.com\/wp-content\/uploads\/2024\/03\/eponge-magique-300x300.webp","tiered_pricing_type":"fixed","tiered_pricing_fixed_rules":[],"tiered_pricing_percentage_rules":[],"tiered_pricing_minimum":1,"tiered_pricing_roles_data":[],"_links":{"self":[{"href":"https:\/\/www.csj-emballages.com\/pt-pt\/wp-json\/wp\/v2\/product\/20967","targetHints":{"allow":["GET"]}}],"collection":[{"href":"https:\/\/www.csj-emballages.com\/pt-pt\/wp-json\/wp\/v2\/product"}],"about":[{"href":"https:\/\/www.csj-emballages.com\/pt-pt\/wp-json\/wp\/v2\/types\/product"}],"wp:featuredmedia":[{"embeddable":true,"href":"https:\/\/www.csj-emballages.com\/pt-pt\/wp-json\/wp\/v2\/media\/221818"}],"wp:attachment":[{"href":"https:\/\/www.csj-emballages.com\/pt-pt\/wp-json\/wp\/v2\/media?parent=20967"}],"wp:term":[{"taxonomy":"product_brand","embeddable":true,"href":"https:\/\/www.csj-emballages.com\/pt-pt\/wp-json\/wp\/v2\/product_brand?post=20967"},{"taxonomy":"product_cat","embeddable":true,"href":"https:\/\/www.csj-emballages.com\/pt-pt\/wp-json\/wp\/v2\/product_cat?post=20967"},{"taxonomy":"product_tag","embeddable":true,"href":"https:\/\/www.csj-emballages.com\/pt-pt\/wp-json\/wp\/v2\/product_tag?post=20967"}],"curies":[{"name":"wp","href":"https:\/\/api.w.org\/{rel}","templated":true}]}}