{"id":20965,"date":"2024-03-01T16:54:24","date_gmt":"2024-03-01T15:54:24","guid":{"rendered":"https:\/\/u15jnbdpoq.preview.infomaniak.website\/produit\/180-toalhas-de-mao-em-forma-de-v-de-2-camadas-25-x-21-cm\/"},"modified":"2026-04-14T02:16:02","modified_gmt":"2026-04-14T00:16:02","slug":"180-toalhas-de-mao-em-forma-de-v-de-2-camadas-25-x-21-cm","status":"publish","type":"product","link":"https:\/\/www.csj-emballages.com\/pt-pt\/produit\/180-toalhas-de-mao-em-forma-de-v-de-2-camadas-25-x-21-cm\/","title":{"rendered":"Toalhetes de m\u00e3o interfolhados em V de 2 folhas 21 x 21 cm por 180"},"content":{"rendered":"<h2>Toalhetes de m\u00e3o interfolhados<\/h2>\n<hr>\n<h3>Descubra os nossos toalhetes de m\u00e3o interfolhados em V de 2 folhas 21 x 21 cm por 180<\/h3>\n<p><!--more--><\/p>\n<p data-start=\"210\" data-end=\"575\">Estes <strong data-start=\"214\" data-end=\"247\">toalhetes de m\u00e3o interfolhados em V<\/strong> foram concebidos para tornar a secagem das m\u00e3os simples, r\u00e1pida e, sobretudo, mais higi\u00e9nica. Gra\u00e7as ao seu sistema de <strong>distribui\u00e7\u00e3o folha a folha<\/strong>, utiliza-se apenas o que \u00e9 necess\u00e1rio, sem tocar no resto. Resultado: menos desperd\u00edcio e maior limpeza, tanto para os utilizadores como para o espa\u00e7o sanit\u00e1rio.  <\/p>\n<p data-start=\"577\" data-end=\"959\">Com a sua <strong data-start=\"587\" data-end=\"607\">dupla espessura<\/strong>, estes <strong>toalhetes de m\u00e3o<\/strong> oferecem uma boa absor\u00e7\u00e3o logo na primeira utiliza\u00e7\u00e3o. Uma \u00fanica folha \u00e9, muitas vezes, suficiente para secar corretamente as m\u00e3os, o que permite limitar o consumo, mantendo-se eficaz. O seu formato <strong>21 x 21 cm<\/strong> \u00e9 perfeitamente equilibrado: nem demasiado grande, nem demasiado pequeno, apenas o suficiente para uma utiliza\u00e7\u00e3o confort\u00e1vel.  <\/p>\n<p data-start=\"961\" data-end=\"1307\">A <strong>dobragem em V<\/strong> facilita o manuseamento e garante uma distribui\u00e7\u00e3o fluida nos distribuidores compat\u00edveis. \u00c9 uma solu\u00e7\u00e3o ideal para locais com grande aflu\u00eancia, como <strong>restaurantes, escrit\u00f3rios, institui\u00e7\u00f5es p\u00fablicas, estabelecimentos de sa\u00fade ou espa\u00e7os comerciais<\/strong>. Recarrega-se facilmente, utiliza-se sem restri\u00e7\u00f5es e tudo permanece bem organizado.  <\/p>\n<p data-start=\"1309\" data-end=\"1519\">Vendidos <strong data-start=\"1316\" data-end=\"1334\">em lote de 180<\/strong>, estes toalhetes de m\u00e3o respondem perfeitamente \u00e0s necessidades di\u00e1rias sem multiplicar as recargas. Integram-se naturalmente numa abordagem pr\u00e1tica e funcional, sem superfluidades. <\/p>\n<p data-start=\"1521\" data-end=\"1690\">Em resumo, estes <strong>toalhetes de m\u00e3o interfolhados<\/strong> s\u00e3o uma escolha inteligente para aliar higiene, conforto e efic\u00e1cia, mantendo, ao mesmo tempo, uma gest\u00e3o simples e controlada dos consum\u00edveis.<\/p>\n<p data-start=\"1521\" data-end=\"1690\"><!--more--><\/p>\n<h4 data-start=\"1521\" data-end=\"1690\">Vantagens :<\/h4>\n<ul>\n<li data-start=\"1718\" data-end=\"1767\">Distribui\u00e7\u00e3o folha a folha mais higi\u00e9nica.<\/li>\n<li data-start=\"1770\" data-end=\"1809\"><strong>2 folhas<\/strong> para uma melhor absor\u00e7\u00e3o.<\/li>\n<li data-start=\"1812\" data-end=\"1845\">Formato pr\u00e1tico <strong>21<\/strong><strong> x 21 cm<\/strong>.<\/li>\n<li data-start=\"1888\" data-end=\"1911\">Limita o desperd\u00edcio.<\/li>\n<li data-start=\"1914\" data-end=\"1938\">Lote de <strong>180 toalhetes de m\u00e3o<\/strong>.<\/li>\n<\/ul>\n<p>&nbsp;<\/p>\n<p><!--more--><\/p>\n<h4>Outras informa\u00e7\u00f5es :<\/h4>\n<ul>\n<li><strong>Acondicionamento<\/strong>: Embalagem de 180<\/li>\n<li><strong>Dimens\u00f5es<\/strong>: 21 x 21 cm<\/li>\n<li><strong>N\u00famero de folhas<\/strong>: 2<\/li>\n<li><strong>Dobradura<\/strong>: V<\/li>\n<li><strong>Cor<\/strong>: Branco<\/li>\n<li><strong>Aspeto<\/strong>: Gofrado<\/li>\n<li><strong>Material<\/strong>: Celulose<\/li>\n<\/ul>\n<p>&nbsp;<\/p>\n<p><!--more--><\/p>\n<p>Este toalhete de m\u00e3o dobrado em V tamb\u00e9m est\u00e1 dispon\u00edvel com uma dobragem em Z: <span style=\"color: #d12727;\"><a style=\"color: #d12727;\" href=\"https:\/\/www.csj-emballages.com\/produit\/150-essuie-mains-enchevetres-en-z-2-plis-20-6-x-24-cm\/?_gl=1*q72npl*_up*MQ..*_ga*MTgxMTk0MjI1NC4xNzcwMDIyOTkx*_ga_YNVJLRSSZT*czE3NzAwMjI5OTAkbzEkZzAkdDE3NzAwMjMzNzEkajQ3JGwwJGgxNDU1NTg1MzE5\">EPLZ<\/a><\/span><\/p>\n<p>&nbsp;<\/p>\n<p><!--more--><\/p>\n<p><a href=\"https:\/\/www.csj-emballages.com\/categorie-produit\/hygiene-et-entretiens\/essuyages\/essuie-mains\/essuies-mains-plies\/?_gl=1*xx8o1q*_up*MQ..*_ga*MTgxMTk0MjI1NC4xNzcwMDIyOTkx*_ga_YNVJLRSSZT*czE3NzAwMjI5OTAkbzEkZzAkdDE3NzAwMjMzNjgkajUwJGwwJGgxNDU1NTg1MzE5\">Consulte o resto da nossa gama de toalhetes de m\u00e3o dobrados  <\/a><\/p>\n","protected":false},"excerpt":{"rendered":"<p>Toalhetes de m\u00e3o interfolhados Descubra os nossos toalhetes de m\u00e3o interfolhados em V de 2 folhas 21 x 21 cm por 180<\/p>\n","protected":false},"featured_media":263072,"template":"","meta":{"_acf_changed":false},"product_brand":[],"product_cat":[1222,1382,1421,2563],"product_tag":[],"class_list":{"0":"post-20965","1":"product","2":"type-product","3":"status-publish","4":"has-post-thumbnail","6":"product_cat-higiene-e-manutencao","7":"product_cat-limpar","8":"product_cat-toalhas-de-mao","9":"product_cat-limpa-para-brisas-dobrados","11":"first","12":"instock","13":"taxable","14":"shipping-taxable","15":"purchasable","16":"product-type-simple"},"acf":[],"yoast_head":"<!-- This site is optimized with the Yoast SEO Premium plugin v26.6 (Yoast SEO v26.6) - https:\/\/yoast.com\/wordpress\/plugins\/seo\/ -->\n<title>Toalhetes de M\u00e3o Interfolhados em V de 2 folhas 21 x 21 cm por 180<\/title>\n<meta name=\"description\" content=\"Toalhetes de m\u00e3o interfolhados em V de 2 folhas 22,3 x 22,2 cm vendidos por 180. Absorventes, higi\u00e9nicos e ideais para instala\u00e7\u00f5es sanit\u00e1rias profissionais.\" \/>\n<meta name=\"robots\" content=\"index, follow, max-snippet:-1, max-image-preview:large, max-video-preview:-1\" \/>\n<link rel=\"canonical\" href=\"https:\/\/www.csj-emballages.com\/pt-pt\/produit\/180-toalhas-de-mao-em-forma-de-v-de-2-camadas-25-x-21-cm\/\" \/>\n<meta property=\"og:locale\" content=\"pt_PT\" \/>\n<meta property=\"og:type\" content=\"article\" \/>\n<meta property=\"og:title\" content=\"Toalhetes de m\u00e3o interfolhados em V de 2 folhas 21 x 21 cm por 180\" \/>\n<meta property=\"og:description\" content=\"Toalhetes de m\u00e3o interfolhados em V de 2 folhas 22,3 x 22,2 cm vendidos por 180. Absorventes, higi\u00e9nicos e ideais para instala\u00e7\u00f5es sanit\u00e1rias profissionais.\" \/>\n<meta property=\"og:url\" content=\"https:\/\/www.csj-emballages.com\/pt-pt\/produit\/180-toalhas-de-mao-em-forma-de-v-de-2-camadas-25-x-21-cm\/\" \/>\n<meta property=\"og:site_name\" content=\"CSJ Emballages\" \/>\n<meta property=\"article:publisher\" content=\"https:\/\/www.facebook.com\/csjemballages\" \/>\n<meta property=\"article:modified_time\" content=\"2026-04-14T00:16:02+00:00\" \/>\n<meta property=\"og:image\" content=\"https:\/\/www.csj-emballages.com\/wp-content\/uploads\/2024\/03\/Essuies-mains-plies-.webp\" \/>\n\t<meta property=\"og:image:width\" content=\"800\" \/>\n\t<meta property=\"og:image:height\" content=\"800\" \/>\n\t<meta property=\"og:image:type\" content=\"image\/webp\" \/>\n<meta name=\"twitter:card\" content=\"summary_large_image\" \/>\n<meta name=\"twitter:label1\" content=\"Tempo estimado de leitura\" \/>\n\t<meta name=\"twitter:data1\" content=\"2 minutos\" \/>\n<script type=\"application\/ld+json\" class=\"yoast-schema-graph\">{\"@context\":\"https:\/\/schema.org\",\"@graph\":[{\"@type\":\"WebPage\",\"@id\":\"https:\/\/www.csj-emballages.com\/pt-pt\/produit\/180-toalhas-de-mao-em-forma-de-v-de-2-camadas-25-x-21-cm\/\",\"url\":\"https:\/\/www.csj-emballages.com\/pt-pt\/produit\/180-toalhas-de-mao-em-forma-de-v-de-2-camadas-25-x-21-cm\/\",\"name\":\"Toalhetes de M\u00e3o Interfolhados em V de 2 folhas 21 x 21 cm por 180\",\"isPartOf\":{\"@id\":\"https:\/\/www.csj-emballages.com\/pt-pt\/#website\"},\"primaryImageOfPage\":{\"@id\":\"https:\/\/www.csj-emballages.com\/pt-pt\/produit\/180-toalhas-de-mao-em-forma-de-v-de-2-camadas-25-x-21-cm\/#primaryimage\"},\"image\":{\"@id\":\"https:\/\/www.csj-emballages.com\/pt-pt\/produit\/180-toalhas-de-mao-em-forma-de-v-de-2-camadas-25-x-21-cm\/#primaryimage\"},\"thumbnailUrl\":\"https:\/\/www.csj-emballages.com\/wp-content\/uploads\/2024\/03\/Essuies-mains-plies-.webp\",\"datePublished\":\"2024-03-01T15:54:24+00:00\",\"dateModified\":\"2026-04-14T00:16:02+00:00\",\"description\":\"Toalhetes de m\u00e3o interfolhados em V de 2 folhas 22,3 x 22,2 cm vendidos por 180. Absorventes, higi\u00e9nicos e ideais para instala\u00e7\u00f5es sanit\u00e1rias profissionais.\",\"breadcrumb\":{\"@id\":\"https:\/\/www.csj-emballages.com\/pt-pt\/produit\/180-toalhas-de-mao-em-forma-de-v-de-2-camadas-25-x-21-cm\/#breadcrumb\"},\"inLanguage\":\"pt-PT\",\"potentialAction\":[{\"@type\":\"ReadAction\",\"target\":[\"https:\/\/www.csj-emballages.com\/pt-pt\/produit\/180-toalhas-de-mao-em-forma-de-v-de-2-camadas-25-x-21-cm\/\"]}]},{\"@type\":\"ImageObject\",\"inLanguage\":\"pt-PT\",\"@id\":\"https:\/\/www.csj-emballages.com\/pt-pt\/produit\/180-toalhas-de-mao-em-forma-de-v-de-2-camadas-25-x-21-cm\/#primaryimage\",\"url\":\"https:\/\/www.csj-emballages.com\/wp-content\/uploads\/2024\/03\/Essuies-mains-plies-.webp\",\"contentUrl\":\"https:\/\/www.csj-emballages.com\/wp-content\/uploads\/2024\/03\/Essuies-mains-plies-.webp\",\"width\":800,\"height\":800,\"caption\":\"Essuie-mains\"},{\"@type\":\"BreadcrumbList\",\"@id\":\"https:\/\/www.csj-emballages.com\/pt-pt\/produit\/180-toalhas-de-mao-em-forma-de-v-de-2-camadas-25-x-21-cm\/#breadcrumb\",\"itemListElement\":[{\"@type\":\"ListItem\",\"position\":1,\"name\":\"Acolhimento\",\"item\":\"https:\/\/www.csj-emballages.com\/pt-pt\/universo-das-embalagens-alimentares\/\"},{\"@type\":\"ListItem\",\"position\":2,\"name\":\"Shop\",\"item\":\"https:\/\/www.csj-emballages.com\/shop\/\"},{\"@type\":\"ListItem\",\"position\":3,\"name\":\"Toalhetes de m\u00e3o interfolhados em V de 2 folhas 21 x 21 cm por 180\"}]},{\"@type\":\"WebSite\",\"@id\":\"https:\/\/www.csj-emballages.com\/pt-pt\/#website\",\"url\":\"https:\/\/www.csj-emballages.com\/pt-pt\/\",\"name\":\"CSJ Emballages\",\"description\":\"\",\"publisher\":{\"@id\":\"https:\/\/www.csj-emballages.com\/pt-pt\/#organization\"},\"potentialAction\":[{\"@type\":\"SearchAction\",\"target\":{\"@type\":\"EntryPoint\",\"urlTemplate\":\"https:\/\/www.csj-emballages.com\/pt-pt\/?s={search_term_string}\"},\"query-input\":{\"@type\":\"PropertyValueSpecification\",\"valueRequired\":true,\"valueName\":\"search_term_string\"}}],\"inLanguage\":\"pt-PT\"},{\"@type\":\"Organization\",\"@id\":\"https:\/\/www.csj-emballages.com\/pt-pt\/#Organization\/\",\"name\":\"CSJ Emballages\",\"url\":\"https:\/\/www.csj-emballages.com\/pt-pt\/\",\"logo\":{\"@type\":\"ImageObject\",\"inLanguage\":\"pt-PT\",\"@id\":\"https:\/\/www.csj-emballages.com\/pt-pt\/#\/schema\/logo\/image\/\",\"url\":\"https:\/\/www.csj-emballages.com\/wp-content\/uploads\/2023\/10\/logo_csj.webp\",\"contentUrl\":\"https:\/\/www.csj-emballages.com\/wp-content\/uploads\/2023\/10\/logo_csj.webp\",\"width\":250,\"height\":95,\"caption\":\"CSJ Emballages\"},\"image\":{\"@id\":\"https:\/\/www.csj-emballages.com\/pt-pt\/#\/schema\/logo\/image\/\"},\"sameAs\":[\"https:\/\/www.facebook.com\/csjemballages\"],\"address\":{\"@type\":\"PostalAddress\",\"streetAddress\":\"ZI La Lechere\",\"addressLocality\":\"Patornay\",\"postalCode\":\"39130\",\"addressCountry\":\"FR\"},\"contactPoint\":[{\"@type\":\"ContactPoint\",\"contactType\":\"Service client\",\"telephone\":\"0384254272\",\"email\":\"contact@csj-emballages.com\"}]}]}<\/script>\n<!-- \/ Yoast SEO Premium plugin. -->","yoast_head_json":{"title":"Toalhetes de M\u00e3o Interfolhados em V de 2 folhas 21 x 21 cm por 180","description":"Toalhetes de m\u00e3o interfolhados em V de 2 folhas 22,3 x 22,2 cm vendidos por 180. Absorventes, higi\u00e9nicos e ideais para instala\u00e7\u00f5es sanit\u00e1rias profissionais.","robots":{"index":"index","follow":"follow","max-snippet":"max-snippet:-1","max-image-preview":"max-image-preview:large","max-video-preview":"max-video-preview:-1"},"canonical":"https:\/\/www.csj-emballages.com\/pt-pt\/produit\/180-toalhas-de-mao-em-forma-de-v-de-2-camadas-25-x-21-cm\/","og_locale":"pt_PT","og_type":"article","og_title":"Toalhetes de m\u00e3o interfolhados em V de 2 folhas 21 x 21 cm por 180","og_description":"Toalhetes de m\u00e3o interfolhados em V de 2 folhas 22,3 x 22,2 cm vendidos por 180. Absorventes, higi\u00e9nicos e ideais para instala\u00e7\u00f5es sanit\u00e1rias profissionais.","og_url":"https:\/\/www.csj-emballages.com\/pt-pt\/produit\/180-toalhas-de-mao-em-forma-de-v-de-2-camadas-25-x-21-cm\/","og_site_name":"CSJ Emballages","article_publisher":"https:\/\/www.facebook.com\/csjemballages","article_modified_time":"2026-04-14T00:16:02+00:00","og_image":[{"width":800,"height":800,"url":"https:\/\/www.csj-emballages.com\/wp-content\/uploads\/2024\/03\/Essuies-mains-plies-.webp","type":"image\/webp"}],"twitter_card":"summary_large_image","twitter_misc":{"Tempo estimado de leitura":"2 minutos"},"schema":{"@context":"https:\/\/schema.org","@graph":[{"@type":"WebPage","@id":"https:\/\/www.csj-emballages.com\/pt-pt\/produit\/180-toalhas-de-mao-em-forma-de-v-de-2-camadas-25-x-21-cm\/","url":"https:\/\/www.csj-emballages.com\/pt-pt\/produit\/180-toalhas-de-mao-em-forma-de-v-de-2-camadas-25-x-21-cm\/","name":"Toalhetes de M\u00e3o Interfolhados em V de 2 folhas 21 x 21 cm por 180","isPartOf":{"@id":"https:\/\/www.csj-emballages.com\/pt-pt\/#website"},"primaryImageOfPage":{"@id":"https:\/\/www.csj-emballages.com\/pt-pt\/produit\/180-toalhas-de-mao-em-forma-de-v-de-2-camadas-25-x-21-cm\/#primaryimage"},"image":{"@id":"https:\/\/www.csj-emballages.com\/pt-pt\/produit\/180-toalhas-de-mao-em-forma-de-v-de-2-camadas-25-x-21-cm\/#primaryimage"},"thumbnailUrl":"https:\/\/www.csj-emballages.com\/wp-content\/uploads\/2024\/03\/Essuies-mains-plies-.webp","datePublished":"2024-03-01T15:54:24+00:00","dateModified":"2026-04-14T00:16:02+00:00","description":"Toalhetes de m\u00e3o interfolhados em V de 2 folhas 22,3 x 22,2 cm vendidos por 180. Absorventes, higi\u00e9nicos e ideais para instala\u00e7\u00f5es sanit\u00e1rias profissionais.","breadcrumb":{"@id":"https:\/\/www.csj-emballages.com\/pt-pt\/produit\/180-toalhas-de-mao-em-forma-de-v-de-2-camadas-25-x-21-cm\/#breadcrumb"},"inLanguage":"pt-PT","potentialAction":[{"@type":"ReadAction","target":["https:\/\/www.csj-emballages.com\/pt-pt\/produit\/180-toalhas-de-mao-em-forma-de-v-de-2-camadas-25-x-21-cm\/"]}]},{"@type":"ImageObject","inLanguage":"pt-PT","@id":"https:\/\/www.csj-emballages.com\/pt-pt\/produit\/180-toalhas-de-mao-em-forma-de-v-de-2-camadas-25-x-21-cm\/#primaryimage","url":"https:\/\/www.csj-emballages.com\/wp-content\/uploads\/2024\/03\/Essuies-mains-plies-.webp","contentUrl":"https:\/\/www.csj-emballages.com\/wp-content\/uploads\/2024\/03\/Essuies-mains-plies-.webp","width":800,"height":800,"caption":"Essuie-mains"},{"@type":"BreadcrumbList","@id":"https:\/\/www.csj-emballages.com\/pt-pt\/produit\/180-toalhas-de-mao-em-forma-de-v-de-2-camadas-25-x-21-cm\/#breadcrumb","itemListElement":[{"@type":"ListItem","position":1,"name":"Acolhimento","item":"https:\/\/www.csj-emballages.com\/pt-pt\/universo-das-embalagens-alimentares\/"},{"@type":"ListItem","position":2,"name":"Shop","item":"https:\/\/www.csj-emballages.com\/shop\/"},{"@type":"ListItem","position":3,"name":"Toalhetes de m\u00e3o interfolhados em V de 2 folhas 21 x 21 cm por 180"}]},{"@type":"WebSite","@id":"https:\/\/www.csj-emballages.com\/pt-pt\/#website","url":"https:\/\/www.csj-emballages.com\/pt-pt\/","name":"CSJ Emballages","description":"","publisher":{"@id":"https:\/\/www.csj-emballages.com\/pt-pt\/#organization"},"potentialAction":[{"@type":"SearchAction","target":{"@type":"EntryPoint","urlTemplate":"https:\/\/www.csj-emballages.com\/pt-pt\/?s={search_term_string}"},"query-input":{"@type":"PropertyValueSpecification","valueRequired":true,"valueName":"search_term_string"}}],"inLanguage":"pt-PT"},{"@type":"Organization","@id":"https:\/\/www.csj-emballages.com\/pt-pt\/#Organization\/","name":"CSJ Emballages","url":"https:\/\/www.csj-emballages.com\/pt-pt\/","logo":{"@type":"ImageObject","inLanguage":"pt-PT","@id":"https:\/\/www.csj-emballages.com\/pt-pt\/#\/schema\/logo\/image\/","url":"https:\/\/www.csj-emballages.com\/wp-content\/uploads\/2023\/10\/logo_csj.webp","contentUrl":"https:\/\/www.csj-emballages.com\/wp-content\/uploads\/2023\/10\/logo_csj.webp","width":250,"height":95,"caption":"CSJ Emballages"},"image":{"@id":"https:\/\/www.csj-emballages.com\/pt-pt\/#\/schema\/logo\/image\/"},"sameAs":["https:\/\/www.facebook.com\/csjemballages"],"address":{"@type":"PostalAddress","streetAddress":"ZI La Lechere","addressLocality":"Patornay","postalCode":"39130","addressCountry":"FR"},"contactPoint":[{"@type":"ContactPoint","contactType":"Service client","telephone":"0384254272","email":"contact@csj-emballages.com"}]}]}},"df_price":1.62,"df_sale_price":"","df_regular_price":1.62,"df_image_link":"https:\/\/www.csj-emballages.com\/wp-content\/uploads\/2024\/03\/Essuies-mains-plies--300x300.webp","tiered_pricing_type":"fixed","tiered_pricing_fixed_rules":[],"tiered_pricing_percentage_rules":[],"tiered_pricing_minimum":1,"tiered_pricing_roles_data":[],"_links":{"self":[{"href":"https:\/\/www.csj-emballages.com\/pt-pt\/wp-json\/wp\/v2\/product\/20965","targetHints":{"allow":["GET"]}}],"collection":[{"href":"https:\/\/www.csj-emballages.com\/pt-pt\/wp-json\/wp\/v2\/product"}],"about":[{"href":"https:\/\/www.csj-emballages.com\/pt-pt\/wp-json\/wp\/v2\/types\/product"}],"wp:featuredmedia":[{"embeddable":true,"href":"https:\/\/www.csj-emballages.com\/pt-pt\/wp-json\/wp\/v2\/media\/263072"}],"wp:attachment":[{"href":"https:\/\/www.csj-emballages.com\/pt-pt\/wp-json\/wp\/v2\/media?parent=20965"}],"wp:term":[{"taxonomy":"product_brand","embeddable":true,"href":"https:\/\/www.csj-emballages.com\/pt-pt\/wp-json\/wp\/v2\/product_brand?post=20965"},{"taxonomy":"product_cat","embeddable":true,"href":"https:\/\/www.csj-emballages.com\/pt-pt\/wp-json\/wp\/v2\/product_cat?post=20965"},{"taxonomy":"product_tag","embeddable":true,"href":"https:\/\/www.csj-emballages.com\/pt-pt\/wp-json\/wp\/v2\/product_tag?post=20965"}],"curies":[{"name":"wp","href":"https:\/\/api.w.org\/{rel}","templated":true}]}}