{"id":20949,"date":"2024-03-01T16:54:23","date_gmt":"2024-03-01T15:54:23","guid":{"rendered":"https:\/\/u15jnbdpoq.preview.infomaniak.website\/produit\/10-esponjas-sem-forro-n4\/"},"modified":"2026-03-12T16:24:22","modified_gmt":"2026-03-12T15:24:22","slug":"10-esponjas-sem-forro-n4","status":"publish","type":"product","link":"https:\/\/www.csj-emballages.com\/pt-pt\/produit\/10-esponjas-sem-forro-n4\/","title":{"rendered":"Esponja vegetal sem rebordo N.\u00ba 4 por 10"},"content":{"rendered":"<h2>Esponja sem rebordo<\/h2>\n<hr>\n<h3>Descri\u00e7\u00e3o da nossa esponja vegetal sem rebordo N.\u00ba 4 por 10<\/h3>\n<p><!--more--><\/p>\n<div class=\"flex max-w-full flex-col flex-grow\">\n<div class=\"min-h-8 text-message flex w-full flex-col items-end gap-2 whitespace-normal break-words text-start [.text-message+&amp;]:mt-5\" dir=\"auto\" data-message-author-role=\"assistant\" data-message-id=\"266ca6f3-5e07-4948-bd20-80ac5e6da4a5\" data-message-model-slug=\"gpt-4o\">\n<div class=\"flex w-full flex-col gap-1 empty:hidden first:pt-[3px]\">\n<div class=\"markdown prose w-full break-words dark:prose-invert dark\">\n<p data-start=\"239\" data-end=\"572\">Simples, eficaz e sempre \u00fatil, a <strong data-start=\"277\" data-end=\"311\">esponja vegetal sem rebordo N.\u00ba 4<\/strong> faz parte daqueles indispens\u00e1veis de que n\u00e3o podemos prescindir no dia a dia. Com a sua textura flex\u00edvel e o seu formato pr\u00e1tico, adapta-se facilmente a todas as utiliza\u00e7\u00f5es de limpeza, seja na cozinha, na lavagem de lou\u00e7a, em coletividades ou em ambiente profissional. <\/p>\n<p data-start=\"574\" data-end=\"1056\">Gra\u00e7as \u00e0 sua <strong>mat\u00e9ria de origem vegetal<\/strong>, esta esponja absorve rapidamente a \u00e1gua e ret\u00e9m eficazmente os l\u00edquidos. Permite assim limpar as superf\u00edcies sem deixar marcas, mantendo-se agrad\u00e1vel de manusear. A aus\u00eancia de rebordo confere-lhe uma grande liberdade de utiliza\u00e7\u00e3o: pode utiliz\u00e1-la em todas as suas faces, enxagu\u00e1-la facilmente e sec\u00e1-la mais rapidamente. Resultado: mant\u00e9m-se limpa durante mais tempo e conserva o seu desempenho lavagem ap\u00f3s lavagem.   <\/p>\n<p data-start=\"1058\" data-end=\"1370\">Al\u00e9m disso, a sua <strong>estrutura arejada capta bem a sujidade<\/strong> sem riscar as superf\u00edcies. \u00c9 adequada tanto para bancadas como para mesas, lava-loi\u00e7as ou equipamentos profissionais. O seu formato N.\u00ba 4 oferece um bom equil\u00edbrio entre pega e superf\u00edcie de limpeza, o que permite trabalhar eficazmente sem fadiga.  <\/p>\n<p data-start=\"1372\" data-end=\"1656\">Vendida <strong data-start=\"1379\" data-end=\"1396\">em lote de 10<\/strong>, esta <strong>esponja vegetal<\/strong> \u00e9 ideal para gerir as rota\u00e7\u00f5es, renovar regularmente o material e manter um bom n\u00edvel de higiene. \u00c9 uma solu\u00e7\u00e3o simples, fi\u00e1vel e econ\u00f3mica para quem procura um produto pr\u00e1tico, sem superfluidades, mas realmente eficaz. <\/p>\n<p data-start=\"1658\" data-end=\"1794\">Em resumo, esta <strong>esponja amarela<\/strong> vai direto ao assunto: limpa bem, dura no tempo e integra-se facilmente na sua rotina de limpeza.<\/p>\n<p>&nbsp;<\/p>\n<\/div>\n<\/div>\n<\/div>\n<\/div>\n<p><!--more--><\/p>\n<h4>Vantagens :<\/h4>\n<ul>\n<li>Ret\u00e9m uma grande quantidade de l\u00edquido para uma limpeza eficaz.<\/li>\n<li>Mais flex\u00edvel e male\u00e1vel para alcan\u00e7ar os cantos dif\u00edceis.<\/li>\n<li>Adequada para a cozinha, a casa de banho e as superf\u00edcies profissionais.<\/li>\n<li>Concebida para uma utiliza\u00e7\u00e3o intensiva sem se degradar rapidamente<\/li>\n<\/ul>\n<p>&nbsp;<\/p>\n<p><!--more--><\/p>\n<h4>Outras informa\u00e7\u00f5es :<\/h4>\n<ul>\n<li><strong>Embalagem<\/strong>: Pacote de 10<\/li>\n<li><strong>Dimens\u00f5es<\/strong>: 12 x 8 x 3 (C x L x A em cm)<\/li>\n<li><strong>Cor<\/strong>: Amarelo<\/li>\n<li><strong>Tipo<\/strong>: Planta<\/li>\n<\/ul>\n<p>&nbsp;<\/p>\n<p><!--more--><\/p>\n<p>Aqui podes encontrar a nossa esponja sem forro no tamanho 6: <span style=\"color: #d12727;\"><a style=\"color: #d12727;\" href=\"https:\/\/www.csj-emballages.com\/produit\/10-eponges-non-bordees-n6\/\">EPVN6<\/a><\/span><\/p>\n<p>&nbsp;<\/p>\n<p><!--more--><\/p>\n<p>Encontre aqui os nossos outros 4 tipos de esponja: <span style=\"color: #d12727;\"><a style=\"color: #d12727;\" href=\"https:\/\/www.csj-emballages.com\/de\/produit\/10-gruene-stempel-auf-blondem-schwamm-110-x-70-x-22-mm\/\">Esponja verde<\/a><\/span> \/ <span style=\"color: #d12727;\"><a style=\"color: #d12727;\" href=\"https:\/\/www.csj-emballages.com\/de\/produit\/5-melamin-zauberschwaemme-110-x-70-x-30-mm\/\">Esponja m\u00e1gica<\/a><\/span> \/ <span style=\"color: #d12727;\"><a style=\"color: #d12727;\" href=\"https:\/\/www.csj-emballages.com\/de\/produit\/10-spiralkugeln-aus-edelstahl-40-g\/\">Esponja de inox 40 gr<\/a><\/span> \/ <span style=\"color: #d12727;\"><a style=\"color: #d12727;\" href=\"https:\/\/www.csj-emballages.com\/de\/produit\/10-spiralkugeln-aus-edelstahl-60-g\/\">Esponja de inox 60 gr<\/a><\/span> <\/p>\n<p>&nbsp;<\/p>\n<p><!--more--><\/p>\n<p><a href=\"https:\/\/www.csj-emballages.com\/pt-pt\/categorie-produit\/higiene-e-manutencao\/esponjas-panos-de-prato-panos-de-cozinha\/esponjas-abrasivos\/\">V\u00ea o resto da nossa gama de esponjas \/ abrasivos<\/a><\/p>\n","protected":false},"excerpt":{"rendered":"<p>Esponja sem rebordo Descri\u00e7\u00e3o da nossa esponja vegetal sem rebordo N.\u00ba 4 por 10<\/p>\n","protected":false},"featured_media":221785,"template":"","meta":{"_acf_changed":false},"product_brand":[],"product_cat":[1222,1422,2005],"product_tag":[],"class_list":{"0":"post-20949","1":"product","2":"type-product","3":"status-publish","4":"has-post-thumbnail","6":"product_cat-higiene-e-manutencao","7":"product_cat-esponjas-panos-de-prato-panos-de-cozinha","8":"product_cat-esponjas-abrasivos","10":"first","11":"instock","12":"taxable","13":"shipping-taxable","14":"purchasable","15":"product-type-simple"},"acf":[],"yoast_head":"<!-- This site is optimized with the Yoast SEO Premium plugin v26.6 (Yoast SEO v26.6) - https:\/\/yoast.com\/wordpress\/plugins\/seo\/ -->\n<title>Esponja Vegetal Sem Rebordo N.\u00ba 4 por 10<\/title>\n<meta name=\"description\" content=\"Descubra a esponja vegetal sem rebordo N.\u00ba 4 por 10, ideal para uma limpeza eficaz e sem esfor\u00e7o. Absorvente, resistente e f\u00e1cil de manusear.\" \/>\n<meta name=\"robots\" content=\"index, follow, max-snippet:-1, max-image-preview:large, max-video-preview:-1\" \/>\n<link rel=\"canonical\" href=\"https:\/\/www.csj-emballages.com\/pt-pt\/produit\/10-esponjas-sem-forro-n4\/\" \/>\n<meta property=\"og:locale\" content=\"pt_PT\" \/>\n<meta property=\"og:type\" content=\"article\" \/>\n<meta property=\"og:title\" content=\"Esponja vegetal sem rebordo N.\u00ba 4 por 10\" \/>\n<meta property=\"og:description\" content=\"Descubra a esponja vegetal sem rebordo N.\u00ba 4 por 10, ideal para uma limpeza eficaz e sem esfor\u00e7o. Absorvente, resistente e f\u00e1cil de manusear.\" \/>\n<meta property=\"og:url\" content=\"https:\/\/www.csj-emballages.com\/pt-pt\/produit\/10-esponjas-sem-forro-n4\/\" \/>\n<meta property=\"og:site_name\" content=\"CSJ Emballages\" \/>\n<meta property=\"article:publisher\" content=\"https:\/\/www.facebook.com\/csjemballages\" \/>\n<meta property=\"article:modified_time\" content=\"2026-03-12T15:24:22+00:00\" \/>\n<meta property=\"og:image\" content=\"https:\/\/www.csj-emballages.com\/wp-content\/uploads\/2024\/03\/eponge-jaune-n\u00b04.webp\" \/>\n\t<meta property=\"og:image:width\" content=\"800\" \/>\n\t<meta property=\"og:image:height\" content=\"800\" \/>\n\t<meta property=\"og:image:type\" content=\"image\/webp\" \/>\n<meta name=\"twitter:card\" content=\"summary_large_image\" \/>\n<meta name=\"twitter:label1\" content=\"Tempo estimado de leitura\" \/>\n\t<meta name=\"twitter:data1\" content=\"2 minutos\" \/>\n<script type=\"application\/ld+json\" class=\"yoast-schema-graph\">{\"@context\":\"https:\/\/schema.org\",\"@graph\":[{\"@type\":\"WebPage\",\"@id\":\"https:\/\/www.csj-emballages.com\/pt-pt\/produit\/10-esponjas-sem-forro-n4\/\",\"url\":\"https:\/\/www.csj-emballages.com\/pt-pt\/produit\/10-esponjas-sem-forro-n4\/\",\"name\":\"Esponja Vegetal Sem Rebordo N.\u00ba 4 por 10\",\"isPartOf\":{\"@id\":\"https:\/\/www.csj-emballages.com\/pt-pt\/#website\"},\"primaryImageOfPage\":{\"@id\":\"https:\/\/www.csj-emballages.com\/pt-pt\/produit\/10-esponjas-sem-forro-n4\/#primaryimage\"},\"image\":{\"@id\":\"https:\/\/www.csj-emballages.com\/pt-pt\/produit\/10-esponjas-sem-forro-n4\/#primaryimage\"},\"thumbnailUrl\":\"https:\/\/www.csj-emballages.com\/wp-content\/uploads\/2024\/03\/eponge-jaune-n\u00b04.webp\",\"datePublished\":\"2024-03-01T15:54:23+00:00\",\"dateModified\":\"2026-03-12T15:24:22+00:00\",\"description\":\"Descubra a esponja vegetal sem rebordo N.\u00ba 4 por 10, ideal para uma limpeza eficaz e sem esfor\u00e7o. Absorvente, resistente e f\u00e1cil de manusear.\",\"breadcrumb\":{\"@id\":\"https:\/\/www.csj-emballages.com\/pt-pt\/produit\/10-esponjas-sem-forro-n4\/#breadcrumb\"},\"inLanguage\":\"pt-PT\",\"potentialAction\":[{\"@type\":\"ReadAction\",\"target\":[\"https:\/\/www.csj-emballages.com\/pt-pt\/produit\/10-esponjas-sem-forro-n4\/\"]}]},{\"@type\":\"ImageObject\",\"inLanguage\":\"pt-PT\",\"@id\":\"https:\/\/www.csj-emballages.com\/pt-pt\/produit\/10-esponjas-sem-forro-n4\/#primaryimage\",\"url\":\"https:\/\/www.csj-emballages.com\/wp-content\/uploads\/2024\/03\/eponge-jaune-n\u00b04.webp\",\"contentUrl\":\"https:\/\/www.csj-emballages.com\/wp-content\/uploads\/2024\/03\/eponge-jaune-n\u00b04.webp\",\"width\":800,\"height\":800,\"caption\":\"eponge\"},{\"@type\":\"BreadcrumbList\",\"@id\":\"https:\/\/www.csj-emballages.com\/pt-pt\/produit\/10-esponjas-sem-forro-n4\/#breadcrumb\",\"itemListElement\":[{\"@type\":\"ListItem\",\"position\":1,\"name\":\"Acolhimento\",\"item\":\"https:\/\/www.csj-emballages.com\/pt-pt\/universo-das-embalagens-alimentares\/\"},{\"@type\":\"ListItem\",\"position\":2,\"name\":\"Shop\",\"item\":\"https:\/\/www.csj-emballages.com\/shop\/\"},{\"@type\":\"ListItem\",\"position\":3,\"name\":\"Esponja vegetal sem rebordo N.\u00ba 4 por 10\"}]},{\"@type\":\"WebSite\",\"@id\":\"https:\/\/www.csj-emballages.com\/pt-pt\/#website\",\"url\":\"https:\/\/www.csj-emballages.com\/pt-pt\/\",\"name\":\"CSJ Emballages\",\"description\":\"\",\"publisher\":{\"@id\":\"https:\/\/www.csj-emballages.com\/pt-pt\/#organization\"},\"potentialAction\":[{\"@type\":\"SearchAction\",\"target\":{\"@type\":\"EntryPoint\",\"urlTemplate\":\"https:\/\/www.csj-emballages.com\/pt-pt\/?s={search_term_string}\"},\"query-input\":{\"@type\":\"PropertyValueSpecification\",\"valueRequired\":true,\"valueName\":\"search_term_string\"}}],\"inLanguage\":\"pt-PT\"},{\"@type\":\"Organization\",\"@id\":\"https:\/\/www.csj-emballages.com\/pt-pt\/#Organization\/\",\"name\":\"CSJ Emballages\",\"url\":\"https:\/\/www.csj-emballages.com\/pt-pt\/\",\"logo\":{\"@type\":\"ImageObject\",\"inLanguage\":\"pt-PT\",\"@id\":\"https:\/\/www.csj-emballages.com\/pt-pt\/#\/schema\/logo\/image\/\",\"url\":\"https:\/\/www.csj-emballages.com\/wp-content\/uploads\/2023\/10\/logo_csj.webp\",\"contentUrl\":\"https:\/\/www.csj-emballages.com\/wp-content\/uploads\/2023\/10\/logo_csj.webp\",\"width\":250,\"height\":95,\"caption\":\"CSJ Emballages\"},\"image\":{\"@id\":\"https:\/\/www.csj-emballages.com\/pt-pt\/#\/schema\/logo\/image\/\"},\"sameAs\":[\"https:\/\/www.facebook.com\/csjemballages\"],\"address\":{\"@type\":\"PostalAddress\",\"streetAddress\":\"ZI La Lechere\",\"addressLocality\":\"Patornay\",\"postalCode\":\"39130\",\"addressCountry\":\"FR\"},\"contactPoint\":[{\"@type\":\"ContactPoint\",\"contactType\":\"Service client\",\"telephone\":\"0384254272\",\"email\":\"contact@csj-emballages.com\"}]}]}<\/script>\n<!-- \/ Yoast SEO Premium plugin. -->","yoast_head_json":{"title":"Esponja Vegetal Sem Rebordo N.\u00ba 4 por 10","description":"Descubra a esponja vegetal sem rebordo N.\u00ba 4 por 10, ideal para uma limpeza eficaz e sem esfor\u00e7o. Absorvente, resistente e f\u00e1cil de manusear.","robots":{"index":"index","follow":"follow","max-snippet":"max-snippet:-1","max-image-preview":"max-image-preview:large","max-video-preview":"max-video-preview:-1"},"canonical":"https:\/\/www.csj-emballages.com\/pt-pt\/produit\/10-esponjas-sem-forro-n4\/","og_locale":"pt_PT","og_type":"article","og_title":"Esponja vegetal sem rebordo N.\u00ba 4 por 10","og_description":"Descubra a esponja vegetal sem rebordo N.\u00ba 4 por 10, ideal para uma limpeza eficaz e sem esfor\u00e7o. Absorvente, resistente e f\u00e1cil de manusear.","og_url":"https:\/\/www.csj-emballages.com\/pt-pt\/produit\/10-esponjas-sem-forro-n4\/","og_site_name":"CSJ Emballages","article_publisher":"https:\/\/www.facebook.com\/csjemballages","article_modified_time":"2026-03-12T15:24:22+00:00","og_image":[{"width":800,"height":800,"url":"https:\/\/www.csj-emballages.com\/wp-content\/uploads\/2024\/03\/eponge-jaune-n\u00b04.webp","type":"image\/webp"}],"twitter_card":"summary_large_image","twitter_misc":{"Tempo estimado de leitura":"2 minutos"},"schema":{"@context":"https:\/\/schema.org","@graph":[{"@type":"WebPage","@id":"https:\/\/www.csj-emballages.com\/pt-pt\/produit\/10-esponjas-sem-forro-n4\/","url":"https:\/\/www.csj-emballages.com\/pt-pt\/produit\/10-esponjas-sem-forro-n4\/","name":"Esponja Vegetal Sem Rebordo N.\u00ba 4 por 10","isPartOf":{"@id":"https:\/\/www.csj-emballages.com\/pt-pt\/#website"},"primaryImageOfPage":{"@id":"https:\/\/www.csj-emballages.com\/pt-pt\/produit\/10-esponjas-sem-forro-n4\/#primaryimage"},"image":{"@id":"https:\/\/www.csj-emballages.com\/pt-pt\/produit\/10-esponjas-sem-forro-n4\/#primaryimage"},"thumbnailUrl":"https:\/\/www.csj-emballages.com\/wp-content\/uploads\/2024\/03\/eponge-jaune-n\u00b04.webp","datePublished":"2024-03-01T15:54:23+00:00","dateModified":"2026-03-12T15:24:22+00:00","description":"Descubra a esponja vegetal sem rebordo N.\u00ba 4 por 10, ideal para uma limpeza eficaz e sem esfor\u00e7o. Absorvente, resistente e f\u00e1cil de manusear.","breadcrumb":{"@id":"https:\/\/www.csj-emballages.com\/pt-pt\/produit\/10-esponjas-sem-forro-n4\/#breadcrumb"},"inLanguage":"pt-PT","potentialAction":[{"@type":"ReadAction","target":["https:\/\/www.csj-emballages.com\/pt-pt\/produit\/10-esponjas-sem-forro-n4\/"]}]},{"@type":"ImageObject","inLanguage":"pt-PT","@id":"https:\/\/www.csj-emballages.com\/pt-pt\/produit\/10-esponjas-sem-forro-n4\/#primaryimage","url":"https:\/\/www.csj-emballages.com\/wp-content\/uploads\/2024\/03\/eponge-jaune-n\u00b04.webp","contentUrl":"https:\/\/www.csj-emballages.com\/wp-content\/uploads\/2024\/03\/eponge-jaune-n\u00b04.webp","width":800,"height":800,"caption":"eponge"},{"@type":"BreadcrumbList","@id":"https:\/\/www.csj-emballages.com\/pt-pt\/produit\/10-esponjas-sem-forro-n4\/#breadcrumb","itemListElement":[{"@type":"ListItem","position":1,"name":"Acolhimento","item":"https:\/\/www.csj-emballages.com\/pt-pt\/universo-das-embalagens-alimentares\/"},{"@type":"ListItem","position":2,"name":"Shop","item":"https:\/\/www.csj-emballages.com\/shop\/"},{"@type":"ListItem","position":3,"name":"Esponja vegetal sem rebordo N.\u00ba 4 por 10"}]},{"@type":"WebSite","@id":"https:\/\/www.csj-emballages.com\/pt-pt\/#website","url":"https:\/\/www.csj-emballages.com\/pt-pt\/","name":"CSJ Emballages","description":"","publisher":{"@id":"https:\/\/www.csj-emballages.com\/pt-pt\/#organization"},"potentialAction":[{"@type":"SearchAction","target":{"@type":"EntryPoint","urlTemplate":"https:\/\/www.csj-emballages.com\/pt-pt\/?s={search_term_string}"},"query-input":{"@type":"PropertyValueSpecification","valueRequired":true,"valueName":"search_term_string"}}],"inLanguage":"pt-PT"},{"@type":"Organization","@id":"https:\/\/www.csj-emballages.com\/pt-pt\/#Organization\/","name":"CSJ Emballages","url":"https:\/\/www.csj-emballages.com\/pt-pt\/","logo":{"@type":"ImageObject","inLanguage":"pt-PT","@id":"https:\/\/www.csj-emballages.com\/pt-pt\/#\/schema\/logo\/image\/","url":"https:\/\/www.csj-emballages.com\/wp-content\/uploads\/2023\/10\/logo_csj.webp","contentUrl":"https:\/\/www.csj-emballages.com\/wp-content\/uploads\/2023\/10\/logo_csj.webp","width":250,"height":95,"caption":"CSJ Emballages"},"image":{"@id":"https:\/\/www.csj-emballages.com\/pt-pt\/#\/schema\/logo\/image\/"},"sameAs":["https:\/\/www.facebook.com\/csjemballages"],"address":{"@type":"PostalAddress","streetAddress":"ZI La Lechere","addressLocality":"Patornay","postalCode":"39130","addressCountry":"FR"},"contactPoint":[{"@type":"ContactPoint","contactType":"Service client","telephone":"0384254272","email":"contact@csj-emballages.com"}]}]}},"df_price":7.46,"df_sale_price":"","df_regular_price":7.46,"df_image_link":"https:\/\/www.csj-emballages.com\/wp-content\/uploads\/2024\/03\/eponge-jaune-n\u00b04-300x300.webp","tiered_pricing_type":"fixed","tiered_pricing_fixed_rules":[],"tiered_pricing_percentage_rules":[],"tiered_pricing_minimum":1,"tiered_pricing_roles_data":[],"_links":{"self":[{"href":"https:\/\/www.csj-emballages.com\/pt-pt\/wp-json\/wp\/v2\/product\/20949","targetHints":{"allow":["GET"]}}],"collection":[{"href":"https:\/\/www.csj-emballages.com\/pt-pt\/wp-json\/wp\/v2\/product"}],"about":[{"href":"https:\/\/www.csj-emballages.com\/pt-pt\/wp-json\/wp\/v2\/types\/product"}],"wp:featuredmedia":[{"embeddable":true,"href":"https:\/\/www.csj-emballages.com\/pt-pt\/wp-json\/wp\/v2\/media\/221785"}],"wp:attachment":[{"href":"https:\/\/www.csj-emballages.com\/pt-pt\/wp-json\/wp\/v2\/media?parent=20949"}],"wp:term":[{"taxonomy":"product_brand","embeddable":true,"href":"https:\/\/www.csj-emballages.com\/pt-pt\/wp-json\/wp\/v2\/product_brand?post=20949"},{"taxonomy":"product_cat","embeddable":true,"href":"https:\/\/www.csj-emballages.com\/pt-pt\/wp-json\/wp\/v2\/product_cat?post=20949"},{"taxonomy":"product_tag","embeddable":true,"href":"https:\/\/www.csj-emballages.com\/pt-pt\/wp-json\/wp\/v2\/product_tag?post=20949"}],"curies":[{"name":"wp","href":"https:\/\/api.w.org\/{rel}","templated":true}]}}