{"id":20935,"date":"2024-03-01T16:54:23","date_gmt":"2024-03-01T15:54:23","guid":{"rendered":"https:\/\/u15jnbdpoq.preview.infomaniak.website\/produit\/150-toalhas-de-mao-em-z-de-2-camadas-206-x-24-cm\/"},"modified":"2026-04-20T16:01:08","modified_gmt":"2026-04-20T14:01:08","slug":"150-toalhas-de-mao-em-z-de-2-camadas-206-x-24-cm","status":"publish","type":"product","link":"https:\/\/www.csj-emballages.com\/pt-pt\/produit\/150-toalhas-de-mao-em-z-de-2-camadas-206-x-24-cm\/","title":{"rendered":"Toalhetes de M\u00e3o Interfolhados em Z, 2 Folhas, 20 x 24 cm, por 150"},"content":{"rendered":"<h2>Toalhetes de m\u00e3o interfolhados<\/h2>\n<hr>\n<h3>Descubra os nossos toalhetes de m\u00e3o interfolhados em Z, 2 folhas, 20 x 24 cm, por 150<\/h3>\n<p><!--more--><\/p>\n<p data-start=\"217\" data-end=\"575\">Os <strong data-start=\"221\" data-end=\"254\">toalhetes de m\u00e3o interfolhados em Z<\/strong> foram concebidos para simplificar a higiene di\u00e1ria, sem desperd\u00edcio nem complica\u00e7\u00f5es. Gra\u00e7as \u00e0 sua <strong>dobragem em Z<\/strong>, as folhas s\u00e3o distribu\u00eddas uma a uma, o que limita o contacto desnecess\u00e1rio e melhora a higiene, especialmente em espa\u00e7os partilhados. Puxa-se uma folha e a seguinte j\u00e1 est\u00e1 pronta: simples, r\u00e1pido e eficaz.  <\/p>\n<p data-start=\"577\" data-end=\"954\">Da mesma forma, com a sua <strong data-start=\"587\" data-end=\"607\">dupla espessura<\/strong>, estes <strong>toalhetes de m\u00e3o<\/strong> oferecem uma boa resist\u00eancia, mantendo-se agrad\u00e1veis ao toque. Absorvem eficazmente a humidade, o que permite secar as m\u00e3os corretamente sem precisar de usar v\u00e1rios. O seu formato <strong>20 x 24 cm<\/strong> \u00e9 ideal: suficientemente grande para ser confort\u00e1vel, mas perfeitamente adaptado aos distribuidores standard.  <\/p>\n<p data-start=\"956\" data-end=\"1326\">De facto, este modelo \u00e9 perfeitamente adequado para <strong>instala\u00e7\u00f5es sanit\u00e1rias profissionais, restaurantes, escrit\u00f3rios, coletividades, estabelecimentos de sa\u00fade ou locais que recebem p\u00fablico<\/strong>. Oferece uma solu\u00e7\u00e3o limpa e pr\u00e1tica, transmitindo simultaneamente uma imagem cuidada dos espa\u00e7os sanit\u00e1rios. Al\u00e9m disso, o sistema interfolhado ajuda a controlar melhor o consumo, o que \u00e9 sempre uma mais-valia no dia a dia.  <\/p>\n<p data-start=\"1328\" data-end=\"1601\">Vendidos <strong data-start=\"1335\" data-end=\"1353\">em lote de 150<\/strong>, estes <strong>toalhetes de m\u00e3o<\/strong> permitem gerir facilmente a reposi\u00e7\u00e3o sem sobrecarregar as reservas. Integram-se naturalmente numa rotina de higiene eficaz, tanto para pequenas estruturas como para ambientes com muita aflu\u00eancia. <\/p>\n<p data-start=\"1603\" data-end=\"1785\">Em resumo, estes <strong>toalhetes de m\u00e3o em Z<\/strong> combinam conforto, absor\u00e7\u00e3o e praticidade. Desempenham a sua fun\u00e7\u00e3o discretamente, melhorando simultaneamente a experi\u00eancia do utilizador e a gest\u00e3o da higiene. <\/p>\n<p data-start=\"1603\" data-end=\"1785\">\n<p data-start=\"1521\" data-end=\"1690\"><!--more--><\/p>\n<h4 data-start=\"1521\" data-end=\"1690\">Vantagens :<\/h4>\n<ul>\n<li data-start=\"1813\" data-end=\"1867\"><strong>Dobradura em Z<\/strong> para uma distribui\u00e7\u00e3o folha a folha.<\/li>\n<li data-start=\"1870\" data-end=\"1919\"><strong>2 folhas<\/strong> para maior resist\u00eancia e absor\u00e7\u00e3o.<\/li>\n<li data-start=\"1922\" data-end=\"1956\">Formato confort\u00e1vel <strong>20 x 24 cm<\/strong>.<\/li>\n<li data-start=\"1959\" data-end=\"1997\">Adaptados aos distribuidores standard.<\/li>\n<li data-start=\"2000\" data-end=\"2039\">Utiliza\u00e7\u00e3o higi\u00e9nica e econ\u00f3mica.<\/li>\n<li data-start=\"2042\" data-end=\"2071\">Lote pr\u00e1tico de <strong>150 folhas<\/strong>.<\/li>\n<\/ul>\n<p>&nbsp;<\/p>\n<p><!--more--><\/p>\n<h4>Outras informa\u00e7\u00f5es :<\/h4>\n<ul>\n<li><strong>Embalagem<\/strong>: Pacote de 150<\/li>\n<li><strong>Dimens\u00f5es<\/strong>: 20 x 24 cm<\/li>\n<li><strong>N\u00famero de folhas<\/strong>: 2<\/li>\n<li><strong>Dobradura<\/strong>: Z<\/li>\n<li><strong>Cor<\/strong>: Branco<\/li>\n<li><strong>Aspeto<\/strong>: Gofrado<\/li>\n<li><strong>Material<\/strong>: Celulose<\/li>\n<\/ul>\n<p>&nbsp;<\/p>\n<p><!--more--><\/p>\n<p>Este toalhete de m\u00e3o dobrado em Z tamb\u00e9m est\u00e1 dispon\u00edvel com uma dobragem em V: <span style=\"color: #d12727;\"><a style=\"color: #d12727;\" href=\"https:\/\/www.csj-emballages.com\/produit\/180-essuie-mains-enchevetres-en-v-2-plis-25-x-21-cm\/?_gl=1*1iijh4q*_up*MQ..*_ga*MTgxMTk0MjI1NC4xNzcwMDIyOTkx*_ga_YNVJLRSSZT*czE3NzAwMjI5OTAkbzEkZzAkdDE3NzAwMjMzNzEkajQ3JGwwJGgxNDU1NTg1MzE5\">EPLV<\/a><\/span><\/p>\n<p>&nbsp;<\/p>\n<p><!--more--><\/p>\n<p><a href=\"https:\/\/www.csj-emballages.com\/categorie-produit\/hygiene-et-entretiens\/essuyages\/essuie-mains\/essuies-mains-plies\/?_gl=1*xx8o1q*_up*MQ..*_ga*MTgxMTk0MjI1NC4xNzcwMDIyOTkx*_ga_YNVJLRSSZT*czE3NzAwMjI5OTAkbzEkZzAkdDE3NzAwMjMzNjgkajUwJGwwJGgxNDU1NTg1MzE5\">Consulte o resto da nossa gama de toalhetes de m\u00e3o dobrados<\/a><\/p>\n","protected":false},"excerpt":{"rendered":"<p>Toalhetes de m\u00e3o interfolhados Descubra os nossos toalhetes de m\u00e3o interfolhados em Z, 2 folhas, 20 x 24 cm, por 150<\/p>\n","protected":false},"featured_media":263072,"template":"","meta":{"_acf_changed":false},"product_brand":[],"product_cat":[1222,1382,1421,2563],"product_tag":[],"class_list":{"0":"post-20935","1":"product","2":"type-product","3":"status-publish","4":"has-post-thumbnail","6":"product_cat-higiene-e-manutencao","7":"product_cat-limpar","8":"product_cat-toalhas-de-mao","9":"product_cat-limpa-para-brisas-dobrados","11":"first","12":"instock","13":"taxable","14":"shipping-taxable","15":"purchasable","16":"product-type-simple"},"acf":[],"yoast_head":"<!-- This site is optimized with the Yoast SEO Premium plugin v26.6 (Yoast SEO v26.6) - https:\/\/yoast.com\/wordpress\/plugins\/seo\/ -->\n<title>Toalhetes de M\u00e3o Interfolhados em Z, 2 Folhas, 20 x 24 cm, por 150<\/title>\n<meta name=\"description\" content=\"Toalhetes de m\u00e3o interfolhados em Z, 2 folhas, 20,6 x 24 cm, por 150. Distribui\u00e7\u00e3o higi\u00e9nica, boa absor\u00e7\u00e3o e formato adaptado a instala\u00e7\u00f5es sanit\u00e1rias profissionais.\" \/>\n<meta name=\"robots\" content=\"index, follow, max-snippet:-1, max-image-preview:large, max-video-preview:-1\" \/>\n<link rel=\"canonical\" href=\"https:\/\/www.csj-emballages.com\/pt-pt\/produit\/150-toalhas-de-mao-em-z-de-2-camadas-206-x-24-cm\/\" \/>\n<meta property=\"og:locale\" content=\"pt_PT\" \/>\n<meta property=\"og:type\" content=\"article\" \/>\n<meta property=\"og:title\" content=\"Toalhetes de M\u00e3o Interfolhados em Z, 2 Folhas, 20 x 24 cm, por 150\" \/>\n<meta property=\"og:description\" content=\"Toalhetes de m\u00e3o interfolhados em Z, 2 folhas, 20,6 x 24 cm, por 150. Distribui\u00e7\u00e3o higi\u00e9nica, boa absor\u00e7\u00e3o e formato adaptado a instala\u00e7\u00f5es sanit\u00e1rias profissionais.\" \/>\n<meta property=\"og:url\" content=\"https:\/\/www.csj-emballages.com\/pt-pt\/produit\/150-toalhas-de-mao-em-z-de-2-camadas-206-x-24-cm\/\" \/>\n<meta property=\"og:site_name\" content=\"CSJ Emballages\" \/>\n<meta property=\"article:publisher\" content=\"https:\/\/www.facebook.com\/csjemballages\" \/>\n<meta property=\"article:modified_time\" content=\"2026-04-20T14:01:08+00:00\" \/>\n<meta property=\"og:image\" content=\"https:\/\/www.csj-emballages.com\/wp-content\/uploads\/2024\/03\/Essuies-mains-plies-.webp\" \/>\n\t<meta property=\"og:image:width\" content=\"800\" \/>\n\t<meta property=\"og:image:height\" content=\"800\" \/>\n\t<meta property=\"og:image:type\" content=\"image\/webp\" \/>\n<meta name=\"twitter:card\" content=\"summary_large_image\" \/>\n<meta name=\"twitter:label1\" content=\"Tempo estimado de leitura\" \/>\n\t<meta name=\"twitter:data1\" content=\"2 minutos\" \/>\n<script type=\"application\/ld+json\" class=\"yoast-schema-graph\">{\"@context\":\"https:\/\/schema.org\",\"@graph\":[{\"@type\":\"WebPage\",\"@id\":\"https:\/\/www.csj-emballages.com\/pt-pt\/produit\/150-toalhas-de-mao-em-z-de-2-camadas-206-x-24-cm\/\",\"url\":\"https:\/\/www.csj-emballages.com\/pt-pt\/produit\/150-toalhas-de-mao-em-z-de-2-camadas-206-x-24-cm\/\",\"name\":\"Toalhetes de M\u00e3o Interfolhados em Z, 2 Folhas, 20 x 24 cm, por 150\",\"isPartOf\":{\"@id\":\"https:\/\/www.csj-emballages.com\/pt-pt\/#website\"},\"primaryImageOfPage\":{\"@id\":\"https:\/\/www.csj-emballages.com\/pt-pt\/produit\/150-toalhas-de-mao-em-z-de-2-camadas-206-x-24-cm\/#primaryimage\"},\"image\":{\"@id\":\"https:\/\/www.csj-emballages.com\/pt-pt\/produit\/150-toalhas-de-mao-em-z-de-2-camadas-206-x-24-cm\/#primaryimage\"},\"thumbnailUrl\":\"https:\/\/www.csj-emballages.com\/wp-content\/uploads\/2024\/03\/Essuies-mains-plies-.webp\",\"datePublished\":\"2024-03-01T15:54:23+00:00\",\"dateModified\":\"2026-04-20T14:01:08+00:00\",\"description\":\"Toalhetes de m\u00e3o interfolhados em Z, 2 folhas, 20,6 x 24 cm, por 150. Distribui\u00e7\u00e3o higi\u00e9nica, boa absor\u00e7\u00e3o e formato adaptado a instala\u00e7\u00f5es sanit\u00e1rias profissionais.\",\"breadcrumb\":{\"@id\":\"https:\/\/www.csj-emballages.com\/pt-pt\/produit\/150-toalhas-de-mao-em-z-de-2-camadas-206-x-24-cm\/#breadcrumb\"},\"inLanguage\":\"pt-PT\",\"potentialAction\":[{\"@type\":\"ReadAction\",\"target\":[\"https:\/\/www.csj-emballages.com\/pt-pt\/produit\/150-toalhas-de-mao-em-z-de-2-camadas-206-x-24-cm\/\"]}]},{\"@type\":\"ImageObject\",\"inLanguage\":\"pt-PT\",\"@id\":\"https:\/\/www.csj-emballages.com\/pt-pt\/produit\/150-toalhas-de-mao-em-z-de-2-camadas-206-x-24-cm\/#primaryimage\",\"url\":\"https:\/\/www.csj-emballages.com\/wp-content\/uploads\/2024\/03\/Essuies-mains-plies-.webp\",\"contentUrl\":\"https:\/\/www.csj-emballages.com\/wp-content\/uploads\/2024\/03\/Essuies-mains-plies-.webp\",\"width\":800,\"height\":800,\"caption\":\"Essuie-mains\"},{\"@type\":\"BreadcrumbList\",\"@id\":\"https:\/\/www.csj-emballages.com\/pt-pt\/produit\/150-toalhas-de-mao-em-z-de-2-camadas-206-x-24-cm\/#breadcrumb\",\"itemListElement\":[{\"@type\":\"ListItem\",\"position\":1,\"name\":\"Acolhimento\",\"item\":\"https:\/\/www.csj-emballages.com\/pt-pt\/universo-das-embalagens-alimentares\/\"},{\"@type\":\"ListItem\",\"position\":2,\"name\":\"Shop\",\"item\":\"https:\/\/www.csj-emballages.com\/shop\/\"},{\"@type\":\"ListItem\",\"position\":3,\"name\":\"Toalhetes de M\u00e3o Interfolhados em Z, 2 Folhas, 20 x 24 cm, por 150\"}]},{\"@type\":\"WebSite\",\"@id\":\"https:\/\/www.csj-emballages.com\/pt-pt\/#website\",\"url\":\"https:\/\/www.csj-emballages.com\/pt-pt\/\",\"name\":\"CSJ Emballages\",\"description\":\"\",\"publisher\":{\"@id\":\"https:\/\/www.csj-emballages.com\/pt-pt\/#organization\"},\"potentialAction\":[{\"@type\":\"SearchAction\",\"target\":{\"@type\":\"EntryPoint\",\"urlTemplate\":\"https:\/\/www.csj-emballages.com\/pt-pt\/?s={search_term_string}\"},\"query-input\":{\"@type\":\"PropertyValueSpecification\",\"valueRequired\":true,\"valueName\":\"search_term_string\"}}],\"inLanguage\":\"pt-PT\"},{\"@type\":\"Organization\",\"@id\":\"https:\/\/www.csj-emballages.com\/pt-pt\/#Organization\/\",\"name\":\"CSJ Emballages\",\"url\":\"https:\/\/www.csj-emballages.com\/pt-pt\/\",\"logo\":{\"@type\":\"ImageObject\",\"inLanguage\":\"pt-PT\",\"@id\":\"https:\/\/www.csj-emballages.com\/pt-pt\/#\/schema\/logo\/image\/\",\"url\":\"https:\/\/www.csj-emballages.com\/wp-content\/uploads\/2023\/10\/logo_csj.webp\",\"contentUrl\":\"https:\/\/www.csj-emballages.com\/wp-content\/uploads\/2023\/10\/logo_csj.webp\",\"width\":250,\"height\":95,\"caption\":\"CSJ Emballages\"},\"image\":{\"@id\":\"https:\/\/www.csj-emballages.com\/pt-pt\/#\/schema\/logo\/image\/\"},\"sameAs\":[\"https:\/\/www.facebook.com\/csjemballages\"],\"address\":{\"@type\":\"PostalAddress\",\"streetAddress\":\"ZI La Lechere\",\"addressLocality\":\"Patornay\",\"postalCode\":\"39130\",\"addressCountry\":\"FR\"},\"contactPoint\":[{\"@type\":\"ContactPoint\",\"contactType\":\"Service client\",\"telephone\":\"0384254272\",\"email\":\"contact@csj-emballages.com\"}]}]}<\/script>\n<!-- \/ Yoast SEO Premium plugin. -->","yoast_head_json":{"title":"Toalhetes de M\u00e3o Interfolhados em Z, 2 Folhas, 20 x 24 cm, por 150","description":"Toalhetes de m\u00e3o interfolhados em Z, 2 folhas, 20,6 x 24 cm, por 150. Distribui\u00e7\u00e3o higi\u00e9nica, boa absor\u00e7\u00e3o e formato adaptado a instala\u00e7\u00f5es sanit\u00e1rias profissionais.","robots":{"index":"index","follow":"follow","max-snippet":"max-snippet:-1","max-image-preview":"max-image-preview:large","max-video-preview":"max-video-preview:-1"},"canonical":"https:\/\/www.csj-emballages.com\/pt-pt\/produit\/150-toalhas-de-mao-em-z-de-2-camadas-206-x-24-cm\/","og_locale":"pt_PT","og_type":"article","og_title":"Toalhetes de M\u00e3o Interfolhados em Z, 2 Folhas, 20 x 24 cm, por 150","og_description":"Toalhetes de m\u00e3o interfolhados em Z, 2 folhas, 20,6 x 24 cm, por 150. Distribui\u00e7\u00e3o higi\u00e9nica, boa absor\u00e7\u00e3o e formato adaptado a instala\u00e7\u00f5es sanit\u00e1rias profissionais.","og_url":"https:\/\/www.csj-emballages.com\/pt-pt\/produit\/150-toalhas-de-mao-em-z-de-2-camadas-206-x-24-cm\/","og_site_name":"CSJ Emballages","article_publisher":"https:\/\/www.facebook.com\/csjemballages","article_modified_time":"2026-04-20T14:01:08+00:00","og_image":[{"width":800,"height":800,"url":"https:\/\/www.csj-emballages.com\/wp-content\/uploads\/2024\/03\/Essuies-mains-plies-.webp","type":"image\/webp"}],"twitter_card":"summary_large_image","twitter_misc":{"Tempo estimado de leitura":"2 minutos"},"schema":{"@context":"https:\/\/schema.org","@graph":[{"@type":"WebPage","@id":"https:\/\/www.csj-emballages.com\/pt-pt\/produit\/150-toalhas-de-mao-em-z-de-2-camadas-206-x-24-cm\/","url":"https:\/\/www.csj-emballages.com\/pt-pt\/produit\/150-toalhas-de-mao-em-z-de-2-camadas-206-x-24-cm\/","name":"Toalhetes de M\u00e3o Interfolhados em Z, 2 Folhas, 20 x 24 cm, por 150","isPartOf":{"@id":"https:\/\/www.csj-emballages.com\/pt-pt\/#website"},"primaryImageOfPage":{"@id":"https:\/\/www.csj-emballages.com\/pt-pt\/produit\/150-toalhas-de-mao-em-z-de-2-camadas-206-x-24-cm\/#primaryimage"},"image":{"@id":"https:\/\/www.csj-emballages.com\/pt-pt\/produit\/150-toalhas-de-mao-em-z-de-2-camadas-206-x-24-cm\/#primaryimage"},"thumbnailUrl":"https:\/\/www.csj-emballages.com\/wp-content\/uploads\/2024\/03\/Essuies-mains-plies-.webp","datePublished":"2024-03-01T15:54:23+00:00","dateModified":"2026-04-20T14:01:08+00:00","description":"Toalhetes de m\u00e3o interfolhados em Z, 2 folhas, 20,6 x 24 cm, por 150. Distribui\u00e7\u00e3o higi\u00e9nica, boa absor\u00e7\u00e3o e formato adaptado a instala\u00e7\u00f5es sanit\u00e1rias profissionais.","breadcrumb":{"@id":"https:\/\/www.csj-emballages.com\/pt-pt\/produit\/150-toalhas-de-mao-em-z-de-2-camadas-206-x-24-cm\/#breadcrumb"},"inLanguage":"pt-PT","potentialAction":[{"@type":"ReadAction","target":["https:\/\/www.csj-emballages.com\/pt-pt\/produit\/150-toalhas-de-mao-em-z-de-2-camadas-206-x-24-cm\/"]}]},{"@type":"ImageObject","inLanguage":"pt-PT","@id":"https:\/\/www.csj-emballages.com\/pt-pt\/produit\/150-toalhas-de-mao-em-z-de-2-camadas-206-x-24-cm\/#primaryimage","url":"https:\/\/www.csj-emballages.com\/wp-content\/uploads\/2024\/03\/Essuies-mains-plies-.webp","contentUrl":"https:\/\/www.csj-emballages.com\/wp-content\/uploads\/2024\/03\/Essuies-mains-plies-.webp","width":800,"height":800,"caption":"Essuie-mains"},{"@type":"BreadcrumbList","@id":"https:\/\/www.csj-emballages.com\/pt-pt\/produit\/150-toalhas-de-mao-em-z-de-2-camadas-206-x-24-cm\/#breadcrumb","itemListElement":[{"@type":"ListItem","position":1,"name":"Acolhimento","item":"https:\/\/www.csj-emballages.com\/pt-pt\/universo-das-embalagens-alimentares\/"},{"@type":"ListItem","position":2,"name":"Shop","item":"https:\/\/www.csj-emballages.com\/shop\/"},{"@type":"ListItem","position":3,"name":"Toalhetes de M\u00e3o Interfolhados em Z, 2 Folhas, 20 x 24 cm, por 150"}]},{"@type":"WebSite","@id":"https:\/\/www.csj-emballages.com\/pt-pt\/#website","url":"https:\/\/www.csj-emballages.com\/pt-pt\/","name":"CSJ Emballages","description":"","publisher":{"@id":"https:\/\/www.csj-emballages.com\/pt-pt\/#organization"},"potentialAction":[{"@type":"SearchAction","target":{"@type":"EntryPoint","urlTemplate":"https:\/\/www.csj-emballages.com\/pt-pt\/?s={search_term_string}"},"query-input":{"@type":"PropertyValueSpecification","valueRequired":true,"valueName":"search_term_string"}}],"inLanguage":"pt-PT"},{"@type":"Organization","@id":"https:\/\/www.csj-emballages.com\/pt-pt\/#Organization\/","name":"CSJ Emballages","url":"https:\/\/www.csj-emballages.com\/pt-pt\/","logo":{"@type":"ImageObject","inLanguage":"pt-PT","@id":"https:\/\/www.csj-emballages.com\/pt-pt\/#\/schema\/logo\/image\/","url":"https:\/\/www.csj-emballages.com\/wp-content\/uploads\/2023\/10\/logo_csj.webp","contentUrl":"https:\/\/www.csj-emballages.com\/wp-content\/uploads\/2023\/10\/logo_csj.webp","width":250,"height":95,"caption":"CSJ Emballages"},"image":{"@id":"https:\/\/www.csj-emballages.com\/pt-pt\/#\/schema\/logo\/image\/"},"sameAs":["https:\/\/www.facebook.com\/csjemballages"],"address":{"@type":"PostalAddress","streetAddress":"ZI La Lechere","addressLocality":"Patornay","postalCode":"39130","addressCountry":"FR"},"contactPoint":[{"@type":"ContactPoint","contactType":"Service client","telephone":"0384254272","email":"contact@csj-emballages.com"}]}]}},"df_price":1.31,"df_sale_price":"","df_regular_price":1.31,"df_image_link":"https:\/\/www.csj-emballages.com\/wp-content\/uploads\/2024\/03\/Essuies-mains-plies--300x300.webp","tiered_pricing_type":"fixed","tiered_pricing_fixed_rules":[],"tiered_pricing_percentage_rules":[],"tiered_pricing_minimum":1,"tiered_pricing_roles_data":[],"_links":{"self":[{"href":"https:\/\/www.csj-emballages.com\/pt-pt\/wp-json\/wp\/v2\/product\/20935","targetHints":{"allow":["GET"]}}],"collection":[{"href":"https:\/\/www.csj-emballages.com\/pt-pt\/wp-json\/wp\/v2\/product"}],"about":[{"href":"https:\/\/www.csj-emballages.com\/pt-pt\/wp-json\/wp\/v2\/types\/product"}],"wp:featuredmedia":[{"embeddable":true,"href":"https:\/\/www.csj-emballages.com\/pt-pt\/wp-json\/wp\/v2\/media\/263072"}],"wp:attachment":[{"href":"https:\/\/www.csj-emballages.com\/pt-pt\/wp-json\/wp\/v2\/media?parent=20935"}],"wp:term":[{"taxonomy":"product_brand","embeddable":true,"href":"https:\/\/www.csj-emballages.com\/pt-pt\/wp-json\/wp\/v2\/product_brand?post=20935"},{"taxonomy":"product_cat","embeddable":true,"href":"https:\/\/www.csj-emballages.com\/pt-pt\/wp-json\/wp\/v2\/product_cat?post=20935"},{"taxonomy":"product_tag","embeddable":true,"href":"https:\/\/www.csj-emballages.com\/pt-pt\/wp-json\/wp\/v2\/product_tag?post=20935"}],"curies":[{"name":"wp","href":"https:\/\/api.w.org\/{rel}","templated":true}]}}