{"id":20928,"date":"2024-03-01T16:53:34","date_gmt":"2024-03-01T15:53:34","guid":{"rendered":"https:\/\/u15jnbdpoq.preview.infomaniak.website\/produit\/franja-de-microfibra-com-velcro-l-60cm\/"},"modified":"2026-03-31T02:14:26","modified_gmt":"2026-03-31T00:14:26","slug":"franja-de-microfibra-com-velcro-l-60cm","status":"publish","type":"product","link":"https:\/\/www.csj-emballages.com\/pt-pt\/produit\/franja-de-microfibra-com-velcro-l-60cm\/","title":{"rendered":"Franja de microfibra para vassoura de velcro 60 cm"},"content":{"rendered":"<h2>Franja em microfibra<\/h2>\n<hr>\n<h3>Descri\u00e7\u00e3o da nossa franja de microfibra para vassouras de velcro 60 cm<!--more--><\/h3>\n<div class=\"flex max-w-full flex-col flex-grow\">\n<div class=\"min-h-8 text-message flex w-full flex-col items-end gap-2 whitespace-normal break-words text-start [.text-message+&amp;]:mt-5\" dir=\"auto\" data-message-author-role=\"assistant\" data-message-id=\"266ca6f3-5e07-4948-bd20-80ac5e6da4a5\" data-message-model-slug=\"gpt-4o\">\n<div class=\"flex w-full flex-col gap-1 empty:hidden first:pt-[3px]\">\n<div class=\"markdown prose w-full break-words dark:prose-invert dark\">\n<p data-start=\"292\" data-end=\"694\">Quando se trata de limpeza, o que mais queremos \u00e9 que seja eficaz\u2026 e r\u00e1pido. Esta <strong data-start=\"377\" data-end=\"423\">mopa de microfibra para esfregona trapezoidal de 60 cm<\/strong> foi pensada precisamente para isso. Gra\u00e7as \u00e0 sua grande superf\u00edcie, cobre mais ch\u00e3o numa s\u00f3 passagem, o que permite poupar tempo sem fazer mais esfor\u00e7o. Ideal para <strong>grandes superf\u00edcies, corredores, escrit\u00f3rios ou espa\u00e7os profissionais<\/strong> muito movimentados.   <\/p>\n<p data-start=\"696\" data-end=\"1092\">A <strong>microfibra<\/strong> capta facilmente o <strong>p\u00f3, a sujidade fina e at\u00e9 as manchas mais persistentes<\/strong>. Ao contr\u00e1rio das mopas cl\u00e1ssicas, n\u00e3o se limita a deslocar a sujidade: agarra-a e ret\u00e9m-na. Resultado: o ch\u00e3o fica mais limpo, mais rapidamente e com menos passagens. Quer a utilize a seco para tirar o p\u00f3 ou ligeiramente h\u00famida para lavar, adapta-se sem problemas.   <\/p>\n<p data-start=\"1094\" data-end=\"1469\">O seu sistema de <strong data-start=\"1106\" data-end=\"1116\">velcro<\/strong> torna a coloca\u00e7\u00e3o muito simples. Fixa-a em poucos segundos numa esfregona trapezoidal compat\u00edvel e, quando chega a altura de a trocar ou lavar, retira-se com a mesma facilidade. As <strong>faixas de cor integradas<\/strong> tamb\u00e9m permitem organizar melhor a limpeza, nomeadamente para diferenciar as zonas e evitar contamina\u00e7\u00f5es cruzadas.  <\/p>\n<p data-start=\"1471\" data-end=\"1709\">S\u00f3lida e resistente, esta <strong>mopa<\/strong> suporta lavagens repetidas, mantendo o seu poder de absor\u00e7\u00e3o. \u00c9 perfeita para profissionais da limpeza, mas tamb\u00e9m para quem quer um material fi\u00e1vel para uso regular. <\/p>\n<p data-start=\"1711\" data-end=\"1862\">Em resumo, \u00e9 uma mopa pr\u00e1tica, dur\u00e1vel e realmente eficaz, pensada para simplificar a limpeza, garantindo um resultado limpo e impec\u00e1vel.<\/p>\n<h3><\/h3>\n<\/div>\n<\/div>\n<\/div>\n<\/div>\n<p><!--more--><\/p>\n<h4>Vantagens :<\/h4>\n<ul>\n<li data-start=\"1890\" data-end=\"1935\"><strong>Formato grande de 60 cm<\/strong> para uma limpeza r\u00e1pida.<\/li>\n<li data-start=\"1938\" data-end=\"1981\">Microfibra muito absorvente e eficiente.<\/li>\n<li data-start=\"1984\" data-end=\"2018\">Fixa\u00e7\u00e3o com <strong>velcro<\/strong> simples e r\u00e1pida.<\/li>\n<li data-start=\"2021\" data-end=\"2049\">Utiliz\u00e1vel a seco ou h\u00famido.<\/li>\n<li data-start=\"2052\" data-end=\"2084\">Resistente a lavagens repetidas.<\/li>\n<li data-start=\"2087\" data-end=\"2135\">Faixas de cor para uma melhor organiza\u00e7\u00e3o.<\/li>\n<\/ul>\n<p>&nbsp;<\/p>\n<p><!--more--><\/p>\n<h4>Outras informa\u00e7\u00f5es :<\/h4>\n<ul>\n<li><strong>Embalagem<\/strong>: Vendido individualmente<\/li>\n<li><strong>Comprimento<\/strong>: 60 cm<\/li>\n<li><b>Cor: <\/b>azul<\/li>\n<\/ul>\n<p>&nbsp;<\/p>\n<p><!--more--><\/p>\n<p><a href=\"https:\/\/www.csj-emballages.com\/pt-pt\/categorie-produit\/higiene-e-manutencao\/escovas-e-vassouras\/vassoura-escova-espanador-de-penas\/gama-de-velcro\/\">V\u00ea o resto da nossa gama de Velcro<\/a><\/p>\n","protected":false},"excerpt":{"rendered":"<p>Franja em microfibra Descri\u00e7\u00e3o da nossa franja de microfibra para vassouras de velcro 60 cm<\/p>\n","protected":false},"featured_media":221451,"template":"","meta":{"_acf_changed":false},"product_brand":[],"product_cat":[1222,1456,1821,1981],"product_tag":[],"class_list":{"0":"post-20928","1":"product","2":"type-product","3":"status-publish","4":"has-post-thumbnail","6":"product_cat-higiene-e-manutencao","7":"product_cat-escovas-e-vassouras","8":"product_cat-vassoura-escova-espanador-de-penas","9":"product_cat-gama-de-velcro","11":"first","12":"instock","13":"taxable","14":"shipping-taxable","15":"purchasable","16":"product-type-simple"},"acf":[],"yoast_head":"<!-- This site is optimized with the Yoast SEO Premium plugin v26.6 (Yoast SEO v26.6) - https:\/\/yoast.com\/wordpress\/plugins\/seo\/ -->\n<title>Franja de microfibra para vassoura Trapeze Velcro 60 cm<\/title>\n<meta name=\"description\" content=\"Franja de microfibra para vassoura de velcro 60 cm. Perfeito para uma limpeza eficaz do ch\u00e3o, reutiliz\u00e1vel e compat\u00edvel com diferentes superf\u00edcies.\" \/>\n<meta name=\"robots\" content=\"index, follow, max-snippet:-1, max-image-preview:large, max-video-preview:-1\" \/>\n<link rel=\"canonical\" href=\"https:\/\/www.csj-emballages.com\/pt-pt\/produit\/franja-de-microfibra-com-velcro-l-60cm\/\" \/>\n<meta property=\"og:locale\" content=\"pt_PT\" \/>\n<meta property=\"og:type\" content=\"article\" \/>\n<meta property=\"og:title\" content=\"Franja de microfibra para vassoura de velcro 60 cm\" \/>\n<meta property=\"og:description\" content=\"Franja de microfibra para vassoura de velcro 60 cm. Perfeito para uma limpeza eficaz do ch\u00e3o, reutiliz\u00e1vel e compat\u00edvel com diferentes superf\u00edcies.\" \/>\n<meta property=\"og:url\" content=\"https:\/\/www.csj-emballages.com\/pt-pt\/produit\/franja-de-microfibra-com-velcro-l-60cm\/\" \/>\n<meta property=\"og:site_name\" content=\"CSJ Emballages\" \/>\n<meta property=\"article:publisher\" content=\"https:\/\/www.facebook.com\/csjemballages\" \/>\n<meta property=\"article:modified_time\" content=\"2026-03-31T00:14:26+00:00\" \/>\n<meta property=\"og:image\" content=\"https:\/\/www.csj-emballages.com\/wp-content\/uploads\/2024\/03\/Franvelcro.webp\" \/>\n\t<meta property=\"og:image:width\" content=\"800\" \/>\n\t<meta property=\"og:image:height\" content=\"800\" \/>\n\t<meta property=\"og:image:type\" content=\"image\/webp\" \/>\n<meta name=\"twitter:card\" content=\"summary_large_image\" \/>\n<meta name=\"twitter:label1\" content=\"Tempo estimado de leitura\" \/>\n\t<meta name=\"twitter:data1\" content=\"2 minutos\" \/>\n<script type=\"application\/ld+json\" class=\"yoast-schema-graph\">{\"@context\":\"https:\/\/schema.org\",\"@graph\":[{\"@type\":\"WebPage\",\"@id\":\"https:\/\/www.csj-emballages.com\/pt-pt\/produit\/franja-de-microfibra-com-velcro-l-60cm\/\",\"url\":\"https:\/\/www.csj-emballages.com\/pt-pt\/produit\/franja-de-microfibra-com-velcro-l-60cm\/\",\"name\":\"Franja de microfibra para vassoura Trapeze Velcro 60 cm\",\"isPartOf\":{\"@id\":\"https:\/\/www.csj-emballages.com\/pt-pt\/#website\"},\"primaryImageOfPage\":{\"@id\":\"https:\/\/www.csj-emballages.com\/pt-pt\/produit\/franja-de-microfibra-com-velcro-l-60cm\/#primaryimage\"},\"image\":{\"@id\":\"https:\/\/www.csj-emballages.com\/pt-pt\/produit\/franja-de-microfibra-com-velcro-l-60cm\/#primaryimage\"},\"thumbnailUrl\":\"https:\/\/www.csj-emballages.com\/wp-content\/uploads\/2024\/03\/Franvelcro.webp\",\"datePublished\":\"2024-03-01T15:53:34+00:00\",\"dateModified\":\"2026-03-31T00:14:26+00:00\",\"description\":\"Franja de microfibra para vassoura de velcro 60 cm. Perfeito para uma limpeza eficaz do ch\u00e3o, reutiliz\u00e1vel e compat\u00edvel com diferentes superf\u00edcies.\",\"breadcrumb\":{\"@id\":\"https:\/\/www.csj-emballages.com\/pt-pt\/produit\/franja-de-microfibra-com-velcro-l-60cm\/#breadcrumb\"},\"inLanguage\":\"pt-PT\",\"potentialAction\":[{\"@type\":\"ReadAction\",\"target\":[\"https:\/\/www.csj-emballages.com\/pt-pt\/produit\/franja-de-microfibra-com-velcro-l-60cm\/\"]}]},{\"@type\":\"ImageObject\",\"inLanguage\":\"pt-PT\",\"@id\":\"https:\/\/www.csj-emballages.com\/pt-pt\/produit\/franja-de-microfibra-com-velcro-l-60cm\/#primaryimage\",\"url\":\"https:\/\/www.csj-emballages.com\/wp-content\/uploads\/2024\/03\/Franvelcro.webp\",\"contentUrl\":\"https:\/\/www.csj-emballages.com\/wp-content\/uploads\/2024\/03\/Franvelcro.webp\",\"width\":800,\"height\":800,\"caption\":\"Frange microfibre\"},{\"@type\":\"BreadcrumbList\",\"@id\":\"https:\/\/www.csj-emballages.com\/pt-pt\/produit\/franja-de-microfibra-com-velcro-l-60cm\/#breadcrumb\",\"itemListElement\":[{\"@type\":\"ListItem\",\"position\":1,\"name\":\"Acolhimento\",\"item\":\"https:\/\/www.csj-emballages.com\/pt-pt\/universo-das-embalagens-alimentares\/\"},{\"@type\":\"ListItem\",\"position\":2,\"name\":\"Shop\",\"item\":\"https:\/\/www.csj-emballages.com\/shop\/\"},{\"@type\":\"ListItem\",\"position\":3,\"name\":\"Franja de microfibra para vassoura de velcro 60 cm\"}]},{\"@type\":\"WebSite\",\"@id\":\"https:\/\/www.csj-emballages.com\/pt-pt\/#website\",\"url\":\"https:\/\/www.csj-emballages.com\/pt-pt\/\",\"name\":\"CSJ Emballages\",\"description\":\"\",\"publisher\":{\"@id\":\"https:\/\/www.csj-emballages.com\/pt-pt\/#organization\"},\"potentialAction\":[{\"@type\":\"SearchAction\",\"target\":{\"@type\":\"EntryPoint\",\"urlTemplate\":\"https:\/\/www.csj-emballages.com\/pt-pt\/?s={search_term_string}\"},\"query-input\":{\"@type\":\"PropertyValueSpecification\",\"valueRequired\":true,\"valueName\":\"search_term_string\"}}],\"inLanguage\":\"pt-PT\"},{\"@type\":\"Organization\",\"@id\":\"https:\/\/www.csj-emballages.com\/pt-pt\/#Organization\/\",\"name\":\"CSJ Emballages\",\"url\":\"https:\/\/www.csj-emballages.com\/pt-pt\/\",\"logo\":{\"@type\":\"ImageObject\",\"inLanguage\":\"pt-PT\",\"@id\":\"https:\/\/www.csj-emballages.com\/pt-pt\/#\/schema\/logo\/image\/\",\"url\":\"https:\/\/www.csj-emballages.com\/wp-content\/uploads\/2023\/10\/logo_csj.webp\",\"contentUrl\":\"https:\/\/www.csj-emballages.com\/wp-content\/uploads\/2023\/10\/logo_csj.webp\",\"width\":250,\"height\":95,\"caption\":\"CSJ Emballages\"},\"image\":{\"@id\":\"https:\/\/www.csj-emballages.com\/pt-pt\/#\/schema\/logo\/image\/\"},\"sameAs\":[\"https:\/\/www.facebook.com\/csjemballages\"],\"address\":{\"@type\":\"PostalAddress\",\"streetAddress\":\"ZI La Lechere\",\"addressLocality\":\"Patornay\",\"postalCode\":\"39130\",\"addressCountry\":\"FR\"},\"contactPoint\":[{\"@type\":\"ContactPoint\",\"contactType\":\"Service client\",\"telephone\":\"0384254272\",\"email\":\"contact@csj-emballages.com\"}]}]}<\/script>\n<!-- \/ Yoast SEO Premium plugin. -->","yoast_head_json":{"title":"Franja de microfibra para vassoura Trapeze Velcro 60 cm","description":"Franja de microfibra para vassoura de velcro 60 cm. Perfeito para uma limpeza eficaz do ch\u00e3o, reutiliz\u00e1vel e compat\u00edvel com diferentes superf\u00edcies.","robots":{"index":"index","follow":"follow","max-snippet":"max-snippet:-1","max-image-preview":"max-image-preview:large","max-video-preview":"max-video-preview:-1"},"canonical":"https:\/\/www.csj-emballages.com\/pt-pt\/produit\/franja-de-microfibra-com-velcro-l-60cm\/","og_locale":"pt_PT","og_type":"article","og_title":"Franja de microfibra para vassoura de velcro 60 cm","og_description":"Franja de microfibra para vassoura de velcro 60 cm. Perfeito para uma limpeza eficaz do ch\u00e3o, reutiliz\u00e1vel e compat\u00edvel com diferentes superf\u00edcies.","og_url":"https:\/\/www.csj-emballages.com\/pt-pt\/produit\/franja-de-microfibra-com-velcro-l-60cm\/","og_site_name":"CSJ Emballages","article_publisher":"https:\/\/www.facebook.com\/csjemballages","article_modified_time":"2026-03-31T00:14:26+00:00","og_image":[{"width":800,"height":800,"url":"https:\/\/www.csj-emballages.com\/wp-content\/uploads\/2024\/03\/Franvelcro.webp","type":"image\/webp"}],"twitter_card":"summary_large_image","twitter_misc":{"Tempo estimado de leitura":"2 minutos"},"schema":{"@context":"https:\/\/schema.org","@graph":[{"@type":"WebPage","@id":"https:\/\/www.csj-emballages.com\/pt-pt\/produit\/franja-de-microfibra-com-velcro-l-60cm\/","url":"https:\/\/www.csj-emballages.com\/pt-pt\/produit\/franja-de-microfibra-com-velcro-l-60cm\/","name":"Franja de microfibra para vassoura Trapeze Velcro 60 cm","isPartOf":{"@id":"https:\/\/www.csj-emballages.com\/pt-pt\/#website"},"primaryImageOfPage":{"@id":"https:\/\/www.csj-emballages.com\/pt-pt\/produit\/franja-de-microfibra-com-velcro-l-60cm\/#primaryimage"},"image":{"@id":"https:\/\/www.csj-emballages.com\/pt-pt\/produit\/franja-de-microfibra-com-velcro-l-60cm\/#primaryimage"},"thumbnailUrl":"https:\/\/www.csj-emballages.com\/wp-content\/uploads\/2024\/03\/Franvelcro.webp","datePublished":"2024-03-01T15:53:34+00:00","dateModified":"2026-03-31T00:14:26+00:00","description":"Franja de microfibra para vassoura de velcro 60 cm. Perfeito para uma limpeza eficaz do ch\u00e3o, reutiliz\u00e1vel e compat\u00edvel com diferentes superf\u00edcies.","breadcrumb":{"@id":"https:\/\/www.csj-emballages.com\/pt-pt\/produit\/franja-de-microfibra-com-velcro-l-60cm\/#breadcrumb"},"inLanguage":"pt-PT","potentialAction":[{"@type":"ReadAction","target":["https:\/\/www.csj-emballages.com\/pt-pt\/produit\/franja-de-microfibra-com-velcro-l-60cm\/"]}]},{"@type":"ImageObject","inLanguage":"pt-PT","@id":"https:\/\/www.csj-emballages.com\/pt-pt\/produit\/franja-de-microfibra-com-velcro-l-60cm\/#primaryimage","url":"https:\/\/www.csj-emballages.com\/wp-content\/uploads\/2024\/03\/Franvelcro.webp","contentUrl":"https:\/\/www.csj-emballages.com\/wp-content\/uploads\/2024\/03\/Franvelcro.webp","width":800,"height":800,"caption":"Frange microfibre"},{"@type":"BreadcrumbList","@id":"https:\/\/www.csj-emballages.com\/pt-pt\/produit\/franja-de-microfibra-com-velcro-l-60cm\/#breadcrumb","itemListElement":[{"@type":"ListItem","position":1,"name":"Acolhimento","item":"https:\/\/www.csj-emballages.com\/pt-pt\/universo-das-embalagens-alimentares\/"},{"@type":"ListItem","position":2,"name":"Shop","item":"https:\/\/www.csj-emballages.com\/shop\/"},{"@type":"ListItem","position":3,"name":"Franja de microfibra para vassoura de velcro 60 cm"}]},{"@type":"WebSite","@id":"https:\/\/www.csj-emballages.com\/pt-pt\/#website","url":"https:\/\/www.csj-emballages.com\/pt-pt\/","name":"CSJ Emballages","description":"","publisher":{"@id":"https:\/\/www.csj-emballages.com\/pt-pt\/#organization"},"potentialAction":[{"@type":"SearchAction","target":{"@type":"EntryPoint","urlTemplate":"https:\/\/www.csj-emballages.com\/pt-pt\/?s={search_term_string}"},"query-input":{"@type":"PropertyValueSpecification","valueRequired":true,"valueName":"search_term_string"}}],"inLanguage":"pt-PT"},{"@type":"Organization","@id":"https:\/\/www.csj-emballages.com\/pt-pt\/#Organization\/","name":"CSJ Emballages","url":"https:\/\/www.csj-emballages.com\/pt-pt\/","logo":{"@type":"ImageObject","inLanguage":"pt-PT","@id":"https:\/\/www.csj-emballages.com\/pt-pt\/#\/schema\/logo\/image\/","url":"https:\/\/www.csj-emballages.com\/wp-content\/uploads\/2023\/10\/logo_csj.webp","contentUrl":"https:\/\/www.csj-emballages.com\/wp-content\/uploads\/2023\/10\/logo_csj.webp","width":250,"height":95,"caption":"CSJ Emballages"},"image":{"@id":"https:\/\/www.csj-emballages.com\/pt-pt\/#\/schema\/logo\/image\/"},"sameAs":["https:\/\/www.facebook.com\/csjemballages"],"address":{"@type":"PostalAddress","streetAddress":"ZI La Lechere","addressLocality":"Patornay","postalCode":"39130","addressCountry":"FR"},"contactPoint":[{"@type":"ContactPoint","contactType":"Service client","telephone":"0384254272","email":"contact@csj-emballages.com"}]}]}},"df_price":3.07,"df_sale_price":"","df_regular_price":3.07,"df_image_link":"https:\/\/www.csj-emballages.com\/wp-content\/uploads\/2024\/03\/Franvelcro-300x300.webp","tiered_pricing_type":"fixed","tiered_pricing_fixed_rules":[],"tiered_pricing_percentage_rules":[],"tiered_pricing_minimum":1,"tiered_pricing_roles_data":[],"_links":{"self":[{"href":"https:\/\/www.csj-emballages.com\/pt-pt\/wp-json\/wp\/v2\/product\/20928","targetHints":{"allow":["GET"]}}],"collection":[{"href":"https:\/\/www.csj-emballages.com\/pt-pt\/wp-json\/wp\/v2\/product"}],"about":[{"href":"https:\/\/www.csj-emballages.com\/pt-pt\/wp-json\/wp\/v2\/types\/product"}],"wp:featuredmedia":[{"embeddable":true,"href":"https:\/\/www.csj-emballages.com\/pt-pt\/wp-json\/wp\/v2\/media\/221451"}],"wp:attachment":[{"href":"https:\/\/www.csj-emballages.com\/pt-pt\/wp-json\/wp\/v2\/media?parent=20928"}],"wp:term":[{"taxonomy":"product_brand","embeddable":true,"href":"https:\/\/www.csj-emballages.com\/pt-pt\/wp-json\/wp\/v2\/product_brand?post=20928"},{"taxonomy":"product_cat","embeddable":true,"href":"https:\/\/www.csj-emballages.com\/pt-pt\/wp-json\/wp\/v2\/product_cat?post=20928"},{"taxonomy":"product_tag","embeddable":true,"href":"https:\/\/www.csj-emballages.com\/pt-pt\/wp-json\/wp\/v2\/product_tag?post=20928"}],"curies":[{"name":"wp","href":"https:\/\/api.w.org\/{rel}","templated":true}]}}