{"id":20898,"date":"2024-03-01T16:53:35","date_gmt":"2024-03-01T15:53:35","guid":{"rendered":"https:\/\/u15jnbdpoq.preview.infomaniak.website\/produit\/rolo-de-pelicula-extensivel-de-qualidade-alimentar-em-caixa-dispensadora-com-fecho-de-correr-300-x-045-m\/"},"modified":"2026-05-15T11:01:04","modified_gmt":"2026-05-15T09:01:04","slug":"rolo-de-pelicula-extensivel-de-qualidade-alimentar-em-caixa-dispensadora-com-fecho-de-correr-300-x-045-m","status":"publish","type":"product","link":"https:\/\/www.csj-emballages.com\/pt-pt\/produit\/rolo-de-pelicula-extensivel-de-qualidade-alimentar-em-caixa-dispensadora-com-fecho-de-correr-300-x-045-m\/","title":{"rendered":"Rolo de pel\u00edcula extens\u00edvel de qualidade alimentar em caixa dispensadora com fecho de correr 300 x 0,45 m"},"content":{"rendered":"<h2 class=\"p1\">Rolo de pel\u00edcula extens\u00edvel<\/h2>\n<hr>\n<h3>Descri\u00e7\u00e3o do nosso rolo de pel\u00edcula extens\u00edvel de qualidade alimentar em caixas dispensadoras de fecho de correr 300 x 0,45 m<\/h3>\n<p><!--more--><\/p>\n<p data-start=\"84\" data-end=\"533\">Este <strong>rolo de pel\u00edcula extens\u00edvel segura para alimentos<\/strong> \u00e9 indispens\u00e1vel para todos os profissionais de restaura\u00e7\u00e3o, padeiros e pasteleiros, bem como para particulares que pretendam conservar os seus alimentos de forma eficiente. Gra\u00e7as \u00e0 sua <strong>caixa dispensadora com fecho de correr integrado<\/strong>, a pel\u00edcula pode ser cortada com rapidez e precis\u00e3o, evitando desperd\u00edcios e facilitando a sua utiliza\u00e7\u00e3o di\u00e1ria. <\/p>\n<p data-start=\"535\" data-end=\"882\">Com um comprimento de <strong>300 metros<\/strong> e uma <strong>largura de 45 cm<\/strong>, esta <strong>pel\u00edcula aderente<\/strong> foi concebida para embalar hermeticamente os seus alimentos, garantindo a sua frescura e prote\u00e7\u00e3o contra o ar e a humidade. \u00c9 ideal para cobrir pratos, armazenar ingredientes frescos ou proteger prepara\u00e7\u00f5es culin\u00e1rias.<\/p>\n<p data-start=\"884\" data-end=\"1152\">A sua elevada elasticidade e resist\u00eancia permitem-lhe aderir bem aos recipientes sem se rasgar facilmente. Este <strong>rolo de pel\u00edcula aderente<\/strong> \u00e9 compat\u00edvel com a utiliza\u00e7\u00e3o no frigor\u00edfico e adequado para contacto alimentar, garantindo uma conserva\u00e7\u00e3o ideal dos seus produtos.<\/p>\n<p><!--more--><\/p>\n<h4>As suas vantagens:<\/h4>\n<ul>\n<li data-start=\"1125\" data-end=\"1221\"><strong data-start=\"1188\" data-end=\"1228\">Caixa dispensadora com fecho de correr integrado<\/strong>: corte r\u00e1pido e f\u00e1cil para uma utiliza\u00e7\u00e3o pr\u00e1tica.<\/li>\n<li data-start=\"1125\" data-end=\"1221\"><strong data-start=\"1282\" data-end=\"1312\" data-is-only-node=\"\">Longa dura\u00e7\u00e3o<\/strong>: 300 metros de pel\u00edcula para uma utiliza\u00e7\u00e3o prolongada.<\/li>\n<li data-start=\"1125\" data-end=\"1221\"><strong data-start=\"1362\" data-end=\"1384\">Aperta perfeitamente<\/strong>: Garante um fecho herm\u00e9tico para preservar a frescura.<\/li>\n<li data-start=\"1125\" data-end=\"1221\"><strong data-start=\"1452\" data-end=\"1466\">Vers\u00e1til<\/strong>: Adequado para pratos, tigelas, ingredientes e prepara\u00e7\u00e3o de alimentos.<\/li>\n<li data-start=\"1125\" data-end=\"1221\"><strong data-start=\"1539\" data-end=\"1562\">Resistente e flex\u00edvel<\/strong>: este rolo de pel\u00edcula extens\u00edvel n\u00e3o se rasga facilmente e adapta-se perfeitamente \u00e0 forma dos contentores.<\/li>\n<li data-start=\"1125\" data-end=\"1221\"><strong data-start=\"1648\" data-end=\"1662\">Higi\u00e9nico<\/strong>: Protege os alimentos de contaminantes externos.<\/li>\n<\/ul>\n<p>&nbsp;<\/p>\n<p><!--more--><\/p>\n<h4>Outras informa\u00e7\u00f5es :<\/h4>\n<ul>\n<li><strong>Embalagem<\/strong>: Por unidade<\/li>\n<li><strong>Dimens\u00f5es<\/strong>: 300 x 0,45 m<\/li>\n<\/ul>\n<p>&nbsp;<\/p>\n<p><!--more--><\/p>\n<p>Este produto tamb\u00e9m est\u00e1 dispon\u00edvel numa caixa de 30 cm: <span style=\"color: #d12727;\"><a style=\"color: #d12727;\" href=\"https:\/\/www.csj-emballages.com\/es\/produit\/rollo-de-film-estirable-alimentario-en-caja-dispensadora-con-cremallera-300-x-030-m\/\">FL30ZIP<\/a><\/span><\/p>\n<p>&nbsp;<\/p>\n<p><!--more--><\/p>\n<p><a href=\"https:\/\/www.csj-emballages.com\/pt-pt\/categorie-produit\/embalagem-de-alimentos\/talho-e-charcutaria\/filmes-sobre-alimentacao\/pelicula-extensivel-para-alimentos-em-caixas-de-corte-de-pelicula-zip\/\">V\u00ea o resto da nossa gama de filmes sobre alimentos<\/a><\/p>\n","protected":false},"excerpt":{"rendered":"<p>Rolo de pel\u00edcula extens\u00edvel Descri\u00e7\u00e3o do nosso rolo de pel\u00edcula extens\u00edvel de qualidade alimentar em caixas dispensadoras de fecho de correr 300 x 0,45 m<\/p>\n","protected":false},"featured_media":273517,"template":"","meta":{"_acf_changed":false},"product_brand":[],"product_cat":[1141,1176,2027,2663],"product_tag":[],"class_list":{"0":"post-20898","1":"product","2":"type-product","3":"status-publish","4":"has-post-thumbnail","6":"product_cat-embalagem-de-alimentos","7":"product_cat-talho-e-charcutaria","8":"product_cat-filmes-sobre-alimentacao","9":"product_cat-pelicula-extensivel-para-alimentos-em-caixas-de-corte-de-pelicula-zip","11":"first","12":"instock","13":"taxable","14":"shipping-taxable","15":"purchasable","16":"product-type-simple"},"acf":[],"yoast_head":"<!-- This site is optimized with the Yoast SEO Premium plugin v26.6 (Yoast SEO v26.6) - https:\/\/yoast.com\/wordpress\/plugins\/seo\/ -->\n<title>Rolo de pel\u00edcula extens\u00edvel para alimentos em caixas dispensadoras Zip<\/title>\n<meta name=\"description\" content=\"Descobre o nosso rolo de pel\u00edcula extens\u00edvel alimentar de 300 x 0,45 m numa caixa dispensadora com fecho de correr! Ideal para restaurantes, catering e particulares.\" \/>\n<meta name=\"robots\" content=\"index, follow, max-snippet:-1, max-image-preview:large, max-video-preview:-1\" \/>\n<link rel=\"canonical\" href=\"https:\/\/www.csj-emballages.com\/pt-pt\/produit\/rolo-de-pelicula-extensivel-de-qualidade-alimentar-em-caixa-dispensadora-com-fecho-de-correr-300-x-045-m\/\" \/>\n<meta property=\"og:locale\" content=\"pt_PT\" \/>\n<meta property=\"og:type\" content=\"article\" \/>\n<meta property=\"og:title\" content=\"Rolo de pel\u00edcula extens\u00edvel de qualidade alimentar em caixa dispensadora com fecho de correr 300 x 0,45 m\" \/>\n<meta property=\"og:description\" content=\"Descobre o nosso rolo de pel\u00edcula extens\u00edvel alimentar de 300 x 0,45 m numa caixa dispensadora com fecho de correr! Ideal para restaurantes, catering e particulares.\" \/>\n<meta property=\"og:url\" content=\"https:\/\/www.csj-emballages.com\/pt-pt\/produit\/rolo-de-pelicula-extensivel-de-qualidade-alimentar-em-caixa-dispensadora-com-fecho-de-correr-300-x-045-m\/\" \/>\n<meta property=\"og:site_name\" content=\"CSJ Emballages\" \/>\n<meta property=\"article:publisher\" content=\"https:\/\/www.facebook.com\/csjemballages\" \/>\n<meta property=\"article:modified_time\" content=\"2026-05-15T09:01:04+00:00\" \/>\n<meta property=\"og:image\" content=\"https:\/\/www.csj-emballages.com\/wp-content\/uploads\/2024\/03\/FL45ZIP.webp\" \/>\n\t<meta property=\"og:image:width\" content=\"800\" \/>\n\t<meta property=\"og:image:height\" content=\"800\" \/>\n\t<meta property=\"og:image:type\" content=\"image\/webp\" \/>\n<meta name=\"twitter:card\" content=\"summary_large_image\" \/>\n<meta name=\"twitter:label1\" content=\"Tempo estimado de leitura\" \/>\n\t<meta name=\"twitter:data1\" content=\"2 minutos\" \/>\n<script type=\"application\/ld+json\" class=\"yoast-schema-graph\">{\"@context\":\"https:\/\/schema.org\",\"@graph\":[{\"@type\":\"WebPage\",\"@id\":\"https:\/\/www.csj-emballages.com\/pt-pt\/produit\/rolo-de-pelicula-extensivel-de-qualidade-alimentar-em-caixa-dispensadora-com-fecho-de-correr-300-x-045-m\/\",\"url\":\"https:\/\/www.csj-emballages.com\/pt-pt\/produit\/rolo-de-pelicula-extensivel-de-qualidade-alimentar-em-caixa-dispensadora-com-fecho-de-correr-300-x-045-m\/\",\"name\":\"Rolo de pel\u00edcula extens\u00edvel para alimentos em caixas dispensadoras Zip\",\"isPartOf\":{\"@id\":\"https:\/\/www.csj-emballages.com\/pt-pt\/#website\"},\"primaryImageOfPage\":{\"@id\":\"https:\/\/www.csj-emballages.com\/pt-pt\/produit\/rolo-de-pelicula-extensivel-de-qualidade-alimentar-em-caixa-dispensadora-com-fecho-de-correr-300-x-045-m\/#primaryimage\"},\"image\":{\"@id\":\"https:\/\/www.csj-emballages.com\/pt-pt\/produit\/rolo-de-pelicula-extensivel-de-qualidade-alimentar-em-caixa-dispensadora-com-fecho-de-correr-300-x-045-m\/#primaryimage\"},\"thumbnailUrl\":\"https:\/\/www.csj-emballages.com\/wp-content\/uploads\/2024\/03\/FL45ZIP.webp\",\"datePublished\":\"2024-03-01T15:53:35+00:00\",\"dateModified\":\"2026-05-15T09:01:04+00:00\",\"description\":\"Descobre o nosso rolo de pel\u00edcula extens\u00edvel alimentar de 300 x 0,45 m numa caixa dispensadora com fecho de correr! Ideal para restaurantes, catering e particulares.\",\"breadcrumb\":{\"@id\":\"https:\/\/www.csj-emballages.com\/pt-pt\/produit\/rolo-de-pelicula-extensivel-de-qualidade-alimentar-em-caixa-dispensadora-com-fecho-de-correr-300-x-045-m\/#breadcrumb\"},\"inLanguage\":\"pt-PT\",\"potentialAction\":[{\"@type\":\"ReadAction\",\"target\":[\"https:\/\/www.csj-emballages.com\/pt-pt\/produit\/rolo-de-pelicula-extensivel-de-qualidade-alimentar-em-caixa-dispensadora-com-fecho-de-correr-300-x-045-m\/\"]}]},{\"@type\":\"ImageObject\",\"inLanguage\":\"pt-PT\",\"@id\":\"https:\/\/www.csj-emballages.com\/pt-pt\/produit\/rolo-de-pelicula-extensivel-de-qualidade-alimentar-em-caixa-dispensadora-com-fecho-de-correr-300-x-045-m\/#primaryimage\",\"url\":\"https:\/\/www.csj-emballages.com\/wp-content\/uploads\/2024\/03\/FL45ZIP.webp\",\"contentUrl\":\"https:\/\/www.csj-emballages.com\/wp-content\/uploads\/2024\/03\/FL45ZIP.webp\",\"width\":800,\"height\":800,\"caption\":\"Rouleau film \u00e9tirable\"},{\"@type\":\"BreadcrumbList\",\"@id\":\"https:\/\/www.csj-emballages.com\/pt-pt\/produit\/rolo-de-pelicula-extensivel-de-qualidade-alimentar-em-caixa-dispensadora-com-fecho-de-correr-300-x-045-m\/#breadcrumb\",\"itemListElement\":[{\"@type\":\"ListItem\",\"position\":1,\"name\":\"Acolhimento\",\"item\":\"https:\/\/www.csj-emballages.com\/pt-pt\/universo-das-embalagens-alimentares\/\"},{\"@type\":\"ListItem\",\"position\":2,\"name\":\"Shop\",\"item\":\"https:\/\/www.csj-emballages.com\/shop\/\"},{\"@type\":\"ListItem\",\"position\":3,\"name\":\"Rolo de pel\u00edcula extens\u00edvel de qualidade alimentar em caixa dispensadora com fecho de correr 300 x 0,45 m\"}]},{\"@type\":\"WebSite\",\"@id\":\"https:\/\/www.csj-emballages.com\/pt-pt\/#website\",\"url\":\"https:\/\/www.csj-emballages.com\/pt-pt\/\",\"name\":\"CSJ Emballages\",\"description\":\"\",\"publisher\":{\"@id\":\"https:\/\/www.csj-emballages.com\/pt-pt\/#organization\"},\"potentialAction\":[{\"@type\":\"SearchAction\",\"target\":{\"@type\":\"EntryPoint\",\"urlTemplate\":\"https:\/\/www.csj-emballages.com\/pt-pt\/?s={search_term_string}\"},\"query-input\":{\"@type\":\"PropertyValueSpecification\",\"valueRequired\":true,\"valueName\":\"search_term_string\"}}],\"inLanguage\":\"pt-PT\"},{\"@type\":\"Organization\",\"@id\":\"https:\/\/www.csj-emballages.com\/pt-pt\/#Organization\/\",\"name\":\"CSJ Emballages\",\"url\":\"https:\/\/www.csj-emballages.com\/pt-pt\/\",\"logo\":{\"@type\":\"ImageObject\",\"inLanguage\":\"pt-PT\",\"@id\":\"https:\/\/www.csj-emballages.com\/pt-pt\/#\/schema\/logo\/image\/\",\"url\":\"https:\/\/www.csj-emballages.com\/wp-content\/uploads\/2023\/10\/logo_csj.webp\",\"contentUrl\":\"https:\/\/www.csj-emballages.com\/wp-content\/uploads\/2023\/10\/logo_csj.webp\",\"width\":250,\"height\":95,\"caption\":\"CSJ Emballages\"},\"image\":{\"@id\":\"https:\/\/www.csj-emballages.com\/pt-pt\/#\/schema\/logo\/image\/\"},\"sameAs\":[\"https:\/\/www.facebook.com\/csjemballages\"],\"address\":{\"@type\":\"PostalAddress\",\"streetAddress\":\"ZI La Lechere\",\"addressLocality\":\"Patornay\",\"postalCode\":\"39130\",\"addressCountry\":\"FR\"},\"contactPoint\":[{\"@type\":\"ContactPoint\",\"contactType\":\"Service client\",\"telephone\":\"0384254272\",\"email\":\"contact@csj-emballages.com\"}]}]}<\/script>\n<!-- \/ Yoast SEO Premium plugin. -->","yoast_head_json":{"title":"Rolo de pel\u00edcula extens\u00edvel para alimentos em caixas dispensadoras Zip","description":"Descobre o nosso rolo de pel\u00edcula extens\u00edvel alimentar de 300 x 0,45 m numa caixa dispensadora com fecho de correr! Ideal para restaurantes, catering e particulares.","robots":{"index":"index","follow":"follow","max-snippet":"max-snippet:-1","max-image-preview":"max-image-preview:large","max-video-preview":"max-video-preview:-1"},"canonical":"https:\/\/www.csj-emballages.com\/pt-pt\/produit\/rolo-de-pelicula-extensivel-de-qualidade-alimentar-em-caixa-dispensadora-com-fecho-de-correr-300-x-045-m\/","og_locale":"pt_PT","og_type":"article","og_title":"Rolo de pel\u00edcula extens\u00edvel de qualidade alimentar em caixa dispensadora com fecho de correr 300 x 0,45 m","og_description":"Descobre o nosso rolo de pel\u00edcula extens\u00edvel alimentar de 300 x 0,45 m numa caixa dispensadora com fecho de correr! Ideal para restaurantes, catering e particulares.","og_url":"https:\/\/www.csj-emballages.com\/pt-pt\/produit\/rolo-de-pelicula-extensivel-de-qualidade-alimentar-em-caixa-dispensadora-com-fecho-de-correr-300-x-045-m\/","og_site_name":"CSJ Emballages","article_publisher":"https:\/\/www.facebook.com\/csjemballages","article_modified_time":"2026-05-15T09:01:04+00:00","og_image":[{"width":800,"height":800,"url":"https:\/\/www.csj-emballages.com\/wp-content\/uploads\/2024\/03\/FL45ZIP.webp","type":"image\/webp"}],"twitter_card":"summary_large_image","twitter_misc":{"Tempo estimado de leitura":"2 minutos"},"schema":{"@context":"https:\/\/schema.org","@graph":[{"@type":"WebPage","@id":"https:\/\/www.csj-emballages.com\/pt-pt\/produit\/rolo-de-pelicula-extensivel-de-qualidade-alimentar-em-caixa-dispensadora-com-fecho-de-correr-300-x-045-m\/","url":"https:\/\/www.csj-emballages.com\/pt-pt\/produit\/rolo-de-pelicula-extensivel-de-qualidade-alimentar-em-caixa-dispensadora-com-fecho-de-correr-300-x-045-m\/","name":"Rolo de pel\u00edcula extens\u00edvel para alimentos em caixas dispensadoras Zip","isPartOf":{"@id":"https:\/\/www.csj-emballages.com\/pt-pt\/#website"},"primaryImageOfPage":{"@id":"https:\/\/www.csj-emballages.com\/pt-pt\/produit\/rolo-de-pelicula-extensivel-de-qualidade-alimentar-em-caixa-dispensadora-com-fecho-de-correr-300-x-045-m\/#primaryimage"},"image":{"@id":"https:\/\/www.csj-emballages.com\/pt-pt\/produit\/rolo-de-pelicula-extensivel-de-qualidade-alimentar-em-caixa-dispensadora-com-fecho-de-correr-300-x-045-m\/#primaryimage"},"thumbnailUrl":"https:\/\/www.csj-emballages.com\/wp-content\/uploads\/2024\/03\/FL45ZIP.webp","datePublished":"2024-03-01T15:53:35+00:00","dateModified":"2026-05-15T09:01:04+00:00","description":"Descobre o nosso rolo de pel\u00edcula extens\u00edvel alimentar de 300 x 0,45 m numa caixa dispensadora com fecho de correr! Ideal para restaurantes, catering e particulares.","breadcrumb":{"@id":"https:\/\/www.csj-emballages.com\/pt-pt\/produit\/rolo-de-pelicula-extensivel-de-qualidade-alimentar-em-caixa-dispensadora-com-fecho-de-correr-300-x-045-m\/#breadcrumb"},"inLanguage":"pt-PT","potentialAction":[{"@type":"ReadAction","target":["https:\/\/www.csj-emballages.com\/pt-pt\/produit\/rolo-de-pelicula-extensivel-de-qualidade-alimentar-em-caixa-dispensadora-com-fecho-de-correr-300-x-045-m\/"]}]},{"@type":"ImageObject","inLanguage":"pt-PT","@id":"https:\/\/www.csj-emballages.com\/pt-pt\/produit\/rolo-de-pelicula-extensivel-de-qualidade-alimentar-em-caixa-dispensadora-com-fecho-de-correr-300-x-045-m\/#primaryimage","url":"https:\/\/www.csj-emballages.com\/wp-content\/uploads\/2024\/03\/FL45ZIP.webp","contentUrl":"https:\/\/www.csj-emballages.com\/wp-content\/uploads\/2024\/03\/FL45ZIP.webp","width":800,"height":800,"caption":"Rouleau film \u00e9tirable"},{"@type":"BreadcrumbList","@id":"https:\/\/www.csj-emballages.com\/pt-pt\/produit\/rolo-de-pelicula-extensivel-de-qualidade-alimentar-em-caixa-dispensadora-com-fecho-de-correr-300-x-045-m\/#breadcrumb","itemListElement":[{"@type":"ListItem","position":1,"name":"Acolhimento","item":"https:\/\/www.csj-emballages.com\/pt-pt\/universo-das-embalagens-alimentares\/"},{"@type":"ListItem","position":2,"name":"Shop","item":"https:\/\/www.csj-emballages.com\/shop\/"},{"@type":"ListItem","position":3,"name":"Rolo de pel\u00edcula extens\u00edvel de qualidade alimentar em caixa dispensadora com fecho de correr 300 x 0,45 m"}]},{"@type":"WebSite","@id":"https:\/\/www.csj-emballages.com\/pt-pt\/#website","url":"https:\/\/www.csj-emballages.com\/pt-pt\/","name":"CSJ Emballages","description":"","publisher":{"@id":"https:\/\/www.csj-emballages.com\/pt-pt\/#organization"},"potentialAction":[{"@type":"SearchAction","target":{"@type":"EntryPoint","urlTemplate":"https:\/\/www.csj-emballages.com\/pt-pt\/?s={search_term_string}"},"query-input":{"@type":"PropertyValueSpecification","valueRequired":true,"valueName":"search_term_string"}}],"inLanguage":"pt-PT"},{"@type":"Organization","@id":"https:\/\/www.csj-emballages.com\/pt-pt\/#Organization\/","name":"CSJ Emballages","url":"https:\/\/www.csj-emballages.com\/pt-pt\/","logo":{"@type":"ImageObject","inLanguage":"pt-PT","@id":"https:\/\/www.csj-emballages.com\/pt-pt\/#\/schema\/logo\/image\/","url":"https:\/\/www.csj-emballages.com\/wp-content\/uploads\/2023\/10\/logo_csj.webp","contentUrl":"https:\/\/www.csj-emballages.com\/wp-content\/uploads\/2023\/10\/logo_csj.webp","width":250,"height":95,"caption":"CSJ Emballages"},"image":{"@id":"https:\/\/www.csj-emballages.com\/pt-pt\/#\/schema\/logo\/image\/"},"sameAs":["https:\/\/www.facebook.com\/csjemballages"],"address":{"@type":"PostalAddress","streetAddress":"ZI La Lechere","addressLocality":"Patornay","postalCode":"39130","addressCountry":"FR"},"contactPoint":[{"@type":"ContactPoint","contactType":"Service client","telephone":"0384254272","email":"contact@csj-emballages.com"}]}]}},"df_price":8.95,"df_sale_price":"","df_regular_price":8.95,"df_image_link":"https:\/\/www.csj-emballages.com\/wp-content\/uploads\/2024\/03\/FL45ZIP-300x300.webp","tiered_pricing_type":"fixed","tiered_pricing_fixed_rules":[],"tiered_pricing_percentage_rules":[],"tiered_pricing_minimum":1,"tiered_pricing_roles_data":[],"_links":{"self":[{"href":"https:\/\/www.csj-emballages.com\/pt-pt\/wp-json\/wp\/v2\/product\/20898","targetHints":{"allow":["GET"]}}],"collection":[{"href":"https:\/\/www.csj-emballages.com\/pt-pt\/wp-json\/wp\/v2\/product"}],"about":[{"href":"https:\/\/www.csj-emballages.com\/pt-pt\/wp-json\/wp\/v2\/types\/product"}],"wp:featuredmedia":[{"embeddable":true,"href":"https:\/\/www.csj-emballages.com\/pt-pt\/wp-json\/wp\/v2\/media\/273517"}],"wp:attachment":[{"href":"https:\/\/www.csj-emballages.com\/pt-pt\/wp-json\/wp\/v2\/media?parent=20898"}],"wp:term":[{"taxonomy":"product_brand","embeddable":true,"href":"https:\/\/www.csj-emballages.com\/pt-pt\/wp-json\/wp\/v2\/product_brand?post=20898"},{"taxonomy":"product_cat","embeddable":true,"href":"https:\/\/www.csj-emballages.com\/pt-pt\/wp-json\/wp\/v2\/product_cat?post=20898"},{"taxonomy":"product_tag","embeddable":true,"href":"https:\/\/www.csj-emballages.com\/pt-pt\/wp-json\/wp\/v2\/product_tag?post=20898"}],"curies":[{"name":"wp","href":"https:\/\/api.w.org\/{rel}","templated":true}]}}