{"id":20886,"date":"2024-03-01T16:53:34","date_gmt":"2024-03-01T15:53:34","guid":{"rendered":"https:\/\/u15jnbdpoq.preview.infomaniak.website\/produit\/10-tacas-de-champanhe-de-plastico-descartaveis-de-135-cl\/"},"modified":"2026-04-03T02:16:23","modified_gmt":"2026-04-03T00:16:23","slug":"10-tacas-de-champanhe-de-plastico-descartaveis-de-135-cl","status":"publish","type":"product","link":"https:\/\/www.csj-emballages.com\/pt-pt\/produit\/10-tacas-de-champanhe-de-plastico-descartaveis-de-135-cl\/","title":{"rendered":"10 ta\u00e7as de champanhe de pl\u00e1stico descart\u00e1veis de 13,5 cl"},"content":{"rendered":"<h2><span>Ta\u00e7as de champanhe de pl\u00e1stico descart\u00e1veis de 135 ml<\/span><\/h2>\n<p><span>&nbsp;<\/span><\/p>\n<p><span>Descri\u00e7\u00e3o :<\/span><\/p>\n<p><span>&nbsp;<\/span><\/p>\n<p><span>Descobre as ta\u00e7as de cristal de pl\u00e1stico descart\u00e1veis de 13,5 cl<\/span><\/p>\n<p><span>&nbsp;<\/span><\/p>\n<p><span>As ta\u00e7as de champanhe de cristal de pl\u00e1stico descart\u00e1veis s\u00e3o utilizadas principalmente para refei\u00e7\u00f5es, casamentos, anivers\u00e1rios e outras ocasi\u00f5es festivas&#8230;<\/span><\/p>\n<p><span>Estes copos descart\u00e1veis festivos s\u00e3o ideais para servir champanhe.<\/span><\/p>\n<p><span>Este vidro tem uma s\u00e9rie de vantagens: n\u00e3o se parte, a sua forma alongada d\u00e1-lhe um aspeto muito atraente e esta flauta \u00e9 monobloco, pelo que n\u00e3o h\u00e1 risco de o p\u00e9 do vidro se soltar.<\/span><\/p>\n<p><span>Tamb\u00e9m dispon\u00edvel em 10cl<\/span><\/p>\n<p><span>&nbsp;<\/span><\/p>\n<p><span>Caracter\u00edsticas das ta\u00e7as de champanhe<\/span><\/p>\n<p><span>&nbsp;<\/span><\/p>\n<p><span>-Vendido a particulares \/ profissionais<\/span><\/p>\n<p><span>-Volume: 13,5 cl<\/span><\/p>\n<p><span>-Dimens\u00f5es: 50 x 178 (\u00d8 x H em mm)<\/span><\/p>\n<p><span>Embalagem : Saco de 10 flautas<\/span><\/p>\n<p><span>Embalado num saco para f\u00e1cil prote\u00e7\u00e3o e armazenamento.<\/span><\/p>\n<p><span>&nbsp;<\/span><\/p>\n<p><span>Material: Poliestireno<\/span><\/p>\n<p><span>&nbsp;<\/span><\/p>\n<h2><span>Opta por flutes de cristal de pl\u00e1stico descart\u00e1veis e festivos<\/span><\/h2>\n","protected":false},"excerpt":{"rendered":"<p>Ta\u00e7as de champanhe de pl\u00e1stico descart\u00e1veis de 135 ml &nbsp; Descri\u00e7\u00e3o : &nbsp; Descobre as ta\u00e7as de cristal de pl\u00e1stico descart\u00e1veis de 13,5 cl &nbsp; As ta\u00e7as de champanhe de cristal de pl\u00e1stico descart\u00e1veis s\u00e3o utilizadas principalmente para refei\u00e7\u00f5es, casamentos, anivers\u00e1rios e outras ocasi\u00f5es festivas&#8230; Estes copos descart\u00e1veis festivos s\u00e3o ideais para servir champanhe. Este [&hellip;]<\/p>\n","protected":false},"featured_media":197814,"template":"","meta":{"_acf_changed":false},"product_brand":[],"product_cat":[1141,1471,1472],"product_tag":[],"class_list":{"0":"post-20886","1":"product","2":"type-product","3":"status-publish","4":"has-post-thumbnail","6":"product_cat-embalagem-de-alimentos","7":"product_cat-chavenas-copos-baldes-garrafas","8":"product_cat-copos-e-chavenas-inquebraveis-e-reutilizaveis","10":"first","11":"instock","12":"taxable","13":"shipping-taxable","14":"purchasable","15":"product-type-simple"},"acf":[],"yoast_head":"<!-- This site is optimized with the Yoast SEO Premium plugin v26.6 (Yoast SEO v26.6) - https:\/\/yoast.com\/wordpress\/plugins\/seo\/ -->\n<title>10 ta\u00e7as de champanhe de pl\u00e1stico descart\u00e1veis de 13,5 cl \/ csj-emballages.com<\/title>\n<meta name=\"description\" content=\"Compra uma saqueta de copos de champanhe \/ flutes 135 ml! Oferecemos-te um saco de 10 flautas fortes e de qualidade a um pre\u00e7o de DESCONTO.\" \/>\n<meta name=\"robots\" content=\"index, follow, max-snippet:-1, max-image-preview:large, max-video-preview:-1\" \/>\n<link rel=\"canonical\" href=\"https:\/\/www.csj-emballages.com\/pt-pt\/produit\/10-tacas-de-champanhe-de-plastico-descartaveis-de-135-cl\/\" \/>\n<meta property=\"og:locale\" content=\"pt_PT\" \/>\n<meta property=\"og:type\" content=\"article\" \/>\n<meta property=\"og:title\" content=\"10 ta\u00e7as de champanhe de pl\u00e1stico descart\u00e1veis de 13,5 cl\" \/>\n<meta property=\"og:description\" content=\"Compra uma saqueta de copos de champanhe \/ flutes 135 ml! Oferecemos-te um saco de 10 flautas fortes e de qualidade a um pre\u00e7o de DESCONTO.\" \/>\n<meta property=\"og:url\" content=\"https:\/\/www.csj-emballages.com\/pt-pt\/produit\/10-tacas-de-champanhe-de-plastico-descartaveis-de-135-cl\/\" \/>\n<meta property=\"og:site_name\" content=\"CSJ Emballages\" \/>\n<meta property=\"article:publisher\" content=\"https:\/\/www.facebook.com\/csjemballages\" \/>\n<meta property=\"article:modified_time\" content=\"2026-04-03T00:16:23+00:00\" \/>\n<meta property=\"og:image\" content=\"https:\/\/www.csj-emballages.com\/wp-content\/uploads\/2024\/03\/Flute-champagne-13ccl.webp\" \/>\n\t<meta property=\"og:image:width\" content=\"800\" \/>\n\t<meta property=\"og:image:height\" content=\"800\" \/>\n\t<meta property=\"og:image:type\" content=\"image\/webp\" \/>\n<meta name=\"twitter:card\" content=\"summary_large_image\" \/>\n<meta name=\"twitter:label1\" content=\"Tempo estimado de leitura\" \/>\n\t<meta name=\"twitter:data1\" content=\"1 minuto\" \/>\n<script type=\"application\/ld+json\" class=\"yoast-schema-graph\">{\"@context\":\"https:\/\/schema.org\",\"@graph\":[{\"@type\":\"WebPage\",\"@id\":\"https:\/\/www.csj-emballages.com\/pt-pt\/produit\/10-tacas-de-champanhe-de-plastico-descartaveis-de-135-cl\/\",\"url\":\"https:\/\/www.csj-emballages.com\/pt-pt\/produit\/10-tacas-de-champanhe-de-plastico-descartaveis-de-135-cl\/\",\"name\":\"10 ta\u00e7as de champanhe de pl\u00e1stico descart\u00e1veis de 13,5 cl \/ csj-emballages.com\",\"isPartOf\":{\"@id\":\"https:\/\/www.csj-emballages.com\/pt-pt\/#website\"},\"primaryImageOfPage\":{\"@id\":\"https:\/\/www.csj-emballages.com\/pt-pt\/produit\/10-tacas-de-champanhe-de-plastico-descartaveis-de-135-cl\/#primaryimage\"},\"image\":{\"@id\":\"https:\/\/www.csj-emballages.com\/pt-pt\/produit\/10-tacas-de-champanhe-de-plastico-descartaveis-de-135-cl\/#primaryimage\"},\"thumbnailUrl\":\"https:\/\/www.csj-emballages.com\/wp-content\/uploads\/2024\/03\/Flute-champagne-13ccl.webp\",\"datePublished\":\"2024-03-01T15:53:34+00:00\",\"dateModified\":\"2026-04-03T00:16:23+00:00\",\"description\":\"Compra uma saqueta de copos de champanhe \/ flutes 135 ml! Oferecemos-te um saco de 10 flautas fortes e de qualidade a um pre\u00e7o de DESCONTO.\",\"breadcrumb\":{\"@id\":\"https:\/\/www.csj-emballages.com\/pt-pt\/produit\/10-tacas-de-champanhe-de-plastico-descartaveis-de-135-cl\/#breadcrumb\"},\"inLanguage\":\"pt-PT\",\"potentialAction\":[{\"@type\":\"ReadAction\",\"target\":[\"https:\/\/www.csj-emballages.com\/pt-pt\/produit\/10-tacas-de-champanhe-de-plastico-descartaveis-de-135-cl\/\"]}]},{\"@type\":\"ImageObject\",\"inLanguage\":\"pt-PT\",\"@id\":\"https:\/\/www.csj-emballages.com\/pt-pt\/produit\/10-tacas-de-champanhe-de-plastico-descartaveis-de-135-cl\/#primaryimage\",\"url\":\"https:\/\/www.csj-emballages.com\/wp-content\/uploads\/2024\/03\/Flute-champagne-13ccl.webp\",\"contentUrl\":\"https:\/\/www.csj-emballages.com\/wp-content\/uploads\/2024\/03\/Flute-champagne-13ccl.webp\",\"width\":800,\"height\":800,\"caption\":\"Fl\u00fbte champagne\"},{\"@type\":\"BreadcrumbList\",\"@id\":\"https:\/\/www.csj-emballages.com\/pt-pt\/produit\/10-tacas-de-champanhe-de-plastico-descartaveis-de-135-cl\/#breadcrumb\",\"itemListElement\":[{\"@type\":\"ListItem\",\"position\":1,\"name\":\"Acolhimento\",\"item\":\"https:\/\/www.csj-emballages.com\/pt-pt\/universo-das-embalagens-alimentares\/\"},{\"@type\":\"ListItem\",\"position\":2,\"name\":\"Shop\",\"item\":\"https:\/\/www.csj-emballages.com\/shop\/\"},{\"@type\":\"ListItem\",\"position\":3,\"name\":\"10 ta\u00e7as de champanhe de pl\u00e1stico descart\u00e1veis de 13,5 cl\"}]},{\"@type\":\"WebSite\",\"@id\":\"https:\/\/www.csj-emballages.com\/pt-pt\/#website\",\"url\":\"https:\/\/www.csj-emballages.com\/pt-pt\/\",\"name\":\"CSJ Emballages\",\"description\":\"\",\"publisher\":{\"@id\":\"https:\/\/www.csj-emballages.com\/pt-pt\/#organization\"},\"potentialAction\":[{\"@type\":\"SearchAction\",\"target\":{\"@type\":\"EntryPoint\",\"urlTemplate\":\"https:\/\/www.csj-emballages.com\/pt-pt\/?s={search_term_string}\"},\"query-input\":{\"@type\":\"PropertyValueSpecification\",\"valueRequired\":true,\"valueName\":\"search_term_string\"}}],\"inLanguage\":\"pt-PT\"},{\"@type\":\"Organization\",\"@id\":\"https:\/\/www.csj-emballages.com\/pt-pt\/#Organization\/\",\"name\":\"CSJ Emballages\",\"url\":\"https:\/\/www.csj-emballages.com\/pt-pt\/\",\"logo\":{\"@type\":\"ImageObject\",\"inLanguage\":\"pt-PT\",\"@id\":\"https:\/\/www.csj-emballages.com\/pt-pt\/#\/schema\/logo\/image\/\",\"url\":\"https:\/\/www.csj-emballages.com\/wp-content\/uploads\/2023\/10\/logo_csj.webp\",\"contentUrl\":\"https:\/\/www.csj-emballages.com\/wp-content\/uploads\/2023\/10\/logo_csj.webp\",\"width\":250,\"height\":95,\"caption\":\"CSJ Emballages\"},\"image\":{\"@id\":\"https:\/\/www.csj-emballages.com\/pt-pt\/#\/schema\/logo\/image\/\"},\"sameAs\":[\"https:\/\/www.facebook.com\/csjemballages\"],\"address\":{\"@type\":\"PostalAddress\",\"streetAddress\":\"ZI La Lechere\",\"addressLocality\":\"Patornay\",\"postalCode\":\"39130\",\"addressCountry\":\"FR\"},\"contactPoint\":[{\"@type\":\"ContactPoint\",\"contactType\":\"Service client\",\"telephone\":\"0384254272\",\"email\":\"contact@csj-emballages.com\"}]}]}<\/script>\n<!-- \/ Yoast SEO Premium plugin. -->","yoast_head_json":{"title":"10 ta\u00e7as de champanhe de pl\u00e1stico descart\u00e1veis de 13,5 cl \/ csj-emballages.com","description":"Compra uma saqueta de copos de champanhe \/ flutes 135 ml! Oferecemos-te um saco de 10 flautas fortes e de qualidade a um pre\u00e7o de DESCONTO.","robots":{"index":"index","follow":"follow","max-snippet":"max-snippet:-1","max-image-preview":"max-image-preview:large","max-video-preview":"max-video-preview:-1"},"canonical":"https:\/\/www.csj-emballages.com\/pt-pt\/produit\/10-tacas-de-champanhe-de-plastico-descartaveis-de-135-cl\/","og_locale":"pt_PT","og_type":"article","og_title":"10 ta\u00e7as de champanhe de pl\u00e1stico descart\u00e1veis de 13,5 cl","og_description":"Compra uma saqueta de copos de champanhe \/ flutes 135 ml! Oferecemos-te um saco de 10 flautas fortes e de qualidade a um pre\u00e7o de DESCONTO.","og_url":"https:\/\/www.csj-emballages.com\/pt-pt\/produit\/10-tacas-de-champanhe-de-plastico-descartaveis-de-135-cl\/","og_site_name":"CSJ Emballages","article_publisher":"https:\/\/www.facebook.com\/csjemballages","article_modified_time":"2026-04-03T00:16:23+00:00","og_image":[{"width":800,"height":800,"url":"https:\/\/www.csj-emballages.com\/wp-content\/uploads\/2024\/03\/Flute-champagne-13ccl.webp","type":"image\/webp"}],"twitter_card":"summary_large_image","twitter_misc":{"Tempo estimado de leitura":"1 minuto"},"schema":{"@context":"https:\/\/schema.org","@graph":[{"@type":"WebPage","@id":"https:\/\/www.csj-emballages.com\/pt-pt\/produit\/10-tacas-de-champanhe-de-plastico-descartaveis-de-135-cl\/","url":"https:\/\/www.csj-emballages.com\/pt-pt\/produit\/10-tacas-de-champanhe-de-plastico-descartaveis-de-135-cl\/","name":"10 ta\u00e7as de champanhe de pl\u00e1stico descart\u00e1veis de 13,5 cl \/ csj-emballages.com","isPartOf":{"@id":"https:\/\/www.csj-emballages.com\/pt-pt\/#website"},"primaryImageOfPage":{"@id":"https:\/\/www.csj-emballages.com\/pt-pt\/produit\/10-tacas-de-champanhe-de-plastico-descartaveis-de-135-cl\/#primaryimage"},"image":{"@id":"https:\/\/www.csj-emballages.com\/pt-pt\/produit\/10-tacas-de-champanhe-de-plastico-descartaveis-de-135-cl\/#primaryimage"},"thumbnailUrl":"https:\/\/www.csj-emballages.com\/wp-content\/uploads\/2024\/03\/Flute-champagne-13ccl.webp","datePublished":"2024-03-01T15:53:34+00:00","dateModified":"2026-04-03T00:16:23+00:00","description":"Compra uma saqueta de copos de champanhe \/ flutes 135 ml! Oferecemos-te um saco de 10 flautas fortes e de qualidade a um pre\u00e7o de DESCONTO.","breadcrumb":{"@id":"https:\/\/www.csj-emballages.com\/pt-pt\/produit\/10-tacas-de-champanhe-de-plastico-descartaveis-de-135-cl\/#breadcrumb"},"inLanguage":"pt-PT","potentialAction":[{"@type":"ReadAction","target":["https:\/\/www.csj-emballages.com\/pt-pt\/produit\/10-tacas-de-champanhe-de-plastico-descartaveis-de-135-cl\/"]}]},{"@type":"ImageObject","inLanguage":"pt-PT","@id":"https:\/\/www.csj-emballages.com\/pt-pt\/produit\/10-tacas-de-champanhe-de-plastico-descartaveis-de-135-cl\/#primaryimage","url":"https:\/\/www.csj-emballages.com\/wp-content\/uploads\/2024\/03\/Flute-champagne-13ccl.webp","contentUrl":"https:\/\/www.csj-emballages.com\/wp-content\/uploads\/2024\/03\/Flute-champagne-13ccl.webp","width":800,"height":800,"caption":"Fl\u00fbte champagne"},{"@type":"BreadcrumbList","@id":"https:\/\/www.csj-emballages.com\/pt-pt\/produit\/10-tacas-de-champanhe-de-plastico-descartaveis-de-135-cl\/#breadcrumb","itemListElement":[{"@type":"ListItem","position":1,"name":"Acolhimento","item":"https:\/\/www.csj-emballages.com\/pt-pt\/universo-das-embalagens-alimentares\/"},{"@type":"ListItem","position":2,"name":"Shop","item":"https:\/\/www.csj-emballages.com\/shop\/"},{"@type":"ListItem","position":3,"name":"10 ta\u00e7as de champanhe de pl\u00e1stico descart\u00e1veis de 13,5 cl"}]},{"@type":"WebSite","@id":"https:\/\/www.csj-emballages.com\/pt-pt\/#website","url":"https:\/\/www.csj-emballages.com\/pt-pt\/","name":"CSJ Emballages","description":"","publisher":{"@id":"https:\/\/www.csj-emballages.com\/pt-pt\/#organization"},"potentialAction":[{"@type":"SearchAction","target":{"@type":"EntryPoint","urlTemplate":"https:\/\/www.csj-emballages.com\/pt-pt\/?s={search_term_string}"},"query-input":{"@type":"PropertyValueSpecification","valueRequired":true,"valueName":"search_term_string"}}],"inLanguage":"pt-PT"},{"@type":"Organization","@id":"https:\/\/www.csj-emballages.com\/pt-pt\/#Organization\/","name":"CSJ Emballages","url":"https:\/\/www.csj-emballages.com\/pt-pt\/","logo":{"@type":"ImageObject","inLanguage":"pt-PT","@id":"https:\/\/www.csj-emballages.com\/pt-pt\/#\/schema\/logo\/image\/","url":"https:\/\/www.csj-emballages.com\/wp-content\/uploads\/2023\/10\/logo_csj.webp","contentUrl":"https:\/\/www.csj-emballages.com\/wp-content\/uploads\/2023\/10\/logo_csj.webp","width":250,"height":95,"caption":"CSJ Emballages"},"image":{"@id":"https:\/\/www.csj-emballages.com\/pt-pt\/#\/schema\/logo\/image\/"},"sameAs":["https:\/\/www.facebook.com\/csjemballages"],"address":{"@type":"PostalAddress","streetAddress":"ZI La Lechere","addressLocality":"Patornay","postalCode":"39130","addressCountry":"FR"},"contactPoint":[{"@type":"ContactPoint","contactType":"Service client","telephone":"0384254272","email":"contact@csj-emballages.com"}]}]}},"df_price":2.65,"df_sale_price":"","df_regular_price":2.65,"df_image_link":"https:\/\/www.csj-emballages.com\/wp-content\/uploads\/2024\/03\/Flute-champagne-13ccl-300x300.webp","tiered_pricing_type":"fixed","tiered_pricing_fixed_rules":[],"tiered_pricing_percentage_rules":[],"tiered_pricing_minimum":1,"tiered_pricing_roles_data":[],"_links":{"self":[{"href":"https:\/\/www.csj-emballages.com\/pt-pt\/wp-json\/wp\/v2\/product\/20886","targetHints":{"allow":["GET"]}}],"collection":[{"href":"https:\/\/www.csj-emballages.com\/pt-pt\/wp-json\/wp\/v2\/product"}],"about":[{"href":"https:\/\/www.csj-emballages.com\/pt-pt\/wp-json\/wp\/v2\/types\/product"}],"wp:featuredmedia":[{"embeddable":true,"href":"https:\/\/www.csj-emballages.com\/pt-pt\/wp-json\/wp\/v2\/media\/197814"}],"wp:attachment":[{"href":"https:\/\/www.csj-emballages.com\/pt-pt\/wp-json\/wp\/v2\/media?parent=20886"}],"wp:term":[{"taxonomy":"product_brand","embeddable":true,"href":"https:\/\/www.csj-emballages.com\/pt-pt\/wp-json\/wp\/v2\/product_brand?post=20886"},{"taxonomy":"product_cat","embeddable":true,"href":"https:\/\/www.csj-emballages.com\/pt-pt\/wp-json\/wp\/v2\/product_cat?post=20886"},{"taxonomy":"product_tag","embeddable":true,"href":"https:\/\/www.csj-emballages.com\/pt-pt\/wp-json\/wp\/v2\/product_tag?post=20886"}],"curies":[{"name":"wp","href":"https:\/\/api.w.org\/{rel}","templated":true}]}}