{"id":20870,"date":"2024-03-01T16:53:35","date_gmt":"2024-03-01T15:53:35","guid":{"rendered":"https:\/\/u15jnbdpoq.preview.infomaniak.website\/produit\/filme-estiravel-manual-para-paletes-preto-045-x-270-m\/"},"modified":"2026-04-03T02:16:22","modified_gmt":"2026-04-03T00:16:22","slug":"filme-estiravel-manual-para-paletes-preto-045-x-270-m","status":"publish","type":"product","link":"https:\/\/www.csj-emballages.com\/pt-pt\/produit\/filme-estiravel-manual-para-paletes-preto-045-x-270-m\/","title":{"rendered":"Filme de palete preto extens\u00edvel manual 0,45 x 270 m"},"content":{"rendered":"<h2>Pel\u00edcula para paletes<\/h2>\n<hr>\n<h3>Descubra o nosso filme de palete preto extens\u00edvel manual 0,45 x 270 m<\/h3>\n<p><!--more--><\/p>\n<div class=\"flex flex-col text-sm pb-25\">\n<article class=\"text-token-text-primary w-full focus:outline-none [--shadow-height:45px] has-data-writing-block:pointer-events-none has-data-writing-block:-mt-(--shadow-height) has-data-writing-block:pt-(--shadow-height) [&amp;:has([data-writing-block])&gt;*]:pointer-events-auto scroll-mt-[calc(var(--header-height)+min(200px,max(70px,20svh)))]\" dir=\"auto\" tabindex=\"-1\" data-turn-id=\"request-69820365-5fc4-8392-ad36-ecf1a77244da-11\" data-testid=\"conversation-turn-8\" data-scroll-anchor=\"true\" data-turn=\"assistant\">\n<div class=\"text-base my-auto mx-auto pb-10 [--thread-content-margin:--spacing(4)] @w-sm\/main:[--thread-content-margin:--spacing(6)] @w-lg\/main:[--thread-content-margin:--spacing(16)] px-(--thread-content-margin)\">\n<div class=\"[--thread-content-max-width:40rem] @w-lg\/main:[--thread-content-max-width:48rem] mx-auto max-w-(--thread-content-max-width) flex-1 group\/turn-messages focus-visible:outline-hidden relative flex w-full min-w-0 flex-col agent-turn\" tabindex=\"-1\">\n<div class=\"flex max-w-full flex-col grow\">\n<div class=\"min-h-8 text-message relative flex w-full flex-col items-end gap-2 text-start break-words whitespace-normal [.text-message+&amp;]:mt-1\" dir=\"auto\" data-message-author-role=\"assistant\" data-message-id=\"93028eee-3cf6-4784-8493-abca58045561\" data-message-model-slug=\"gpt-5-2\">\n<div class=\"flex w-full flex-col gap-1 empty:hidden first:pt-[1px]\">\n<div class=\"streaming-animation markdown prose dark:prose-invert w-full wrap-break-word dark markdown-new-styling\">\n<p data-start=\"228\" data-end=\"596\">O <strong>filme de palete preto extens\u00edvel manual 0,45 x 270 m<\/strong> \u00e9 uma solu\u00e7\u00e3o de embalagem indispens\u00e1vel para a <strong>seguran\u00e7a, prote\u00e7\u00e3o e fixa\u00e7\u00e3o de cargas em paletes<\/strong>. Concebido para uso <strong>manual<\/strong>, permite filmar paletes de forma r\u00e1pida e eficaz durante o armazenamento, transporte ou expedi\u00e7\u00e3o, garantindo uma excelente estabilidade das mercadorias. <\/p>\n<p data-start=\"598\" data-end=\"956\">Fabricado a partir de um <strong>filme pl\u00e1stico extens\u00edvel<\/strong> de alta qualidade, este <strong>filme<\/strong> oferece uma excelente elasticidade, garantindo um aperto ideal das cargas sem risco de rasgar. A sua capacidade de <strong>extens\u00e3o<\/strong> permite que se adapte perfeitamente \u00e0s formas dos produtos filmados, garantindo assim uma fixa\u00e7\u00e3o homog\u00e9nea e duradoura, mesmo para cargas irregulares ou inst\u00e1veis. <\/p>\n<p data-start=\"958\" data-end=\"1293\">A <strong>cor preta do filme<\/strong> \u00e9 uma mais-valia em termos de confidencialidade. Mascara o conte\u00fado das paletes, limitando o risco de roubo e protegendo as mercadorias de olhares indiscretos. Tamb\u00e9m permite uma identifica\u00e7\u00e3o visual r\u00e1pida das paletes, facilitando a organiza\u00e7\u00e3o no armaz\u00e9m ou durante o transporte.  <\/p>\n<p data-start=\"1295\" data-end=\"1657\">Da mesma forma, com uma <strong>largura de 0,45 m e um comprimento de 270 metros<\/strong>, este filme de palete garante uma excelente autonomia de utiliza\u00e7\u00e3o, reduzindo as mudan\u00e7as frequentes de rolos e otimizando a produtividade. \u00c9 perfeitamente adequado para ambientes profissionais, como armaz\u00e9ns log\u00edsticos, plataformas de distribui\u00e7\u00e3o, com\u00e9rcios ou ind\u00fastrias. <\/p>\n<p data-start=\"1659\" data-end=\"1979\">F\u00e1cil de manusear, o <strong>filme extens\u00edvel manual<\/strong> garante um desenrolamento fluido e um conforto de utiliza\u00e7\u00e3o no dia a dia. Vers\u00e1til, resistente e econ\u00f3mico, o <strong>filme de palete preto extens\u00edvel manual 0,45 x 270 m<\/strong> satisfaz as exig\u00eancias dos profissionais que procuram uma solu\u00e7\u00e3o fi\u00e1vel para a seguran\u00e7a das suas paletes. <\/p>\n<h3 data-start=\"1986\" data-end=\"2001\" data-is-last-node=\"\" data-is-only-node=\"\"><\/h3>\n<\/div>\n<\/div>\n<\/div>\n<\/div>\n<\/div>\n<\/div>\n<\/article>\n<\/div>\n<p data-start=\"1468\" data-end=\"1819\"><!--more--><\/p>\n<h4 data-start=\"1468\" data-end=\"1819\">Vantagens :<\/h4>\n<ul>\n<li>Fixa\u00e7\u00e3o ideal e homog\u00e9nea das cargas.<\/li>\n<li><strong>Filme extens\u00edvel<\/strong> resistente com excelente elasticidade.<\/li>\n<li>Cor <strong>preta<\/strong> para <strong>confidencialidade e antifurto<\/strong>.<\/li>\n<li>Adequado para <strong>filmar paletes manualmente<\/strong>.<\/li>\n<li>Boa autonomia gra\u00e7as ao seu comprimento de <strong>270 m<\/strong>.<\/li>\n<li>Utiliza\u00e7\u00e3o simples e eficaz em ambiente profissional.<\/li>\n<\/ul>\n<p>&nbsp;<\/p>\n<p><!--more--><\/p>\n<h4>Outras informa\u00e7\u00f5es :<\/h4>\n<ul>\n<li><strong>Embalagem<\/strong>: Por unidade<\/li>\n<li><strong>Altura<\/strong>: 0,45 cm<\/li>\n<li><strong>Comprimento<\/strong>: 270 m<\/li>\n<li><strong>Espessura<\/strong>: 17\u00b5<\/li>\n<li><strong>Cor<\/strong>: preto<\/li>\n<li><strong>Material<\/strong>: PEBD (Polietileno de baixa densidade)<\/li>\n<\/ul>\n<p>&nbsp;<\/p>\n<p><!--more--><\/p>\n<p>Este filme de palete preto manual tamb\u00e9m est\u00e1 dispon\u00edvel em transparente: <span style=\"color: #d12727;\"><a style=\"color: #d12727;\" href=\"https:\/\/www.csj-emballages.com\/produit\/film-etirable-palette-manuelle-transparent-0-45-x-270-m\/\">FLPAL45270<\/a><\/span><\/p>\n<p>&nbsp;<\/p>\n<p><!--more--><\/p>\n<p><a href=\"https:\/\/www.csj-emballages.com\/pt-pt\/categorie-produit\/embalagens-industriais\/pelicula-para-paletes\/\">Consulte o resto da nossa gama de filmes para paletes<\/a><\/p>\n","protected":false},"excerpt":{"rendered":"<p>Pel\u00edcula para paletes Descubra o nosso filme de palete preto extens\u00edvel manual 0,45 x 270 m<\/p>\n","protected":false},"featured_media":263420,"template":"","meta":{"_acf_changed":false},"product_brand":[],"product_cat":[1141,8638,1208,2670],"product_tag":[],"class_list":{"0":"post-20870","1":"product","2":"type-product","3":"status-publish","4":"has-post-thumbnail","6":"product_cat-embalagem-de-alimentos","7":"product_cat-bons-planos","8":"product_cat-embalagens-industriais","9":"product_cat-pelicula-para-paletes","11":"first","12":"instock","13":"sale","14":"taxable","15":"shipping-taxable","16":"purchasable","17":"product-type-simple"},"acf":[],"yoast_head":"<!-- This site is optimized with the Yoast SEO Premium plugin v26.6 (Yoast SEO v26.6) - https:\/\/yoast.com\/wordpress\/plugins\/seo\/ -->\n<title>Filme de Palete Preto Extens\u00edvel Manual 0,45 x 270 m<\/title>\n<meta name=\"description\" content=\"Filme de palete preto extens\u00edvel manual 0,45 x 270 m. Ideal para proteger e filmar paletes durante o armazenamento e transporte.\" \/>\n<meta name=\"robots\" content=\"index, follow, max-snippet:-1, max-image-preview:large, max-video-preview:-1\" \/>\n<link rel=\"canonical\" href=\"https:\/\/www.csj-emballages.com\/pt-pt\/produit\/filme-estiravel-manual-para-paletes-preto-045-x-270-m\/\" \/>\n<meta property=\"og:locale\" content=\"pt_PT\" \/>\n<meta property=\"og:type\" content=\"article\" \/>\n<meta property=\"og:title\" content=\"Filme de palete preto extens\u00edvel manual 0,45 x 270 m\" \/>\n<meta property=\"og:description\" content=\"Filme de palete preto extens\u00edvel manual 0,45 x 270 m. Ideal para proteger e filmar paletes durante o armazenamento e transporte.\" \/>\n<meta property=\"og:url\" content=\"https:\/\/www.csj-emballages.com\/pt-pt\/produit\/filme-estiravel-manual-para-paletes-preto-045-x-270-m\/\" \/>\n<meta property=\"og:site_name\" content=\"CSJ Emballages\" \/>\n<meta property=\"article:publisher\" content=\"https:\/\/www.facebook.com\/csjemballages\" \/>\n<meta property=\"article:modified_time\" content=\"2026-04-03T00:16:22+00:00\" \/>\n<meta property=\"og:image\" content=\"https:\/\/www.csj-emballages.com\/wp-content\/uploads\/2024\/03\/FLPAL45270NOIR-.webp\" \/>\n\t<meta property=\"og:image:width\" content=\"800\" \/>\n\t<meta property=\"og:image:height\" content=\"800\" \/>\n\t<meta property=\"og:image:type\" content=\"image\/webp\" \/>\n<meta name=\"twitter:card\" content=\"summary_large_image\" \/>\n<meta name=\"twitter:label1\" content=\"Tempo estimado de leitura\" \/>\n\t<meta name=\"twitter:data1\" content=\"2 minutos\" \/>\n<script type=\"application\/ld+json\" class=\"yoast-schema-graph\">{\"@context\":\"https:\/\/schema.org\",\"@graph\":[{\"@type\":\"WebPage\",\"@id\":\"https:\/\/www.csj-emballages.com\/pt-pt\/produit\/filme-estiravel-manual-para-paletes-preto-045-x-270-m\/\",\"url\":\"https:\/\/www.csj-emballages.com\/pt-pt\/produit\/filme-estiravel-manual-para-paletes-preto-045-x-270-m\/\",\"name\":\"Filme de Palete Preto Extens\u00edvel Manual 0,45 x 270 m\",\"isPartOf\":{\"@id\":\"https:\/\/www.csj-emballages.com\/pt-pt\/#website\"},\"primaryImageOfPage\":{\"@id\":\"https:\/\/www.csj-emballages.com\/pt-pt\/produit\/filme-estiravel-manual-para-paletes-preto-045-x-270-m\/#primaryimage\"},\"image\":{\"@id\":\"https:\/\/www.csj-emballages.com\/pt-pt\/produit\/filme-estiravel-manual-para-paletes-preto-045-x-270-m\/#primaryimage\"},\"thumbnailUrl\":\"https:\/\/www.csj-emballages.com\/wp-content\/uploads\/2024\/03\/FLPAL45270NOIR-.webp\",\"datePublished\":\"2024-03-01T15:53:35+00:00\",\"dateModified\":\"2026-04-03T00:16:22+00:00\",\"description\":\"Filme de palete preto extens\u00edvel manual 0,45 x 270 m. Ideal para proteger e filmar paletes durante o armazenamento e transporte.\",\"breadcrumb\":{\"@id\":\"https:\/\/www.csj-emballages.com\/pt-pt\/produit\/filme-estiravel-manual-para-paletes-preto-045-x-270-m\/#breadcrumb\"},\"inLanguage\":\"pt-PT\",\"potentialAction\":[{\"@type\":\"ReadAction\",\"target\":[\"https:\/\/www.csj-emballages.com\/pt-pt\/produit\/filme-estiravel-manual-para-paletes-preto-045-x-270-m\/\"]}]},{\"@type\":\"ImageObject\",\"inLanguage\":\"pt-PT\",\"@id\":\"https:\/\/www.csj-emballages.com\/pt-pt\/produit\/filme-estiravel-manual-para-paletes-preto-045-x-270-m\/#primaryimage\",\"url\":\"https:\/\/www.csj-emballages.com\/wp-content\/uploads\/2024\/03\/FLPAL45270NOIR-.webp\",\"contentUrl\":\"https:\/\/www.csj-emballages.com\/wp-content\/uploads\/2024\/03\/FLPAL45270NOIR-.webp\",\"width\":800,\"height\":800,\"caption\":\"Film palette noir\"},{\"@type\":\"BreadcrumbList\",\"@id\":\"https:\/\/www.csj-emballages.com\/pt-pt\/produit\/filme-estiravel-manual-para-paletes-preto-045-x-270-m\/#breadcrumb\",\"itemListElement\":[{\"@type\":\"ListItem\",\"position\":1,\"name\":\"Acolhimento\",\"item\":\"https:\/\/www.csj-emballages.com\/pt-pt\/universo-das-embalagens-alimentares\/\"},{\"@type\":\"ListItem\",\"position\":2,\"name\":\"Shop\",\"item\":\"https:\/\/www.csj-emballages.com\/shop\/\"},{\"@type\":\"ListItem\",\"position\":3,\"name\":\"Filme de palete preto extens\u00edvel manual 0,45 x 270 m\"}]},{\"@type\":\"WebSite\",\"@id\":\"https:\/\/www.csj-emballages.com\/pt-pt\/#website\",\"url\":\"https:\/\/www.csj-emballages.com\/pt-pt\/\",\"name\":\"CSJ Emballages\",\"description\":\"\",\"publisher\":{\"@id\":\"https:\/\/www.csj-emballages.com\/pt-pt\/#organization\"},\"potentialAction\":[{\"@type\":\"SearchAction\",\"target\":{\"@type\":\"EntryPoint\",\"urlTemplate\":\"https:\/\/www.csj-emballages.com\/pt-pt\/?s={search_term_string}\"},\"query-input\":{\"@type\":\"PropertyValueSpecification\",\"valueRequired\":true,\"valueName\":\"search_term_string\"}}],\"inLanguage\":\"pt-PT\"},{\"@type\":\"Organization\",\"@id\":\"https:\/\/www.csj-emballages.com\/pt-pt\/#Organization\/\",\"name\":\"CSJ Emballages\",\"url\":\"https:\/\/www.csj-emballages.com\/pt-pt\/\",\"logo\":{\"@type\":\"ImageObject\",\"inLanguage\":\"pt-PT\",\"@id\":\"https:\/\/www.csj-emballages.com\/pt-pt\/#\/schema\/logo\/image\/\",\"url\":\"https:\/\/www.csj-emballages.com\/wp-content\/uploads\/2023\/10\/logo_csj.webp\",\"contentUrl\":\"https:\/\/www.csj-emballages.com\/wp-content\/uploads\/2023\/10\/logo_csj.webp\",\"width\":250,\"height\":95,\"caption\":\"CSJ Emballages\"},\"image\":{\"@id\":\"https:\/\/www.csj-emballages.com\/pt-pt\/#\/schema\/logo\/image\/\"},\"sameAs\":[\"https:\/\/www.facebook.com\/csjemballages\"],\"address\":{\"@type\":\"PostalAddress\",\"streetAddress\":\"ZI La Lechere\",\"addressLocality\":\"Patornay\",\"postalCode\":\"39130\",\"addressCountry\":\"FR\"},\"contactPoint\":[{\"@type\":\"ContactPoint\",\"contactType\":\"Service client\",\"telephone\":\"0384254272\",\"email\":\"contact@csj-emballages.com\"}]}]}<\/script>\n<!-- \/ Yoast SEO Premium plugin. -->","yoast_head_json":{"title":"Filme de Palete Preto Extens\u00edvel Manual 0,45 x 270 m","description":"Filme de palete preto extens\u00edvel manual 0,45 x 270 m. Ideal para proteger e filmar paletes durante o armazenamento e transporte.","robots":{"index":"index","follow":"follow","max-snippet":"max-snippet:-1","max-image-preview":"max-image-preview:large","max-video-preview":"max-video-preview:-1"},"canonical":"https:\/\/www.csj-emballages.com\/pt-pt\/produit\/filme-estiravel-manual-para-paletes-preto-045-x-270-m\/","og_locale":"pt_PT","og_type":"article","og_title":"Filme de palete preto extens\u00edvel manual 0,45 x 270 m","og_description":"Filme de palete preto extens\u00edvel manual 0,45 x 270 m. Ideal para proteger e filmar paletes durante o armazenamento e transporte.","og_url":"https:\/\/www.csj-emballages.com\/pt-pt\/produit\/filme-estiravel-manual-para-paletes-preto-045-x-270-m\/","og_site_name":"CSJ Emballages","article_publisher":"https:\/\/www.facebook.com\/csjemballages","article_modified_time":"2026-04-03T00:16:22+00:00","og_image":[{"width":800,"height":800,"url":"https:\/\/www.csj-emballages.com\/wp-content\/uploads\/2024\/03\/FLPAL45270NOIR-.webp","type":"image\/webp"}],"twitter_card":"summary_large_image","twitter_misc":{"Tempo estimado de leitura":"2 minutos"},"schema":{"@context":"https:\/\/schema.org","@graph":[{"@type":"WebPage","@id":"https:\/\/www.csj-emballages.com\/pt-pt\/produit\/filme-estiravel-manual-para-paletes-preto-045-x-270-m\/","url":"https:\/\/www.csj-emballages.com\/pt-pt\/produit\/filme-estiravel-manual-para-paletes-preto-045-x-270-m\/","name":"Filme de Palete Preto Extens\u00edvel Manual 0,45 x 270 m","isPartOf":{"@id":"https:\/\/www.csj-emballages.com\/pt-pt\/#website"},"primaryImageOfPage":{"@id":"https:\/\/www.csj-emballages.com\/pt-pt\/produit\/filme-estiravel-manual-para-paletes-preto-045-x-270-m\/#primaryimage"},"image":{"@id":"https:\/\/www.csj-emballages.com\/pt-pt\/produit\/filme-estiravel-manual-para-paletes-preto-045-x-270-m\/#primaryimage"},"thumbnailUrl":"https:\/\/www.csj-emballages.com\/wp-content\/uploads\/2024\/03\/FLPAL45270NOIR-.webp","datePublished":"2024-03-01T15:53:35+00:00","dateModified":"2026-04-03T00:16:22+00:00","description":"Filme de palete preto extens\u00edvel manual 0,45 x 270 m. Ideal para proteger e filmar paletes durante o armazenamento e transporte.","breadcrumb":{"@id":"https:\/\/www.csj-emballages.com\/pt-pt\/produit\/filme-estiravel-manual-para-paletes-preto-045-x-270-m\/#breadcrumb"},"inLanguage":"pt-PT","potentialAction":[{"@type":"ReadAction","target":["https:\/\/www.csj-emballages.com\/pt-pt\/produit\/filme-estiravel-manual-para-paletes-preto-045-x-270-m\/"]}]},{"@type":"ImageObject","inLanguage":"pt-PT","@id":"https:\/\/www.csj-emballages.com\/pt-pt\/produit\/filme-estiravel-manual-para-paletes-preto-045-x-270-m\/#primaryimage","url":"https:\/\/www.csj-emballages.com\/wp-content\/uploads\/2024\/03\/FLPAL45270NOIR-.webp","contentUrl":"https:\/\/www.csj-emballages.com\/wp-content\/uploads\/2024\/03\/FLPAL45270NOIR-.webp","width":800,"height":800,"caption":"Film palette noir"},{"@type":"BreadcrumbList","@id":"https:\/\/www.csj-emballages.com\/pt-pt\/produit\/filme-estiravel-manual-para-paletes-preto-045-x-270-m\/#breadcrumb","itemListElement":[{"@type":"ListItem","position":1,"name":"Acolhimento","item":"https:\/\/www.csj-emballages.com\/pt-pt\/universo-das-embalagens-alimentares\/"},{"@type":"ListItem","position":2,"name":"Shop","item":"https:\/\/www.csj-emballages.com\/shop\/"},{"@type":"ListItem","position":3,"name":"Filme de palete preto extens\u00edvel manual 0,45 x 270 m"}]},{"@type":"WebSite","@id":"https:\/\/www.csj-emballages.com\/pt-pt\/#website","url":"https:\/\/www.csj-emballages.com\/pt-pt\/","name":"CSJ Emballages","description":"","publisher":{"@id":"https:\/\/www.csj-emballages.com\/pt-pt\/#organization"},"potentialAction":[{"@type":"SearchAction","target":{"@type":"EntryPoint","urlTemplate":"https:\/\/www.csj-emballages.com\/pt-pt\/?s={search_term_string}"},"query-input":{"@type":"PropertyValueSpecification","valueRequired":true,"valueName":"search_term_string"}}],"inLanguage":"pt-PT"},{"@type":"Organization","@id":"https:\/\/www.csj-emballages.com\/pt-pt\/#Organization\/","name":"CSJ Emballages","url":"https:\/\/www.csj-emballages.com\/pt-pt\/","logo":{"@type":"ImageObject","inLanguage":"pt-PT","@id":"https:\/\/www.csj-emballages.com\/pt-pt\/#\/schema\/logo\/image\/","url":"https:\/\/www.csj-emballages.com\/wp-content\/uploads\/2023\/10\/logo_csj.webp","contentUrl":"https:\/\/www.csj-emballages.com\/wp-content\/uploads\/2023\/10\/logo_csj.webp","width":250,"height":95,"caption":"CSJ Emballages"},"image":{"@id":"https:\/\/www.csj-emballages.com\/pt-pt\/#\/schema\/logo\/image\/"},"sameAs":["https:\/\/www.facebook.com\/csjemballages"],"address":{"@type":"PostalAddress","streetAddress":"ZI La Lechere","addressLocality":"Patornay","postalCode":"39130","addressCountry":"FR"},"contactPoint":[{"@type":"ContactPoint","contactType":"Service client","telephone":"0384254272","email":"contact@csj-emballages.com"}]}]}},"df_price":8.45,"df_sale_price":8.45,"df_regular_price":9.38,"df_image_link":"https:\/\/www.csj-emballages.com\/wp-content\/uploads\/2024\/03\/FLPAL45270NOIR--300x300.webp","tiered_pricing_type":"fixed","tiered_pricing_fixed_rules":[],"tiered_pricing_percentage_rules":[],"tiered_pricing_minimum":1,"tiered_pricing_roles_data":[],"_links":{"self":[{"href":"https:\/\/www.csj-emballages.com\/pt-pt\/wp-json\/wp\/v2\/product\/20870","targetHints":{"allow":["GET"]}}],"collection":[{"href":"https:\/\/www.csj-emballages.com\/pt-pt\/wp-json\/wp\/v2\/product"}],"about":[{"href":"https:\/\/www.csj-emballages.com\/pt-pt\/wp-json\/wp\/v2\/types\/product"}],"wp:featuredmedia":[{"embeddable":true,"href":"https:\/\/www.csj-emballages.com\/pt-pt\/wp-json\/wp\/v2\/media\/263420"}],"wp:attachment":[{"href":"https:\/\/www.csj-emballages.com\/pt-pt\/wp-json\/wp\/v2\/media?parent=20870"}],"wp:term":[{"taxonomy":"product_brand","embeddable":true,"href":"https:\/\/www.csj-emballages.com\/pt-pt\/wp-json\/wp\/v2\/product_brand?post=20870"},{"taxonomy":"product_cat","embeddable":true,"href":"https:\/\/www.csj-emballages.com\/pt-pt\/wp-json\/wp\/v2\/product_cat?post=20870"},{"taxonomy":"product_tag","embeddable":true,"href":"https:\/\/www.csj-emballages.com\/pt-pt\/wp-json\/wp\/v2\/product_tag?post=20870"}],"curies":[{"name":"wp","href":"https:\/\/api.w.org\/{rel}","templated":true}]}}