{"id":20864,"date":"2024-03-01T16:53:36","date_gmt":"2024-03-01T15:53:36","guid":{"rendered":"https:\/\/u15jnbdpoq.preview.infomaniak.website\/produit\/linalta-sl-38-1500-x-045-m-rolo-de-recarga-de-pvc-de-pelicula-extensivel-de-qualidade-alimentar\/"},"modified":"2026-05-06T02:14:05","modified_gmt":"2026-05-06T00:14:05","slug":"linalta-sl-38-1500-x-045-m-rolo-de-recarga-de-pvc-de-pelicula-extensivel-de-qualidade-alimentar","status":"publish","type":"product","link":"https:\/\/www.csj-emballages.com\/pt-pt\/produit\/linalta-sl-38-1500-x-045-m-rolo-de-recarga-de-pvc-de-pelicula-extensivel-de-qualidade-alimentar\/","title":{"rendered":"LINALTA SL 38 1500 x 0,45 m Rolo de recarga de PVC de pel\u00edcula extens\u00edvel de qualidade alimentar"},"content":{"rendered":"<h2><strong>Recarga de rolo de pel\u00edcula estir\u00e1vel alimentar em PVC LINALTA SL<\/strong><\/h2>\n<div style=\"box-sizing: inherit; font-family: Roboto, sans-serif;\">\n<div style=\"box-sizing: inherit; font-family: Roboto, sans-serif;\">\n<div style=\"box-sizing: inherit; font-family: Roboto, sans-serif;\">\n<div style=\"box-sizing: inherit; font-family: Roboto, sans-serif;\">\n<div style=\"box-sizing: inherit; font-family: Roboto, sans-serif;\">\n<div style=\"box-sizing: inherit; font-family: Roboto, sans-serif;\">\n<hr>\n<h3>Descri\u00e7\u00e3o do produto<\/h3>\n<p><!--more--><\/p>\n<p>A pel\u00edcula estir\u00e1vel alimentar de recarga em PVC LINALTA SL \u00e9 ideal para embalar tabuleiros de alimentos. A sua composi\u00e7\u00e3o especial garante uma \u00f3ptima conserva\u00e7\u00e3o dos alimentos. Al\u00e9m disso, esta pel\u00edcula extens\u00edvel foi concebida para uma utiliza\u00e7\u00e3o r\u00e1pida e f\u00e1cil. Por isso, adapta-se perfeitamente \u00e0s necessidades dos profissionais e dos clientes particulares.   <\/p>\n<p>Al\u00e9m disso, a sua transpar\u00eancia facilita o controlo do conte\u00fado dos tabuleiros. Para recarregar, \u00e9 econ\u00f3mico e pr\u00e1tico, dado o seu comprimento de 1500 m. <\/p>\n<p>Em suma, a pel\u00edcula extens\u00edvel de PVC LINALTA SL \u00e9 essencial para manter os teus alimentos seguros. Est\u00e1 dispon\u00edvel em diferentes comprimentos para se adaptar a todas as tuas necessidades. <\/p>\n<p><strong>Vantagens:<\/strong><\/p>\n<ul>\n<li><strong>Conserva\u00e7\u00e3o \u00f3ptima: <\/strong>A pel\u00edcula garante que os alimentos se mant\u00eam frescos durante mais tempo, evitando que sequem e fiquem contaminados.<\/li>\n<li><strong>Econ\u00f3mica e pr\u00e1tica<\/strong>: Dispon\u00edvel em recargas, o que reduz os custos e facilita a substitui\u00e7\u00e3o r\u00e1pida da pel\u00edcula. O mesmo se aplica aos seus 1500 m de comprimento. <\/li>\n<li><strong>Versatilidade de utiliza\u00e7\u00e3o<\/strong>: Dispon\u00edvel em diferentes comprimentos para satisfazer uma variedade de necessidades de embalagem, quer se trate de pequenas ou grandes quantidades de alimentos.<\/li>\n<\/ul>\n<h4>Mais informa\u00e7\u00f5es:<\/h4>\n<p>Dispon\u00edvel em v\u00e1rios tamanhos: <span style=\"color: #d12727;\"><a style=\"color: #d12727;\" href=\"https:\/\/www.csj-emballages.com\/pt-pt\/produit\/rolo-de-recarga-de-pelicula-extensivel-de-qualidade-alimentar-300-x-030-m\/\">300 x 0,30 m<\/a><\/span> \/  <span style=\"color: #d12727;\"><a style=\"color: #d12727;\" href=\"https:\/\/www.csj-emballages.com\/pt-pt\/produit\/rolo-de-recarga-de-pelicula-extensivel-de-qualidade-alimentar-300-x-045-m\/\">300 x 0,45 m<\/a><\/span><\/p>\n<p><!--more--><\/p>\n<p><a href=\"https:\/\/www.csj-emballages.com\/pt-pt\/categorie-produit\/embalagem-de-alimentos\/talho-e-charcutaria\/filmes-sobre-alimentacao\/pelicula-extensivel-de-qualidade-alimentar-em-recargas\/\">V\u00ea o resto da nossa gama de pel\u00edcula aderente de recarga  <\/a><\/p>\n<\/div>\n<\/div>\n<\/div>\n<\/div>\n<\/div>\n<\/div>\n","protected":false},"excerpt":{"rendered":"<p>Recarga de rolo de pel\u00edcula estir\u00e1vel alimentar em PVC LINALTA SL Descri\u00e7\u00e3o do produto<\/p>\n","protected":false},"featured_media":28860,"template":"","meta":{"_acf_changed":false},"product_brand":[],"product_cat":[1141,1176,2027,2643],"product_tag":[],"class_list":{"0":"post-20864","1":"product","2":"type-product","3":"status-publish","4":"has-post-thumbnail","6":"product_cat-embalagem-de-alimentos","7":"product_cat-talho-e-charcutaria","8":"product_cat-filmes-sobre-alimentacao","9":"product_cat-pelicula-extensivel-de-qualidade-alimentar-em-recargas","11":"first","12":"instock","13":"taxable","14":"shipping-taxable","15":"purchasable","16":"product-type-simple"},"acf":[],"yoast_head":"<!-- This site is optimized with the Yoast SEO Premium plugin v26.6 (Yoast SEO v26.6) - https:\/\/yoast.com\/wordpress\/plugins\/seo\/ -->\n<title>LINALTA SL 38 \/ 1500 x 0,45 m recarga de pel\u00edcula extens\u00edvel de qualidade alimentar<\/title>\n<meta name=\"description\" content=\"Recarga de pel\u00edcula estir\u00e1vel de qualidade alimentar LINALTA SL PVC - 1500 x 0,45 m recarga ! Este rolo de pel\u00edcula foi concebido para embalar tabuleiros de alimentos.\" \/>\n<meta name=\"robots\" content=\"index, follow, max-snippet:-1, max-image-preview:large, max-video-preview:-1\" \/>\n<link rel=\"canonical\" href=\"https:\/\/www.csj-emballages.com\/pt-pt\/produit\/linalta-sl-38-1500-x-045-m-rolo-de-recarga-de-pvc-de-pelicula-extensivel-de-qualidade-alimentar\/\" \/>\n<meta property=\"og:locale\" content=\"pt_PT\" \/>\n<meta property=\"og:type\" content=\"article\" \/>\n<meta property=\"og:title\" content=\"LINALTA SL 38 1500 x 0,45 m Rolo de recarga de PVC de pel\u00edcula extens\u00edvel de qualidade alimentar\" \/>\n<meta property=\"og:description\" content=\"Recarga de pel\u00edcula estir\u00e1vel de qualidade alimentar LINALTA SL PVC - 1500 x 0,45 m recarga ! Este rolo de pel\u00edcula foi concebido para embalar tabuleiros de alimentos.\" \/>\n<meta property=\"og:url\" content=\"https:\/\/www.csj-emballages.com\/pt-pt\/produit\/linalta-sl-38-1500-x-045-m-rolo-de-recarga-de-pvc-de-pelicula-extensivel-de-qualidade-alimentar\/\" \/>\n<meta property=\"og:site_name\" content=\"CSJ Emballages\" \/>\n<meta property=\"article:publisher\" content=\"https:\/\/www.facebook.com\/csjemballages\" \/>\n<meta property=\"article:modified_time\" content=\"2026-05-06T00:14:05+00:00\" \/>\n<meta property=\"og:image\" content=\"https:\/\/www.csj-emballages.com\/wp-content\/uploads\/2024\/03\/Capture_d_ecran_2024-07-08_a_11.01.31-removebg-preview-Small-1-jpeg-e1720429466436.webp\" \/>\n\t<meta property=\"og:image:width\" content=\"1148\" \/>\n\t<meta property=\"og:image:height\" content=\"1152\" \/>\n\t<meta property=\"og:image:type\" content=\"image\/jpeg\" \/>\n<meta name=\"twitter:card\" content=\"summary_large_image\" \/>\n<meta name=\"twitter:label1\" content=\"Tempo estimado de leitura\" \/>\n\t<meta name=\"twitter:data1\" content=\"1 minuto\" \/>\n<script type=\"application\/ld+json\" class=\"yoast-schema-graph\">{\"@context\":\"https:\/\/schema.org\",\"@graph\":[{\"@type\":\"WebPage\",\"@id\":\"https:\/\/www.csj-emballages.com\/pt-pt\/produit\/linalta-sl-38-1500-x-045-m-rolo-de-recarga-de-pvc-de-pelicula-extensivel-de-qualidade-alimentar\/\",\"url\":\"https:\/\/www.csj-emballages.com\/pt-pt\/produit\/linalta-sl-38-1500-x-045-m-rolo-de-recarga-de-pvc-de-pelicula-extensivel-de-qualidade-alimentar\/\",\"name\":\"LINALTA SL 38 \/ 1500 x 0,45 m recarga de pel\u00edcula extens\u00edvel de qualidade alimentar\",\"isPartOf\":{\"@id\":\"https:\/\/www.csj-emballages.com\/pt-pt\/#website\"},\"primaryImageOfPage\":{\"@id\":\"https:\/\/www.csj-emballages.com\/pt-pt\/produit\/linalta-sl-38-1500-x-045-m-rolo-de-recarga-de-pvc-de-pelicula-extensivel-de-qualidade-alimentar\/#primaryimage\"},\"image\":{\"@id\":\"https:\/\/www.csj-emballages.com\/pt-pt\/produit\/linalta-sl-38-1500-x-045-m-rolo-de-recarga-de-pvc-de-pelicula-extensivel-de-qualidade-alimentar\/#primaryimage\"},\"thumbnailUrl\":\"https:\/\/www.csj-emballages.com\/wp-content\/uploads\/2024\/03\/Capture_d_ecran_2024-07-08_a_11.01.31-removebg-preview-Small-1-jpeg-e1720429466436.webp\",\"datePublished\":\"2024-03-01T15:53:36+00:00\",\"dateModified\":\"2026-05-06T00:14:05+00:00\",\"description\":\"Recarga de pel\u00edcula estir\u00e1vel de qualidade alimentar LINALTA SL PVC - 1500 x 0,45 m recarga ! Este rolo de pel\u00edcula foi concebido para embalar tabuleiros de alimentos.\",\"breadcrumb\":{\"@id\":\"https:\/\/www.csj-emballages.com\/pt-pt\/produit\/linalta-sl-38-1500-x-045-m-rolo-de-recarga-de-pvc-de-pelicula-extensivel-de-qualidade-alimentar\/#breadcrumb\"},\"inLanguage\":\"pt-PT\",\"potentialAction\":[{\"@type\":\"ReadAction\",\"target\":[\"https:\/\/www.csj-emballages.com\/pt-pt\/produit\/linalta-sl-38-1500-x-045-m-rolo-de-recarga-de-pvc-de-pelicula-extensivel-de-qualidade-alimentar\/\"]}]},{\"@type\":\"ImageObject\",\"inLanguage\":\"pt-PT\",\"@id\":\"https:\/\/www.csj-emballages.com\/pt-pt\/produit\/linalta-sl-38-1500-x-045-m-rolo-de-recarga-de-pvc-de-pelicula-extensivel-de-qualidade-alimentar\/#primaryimage\",\"url\":\"https:\/\/www.csj-emballages.com\/wp-content\/uploads\/2024\/03\/Capture_d_ecran_2024-07-08_a_11.01.31-removebg-preview-Small-1-jpeg-e1720429466436.webp\",\"contentUrl\":\"https:\/\/www.csj-emballages.com\/wp-content\/uploads\/2024\/03\/Capture_d_ecran_2024-07-08_a_11.01.31-removebg-preview-Small-1-jpeg-e1720429466436.webp\",\"width\":1148,\"height\":1152,\"caption\":\"Film \u00e9tirable alimentaire recharge\"},{\"@type\":\"BreadcrumbList\",\"@id\":\"https:\/\/www.csj-emballages.com\/pt-pt\/produit\/linalta-sl-38-1500-x-045-m-rolo-de-recarga-de-pvc-de-pelicula-extensivel-de-qualidade-alimentar\/#breadcrumb\",\"itemListElement\":[{\"@type\":\"ListItem\",\"position\":1,\"name\":\"Acolhimento\",\"item\":\"https:\/\/www.csj-emballages.com\/pt-pt\/universo-das-embalagens-alimentares\/\"},{\"@type\":\"ListItem\",\"position\":2,\"name\":\"Shop\",\"item\":\"https:\/\/www.csj-emballages.com\/shop\/\"},{\"@type\":\"ListItem\",\"position\":3,\"name\":\"LINALTA SL 38 1500 x 0,45 m Rolo de recarga de PVC de pel\u00edcula extens\u00edvel de qualidade alimentar\"}]},{\"@type\":\"WebSite\",\"@id\":\"https:\/\/www.csj-emballages.com\/pt-pt\/#website\",\"url\":\"https:\/\/www.csj-emballages.com\/pt-pt\/\",\"name\":\"CSJ Emballages\",\"description\":\"\",\"publisher\":{\"@id\":\"https:\/\/www.csj-emballages.com\/pt-pt\/#organization\"},\"potentialAction\":[{\"@type\":\"SearchAction\",\"target\":{\"@type\":\"EntryPoint\",\"urlTemplate\":\"https:\/\/www.csj-emballages.com\/pt-pt\/?s={search_term_string}\"},\"query-input\":{\"@type\":\"PropertyValueSpecification\",\"valueRequired\":true,\"valueName\":\"search_term_string\"}}],\"inLanguage\":\"pt-PT\"},{\"@type\":\"Organization\",\"@id\":\"https:\/\/www.csj-emballages.com\/pt-pt\/#Organization\/\",\"name\":\"CSJ Emballages\",\"url\":\"https:\/\/www.csj-emballages.com\/pt-pt\/\",\"logo\":{\"@type\":\"ImageObject\",\"inLanguage\":\"pt-PT\",\"@id\":\"https:\/\/www.csj-emballages.com\/pt-pt\/#\/schema\/logo\/image\/\",\"url\":\"https:\/\/www.csj-emballages.com\/wp-content\/uploads\/2023\/10\/logo_csj.webp\",\"contentUrl\":\"https:\/\/www.csj-emballages.com\/wp-content\/uploads\/2023\/10\/logo_csj.webp\",\"width\":250,\"height\":95,\"caption\":\"CSJ Emballages\"},\"image\":{\"@id\":\"https:\/\/www.csj-emballages.com\/pt-pt\/#\/schema\/logo\/image\/\"},\"sameAs\":[\"https:\/\/www.facebook.com\/csjemballages\"],\"address\":{\"@type\":\"PostalAddress\",\"streetAddress\":\"ZI La Lechere\",\"addressLocality\":\"Patornay\",\"postalCode\":\"39130\",\"addressCountry\":\"FR\"},\"contactPoint\":[{\"@type\":\"ContactPoint\",\"contactType\":\"Service client\",\"telephone\":\"0384254272\",\"email\":\"contact@csj-emballages.com\"}]}]}<\/script>\n<!-- \/ Yoast SEO Premium plugin. -->","yoast_head_json":{"title":"LINALTA SL 38 \/ 1500 x 0,45 m recarga de pel\u00edcula extens\u00edvel de qualidade alimentar","description":"Recarga de pel\u00edcula estir\u00e1vel de qualidade alimentar LINALTA SL PVC - 1500 x 0,45 m recarga ! Este rolo de pel\u00edcula foi concebido para embalar tabuleiros de alimentos.","robots":{"index":"index","follow":"follow","max-snippet":"max-snippet:-1","max-image-preview":"max-image-preview:large","max-video-preview":"max-video-preview:-1"},"canonical":"https:\/\/www.csj-emballages.com\/pt-pt\/produit\/linalta-sl-38-1500-x-045-m-rolo-de-recarga-de-pvc-de-pelicula-extensivel-de-qualidade-alimentar\/","og_locale":"pt_PT","og_type":"article","og_title":"LINALTA SL 38 1500 x 0,45 m Rolo de recarga de PVC de pel\u00edcula extens\u00edvel de qualidade alimentar","og_description":"Recarga de pel\u00edcula estir\u00e1vel de qualidade alimentar LINALTA SL PVC - 1500 x 0,45 m recarga ! Este rolo de pel\u00edcula foi concebido para embalar tabuleiros de alimentos.","og_url":"https:\/\/www.csj-emballages.com\/pt-pt\/produit\/linalta-sl-38-1500-x-045-m-rolo-de-recarga-de-pvc-de-pelicula-extensivel-de-qualidade-alimentar\/","og_site_name":"CSJ Emballages","article_publisher":"https:\/\/www.facebook.com\/csjemballages","article_modified_time":"2026-05-06T00:14:05+00:00","og_image":[{"width":1148,"height":1152,"url":"https:\/\/www.csj-emballages.com\/wp-content\/uploads\/2024\/03\/Capture_d_ecran_2024-07-08_a_11.01.31-removebg-preview-Small-1-jpeg-e1720429466436.webp","type":"image\/jpeg"}],"twitter_card":"summary_large_image","twitter_misc":{"Tempo estimado de leitura":"1 minuto"},"schema":{"@context":"https:\/\/schema.org","@graph":[{"@type":"WebPage","@id":"https:\/\/www.csj-emballages.com\/pt-pt\/produit\/linalta-sl-38-1500-x-045-m-rolo-de-recarga-de-pvc-de-pelicula-extensivel-de-qualidade-alimentar\/","url":"https:\/\/www.csj-emballages.com\/pt-pt\/produit\/linalta-sl-38-1500-x-045-m-rolo-de-recarga-de-pvc-de-pelicula-extensivel-de-qualidade-alimentar\/","name":"LINALTA SL 38 \/ 1500 x 0,45 m recarga de pel\u00edcula extens\u00edvel de qualidade alimentar","isPartOf":{"@id":"https:\/\/www.csj-emballages.com\/pt-pt\/#website"},"primaryImageOfPage":{"@id":"https:\/\/www.csj-emballages.com\/pt-pt\/produit\/linalta-sl-38-1500-x-045-m-rolo-de-recarga-de-pvc-de-pelicula-extensivel-de-qualidade-alimentar\/#primaryimage"},"image":{"@id":"https:\/\/www.csj-emballages.com\/pt-pt\/produit\/linalta-sl-38-1500-x-045-m-rolo-de-recarga-de-pvc-de-pelicula-extensivel-de-qualidade-alimentar\/#primaryimage"},"thumbnailUrl":"https:\/\/www.csj-emballages.com\/wp-content\/uploads\/2024\/03\/Capture_d_ecran_2024-07-08_a_11.01.31-removebg-preview-Small-1-jpeg-e1720429466436.webp","datePublished":"2024-03-01T15:53:36+00:00","dateModified":"2026-05-06T00:14:05+00:00","description":"Recarga de pel\u00edcula estir\u00e1vel de qualidade alimentar LINALTA SL PVC - 1500 x 0,45 m recarga ! Este rolo de pel\u00edcula foi concebido para embalar tabuleiros de alimentos.","breadcrumb":{"@id":"https:\/\/www.csj-emballages.com\/pt-pt\/produit\/linalta-sl-38-1500-x-045-m-rolo-de-recarga-de-pvc-de-pelicula-extensivel-de-qualidade-alimentar\/#breadcrumb"},"inLanguage":"pt-PT","potentialAction":[{"@type":"ReadAction","target":["https:\/\/www.csj-emballages.com\/pt-pt\/produit\/linalta-sl-38-1500-x-045-m-rolo-de-recarga-de-pvc-de-pelicula-extensivel-de-qualidade-alimentar\/"]}]},{"@type":"ImageObject","inLanguage":"pt-PT","@id":"https:\/\/www.csj-emballages.com\/pt-pt\/produit\/linalta-sl-38-1500-x-045-m-rolo-de-recarga-de-pvc-de-pelicula-extensivel-de-qualidade-alimentar\/#primaryimage","url":"https:\/\/www.csj-emballages.com\/wp-content\/uploads\/2024\/03\/Capture_d_ecran_2024-07-08_a_11.01.31-removebg-preview-Small-1-jpeg-e1720429466436.webp","contentUrl":"https:\/\/www.csj-emballages.com\/wp-content\/uploads\/2024\/03\/Capture_d_ecran_2024-07-08_a_11.01.31-removebg-preview-Small-1-jpeg-e1720429466436.webp","width":1148,"height":1152,"caption":"Film \u00e9tirable alimentaire recharge"},{"@type":"BreadcrumbList","@id":"https:\/\/www.csj-emballages.com\/pt-pt\/produit\/linalta-sl-38-1500-x-045-m-rolo-de-recarga-de-pvc-de-pelicula-extensivel-de-qualidade-alimentar\/#breadcrumb","itemListElement":[{"@type":"ListItem","position":1,"name":"Acolhimento","item":"https:\/\/www.csj-emballages.com\/pt-pt\/universo-das-embalagens-alimentares\/"},{"@type":"ListItem","position":2,"name":"Shop","item":"https:\/\/www.csj-emballages.com\/shop\/"},{"@type":"ListItem","position":3,"name":"LINALTA SL 38 1500 x 0,45 m Rolo de recarga de PVC de pel\u00edcula extens\u00edvel de qualidade alimentar"}]},{"@type":"WebSite","@id":"https:\/\/www.csj-emballages.com\/pt-pt\/#website","url":"https:\/\/www.csj-emballages.com\/pt-pt\/","name":"CSJ Emballages","description":"","publisher":{"@id":"https:\/\/www.csj-emballages.com\/pt-pt\/#organization"},"potentialAction":[{"@type":"SearchAction","target":{"@type":"EntryPoint","urlTemplate":"https:\/\/www.csj-emballages.com\/pt-pt\/?s={search_term_string}"},"query-input":{"@type":"PropertyValueSpecification","valueRequired":true,"valueName":"search_term_string"}}],"inLanguage":"pt-PT"},{"@type":"Organization","@id":"https:\/\/www.csj-emballages.com\/pt-pt\/#Organization\/","name":"CSJ Emballages","url":"https:\/\/www.csj-emballages.com\/pt-pt\/","logo":{"@type":"ImageObject","inLanguage":"pt-PT","@id":"https:\/\/www.csj-emballages.com\/pt-pt\/#\/schema\/logo\/image\/","url":"https:\/\/www.csj-emballages.com\/wp-content\/uploads\/2023\/10\/logo_csj.webp","contentUrl":"https:\/\/www.csj-emballages.com\/wp-content\/uploads\/2023\/10\/logo_csj.webp","width":250,"height":95,"caption":"CSJ Emballages"},"image":{"@id":"https:\/\/www.csj-emballages.com\/pt-pt\/#\/schema\/logo\/image\/"},"sameAs":["https:\/\/www.facebook.com\/csjemballages"],"address":{"@type":"PostalAddress","streetAddress":"ZI La Lechere","addressLocality":"Patornay","postalCode":"39130","addressCountry":"FR"},"contactPoint":[{"@type":"ContactPoint","contactType":"Service client","telephone":"0384254272","email":"contact@csj-emballages.com"}]}]}},"df_price":72.24,"df_sale_price":"","df_regular_price":72.24,"df_image_link":"https:\/\/www.csj-emballages.com\/wp-content\/uploads\/2024\/03\/Capture_d_ecran_2024-07-08_a_11.01.31-removebg-preview-Small-1-300x300.webp","tiered_pricing_type":"fixed","tiered_pricing_fixed_rules":[],"tiered_pricing_percentage_rules":[],"tiered_pricing_minimum":1,"tiered_pricing_roles_data":[],"_links":{"self":[{"href":"https:\/\/www.csj-emballages.com\/pt-pt\/wp-json\/wp\/v2\/product\/20864","targetHints":{"allow":["GET"]}}],"collection":[{"href":"https:\/\/www.csj-emballages.com\/pt-pt\/wp-json\/wp\/v2\/product"}],"about":[{"href":"https:\/\/www.csj-emballages.com\/pt-pt\/wp-json\/wp\/v2\/types\/product"}],"wp:featuredmedia":[{"embeddable":true,"href":"https:\/\/www.csj-emballages.com\/pt-pt\/wp-json\/wp\/v2\/media\/28860"}],"wp:attachment":[{"href":"https:\/\/www.csj-emballages.com\/pt-pt\/wp-json\/wp\/v2\/media?parent=20864"}],"wp:term":[{"taxonomy":"product_brand","embeddable":true,"href":"https:\/\/www.csj-emballages.com\/pt-pt\/wp-json\/wp\/v2\/product_brand?post=20864"},{"taxonomy":"product_cat","embeddable":true,"href":"https:\/\/www.csj-emballages.com\/pt-pt\/wp-json\/wp\/v2\/product_cat?post=20864"},{"taxonomy":"product_tag","embeddable":true,"href":"https:\/\/www.csj-emballages.com\/pt-pt\/wp-json\/wp\/v2\/product_tag?post=20864"}],"curies":[{"name":"wp","href":"https:\/\/api.w.org\/{rel}","templated":true}]}}