{"id":20862,"date":"2024-03-01T16:53:35","date_gmt":"2024-03-01T15:53:35","guid":{"rendered":"https:\/\/u15jnbdpoq.preview.infomaniak.website\/produit\/pelicula-extensivel-automatica-para-paletes-transparente-050-cm-16-kg-23%c2%b5\/"},"modified":"2026-04-17T10:28:53","modified_gmt":"2026-04-17T08:28:53","slug":"pelicula-extensivel-automatica-para-paletes-transparente-050-cm-16-kg-23%c2%b5","status":"publish","type":"product","link":"https:\/\/www.csj-emballages.com\/pt-pt\/produit\/pelicula-extensivel-automatica-para-paletes-transparente-050-cm-16-kg-23%c2%b5\/","title":{"rendered":"Filme de palete extens\u00edvel transparente autom\u00e1tico 0,50 cm 16 kg 23\u00b5"},"content":{"rendered":"<h2>Pel\u00edcula para paletes<\/h2>\n<hr>\n<h3>Descubra o nosso filme de palete extens\u00edvel transparente autom\u00e1tico 0,50 cm 16 kg 23\u00b5<\/h3>\n<p><!--more--><\/p>\n<p data-start=\"245\" data-end=\"598\">O <strong>filme de palete extens\u00edvel transparente autom\u00e1tico 50 cm \u2013 16 kg \u2013 23 microns<\/strong> foi especialmente concebido para o <strong>envolvimento seguro de paletes<\/strong> com <strong>m\u00e1quinas autom\u00e1ticas ou enfardadeiras industriais<\/strong>. Garante uma estabiliza\u00e7\u00e3o ideal das cargas durante o armazenamento e o transporte, assegurando simultaneamente uma prote\u00e7\u00e3o eficaz das mercadorias. <\/p>\n<p data-start=\"600\" data-end=\"1074\">De facto, fabricado em <strong>polietileno de alta qualidade<\/strong>, este <strong>filme estir\u00e1vel<\/strong> oferece uma excelente resist\u00eancia \u00e0 perfura\u00e7\u00e3o, ao rasgo e ao estiramento. A sua <strong>espessura de 23 microns<\/strong> permite manter firmemente as cargas, incluindo as <strong>paletes pesadas ou inst\u00e1veis<\/strong>, sem risco de rutura durante o ciclo de cintagem. Gra\u00e7as \u00e0 sua transpar\u00eancia, facilita a identifica\u00e7\u00e3o dos produtos e a leitura das etiquetas ou c\u00f3digos de barras, uma vantagem essencial em log\u00edstica e em armaz\u00e9m.  <\/p>\n<p data-start=\"1076\" data-end=\"1466\">Da mesma forma, com uma <strong>largura de 50 cm<\/strong> e um <strong>peso de bobina de 16 kg<\/strong>, este filme \u00e9 perfeitamente adequado para um uso intensivo e cont\u00ednuo. Assegura um desenrolamento fluido e regular em m\u00e1quina autom\u00e1tica, limitando os solavancos e otimizando a cad\u00eancia de paletiza\u00e7\u00e3o. A sua excelente capacidade <strong>de estiramento<\/strong> permite reduzir o consumo de filme, garantindo, ao mesmo tempo, uma fixa\u00e7\u00e3o homog\u00e9nea da carga.  <\/p>\n<p data-start=\"1468\" data-end=\"1819\">Em resumo, este <strong>filme estir\u00e1vel autom\u00e1tico<\/strong> \u00e9 ideal para os profissionais da <strong>log\u00edstica, da ind\u00fastria, do setor agroalimentar ou da distribui\u00e7\u00e3o<\/strong>, que procuram uma solu\u00e7\u00e3o fi\u00e1vel, eficiente e econ\u00f3mica para <strong>proteger as suas paletes<\/strong>. Contribui tamb\u00e9m para melhorar a produtividade, reduzindo, ao mesmo tempo, as perdas relacionadas com danos durante o transporte. <\/p>\n<p data-start=\"1468\" data-end=\"1819\"><!--more--><\/p>\n<h4 data-start=\"1468\" data-end=\"1819\">Vantagens :<\/h4>\n<ul>\n<li data-start=\"1857\" data-end=\"1896\">Concebido para <strong>enfardadeiras<\/strong> autom\u00e1ticas.<\/li>\n<li data-start=\"1899\" data-end=\"1957\">Excelente resist\u00eancia ao rasgo e \u00e0 perfura\u00e7\u00e3o.<\/li>\n<li data-start=\"1960\" data-end=\"2011\">Manuten\u00e7\u00e3o ideal de cargas pesadas ou inst\u00e1veis.<\/li>\n<li data-start=\"2014\" data-end=\"2076\"><strong>Transpar\u00eancia<\/strong> para uma f\u00e1cil identifica\u00e7\u00e3o das mercadorias.<\/li>\n<li data-start=\"2079\" data-end=\"2123\">Desenrolamento fluido e regular na m\u00e1quina.<\/li>\n<li data-start=\"2126\" data-end=\"2194\"><strong>Espessura 23 \u00b5<\/strong> para uma excelente rela\u00e7\u00e3o resist\u00eancia\/consumo.<\/li>\n<\/ul>\n<p>&nbsp;<\/p>\n<p><!--more--><\/p>\n<h4>Outras informa\u00e7\u00f5es :<\/h4>\n<ul>\n<li><strong>Embalagem<\/strong>: Por unidade<\/li>\n<li><strong>Altura<\/strong>: 0,50 cm<\/li>\n<li><strong>Peso<\/strong>: 16 kg<\/li>\n<li><strong>Espessura<\/strong>: 23\u00b5<\/li>\n<li><strong>Cor<\/strong>: Transparente<\/li>\n<li><strong>Material<\/strong>: PEBD (Polietileno de baixa densidade)<\/li>\n<\/ul>\n<p>&nbsp;<\/p>\n<p><!--more--><\/p>\n<p>Encontre aqui os nossos filmes de paletes manuais: <span style=\"color: #d12727;\"><a style=\"color: #d12727;\" href=\"https:\/\/www.csj-emballages.com\/produit\/film-etirable-palette-manuelle-noir-0-45-x-270-m\/\">Filme de palete preto<\/a><\/span> \/ <span style=\"color: #d12727;\"><a style=\"color: #d12727;\" href=\"https:\/\/www.csj-emballages.com\/produit\/film-etirable-palette-manuelle-transparent-0-45-x-270-m\/\">Filme de palete transparente<\/a><\/span><\/p>\n<p>&nbsp;<\/p>\n<p><!--more--><\/p>\n<p><a href=\"https:\/\/www.csj-emballages.com\/pt-pt\/categorie-produit\/embalagens-industriais\/pelicula-para-paletes\/\">Consulte o resto da nossa gama de filmes extens\u00edveis<\/a><\/p>\n","protected":false},"excerpt":{"rendered":"<p>Pel\u00edcula para paletes Descubra o nosso filme de palete extens\u00edvel transparente autom\u00e1tico 0,50 cm 16 kg 23\u00b5<\/p>\n","protected":false},"featured_media":263426,"template":"","meta":{"_acf_changed":false},"product_brand":[],"product_cat":[1141,1208,2670],"product_tag":[],"class_list":{"0":"post-20862","1":"product","2":"type-product","3":"status-publish","4":"has-post-thumbnail","6":"product_cat-embalagem-de-alimentos","7":"product_cat-embalagens-industriais","8":"product_cat-pelicula-para-paletes","10":"first","11":"instock","12":"taxable","13":"shipping-taxable","14":"purchasable","15":"product-type-simple"},"acf":[],"yoast_head":"<!-- This site is optimized with the Yoast SEO Premium plugin v26.6 (Yoast SEO v26.6) - https:\/\/yoast.com\/wordpress\/plugins\/seo\/ -->\n<title>Filme de Palete Extens\u00edvel Transparente Autom\u00e1tico 0,50 cm 16 kg 23\u00b5<\/title>\n<meta name=\"description\" content=\"Filme de palete extens\u00edvel transparente autom\u00e1tico 50 cm 16 kg 23 microns. Ideal para proteger e estabilizar as paletes na log\u00edstica e ind\u00fastria.\" \/>\n<meta name=\"robots\" content=\"index, follow, max-snippet:-1, max-image-preview:large, max-video-preview:-1\" \/>\n<link rel=\"canonical\" href=\"https:\/\/www.csj-emballages.com\/pt-pt\/produit\/pelicula-extensivel-automatica-para-paletes-transparente-050-cm-16-kg-23%c2%b5\/\" \/>\n<meta property=\"og:locale\" content=\"pt_PT\" \/>\n<meta property=\"og:type\" content=\"article\" \/>\n<meta property=\"og:title\" content=\"Filme de palete extens\u00edvel transparente autom\u00e1tico 0,50 cm 16 kg 23\u00b5\" \/>\n<meta property=\"og:description\" content=\"Filme de palete extens\u00edvel transparente autom\u00e1tico 50 cm 16 kg 23 microns. Ideal para proteger e estabilizar as paletes na log\u00edstica e ind\u00fastria.\" \/>\n<meta property=\"og:url\" content=\"https:\/\/www.csj-emballages.com\/pt-pt\/produit\/pelicula-extensivel-automatica-para-paletes-transparente-050-cm-16-kg-23%c2%b5\/\" \/>\n<meta property=\"og:site_name\" content=\"CSJ Emballages\" \/>\n<meta property=\"article:publisher\" content=\"https:\/\/www.facebook.com\/csjemballages\" \/>\n<meta property=\"article:modified_time\" content=\"2026-04-17T08:28:53+00:00\" \/>\n<meta property=\"og:image\" content=\"https:\/\/www.csj-emballages.com\/wp-content\/uploads\/2024\/03\/FLPAUTO-1.webp\" \/>\n\t<meta property=\"og:image:width\" content=\"800\" \/>\n\t<meta property=\"og:image:height\" content=\"800\" \/>\n\t<meta property=\"og:image:type\" content=\"image\/webp\" \/>\n<meta name=\"twitter:card\" content=\"summary_large_image\" \/>\n<meta name=\"twitter:label1\" content=\"Tempo estimado de leitura\" \/>\n\t<meta name=\"twitter:data1\" content=\"2 minutos\" \/>\n<script type=\"application\/ld+json\" class=\"yoast-schema-graph\">{\"@context\":\"https:\/\/schema.org\",\"@graph\":[{\"@type\":\"WebPage\",\"@id\":\"https:\/\/www.csj-emballages.com\/pt-pt\/produit\/pelicula-extensivel-automatica-para-paletes-transparente-050-cm-16-kg-23%c2%b5\/\",\"url\":\"https:\/\/www.csj-emballages.com\/pt-pt\/produit\/pelicula-extensivel-automatica-para-paletes-transparente-050-cm-16-kg-23%c2%b5\/\",\"name\":\"Filme de Palete Extens\u00edvel Transparente Autom\u00e1tico 0,50 cm 16 kg 23\u00b5\",\"isPartOf\":{\"@id\":\"https:\/\/www.csj-emballages.com\/pt-pt\/#website\"},\"primaryImageOfPage\":{\"@id\":\"https:\/\/www.csj-emballages.com\/pt-pt\/produit\/pelicula-extensivel-automatica-para-paletes-transparente-050-cm-16-kg-23%c2%b5\/#primaryimage\"},\"image\":{\"@id\":\"https:\/\/www.csj-emballages.com\/pt-pt\/produit\/pelicula-extensivel-automatica-para-paletes-transparente-050-cm-16-kg-23%c2%b5\/#primaryimage\"},\"thumbnailUrl\":\"https:\/\/www.csj-emballages.com\/wp-content\/uploads\/2024\/03\/FLPAUTO-1.webp\",\"datePublished\":\"2024-03-01T15:53:35+00:00\",\"dateModified\":\"2026-04-17T08:28:53+00:00\",\"description\":\"Filme de palete extens\u00edvel transparente autom\u00e1tico 50 cm 16 kg 23 microns. Ideal para proteger e estabilizar as paletes na log\u00edstica e ind\u00fastria.\",\"breadcrumb\":{\"@id\":\"https:\/\/www.csj-emballages.com\/pt-pt\/produit\/pelicula-extensivel-automatica-para-paletes-transparente-050-cm-16-kg-23%c2%b5\/#breadcrumb\"},\"inLanguage\":\"pt-PT\",\"potentialAction\":[{\"@type\":\"ReadAction\",\"target\":[\"https:\/\/www.csj-emballages.com\/pt-pt\/produit\/pelicula-extensivel-automatica-para-paletes-transparente-050-cm-16-kg-23%c2%b5\/\"]}]},{\"@type\":\"ImageObject\",\"inLanguage\":\"pt-PT\",\"@id\":\"https:\/\/www.csj-emballages.com\/pt-pt\/produit\/pelicula-extensivel-automatica-para-paletes-transparente-050-cm-16-kg-23%c2%b5\/#primaryimage\",\"url\":\"https:\/\/www.csj-emballages.com\/wp-content\/uploads\/2024\/03\/FLPAUTO-1.webp\",\"contentUrl\":\"https:\/\/www.csj-emballages.com\/wp-content\/uploads\/2024\/03\/FLPAUTO-1.webp\",\"width\":800,\"height\":800,\"caption\":\"palette\"},{\"@type\":\"BreadcrumbList\",\"@id\":\"https:\/\/www.csj-emballages.com\/pt-pt\/produit\/pelicula-extensivel-automatica-para-paletes-transparente-050-cm-16-kg-23%c2%b5\/#breadcrumb\",\"itemListElement\":[{\"@type\":\"ListItem\",\"position\":1,\"name\":\"Acolhimento\",\"item\":\"https:\/\/www.csj-emballages.com\/pt-pt\/universo-das-embalagens-alimentares\/\"},{\"@type\":\"ListItem\",\"position\":2,\"name\":\"Shop\",\"item\":\"https:\/\/www.csj-emballages.com\/shop\/\"},{\"@type\":\"ListItem\",\"position\":3,\"name\":\"Filme de palete extens\u00edvel transparente autom\u00e1tico 0,50 cm 16 kg 23\u00b5\"}]},{\"@type\":\"WebSite\",\"@id\":\"https:\/\/www.csj-emballages.com\/pt-pt\/#website\",\"url\":\"https:\/\/www.csj-emballages.com\/pt-pt\/\",\"name\":\"CSJ Emballages\",\"description\":\"\",\"publisher\":{\"@id\":\"https:\/\/www.csj-emballages.com\/pt-pt\/#organization\"},\"potentialAction\":[{\"@type\":\"SearchAction\",\"target\":{\"@type\":\"EntryPoint\",\"urlTemplate\":\"https:\/\/www.csj-emballages.com\/pt-pt\/?s={search_term_string}\"},\"query-input\":{\"@type\":\"PropertyValueSpecification\",\"valueRequired\":true,\"valueName\":\"search_term_string\"}}],\"inLanguage\":\"pt-PT\"},{\"@type\":\"Organization\",\"@id\":\"https:\/\/www.csj-emballages.com\/pt-pt\/#Organization\/\",\"name\":\"CSJ Emballages\",\"url\":\"https:\/\/www.csj-emballages.com\/pt-pt\/\",\"logo\":{\"@type\":\"ImageObject\",\"inLanguage\":\"pt-PT\",\"@id\":\"https:\/\/www.csj-emballages.com\/pt-pt\/#\/schema\/logo\/image\/\",\"url\":\"https:\/\/www.csj-emballages.com\/wp-content\/uploads\/2023\/10\/logo_csj.webp\",\"contentUrl\":\"https:\/\/www.csj-emballages.com\/wp-content\/uploads\/2023\/10\/logo_csj.webp\",\"width\":250,\"height\":95,\"caption\":\"CSJ Emballages\"},\"image\":{\"@id\":\"https:\/\/www.csj-emballages.com\/pt-pt\/#\/schema\/logo\/image\/\"},\"sameAs\":[\"https:\/\/www.facebook.com\/csjemballages\"],\"address\":{\"@type\":\"PostalAddress\",\"streetAddress\":\"ZI La Lechere\",\"addressLocality\":\"Patornay\",\"postalCode\":\"39130\",\"addressCountry\":\"FR\"},\"contactPoint\":[{\"@type\":\"ContactPoint\",\"contactType\":\"Service client\",\"telephone\":\"0384254272\",\"email\":\"contact@csj-emballages.com\"}]}]}<\/script>\n<!-- \/ Yoast SEO Premium plugin. -->","yoast_head_json":{"title":"Filme de Palete Extens\u00edvel Transparente Autom\u00e1tico 0,50 cm 16 kg 23\u00b5","description":"Filme de palete extens\u00edvel transparente autom\u00e1tico 50 cm 16 kg 23 microns. Ideal para proteger e estabilizar as paletes na log\u00edstica e ind\u00fastria.","robots":{"index":"index","follow":"follow","max-snippet":"max-snippet:-1","max-image-preview":"max-image-preview:large","max-video-preview":"max-video-preview:-1"},"canonical":"https:\/\/www.csj-emballages.com\/pt-pt\/produit\/pelicula-extensivel-automatica-para-paletes-transparente-050-cm-16-kg-23%c2%b5\/","og_locale":"pt_PT","og_type":"article","og_title":"Filme de palete extens\u00edvel transparente autom\u00e1tico 0,50 cm 16 kg 23\u00b5","og_description":"Filme de palete extens\u00edvel transparente autom\u00e1tico 50 cm 16 kg 23 microns. Ideal para proteger e estabilizar as paletes na log\u00edstica e ind\u00fastria.","og_url":"https:\/\/www.csj-emballages.com\/pt-pt\/produit\/pelicula-extensivel-automatica-para-paletes-transparente-050-cm-16-kg-23%c2%b5\/","og_site_name":"CSJ Emballages","article_publisher":"https:\/\/www.facebook.com\/csjemballages","article_modified_time":"2026-04-17T08:28:53+00:00","og_image":[{"width":800,"height":800,"url":"https:\/\/www.csj-emballages.com\/wp-content\/uploads\/2024\/03\/FLPAUTO-1.webp","type":"image\/webp"}],"twitter_card":"summary_large_image","twitter_misc":{"Tempo estimado de leitura":"2 minutos"},"schema":{"@context":"https:\/\/schema.org","@graph":[{"@type":"WebPage","@id":"https:\/\/www.csj-emballages.com\/pt-pt\/produit\/pelicula-extensivel-automatica-para-paletes-transparente-050-cm-16-kg-23%c2%b5\/","url":"https:\/\/www.csj-emballages.com\/pt-pt\/produit\/pelicula-extensivel-automatica-para-paletes-transparente-050-cm-16-kg-23%c2%b5\/","name":"Filme de Palete Extens\u00edvel Transparente Autom\u00e1tico 0,50 cm 16 kg 23\u00b5","isPartOf":{"@id":"https:\/\/www.csj-emballages.com\/pt-pt\/#website"},"primaryImageOfPage":{"@id":"https:\/\/www.csj-emballages.com\/pt-pt\/produit\/pelicula-extensivel-automatica-para-paletes-transparente-050-cm-16-kg-23%c2%b5\/#primaryimage"},"image":{"@id":"https:\/\/www.csj-emballages.com\/pt-pt\/produit\/pelicula-extensivel-automatica-para-paletes-transparente-050-cm-16-kg-23%c2%b5\/#primaryimage"},"thumbnailUrl":"https:\/\/www.csj-emballages.com\/wp-content\/uploads\/2024\/03\/FLPAUTO-1.webp","datePublished":"2024-03-01T15:53:35+00:00","dateModified":"2026-04-17T08:28:53+00:00","description":"Filme de palete extens\u00edvel transparente autom\u00e1tico 50 cm 16 kg 23 microns. Ideal para proteger e estabilizar as paletes na log\u00edstica e ind\u00fastria.","breadcrumb":{"@id":"https:\/\/www.csj-emballages.com\/pt-pt\/produit\/pelicula-extensivel-automatica-para-paletes-transparente-050-cm-16-kg-23%c2%b5\/#breadcrumb"},"inLanguage":"pt-PT","potentialAction":[{"@type":"ReadAction","target":["https:\/\/www.csj-emballages.com\/pt-pt\/produit\/pelicula-extensivel-automatica-para-paletes-transparente-050-cm-16-kg-23%c2%b5\/"]}]},{"@type":"ImageObject","inLanguage":"pt-PT","@id":"https:\/\/www.csj-emballages.com\/pt-pt\/produit\/pelicula-extensivel-automatica-para-paletes-transparente-050-cm-16-kg-23%c2%b5\/#primaryimage","url":"https:\/\/www.csj-emballages.com\/wp-content\/uploads\/2024\/03\/FLPAUTO-1.webp","contentUrl":"https:\/\/www.csj-emballages.com\/wp-content\/uploads\/2024\/03\/FLPAUTO-1.webp","width":800,"height":800,"caption":"palette"},{"@type":"BreadcrumbList","@id":"https:\/\/www.csj-emballages.com\/pt-pt\/produit\/pelicula-extensivel-automatica-para-paletes-transparente-050-cm-16-kg-23%c2%b5\/#breadcrumb","itemListElement":[{"@type":"ListItem","position":1,"name":"Acolhimento","item":"https:\/\/www.csj-emballages.com\/pt-pt\/universo-das-embalagens-alimentares\/"},{"@type":"ListItem","position":2,"name":"Shop","item":"https:\/\/www.csj-emballages.com\/shop\/"},{"@type":"ListItem","position":3,"name":"Filme de palete extens\u00edvel transparente autom\u00e1tico 0,50 cm 16 kg 23\u00b5"}]},{"@type":"WebSite","@id":"https:\/\/www.csj-emballages.com\/pt-pt\/#website","url":"https:\/\/www.csj-emballages.com\/pt-pt\/","name":"CSJ Emballages","description":"","publisher":{"@id":"https:\/\/www.csj-emballages.com\/pt-pt\/#organization"},"potentialAction":[{"@type":"SearchAction","target":{"@type":"EntryPoint","urlTemplate":"https:\/\/www.csj-emballages.com\/pt-pt\/?s={search_term_string}"},"query-input":{"@type":"PropertyValueSpecification","valueRequired":true,"valueName":"search_term_string"}}],"inLanguage":"pt-PT"},{"@type":"Organization","@id":"https:\/\/www.csj-emballages.com\/pt-pt\/#Organization\/","name":"CSJ Emballages","url":"https:\/\/www.csj-emballages.com\/pt-pt\/","logo":{"@type":"ImageObject","inLanguage":"pt-PT","@id":"https:\/\/www.csj-emballages.com\/pt-pt\/#\/schema\/logo\/image\/","url":"https:\/\/www.csj-emballages.com\/wp-content\/uploads\/2023\/10\/logo_csj.webp","contentUrl":"https:\/\/www.csj-emballages.com\/wp-content\/uploads\/2023\/10\/logo_csj.webp","width":250,"height":95,"caption":"CSJ Emballages"},"image":{"@id":"https:\/\/www.csj-emballages.com\/pt-pt\/#\/schema\/logo\/image\/"},"sameAs":["https:\/\/www.facebook.com\/csjemballages"],"address":{"@type":"PostalAddress","streetAddress":"ZI La Lechere","addressLocality":"Patornay","postalCode":"39130","addressCountry":"FR"},"contactPoint":[{"@type":"ContactPoint","contactType":"Service client","telephone":"0384254272","email":"contact@csj-emballages.com"}]}]}},"df_price":70.07,"df_sale_price":"","df_regular_price":70.07,"df_image_link":"https:\/\/www.csj-emballages.com\/wp-content\/uploads\/2024\/03\/FLPAUTO-1-300x300.webp","tiered_pricing_type":"fixed","tiered_pricing_fixed_rules":[],"tiered_pricing_percentage_rules":[],"tiered_pricing_minimum":1,"tiered_pricing_roles_data":[],"_links":{"self":[{"href":"https:\/\/www.csj-emballages.com\/pt-pt\/wp-json\/wp\/v2\/product\/20862","targetHints":{"allow":["GET"]}}],"collection":[{"href":"https:\/\/www.csj-emballages.com\/pt-pt\/wp-json\/wp\/v2\/product"}],"about":[{"href":"https:\/\/www.csj-emballages.com\/pt-pt\/wp-json\/wp\/v2\/types\/product"}],"wp:featuredmedia":[{"embeddable":true,"href":"https:\/\/www.csj-emballages.com\/pt-pt\/wp-json\/wp\/v2\/media\/263426"}],"wp:attachment":[{"href":"https:\/\/www.csj-emballages.com\/pt-pt\/wp-json\/wp\/v2\/media?parent=20862"}],"wp:term":[{"taxonomy":"product_brand","embeddable":true,"href":"https:\/\/www.csj-emballages.com\/pt-pt\/wp-json\/wp\/v2\/product_brand?post=20862"},{"taxonomy":"product_cat","embeddable":true,"href":"https:\/\/www.csj-emballages.com\/pt-pt\/wp-json\/wp\/v2\/product_cat?post=20862"},{"taxonomy":"product_tag","embeddable":true,"href":"https:\/\/www.csj-emballages.com\/pt-pt\/wp-json\/wp\/v2\/product_tag?post=20862"}],"curies":[{"name":"wp","href":"https:\/\/api.w.org\/{rel}","templated":true}]}}