{"id":20821,"date":"2024-03-01T16:53:37","date_gmt":"2024-03-01T15:53:37","guid":{"rendered":"https:\/\/u15jnbdpoq.preview.infomaniak.website\/produit\/rolo-de-pelicula-extensivel-de-qualidade-alimentar-em-caixa-dispensadora-300-x-030-m\/"},"modified":"2026-04-21T09:00:40","modified_gmt":"2026-04-21T07:00:40","slug":"rolo-de-pelicula-extensivel-de-qualidade-alimentar-em-caixa-dispensadora-300-x-030-m","status":"publish","type":"product","link":"https:\/\/www.csj-emballages.com\/pt-pt\/produit\/rolo-de-pelicula-extensivel-de-qualidade-alimentar-em-caixa-dispensadora-300-x-030-m\/","title":{"rendered":"Rolo de pel\u00edcula extens\u00edvel de qualidade alimentar em caixa dispensadora 300 x 0,30 m"},"content":{"rendered":"<h2 class=\"p1\">Rolo de pel\u00edcula extens\u00edvel<\/h2>\n<hr>\n<h3>Descri\u00e7\u00e3o do nosso rolo de pel\u00edcula extens\u00edvel de qualidade alimentar em caixa dispensadora 300 x 0,30 m<\/h3>\n<p><!--more--><\/p>\n<p data-start=\"105\" data-end=\"519\">O <strong>rolo de pel\u00edcula extens\u00edvel de qualidade alimentar<\/strong> <strong>numa caixa dispensadora<\/strong> \u00e9 essencial para conservar os alimentos na cozinha, quer sejas um profissional da restaura\u00e7\u00e3o, um fornecedor ou um consumidor exigente. Concebida para oferecer uma prote\u00e7\u00e3o \u00f3ptima, permite cobrir e embrulhar facilmente os teus preparados, garantindo uma frescura duradoura. <\/p>\n<p data-start=\"521\" data-end=\"935\">Gra\u00e7as \u00e0 sua pr\u00e1tica <strong>caixa dispensadora<\/strong>, esta pel\u00edcula \u00e9 f\u00e1cil de utilizar e cortar, evitando desperd\u00edcios e facilitando a prepara\u00e7\u00e3o na cozinha. O seu grande tamanho<strong>(300 metros de comprimento por 30 cm<\/strong> de largura) torna-o um aliado ideal para uma utiliza\u00e7\u00e3o frequente, proporcionando uma cobertura eficaz para uma multiplicidade de pratos, seja para refrigera\u00e7\u00e3o, apresenta\u00e7\u00e3o ou transporte. <\/p>\n<h3 data-start=\"937\" data-end=\"958\"><\/h3>\n<p><!--more--><\/p>\n<h4>Vantagens :<\/h4>\n<ul>\n<li data-start=\"959\" data-end=\"1054\">Mant\u00e9m a frescura dos alimentos e evita a sua desidrata\u00e7\u00e3o.<\/li>\n<li data-start=\"1055\" data-end=\"1167\">F\u00e1cil de usar, com corte integrado para poupar tempo na cozinha.<\/li>\n<li data-start=\"1168\" data-end=\"1259\">Ideal para uso profissional e dom\u00e9stico intensivo.<\/li>\n<li data-start=\"1260\" data-end=\"1372\">Adequado para cobrir pratos, travessas, tabuleiros ou embalar diretamente alimentos.<\/li>\n<li data-start=\"1373\" data-end=\"1477\">Pel\u00edcula em conformidade com as normas alimentares, sem transfer\u00eancia de sabor nem odor.<\/li>\n<li data-start=\"1478\" data-end=\"1588\">Adapta-se perfeitamente a recipientes e alimentos de diferentes formas.<\/li>\n<\/ul>\n<p>&nbsp;<\/p>\n<p><!--more--><\/p>\n<h4>Outras informa\u00e7\u00f5es :<\/h4>\n<ul>\n<li><strong>Embalagem<\/strong>: Por unidade<\/li>\n<li><strong>Dimens\u00f5es<\/strong>: 300 x 0,30 m<\/li>\n<\/ul>\n<p>&nbsp;<\/p>\n<p><!--more--><\/p>\n<p>Este produto tamb\u00e9m est\u00e1 dispon\u00edvel numa caixa de 45 cm: <span style=\"color: #d12727;\"><a style=\"color: #d12727;\" href=\"https:\/\/www.csj-emballages.com\/pt-pt\/produit\/rolo-de-pelicula-extensivel-de-qualidade-alimentar-em-caixa-dispensadora-300-x-045-m\/\">FL45<\/a><\/span><\/p>\n<p>&nbsp;<\/p>\n<p><!--more--><\/p>\n<p><a href=\"https:\/\/www.csj-emballages.com\/pt-pt\/categorie-produit\/embalagem-de-alimentos\/talho-e-charcutaria\/filmes-sobre-alimentacao\/pelicula-extensivel-para-alimentos-em-caixas-de-corte-de-pelicula-zip\/\">V\u00ea o resto da nossa gama de filmes sobre alimentos<\/a><\/p>\n","protected":false},"excerpt":{"rendered":"<p>Rolo de pel\u00edcula extens\u00edvel Descri\u00e7\u00e3o do nosso rolo de pel\u00edcula extens\u00edvel de qualidade alimentar em caixa dispensadora 300 x 0,30 m<\/p>\n","protected":false},"featured_media":265118,"template":"","meta":{"_acf_changed":false},"product_brand":[],"product_cat":[1141,1176,2027,2653],"product_tag":[],"class_list":{"0":"post-20821","1":"product","2":"type-product","3":"status-publish","4":"has-post-thumbnail","6":"product_cat-embalagem-de-alimentos","7":"product_cat-talho-e-charcutaria","8":"product_cat-filmes-sobre-alimentacao","9":"product_cat-pelicula-extensivel-de-qualidade-alimentar-em-caixas-dispensadoras","11":"first","12":"instock","13":"taxable","14":"shipping-taxable","15":"purchasable","16":"product-type-simple"},"acf":[],"yoast_head":"<!-- This site is optimized with the Yoast SEO Premium plugin v26.6 (Yoast SEO v26.6) - https:\/\/yoast.com\/wordpress\/plugins\/seo\/ -->\n<title>Rolo de pel\u00edcula estir\u00e1vel para alimentos em caixas dispensadoras<\/title>\n<meta name=\"description\" content=\"Rolo de pel\u00edcula aderente alimentar 300 x 0,30 m em caixa dispensadora. Ideal para catering, restaurantes e particulares. Protege, conserva e embala.\" \/>\n<meta name=\"robots\" content=\"index, follow, max-snippet:-1, max-image-preview:large, max-video-preview:-1\" \/>\n<link rel=\"canonical\" href=\"https:\/\/www.csj-emballages.com\/pt-pt\/produit\/rolo-de-pelicula-extensivel-de-qualidade-alimentar-em-caixa-dispensadora-300-x-030-m\/\" \/>\n<meta property=\"og:locale\" content=\"pt_PT\" \/>\n<meta property=\"og:type\" content=\"article\" \/>\n<meta property=\"og:title\" content=\"Rolo de pel\u00edcula extens\u00edvel de qualidade alimentar em caixa dispensadora 300 x 0,30 m\" \/>\n<meta property=\"og:description\" content=\"Rolo de pel\u00edcula aderente alimentar 300 x 0,30 m em caixa dispensadora. Ideal para catering, restaurantes e particulares. Protege, conserva e embala.\" \/>\n<meta property=\"og:url\" content=\"https:\/\/www.csj-emballages.com\/pt-pt\/produit\/rolo-de-pelicula-extensivel-de-qualidade-alimentar-em-caixa-dispensadora-300-x-030-m\/\" \/>\n<meta property=\"og:site_name\" content=\"CSJ Emballages\" \/>\n<meta property=\"article:publisher\" content=\"https:\/\/www.facebook.com\/csjemballages\" \/>\n<meta property=\"article:modified_time\" content=\"2026-04-21T07:00:40+00:00\" \/>\n<meta property=\"og:image\" content=\"https:\/\/www.csj-emballages.com\/wp-content\/uploads\/2024\/03\/FL30-1.webp\" \/>\n\t<meta property=\"og:image:width\" content=\"800\" \/>\n\t<meta property=\"og:image:height\" content=\"800\" \/>\n\t<meta property=\"og:image:type\" content=\"image\/webp\" \/>\n<meta name=\"twitter:card\" content=\"summary_large_image\" \/>\n<meta name=\"twitter:label1\" content=\"Tempo estimado de leitura\" \/>\n\t<meta name=\"twitter:data1\" content=\"1 minuto\" \/>\n<script type=\"application\/ld+json\" class=\"yoast-schema-graph\">{\"@context\":\"https:\/\/schema.org\",\"@graph\":[{\"@type\":\"WebPage\",\"@id\":\"https:\/\/www.csj-emballages.com\/pt-pt\/produit\/rolo-de-pelicula-extensivel-de-qualidade-alimentar-em-caixa-dispensadora-300-x-030-m\/\",\"url\":\"https:\/\/www.csj-emballages.com\/pt-pt\/produit\/rolo-de-pelicula-extensivel-de-qualidade-alimentar-em-caixa-dispensadora-300-x-030-m\/\",\"name\":\"Rolo de pel\u00edcula estir\u00e1vel para alimentos em caixas dispensadoras\",\"isPartOf\":{\"@id\":\"https:\/\/www.csj-emballages.com\/pt-pt\/#website\"},\"primaryImageOfPage\":{\"@id\":\"https:\/\/www.csj-emballages.com\/pt-pt\/produit\/rolo-de-pelicula-extensivel-de-qualidade-alimentar-em-caixa-dispensadora-300-x-030-m\/#primaryimage\"},\"image\":{\"@id\":\"https:\/\/www.csj-emballages.com\/pt-pt\/produit\/rolo-de-pelicula-extensivel-de-qualidade-alimentar-em-caixa-dispensadora-300-x-030-m\/#primaryimage\"},\"thumbnailUrl\":\"https:\/\/www.csj-emballages.com\/wp-content\/uploads\/2024\/03\/FL30-1.webp\",\"datePublished\":\"2024-03-01T15:53:37+00:00\",\"dateModified\":\"2026-04-21T07:00:40+00:00\",\"description\":\"Rolo de pel\u00edcula aderente alimentar 300 x 0,30 m em caixa dispensadora. Ideal para catering, restaurantes e particulares. Protege, conserva e embala.\",\"breadcrumb\":{\"@id\":\"https:\/\/www.csj-emballages.com\/pt-pt\/produit\/rolo-de-pelicula-extensivel-de-qualidade-alimentar-em-caixa-dispensadora-300-x-030-m\/#breadcrumb\"},\"inLanguage\":\"pt-PT\",\"potentialAction\":[{\"@type\":\"ReadAction\",\"target\":[\"https:\/\/www.csj-emballages.com\/pt-pt\/produit\/rolo-de-pelicula-extensivel-de-qualidade-alimentar-em-caixa-dispensadora-300-x-030-m\/\"]}]},{\"@type\":\"ImageObject\",\"inLanguage\":\"pt-PT\",\"@id\":\"https:\/\/www.csj-emballages.com\/pt-pt\/produit\/rolo-de-pelicula-extensivel-de-qualidade-alimentar-em-caixa-dispensadora-300-x-030-m\/#primaryimage\",\"url\":\"https:\/\/www.csj-emballages.com\/wp-content\/uploads\/2024\/03\/FL30-1.webp\",\"contentUrl\":\"https:\/\/www.csj-emballages.com\/wp-content\/uploads\/2024\/03\/FL30-1.webp\",\"width\":800,\"height\":800,\"caption\":\"Rouleau film \u00e9tirable\"},{\"@type\":\"BreadcrumbList\",\"@id\":\"https:\/\/www.csj-emballages.com\/pt-pt\/produit\/rolo-de-pelicula-extensivel-de-qualidade-alimentar-em-caixa-dispensadora-300-x-030-m\/#breadcrumb\",\"itemListElement\":[{\"@type\":\"ListItem\",\"position\":1,\"name\":\"Acolhimento\",\"item\":\"https:\/\/www.csj-emballages.com\/pt-pt\/universo-das-embalagens-alimentares\/\"},{\"@type\":\"ListItem\",\"position\":2,\"name\":\"Shop\",\"item\":\"https:\/\/www.csj-emballages.com\/shop\/\"},{\"@type\":\"ListItem\",\"position\":3,\"name\":\"Rolo de pel\u00edcula extens\u00edvel de qualidade alimentar em caixa dispensadora 300 x 0,30 m\"}]},{\"@type\":\"WebSite\",\"@id\":\"https:\/\/www.csj-emballages.com\/pt-pt\/#website\",\"url\":\"https:\/\/www.csj-emballages.com\/pt-pt\/\",\"name\":\"CSJ Emballages\",\"description\":\"\",\"publisher\":{\"@id\":\"https:\/\/www.csj-emballages.com\/pt-pt\/#organization\"},\"potentialAction\":[{\"@type\":\"SearchAction\",\"target\":{\"@type\":\"EntryPoint\",\"urlTemplate\":\"https:\/\/www.csj-emballages.com\/pt-pt\/?s={search_term_string}\"},\"query-input\":{\"@type\":\"PropertyValueSpecification\",\"valueRequired\":true,\"valueName\":\"search_term_string\"}}],\"inLanguage\":\"pt-PT\"},{\"@type\":\"Organization\",\"@id\":\"https:\/\/www.csj-emballages.com\/pt-pt\/#Organization\/\",\"name\":\"CSJ Emballages\",\"url\":\"https:\/\/www.csj-emballages.com\/pt-pt\/\",\"logo\":{\"@type\":\"ImageObject\",\"inLanguage\":\"pt-PT\",\"@id\":\"https:\/\/www.csj-emballages.com\/pt-pt\/#\/schema\/logo\/image\/\",\"url\":\"https:\/\/www.csj-emballages.com\/wp-content\/uploads\/2023\/10\/logo_csj.webp\",\"contentUrl\":\"https:\/\/www.csj-emballages.com\/wp-content\/uploads\/2023\/10\/logo_csj.webp\",\"width\":250,\"height\":95,\"caption\":\"CSJ Emballages\"},\"image\":{\"@id\":\"https:\/\/www.csj-emballages.com\/pt-pt\/#\/schema\/logo\/image\/\"},\"sameAs\":[\"https:\/\/www.facebook.com\/csjemballages\"],\"address\":{\"@type\":\"PostalAddress\",\"streetAddress\":\"ZI La Lechere\",\"addressLocality\":\"Patornay\",\"postalCode\":\"39130\",\"addressCountry\":\"FR\"},\"contactPoint\":[{\"@type\":\"ContactPoint\",\"contactType\":\"Service client\",\"telephone\":\"0384254272\",\"email\":\"contact@csj-emballages.com\"}]}]}<\/script>\n<!-- \/ Yoast SEO Premium plugin. -->","yoast_head_json":{"title":"Rolo de pel\u00edcula estir\u00e1vel para alimentos em caixas dispensadoras","description":"Rolo de pel\u00edcula aderente alimentar 300 x 0,30 m em caixa dispensadora. Ideal para catering, restaurantes e particulares. Protege, conserva e embala.","robots":{"index":"index","follow":"follow","max-snippet":"max-snippet:-1","max-image-preview":"max-image-preview:large","max-video-preview":"max-video-preview:-1"},"canonical":"https:\/\/www.csj-emballages.com\/pt-pt\/produit\/rolo-de-pelicula-extensivel-de-qualidade-alimentar-em-caixa-dispensadora-300-x-030-m\/","og_locale":"pt_PT","og_type":"article","og_title":"Rolo de pel\u00edcula extens\u00edvel de qualidade alimentar em caixa dispensadora 300 x 0,30 m","og_description":"Rolo de pel\u00edcula aderente alimentar 300 x 0,30 m em caixa dispensadora. Ideal para catering, restaurantes e particulares. Protege, conserva e embala.","og_url":"https:\/\/www.csj-emballages.com\/pt-pt\/produit\/rolo-de-pelicula-extensivel-de-qualidade-alimentar-em-caixa-dispensadora-300-x-030-m\/","og_site_name":"CSJ Emballages","article_publisher":"https:\/\/www.facebook.com\/csjemballages","article_modified_time":"2026-04-21T07:00:40+00:00","og_image":[{"width":800,"height":800,"url":"https:\/\/www.csj-emballages.com\/wp-content\/uploads\/2024\/03\/FL30-1.webp","type":"image\/webp"}],"twitter_card":"summary_large_image","twitter_misc":{"Tempo estimado de leitura":"1 minuto"},"schema":{"@context":"https:\/\/schema.org","@graph":[{"@type":"WebPage","@id":"https:\/\/www.csj-emballages.com\/pt-pt\/produit\/rolo-de-pelicula-extensivel-de-qualidade-alimentar-em-caixa-dispensadora-300-x-030-m\/","url":"https:\/\/www.csj-emballages.com\/pt-pt\/produit\/rolo-de-pelicula-extensivel-de-qualidade-alimentar-em-caixa-dispensadora-300-x-030-m\/","name":"Rolo de pel\u00edcula estir\u00e1vel para alimentos em caixas dispensadoras","isPartOf":{"@id":"https:\/\/www.csj-emballages.com\/pt-pt\/#website"},"primaryImageOfPage":{"@id":"https:\/\/www.csj-emballages.com\/pt-pt\/produit\/rolo-de-pelicula-extensivel-de-qualidade-alimentar-em-caixa-dispensadora-300-x-030-m\/#primaryimage"},"image":{"@id":"https:\/\/www.csj-emballages.com\/pt-pt\/produit\/rolo-de-pelicula-extensivel-de-qualidade-alimentar-em-caixa-dispensadora-300-x-030-m\/#primaryimage"},"thumbnailUrl":"https:\/\/www.csj-emballages.com\/wp-content\/uploads\/2024\/03\/FL30-1.webp","datePublished":"2024-03-01T15:53:37+00:00","dateModified":"2026-04-21T07:00:40+00:00","description":"Rolo de pel\u00edcula aderente alimentar 300 x 0,30 m em caixa dispensadora. Ideal para catering, restaurantes e particulares. Protege, conserva e embala.","breadcrumb":{"@id":"https:\/\/www.csj-emballages.com\/pt-pt\/produit\/rolo-de-pelicula-extensivel-de-qualidade-alimentar-em-caixa-dispensadora-300-x-030-m\/#breadcrumb"},"inLanguage":"pt-PT","potentialAction":[{"@type":"ReadAction","target":["https:\/\/www.csj-emballages.com\/pt-pt\/produit\/rolo-de-pelicula-extensivel-de-qualidade-alimentar-em-caixa-dispensadora-300-x-030-m\/"]}]},{"@type":"ImageObject","inLanguage":"pt-PT","@id":"https:\/\/www.csj-emballages.com\/pt-pt\/produit\/rolo-de-pelicula-extensivel-de-qualidade-alimentar-em-caixa-dispensadora-300-x-030-m\/#primaryimage","url":"https:\/\/www.csj-emballages.com\/wp-content\/uploads\/2024\/03\/FL30-1.webp","contentUrl":"https:\/\/www.csj-emballages.com\/wp-content\/uploads\/2024\/03\/FL30-1.webp","width":800,"height":800,"caption":"Rouleau film \u00e9tirable"},{"@type":"BreadcrumbList","@id":"https:\/\/www.csj-emballages.com\/pt-pt\/produit\/rolo-de-pelicula-extensivel-de-qualidade-alimentar-em-caixa-dispensadora-300-x-030-m\/#breadcrumb","itemListElement":[{"@type":"ListItem","position":1,"name":"Acolhimento","item":"https:\/\/www.csj-emballages.com\/pt-pt\/universo-das-embalagens-alimentares\/"},{"@type":"ListItem","position":2,"name":"Shop","item":"https:\/\/www.csj-emballages.com\/shop\/"},{"@type":"ListItem","position":3,"name":"Rolo de pel\u00edcula extens\u00edvel de qualidade alimentar em caixa dispensadora 300 x 0,30 m"}]},{"@type":"WebSite","@id":"https:\/\/www.csj-emballages.com\/pt-pt\/#website","url":"https:\/\/www.csj-emballages.com\/pt-pt\/","name":"CSJ Emballages","description":"","publisher":{"@id":"https:\/\/www.csj-emballages.com\/pt-pt\/#organization"},"potentialAction":[{"@type":"SearchAction","target":{"@type":"EntryPoint","urlTemplate":"https:\/\/www.csj-emballages.com\/pt-pt\/?s={search_term_string}"},"query-input":{"@type":"PropertyValueSpecification","valueRequired":true,"valueName":"search_term_string"}}],"inLanguage":"pt-PT"},{"@type":"Organization","@id":"https:\/\/www.csj-emballages.com\/pt-pt\/#Organization\/","name":"CSJ Emballages","url":"https:\/\/www.csj-emballages.com\/pt-pt\/","logo":{"@type":"ImageObject","inLanguage":"pt-PT","@id":"https:\/\/www.csj-emballages.com\/pt-pt\/#\/schema\/logo\/image\/","url":"https:\/\/www.csj-emballages.com\/wp-content\/uploads\/2023\/10\/logo_csj.webp","contentUrl":"https:\/\/www.csj-emballages.com\/wp-content\/uploads\/2023\/10\/logo_csj.webp","width":250,"height":95,"caption":"CSJ Emballages"},"image":{"@id":"https:\/\/www.csj-emballages.com\/pt-pt\/#\/schema\/logo\/image\/"},"sameAs":["https:\/\/www.facebook.com\/csjemballages"],"address":{"@type":"PostalAddress","streetAddress":"ZI La Lechere","addressLocality":"Patornay","postalCode":"39130","addressCountry":"FR"},"contactPoint":[{"@type":"ContactPoint","contactType":"Service client","telephone":"0384254272","email":"contact@csj-emballages.com"}]}]}},"df_price":5.77,"df_sale_price":"","df_regular_price":5.77,"df_image_link":"https:\/\/www.csj-emballages.com\/wp-content\/uploads\/2024\/03\/FL30-1-300x300.webp","tiered_pricing_type":"fixed","tiered_pricing_fixed_rules":[],"tiered_pricing_percentage_rules":[],"tiered_pricing_minimum":1,"tiered_pricing_roles_data":[],"_links":{"self":[{"href":"https:\/\/www.csj-emballages.com\/pt-pt\/wp-json\/wp\/v2\/product\/20821","targetHints":{"allow":["GET"]}}],"collection":[{"href":"https:\/\/www.csj-emballages.com\/pt-pt\/wp-json\/wp\/v2\/product"}],"about":[{"href":"https:\/\/www.csj-emballages.com\/pt-pt\/wp-json\/wp\/v2\/types\/product"}],"wp:featuredmedia":[{"embeddable":true,"href":"https:\/\/www.csj-emballages.com\/pt-pt\/wp-json\/wp\/v2\/media\/265118"}],"wp:attachment":[{"href":"https:\/\/www.csj-emballages.com\/pt-pt\/wp-json\/wp\/v2\/media?parent=20821"}],"wp:term":[{"taxonomy":"product_brand","embeddable":true,"href":"https:\/\/www.csj-emballages.com\/pt-pt\/wp-json\/wp\/v2\/product_brand?post=20821"},{"taxonomy":"product_cat","embeddable":true,"href":"https:\/\/www.csj-emballages.com\/pt-pt\/wp-json\/wp\/v2\/product_cat?post=20821"},{"taxonomy":"product_tag","embeddable":true,"href":"https:\/\/www.csj-emballages.com\/pt-pt\/wp-json\/wp\/v2\/product_tag?post=20821"}],"curies":[{"name":"wp","href":"https:\/\/api.w.org\/{rel}","templated":true}]}}