{"id":20817,"date":"2024-03-01T16:53:38","date_gmt":"2024-03-01T15:53:38","guid":{"rendered":"https:\/\/u15jnbdpoq.preview.infomaniak.website\/produit\/desenrolador-automatico-para-pelicula-e-aluminio-45-cm\/"},"modified":"2026-04-14T02:16:22","modified_gmt":"2026-04-14T00:16:22","slug":"desenrolador-automatico-para-pelicula-e-aluminio-45-cm","status":"publish","type":"product","link":"https:\/\/www.csj-emballages.com\/pt-pt\/produit\/desenrolador-automatico-para-pelicula-e-aluminio-45-cm\/","title":{"rendered":"Dispensador autom\u00e1tico de pel\u00edcula extens\u00edvel para pel\u00edcula e alum\u00ednio 45 cm"},"content":{"rendered":"<h2 class=\"p1\">Dispensador de pel\u00edcula extens\u00edvel<\/h2>\n<hr>\n<h3>Descri\u00e7\u00e3o do nosso dispensador autom\u00e1tico de pel\u00edcula extens\u00edvel de 45 cm para pel\u00edcula e alum\u00ednio<\/h3>\n<p><!--more--><\/p>\n<p data-start=\"125\" data-end=\"367\">O <strong>dispensador de pel\u00edcula extens\u00edvel<\/strong> \u00e9 um acess\u00f3rio essencial para os profissionais da restaura\u00e7\u00e3o, para os fornecedores de refei\u00e7\u00f5es e mesmo para os particulares que procuram rapidez e precis\u00e3o na prepara\u00e7\u00e3o e conserva\u00e7\u00e3o dos alimentos.<\/p>\n<p data-start=\"369\" data-end=\"756\">Gra\u00e7as ao seu sistema de corte autom\u00e1tico, corta tanto a <strong>pel\u00edcula aderente como a pel\u00edcula de alum\u00ednio de<\/strong> forma limpa e sem esfor\u00e7o, sem risco de rasgar ou desperdi\u00e7ar. Concebido para uma utiliza\u00e7\u00e3o di\u00e1ria intensiva, este <strong>dispensador de pel\u00edcula extens\u00edvel<\/strong> garante um corte suave e seguro, evitando um manuseamento fastidioso e perdas desnecess\u00e1rias de material. <\/p>\n<p data-start=\"758\" data-end=\"1090\">Com o seu formato compacto<strong data-start=\"767\" data-end=\"794\"> de 45 cm<\/strong>, adapta-se perfeitamente a rolos da mesma largura e \u00e9 f\u00e1cil de colocar numa bancada ou numa gaveta. O seu design ergon\u00f3mico torna-o confort\u00e1vel de segurar e intuitivo de utilizar, ideal para uma utiliza\u00e7\u00e3o r\u00e1pida tanto em cozinhas profissionais como dom\u00e9sticas. <\/p>\n<p data-start=\"758\" data-end=\"1090\">\n<p><!--more--><\/p>\n<h4>As suas vantagens:<\/h4>\n<ul>\n<li data-start=\"1125\" data-end=\"1221\"><strong data-start=\"1127\" data-end=\"1155\">Corte limpo e preciso<\/strong>: evita rasgar e desperdi\u00e7ar pel\u00edcula ou alum\u00ednio.<\/li>\n<li data-start=\"1222\" data-end=\"1327\"><strong data-start=\"1224\" data-end=\"1250\">Velocidade e efici\u00eancia<\/strong>: Sistema de corte autom\u00e1tico para um funcionamento suave e sem esfor\u00e7o.<\/li>\n<li data-start=\"1328\" data-end=\"1427\"><strong data-start=\"1330\" data-end=\"1355\">Higiene e prote\u00e7\u00e3o<\/strong>: Protege a pel\u00edcula e o alum\u00ednio do p\u00f3 e dos contaminantes externos.<\/li>\n<li data-start=\"1428\" data-end=\"1526\"><strong data-start=\"1430\" data-end=\"1445\">Versatilidade<\/strong>: Compat\u00edvel com pel\u00edcula alimentar e rolos de alum\u00ednio de 30 cm.<\/li>\n<li data-start=\"1527\" data-end=\"1609\"><strong data-start=\"1529\" data-end=\"1550\">Seguran\u00e7a \u00f3ptima<\/strong>: sistema de corte seguro para evitar ferimentos.<\/li>\n<li data-start=\"1610\" data-end=\"1687\"><strong data-start=\"1612\" data-end=\"1638\">Compacto e ergon\u00f3mico<\/strong>: f\u00e1cil de guardar e manusear no dia a dia.<\/li>\n<\/ul>\n<p>&nbsp;<\/p>\n<p><!--more--><\/p>\n<h4>Outras informa\u00e7\u00f5es :<\/h4>\n<ul>\n<li><strong>Embalagem<\/strong>: Por unidade<\/li>\n<li><strong>Dimens\u00f5es<\/strong>: 45 cm<\/li>\n<li><strong>Material<\/strong>: Pl\u00e1stico<\/li>\n<li><strong>Cor<\/strong>: Branco \/ Azul<\/li>\n<\/ul>\n<p>&nbsp;<\/p>\n<p><!--more--><\/p>\n<p><a href=\"\/?product_cat=distributeur-filmacut\">V\u00ea o resto da nossa gama de dispensadores FILMACUT<\/a><\/p>\n","protected":false},"excerpt":{"rendered":"<p>Dispensador de pel\u00edcula extens\u00edvel Descri\u00e7\u00e3o do nosso dispensador autom\u00e1tico de pel\u00edcula extens\u00edvel de 45 cm para pel\u00edcula e alum\u00ednio<\/p>\n","protected":false},"featured_media":227378,"template":"","meta":{"_acf_changed":false},"product_brand":[],"product_cat":[1176,2027,2650],"product_tag":[],"class_list":{"0":"post-20817","1":"product","2":"type-product","3":"status-publish","4":"has-post-thumbnail","6":"product_cat-talho-e-charcutaria","7":"product_cat-filmes-sobre-alimentacao","8":"product_cat-distribuidor-filmacut","10":"first","11":"instock","12":"taxable","13":"shipping-taxable","14":"purchasable","15":"product-type-simple"},"acf":[],"yoast_head":"<!-- This site is optimized with the Yoast SEO Premium plugin v26.6 (Yoast SEO v26.6) - https:\/\/yoast.com\/wordpress\/plugins\/seo\/ -->\n<title>Dispensador autom\u00e1tico de pel\u00edcula extens\u00edvel para pel\u00edcula e alum\u00ednio 45 cm<\/title>\n<meta name=\"description\" content=\"Facilita o corte dos rolos de pel\u00edcula alimentar e de folha de alum\u00ednio com o dispensador de pel\u00edcula extens\u00edvel de 45 cm. Corta de forma limpa e r\u00e1pida.\" \/>\n<meta name=\"robots\" content=\"index, follow, max-snippet:-1, max-image-preview:large, max-video-preview:-1\" \/>\n<link rel=\"canonical\" href=\"https:\/\/www.csj-emballages.com\/pt-pt\/produit\/desenrolador-automatico-para-pelicula-e-aluminio-45-cm\/\" \/>\n<meta property=\"og:locale\" content=\"pt_PT\" \/>\n<meta property=\"og:type\" content=\"article\" \/>\n<meta property=\"og:title\" content=\"Dispensador autom\u00e1tico de pel\u00edcula extens\u00edvel para pel\u00edcula e alum\u00ednio 45 cm\" \/>\n<meta property=\"og:description\" content=\"Facilita o corte dos rolos de pel\u00edcula alimentar e de folha de alum\u00ednio com o dispensador de pel\u00edcula extens\u00edvel de 45 cm. Corta de forma limpa e r\u00e1pida.\" \/>\n<meta property=\"og:url\" content=\"https:\/\/www.csj-emballages.com\/pt-pt\/produit\/desenrolador-automatico-para-pelicula-e-aluminio-45-cm\/\" \/>\n<meta property=\"og:site_name\" content=\"CSJ Emballages\" \/>\n<meta property=\"article:publisher\" content=\"https:\/\/www.facebook.com\/csjemballages\" \/>\n<meta property=\"article:modified_time\" content=\"2026-04-14T00:16:22+00:00\" \/>\n<meta property=\"og:image\" content=\"https:\/\/www.csj-emballages.com\/wp-content\/uploads\/2024\/03\/FILMACUT45.webp\" \/>\n\t<meta property=\"og:image:width\" content=\"800\" \/>\n\t<meta property=\"og:image:height\" content=\"800\" \/>\n\t<meta property=\"og:image:type\" content=\"image\/webp\" \/>\n<meta name=\"twitter:card\" content=\"summary_large_image\" \/>\n<meta name=\"twitter:label1\" content=\"Tempo estimado de leitura\" \/>\n\t<meta name=\"twitter:data1\" content=\"2 minutos\" \/>\n<script type=\"application\/ld+json\" class=\"yoast-schema-graph\">{\"@context\":\"https:\/\/schema.org\",\"@graph\":[{\"@type\":\"WebPage\",\"@id\":\"https:\/\/www.csj-emballages.com\/pt-pt\/produit\/desenrolador-automatico-para-pelicula-e-aluminio-45-cm\/\",\"url\":\"https:\/\/www.csj-emballages.com\/pt-pt\/produit\/desenrolador-automatico-para-pelicula-e-aluminio-45-cm\/\",\"name\":\"Dispensador autom\u00e1tico de pel\u00edcula extens\u00edvel para pel\u00edcula e alum\u00ednio 45 cm\",\"isPartOf\":{\"@id\":\"https:\/\/www.csj-emballages.com\/pt-pt\/#website\"},\"primaryImageOfPage\":{\"@id\":\"https:\/\/www.csj-emballages.com\/pt-pt\/produit\/desenrolador-automatico-para-pelicula-e-aluminio-45-cm\/#primaryimage\"},\"image\":{\"@id\":\"https:\/\/www.csj-emballages.com\/pt-pt\/produit\/desenrolador-automatico-para-pelicula-e-aluminio-45-cm\/#primaryimage\"},\"thumbnailUrl\":\"https:\/\/www.csj-emballages.com\/wp-content\/uploads\/2024\/03\/FILMACUT45.webp\",\"datePublished\":\"2024-03-01T15:53:38+00:00\",\"dateModified\":\"2026-04-14T00:16:22+00:00\",\"description\":\"Facilita o corte dos rolos de pel\u00edcula alimentar e de folha de alum\u00ednio com o dispensador de pel\u00edcula extens\u00edvel de 45 cm. Corta de forma limpa e r\u00e1pida.\",\"breadcrumb\":{\"@id\":\"https:\/\/www.csj-emballages.com\/pt-pt\/produit\/desenrolador-automatico-para-pelicula-e-aluminio-45-cm\/#breadcrumb\"},\"inLanguage\":\"pt-PT\",\"potentialAction\":[{\"@type\":\"ReadAction\",\"target\":[\"https:\/\/www.csj-emballages.com\/pt-pt\/produit\/desenrolador-automatico-para-pelicula-e-aluminio-45-cm\/\"]}]},{\"@type\":\"ImageObject\",\"inLanguage\":\"pt-PT\",\"@id\":\"https:\/\/www.csj-emballages.com\/pt-pt\/produit\/desenrolador-automatico-para-pelicula-e-aluminio-45-cm\/#primaryimage\",\"url\":\"https:\/\/www.csj-emballages.com\/wp-content\/uploads\/2024\/03\/FILMACUT45.webp\",\"contentUrl\":\"https:\/\/www.csj-emballages.com\/wp-content\/uploads\/2024\/03\/FILMACUT45.webp\",\"width\":800,\"height\":800,\"caption\":\"Distributeur film \u00e9tirable\"},{\"@type\":\"BreadcrumbList\",\"@id\":\"https:\/\/www.csj-emballages.com\/pt-pt\/produit\/desenrolador-automatico-para-pelicula-e-aluminio-45-cm\/#breadcrumb\",\"itemListElement\":[{\"@type\":\"ListItem\",\"position\":1,\"name\":\"Acolhimento\",\"item\":\"https:\/\/www.csj-emballages.com\/pt-pt\/universo-das-embalagens-alimentares\/\"},{\"@type\":\"ListItem\",\"position\":2,\"name\":\"Shop\",\"item\":\"https:\/\/www.csj-emballages.com\/shop\/\"},{\"@type\":\"ListItem\",\"position\":3,\"name\":\"Dispensador autom\u00e1tico de pel\u00edcula extens\u00edvel para pel\u00edcula e alum\u00ednio 45 cm\"}]},{\"@type\":\"WebSite\",\"@id\":\"https:\/\/www.csj-emballages.com\/pt-pt\/#website\",\"url\":\"https:\/\/www.csj-emballages.com\/pt-pt\/\",\"name\":\"CSJ Emballages\",\"description\":\"\",\"publisher\":{\"@id\":\"https:\/\/www.csj-emballages.com\/pt-pt\/#organization\"},\"potentialAction\":[{\"@type\":\"SearchAction\",\"target\":{\"@type\":\"EntryPoint\",\"urlTemplate\":\"https:\/\/www.csj-emballages.com\/pt-pt\/?s={search_term_string}\"},\"query-input\":{\"@type\":\"PropertyValueSpecification\",\"valueRequired\":true,\"valueName\":\"search_term_string\"}}],\"inLanguage\":\"pt-PT\"},{\"@type\":\"Organization\",\"@id\":\"https:\/\/www.csj-emballages.com\/pt-pt\/#Organization\/\",\"name\":\"CSJ Emballages\",\"url\":\"https:\/\/www.csj-emballages.com\/pt-pt\/\",\"logo\":{\"@type\":\"ImageObject\",\"inLanguage\":\"pt-PT\",\"@id\":\"https:\/\/www.csj-emballages.com\/pt-pt\/#\/schema\/logo\/image\/\",\"url\":\"https:\/\/www.csj-emballages.com\/wp-content\/uploads\/2023\/10\/logo_csj.webp\",\"contentUrl\":\"https:\/\/www.csj-emballages.com\/wp-content\/uploads\/2023\/10\/logo_csj.webp\",\"width\":250,\"height\":95,\"caption\":\"CSJ Emballages\"},\"image\":{\"@id\":\"https:\/\/www.csj-emballages.com\/pt-pt\/#\/schema\/logo\/image\/\"},\"sameAs\":[\"https:\/\/www.facebook.com\/csjemballages\"],\"address\":{\"@type\":\"PostalAddress\",\"streetAddress\":\"ZI La Lechere\",\"addressLocality\":\"Patornay\",\"postalCode\":\"39130\",\"addressCountry\":\"FR\"},\"contactPoint\":[{\"@type\":\"ContactPoint\",\"contactType\":\"Service client\",\"telephone\":\"0384254272\",\"email\":\"contact@csj-emballages.com\"}]}]}<\/script>\n<!-- \/ Yoast SEO Premium plugin. -->","yoast_head_json":{"title":"Dispensador autom\u00e1tico de pel\u00edcula extens\u00edvel para pel\u00edcula e alum\u00ednio 45 cm","description":"Facilita o corte dos rolos de pel\u00edcula alimentar e de folha de alum\u00ednio com o dispensador de pel\u00edcula extens\u00edvel de 45 cm. Corta de forma limpa e r\u00e1pida.","robots":{"index":"index","follow":"follow","max-snippet":"max-snippet:-1","max-image-preview":"max-image-preview:large","max-video-preview":"max-video-preview:-1"},"canonical":"https:\/\/www.csj-emballages.com\/pt-pt\/produit\/desenrolador-automatico-para-pelicula-e-aluminio-45-cm\/","og_locale":"pt_PT","og_type":"article","og_title":"Dispensador autom\u00e1tico de pel\u00edcula extens\u00edvel para pel\u00edcula e alum\u00ednio 45 cm","og_description":"Facilita o corte dos rolos de pel\u00edcula alimentar e de folha de alum\u00ednio com o dispensador de pel\u00edcula extens\u00edvel de 45 cm. Corta de forma limpa e r\u00e1pida.","og_url":"https:\/\/www.csj-emballages.com\/pt-pt\/produit\/desenrolador-automatico-para-pelicula-e-aluminio-45-cm\/","og_site_name":"CSJ Emballages","article_publisher":"https:\/\/www.facebook.com\/csjemballages","article_modified_time":"2026-04-14T00:16:22+00:00","og_image":[{"width":800,"height":800,"url":"https:\/\/www.csj-emballages.com\/wp-content\/uploads\/2024\/03\/FILMACUT45.webp","type":"image\/webp"}],"twitter_card":"summary_large_image","twitter_misc":{"Tempo estimado de leitura":"2 minutos"},"schema":{"@context":"https:\/\/schema.org","@graph":[{"@type":"WebPage","@id":"https:\/\/www.csj-emballages.com\/pt-pt\/produit\/desenrolador-automatico-para-pelicula-e-aluminio-45-cm\/","url":"https:\/\/www.csj-emballages.com\/pt-pt\/produit\/desenrolador-automatico-para-pelicula-e-aluminio-45-cm\/","name":"Dispensador autom\u00e1tico de pel\u00edcula extens\u00edvel para pel\u00edcula e alum\u00ednio 45 cm","isPartOf":{"@id":"https:\/\/www.csj-emballages.com\/pt-pt\/#website"},"primaryImageOfPage":{"@id":"https:\/\/www.csj-emballages.com\/pt-pt\/produit\/desenrolador-automatico-para-pelicula-e-aluminio-45-cm\/#primaryimage"},"image":{"@id":"https:\/\/www.csj-emballages.com\/pt-pt\/produit\/desenrolador-automatico-para-pelicula-e-aluminio-45-cm\/#primaryimage"},"thumbnailUrl":"https:\/\/www.csj-emballages.com\/wp-content\/uploads\/2024\/03\/FILMACUT45.webp","datePublished":"2024-03-01T15:53:38+00:00","dateModified":"2026-04-14T00:16:22+00:00","description":"Facilita o corte dos rolos de pel\u00edcula alimentar e de folha de alum\u00ednio com o dispensador de pel\u00edcula extens\u00edvel de 45 cm. Corta de forma limpa e r\u00e1pida.","breadcrumb":{"@id":"https:\/\/www.csj-emballages.com\/pt-pt\/produit\/desenrolador-automatico-para-pelicula-e-aluminio-45-cm\/#breadcrumb"},"inLanguage":"pt-PT","potentialAction":[{"@type":"ReadAction","target":["https:\/\/www.csj-emballages.com\/pt-pt\/produit\/desenrolador-automatico-para-pelicula-e-aluminio-45-cm\/"]}]},{"@type":"ImageObject","inLanguage":"pt-PT","@id":"https:\/\/www.csj-emballages.com\/pt-pt\/produit\/desenrolador-automatico-para-pelicula-e-aluminio-45-cm\/#primaryimage","url":"https:\/\/www.csj-emballages.com\/wp-content\/uploads\/2024\/03\/FILMACUT45.webp","contentUrl":"https:\/\/www.csj-emballages.com\/wp-content\/uploads\/2024\/03\/FILMACUT45.webp","width":800,"height":800,"caption":"Distributeur film \u00e9tirable"},{"@type":"BreadcrumbList","@id":"https:\/\/www.csj-emballages.com\/pt-pt\/produit\/desenrolador-automatico-para-pelicula-e-aluminio-45-cm\/#breadcrumb","itemListElement":[{"@type":"ListItem","position":1,"name":"Acolhimento","item":"https:\/\/www.csj-emballages.com\/pt-pt\/universo-das-embalagens-alimentares\/"},{"@type":"ListItem","position":2,"name":"Shop","item":"https:\/\/www.csj-emballages.com\/shop\/"},{"@type":"ListItem","position":3,"name":"Dispensador autom\u00e1tico de pel\u00edcula extens\u00edvel para pel\u00edcula e alum\u00ednio 45 cm"}]},{"@type":"WebSite","@id":"https:\/\/www.csj-emballages.com\/pt-pt\/#website","url":"https:\/\/www.csj-emballages.com\/pt-pt\/","name":"CSJ Emballages","description":"","publisher":{"@id":"https:\/\/www.csj-emballages.com\/pt-pt\/#organization"},"potentialAction":[{"@type":"SearchAction","target":{"@type":"EntryPoint","urlTemplate":"https:\/\/www.csj-emballages.com\/pt-pt\/?s={search_term_string}"},"query-input":{"@type":"PropertyValueSpecification","valueRequired":true,"valueName":"search_term_string"}}],"inLanguage":"pt-PT"},{"@type":"Organization","@id":"https:\/\/www.csj-emballages.com\/pt-pt\/#Organization\/","name":"CSJ Emballages","url":"https:\/\/www.csj-emballages.com\/pt-pt\/","logo":{"@type":"ImageObject","inLanguage":"pt-PT","@id":"https:\/\/www.csj-emballages.com\/pt-pt\/#\/schema\/logo\/image\/","url":"https:\/\/www.csj-emballages.com\/wp-content\/uploads\/2023\/10\/logo_csj.webp","contentUrl":"https:\/\/www.csj-emballages.com\/wp-content\/uploads\/2023\/10\/logo_csj.webp","width":250,"height":95,"caption":"CSJ Emballages"},"image":{"@id":"https:\/\/www.csj-emballages.com\/pt-pt\/#\/schema\/logo\/image\/"},"sameAs":["https:\/\/www.facebook.com\/csjemballages"],"address":{"@type":"PostalAddress","streetAddress":"ZI La Lechere","addressLocality":"Patornay","postalCode":"39130","addressCountry":"FR"},"contactPoint":[{"@type":"ContactPoint","contactType":"Service client","telephone":"0384254272","email":"contact@csj-emballages.com"}]}]}},"df_price":71.03,"df_sale_price":"","df_regular_price":71.03,"df_image_link":"https:\/\/www.csj-emballages.com\/wp-content\/uploads\/2024\/03\/FILMACUT45-300x300.webp","tiered_pricing_type":"fixed","tiered_pricing_fixed_rules":[],"tiered_pricing_percentage_rules":[],"tiered_pricing_minimum":1,"tiered_pricing_roles_data":[],"_links":{"self":[{"href":"https:\/\/www.csj-emballages.com\/pt-pt\/wp-json\/wp\/v2\/product\/20817","targetHints":{"allow":["GET"]}}],"collection":[{"href":"https:\/\/www.csj-emballages.com\/pt-pt\/wp-json\/wp\/v2\/product"}],"about":[{"href":"https:\/\/www.csj-emballages.com\/pt-pt\/wp-json\/wp\/v2\/types\/product"}],"wp:featuredmedia":[{"embeddable":true,"href":"https:\/\/www.csj-emballages.com\/pt-pt\/wp-json\/wp\/v2\/media\/227378"}],"wp:attachment":[{"href":"https:\/\/www.csj-emballages.com\/pt-pt\/wp-json\/wp\/v2\/media?parent=20817"}],"wp:term":[{"taxonomy":"product_brand","embeddable":true,"href":"https:\/\/www.csj-emballages.com\/pt-pt\/wp-json\/wp\/v2\/product_brand?post=20817"},{"taxonomy":"product_cat","embeddable":true,"href":"https:\/\/www.csj-emballages.com\/pt-pt\/wp-json\/wp\/v2\/product_cat?post=20817"},{"taxonomy":"product_tag","embeddable":true,"href":"https:\/\/www.csj-emballages.com\/pt-pt\/wp-json\/wp\/v2\/product_tag?post=20817"}],"curies":[{"name":"wp","href":"https:\/\/api.w.org\/{rel}","templated":true}]}}