{"id":20807,"date":"2024-03-01T16:54:18","date_gmt":"2024-03-01T15:54:18","guid":{"rendered":"https:\/\/u15jnbdpoq.preview.infomaniak.website\/produit\/rede-elastica-de-16-malhas-50m\/"},"modified":"2026-04-18T02:14:30","modified_gmt":"2026-04-18T00:14:30","slug":"rede-elastica-de-16-malhas-50m","status":"publish","type":"product","link":"https:\/\/www.csj-emballages.com\/pt-pt\/produit\/rede-elastica-de-16-malhas-50m\/","title":{"rendered":"Rede el\u00e1stica de 16 malhas 50m"},"content":{"rendered":"<h2 class=\"p1\">Rede el\u00e1stica<\/h2>\n<hr>\n<h3>Descri\u00e7\u00e3o da nossa rede el\u00e1stica de 16 malhas 50m<\/h3>\n<p><!--more--><\/p>\n<p data-start=\"220\" data-end=\"540\">A <strong>rede el\u00e1stica 16 malhas em rolo de 50 metros<\/strong> foi especialmente concebida para a fixa\u00e7\u00e3o e a modela\u00e7\u00e3o de <strong>prepara\u00e7\u00f5es de talho e charcutaria<\/strong>. Flex\u00edvel e resistente, permite garantir uma fixa\u00e7\u00e3o uniforme de <strong>assados, presuntos, paupiettes ou outras pe\u00e7as de carne<\/strong> destinadas \u00e0 cozedura ou \u00e0 apresenta\u00e7\u00e3o. <\/p>\n<p data-start=\"542\" data-end=\"811\">Gra\u00e7as \u00e0 sua <strong>estrutura de 16 malhas<\/strong>, esta rede oferece uma fixa\u00e7\u00e3o ideal, adaptando-se facilmente a diferentes tamanhos de pe\u00e7as. A sua elasticidade garante um aperto regular sem deformar a carne, assegurando uma cozedura uniforme e uma apresenta\u00e7\u00e3o cuidada. <\/p>\n<p data-start=\"813\" data-end=\"1086\">F\u00e1cil de usar e de cortar no comprimento desejado, adapta-se \u00e0s necessidades di\u00e1rias dos profissionais. Embalado em rolo de <strong>50 metros<\/strong>, constitui uma solu\u00e7\u00e3o econ\u00f3mica e pr\u00e1tica para talhos, charcutarias, empresas de catering e oficinas de transforma\u00e7\u00e3o. <\/p>\n<p data-start=\"1088\" data-end=\"1248\">Concebida para uso alimentar, esta <strong>rede el\u00e1stica<\/strong> \u00e9 um acess\u00f3rio indispens\u00e1vel para obter um resultado profissional, tanto na montra como ap\u00f3s a cozedura.<\/p>\n<p>&nbsp;<\/p>\n<p><!--more--><\/p>\n<p><strong>Vantagens :<\/strong><\/p>\n<ul>\n<li data-start=\"530\" data-end=\"622\">Permite moldar e conservar a forma das pe\u00e7as de carne.<\/li>\n<li data-start=\"623\" data-end=\"695\">Assegura uma boa fixa\u00e7\u00e3o sem comprimir demasiado.<\/li>\n<li data-start=\"696\" data-end=\"792\">Adequado para charcutaria, assados e outras prepara\u00e7\u00f5es.<\/li>\n<li data-start=\"793\" data-end=\"877\">Rolo de <strong data-start=\"830\" data-end=\"843\">50 metros<\/strong> para uma utiliza\u00e7\u00e3o prolongada.<\/li>\n<li data-start=\"878\" data-end=\"961\">Concebido para suportar temperaturas de cozedura.<\/li>\n<\/ul>\n<p>&nbsp;<\/p>\n<p><!--more--><\/p>\n<h4>Outras informa\u00e7\u00f5es :<\/h4>\n<ul>\n<li><strong>Embalagem<\/strong>: Por unidade<\/li>\n<li><b>Comprimento: <\/b>50 m<\/li>\n<li><strong>Cor<\/strong>: Branco<\/li>\n<li><strong>Material<\/strong>: Poli\u00e9ster<\/li>\n<li><strong>N\u00famero de malhas<\/strong>: 16<\/li>\n<li><strong>Temperatura de funcionamento<\/strong>: -18\u00baC\/+100\u00baC<\/li>\n<\/ul>\n<p>&nbsp;<\/p>\n<p><!--more--><\/p>\n<p>Este produto est\u00e1 dispon\u00edvel em diferentes tamanhos: <span style=\"color: #d12727;\"><a style=\"color: #d12727;\" href=\"https:\/\/www.csj-emballages.com\/es\/produit\/red-elastica-de-malla-14-50-m\/\">14 pontos<\/a><\/span> \/ <span style=\"color: #d12727;\"><a style=\"color: #d12727;\" href=\"https:\/\/www.csj-emballages.com\/es\/produit\/red-elastica-18-mallas-50-m\/\">18 malhas<\/a><\/span><\/p>\n<p>&nbsp;<\/p>\n<p><!--more--><\/p>\n<p><a href=\"https:\/\/www.csj-emballages.com\/pt-pt\/categorie-produit\/embalagem-de-alimentos\/talho-e-charcutaria\/bobinas-redes\/\">Ver o resto da nossa gama de bobinas \/ redes<\/a><\/p>\n","protected":false},"excerpt":{"rendered":"<p>Rede el\u00e1stica Descri\u00e7\u00e3o da nossa rede el\u00e1stica de 16 malhas 50m<\/p>\n","protected":false},"featured_media":225346,"template":"","meta":{"_acf_changed":false},"product_brand":[],"product_cat":[1176,2613],"product_tag":[],"class_list":{"0":"post-20807","1":"product","2":"type-product","3":"status-publish","4":"has-post-thumbnail","6":"product_cat-talho-e-charcutaria","7":"product_cat-bobinas-redes","9":"first","10":"instock","11":"taxable","12":"shipping-taxable","13":"purchasable","14":"product-type-simple"},"acf":[],"yoast_head":"<!-- This site is optimized with the Yoast SEO Premium plugin v26.6 (Yoast SEO v26.6) - https:\/\/yoast.com\/wordpress\/plugins\/seo\/ -->\n<title>Rede el\u00e1stica de 16 malhas 50m<\/title>\n<meta name=\"description\" content=\"Rede el\u00e1stica 16 malhas - 50 m: Ideal para manter e moldar carnes durante a cozedura ou armazenamento. Resistente e flex\u00edvel, sustenta\u00e7\u00e3o perfeita.\" \/>\n<meta name=\"robots\" content=\"index, follow, max-snippet:-1, max-image-preview:large, max-video-preview:-1\" \/>\n<link rel=\"canonical\" href=\"https:\/\/www.csj-emballages.com\/pt-pt\/produit\/rede-elastica-de-16-malhas-50m\/\" \/>\n<meta property=\"og:locale\" content=\"pt_PT\" \/>\n<meta property=\"og:type\" content=\"article\" \/>\n<meta property=\"og:title\" content=\"Rede el\u00e1stica de 16 malhas 50m\" \/>\n<meta property=\"og:description\" content=\"Rede el\u00e1stica 16 malhas - 50 m: Ideal para manter e moldar carnes durante a cozedura ou armazenamento. Resistente e flex\u00edvel, sustenta\u00e7\u00e3o perfeita.\" \/>\n<meta property=\"og:url\" content=\"https:\/\/www.csj-emballages.com\/pt-pt\/produit\/rede-elastica-de-16-malhas-50m\/\" \/>\n<meta property=\"og:site_name\" content=\"CSJ Emballages\" \/>\n<meta property=\"article:publisher\" content=\"https:\/\/www.facebook.com\/csjemballages\" \/>\n<meta property=\"article:modified_time\" content=\"2026-04-18T00:14:30+00:00\" \/>\n<meta property=\"og:image\" content=\"https:\/\/www.csj-emballages.com\/wp-content\/uploads\/2024\/03\/Filets-14-png.webp\" \/>\n\t<meta property=\"og:image:width\" content=\"800\" \/>\n\t<meta property=\"og:image:height\" content=\"800\" \/>\n\t<meta property=\"og:image:type\" content=\"image\/png\" \/>\n<meta name=\"twitter:card\" content=\"summary_large_image\" \/>\n<meta name=\"twitter:label1\" content=\"Tempo estimado de leitura\" \/>\n\t<meta name=\"twitter:data1\" content=\"1 minuto\" \/>\n<script type=\"application\/ld+json\" class=\"yoast-schema-graph\">{\"@context\":\"https:\/\/schema.org\",\"@graph\":[{\"@type\":\"WebPage\",\"@id\":\"https:\/\/www.csj-emballages.com\/pt-pt\/produit\/rede-elastica-de-16-malhas-50m\/\",\"url\":\"https:\/\/www.csj-emballages.com\/pt-pt\/produit\/rede-elastica-de-16-malhas-50m\/\",\"name\":\"Rede el\u00e1stica de 16 malhas 50m\",\"isPartOf\":{\"@id\":\"https:\/\/www.csj-emballages.com\/pt-pt\/#website\"},\"primaryImageOfPage\":{\"@id\":\"https:\/\/www.csj-emballages.com\/pt-pt\/produit\/rede-elastica-de-16-malhas-50m\/#primaryimage\"},\"image\":{\"@id\":\"https:\/\/www.csj-emballages.com\/pt-pt\/produit\/rede-elastica-de-16-malhas-50m\/#primaryimage\"},\"thumbnailUrl\":\"https:\/\/www.csj-emballages.com\/wp-content\/uploads\/2024\/03\/Filets-14-png.webp\",\"datePublished\":\"2024-03-01T15:54:18+00:00\",\"dateModified\":\"2026-04-18T00:14:30+00:00\",\"description\":\"Rede el\u00e1stica 16 malhas - 50 m: Ideal para manter e moldar carnes durante a cozedura ou armazenamento. Resistente e flex\u00edvel, sustenta\u00e7\u00e3o perfeita.\",\"breadcrumb\":{\"@id\":\"https:\/\/www.csj-emballages.com\/pt-pt\/produit\/rede-elastica-de-16-malhas-50m\/#breadcrumb\"},\"inLanguage\":\"pt-PT\",\"potentialAction\":[{\"@type\":\"ReadAction\",\"target\":[\"https:\/\/www.csj-emballages.com\/pt-pt\/produit\/rede-elastica-de-16-malhas-50m\/\"]}]},{\"@type\":\"ImageObject\",\"inLanguage\":\"pt-PT\",\"@id\":\"https:\/\/www.csj-emballages.com\/pt-pt\/produit\/rede-elastica-de-16-malhas-50m\/#primaryimage\",\"url\":\"https:\/\/www.csj-emballages.com\/wp-content\/uploads\/2024\/03\/Filets-14-png.webp\",\"contentUrl\":\"https:\/\/www.csj-emballages.com\/wp-content\/uploads\/2024\/03\/Filets-14-png.webp\",\"width\":800,\"height\":800,\"caption\":\"Filet \u00e9lastique 14 mailles - 50 m : Id\u00e9al pour le maintien et le fa\u00e7onnage des viandes en cuisson ou stockage. R\u00e9sistant et souple, il garantit un maintien parfait\"},{\"@type\":\"BreadcrumbList\",\"@id\":\"https:\/\/www.csj-emballages.com\/pt-pt\/produit\/rede-elastica-de-16-malhas-50m\/#breadcrumb\",\"itemListElement\":[{\"@type\":\"ListItem\",\"position\":1,\"name\":\"Acolhimento\",\"item\":\"https:\/\/www.csj-emballages.com\/pt-pt\/universo-das-embalagens-alimentares\/\"},{\"@type\":\"ListItem\",\"position\":2,\"name\":\"Shop\",\"item\":\"https:\/\/www.csj-emballages.com\/shop\/\"},{\"@type\":\"ListItem\",\"position\":3,\"name\":\"Rede el\u00e1stica de 16 malhas 50m\"}]},{\"@type\":\"WebSite\",\"@id\":\"https:\/\/www.csj-emballages.com\/pt-pt\/#website\",\"url\":\"https:\/\/www.csj-emballages.com\/pt-pt\/\",\"name\":\"CSJ Emballages\",\"description\":\"\",\"publisher\":{\"@id\":\"https:\/\/www.csj-emballages.com\/pt-pt\/#organization\"},\"potentialAction\":[{\"@type\":\"SearchAction\",\"target\":{\"@type\":\"EntryPoint\",\"urlTemplate\":\"https:\/\/www.csj-emballages.com\/pt-pt\/?s={search_term_string}\"},\"query-input\":{\"@type\":\"PropertyValueSpecification\",\"valueRequired\":true,\"valueName\":\"search_term_string\"}}],\"inLanguage\":\"pt-PT\"},{\"@type\":\"Organization\",\"@id\":\"https:\/\/www.csj-emballages.com\/pt-pt\/#Organization\/\",\"name\":\"CSJ Emballages\",\"url\":\"https:\/\/www.csj-emballages.com\/pt-pt\/\",\"logo\":{\"@type\":\"ImageObject\",\"inLanguage\":\"pt-PT\",\"@id\":\"https:\/\/www.csj-emballages.com\/pt-pt\/#\/schema\/logo\/image\/\",\"url\":\"https:\/\/www.csj-emballages.com\/wp-content\/uploads\/2023\/10\/logo_csj.webp\",\"contentUrl\":\"https:\/\/www.csj-emballages.com\/wp-content\/uploads\/2023\/10\/logo_csj.webp\",\"width\":250,\"height\":95,\"caption\":\"CSJ Emballages\"},\"image\":{\"@id\":\"https:\/\/www.csj-emballages.com\/pt-pt\/#\/schema\/logo\/image\/\"},\"sameAs\":[\"https:\/\/www.facebook.com\/csjemballages\"],\"address\":{\"@type\":\"PostalAddress\",\"streetAddress\":\"ZI La Lechere\",\"addressLocality\":\"Patornay\",\"postalCode\":\"39130\",\"addressCountry\":\"FR\"},\"contactPoint\":[{\"@type\":\"ContactPoint\",\"contactType\":\"Service client\",\"telephone\":\"0384254272\",\"email\":\"contact@csj-emballages.com\"}]}]}<\/script>\n<!-- \/ Yoast SEO Premium plugin. -->","yoast_head_json":{"title":"Rede el\u00e1stica de 16 malhas 50m","description":"Rede el\u00e1stica 16 malhas - 50 m: Ideal para manter e moldar carnes durante a cozedura ou armazenamento. Resistente e flex\u00edvel, sustenta\u00e7\u00e3o perfeita.","robots":{"index":"index","follow":"follow","max-snippet":"max-snippet:-1","max-image-preview":"max-image-preview:large","max-video-preview":"max-video-preview:-1"},"canonical":"https:\/\/www.csj-emballages.com\/pt-pt\/produit\/rede-elastica-de-16-malhas-50m\/","og_locale":"pt_PT","og_type":"article","og_title":"Rede el\u00e1stica de 16 malhas 50m","og_description":"Rede el\u00e1stica 16 malhas - 50 m: Ideal para manter e moldar carnes durante a cozedura ou armazenamento. Resistente e flex\u00edvel, sustenta\u00e7\u00e3o perfeita.","og_url":"https:\/\/www.csj-emballages.com\/pt-pt\/produit\/rede-elastica-de-16-malhas-50m\/","og_site_name":"CSJ Emballages","article_publisher":"https:\/\/www.facebook.com\/csjemballages","article_modified_time":"2026-04-18T00:14:30+00:00","og_image":[{"width":800,"height":800,"url":"https:\/\/www.csj-emballages.com\/wp-content\/uploads\/2024\/03\/Filets-14-png.webp","type":"image\/png"}],"twitter_card":"summary_large_image","twitter_misc":{"Tempo estimado de leitura":"1 minuto"},"schema":{"@context":"https:\/\/schema.org","@graph":[{"@type":"WebPage","@id":"https:\/\/www.csj-emballages.com\/pt-pt\/produit\/rede-elastica-de-16-malhas-50m\/","url":"https:\/\/www.csj-emballages.com\/pt-pt\/produit\/rede-elastica-de-16-malhas-50m\/","name":"Rede el\u00e1stica de 16 malhas 50m","isPartOf":{"@id":"https:\/\/www.csj-emballages.com\/pt-pt\/#website"},"primaryImageOfPage":{"@id":"https:\/\/www.csj-emballages.com\/pt-pt\/produit\/rede-elastica-de-16-malhas-50m\/#primaryimage"},"image":{"@id":"https:\/\/www.csj-emballages.com\/pt-pt\/produit\/rede-elastica-de-16-malhas-50m\/#primaryimage"},"thumbnailUrl":"https:\/\/www.csj-emballages.com\/wp-content\/uploads\/2024\/03\/Filets-14-png.webp","datePublished":"2024-03-01T15:54:18+00:00","dateModified":"2026-04-18T00:14:30+00:00","description":"Rede el\u00e1stica 16 malhas - 50 m: Ideal para manter e moldar carnes durante a cozedura ou armazenamento. Resistente e flex\u00edvel, sustenta\u00e7\u00e3o perfeita.","breadcrumb":{"@id":"https:\/\/www.csj-emballages.com\/pt-pt\/produit\/rede-elastica-de-16-malhas-50m\/#breadcrumb"},"inLanguage":"pt-PT","potentialAction":[{"@type":"ReadAction","target":["https:\/\/www.csj-emballages.com\/pt-pt\/produit\/rede-elastica-de-16-malhas-50m\/"]}]},{"@type":"ImageObject","inLanguage":"pt-PT","@id":"https:\/\/www.csj-emballages.com\/pt-pt\/produit\/rede-elastica-de-16-malhas-50m\/#primaryimage","url":"https:\/\/www.csj-emballages.com\/wp-content\/uploads\/2024\/03\/Filets-14-png.webp","contentUrl":"https:\/\/www.csj-emballages.com\/wp-content\/uploads\/2024\/03\/Filets-14-png.webp","width":800,"height":800,"caption":"Filet \u00e9lastique 14 mailles - 50 m : Id\u00e9al pour le maintien et le fa\u00e7onnage des viandes en cuisson ou stockage. R\u00e9sistant et souple, il garantit un maintien parfait"},{"@type":"BreadcrumbList","@id":"https:\/\/www.csj-emballages.com\/pt-pt\/produit\/rede-elastica-de-16-malhas-50m\/#breadcrumb","itemListElement":[{"@type":"ListItem","position":1,"name":"Acolhimento","item":"https:\/\/www.csj-emballages.com\/pt-pt\/universo-das-embalagens-alimentares\/"},{"@type":"ListItem","position":2,"name":"Shop","item":"https:\/\/www.csj-emballages.com\/shop\/"},{"@type":"ListItem","position":3,"name":"Rede el\u00e1stica de 16 malhas 50m"}]},{"@type":"WebSite","@id":"https:\/\/www.csj-emballages.com\/pt-pt\/#website","url":"https:\/\/www.csj-emballages.com\/pt-pt\/","name":"CSJ Emballages","description":"","publisher":{"@id":"https:\/\/www.csj-emballages.com\/pt-pt\/#organization"},"potentialAction":[{"@type":"SearchAction","target":{"@type":"EntryPoint","urlTemplate":"https:\/\/www.csj-emballages.com\/pt-pt\/?s={search_term_string}"},"query-input":{"@type":"PropertyValueSpecification","valueRequired":true,"valueName":"search_term_string"}}],"inLanguage":"pt-PT"},{"@type":"Organization","@id":"https:\/\/www.csj-emballages.com\/pt-pt\/#Organization\/","name":"CSJ Emballages","url":"https:\/\/www.csj-emballages.com\/pt-pt\/","logo":{"@type":"ImageObject","inLanguage":"pt-PT","@id":"https:\/\/www.csj-emballages.com\/pt-pt\/#\/schema\/logo\/image\/","url":"https:\/\/www.csj-emballages.com\/wp-content\/uploads\/2023\/10\/logo_csj.webp","contentUrl":"https:\/\/www.csj-emballages.com\/wp-content\/uploads\/2023\/10\/logo_csj.webp","width":250,"height":95,"caption":"CSJ Emballages"},"image":{"@id":"https:\/\/www.csj-emballages.com\/pt-pt\/#\/schema\/logo\/image\/"},"sameAs":["https:\/\/www.facebook.com\/csjemballages"],"address":{"@type":"PostalAddress","streetAddress":"ZI La Lechere","addressLocality":"Patornay","postalCode":"39130","addressCountry":"FR"},"contactPoint":[{"@type":"ContactPoint","contactType":"Service client","telephone":"0384254272","email":"contact@csj-emballages.com"}]}]}},"df_price":22.61,"df_sale_price":"","df_regular_price":22.61,"df_image_link":"https:\/\/www.csj-emballages.com\/wp-content\/uploads\/2024\/03\/Filets-14-300x300.webp","tiered_pricing_type":"fixed","tiered_pricing_fixed_rules":[],"tiered_pricing_percentage_rules":[],"tiered_pricing_minimum":1,"tiered_pricing_roles_data":[],"_links":{"self":[{"href":"https:\/\/www.csj-emballages.com\/pt-pt\/wp-json\/wp\/v2\/product\/20807","targetHints":{"allow":["GET"]}}],"collection":[{"href":"https:\/\/www.csj-emballages.com\/pt-pt\/wp-json\/wp\/v2\/product"}],"about":[{"href":"https:\/\/www.csj-emballages.com\/pt-pt\/wp-json\/wp\/v2\/types\/product"}],"wp:featuredmedia":[{"embeddable":true,"href":"https:\/\/www.csj-emballages.com\/pt-pt\/wp-json\/wp\/v2\/media\/225346"}],"wp:attachment":[{"href":"https:\/\/www.csj-emballages.com\/pt-pt\/wp-json\/wp\/v2\/media?parent=20807"}],"wp:term":[{"taxonomy":"product_brand","embeddable":true,"href":"https:\/\/www.csj-emballages.com\/pt-pt\/wp-json\/wp\/v2\/product_brand?post=20807"},{"taxonomy":"product_cat","embeddable":true,"href":"https:\/\/www.csj-emballages.com\/pt-pt\/wp-json\/wp\/v2\/product_cat?post=20807"},{"taxonomy":"product_tag","embeddable":true,"href":"https:\/\/www.csj-emballages.com\/pt-pt\/wp-json\/wp\/v2\/product_tag?post=20807"}],"curies":[{"name":"wp","href":"https:\/\/api.w.org\/{rel}","templated":true}]}}