{"id":20805,"date":"2024-03-01T16:53:36","date_gmt":"2024-03-01T15:53:36","guid":{"rendered":"https:\/\/u15jnbdpoq.preview.infomaniak.website\/produit\/rolo-de-recarga-de-pelicula-extensivel-de-qualidade-alimentar-300-x-030-m\/"},"modified":"2026-04-24T02:13:58","modified_gmt":"2026-04-24T00:13:58","slug":"rolo-de-recarga-de-pelicula-extensivel-de-qualidade-alimentar-300-x-030-m","status":"publish","type":"product","link":"https:\/\/www.csj-emballages.com\/pt-pt\/produit\/rolo-de-recarga-de-pelicula-extensivel-de-qualidade-alimentar-300-x-030-m\/","title":{"rendered":"Rolo de recarga de pel\u00edcula extens\u00edvel de qualidade alimentar 300 x 0,30 m"},"content":{"rendered":"<h2 class=\"p1\">Rolo de pel\u00edcula extens\u00edvel<\/h2>\n<hr>\n<h3>Descri\u00e7\u00e3o do nosso rolo de recarga de 300 x 0,30 m de pel\u00edcula extens\u00edvel de qualidade alimentar<\/h3>\n<p><!--more--><\/p>\n<p data-start=\"108\" data-end=\"526\"><strong>Os rolos de pel\u00edcula estir\u00e1vel de qualidade alimentar<\/strong> s\u00e3o indispens\u00e1veis para os profissionais da restaura\u00e7\u00e3o, os fornecedores de refei\u00e7\u00f5es e os particulares. Conserva os alimentos nas melhores condi\u00e7\u00f5es poss\u00edveis.  Esta <strong>pel\u00edcula aderente<\/strong> de alta qualidade proporciona uma prote\u00e7\u00e3o \u00f3ptima contra o ar e a humidade, ajudando a preservar a frescura, a textura e o sabor dos alimentos durante mais tempo.<\/p>\n<p data-start=\"528\" data-end=\"891\">Gra\u00e7as \u00e0 sua elasticidade e resist\u00eancia, adapta-se perfeitamente a todas as formas de recipientes, sejam eles pratos, tabuleiros, travessas ou tigelas, garantindo uma veda\u00e7\u00e3o herm\u00e9tica e higi\u00e9nica. Dispon\u00edvel em <strong>recargas de 300 metros e 30 cm de largura<\/strong>, \u00e9 uma escolha econ\u00f3mica e pr\u00e1tica para uma utiliza\u00e7\u00e3o regular na cozinha. <\/p>\n<p data-start=\"893\" data-end=\"1140\">Quer o utilizes para proteger ingredientes frescos, conservar pratos ou proteger alimentos antes do transporte, este <strong>rolo de pel\u00edcula extens\u00edvel<\/strong> \u00e9 a solu\u00e7\u00e3o ideal para combinar efici\u00eancia e facilidade de utiliza\u00e7\u00e3o.<\/p>\n<p data-start=\"893\" data-end=\"1140\">\n<p><!--more--><\/p>\n<h4>As suas vantagens:<\/h4>\n<ul>\n<li data-start=\"959\" data-end=\"1054\"><strong data-start=\"1183\" data-end=\"1208\">Excelente elasticidade<\/strong>: adapta-se perfeitamente a todas as formas de recipientes.<\/li>\n<li data-start=\"959\" data-end=\"1054\"><strong data-start=\"1272\" data-end=\"1297\">Conserva\u00e7\u00e3o \u00f3ptima<\/strong>: este rolo de pel\u00edcula extens\u00edvel protege os alimentos do ar e da humidade, mantendo-os frescos durante mais tempo.<\/li>\n<li data-start=\"959\" data-end=\"1054\"><strong data-start=\"1382\" data-end=\"1402\">Utiliza\u00e7\u00e3o vers\u00e1til<\/strong>: Ideal para restaurantes, catering, padarias e particulares.<\/li>\n<li data-start=\"959\" data-end=\"1054\"><strong data-start=\"1478\" data-end=\"1497\">Comprimento longo<\/strong>: Formato econ\u00f3mico de 300 metros para uma utiliza\u00e7\u00e3o prolongada.<\/li>\n<li data-start=\"959\" data-end=\"1054\"><strong data-start=\"1572\" data-end=\"1595\">Higiene alimentar<\/strong>: Mant\u00e9m uma prote\u00e7\u00e3o eficaz contra a contamina\u00e7\u00e3o externa.<\/li>\n<li data-start=\"959\" data-end=\"1054\"><strong data-start=\"1675\" data-end=\"1696\">F\u00e1cil de utilizar<\/strong>: Desenrola suavemente e corta facilmente para uma utiliza\u00e7\u00e3o r\u00e1pida.<\/li>\n<\/ul>\n<p>&nbsp;<\/p>\n<p><!--more--><\/p>\n<h4>Outras informa\u00e7\u00f5es :<\/h4>\n<ul>\n<li><strong>Embalagem<\/strong>: Por unidade<\/li>\n<li><strong>Dimens\u00f5es<\/strong>: 300 x 0,30 m<\/li>\n<\/ul>\n<p>&nbsp;<\/p>\n<p><!--more--><\/p>\n<p>Este produto tamb\u00e9m est\u00e1 dispon\u00edvel numa recarga de 45 cm: <span style=\"color: #d12727;\"><a style=\"color: #d12727;\" href=\"https:\/\/www.csj-emballages.com\/pt-pt\/produit\/rolo-de-recarga-de-pelicula-extensivel-de-qualidade-alimentar-300-x-045-m\/\">FL45R<\/a><\/span><\/p>\n<p>&nbsp;<\/p>\n<p><!--more--><\/p>\n<p><a href=\"https:\/\/www.csj-emballages.com\/pt-pt\/categorie-produit\/embalagem-de-alimentos\/talho-e-charcutaria\/filmes-sobre-alimentacao\/pelicula-extensivel-para-alimentos-em-caixas-de-corte-de-pelicula-zip\/\">V\u00ea o resto da nossa gama de filmes sobre alimentos<\/a><\/p>\n","protected":false},"excerpt":{"rendered":"<p>Rolo de pel\u00edcula extens\u00edvel Descri\u00e7\u00e3o do nosso rolo de recarga de 300 x 0,30 m de pel\u00edcula extens\u00edvel de qualidade alimentar<\/p>\n","protected":false},"featured_media":227413,"template":"","meta":{"_acf_changed":false},"product_brand":[],"product_cat":[1141,1176,2027,2643],"product_tag":[],"class_list":{"0":"post-20805","1":"product","2":"type-product","3":"status-publish","4":"has-post-thumbnail","6":"product_cat-embalagem-de-alimentos","7":"product_cat-talho-e-charcutaria","8":"product_cat-filmes-sobre-alimentacao","9":"product_cat-pelicula-extensivel-de-qualidade-alimentar-em-recargas","11":"first","12":"instock","13":"taxable","14":"shipping-taxable","15":"purchasable","16":"product-type-simple"},"acf":[],"yoast_head":"<!-- This site is optimized with the Yoast SEO Premium plugin v26.6 (Yoast SEO v26.6) - https:\/\/yoast.com\/wordpress\/plugins\/seo\/ -->\n<title>300 x 0,30 m Rolo de pel\u00edcula extens\u00edvel para alimentos Recarga<\/title>\n<meta name=\"description\" content=\"Protege e conserva os teus alimentos com o nosso rolo de recarga de 300 x 0,30 m de pel\u00edcula extens\u00edvel de qualidade alimentar! El\u00e1stica, resistente e econ\u00f3mica.\" \/>\n<meta name=\"robots\" content=\"index, follow, max-snippet:-1, max-image-preview:large, max-video-preview:-1\" \/>\n<link rel=\"canonical\" href=\"https:\/\/www.csj-emballages.com\/pt-pt\/produit\/rolo-de-recarga-de-pelicula-extensivel-de-qualidade-alimentar-300-x-030-m\/\" \/>\n<meta property=\"og:locale\" content=\"pt_PT\" \/>\n<meta property=\"og:type\" content=\"article\" \/>\n<meta property=\"og:title\" content=\"Rolo de recarga de pel\u00edcula extens\u00edvel de qualidade alimentar 300 x 0,30 m\" \/>\n<meta property=\"og:description\" content=\"Protege e conserva os teus alimentos com o nosso rolo de recarga de 300 x 0,30 m de pel\u00edcula extens\u00edvel de qualidade alimentar! El\u00e1stica, resistente e econ\u00f3mica.\" \/>\n<meta property=\"og:url\" content=\"https:\/\/www.csj-emballages.com\/pt-pt\/produit\/rolo-de-recarga-de-pelicula-extensivel-de-qualidade-alimentar-300-x-030-m\/\" \/>\n<meta property=\"og:site_name\" content=\"CSJ Emballages\" \/>\n<meta property=\"article:publisher\" content=\"https:\/\/www.facebook.com\/csjemballages\" \/>\n<meta property=\"article:modified_time\" content=\"2026-04-24T00:13:58+00:00\" \/>\n<meta property=\"og:image\" content=\"https:\/\/www.csj-emballages.com\/wp-content\/uploads\/2024\/03\/FL30R.webp\" \/>\n\t<meta property=\"og:image:width\" content=\"800\" \/>\n\t<meta property=\"og:image:height\" content=\"800\" \/>\n\t<meta property=\"og:image:type\" content=\"image\/webp\" \/>\n<meta name=\"twitter:card\" content=\"summary_large_image\" \/>\n<meta name=\"twitter:label1\" content=\"Tempo estimado de leitura\" \/>\n\t<meta name=\"twitter:data1\" content=\"2 minutos\" \/>\n<script type=\"application\/ld+json\" class=\"yoast-schema-graph\">{\"@context\":\"https:\/\/schema.org\",\"@graph\":[{\"@type\":\"WebPage\",\"@id\":\"https:\/\/www.csj-emballages.com\/pt-pt\/produit\/rolo-de-recarga-de-pelicula-extensivel-de-qualidade-alimentar-300-x-030-m\/\",\"url\":\"https:\/\/www.csj-emballages.com\/pt-pt\/produit\/rolo-de-recarga-de-pelicula-extensivel-de-qualidade-alimentar-300-x-030-m\/\",\"name\":\"300 x 0,30 m Rolo de pel\u00edcula extens\u00edvel para alimentos Recarga\",\"isPartOf\":{\"@id\":\"https:\/\/www.csj-emballages.com\/pt-pt\/#website\"},\"primaryImageOfPage\":{\"@id\":\"https:\/\/www.csj-emballages.com\/pt-pt\/produit\/rolo-de-recarga-de-pelicula-extensivel-de-qualidade-alimentar-300-x-030-m\/#primaryimage\"},\"image\":{\"@id\":\"https:\/\/www.csj-emballages.com\/pt-pt\/produit\/rolo-de-recarga-de-pelicula-extensivel-de-qualidade-alimentar-300-x-030-m\/#primaryimage\"},\"thumbnailUrl\":\"https:\/\/www.csj-emballages.com\/wp-content\/uploads\/2024\/03\/FL30R.webp\",\"datePublished\":\"2024-03-01T15:53:36+00:00\",\"dateModified\":\"2026-04-24T00:13:58+00:00\",\"description\":\"Protege e conserva os teus alimentos com o nosso rolo de recarga de 300 x 0,30 m de pel\u00edcula extens\u00edvel de qualidade alimentar! El\u00e1stica, resistente e econ\u00f3mica.\",\"breadcrumb\":{\"@id\":\"https:\/\/www.csj-emballages.com\/pt-pt\/produit\/rolo-de-recarga-de-pelicula-extensivel-de-qualidade-alimentar-300-x-030-m\/#breadcrumb\"},\"inLanguage\":\"pt-PT\",\"potentialAction\":[{\"@type\":\"ReadAction\",\"target\":[\"https:\/\/www.csj-emballages.com\/pt-pt\/produit\/rolo-de-recarga-de-pelicula-extensivel-de-qualidade-alimentar-300-x-030-m\/\"]}]},{\"@type\":\"ImageObject\",\"inLanguage\":\"pt-PT\",\"@id\":\"https:\/\/www.csj-emballages.com\/pt-pt\/produit\/rolo-de-recarga-de-pelicula-extensivel-de-qualidade-alimentar-300-x-030-m\/#primaryimage\",\"url\":\"https:\/\/www.csj-emballages.com\/wp-content\/uploads\/2024\/03\/FL30R.webp\",\"contentUrl\":\"https:\/\/www.csj-emballages.com\/wp-content\/uploads\/2024\/03\/FL30R.webp\",\"width\":800,\"height\":800,\"caption\":\"Rouleau film \u00e9tirable\"},{\"@type\":\"BreadcrumbList\",\"@id\":\"https:\/\/www.csj-emballages.com\/pt-pt\/produit\/rolo-de-recarga-de-pelicula-extensivel-de-qualidade-alimentar-300-x-030-m\/#breadcrumb\",\"itemListElement\":[{\"@type\":\"ListItem\",\"position\":1,\"name\":\"Acolhimento\",\"item\":\"https:\/\/www.csj-emballages.com\/pt-pt\/universo-das-embalagens-alimentares\/\"},{\"@type\":\"ListItem\",\"position\":2,\"name\":\"Shop\",\"item\":\"https:\/\/www.csj-emballages.com\/shop\/\"},{\"@type\":\"ListItem\",\"position\":3,\"name\":\"Rolo de recarga de pel\u00edcula extens\u00edvel de qualidade alimentar 300 x 0,30 m\"}]},{\"@type\":\"WebSite\",\"@id\":\"https:\/\/www.csj-emballages.com\/pt-pt\/#website\",\"url\":\"https:\/\/www.csj-emballages.com\/pt-pt\/\",\"name\":\"CSJ Emballages\",\"description\":\"\",\"publisher\":{\"@id\":\"https:\/\/www.csj-emballages.com\/pt-pt\/#organization\"},\"potentialAction\":[{\"@type\":\"SearchAction\",\"target\":{\"@type\":\"EntryPoint\",\"urlTemplate\":\"https:\/\/www.csj-emballages.com\/pt-pt\/?s={search_term_string}\"},\"query-input\":{\"@type\":\"PropertyValueSpecification\",\"valueRequired\":true,\"valueName\":\"search_term_string\"}}],\"inLanguage\":\"pt-PT\"},{\"@type\":\"Organization\",\"@id\":\"https:\/\/www.csj-emballages.com\/pt-pt\/#Organization\/\",\"name\":\"CSJ Emballages\",\"url\":\"https:\/\/www.csj-emballages.com\/pt-pt\/\",\"logo\":{\"@type\":\"ImageObject\",\"inLanguage\":\"pt-PT\",\"@id\":\"https:\/\/www.csj-emballages.com\/pt-pt\/#\/schema\/logo\/image\/\",\"url\":\"https:\/\/www.csj-emballages.com\/wp-content\/uploads\/2023\/10\/logo_csj.webp\",\"contentUrl\":\"https:\/\/www.csj-emballages.com\/wp-content\/uploads\/2023\/10\/logo_csj.webp\",\"width\":250,\"height\":95,\"caption\":\"CSJ Emballages\"},\"image\":{\"@id\":\"https:\/\/www.csj-emballages.com\/pt-pt\/#\/schema\/logo\/image\/\"},\"sameAs\":[\"https:\/\/www.facebook.com\/csjemballages\"],\"address\":{\"@type\":\"PostalAddress\",\"streetAddress\":\"ZI La Lechere\",\"addressLocality\":\"Patornay\",\"postalCode\":\"39130\",\"addressCountry\":\"FR\"},\"contactPoint\":[{\"@type\":\"ContactPoint\",\"contactType\":\"Service client\",\"telephone\":\"0384254272\",\"email\":\"contact@csj-emballages.com\"}]}]}<\/script>\n<!-- \/ Yoast SEO Premium plugin. -->","yoast_head_json":{"title":"300 x 0,30 m Rolo de pel\u00edcula extens\u00edvel para alimentos Recarga","description":"Protege e conserva os teus alimentos com o nosso rolo de recarga de 300 x 0,30 m de pel\u00edcula extens\u00edvel de qualidade alimentar! El\u00e1stica, resistente e econ\u00f3mica.","robots":{"index":"index","follow":"follow","max-snippet":"max-snippet:-1","max-image-preview":"max-image-preview:large","max-video-preview":"max-video-preview:-1"},"canonical":"https:\/\/www.csj-emballages.com\/pt-pt\/produit\/rolo-de-recarga-de-pelicula-extensivel-de-qualidade-alimentar-300-x-030-m\/","og_locale":"pt_PT","og_type":"article","og_title":"Rolo de recarga de pel\u00edcula extens\u00edvel de qualidade alimentar 300 x 0,30 m","og_description":"Protege e conserva os teus alimentos com o nosso rolo de recarga de 300 x 0,30 m de pel\u00edcula extens\u00edvel de qualidade alimentar! El\u00e1stica, resistente e econ\u00f3mica.","og_url":"https:\/\/www.csj-emballages.com\/pt-pt\/produit\/rolo-de-recarga-de-pelicula-extensivel-de-qualidade-alimentar-300-x-030-m\/","og_site_name":"CSJ Emballages","article_publisher":"https:\/\/www.facebook.com\/csjemballages","article_modified_time":"2026-04-24T00:13:58+00:00","og_image":[{"width":800,"height":800,"url":"https:\/\/www.csj-emballages.com\/wp-content\/uploads\/2024\/03\/FL30R.webp","type":"image\/webp"}],"twitter_card":"summary_large_image","twitter_misc":{"Tempo estimado de leitura":"2 minutos"},"schema":{"@context":"https:\/\/schema.org","@graph":[{"@type":"WebPage","@id":"https:\/\/www.csj-emballages.com\/pt-pt\/produit\/rolo-de-recarga-de-pelicula-extensivel-de-qualidade-alimentar-300-x-030-m\/","url":"https:\/\/www.csj-emballages.com\/pt-pt\/produit\/rolo-de-recarga-de-pelicula-extensivel-de-qualidade-alimentar-300-x-030-m\/","name":"300 x 0,30 m Rolo de pel\u00edcula extens\u00edvel para alimentos Recarga","isPartOf":{"@id":"https:\/\/www.csj-emballages.com\/pt-pt\/#website"},"primaryImageOfPage":{"@id":"https:\/\/www.csj-emballages.com\/pt-pt\/produit\/rolo-de-recarga-de-pelicula-extensivel-de-qualidade-alimentar-300-x-030-m\/#primaryimage"},"image":{"@id":"https:\/\/www.csj-emballages.com\/pt-pt\/produit\/rolo-de-recarga-de-pelicula-extensivel-de-qualidade-alimentar-300-x-030-m\/#primaryimage"},"thumbnailUrl":"https:\/\/www.csj-emballages.com\/wp-content\/uploads\/2024\/03\/FL30R.webp","datePublished":"2024-03-01T15:53:36+00:00","dateModified":"2026-04-24T00:13:58+00:00","description":"Protege e conserva os teus alimentos com o nosso rolo de recarga de 300 x 0,30 m de pel\u00edcula extens\u00edvel de qualidade alimentar! El\u00e1stica, resistente e econ\u00f3mica.","breadcrumb":{"@id":"https:\/\/www.csj-emballages.com\/pt-pt\/produit\/rolo-de-recarga-de-pelicula-extensivel-de-qualidade-alimentar-300-x-030-m\/#breadcrumb"},"inLanguage":"pt-PT","potentialAction":[{"@type":"ReadAction","target":["https:\/\/www.csj-emballages.com\/pt-pt\/produit\/rolo-de-recarga-de-pelicula-extensivel-de-qualidade-alimentar-300-x-030-m\/"]}]},{"@type":"ImageObject","inLanguage":"pt-PT","@id":"https:\/\/www.csj-emballages.com\/pt-pt\/produit\/rolo-de-recarga-de-pelicula-extensivel-de-qualidade-alimentar-300-x-030-m\/#primaryimage","url":"https:\/\/www.csj-emballages.com\/wp-content\/uploads\/2024\/03\/FL30R.webp","contentUrl":"https:\/\/www.csj-emballages.com\/wp-content\/uploads\/2024\/03\/FL30R.webp","width":800,"height":800,"caption":"Rouleau film \u00e9tirable"},{"@type":"BreadcrumbList","@id":"https:\/\/www.csj-emballages.com\/pt-pt\/produit\/rolo-de-recarga-de-pelicula-extensivel-de-qualidade-alimentar-300-x-030-m\/#breadcrumb","itemListElement":[{"@type":"ListItem","position":1,"name":"Acolhimento","item":"https:\/\/www.csj-emballages.com\/pt-pt\/universo-das-embalagens-alimentares\/"},{"@type":"ListItem","position":2,"name":"Shop","item":"https:\/\/www.csj-emballages.com\/shop\/"},{"@type":"ListItem","position":3,"name":"Rolo de recarga de pel\u00edcula extens\u00edvel de qualidade alimentar 300 x 0,30 m"}]},{"@type":"WebSite","@id":"https:\/\/www.csj-emballages.com\/pt-pt\/#website","url":"https:\/\/www.csj-emballages.com\/pt-pt\/","name":"CSJ Emballages","description":"","publisher":{"@id":"https:\/\/www.csj-emballages.com\/pt-pt\/#organization"},"potentialAction":[{"@type":"SearchAction","target":{"@type":"EntryPoint","urlTemplate":"https:\/\/www.csj-emballages.com\/pt-pt\/?s={search_term_string}"},"query-input":{"@type":"PropertyValueSpecification","valueRequired":true,"valueName":"search_term_string"}}],"inLanguage":"pt-PT"},{"@type":"Organization","@id":"https:\/\/www.csj-emballages.com\/pt-pt\/#Organization\/","name":"CSJ Emballages","url":"https:\/\/www.csj-emballages.com\/pt-pt\/","logo":{"@type":"ImageObject","inLanguage":"pt-PT","@id":"https:\/\/www.csj-emballages.com\/pt-pt\/#\/schema\/logo\/image\/","url":"https:\/\/www.csj-emballages.com\/wp-content\/uploads\/2023\/10\/logo_csj.webp","contentUrl":"https:\/\/www.csj-emballages.com\/wp-content\/uploads\/2023\/10\/logo_csj.webp","width":250,"height":95,"caption":"CSJ Emballages"},"image":{"@id":"https:\/\/www.csj-emballages.com\/pt-pt\/#\/schema\/logo\/image\/"},"sameAs":["https:\/\/www.facebook.com\/csjemballages"],"address":{"@type":"PostalAddress","streetAddress":"ZI La Lechere","addressLocality":"Patornay","postalCode":"39130","addressCountry":"FR"},"contactPoint":[{"@type":"ContactPoint","contactType":"Service client","telephone":"0384254272","email":"contact@csj-emballages.com"}]}]}},"df_price":5.28,"df_sale_price":"","df_regular_price":5.28,"df_image_link":"https:\/\/www.csj-emballages.com\/wp-content\/uploads\/2024\/03\/FL30R-300x300.webp","tiered_pricing_type":"fixed","tiered_pricing_fixed_rules":[],"tiered_pricing_percentage_rules":[],"tiered_pricing_minimum":1,"tiered_pricing_roles_data":[],"_links":{"self":[{"href":"https:\/\/www.csj-emballages.com\/pt-pt\/wp-json\/wp\/v2\/product\/20805","targetHints":{"allow":["GET"]}}],"collection":[{"href":"https:\/\/www.csj-emballages.com\/pt-pt\/wp-json\/wp\/v2\/product"}],"about":[{"href":"https:\/\/www.csj-emballages.com\/pt-pt\/wp-json\/wp\/v2\/types\/product"}],"wp:featuredmedia":[{"embeddable":true,"href":"https:\/\/www.csj-emballages.com\/pt-pt\/wp-json\/wp\/v2\/media\/227413"}],"wp:attachment":[{"href":"https:\/\/www.csj-emballages.com\/pt-pt\/wp-json\/wp\/v2\/media?parent=20805"}],"wp:term":[{"taxonomy":"product_brand","embeddable":true,"href":"https:\/\/www.csj-emballages.com\/pt-pt\/wp-json\/wp\/v2\/product_brand?post=20805"},{"taxonomy":"product_cat","embeddable":true,"href":"https:\/\/www.csj-emballages.com\/pt-pt\/wp-json\/wp\/v2\/product_cat?post=20805"},{"taxonomy":"product_tag","embeddable":true,"href":"https:\/\/www.csj-emballages.com\/pt-pt\/wp-json\/wp\/v2\/product_tag?post=20805"}],"curies":[{"name":"wp","href":"https:\/\/api.w.org\/{rel}","templated":true}]}}