{"id":20795,"date":"2024-03-01T16:54:19","date_gmt":"2024-03-01T15:54:19","guid":{"rendered":"https:\/\/u15jnbdpoq.preview.infomaniak.website\/produit\/1000-mini-garfos-de-madeira-85-mm\/"},"modified":"2026-05-01T02:12:35","modified_gmt":"2026-05-01T00:12:35","slug":"1000-mini-garfos-de-madeira-85-mm","status":"publish","type":"product","link":"https:\/\/www.csj-emballages.com\/pt-pt\/produit\/1000-mini-garfos-de-madeira-85-mm\/","title":{"rendered":"Mini garfo de madeira 85 mm por 1000"},"content":{"rendered":"<h2>Mini garfo<\/h2>\n<hr>\n<h3>Descubra o nosso mini garfo de madeira de 85 mm por 1000<\/h3>\n<p><!--more--><\/p>\n<p data-start=\"234\" data-end=\"724\">Se precisa de um utens\u00edlio pequeno, simples, limpo e ultra pr\u00e1tico para acompanhar as suas degusta\u00e7\u00f5es, este <strong data-start=\"349\" data-end=\"385\">mini garfo de madeira de 85 mm<\/strong> \u00e9 exatamente o que precisa. Leve, confort\u00e1vel de segurar e concebido para uma utiliza\u00e7\u00e3o r\u00e1pida, \u00e9 perfeito para buffets, degusta\u00e7\u00f5es, food-trucks e bancas de comida de rua. Assim que o pega, sente imediatamente o seu toque <strong>natural e aut\u00eantico<\/strong>, muito diferente dos talheres de pl\u00e1stico descart\u00e1veis convencionais.  <\/p>\n<p data-start=\"726\" data-end=\"1157\">Gra\u00e7as ao seu tamanho compacto, integra-se facilmente em qualquer ambiente: batatas fritas, fruta fresca, etc. Cumpre o seu papel sem ocupar muito espa\u00e7o, acrescentando um pequeno toque est\u00e9tico que \u00e9 muito apreciado pelos clientes. Al\u00e9m disso, o facto de ser fabricado em <strong>madeira<\/strong> oferece uma alternativa respons\u00e1vel, ideal para os profissionais que procuram reduzir o seu impacto e oferecer uma solu\u00e7\u00e3o pr\u00e1tica. <\/p>\n<p data-start=\"1159\" data-end=\"1609\">Da mesma forma, o seu design simples com <strong>dois dentes pequenos<\/strong> facilita <strong>a dentada nos<\/strong> alimentos sem os esmagar. Ser\u00e1 mais eficiente quando estiver a servir, especialmente quando estiver a lidar com um pedido ap\u00f3s outro. A <strong data-start=\"1361\" data-end=\"1383\">embalagem de 1000 unidades<\/strong> tamb\u00e9m foi concebida para durar, quer esteja a planear um evento, uma esta\u00e7\u00e3o movimentada ou uma rotina di\u00e1ria. Assim, ter\u00e1 sempre um abastecimento pronto a usar, sem ter de estar sempre atento ao seu stock.   <\/p>\n<p data-start=\"1611\" data-end=\"1793\">Em suma, este <strong>mini garfo de madeira<\/strong> alia praticidade, naturalidade e eleg\u00e2ncia discreta. \u00c9 uma forma simples de acompanhar os seus pratos, ao mesmo tempo que refor\u00e7a as suas credenciais ecol\u00f3gicas. <\/p>\n<p data-start=\"1611\" data-end=\"1793\">\n<p data-start=\"1611\" data-end=\"1793\"><!--more--><\/p>\n<h4>Vantagens :<\/h4>\n<ul>\n<li data-start=\"1821\" data-end=\"1864\"><strong>Alternativa amiga do ambiente<\/strong> e sem pl\u00e1stico.<\/li>\n<li data-start=\"1867\" data-end=\"1915\">Formato compacto, ideal para degusta\u00e7\u00f5es.<\/li>\n<li data-start=\"1918\" data-end=\"1943\">Agrad\u00e1vel de segurar.<\/li>\n<li data-start=\"1946\" data-end=\"1983\">Design simples com dentes eficazes.<\/li>\n<li data-start=\"1986\" data-end=\"2018\">Embalagem econ\u00f3mica de <strong>1000 unidades<\/strong>.<\/li>\n<\/ul>\n<p>&nbsp;<\/p>\n<p><!--more--><\/p>\n<h4>Outras informa\u00e7\u00f5es :<\/h4>\n<ul>\n<li><strong>Embalagem<\/strong>: Pacote de 1000<\/li>\n<li><strong>Dimens\u00e3o<\/strong>: 85 mm (comprimento)<\/li>\n<li><strong>Material<\/strong>: Madeira<\/li>\n<\/ul>\n<p>&nbsp;<\/p>\n<p><!--more--><\/p>\n<p><a href=\"https:\/\/www.csj-emballages.com\/pt-pt\/categorie-produit\/embalagem-de-alimentos\/restauracao\/pratos-talheres-descartaveis-palhinhas\/garfos-facas-colheres\/talheres-biodegradaveis\/\">Ver o resto da nossa gama de talheres biodegrad\u00e1veis<\/a><\/p>\n","protected":false},"excerpt":{"rendered":"<p>Mini garfo Descubra o nosso mini garfo de madeira de 85 mm por 1000<\/p>\n","protected":false},"featured_media":167801,"template":"","meta":{"_acf_changed":false},"product_brand":[],"product_cat":[1141,2615,2635,1152,2634],"product_tag":[],"class_list":{"0":"post-20795","1":"product","2":"type-product","3":"status-publish","4":"has-post-thumbnail","6":"product_cat-embalagem-de-alimentos","7":"product_cat-garfos-facas-colheres","8":"product_cat-talheres-biodegradaveis","9":"product_cat-gama-biologica","10":"product_cat-talheres-organicos","12":"first","13":"instock","14":"taxable","15":"shipping-taxable","16":"purchasable","17":"product-type-simple"},"acf":[],"yoast_head":"<!-- This site is optimized with the Yoast SEO Premium plugin v26.6 (Yoast SEO v26.6) - https:\/\/yoast.com\/wordpress\/plugins\/seo\/ -->\n<title>Mini garfo de madeira - 85 mm<\/title>\n<meta name=\"description\" content=\"Descubra o nosso mini garfo de madeira de 85 mm! Oferecemos-lhe um pacote de 1000 garfos compost\u00e1veis a pre\u00e7os de desconto\" \/>\n<meta name=\"robots\" content=\"index, follow, max-snippet:-1, max-image-preview:large, max-video-preview:-1\" \/>\n<link rel=\"canonical\" href=\"https:\/\/www.csj-emballages.com\/pt-pt\/produit\/1000-mini-garfos-de-madeira-85-mm\/\" \/>\n<meta property=\"og:locale\" content=\"pt_PT\" \/>\n<meta property=\"og:type\" content=\"article\" \/>\n<meta property=\"og:title\" content=\"Mini garfo de madeira 85 mm por 1000\" \/>\n<meta property=\"og:description\" content=\"Descubra o nosso mini garfo de madeira de 85 mm! Oferecemos-lhe um pacote de 1000 garfos compost\u00e1veis a pre\u00e7os de desconto\" \/>\n<meta property=\"og:url\" content=\"https:\/\/www.csj-emballages.com\/pt-pt\/produit\/1000-mini-garfos-de-madeira-85-mm\/\" \/>\n<meta property=\"og:site_name\" content=\"CSJ Emballages\" \/>\n<meta property=\"article:publisher\" content=\"https:\/\/www.facebook.com\/csjemballages\" \/>\n<meta property=\"article:modified_time\" content=\"2026-05-01T00:12:35+00:00\" \/>\n<meta property=\"og:image\" content=\"https:\/\/www.csj-emballages.com\/wp-content\/uploads\/2024\/03\/PF-85-BOIS-scaled-e1731590733296.webp\" \/>\n\t<meta property=\"og:image:width\" content=\"2048\" \/>\n\t<meta property=\"og:image:height\" content=\"2048\" \/>\n\t<meta property=\"og:image:type\" content=\"image\/webp\" \/>\n<meta name=\"twitter:card\" content=\"summary_large_image\" \/>\n<meta name=\"twitter:label1\" content=\"Tempo estimado de leitura\" \/>\n\t<meta name=\"twitter:data1\" content=\"2 minutos\" \/>\n<script type=\"application\/ld+json\" class=\"yoast-schema-graph\">{\"@context\":\"https:\/\/schema.org\",\"@graph\":[{\"@type\":\"WebPage\",\"@id\":\"https:\/\/www.csj-emballages.com\/pt-pt\/produit\/1000-mini-garfos-de-madeira-85-mm\/\",\"url\":\"https:\/\/www.csj-emballages.com\/pt-pt\/produit\/1000-mini-garfos-de-madeira-85-mm\/\",\"name\":\"Mini garfo de madeira - 85 mm\",\"isPartOf\":{\"@id\":\"https:\/\/www.csj-emballages.com\/pt-pt\/#website\"},\"primaryImageOfPage\":{\"@id\":\"https:\/\/www.csj-emballages.com\/pt-pt\/produit\/1000-mini-garfos-de-madeira-85-mm\/#primaryimage\"},\"image\":{\"@id\":\"https:\/\/www.csj-emballages.com\/pt-pt\/produit\/1000-mini-garfos-de-madeira-85-mm\/#primaryimage\"},\"thumbnailUrl\":\"https:\/\/www.csj-emballages.com\/wp-content\/uploads\/2024\/03\/PF-85-BOIS-scaled-e1731590733296.webp\",\"datePublished\":\"2024-03-01T15:54:19+00:00\",\"dateModified\":\"2026-05-01T00:12:35+00:00\",\"description\":\"Descubra o nosso mini garfo de madeira de 85 mm! Oferecemos-lhe um pacote de 1000 garfos compost\u00e1veis a pre\u00e7os de desconto\",\"breadcrumb\":{\"@id\":\"https:\/\/www.csj-emballages.com\/pt-pt\/produit\/1000-mini-garfos-de-madeira-85-mm\/#breadcrumb\"},\"inLanguage\":\"pt-PT\",\"potentialAction\":[{\"@type\":\"ReadAction\",\"target\":[\"https:\/\/www.csj-emballages.com\/pt-pt\/produit\/1000-mini-garfos-de-madeira-85-mm\/\"]}]},{\"@type\":\"ImageObject\",\"inLanguage\":\"pt-PT\",\"@id\":\"https:\/\/www.csj-emballages.com\/pt-pt\/produit\/1000-mini-garfos-de-madeira-85-mm\/#primaryimage\",\"url\":\"https:\/\/www.csj-emballages.com\/wp-content\/uploads\/2024\/03\/PF-85-BOIS-scaled-e1731590733296.webp\",\"contentUrl\":\"https:\/\/www.csj-emballages.com\/wp-content\/uploads\/2024\/03\/PF-85-BOIS-scaled-e1731590733296.webp\",\"width\":2048,\"height\":2048,\"caption\":\"fourchette bois\"},{\"@type\":\"BreadcrumbList\",\"@id\":\"https:\/\/www.csj-emballages.com\/pt-pt\/produit\/1000-mini-garfos-de-madeira-85-mm\/#breadcrumb\",\"itemListElement\":[{\"@type\":\"ListItem\",\"position\":1,\"name\":\"Acolhimento\",\"item\":\"https:\/\/www.csj-emballages.com\/pt-pt\/universo-das-embalagens-alimentares\/\"},{\"@type\":\"ListItem\",\"position\":2,\"name\":\"Shop\",\"item\":\"https:\/\/www.csj-emballages.com\/shop\/\"},{\"@type\":\"ListItem\",\"position\":3,\"name\":\"Mini garfo de madeira 85 mm por 1000\"}]},{\"@type\":\"WebSite\",\"@id\":\"https:\/\/www.csj-emballages.com\/pt-pt\/#website\",\"url\":\"https:\/\/www.csj-emballages.com\/pt-pt\/\",\"name\":\"CSJ Emballages\",\"description\":\"\",\"publisher\":{\"@id\":\"https:\/\/www.csj-emballages.com\/pt-pt\/#organization\"},\"potentialAction\":[{\"@type\":\"SearchAction\",\"target\":{\"@type\":\"EntryPoint\",\"urlTemplate\":\"https:\/\/www.csj-emballages.com\/pt-pt\/?s={search_term_string}\"},\"query-input\":{\"@type\":\"PropertyValueSpecification\",\"valueRequired\":true,\"valueName\":\"search_term_string\"}}],\"inLanguage\":\"pt-PT\"},{\"@type\":\"Organization\",\"@id\":\"https:\/\/www.csj-emballages.com\/pt-pt\/#Organization\/\",\"name\":\"CSJ Emballages\",\"url\":\"https:\/\/www.csj-emballages.com\/pt-pt\/\",\"logo\":{\"@type\":\"ImageObject\",\"inLanguage\":\"pt-PT\",\"@id\":\"https:\/\/www.csj-emballages.com\/pt-pt\/#\/schema\/logo\/image\/\",\"url\":\"https:\/\/www.csj-emballages.com\/wp-content\/uploads\/2023\/10\/logo_csj.webp\",\"contentUrl\":\"https:\/\/www.csj-emballages.com\/wp-content\/uploads\/2023\/10\/logo_csj.webp\",\"width\":250,\"height\":95,\"caption\":\"CSJ Emballages\"},\"image\":{\"@id\":\"https:\/\/www.csj-emballages.com\/pt-pt\/#\/schema\/logo\/image\/\"},\"sameAs\":[\"https:\/\/www.facebook.com\/csjemballages\"],\"address\":{\"@type\":\"PostalAddress\",\"streetAddress\":\"ZI La Lechere\",\"addressLocality\":\"Patornay\",\"postalCode\":\"39130\",\"addressCountry\":\"FR\"},\"contactPoint\":[{\"@type\":\"ContactPoint\",\"contactType\":\"Service client\",\"telephone\":\"0384254272\",\"email\":\"contact@csj-emballages.com\"}]}]}<\/script>\n<!-- \/ Yoast SEO Premium plugin. -->","yoast_head_json":{"title":"Mini garfo de madeira - 85 mm","description":"Descubra o nosso mini garfo de madeira de 85 mm! Oferecemos-lhe um pacote de 1000 garfos compost\u00e1veis a pre\u00e7os de desconto","robots":{"index":"index","follow":"follow","max-snippet":"max-snippet:-1","max-image-preview":"max-image-preview:large","max-video-preview":"max-video-preview:-1"},"canonical":"https:\/\/www.csj-emballages.com\/pt-pt\/produit\/1000-mini-garfos-de-madeira-85-mm\/","og_locale":"pt_PT","og_type":"article","og_title":"Mini garfo de madeira 85 mm por 1000","og_description":"Descubra o nosso mini garfo de madeira de 85 mm! Oferecemos-lhe um pacote de 1000 garfos compost\u00e1veis a pre\u00e7os de desconto","og_url":"https:\/\/www.csj-emballages.com\/pt-pt\/produit\/1000-mini-garfos-de-madeira-85-mm\/","og_site_name":"CSJ Emballages","article_publisher":"https:\/\/www.facebook.com\/csjemballages","article_modified_time":"2026-05-01T00:12:35+00:00","og_image":[{"width":2048,"height":2048,"url":"https:\/\/www.csj-emballages.com\/wp-content\/uploads\/2024\/03\/PF-85-BOIS-scaled-e1731590733296.webp","type":"image\/webp"}],"twitter_card":"summary_large_image","twitter_misc":{"Tempo estimado de leitura":"2 minutos"},"schema":{"@context":"https:\/\/schema.org","@graph":[{"@type":"WebPage","@id":"https:\/\/www.csj-emballages.com\/pt-pt\/produit\/1000-mini-garfos-de-madeira-85-mm\/","url":"https:\/\/www.csj-emballages.com\/pt-pt\/produit\/1000-mini-garfos-de-madeira-85-mm\/","name":"Mini garfo de madeira - 85 mm","isPartOf":{"@id":"https:\/\/www.csj-emballages.com\/pt-pt\/#website"},"primaryImageOfPage":{"@id":"https:\/\/www.csj-emballages.com\/pt-pt\/produit\/1000-mini-garfos-de-madeira-85-mm\/#primaryimage"},"image":{"@id":"https:\/\/www.csj-emballages.com\/pt-pt\/produit\/1000-mini-garfos-de-madeira-85-mm\/#primaryimage"},"thumbnailUrl":"https:\/\/www.csj-emballages.com\/wp-content\/uploads\/2024\/03\/PF-85-BOIS-scaled-e1731590733296.webp","datePublished":"2024-03-01T15:54:19+00:00","dateModified":"2026-05-01T00:12:35+00:00","description":"Descubra o nosso mini garfo de madeira de 85 mm! Oferecemos-lhe um pacote de 1000 garfos compost\u00e1veis a pre\u00e7os de desconto","breadcrumb":{"@id":"https:\/\/www.csj-emballages.com\/pt-pt\/produit\/1000-mini-garfos-de-madeira-85-mm\/#breadcrumb"},"inLanguage":"pt-PT","potentialAction":[{"@type":"ReadAction","target":["https:\/\/www.csj-emballages.com\/pt-pt\/produit\/1000-mini-garfos-de-madeira-85-mm\/"]}]},{"@type":"ImageObject","inLanguage":"pt-PT","@id":"https:\/\/www.csj-emballages.com\/pt-pt\/produit\/1000-mini-garfos-de-madeira-85-mm\/#primaryimage","url":"https:\/\/www.csj-emballages.com\/wp-content\/uploads\/2024\/03\/PF-85-BOIS-scaled-e1731590733296.webp","contentUrl":"https:\/\/www.csj-emballages.com\/wp-content\/uploads\/2024\/03\/PF-85-BOIS-scaled-e1731590733296.webp","width":2048,"height":2048,"caption":"fourchette bois"},{"@type":"BreadcrumbList","@id":"https:\/\/www.csj-emballages.com\/pt-pt\/produit\/1000-mini-garfos-de-madeira-85-mm\/#breadcrumb","itemListElement":[{"@type":"ListItem","position":1,"name":"Acolhimento","item":"https:\/\/www.csj-emballages.com\/pt-pt\/universo-das-embalagens-alimentares\/"},{"@type":"ListItem","position":2,"name":"Shop","item":"https:\/\/www.csj-emballages.com\/shop\/"},{"@type":"ListItem","position":3,"name":"Mini garfo de madeira 85 mm por 1000"}]},{"@type":"WebSite","@id":"https:\/\/www.csj-emballages.com\/pt-pt\/#website","url":"https:\/\/www.csj-emballages.com\/pt-pt\/","name":"CSJ Emballages","description":"","publisher":{"@id":"https:\/\/www.csj-emballages.com\/pt-pt\/#organization"},"potentialAction":[{"@type":"SearchAction","target":{"@type":"EntryPoint","urlTemplate":"https:\/\/www.csj-emballages.com\/pt-pt\/?s={search_term_string}"},"query-input":{"@type":"PropertyValueSpecification","valueRequired":true,"valueName":"search_term_string"}}],"inLanguage":"pt-PT"},{"@type":"Organization","@id":"https:\/\/www.csj-emballages.com\/pt-pt\/#Organization\/","name":"CSJ Emballages","url":"https:\/\/www.csj-emballages.com\/pt-pt\/","logo":{"@type":"ImageObject","inLanguage":"pt-PT","@id":"https:\/\/www.csj-emballages.com\/pt-pt\/#\/schema\/logo\/image\/","url":"https:\/\/www.csj-emballages.com\/wp-content\/uploads\/2023\/10\/logo_csj.webp","contentUrl":"https:\/\/www.csj-emballages.com\/wp-content\/uploads\/2023\/10\/logo_csj.webp","width":250,"height":95,"caption":"CSJ Emballages"},"image":{"@id":"https:\/\/www.csj-emballages.com\/pt-pt\/#\/schema\/logo\/image\/"},"sameAs":["https:\/\/www.facebook.com\/csjemballages"],"address":{"@type":"PostalAddress","streetAddress":"ZI La Lechere","addressLocality":"Patornay","postalCode":"39130","addressCountry":"FR"},"contactPoint":[{"@type":"ContactPoint","contactType":"Service client","telephone":"0384254272","email":"contact@csj-emballages.com"}]}]}},"df_price":3.91,"df_sale_price":"","df_regular_price":3.91,"df_image_link":"https:\/\/www.csj-emballages.com\/wp-content\/uploads\/2024\/03\/PF-85-BOIS-300x300.webp","tiered_pricing_type":"fixed","tiered_pricing_fixed_rules":[],"tiered_pricing_percentage_rules":[],"tiered_pricing_minimum":1,"tiered_pricing_roles_data":[],"_links":{"self":[{"href":"https:\/\/www.csj-emballages.com\/pt-pt\/wp-json\/wp\/v2\/product\/20795","targetHints":{"allow":["GET"]}}],"collection":[{"href":"https:\/\/www.csj-emballages.com\/pt-pt\/wp-json\/wp\/v2\/product"}],"about":[{"href":"https:\/\/www.csj-emballages.com\/pt-pt\/wp-json\/wp\/v2\/types\/product"}],"wp:featuredmedia":[{"embeddable":true,"href":"https:\/\/www.csj-emballages.com\/pt-pt\/wp-json\/wp\/v2\/media\/167801"}],"wp:attachment":[{"href":"https:\/\/www.csj-emballages.com\/pt-pt\/wp-json\/wp\/v2\/media?parent=20795"}],"wp:term":[{"taxonomy":"product_brand","embeddable":true,"href":"https:\/\/www.csj-emballages.com\/pt-pt\/wp-json\/wp\/v2\/product_brand?post=20795"},{"taxonomy":"product_cat","embeddable":true,"href":"https:\/\/www.csj-emballages.com\/pt-pt\/wp-json\/wp\/v2\/product_cat?post=20795"},{"taxonomy":"product_tag","embeddable":true,"href":"https:\/\/www.csj-emballages.com\/pt-pt\/wp-json\/wp\/v2\/product_tag?post=20795"}],"curies":[{"name":"wp","href":"https:\/\/api.w.org\/{rel}","templated":true}]}}