{"id":20792,"date":"2024-03-01T16:54:20","date_gmt":"2024-03-01T15:54:20","guid":{"rendered":"https:\/\/u15jnbdpoq.preview.infomaniak.website\/produit\/250-chavenas-brancas-de-papel-vegetal-dobrado-60-ml\/"},"modified":"2026-04-28T02:15:06","modified_gmt":"2026-04-28T00:15:06","slug":"250-chavenas-brancas-de-papel-vegetal-dobrado-60-ml","status":"publish","type":"product","link":"https:\/\/www.csj-emballages.com\/pt-pt\/produit\/250-chavenas-brancas-de-papel-vegetal-dobrado-60-ml\/","title":{"rendered":"Copo de papel de cozinha branco plissado 60 ml por 250"},"content":{"rendered":"<h2>Balde de papel branco<\/h2>\n<hr>\n<h3>Descri\u00e7\u00e3o do nosso copo de papel vegetal branco plissado 60 ml por 250<\/h3>\n<p><!--more--><\/p>\n<div class=\"flex w-full flex-col gap-1 empty:hidden first:pt-[1px]\">\n<div class=\"markdown prose dark:prose-invert w-full break-words dark markdown-new-styling\">\n<p data-start=\"215\" data-end=\"514\">Se gosta de apresenta\u00e7\u00f5es bem feitas e de prepara\u00e7\u00f5es bem sucedidas, o <strong>copo de papel vegetal branco plissado de 60 ml<\/strong> \u00e9 para si! Pr\u00e1tico, higi\u00e9nico e f\u00e1cil de utilizar, \u00e9 perfeito para muffins, cupcakes, aperitivos ou mini flans caseiros. Fabricado em <strong>papel vegetal<\/strong>, resiste ao calor do forno sem se rasgar ou deformar. N\u00e3o \u00e9 necess\u00e1rio untar a forma: o <strong>papel<\/strong> evita que os seus preparados se colem. O resultado? F\u00e1cil de desenformar, cozedura uniforme e apresenta\u00e7\u00e3o impec\u00e1vel.     <\/p>\n<p data-start=\"819\" data-end=\"1077\">A sua <strong>cor branca<\/strong> confere um toque de limpeza e eleg\u00e2ncia, perfeito para os seus buffets, vitrinas ou tabuleiros de catering. E gra\u00e7as ao seu pequeno formato <strong>de 60 ml<\/strong>, pode preparar por\u00e7\u00f5es individuais e bem calibradas, sem desperd\u00edcio. <\/p>\n<p data-start=\"1345\" data-end=\"1590\">Vendido em embalagens de <strong>250<\/strong> unidades, este pacote \u00e9 ideal para uma utiliza\u00e7\u00e3o regular, oferecendo uma excelente rela\u00e7\u00e3o qualidade\/pre\u00e7o. E como s\u00e3o recicl\u00e1veis, pode reduzir os res\u00edduos sem comprometer a qualidade do seu trabalho. <\/p>\n<p data-start=\"1592\" data-end=\"1700\">Em suma, o <strong>copo de papel vegetal plissado de 60 ml<\/strong> \u00e9 um pequeno acess\u00f3rio, mas faz toda a diferen\u00e7a!<\/p>\n<p data-start=\"1592\" data-end=\"1700\">\n<\/div>\n<\/div>\n<p><!--more--><\/p>\n<p><strong>Vantagens :<\/strong><\/p>\n<ul>\n<li data-start=\"1709\" data-end=\"1761\">Resiste \u00e0 <strong data-start=\"1722\" data-end=\"1741\">cozedura no forno<\/strong> sem deformar.<\/li>\n<li data-start=\"1764\" data-end=\"1821\">Formato <strong>de 60<\/strong> <strong data-start=\"1771\" data-end=\"1780\">ml<\/strong> ideal para doses individuais.<\/li>\n<li data-start=\"1824\" data-end=\"1881\"><strong data-start=\"1824\" data-end=\"1838\">Recicl\u00e1vel<\/strong> e pr\u00e1tico para utiliza\u00e7\u00e3o profissional.<\/li>\n<li data-start=\"1884\" data-end=\"1936\">Papel <strong data-start=\"1891\" data-end=\"1907\">branco plissado<\/strong> com um acabamento limpo e n\u00edtido.<\/li>\n<li data-start=\"1939\" data-end=\"1992\"><strong data-start=\"1939\" data-end=\"1965\">Embalado em pacotes de 250 unidades<\/strong> para uma poupan\u00e7a real.<\/li>\n<\/ul>\n<p>&nbsp;<\/p>\n<p><!--more--><\/p>\n<h4>Outras informa\u00e7\u00f5es :<\/h4>\n<ul>\n<li><strong>Embalagem<\/strong>: 250 unidades<\/li>\n<li><strong>Dimens\u00f5es<\/strong>: 52 x 35 (\u00d8 x H em mm)<\/li>\n<li><strong>Volume<\/strong>: 60 ml<\/li>\n<li><strong>Material<\/strong>: Papel vegetal<\/li>\n<\/ul>\n<p>&nbsp;<\/p>\n<p><!--more--><\/p>\n<p>Este copo de papel branco est\u00e1 dispon\u00edvel em diferentes tamanhos: <span style=\"color: #d12727;\"><a style=\"color: #d12727;\" href=\"https:\/\/www.csj-emballages.com\/de\/produit\/250-weisse-becher-gefaltetes-backpapier-30-ml\/\">30 ml<\/a><\/span> \/ <span style=\"color: #d12727;\"><a style=\"color: #d12727;\" href=\"https:\/\/www.csj-emballages.com\/es\/produit\/250-tazas-blancas-papel-de-horno-doblado-37-ml\/\">37 ml<\/a><\/span> \/ <span style=\"color: #d12727;\"><a style=\"color: #d12727;\" href=\"https:\/\/www.csj-emballages.com\/produit\/250-godets-blancs-papier-cuissons-plissees-100-ml\/\">100 ml<\/a><\/span> \/ <span style=\"color: #d12727;\"><a style=\"color: #d12727;\" href=\"https:\/\/www.csj-emballages.com\/produit\/250-godets-blancs-papier-cuissons-plissees-120-ml\/\">120 ml<\/a><\/span> \/ <span style=\"color: #d12727;\"><a style=\"color: #d12727;\" href=\"https:\/\/www.csj-emballages.com\/produit\/250-godets-blancs-papier-cuissons-plissees-165-ml\/\">165 ml<\/a><\/span><\/p>\n<p>&nbsp;<\/p>\n<p><!--more--><\/p>\n<p><a href=\"https:\/\/www.csj-emballages.com\/pt-pt\/categorie-produit\/embalagem-de-alimentos\/padaria-e-pastelaria\/cozinhar\/baldes-de-papel\/\">Ver o resto da nossa gama de baldes de papel<\/a><\/p>\n","protected":false},"excerpt":{"rendered":"<p>Balde de papel branco Descri\u00e7\u00e3o do nosso copo de papel vegetal branco plissado 60 ml por 250<\/p>\n","protected":false},"featured_media":251410,"template":"","meta":{"_acf_changed":false},"product_brand":[],"product_cat":[1177,2597],"product_tag":[],"class_list":{"0":"post-20792","1":"product","2":"type-product","3":"status-publish","4":"has-post-thumbnail","6":"product_cat-padaria-e-pastelaria","7":"product_cat-baldes-de-papel","9":"first","10":"instock","11":"taxable","12":"shipping-taxable","13":"purchasable","14":"product-type-simple"},"acf":[],"yoast_head":"<!-- This site is optimized with the Yoast SEO Premium plugin v26.6 (Yoast SEO v26.6) - https:\/\/yoast.com\/wordpress\/plugins\/seo\/ -->\n<title>Cuet Papier Blanc Cuisson Pliss\u00e9 60 ml por 250<\/title>\n<meta name=\"description\" content=\"Vai adorar o copo de papel vegetal branco plissado de 60 ml! Resistente ao forno, limpo e pr\u00e1tico, \u00e9 perfeito para os seus mignardises e molhos individuais.\" \/>\n<meta name=\"robots\" content=\"index, follow, max-snippet:-1, max-image-preview:large, max-video-preview:-1\" \/>\n<link rel=\"canonical\" href=\"https:\/\/www.csj-emballages.com\/pt-pt\/produit\/250-chavenas-brancas-de-papel-vegetal-dobrado-60-ml\/\" \/>\n<meta property=\"og:locale\" content=\"pt_PT\" \/>\n<meta property=\"og:type\" content=\"article\" \/>\n<meta property=\"og:title\" content=\"Copo de papel de cozinha branco plissado 60 ml por 250\" \/>\n<meta property=\"og:description\" content=\"Vai adorar o copo de papel vegetal branco plissado de 60 ml! Resistente ao forno, limpo e pr\u00e1tico, \u00e9 perfeito para os seus mignardises e molhos individuais.\" \/>\n<meta property=\"og:url\" content=\"https:\/\/www.csj-emballages.com\/pt-pt\/produit\/250-chavenas-brancas-de-papel-vegetal-dobrado-60-ml\/\" \/>\n<meta property=\"og:site_name\" content=\"CSJ Emballages\" \/>\n<meta property=\"article:publisher\" content=\"https:\/\/www.facebook.com\/csjemballages\" \/>\n<meta property=\"article:modified_time\" content=\"2026-04-28T00:15:06+00:00\" \/>\n<meta property=\"og:image\" content=\"https:\/\/www.csj-emballages.com\/wp-content\/uploads\/2024\/03\/F200.webp\" \/>\n\t<meta property=\"og:image:width\" content=\"800\" \/>\n\t<meta property=\"og:image:height\" content=\"800\" \/>\n\t<meta property=\"og:image:type\" content=\"image\/webp\" \/>\n<meta name=\"twitter:card\" content=\"summary_large_image\" \/>\n<meta name=\"twitter:label1\" content=\"Tempo estimado de leitura\" \/>\n\t<meta name=\"twitter:data1\" content=\"1 minuto\" \/>\n<script type=\"application\/ld+json\" class=\"yoast-schema-graph\">{\"@context\":\"https:\/\/schema.org\",\"@graph\":[{\"@type\":\"WebPage\",\"@id\":\"https:\/\/www.csj-emballages.com\/pt-pt\/produit\/250-chavenas-brancas-de-papel-vegetal-dobrado-60-ml\/\",\"url\":\"https:\/\/www.csj-emballages.com\/pt-pt\/produit\/250-chavenas-brancas-de-papel-vegetal-dobrado-60-ml\/\",\"name\":\"Cuet Papier Blanc Cuisson Pliss\u00e9 60 ml por 250\",\"isPartOf\":{\"@id\":\"https:\/\/www.csj-emballages.com\/pt-pt\/#website\"},\"primaryImageOfPage\":{\"@id\":\"https:\/\/www.csj-emballages.com\/pt-pt\/produit\/250-chavenas-brancas-de-papel-vegetal-dobrado-60-ml\/#primaryimage\"},\"image\":{\"@id\":\"https:\/\/www.csj-emballages.com\/pt-pt\/produit\/250-chavenas-brancas-de-papel-vegetal-dobrado-60-ml\/#primaryimage\"},\"thumbnailUrl\":\"https:\/\/www.csj-emballages.com\/wp-content\/uploads\/2024\/03\/F200.webp\",\"datePublished\":\"2024-03-01T15:54:20+00:00\",\"dateModified\":\"2026-04-28T00:15:06+00:00\",\"description\":\"Vai adorar o copo de papel vegetal branco plissado de 60 ml! Resistente ao forno, limpo e pr\u00e1tico, \u00e9 perfeito para os seus mignardises e molhos individuais.\",\"breadcrumb\":{\"@id\":\"https:\/\/www.csj-emballages.com\/pt-pt\/produit\/250-chavenas-brancas-de-papel-vegetal-dobrado-60-ml\/#breadcrumb\"},\"inLanguage\":\"pt-PT\",\"potentialAction\":[{\"@type\":\"ReadAction\",\"target\":[\"https:\/\/www.csj-emballages.com\/pt-pt\/produit\/250-chavenas-brancas-de-papel-vegetal-dobrado-60-ml\/\"]}]},{\"@type\":\"ImageObject\",\"inLanguage\":\"pt-PT\",\"@id\":\"https:\/\/www.csj-emballages.com\/pt-pt\/produit\/250-chavenas-brancas-de-papel-vegetal-dobrado-60-ml\/#primaryimage\",\"url\":\"https:\/\/www.csj-emballages.com\/wp-content\/uploads\/2024\/03\/F200.webp\",\"contentUrl\":\"https:\/\/www.csj-emballages.com\/wp-content\/uploads\/2024\/03\/F200.webp\",\"width\":800,\"height\":800,\"caption\":\"Godet papier blanc\"},{\"@type\":\"BreadcrumbList\",\"@id\":\"https:\/\/www.csj-emballages.com\/pt-pt\/produit\/250-chavenas-brancas-de-papel-vegetal-dobrado-60-ml\/#breadcrumb\",\"itemListElement\":[{\"@type\":\"ListItem\",\"position\":1,\"name\":\"Acolhimento\",\"item\":\"https:\/\/www.csj-emballages.com\/pt-pt\/universo-das-embalagens-alimentares\/\"},{\"@type\":\"ListItem\",\"position\":2,\"name\":\"Shop\",\"item\":\"https:\/\/www.csj-emballages.com\/shop\/\"},{\"@type\":\"ListItem\",\"position\":3,\"name\":\"Copo de papel de cozinha branco plissado 60 ml por 250\"}]},{\"@type\":\"WebSite\",\"@id\":\"https:\/\/www.csj-emballages.com\/pt-pt\/#website\",\"url\":\"https:\/\/www.csj-emballages.com\/pt-pt\/\",\"name\":\"CSJ Emballages\",\"description\":\"\",\"publisher\":{\"@id\":\"https:\/\/www.csj-emballages.com\/pt-pt\/#organization\"},\"potentialAction\":[{\"@type\":\"SearchAction\",\"target\":{\"@type\":\"EntryPoint\",\"urlTemplate\":\"https:\/\/www.csj-emballages.com\/pt-pt\/?s={search_term_string}\"},\"query-input\":{\"@type\":\"PropertyValueSpecification\",\"valueRequired\":true,\"valueName\":\"search_term_string\"}}],\"inLanguage\":\"pt-PT\"},{\"@type\":\"Organization\",\"@id\":\"https:\/\/www.csj-emballages.com\/pt-pt\/#Organization\/\",\"name\":\"CSJ Emballages\",\"url\":\"https:\/\/www.csj-emballages.com\/pt-pt\/\",\"logo\":{\"@type\":\"ImageObject\",\"inLanguage\":\"pt-PT\",\"@id\":\"https:\/\/www.csj-emballages.com\/pt-pt\/#\/schema\/logo\/image\/\",\"url\":\"https:\/\/www.csj-emballages.com\/wp-content\/uploads\/2023\/10\/logo_csj.webp\",\"contentUrl\":\"https:\/\/www.csj-emballages.com\/wp-content\/uploads\/2023\/10\/logo_csj.webp\",\"width\":250,\"height\":95,\"caption\":\"CSJ Emballages\"},\"image\":{\"@id\":\"https:\/\/www.csj-emballages.com\/pt-pt\/#\/schema\/logo\/image\/\"},\"sameAs\":[\"https:\/\/www.facebook.com\/csjemballages\"],\"address\":{\"@type\":\"PostalAddress\",\"streetAddress\":\"ZI La Lechere\",\"addressLocality\":\"Patornay\",\"postalCode\":\"39130\",\"addressCountry\":\"FR\"},\"contactPoint\":[{\"@type\":\"ContactPoint\",\"contactType\":\"Service client\",\"telephone\":\"0384254272\",\"email\":\"contact@csj-emballages.com\"}]}]}<\/script>\n<!-- \/ Yoast SEO Premium plugin. -->","yoast_head_json":{"title":"Cuet Papier Blanc Cuisson Pliss\u00e9 60 ml por 250","description":"Vai adorar o copo de papel vegetal branco plissado de 60 ml! Resistente ao forno, limpo e pr\u00e1tico, \u00e9 perfeito para os seus mignardises e molhos individuais.","robots":{"index":"index","follow":"follow","max-snippet":"max-snippet:-1","max-image-preview":"max-image-preview:large","max-video-preview":"max-video-preview:-1"},"canonical":"https:\/\/www.csj-emballages.com\/pt-pt\/produit\/250-chavenas-brancas-de-papel-vegetal-dobrado-60-ml\/","og_locale":"pt_PT","og_type":"article","og_title":"Copo de papel de cozinha branco plissado 60 ml por 250","og_description":"Vai adorar o copo de papel vegetal branco plissado de 60 ml! Resistente ao forno, limpo e pr\u00e1tico, \u00e9 perfeito para os seus mignardises e molhos individuais.","og_url":"https:\/\/www.csj-emballages.com\/pt-pt\/produit\/250-chavenas-brancas-de-papel-vegetal-dobrado-60-ml\/","og_site_name":"CSJ Emballages","article_publisher":"https:\/\/www.facebook.com\/csjemballages","article_modified_time":"2026-04-28T00:15:06+00:00","og_image":[{"width":800,"height":800,"url":"https:\/\/www.csj-emballages.com\/wp-content\/uploads\/2024\/03\/F200.webp","type":"image\/webp"}],"twitter_card":"summary_large_image","twitter_misc":{"Tempo estimado de leitura":"1 minuto"},"schema":{"@context":"https:\/\/schema.org","@graph":[{"@type":"WebPage","@id":"https:\/\/www.csj-emballages.com\/pt-pt\/produit\/250-chavenas-brancas-de-papel-vegetal-dobrado-60-ml\/","url":"https:\/\/www.csj-emballages.com\/pt-pt\/produit\/250-chavenas-brancas-de-papel-vegetal-dobrado-60-ml\/","name":"Cuet Papier Blanc Cuisson Pliss\u00e9 60 ml por 250","isPartOf":{"@id":"https:\/\/www.csj-emballages.com\/pt-pt\/#website"},"primaryImageOfPage":{"@id":"https:\/\/www.csj-emballages.com\/pt-pt\/produit\/250-chavenas-brancas-de-papel-vegetal-dobrado-60-ml\/#primaryimage"},"image":{"@id":"https:\/\/www.csj-emballages.com\/pt-pt\/produit\/250-chavenas-brancas-de-papel-vegetal-dobrado-60-ml\/#primaryimage"},"thumbnailUrl":"https:\/\/www.csj-emballages.com\/wp-content\/uploads\/2024\/03\/F200.webp","datePublished":"2024-03-01T15:54:20+00:00","dateModified":"2026-04-28T00:15:06+00:00","description":"Vai adorar o copo de papel vegetal branco plissado de 60 ml! Resistente ao forno, limpo e pr\u00e1tico, \u00e9 perfeito para os seus mignardises e molhos individuais.","breadcrumb":{"@id":"https:\/\/www.csj-emballages.com\/pt-pt\/produit\/250-chavenas-brancas-de-papel-vegetal-dobrado-60-ml\/#breadcrumb"},"inLanguage":"pt-PT","potentialAction":[{"@type":"ReadAction","target":["https:\/\/www.csj-emballages.com\/pt-pt\/produit\/250-chavenas-brancas-de-papel-vegetal-dobrado-60-ml\/"]}]},{"@type":"ImageObject","inLanguage":"pt-PT","@id":"https:\/\/www.csj-emballages.com\/pt-pt\/produit\/250-chavenas-brancas-de-papel-vegetal-dobrado-60-ml\/#primaryimage","url":"https:\/\/www.csj-emballages.com\/wp-content\/uploads\/2024\/03\/F200.webp","contentUrl":"https:\/\/www.csj-emballages.com\/wp-content\/uploads\/2024\/03\/F200.webp","width":800,"height":800,"caption":"Godet papier blanc"},{"@type":"BreadcrumbList","@id":"https:\/\/www.csj-emballages.com\/pt-pt\/produit\/250-chavenas-brancas-de-papel-vegetal-dobrado-60-ml\/#breadcrumb","itemListElement":[{"@type":"ListItem","position":1,"name":"Acolhimento","item":"https:\/\/www.csj-emballages.com\/pt-pt\/universo-das-embalagens-alimentares\/"},{"@type":"ListItem","position":2,"name":"Shop","item":"https:\/\/www.csj-emballages.com\/shop\/"},{"@type":"ListItem","position":3,"name":"Copo de papel de cozinha branco plissado 60 ml por 250"}]},{"@type":"WebSite","@id":"https:\/\/www.csj-emballages.com\/pt-pt\/#website","url":"https:\/\/www.csj-emballages.com\/pt-pt\/","name":"CSJ Emballages","description":"","publisher":{"@id":"https:\/\/www.csj-emballages.com\/pt-pt\/#organization"},"potentialAction":[{"@type":"SearchAction","target":{"@type":"EntryPoint","urlTemplate":"https:\/\/www.csj-emballages.com\/pt-pt\/?s={search_term_string}"},"query-input":{"@type":"PropertyValueSpecification","valueRequired":true,"valueName":"search_term_string"}}],"inLanguage":"pt-PT"},{"@type":"Organization","@id":"https:\/\/www.csj-emballages.com\/pt-pt\/#Organization\/","name":"CSJ Emballages","url":"https:\/\/www.csj-emballages.com\/pt-pt\/","logo":{"@type":"ImageObject","inLanguage":"pt-PT","@id":"https:\/\/www.csj-emballages.com\/pt-pt\/#\/schema\/logo\/image\/","url":"https:\/\/www.csj-emballages.com\/wp-content\/uploads\/2023\/10\/logo_csj.webp","contentUrl":"https:\/\/www.csj-emballages.com\/wp-content\/uploads\/2023\/10\/logo_csj.webp","width":250,"height":95,"caption":"CSJ Emballages"},"image":{"@id":"https:\/\/www.csj-emballages.com\/pt-pt\/#\/schema\/logo\/image\/"},"sameAs":["https:\/\/www.facebook.com\/csjemballages"],"address":{"@type":"PostalAddress","streetAddress":"ZI La Lechere","addressLocality":"Patornay","postalCode":"39130","addressCountry":"FR"},"contactPoint":[{"@type":"ContactPoint","contactType":"Service client","telephone":"0384254272","email":"contact@csj-emballages.com"}]}]}},"df_price":4.97,"df_sale_price":"","df_regular_price":4.97,"df_image_link":"https:\/\/www.csj-emballages.com\/wp-content\/uploads\/2024\/03\/F200-300x300.webp","tiered_pricing_type":"fixed","tiered_pricing_fixed_rules":[],"tiered_pricing_percentage_rules":[],"tiered_pricing_minimum":1,"tiered_pricing_roles_data":[],"_links":{"self":[{"href":"https:\/\/www.csj-emballages.com\/pt-pt\/wp-json\/wp\/v2\/product\/20792","targetHints":{"allow":["GET"]}}],"collection":[{"href":"https:\/\/www.csj-emballages.com\/pt-pt\/wp-json\/wp\/v2\/product"}],"about":[{"href":"https:\/\/www.csj-emballages.com\/pt-pt\/wp-json\/wp\/v2\/types\/product"}],"wp:featuredmedia":[{"embeddable":true,"href":"https:\/\/www.csj-emballages.com\/pt-pt\/wp-json\/wp\/v2\/media\/251410"}],"wp:attachment":[{"href":"https:\/\/www.csj-emballages.com\/pt-pt\/wp-json\/wp\/v2\/media?parent=20792"}],"wp:term":[{"taxonomy":"product_brand","embeddable":true,"href":"https:\/\/www.csj-emballages.com\/pt-pt\/wp-json\/wp\/v2\/product_brand?post=20792"},{"taxonomy":"product_cat","embeddable":true,"href":"https:\/\/www.csj-emballages.com\/pt-pt\/wp-json\/wp\/v2\/product_cat?post=20792"},{"taxonomy":"product_tag","embeddable":true,"href":"https:\/\/www.csj-emballages.com\/pt-pt\/wp-json\/wp\/v2\/product_tag?post=20792"}],"curies":[{"name":"wp","href":"https:\/\/api.w.org\/{rel}","templated":true}]}}