{"id":20790,"date":"2024-03-01T16:54:19","date_gmt":"2024-03-01T15:54:19","guid":{"rendered":"https:\/\/u15jnbdpoq.preview.infomaniak.website\/produit\/250-chavenas-brancas-de-papel-vegetal-dobrado-165-ml\/"},"modified":"2026-03-12T16:24:46","modified_gmt":"2026-03-12T15:24:46","slug":"250-chavenas-brancas-de-papel-vegetal-dobrado-165-ml","status":"publish","type":"product","link":"https:\/\/www.csj-emballages.com\/pt-pt\/produit\/250-chavenas-brancas-de-papel-vegetal-dobrado-165-ml\/","title":{"rendered":"Ch\u00e1vena de papel de cozinha branco 165 ml por 250"},"content":{"rendered":"<h2>Balde de papel branco<\/h2>\n<hr>\n<h3>Descri\u00e7\u00e3o do nosso copo de papel vegetal branco plissado 165 ml por 250<\/h3>\n<p><!--more--><\/p>\n<div class=\"flex w-full flex-col gap-1 empty:hidden first:pt-[1px]\">\n<div class=\"markdown prose dark:prose-invert w-full break-words dark markdown-new-styling\">\n<p data-start=\"253\" data-end=\"581\">Precisa de um suporte pr\u00e1tico e elegante para os seus pratos? O <strong>copo de papel vegetal branco plissado de 165 ml<\/strong> \u00e9 o pequeno essencial que precisa na cozinha! Quer se trate de muffins fofos, pequenos bolos, flans individuais ou at\u00e9 mesmo de petiscos salgados, tem o que procura. Fabricado em <strong>papel vegetal<\/strong>, \u00e9 perfeito para cozer no forno sem deformar, queimar ou alterar o sabor dos seus preparados. Gra\u00e7as ao seu tamanho <strong>de 165 ml<\/strong>, oferece uma capacidade generosa. Ideal para por\u00e7\u00f5es generosas, permite confecionar sobremesas e entradas bem calibradas e f\u00e1ceis de servir.     <\/p>\n<p data-start=\"978\" data-end=\"1421\">O seu design <strong>plissado branco<\/strong> d\u00e1 um toque limpo e profissional a todas as suas apresenta\u00e7\u00f5es. Quer seja um padeiro artesanal, um fornecedor de refei\u00e7\u00f5es, um dono de restaurante ou um entusiasta da pastelaria caseira, apreciar\u00e1 a facilidade de utiliza\u00e7\u00e3o e a higiene. N\u00e3o \u00e9 necess\u00e1rio untar as formas: o <strong>papel antiaderente<\/strong> garante uma f\u00e1cil remo\u00e7\u00e3o da forma e um acabamento perfeito, mesmo para as receitas mais delicadas.  <\/p>\n<p data-start=\"1423\" data-end=\"1695\">Vendido em embalagens de <strong>250<\/strong> unidades, este pacote foi concebido para profissionais que procuram efici\u00eancia e poupan\u00e7a de tempo. E porque o <strong>papel \u00e9 recicl\u00e1vel<\/strong>, est\u00e1 a contribuir para uma abordagem mais respons\u00e1vel e ecol\u00f3gica, sem comprometer a qualidade. <\/p>\n<p data-start=\"1697\" data-end=\"1872\">Em suma, o <strong>copo de papel vegetal branco plissado de 165 ml<\/strong> combina est\u00e9tica, praticidade e desempenho &#8211; tudo o que precisa para real\u00e7ar o melhor das suas cria\u00e7\u00f5es doces e salgadas!<\/p>\n<p data-start=\"1697\" data-end=\"1872\">\n<\/div>\n<\/div>\n<p><!--more--><\/p>\n<p><strong>Vantagens :<\/strong><\/p>\n<ul>\n<li data-start=\"1709\" data-end=\"1761\">Resiste \u00e0 <strong data-start=\"1722\" data-end=\"1741\">cozedura no forno<\/strong> sem deformar.<\/li>\n<li data-start=\"1764\" data-end=\"1821\">Formato <strong>de 165<\/strong> <strong data-start=\"1771\" data-end=\"1780\">ml<\/strong> ideal para doses individuais.<\/li>\n<li data-start=\"1824\" data-end=\"1881\"><strong data-start=\"1824\" data-end=\"1838\">Recicl\u00e1vel<\/strong> e pr\u00e1tico para utiliza\u00e7\u00e3o profissional.<\/li>\n<li data-start=\"1884\" data-end=\"1936\">Papel <strong data-start=\"1891\" data-end=\"1907\">branco plissado<\/strong> com um acabamento limpo e n\u00edtido.<\/li>\n<li data-start=\"1939\" data-end=\"1992\"><strong data-start=\"1939\" data-end=\"1965\">Embalado em pacotes de 250 unidades<\/strong> para uma poupan\u00e7a real.<\/li>\n<\/ul>\n<p>&nbsp;<\/p>\n<p><!--more--><\/p>\n<h4>Outras informa\u00e7\u00f5es :<\/h4>\n<ul>\n<li><strong>Embalagem<\/strong>: 250 unidades<\/li>\n<li><strong>Dimens\u00f5es<\/strong>: 80 x 40 (\u00d8 x H em mm)<\/li>\n<li><strong>Volume<\/strong>: 165 ml<\/li>\n<li><strong>Material<\/strong>: Papel vegetal<\/li>\n<\/ul>\n<p>&nbsp;<\/p>\n<p><!--more--><\/p>\n<p>Este copo de papel branco est\u00e1 dispon\u00edvel em diferentes tamanhos: <span style=\"color: #d12727;\"><a style=\"color: #d12727;\" href=\"https:\/\/www.csj-emballages.com\/pt-pt\/produit\/250-chavenas-brancas-de-papel-vegetal-dobrado-30-ml\/\">30 ml<\/a><\/span> \/ <span style=\"color: #d12727;\"><a style=\"color: #d12727;\" href=\"https:\/\/www.csj-emballages.com\/pt-pt\/produit\/250-chavenas-brancas-de-papel-vegetal-dobrado-37-ml\/\">37 ml<\/a><\/span> \/ <span style=\"color: #d12727;\"><a style=\"color: #d12727;\" href=\"https:\/\/www.csj-emballages.com\/produit\/250-godets-blancs-papier-cuissons-plissees-60-ml\/\">60 ml<\/a><\/span> \/ <span style=\"color: #d12727;\"><a style=\"color: #d12727;\" href=\"https:\/\/www.csj-emballages.com\/produit\/250-godets-blancs-papier-cuissons-plissees-100-ml\/\">100 ml<\/a><\/span> \/ <span style=\"color: #d12727;\"><a style=\"color: #d12727;\" href=\"https:\/\/www.csj-emballages.com\/pt-pt\/produit\/250-chavenas-brancas-de-papel-vegetal-plissado-120-ml\/\">120 ml<\/a><\/span><\/p>\n<p>&nbsp;<\/p>\n<p><!--more--><\/p>\n<p><a href=\"https:\/\/www.csj-emballages.com\/pt-pt\/categorie-produit\/embalagem-de-alimentos\/padaria-e-pastelaria\/cozinhar\/baldes-de-papel\/\">Ver o resto da nossa gama de baldes de papel<\/a><\/p>\n","protected":false},"excerpt":{"rendered":"<p>Balde de papel branco Descri\u00e7\u00e3o do nosso copo de papel vegetal branco plissado 165 ml por 250<\/p>\n","protected":false},"featured_media":251428,"template":"","meta":{"_acf_changed":false},"product_brand":[],"product_cat":[1177,2597],"product_tag":[],"class_list":{"0":"post-20790","1":"product","2":"type-product","3":"status-publish","4":"has-post-thumbnail","6":"product_cat-padaria-e-pastelaria","7":"product_cat-baldes-de-papel","9":"first","10":"outofstock","11":"taxable","12":"shipping-taxable","13":"purchasable","14":"product-type-simple"},"acf":[],"yoast_head":"<!-- This site is optimized with the Yoast SEO Premium plugin v26.6 (Yoast SEO v26.6) - https:\/\/yoast.com\/wordpress\/plugins\/seo\/ -->\n<title>Cuet Papier Blanc Cuisson Pliss\u00e9 165 ml por 250<\/title>\n<meta name=\"description\" content=\"Vai adorar o copo de papel vegetal branco plissado de 165 ml! Resistente ao forno, limpo e pr\u00e1tico, \u00e9 perfeito para os seus mignardises e molhos individuais.\" \/>\n<meta name=\"robots\" content=\"index, follow, max-snippet:-1, max-image-preview:large, max-video-preview:-1\" \/>\n<link rel=\"canonical\" href=\"https:\/\/www.csj-emballages.com\/pt-pt\/produit\/250-chavenas-brancas-de-papel-vegetal-dobrado-165-ml\/\" \/>\n<meta property=\"og:locale\" content=\"pt_PT\" \/>\n<meta property=\"og:type\" content=\"article\" \/>\n<meta property=\"og:title\" content=\"Ch\u00e1vena de papel de cozinha branco 165 ml por 250\" \/>\n<meta property=\"og:description\" content=\"Vai adorar o copo de papel vegetal branco plissado de 165 ml! Resistente ao forno, limpo e pr\u00e1tico, \u00e9 perfeito para os seus mignardises e molhos individuais.\" \/>\n<meta property=\"og:url\" content=\"https:\/\/www.csj-emballages.com\/pt-pt\/produit\/250-chavenas-brancas-de-papel-vegetal-dobrado-165-ml\/\" \/>\n<meta property=\"og:site_name\" content=\"CSJ Emballages\" \/>\n<meta property=\"article:publisher\" content=\"https:\/\/www.facebook.com\/csjemballages\" \/>\n<meta property=\"article:modified_time\" content=\"2026-03-12T15:24:46+00:00\" \/>\n<meta property=\"og:image\" content=\"https:\/\/www.csj-emballages.com\/wp-content\/uploads\/2024\/03\/F550.webp\" \/>\n\t<meta property=\"og:image:width\" content=\"800\" \/>\n\t<meta property=\"og:image:height\" content=\"800\" \/>\n\t<meta property=\"og:image:type\" content=\"image\/webp\" \/>\n<meta name=\"twitter:card\" content=\"summary_large_image\" \/>\n<meta name=\"twitter:label1\" content=\"Tempo estimado de leitura\" \/>\n\t<meta name=\"twitter:data1\" content=\"2 minutos\" \/>\n<script type=\"application\/ld+json\" class=\"yoast-schema-graph\">{\"@context\":\"https:\/\/schema.org\",\"@graph\":[{\"@type\":\"WebPage\",\"@id\":\"https:\/\/www.csj-emballages.com\/pt-pt\/produit\/250-chavenas-brancas-de-papel-vegetal-dobrado-165-ml\/\",\"url\":\"https:\/\/www.csj-emballages.com\/pt-pt\/produit\/250-chavenas-brancas-de-papel-vegetal-dobrado-165-ml\/\",\"name\":\"Cuet Papier Blanc Cuisson Pliss\u00e9 165 ml por 250\",\"isPartOf\":{\"@id\":\"https:\/\/www.csj-emballages.com\/pt-pt\/#website\"},\"primaryImageOfPage\":{\"@id\":\"https:\/\/www.csj-emballages.com\/pt-pt\/produit\/250-chavenas-brancas-de-papel-vegetal-dobrado-165-ml\/#primaryimage\"},\"image\":{\"@id\":\"https:\/\/www.csj-emballages.com\/pt-pt\/produit\/250-chavenas-brancas-de-papel-vegetal-dobrado-165-ml\/#primaryimage\"},\"thumbnailUrl\":\"https:\/\/www.csj-emballages.com\/wp-content\/uploads\/2024\/03\/F550.webp\",\"datePublished\":\"2024-03-01T15:54:19+00:00\",\"dateModified\":\"2026-03-12T15:24:46+00:00\",\"description\":\"Vai adorar o copo de papel vegetal branco plissado de 165 ml! Resistente ao forno, limpo e pr\u00e1tico, \u00e9 perfeito para os seus mignardises e molhos individuais.\",\"breadcrumb\":{\"@id\":\"https:\/\/www.csj-emballages.com\/pt-pt\/produit\/250-chavenas-brancas-de-papel-vegetal-dobrado-165-ml\/#breadcrumb\"},\"inLanguage\":\"pt-PT\",\"potentialAction\":[{\"@type\":\"ReadAction\",\"target\":[\"https:\/\/www.csj-emballages.com\/pt-pt\/produit\/250-chavenas-brancas-de-papel-vegetal-dobrado-165-ml\/\"]}]},{\"@type\":\"ImageObject\",\"inLanguage\":\"pt-PT\",\"@id\":\"https:\/\/www.csj-emballages.com\/pt-pt\/produit\/250-chavenas-brancas-de-papel-vegetal-dobrado-165-ml\/#primaryimage\",\"url\":\"https:\/\/www.csj-emballages.com\/wp-content\/uploads\/2024\/03\/F550.webp\",\"contentUrl\":\"https:\/\/www.csj-emballages.com\/wp-content\/uploads\/2024\/03\/F550.webp\",\"width\":800,\"height\":800,\"caption\":\"Godet papier blanc\"},{\"@type\":\"BreadcrumbList\",\"@id\":\"https:\/\/www.csj-emballages.com\/pt-pt\/produit\/250-chavenas-brancas-de-papel-vegetal-dobrado-165-ml\/#breadcrumb\",\"itemListElement\":[{\"@type\":\"ListItem\",\"position\":1,\"name\":\"Acolhimento\",\"item\":\"https:\/\/www.csj-emballages.com\/pt-pt\/universo-das-embalagens-alimentares\/\"},{\"@type\":\"ListItem\",\"position\":2,\"name\":\"Shop\",\"item\":\"https:\/\/www.csj-emballages.com\/shop\/\"},{\"@type\":\"ListItem\",\"position\":3,\"name\":\"Ch\u00e1vena de papel de cozinha branco 165 ml por 250\"}]},{\"@type\":\"WebSite\",\"@id\":\"https:\/\/www.csj-emballages.com\/pt-pt\/#website\",\"url\":\"https:\/\/www.csj-emballages.com\/pt-pt\/\",\"name\":\"CSJ Emballages\",\"description\":\"\",\"publisher\":{\"@id\":\"https:\/\/www.csj-emballages.com\/pt-pt\/#organization\"},\"potentialAction\":[{\"@type\":\"SearchAction\",\"target\":{\"@type\":\"EntryPoint\",\"urlTemplate\":\"https:\/\/www.csj-emballages.com\/pt-pt\/?s={search_term_string}\"},\"query-input\":{\"@type\":\"PropertyValueSpecification\",\"valueRequired\":true,\"valueName\":\"search_term_string\"}}],\"inLanguage\":\"pt-PT\"},{\"@type\":\"Organization\",\"@id\":\"https:\/\/www.csj-emballages.com\/pt-pt\/#Organization\/\",\"name\":\"CSJ Emballages\",\"url\":\"https:\/\/www.csj-emballages.com\/pt-pt\/\",\"logo\":{\"@type\":\"ImageObject\",\"inLanguage\":\"pt-PT\",\"@id\":\"https:\/\/www.csj-emballages.com\/pt-pt\/#\/schema\/logo\/image\/\",\"url\":\"https:\/\/www.csj-emballages.com\/wp-content\/uploads\/2023\/10\/logo_csj.webp\",\"contentUrl\":\"https:\/\/www.csj-emballages.com\/wp-content\/uploads\/2023\/10\/logo_csj.webp\",\"width\":250,\"height\":95,\"caption\":\"CSJ Emballages\"},\"image\":{\"@id\":\"https:\/\/www.csj-emballages.com\/pt-pt\/#\/schema\/logo\/image\/\"},\"sameAs\":[\"https:\/\/www.facebook.com\/csjemballages\"],\"address\":{\"@type\":\"PostalAddress\",\"streetAddress\":\"ZI La Lechere\",\"addressLocality\":\"Patornay\",\"postalCode\":\"39130\",\"addressCountry\":\"FR\"},\"contactPoint\":[{\"@type\":\"ContactPoint\",\"contactType\":\"Service client\",\"telephone\":\"0384254272\",\"email\":\"contact@csj-emballages.com\"}]}]}<\/script>\n<!-- \/ Yoast SEO Premium plugin. -->","yoast_head_json":{"title":"Cuet Papier Blanc Cuisson Pliss\u00e9 165 ml por 250","description":"Vai adorar o copo de papel vegetal branco plissado de 165 ml! Resistente ao forno, limpo e pr\u00e1tico, \u00e9 perfeito para os seus mignardises e molhos individuais.","robots":{"index":"index","follow":"follow","max-snippet":"max-snippet:-1","max-image-preview":"max-image-preview:large","max-video-preview":"max-video-preview:-1"},"canonical":"https:\/\/www.csj-emballages.com\/pt-pt\/produit\/250-chavenas-brancas-de-papel-vegetal-dobrado-165-ml\/","og_locale":"pt_PT","og_type":"article","og_title":"Ch\u00e1vena de papel de cozinha branco 165 ml por 250","og_description":"Vai adorar o copo de papel vegetal branco plissado de 165 ml! Resistente ao forno, limpo e pr\u00e1tico, \u00e9 perfeito para os seus mignardises e molhos individuais.","og_url":"https:\/\/www.csj-emballages.com\/pt-pt\/produit\/250-chavenas-brancas-de-papel-vegetal-dobrado-165-ml\/","og_site_name":"CSJ Emballages","article_publisher":"https:\/\/www.facebook.com\/csjemballages","article_modified_time":"2026-03-12T15:24:46+00:00","og_image":[{"width":800,"height":800,"url":"https:\/\/www.csj-emballages.com\/wp-content\/uploads\/2024\/03\/F550.webp","type":"image\/webp"}],"twitter_card":"summary_large_image","twitter_misc":{"Tempo estimado de leitura":"2 minutos"},"schema":{"@context":"https:\/\/schema.org","@graph":[{"@type":"WebPage","@id":"https:\/\/www.csj-emballages.com\/pt-pt\/produit\/250-chavenas-brancas-de-papel-vegetal-dobrado-165-ml\/","url":"https:\/\/www.csj-emballages.com\/pt-pt\/produit\/250-chavenas-brancas-de-papel-vegetal-dobrado-165-ml\/","name":"Cuet Papier Blanc Cuisson Pliss\u00e9 165 ml por 250","isPartOf":{"@id":"https:\/\/www.csj-emballages.com\/pt-pt\/#website"},"primaryImageOfPage":{"@id":"https:\/\/www.csj-emballages.com\/pt-pt\/produit\/250-chavenas-brancas-de-papel-vegetal-dobrado-165-ml\/#primaryimage"},"image":{"@id":"https:\/\/www.csj-emballages.com\/pt-pt\/produit\/250-chavenas-brancas-de-papel-vegetal-dobrado-165-ml\/#primaryimage"},"thumbnailUrl":"https:\/\/www.csj-emballages.com\/wp-content\/uploads\/2024\/03\/F550.webp","datePublished":"2024-03-01T15:54:19+00:00","dateModified":"2026-03-12T15:24:46+00:00","description":"Vai adorar o copo de papel vegetal branco plissado de 165 ml! Resistente ao forno, limpo e pr\u00e1tico, \u00e9 perfeito para os seus mignardises e molhos individuais.","breadcrumb":{"@id":"https:\/\/www.csj-emballages.com\/pt-pt\/produit\/250-chavenas-brancas-de-papel-vegetal-dobrado-165-ml\/#breadcrumb"},"inLanguage":"pt-PT","potentialAction":[{"@type":"ReadAction","target":["https:\/\/www.csj-emballages.com\/pt-pt\/produit\/250-chavenas-brancas-de-papel-vegetal-dobrado-165-ml\/"]}]},{"@type":"ImageObject","inLanguage":"pt-PT","@id":"https:\/\/www.csj-emballages.com\/pt-pt\/produit\/250-chavenas-brancas-de-papel-vegetal-dobrado-165-ml\/#primaryimage","url":"https:\/\/www.csj-emballages.com\/wp-content\/uploads\/2024\/03\/F550.webp","contentUrl":"https:\/\/www.csj-emballages.com\/wp-content\/uploads\/2024\/03\/F550.webp","width":800,"height":800,"caption":"Godet papier blanc"},{"@type":"BreadcrumbList","@id":"https:\/\/www.csj-emballages.com\/pt-pt\/produit\/250-chavenas-brancas-de-papel-vegetal-dobrado-165-ml\/#breadcrumb","itemListElement":[{"@type":"ListItem","position":1,"name":"Acolhimento","item":"https:\/\/www.csj-emballages.com\/pt-pt\/universo-das-embalagens-alimentares\/"},{"@type":"ListItem","position":2,"name":"Shop","item":"https:\/\/www.csj-emballages.com\/shop\/"},{"@type":"ListItem","position":3,"name":"Ch\u00e1vena de papel de cozinha branco 165 ml por 250"}]},{"@type":"WebSite","@id":"https:\/\/www.csj-emballages.com\/pt-pt\/#website","url":"https:\/\/www.csj-emballages.com\/pt-pt\/","name":"CSJ Emballages","description":"","publisher":{"@id":"https:\/\/www.csj-emballages.com\/pt-pt\/#organization"},"potentialAction":[{"@type":"SearchAction","target":{"@type":"EntryPoint","urlTemplate":"https:\/\/www.csj-emballages.com\/pt-pt\/?s={search_term_string}"},"query-input":{"@type":"PropertyValueSpecification","valueRequired":true,"valueName":"search_term_string"}}],"inLanguage":"pt-PT"},{"@type":"Organization","@id":"https:\/\/www.csj-emballages.com\/pt-pt\/#Organization\/","name":"CSJ Emballages","url":"https:\/\/www.csj-emballages.com\/pt-pt\/","logo":{"@type":"ImageObject","inLanguage":"pt-PT","@id":"https:\/\/www.csj-emballages.com\/pt-pt\/#\/schema\/logo\/image\/","url":"https:\/\/www.csj-emballages.com\/wp-content\/uploads\/2023\/10\/logo_csj.webp","contentUrl":"https:\/\/www.csj-emballages.com\/wp-content\/uploads\/2023\/10\/logo_csj.webp","width":250,"height":95,"caption":"CSJ Emballages"},"image":{"@id":"https:\/\/www.csj-emballages.com\/pt-pt\/#\/schema\/logo\/image\/"},"sameAs":["https:\/\/www.facebook.com\/csjemballages"],"address":{"@type":"PostalAddress","streetAddress":"ZI La Lechere","addressLocality":"Patornay","postalCode":"39130","addressCountry":"FR"},"contactPoint":[{"@type":"ContactPoint","contactType":"Service client","telephone":"0384254272","email":"contact@csj-emballages.com"}]}]}},"df_price":17.63,"df_sale_price":"","df_regular_price":17.63,"df_image_link":"https:\/\/www.csj-emballages.com\/wp-content\/uploads\/2024\/03\/F550-300x300.webp","tiered_pricing_type":"fixed","tiered_pricing_fixed_rules":[],"tiered_pricing_percentage_rules":[],"tiered_pricing_minimum":1,"tiered_pricing_roles_data":[],"_links":{"self":[{"href":"https:\/\/www.csj-emballages.com\/pt-pt\/wp-json\/wp\/v2\/product\/20790","targetHints":{"allow":["GET"]}}],"collection":[{"href":"https:\/\/www.csj-emballages.com\/pt-pt\/wp-json\/wp\/v2\/product"}],"about":[{"href":"https:\/\/www.csj-emballages.com\/pt-pt\/wp-json\/wp\/v2\/types\/product"}],"wp:featuredmedia":[{"embeddable":true,"href":"https:\/\/www.csj-emballages.com\/pt-pt\/wp-json\/wp\/v2\/media\/251428"}],"wp:attachment":[{"href":"https:\/\/www.csj-emballages.com\/pt-pt\/wp-json\/wp\/v2\/media?parent=20790"}],"wp:term":[{"taxonomy":"product_brand","embeddable":true,"href":"https:\/\/www.csj-emballages.com\/pt-pt\/wp-json\/wp\/v2\/product_brand?post=20790"},{"taxonomy":"product_cat","embeddable":true,"href":"https:\/\/www.csj-emballages.com\/pt-pt\/wp-json\/wp\/v2\/product_cat?post=20790"},{"taxonomy":"product_tag","embeddable":true,"href":"https:\/\/www.csj-emballages.com\/pt-pt\/wp-json\/wp\/v2\/product_tag?post=20790"}],"curies":[{"name":"wp","href":"https:\/\/api.w.org\/{rel}","templated":true}]}}