{"id":20752,"date":"2024-03-01T16:54:21","date_gmt":"2024-03-01T15:54:21","guid":{"rendered":"https:\/\/u15jnbdpoq.preview.infomaniak.website\/produit\/50-latas-de-plastico-descartaveis-ergonomicas-de-750-ml-para-catering\/"},"modified":"2026-05-01T02:12:32","modified_gmt":"2026-05-01T00:12:32","slug":"50-latas-de-plastico-descartaveis-ergonomicas-de-750-ml-para-catering","status":"publish","type":"product","link":"https:\/\/www.csj-emballages.com\/pt-pt\/produit\/50-latas-de-plastico-descartaveis-ergonomicas-de-750-ml-para-catering\/","title":{"rendered":"Lata de charcutaria fresca com tampa articulada 750 ml x 50"},"content":{"rendered":"<h2>Caixa de catering<\/h2>\n<hr>\n<h3>Descri\u00e7\u00e3o da nossa lata de charcutaria fresca com tampa articulada 750 ml x 50<\/h3>\n<p><!--more--><\/p>\n<div class=\"flex max-w-full flex-col flex-grow\">\n<div class=\"min-h-8 text-message flex w-full flex-col items-end gap-2 whitespace-normal break-words text-start [.text-message+&amp;]:mt-5\" dir=\"auto\" data-message-author-role=\"assistant\" data-message-id=\"266ca6f3-5e07-4948-bd20-80ac5e6da4a5\" data-message-model-slug=\"gpt-4o\">\n<div class=\"flex w-full flex-col gap-1 empty:hidden first:pt-[3px]\">\n<div class=\"markdown prose w-full break-words dark:prose-invert dark\">\n<p data-start=\"209\" data-end=\"506\">A <strong>caixa de catering fresca 750 ml com tampa articulada<\/strong> \u00e9 ideal para embalar <strong>por\u00e7\u00f5es generosas para take-away<\/strong>. Gra\u00e7as \u00e0 sua capacidade confort\u00e1vel, \u00e9 perfeita para <strong>saladas compostas, pratos frios, massas, pok\u00e9 bowls, sobremesas volumosas ou assortimentos de catering<\/strong>. <\/p>\n<p data-start=\"508\" data-end=\"783\">De facto, fabricada em <strong>pl\u00e1stico transparente de qualidade alimentar<\/strong>, valoriza o conte\u00fado, garantindo uma prote\u00e7\u00e3o ideal. A sua <strong>tampa integrada com dobradi\u00e7a<\/strong> assegura um fecho r\u00e1pido, pr\u00e1tico e seguro, reduzindo o risco de abertura durante o transporte. <\/p>\n<p data-start=\"785\" data-end=\"1035\">Al\u00e9m disso, com a sua <strong>capacidade de 750 ml<\/strong>, responde \u00e0s necessidades dos profissionais que pretendem oferecer por\u00e7\u00f5es completas e apelativas. A estrutura r\u00edgida oferece boa estabilidade em vitrina refrigerada e facilita o empilhamento para otimizar o armazenamento. <\/p>\n<p data-start=\"1037\" data-end=\"1323\">Adequada para servi\u00e7os de catering, padarias, sandwicherias, snacks e com\u00e9rcio alimentar, esta caixa \u00e9 uma solu\u00e7\u00e3o fi\u00e1vel para aliar frescura, apresenta\u00e7\u00e3o cuidada e praticidade. Em resumo, acondicionada em lote de<strong> 50 unidades<\/strong>, \u00e9 ideal para uma utiliza\u00e7\u00e3o profissional regular. <\/p>\n<p data-start=\"1037\" data-end=\"1323\">\n<\/div>\n<\/div>\n<\/div>\n<\/div>\n<p><!--more--><\/p>\n<h4>Vantagens :<\/h4>\n<ul>\n<li>Mant\u00e9m a frescura, o sabor e a qualidade dos alimentos.<\/li>\n<li>Protege as suas prepara\u00e7\u00f5es contra contamina\u00e7\u00f5es exteriores impedindo fugas.<\/li>\n<li>Ideal para saladas, sobremesas, frutos ou outras prepara\u00e7\u00f5es frias, preservando a sua frescura.<\/li>\n<li>Confere um toque profissional gra\u00e7as a um design simples mas elegante<\/li>\n<li>Estas embalagens, fabricadas em APET, s\u00e3o totalmente recicl\u00e1veis.<\/li>\n<\/ul>\n<p>&nbsp;<\/p>\n<p><!--more--><\/p>\n<h4>Outras informa\u00e7\u00f5es :<\/h4>\n<ul>\n<li><strong>Embalagem<\/strong>: Pacote de 50<\/li>\n<li><strong>Dimens\u00f5es<\/strong>: 190 x 148 x 55 mm<\/li>\n<li><strong>Volume<\/strong>: 750 ml<\/li>\n<li><strong>Material<\/strong>: Politereftalato de etileno virgem (APET)<\/li>\n<li><strong>Utiliza\u00e7\u00e3o<\/strong>: Frio<\/li>\n<li><strong>Temperatura de funcionamento<\/strong>: -40\u00b0C\/+70\u00b0C<\/li>\n<\/ul>\n<p>&nbsp;<\/p>\n<p><!--more--><\/p>\n<p>Dispon\u00edvel em diferentes tamanhos: <span style=\"color: #d12727;\"><a style=\"color: #d12727;\" href=\"https:\/\/www.csj-emballages.com\/es\/produit\/50-latas-de-plastico-desechables-ergonomicas-de-250-ml-para-catering\/\">ERGO250<\/a><\/span> \/ <span style=\"color: #d12727;\"><a style=\"color: #d12727;\" href=\"https:\/\/www.csj-emballages.com\/produit\/50-boites-ergonomiques-traiteurs-fraicheurs-plastiques-375-ml\/\">ERGO375<\/a><\/span> \/ <span style=\"color: #d12727;\"><a style=\"color: #d12727;\" href=\"https:\/\/www.csj-emballages.com\/es\/produit\/50-latas-de-plastico-desechables-ergonomicas-de-500-ml-para-catering\/\">ERGO500<\/a><\/span> \/ <span style=\"color: #d12727;\"><a style=\"color: #d12727;\" href=\"https:\/\/www.csj-emballages.com\/es\/produit\/50-botes-de-plastico-desechables-ergonomicos-para-comida-fresca-1000-ml\/\">ERGO1000<\/a><\/span> \/ <span style=\"color: #d12727;\"><a style=\"color: #d12727;\" href=\"https:\/\/www.csj-emballages.com\/es\/produit\/50-cajas-de-plastico-desechables-ergonomicas-para-restauracion-fresca-1500-ml\/\">ERGO1500<\/a><\/span> \/ <span style=\"color: #d12727;\"><a style=\"color: #d12727;\" href=\"https:\/\/www.csj-emballages.com\/es\/produit\/60-cajas-de-plastico-desechables-ergonomicas-para-catering-2000-ml\/\">ERGO2000<\/a><\/span><\/p>\n<p>&nbsp;<\/p>\n<p><!--more--><\/p>\n<p><a href=\"https:\/\/www.csj-emballages.com\/pt-pt\/categorie-produit\/embalagem-de-alimentos\/talho-e-charcutaria\/tabuleiros-latas-e-frascos\/tabuleiros-latas-frascos-para-alimentos\/caixas-para-restauracao-fresca-com-tampas-com-dobradicas-ergopack\/\">V\u00ea o resto da nossa gama de tabuleiros para produtos frescos<\/a><\/p>\n","protected":false},"excerpt":{"rendered":"<p>Caixa de catering Descri\u00e7\u00e3o da nossa lata de charcutaria fresca com tampa articulada 750 ml x 50<\/p>\n","protected":false},"featured_media":220726,"template":"","meta":{"_acf_changed":false},"product_brand":[],"product_cat":[1176,1525,2596],"product_tag":[],"class_list":{"0":"post-20752","1":"product","2":"type-product","3":"status-publish","4":"has-post-thumbnail","6":"product_cat-talho-e-charcutaria","7":"product_cat-tabuleiros-latas-frascos-para-alimentos","8":"product_cat-caixas-para-restauracao-fresca-com-tampas-com-dobradicas-ergopack","10":"first","11":"instock","12":"taxable","13":"shipping-taxable","14":"purchasable","15":"product-type-simple"},"acf":[],"yoast_head":"<!-- This site is optimized with the Yoast SEO Premium plugin v26.6 (Yoast SEO v26.6) - https:\/\/yoast.com\/wordpress\/plugins\/seo\/ -->\n<title>Lata de catering fresca com tampa articulada - 750 ml<\/title>\n<meta name=\"description\" content=\"Caixa de catering fresca 750 ml com tampa articulada: ideal para conservar, transportar e apresentar os seus pratos frios. Embalagem de 50.\" \/>\n<meta name=\"robots\" content=\"index, follow, max-snippet:-1, max-image-preview:large, max-video-preview:-1\" \/>\n<link rel=\"canonical\" href=\"https:\/\/www.csj-emballages.com\/pt-pt\/produit\/50-latas-de-plastico-descartaveis-ergonomicas-de-750-ml-para-catering\/\" \/>\n<meta property=\"og:locale\" content=\"pt_PT\" \/>\n<meta property=\"og:type\" content=\"article\" \/>\n<meta property=\"og:title\" content=\"Lata de charcutaria fresca com tampa articulada 750 ml x 50\" \/>\n<meta property=\"og:description\" content=\"Caixa de catering fresca 750 ml com tampa articulada: ideal para conservar, transportar e apresentar os seus pratos frios. Embalagem de 50.\" \/>\n<meta property=\"og:url\" content=\"https:\/\/www.csj-emballages.com\/pt-pt\/produit\/50-latas-de-plastico-descartaveis-ergonomicas-de-750-ml-para-catering\/\" \/>\n<meta property=\"og:site_name\" content=\"CSJ Emballages\" \/>\n<meta property=\"article:publisher\" content=\"https:\/\/www.facebook.com\/csjemballages\" \/>\n<meta property=\"article:modified_time\" content=\"2026-05-01T00:12:32+00:00\" \/>\n<meta property=\"og:image\" content=\"https:\/\/www.csj-emballages.com\/wp-content\/uploads\/2024\/03\/ERGO750.webp\" \/>\n\t<meta property=\"og:image:width\" content=\"800\" \/>\n\t<meta property=\"og:image:height\" content=\"800\" \/>\n\t<meta property=\"og:image:type\" content=\"image\/webp\" \/>\n<meta name=\"twitter:card\" content=\"summary_large_image\" \/>\n<meta name=\"twitter:label1\" content=\"Tempo estimado de leitura\" \/>\n\t<meta name=\"twitter:data1\" content=\"1 minuto\" \/>\n<script type=\"application\/ld+json\" class=\"yoast-schema-graph\">{\"@context\":\"https:\/\/schema.org\",\"@graph\":[{\"@type\":\"WebPage\",\"@id\":\"https:\/\/www.csj-emballages.com\/pt-pt\/produit\/50-latas-de-plastico-descartaveis-ergonomicas-de-750-ml-para-catering\/\",\"url\":\"https:\/\/www.csj-emballages.com\/pt-pt\/produit\/50-latas-de-plastico-descartaveis-ergonomicas-de-750-ml-para-catering\/\",\"name\":\"Lata de catering fresca com tampa articulada - 750 ml\",\"isPartOf\":{\"@id\":\"https:\/\/www.csj-emballages.com\/pt-pt\/#website\"},\"primaryImageOfPage\":{\"@id\":\"https:\/\/www.csj-emballages.com\/pt-pt\/produit\/50-latas-de-plastico-descartaveis-ergonomicas-de-750-ml-para-catering\/#primaryimage\"},\"image\":{\"@id\":\"https:\/\/www.csj-emballages.com\/pt-pt\/produit\/50-latas-de-plastico-descartaveis-ergonomicas-de-750-ml-para-catering\/#primaryimage\"},\"thumbnailUrl\":\"https:\/\/www.csj-emballages.com\/wp-content\/uploads\/2024\/03\/ERGO750.webp\",\"datePublished\":\"2024-03-01T15:54:21+00:00\",\"dateModified\":\"2026-05-01T00:12:32+00:00\",\"description\":\"Caixa de catering fresca 750 ml com tampa articulada: ideal para conservar, transportar e apresentar os seus pratos frios. Embalagem de 50.\",\"breadcrumb\":{\"@id\":\"https:\/\/www.csj-emballages.com\/pt-pt\/produit\/50-latas-de-plastico-descartaveis-ergonomicas-de-750-ml-para-catering\/#breadcrumb\"},\"inLanguage\":\"pt-PT\",\"potentialAction\":[{\"@type\":\"ReadAction\",\"target\":[\"https:\/\/www.csj-emballages.com\/pt-pt\/produit\/50-latas-de-plastico-descartaveis-ergonomicas-de-750-ml-para-catering\/\"]}]},{\"@type\":\"ImageObject\",\"inLanguage\":\"pt-PT\",\"@id\":\"https:\/\/www.csj-emballages.com\/pt-pt\/produit\/50-latas-de-plastico-descartaveis-ergonomicas-de-750-ml-para-catering\/#primaryimage\",\"url\":\"https:\/\/www.csj-emballages.com\/wp-content\/uploads\/2024\/03\/ERGO750.webp\",\"contentUrl\":\"https:\/\/www.csj-emballages.com\/wp-content\/uploads\/2024\/03\/ERGO750.webp\",\"width\":800,\"height\":800,\"caption\":\"Boite traiteur\"},{\"@type\":\"BreadcrumbList\",\"@id\":\"https:\/\/www.csj-emballages.com\/pt-pt\/produit\/50-latas-de-plastico-descartaveis-ergonomicas-de-750-ml-para-catering\/#breadcrumb\",\"itemListElement\":[{\"@type\":\"ListItem\",\"position\":1,\"name\":\"Acolhimento\",\"item\":\"https:\/\/www.csj-emballages.com\/pt-pt\/universo-das-embalagens-alimentares\/\"},{\"@type\":\"ListItem\",\"position\":2,\"name\":\"Shop\",\"item\":\"https:\/\/www.csj-emballages.com\/shop\/\"},{\"@type\":\"ListItem\",\"position\":3,\"name\":\"Lata de charcutaria fresca com tampa articulada 750 ml x 50\"}]},{\"@type\":\"WebSite\",\"@id\":\"https:\/\/www.csj-emballages.com\/pt-pt\/#website\",\"url\":\"https:\/\/www.csj-emballages.com\/pt-pt\/\",\"name\":\"CSJ Emballages\",\"description\":\"\",\"publisher\":{\"@id\":\"https:\/\/www.csj-emballages.com\/pt-pt\/#organization\"},\"potentialAction\":[{\"@type\":\"SearchAction\",\"target\":{\"@type\":\"EntryPoint\",\"urlTemplate\":\"https:\/\/www.csj-emballages.com\/pt-pt\/?s={search_term_string}\"},\"query-input\":{\"@type\":\"PropertyValueSpecification\",\"valueRequired\":true,\"valueName\":\"search_term_string\"}}],\"inLanguage\":\"pt-PT\"},{\"@type\":\"Organization\",\"@id\":\"https:\/\/www.csj-emballages.com\/pt-pt\/#Organization\/\",\"name\":\"CSJ Emballages\",\"url\":\"https:\/\/www.csj-emballages.com\/pt-pt\/\",\"logo\":{\"@type\":\"ImageObject\",\"inLanguage\":\"pt-PT\",\"@id\":\"https:\/\/www.csj-emballages.com\/pt-pt\/#\/schema\/logo\/image\/\",\"url\":\"https:\/\/www.csj-emballages.com\/wp-content\/uploads\/2023\/10\/logo_csj.webp\",\"contentUrl\":\"https:\/\/www.csj-emballages.com\/wp-content\/uploads\/2023\/10\/logo_csj.webp\",\"width\":250,\"height\":95,\"caption\":\"CSJ Emballages\"},\"image\":{\"@id\":\"https:\/\/www.csj-emballages.com\/pt-pt\/#\/schema\/logo\/image\/\"},\"sameAs\":[\"https:\/\/www.facebook.com\/csjemballages\"],\"address\":{\"@type\":\"PostalAddress\",\"streetAddress\":\"ZI La Lechere\",\"addressLocality\":\"Patornay\",\"postalCode\":\"39130\",\"addressCountry\":\"FR\"},\"contactPoint\":[{\"@type\":\"ContactPoint\",\"contactType\":\"Service client\",\"telephone\":\"0384254272\",\"email\":\"contact@csj-emballages.com\"}]}]}<\/script>\n<!-- \/ Yoast SEO Premium plugin. -->","yoast_head_json":{"title":"Lata de catering fresca com tampa articulada - 750 ml","description":"Caixa de catering fresca 750 ml com tampa articulada: ideal para conservar, transportar e apresentar os seus pratos frios. Embalagem de 50.","robots":{"index":"index","follow":"follow","max-snippet":"max-snippet:-1","max-image-preview":"max-image-preview:large","max-video-preview":"max-video-preview:-1"},"canonical":"https:\/\/www.csj-emballages.com\/pt-pt\/produit\/50-latas-de-plastico-descartaveis-ergonomicas-de-750-ml-para-catering\/","og_locale":"pt_PT","og_type":"article","og_title":"Lata de charcutaria fresca com tampa articulada 750 ml x 50","og_description":"Caixa de catering fresca 750 ml com tampa articulada: ideal para conservar, transportar e apresentar os seus pratos frios. Embalagem de 50.","og_url":"https:\/\/www.csj-emballages.com\/pt-pt\/produit\/50-latas-de-plastico-descartaveis-ergonomicas-de-750-ml-para-catering\/","og_site_name":"CSJ Emballages","article_publisher":"https:\/\/www.facebook.com\/csjemballages","article_modified_time":"2026-05-01T00:12:32+00:00","og_image":[{"width":800,"height":800,"url":"https:\/\/www.csj-emballages.com\/wp-content\/uploads\/2024\/03\/ERGO750.webp","type":"image\/webp"}],"twitter_card":"summary_large_image","twitter_misc":{"Tempo estimado de leitura":"1 minuto"},"schema":{"@context":"https:\/\/schema.org","@graph":[{"@type":"WebPage","@id":"https:\/\/www.csj-emballages.com\/pt-pt\/produit\/50-latas-de-plastico-descartaveis-ergonomicas-de-750-ml-para-catering\/","url":"https:\/\/www.csj-emballages.com\/pt-pt\/produit\/50-latas-de-plastico-descartaveis-ergonomicas-de-750-ml-para-catering\/","name":"Lata de catering fresca com tampa articulada - 750 ml","isPartOf":{"@id":"https:\/\/www.csj-emballages.com\/pt-pt\/#website"},"primaryImageOfPage":{"@id":"https:\/\/www.csj-emballages.com\/pt-pt\/produit\/50-latas-de-plastico-descartaveis-ergonomicas-de-750-ml-para-catering\/#primaryimage"},"image":{"@id":"https:\/\/www.csj-emballages.com\/pt-pt\/produit\/50-latas-de-plastico-descartaveis-ergonomicas-de-750-ml-para-catering\/#primaryimage"},"thumbnailUrl":"https:\/\/www.csj-emballages.com\/wp-content\/uploads\/2024\/03\/ERGO750.webp","datePublished":"2024-03-01T15:54:21+00:00","dateModified":"2026-05-01T00:12:32+00:00","description":"Caixa de catering fresca 750 ml com tampa articulada: ideal para conservar, transportar e apresentar os seus pratos frios. Embalagem de 50.","breadcrumb":{"@id":"https:\/\/www.csj-emballages.com\/pt-pt\/produit\/50-latas-de-plastico-descartaveis-ergonomicas-de-750-ml-para-catering\/#breadcrumb"},"inLanguage":"pt-PT","potentialAction":[{"@type":"ReadAction","target":["https:\/\/www.csj-emballages.com\/pt-pt\/produit\/50-latas-de-plastico-descartaveis-ergonomicas-de-750-ml-para-catering\/"]}]},{"@type":"ImageObject","inLanguage":"pt-PT","@id":"https:\/\/www.csj-emballages.com\/pt-pt\/produit\/50-latas-de-plastico-descartaveis-ergonomicas-de-750-ml-para-catering\/#primaryimage","url":"https:\/\/www.csj-emballages.com\/wp-content\/uploads\/2024\/03\/ERGO750.webp","contentUrl":"https:\/\/www.csj-emballages.com\/wp-content\/uploads\/2024\/03\/ERGO750.webp","width":800,"height":800,"caption":"Boite traiteur"},{"@type":"BreadcrumbList","@id":"https:\/\/www.csj-emballages.com\/pt-pt\/produit\/50-latas-de-plastico-descartaveis-ergonomicas-de-750-ml-para-catering\/#breadcrumb","itemListElement":[{"@type":"ListItem","position":1,"name":"Acolhimento","item":"https:\/\/www.csj-emballages.com\/pt-pt\/universo-das-embalagens-alimentares\/"},{"@type":"ListItem","position":2,"name":"Shop","item":"https:\/\/www.csj-emballages.com\/shop\/"},{"@type":"ListItem","position":3,"name":"Lata de charcutaria fresca com tampa articulada 750 ml x 50"}]},{"@type":"WebSite","@id":"https:\/\/www.csj-emballages.com\/pt-pt\/#website","url":"https:\/\/www.csj-emballages.com\/pt-pt\/","name":"CSJ Emballages","description":"","publisher":{"@id":"https:\/\/www.csj-emballages.com\/pt-pt\/#organization"},"potentialAction":[{"@type":"SearchAction","target":{"@type":"EntryPoint","urlTemplate":"https:\/\/www.csj-emballages.com\/pt-pt\/?s={search_term_string}"},"query-input":{"@type":"PropertyValueSpecification","valueRequired":true,"valueName":"search_term_string"}}],"inLanguage":"pt-PT"},{"@type":"Organization","@id":"https:\/\/www.csj-emballages.com\/pt-pt\/#Organization\/","name":"CSJ Emballages","url":"https:\/\/www.csj-emballages.com\/pt-pt\/","logo":{"@type":"ImageObject","inLanguage":"pt-PT","@id":"https:\/\/www.csj-emballages.com\/pt-pt\/#\/schema\/logo\/image\/","url":"https:\/\/www.csj-emballages.com\/wp-content\/uploads\/2023\/10\/logo_csj.webp","contentUrl":"https:\/\/www.csj-emballages.com\/wp-content\/uploads\/2023\/10\/logo_csj.webp","width":250,"height":95,"caption":"CSJ Emballages"},"image":{"@id":"https:\/\/www.csj-emballages.com\/pt-pt\/#\/schema\/logo\/image\/"},"sameAs":["https:\/\/www.facebook.com\/csjemballages"],"address":{"@type":"PostalAddress","streetAddress":"ZI La Lechere","addressLocality":"Patornay","postalCode":"39130","addressCountry":"FR"},"contactPoint":[{"@type":"ContactPoint","contactType":"Service client","telephone":"0384254272","email":"contact@csj-emballages.com"}]}]}},"df_price":8.18,"df_sale_price":"","df_regular_price":8.18,"df_image_link":"https:\/\/www.csj-emballages.com\/wp-content\/uploads\/2024\/03\/ERGO750-300x300.webp","tiered_pricing_type":"fixed","tiered_pricing_fixed_rules":[],"tiered_pricing_percentage_rules":[],"tiered_pricing_minimum":1,"tiered_pricing_roles_data":[],"_links":{"self":[{"href":"https:\/\/www.csj-emballages.com\/pt-pt\/wp-json\/wp\/v2\/product\/20752","targetHints":{"allow":["GET"]}}],"collection":[{"href":"https:\/\/www.csj-emballages.com\/pt-pt\/wp-json\/wp\/v2\/product"}],"about":[{"href":"https:\/\/www.csj-emballages.com\/pt-pt\/wp-json\/wp\/v2\/types\/product"}],"wp:featuredmedia":[{"embeddable":true,"href":"https:\/\/www.csj-emballages.com\/pt-pt\/wp-json\/wp\/v2\/media\/220726"}],"wp:attachment":[{"href":"https:\/\/www.csj-emballages.com\/pt-pt\/wp-json\/wp\/v2\/media?parent=20752"}],"wp:term":[{"taxonomy":"product_brand","embeddable":true,"href":"https:\/\/www.csj-emballages.com\/pt-pt\/wp-json\/wp\/v2\/product_brand?post=20752"},{"taxonomy":"product_cat","embeddable":true,"href":"https:\/\/www.csj-emballages.com\/pt-pt\/wp-json\/wp\/v2\/product_cat?post=20752"},{"taxonomy":"product_tag","embeddable":true,"href":"https:\/\/www.csj-emballages.com\/pt-pt\/wp-json\/wp\/v2\/product_tag?post=20752"}],"curies":[{"name":"wp","href":"https:\/\/api.w.org\/{rel}","templated":true}]}}