{"id":20742,"date":"2024-03-01T16:54:21","date_gmt":"2024-03-01T15:54:21","guid":{"rendered":"https:\/\/u15jnbdpoq.preview.infomaniak.website\/produit\/2-toalhas-50-formatos\/"},"modified":"2026-04-05T12:00:21","modified_gmt":"2026-04-05T10:00:21","slug":"2-toalhas-50-formatos","status":"publish","type":"product","link":"https:\/\/www.csj-emballages.com\/pt-pt\/produit\/2-toalhas-50-formatos\/","title":{"rendered":"Papel de cozinha 50 unidades por 2"},"content":{"rendered":"<h2>Papel de cozinha<\/h2>\n<hr>\n<h3>Descubra o nosso papel de cozinha 50 unidades por 2<\/h3>\n<p><!--more--><\/p>\n<p data-start=\"185\" data-end=\"597\">O <strong data-start=\"187\" data-end=\"213\">papel de cozinha 50 unidades<\/strong> \u00e9 o tipo de produto que usamos todos os dias sem pensar muito nisso&#8230; at\u00e9 ao momento em que se torna indispens\u00e1vel. Seja para limpar uma bancada, absorver um l\u00edquido derramado ou limpar rapidamente uma superf\u00edcie, ele est\u00e1 sempre presente. Simples, eficaz e pr\u00e1tico, integra-se facilmente no dia a dia, tanto em casa como em ambiente profissional.  <\/p>\n<p data-start=\"599\" data-end=\"1000\">Gra\u00e7as \u00e0s suas <strong data-start=\"611\" data-end=\"637\">50 unidades por rolo<\/strong>, disp\u00f5e de uma quantidade suficiente para gerir pequenos imprevistos, bem como limpezas mais regulares. Cada folha destaca-se facilmente, o que evita o desperd\u00edcio e permite utilizar apenas o que \u00e9 necess\u00e1rio. Al\u00e9m disso, a sua boa capacidade de absor\u00e7\u00e3o permite poupar tempo: uma ou duas folhas s\u00e3o muitas vezes suficientes onde outras exigem mais.  <\/p>\n<p data-start=\"1002\" data-end=\"1282\">Vendido <strong data-start=\"1008\" data-end=\"1033\">em embalagens de 2 rolos<\/strong>, este papel de cozinha oferece um bom equil\u00edbrio entre praticidade e armazenamento. Encontra facilmente o seu lugar numa cozinha, oficina, escrit\u00f3rio, espa\u00e7o de restaura\u00e7\u00e3o ou coletividade. Pega-se nele, limpa-se, deita-se fora&#8230; e passa-se a outra coisa.  <\/p>\n<p data-start=\"1284\" data-end=\"1476\">Seja para a manuten\u00e7\u00e3o di\u00e1ria, a limpeza r\u00e1pida ou os usos pontuais, este papel de cozinha faz o trabalho sem complicar as coisas. Est\u00e1 l\u00e1 quando \u00e9 preciso, discreto mas eficaz. <\/p>\n<p data-start=\"1478\" data-end=\"1604\">Em resumo, \u00e9 um essencial fi\u00e1vel, pensado para simplificar os gestos do quotidiano e manter os espa\u00e7os limpos sem esfor\u00e7o.<\/p>\n<p data-start=\"1478\" data-end=\"1604\"><!--more--><\/p>\n<h4 data-start=\"1478\" data-end=\"1604\">Vantagens :<\/h4>\n<ul>\n<li data-start=\"1632\" data-end=\"1657\"><strong>50 unidades<\/strong> por rolo.<\/li>\n<li data-start=\"1660\" data-end=\"1690\">Boa capacidade de absor\u00e7\u00e3o.<\/li>\n<li data-start=\"1693\" data-end=\"1723\">Folhas f\u00e1ceis de destacar.<\/li>\n<li data-start=\"1726\" data-end=\"1757\">Utiliza\u00e7\u00e3o simples e r\u00e1pida.<\/li>\n<li data-start=\"1760\" data-end=\"1810\">Adaptado a usos dom\u00e9sticos e profissionais.<\/li>\n<li data-start=\"1813\" data-end=\"1840\">Embalagem pr\u00e1tica de <strong>2 rolos<\/strong>.<\/li>\n<\/ul>\n<p>&nbsp;<\/p>\n<p><!--more--><\/p>\n<h4>Outras informa\u00e7\u00f5es :<\/h4>\n<ul>\n<li><strong>Acondicionamento<\/strong>: Embalagem de 2 pap\u00e9is de cozinha<\/li>\n<li><strong>Dimens\u00f5es<\/strong>: 23,5 x 23,5 cm<\/li>\n<li><strong>Di\u00e2metro do mandril<\/strong>: 3,5 cm<\/li>\n<li><strong>Di\u00e2metro do rolo<\/strong>: 11 cm<\/li>\n<li><strong>Comprimento do rolo<\/strong>: 11,42 m<\/li>\n<li><strong>Gramagem<\/strong>: 21 g\/m\u00b2<\/li>\n<li><strong>N\u00famero de unidades<\/strong>: 50<\/li>\n<li><strong>Material<\/strong>: Celulose pura<\/li>\n<\/ul>\n<p>&nbsp;<\/p>\n<p><!--more--><\/p>\n<p><a href=\"https:\/\/www.csj-emballages.com\/categorie-produit\/hygiene-et-entretiens\/essuyages\/essuie-mains\/essuies-mains-rouleaux\/?_gl=1*1qf72uz*_up*MQ..*_ga*NzE5OTExNjQuMTc2OTc1OTIwNw..*_ga_YNVJLRSSZT*czE3Njk3NjM1ODMkbzIkZzAkdDE3Njk3NjQ1MzUkajQ2JGwwJGgxMDI3NDM2Mzcx\">Consulte o resto da nossa gama de toalhas de m\u00e3os em rolo<\/a><\/p>\n","protected":false},"excerpt":{"rendered":"<p>Papel de cozinha Descubra o nosso papel de cozinha 50 unidades por 2<\/p>\n","protected":false},"featured_media":262864,"template":"","meta":{"_acf_changed":false},"product_brand":[],"product_cat":[1222,1382,1421,1428],"product_tag":[],"class_list":{"0":"post-20742","1":"product","2":"type-product","3":"status-publish","4":"has-post-thumbnail","6":"product_cat-higiene-e-manutencao","7":"product_cat-limpar","8":"product_cat-toalhas-de-mao","9":"product_cat-limpa-maos-com-rolo","11":"first","12":"instock","13":"taxable","14":"shipping-taxable","15":"purchasable","16":"product-type-simple"},"acf":[],"yoast_head":"<!-- This site is optimized with the Yoast SEO Premium plugin v26.6 (Yoast SEO v26.6) - https:\/\/yoast.com\/wordpress\/plugins\/seo\/ -->\n<title>Papel de Cozinha 50 Unidades por 2<\/title>\n<meta name=\"description\" content=\"Papel de cozinha 50 unidades vendido em embalagens de 2 rolos. Pr\u00e1tico, absorvente e ideal para a limpeza di\u00e1ria na cozinha ou em ambiente profissional.\" \/>\n<meta name=\"robots\" content=\"index, follow, max-snippet:-1, max-image-preview:large, max-video-preview:-1\" \/>\n<link rel=\"canonical\" href=\"https:\/\/www.csj-emballages.com\/pt-pt\/produit\/2-toalhas-50-formatos\/\" \/>\n<meta property=\"og:locale\" content=\"pt_PT\" \/>\n<meta property=\"og:type\" content=\"article\" \/>\n<meta property=\"og:title\" content=\"Papel de cozinha 50 unidades por 2\" \/>\n<meta property=\"og:description\" content=\"Papel de cozinha 50 unidades vendido em embalagens de 2 rolos. Pr\u00e1tico, absorvente e ideal para a limpeza di\u00e1ria na cozinha ou em ambiente profissional.\" \/>\n<meta property=\"og:url\" content=\"https:\/\/www.csj-emballages.com\/pt-pt\/produit\/2-toalhas-50-formatos\/\" \/>\n<meta property=\"og:site_name\" content=\"CSJ Emballages\" \/>\n<meta property=\"article:publisher\" content=\"https:\/\/www.facebook.com\/csjemballages\" \/>\n<meta property=\"article:modified_time\" content=\"2026-04-05T10:00:21+00:00\" \/>\n<meta property=\"og:image\" content=\"https:\/\/www.csj-emballages.com\/wp-content\/uploads\/2024\/03\/ESV.webp\" \/>\n\t<meta property=\"og:image:width\" content=\"800\" \/>\n\t<meta property=\"og:image:height\" content=\"800\" \/>\n\t<meta property=\"og:image:type\" content=\"image\/webp\" \/>\n<meta name=\"twitter:card\" content=\"summary_large_image\" \/>\n<meta name=\"twitter:label1\" content=\"Tempo estimado de leitura\" \/>\n\t<meta name=\"twitter:data1\" content=\"2 minutos\" \/>\n<script type=\"application\/ld+json\" class=\"yoast-schema-graph\">{\"@context\":\"https:\/\/schema.org\",\"@graph\":[{\"@type\":\"WebPage\",\"@id\":\"https:\/\/www.csj-emballages.com\/pt-pt\/produit\/2-toalhas-50-formatos\/\",\"url\":\"https:\/\/www.csj-emballages.com\/pt-pt\/produit\/2-toalhas-50-formatos\/\",\"name\":\"Papel de Cozinha 50 Unidades por 2\",\"isPartOf\":{\"@id\":\"https:\/\/www.csj-emballages.com\/pt-pt\/#website\"},\"primaryImageOfPage\":{\"@id\":\"https:\/\/www.csj-emballages.com\/pt-pt\/produit\/2-toalhas-50-formatos\/#primaryimage\"},\"image\":{\"@id\":\"https:\/\/www.csj-emballages.com\/pt-pt\/produit\/2-toalhas-50-formatos\/#primaryimage\"},\"thumbnailUrl\":\"https:\/\/www.csj-emballages.com\/wp-content\/uploads\/2024\/03\/ESV.webp\",\"datePublished\":\"2024-03-01T15:54:21+00:00\",\"dateModified\":\"2026-04-05T10:00:21+00:00\",\"description\":\"Papel de cozinha 50 unidades vendido em embalagens de 2 rolos. Pr\u00e1tico, absorvente e ideal para a limpeza di\u00e1ria na cozinha ou em ambiente profissional.\",\"breadcrumb\":{\"@id\":\"https:\/\/www.csj-emballages.com\/pt-pt\/produit\/2-toalhas-50-formatos\/#breadcrumb\"},\"inLanguage\":\"pt-PT\",\"potentialAction\":[{\"@type\":\"ReadAction\",\"target\":[\"https:\/\/www.csj-emballages.com\/pt-pt\/produit\/2-toalhas-50-formatos\/\"]}]},{\"@type\":\"ImageObject\",\"inLanguage\":\"pt-PT\",\"@id\":\"https:\/\/www.csj-emballages.com\/pt-pt\/produit\/2-toalhas-50-formatos\/#primaryimage\",\"url\":\"https:\/\/www.csj-emballages.com\/wp-content\/uploads\/2024\/03\/ESV.webp\",\"contentUrl\":\"https:\/\/www.csj-emballages.com\/wp-content\/uploads\/2024\/03\/ESV.webp\",\"width\":800,\"height\":800,\"caption\":\"Essuie tout\"},{\"@type\":\"BreadcrumbList\",\"@id\":\"https:\/\/www.csj-emballages.com\/pt-pt\/produit\/2-toalhas-50-formatos\/#breadcrumb\",\"itemListElement\":[{\"@type\":\"ListItem\",\"position\":1,\"name\":\"Acolhimento\",\"item\":\"https:\/\/www.csj-emballages.com\/pt-pt\/universo-das-embalagens-alimentares\/\"},{\"@type\":\"ListItem\",\"position\":2,\"name\":\"Shop\",\"item\":\"https:\/\/www.csj-emballages.com\/shop\/\"},{\"@type\":\"ListItem\",\"position\":3,\"name\":\"Papel de cozinha 50 unidades por 2\"}]},{\"@type\":\"WebSite\",\"@id\":\"https:\/\/www.csj-emballages.com\/pt-pt\/#website\",\"url\":\"https:\/\/www.csj-emballages.com\/pt-pt\/\",\"name\":\"CSJ Emballages\",\"description\":\"\",\"publisher\":{\"@id\":\"https:\/\/www.csj-emballages.com\/pt-pt\/#organization\"},\"potentialAction\":[{\"@type\":\"SearchAction\",\"target\":{\"@type\":\"EntryPoint\",\"urlTemplate\":\"https:\/\/www.csj-emballages.com\/pt-pt\/?s={search_term_string}\"},\"query-input\":{\"@type\":\"PropertyValueSpecification\",\"valueRequired\":true,\"valueName\":\"search_term_string\"}}],\"inLanguage\":\"pt-PT\"},{\"@type\":\"Organization\",\"@id\":\"https:\/\/www.csj-emballages.com\/pt-pt\/#Organization\/\",\"name\":\"CSJ Emballages\",\"url\":\"https:\/\/www.csj-emballages.com\/pt-pt\/\",\"logo\":{\"@type\":\"ImageObject\",\"inLanguage\":\"pt-PT\",\"@id\":\"https:\/\/www.csj-emballages.com\/pt-pt\/#\/schema\/logo\/image\/\",\"url\":\"https:\/\/www.csj-emballages.com\/wp-content\/uploads\/2023\/10\/logo_csj.webp\",\"contentUrl\":\"https:\/\/www.csj-emballages.com\/wp-content\/uploads\/2023\/10\/logo_csj.webp\",\"width\":250,\"height\":95,\"caption\":\"CSJ Emballages\"},\"image\":{\"@id\":\"https:\/\/www.csj-emballages.com\/pt-pt\/#\/schema\/logo\/image\/\"},\"sameAs\":[\"https:\/\/www.facebook.com\/csjemballages\"],\"address\":{\"@type\":\"PostalAddress\",\"streetAddress\":\"ZI La Lechere\",\"addressLocality\":\"Patornay\",\"postalCode\":\"39130\",\"addressCountry\":\"FR\"},\"contactPoint\":[{\"@type\":\"ContactPoint\",\"contactType\":\"Service client\",\"telephone\":\"0384254272\",\"email\":\"contact@csj-emballages.com\"}]}]}<\/script>\n<!-- \/ Yoast SEO Premium plugin. -->","yoast_head_json":{"title":"Papel de Cozinha 50 Unidades por 2","description":"Papel de cozinha 50 unidades vendido em embalagens de 2 rolos. Pr\u00e1tico, absorvente e ideal para a limpeza di\u00e1ria na cozinha ou em ambiente profissional.","robots":{"index":"index","follow":"follow","max-snippet":"max-snippet:-1","max-image-preview":"max-image-preview:large","max-video-preview":"max-video-preview:-1"},"canonical":"https:\/\/www.csj-emballages.com\/pt-pt\/produit\/2-toalhas-50-formatos\/","og_locale":"pt_PT","og_type":"article","og_title":"Papel de cozinha 50 unidades por 2","og_description":"Papel de cozinha 50 unidades vendido em embalagens de 2 rolos. Pr\u00e1tico, absorvente e ideal para a limpeza di\u00e1ria na cozinha ou em ambiente profissional.","og_url":"https:\/\/www.csj-emballages.com\/pt-pt\/produit\/2-toalhas-50-formatos\/","og_site_name":"CSJ Emballages","article_publisher":"https:\/\/www.facebook.com\/csjemballages","article_modified_time":"2026-04-05T10:00:21+00:00","og_image":[{"width":800,"height":800,"url":"https:\/\/www.csj-emballages.com\/wp-content\/uploads\/2024\/03\/ESV.webp","type":"image\/webp"}],"twitter_card":"summary_large_image","twitter_misc":{"Tempo estimado de leitura":"2 minutos"},"schema":{"@context":"https:\/\/schema.org","@graph":[{"@type":"WebPage","@id":"https:\/\/www.csj-emballages.com\/pt-pt\/produit\/2-toalhas-50-formatos\/","url":"https:\/\/www.csj-emballages.com\/pt-pt\/produit\/2-toalhas-50-formatos\/","name":"Papel de Cozinha 50 Unidades por 2","isPartOf":{"@id":"https:\/\/www.csj-emballages.com\/pt-pt\/#website"},"primaryImageOfPage":{"@id":"https:\/\/www.csj-emballages.com\/pt-pt\/produit\/2-toalhas-50-formatos\/#primaryimage"},"image":{"@id":"https:\/\/www.csj-emballages.com\/pt-pt\/produit\/2-toalhas-50-formatos\/#primaryimage"},"thumbnailUrl":"https:\/\/www.csj-emballages.com\/wp-content\/uploads\/2024\/03\/ESV.webp","datePublished":"2024-03-01T15:54:21+00:00","dateModified":"2026-04-05T10:00:21+00:00","description":"Papel de cozinha 50 unidades vendido em embalagens de 2 rolos. Pr\u00e1tico, absorvente e ideal para a limpeza di\u00e1ria na cozinha ou em ambiente profissional.","breadcrumb":{"@id":"https:\/\/www.csj-emballages.com\/pt-pt\/produit\/2-toalhas-50-formatos\/#breadcrumb"},"inLanguage":"pt-PT","potentialAction":[{"@type":"ReadAction","target":["https:\/\/www.csj-emballages.com\/pt-pt\/produit\/2-toalhas-50-formatos\/"]}]},{"@type":"ImageObject","inLanguage":"pt-PT","@id":"https:\/\/www.csj-emballages.com\/pt-pt\/produit\/2-toalhas-50-formatos\/#primaryimage","url":"https:\/\/www.csj-emballages.com\/wp-content\/uploads\/2024\/03\/ESV.webp","contentUrl":"https:\/\/www.csj-emballages.com\/wp-content\/uploads\/2024\/03\/ESV.webp","width":800,"height":800,"caption":"Essuie tout"},{"@type":"BreadcrumbList","@id":"https:\/\/www.csj-emballages.com\/pt-pt\/produit\/2-toalhas-50-formatos\/#breadcrumb","itemListElement":[{"@type":"ListItem","position":1,"name":"Acolhimento","item":"https:\/\/www.csj-emballages.com\/pt-pt\/universo-das-embalagens-alimentares\/"},{"@type":"ListItem","position":2,"name":"Shop","item":"https:\/\/www.csj-emballages.com\/shop\/"},{"@type":"ListItem","position":3,"name":"Papel de cozinha 50 unidades por 2"}]},{"@type":"WebSite","@id":"https:\/\/www.csj-emballages.com\/pt-pt\/#website","url":"https:\/\/www.csj-emballages.com\/pt-pt\/","name":"CSJ Emballages","description":"","publisher":{"@id":"https:\/\/www.csj-emballages.com\/pt-pt\/#organization"},"potentialAction":[{"@type":"SearchAction","target":{"@type":"EntryPoint","urlTemplate":"https:\/\/www.csj-emballages.com\/pt-pt\/?s={search_term_string}"},"query-input":{"@type":"PropertyValueSpecification","valueRequired":true,"valueName":"search_term_string"}}],"inLanguage":"pt-PT"},{"@type":"Organization","@id":"https:\/\/www.csj-emballages.com\/pt-pt\/#Organization\/","name":"CSJ Emballages","url":"https:\/\/www.csj-emballages.com\/pt-pt\/","logo":{"@type":"ImageObject","inLanguage":"pt-PT","@id":"https:\/\/www.csj-emballages.com\/pt-pt\/#\/schema\/logo\/image\/","url":"https:\/\/www.csj-emballages.com\/wp-content\/uploads\/2023\/10\/logo_csj.webp","contentUrl":"https:\/\/www.csj-emballages.com\/wp-content\/uploads\/2023\/10\/logo_csj.webp","width":250,"height":95,"caption":"CSJ Emballages"},"image":{"@id":"https:\/\/www.csj-emballages.com\/pt-pt\/#\/schema\/logo\/image\/"},"sameAs":["https:\/\/www.facebook.com\/csjemballages"],"address":{"@type":"PostalAddress","streetAddress":"ZI La Lechere","addressLocality":"Patornay","postalCode":"39130","addressCountry":"FR"},"contactPoint":[{"@type":"ContactPoint","contactType":"Service client","telephone":"0384254272","email":"contact@csj-emballages.com"}]}]}},"df_price":1.87,"df_sale_price":"","df_regular_price":1.87,"df_image_link":"https:\/\/www.csj-emballages.com\/wp-content\/uploads\/2024\/03\/ESV-300x300.webp","tiered_pricing_type":"fixed","tiered_pricing_fixed_rules":[],"tiered_pricing_percentage_rules":[],"tiered_pricing_minimum":1,"tiered_pricing_roles_data":[],"_links":{"self":[{"href":"https:\/\/www.csj-emballages.com\/pt-pt\/wp-json\/wp\/v2\/product\/20742","targetHints":{"allow":["GET"]}}],"collection":[{"href":"https:\/\/www.csj-emballages.com\/pt-pt\/wp-json\/wp\/v2\/product"}],"about":[{"href":"https:\/\/www.csj-emballages.com\/pt-pt\/wp-json\/wp\/v2\/types\/product"}],"wp:featuredmedia":[{"embeddable":true,"href":"https:\/\/www.csj-emballages.com\/pt-pt\/wp-json\/wp\/v2\/media\/262864"}],"wp:attachment":[{"href":"https:\/\/www.csj-emballages.com\/pt-pt\/wp-json\/wp\/v2\/media?parent=20742"}],"wp:term":[{"taxonomy":"product_brand","embeddable":true,"href":"https:\/\/www.csj-emballages.com\/pt-pt\/wp-json\/wp\/v2\/product_brand?post=20742"},{"taxonomy":"product_cat","embeddable":true,"href":"https:\/\/www.csj-emballages.com\/pt-pt\/wp-json\/wp\/v2\/product_cat?post=20742"},{"taxonomy":"product_tag","embeddable":true,"href":"https:\/\/www.csj-emballages.com\/pt-pt\/wp-json\/wp\/v2\/product_tag?post=20742"}],"curies":[{"name":"wp","href":"https:\/\/api.w.org\/{rel}","templated":true}]}}