{"id":20738,"date":"2024-03-01T16:54:22","date_gmt":"2024-03-01T15:54:22","guid":{"rendered":"https:\/\/u15jnbdpoq.preview.infomaniak.website\/produit\/50-latas-de-plastico-ergonomicas-descartaveis-de-250-ml-para-catering\/"},"modified":"2026-04-08T17:00:50","modified_gmt":"2026-04-08T15:00:50","slug":"50-latas-de-plastico-ergonomicas-descartaveis-de-250-ml-para-catering","status":"publish","type":"product","link":"https:\/\/www.csj-emballages.com\/pt-pt\/produit\/50-latas-de-plastico-ergonomicas-descartaveis-de-250-ml-para-catering\/","title":{"rendered":"Lata de charcutaria fresca com tampa articulada, 250 ml, 50 unidades"},"content":{"rendered":"<h2>Caixa de catering<\/h2>\n<hr>\n<h3>Descri\u00e7\u00e3o da nossa lata de charcutaria fresca com tampa articulada, 250 ml, 50 unidades<\/h3>\n<p><!--more--><\/p>\n<div class=\"flex max-w-full flex-col flex-grow\">\n<div class=\"min-h-8 text-message flex w-full flex-col items-end gap-2 whitespace-normal break-words text-start [.text-message+&amp;]:mt-5\" dir=\"auto\" data-message-author-role=\"assistant\" data-message-id=\"266ca6f3-5e07-4948-bd20-80ac5e6da4a5\" data-message-model-slug=\"gpt-4o\">\n<div class=\"flex w-full flex-col gap-1 empty:hidden first:pt-[3px]\">\n<div class=\"markdown prose w-full break-words dark:prose-invert dark\">\n<p data-start=\"225\" data-end=\"509\">A <strong>caixa de catering fresca 250 ml com tampa articulada<\/strong> \u00e9 ideal para o acondicionamento e a apresenta\u00e7\u00e3o de pequenas por\u00e7\u00f5es frias. Antes de mais, compacta e pr\u00e1tica, \u00e9 perfeita para <strong>saladas individuais, entradas, sobremesas, fruta fresca ou prepara\u00e7\u00f5es de catering para levar<\/strong>. <\/p>\n<p data-start=\"511\" data-end=\"848\">Fabricada em pl\u00e1stico transparente de qualidade alimentar, oferece excelente visibilidade do conte\u00fado, valorizando os produtos na vitrina e garantindo uma prote\u00e7\u00e3o eficaz. A sua <strong>tampa integrada<\/strong> com <strong>dobradi\u00e7a<\/strong> permite um fecho simples e r\u00e1pido, reduzindo o risco de abertura acidental durante o transporte. <\/p>\n<p data-start=\"850\" data-end=\"1066\">Com capacidade de <strong>250 ml<\/strong>, \u00e9 perfeitamente adequada a por\u00e7\u00f5es individuais e degusta\u00e7\u00f5es. A sua estrutura r\u00edgida garante boa estabilidade na prateleira, em vitrina refrigerada ou em venda para levar. <\/p>\n<p data-start=\"1068\" data-end=\"1341\">Pr\u00e1tica para servi\u00e7os de catering, padarias, sandwicherias e lojas de alimenta\u00e7\u00e3o, esta caixa \u00e9 uma solu\u00e7\u00e3o fi\u00e1vel que alia frescura, higiene e uma apresenta\u00e7\u00e3o cuidada. Embalada em lote de <strong>50 unidades<\/strong>, responde \u00e0s necessidades di\u00e1rias dos profissionais. <\/p>\n<p data-start=\"1068\" data-end=\"1341\">\n<\/div>\n<\/div>\n<\/div>\n<\/div>\n<p><!--more--><\/p>\n<h4>Vantagens :<\/h4>\n<ul>\n<li data-start=\"1379\" data-end=\"1433\"><strong>Capacidade 250 ml<\/strong> ideal para por\u00e7\u00f5es individuais.<\/li>\n<li data-start=\"1436\" data-end=\"1486\">Tampa articulada integrada, pr\u00e1tica e segura.<\/li>\n<li data-start=\"1489\" data-end=\"1534\">Pl\u00e1stico transparente que valoriza o conte\u00fado.<\/li>\n<li data-start=\"1537\" data-end=\"1572\">Boa estabilidade em vitrina refrigerada.<\/li>\n<li data-start=\"1575\" data-end=\"1606\">Adequada para venda para levar.<\/li>\n<li data-start=\"1609\" data-end=\"1658\">Fecho r\u00e1pido sem acess\u00f3rio adicional.<\/li>\n<li data-start=\"1661\" data-end=\"1708\">Ideal para saladas, sobremesas e fruta fresca.<\/li>\n<li data-start=\"1711\" data-end=\"1756\">Embalagem profissional de <strong>50 caixas<\/strong>.<\/li>\n<\/ul>\n<p>&nbsp;<\/p>\n<p><!--more--><\/p>\n<h4>Outras informa\u00e7\u00f5es :<\/h4>\n<ul>\n<li><strong>Embalagem<\/strong>: Pacote de 50<\/li>\n<li><strong>Dimens\u00f5es<\/strong>: 128 x 117 x 45 mm<\/li>\n<li><strong>Volume<\/strong>: 250 ml<\/li>\n<li><strong>Material<\/strong>: Politereftalato de etileno virgem (APET)<\/li>\n<li><strong>Utiliza\u00e7\u00e3o<\/strong>: Frio<\/li>\n<li><strong>Temperatura de funcionamento<\/strong>: -40\u00b0C\/+70\u00b0C<\/li>\n<\/ul>\n<p>&nbsp;<\/p>\n<p><!--more--><\/p>\n<p>Dispon\u00edvel em diferentes tamanhos: <span style=\"color: #d12727;\"><a style=\"color: #d12727;\" href=\"https:\/\/www.csj-emballages.com\/produit\/50-boites-ergonomiques-traiteurs-fraicheurs-plastiques-375-ml\/\">ERGO375<\/a><\/span> \/ <span style=\"color: #d12727;\"><a style=\"color: #d12727;\" href=\"https:\/\/www.csj-emballages.com\/es\/produit\/50-latas-de-plastico-desechables-ergonomicas-de-500-ml-para-catering\/\">ERGO500<\/a><\/span> \/ <span style=\"color: #d12727;\"><a style=\"color: #d12727;\" href=\"https:\/\/www.csj-emballages.com\/es\/produit\/50-latas-de-plastico-desechables-ergonomicas-para-catering-de-750-ml\/\">ERGO750<\/a><\/span> \/ <span style=\"color: #d12727;\"><a style=\"color: #d12727;\" href=\"https:\/\/www.csj-emballages.com\/es\/produit\/50-botes-de-plastico-desechables-ergonomicos-para-comida-fresca-1000-ml\/\">ERGO1000<\/a><\/span> \/ <span style=\"color: #d12727;\"><a style=\"color: #d12727;\" href=\"https:\/\/www.csj-emballages.com\/es\/produit\/50-cajas-de-plastico-desechables-ergonomicas-para-restauracion-fresca-1500-ml\/\">ERGO1500<\/a><\/span> \/ <span style=\"color: #d12727;\"><a style=\"color: #d12727;\" href=\"https:\/\/www.csj-emballages.com\/es\/produit\/60-cajas-de-plastico-desechables-ergonomicas-para-catering-2000-ml\/\">ERGO2000<\/a><\/span><\/p>\n<p>&nbsp;<\/p>\n<p><!--more--><\/p>\n<p><a href=\"https:\/\/www.csj-emballages.com\/pt-pt\/categorie-produit\/embalagem-de-alimentos\/talho-e-charcutaria\/tabuleiros-latas-e-frascos\/tabuleiros-latas-frascos-para-alimentos\/caixas-para-restauracao-fresca-com-tampas-com-dobradicas-ergopack\/\">V\u00ea o resto da nossa gama de tabuleiros para produtos frescos<\/a><\/p>\n","protected":false},"excerpt":{"rendered":"<p>Caixa de catering Descri\u00e7\u00e3o da nossa lata de charcutaria fresca com tampa articulada, 250 ml, 50 unidades<\/p>\n","protected":false},"featured_media":220698,"template":"","meta":{"_acf_changed":false},"product_brand":[],"product_cat":[1176,1525,2596],"product_tag":[],"class_list":{"0":"post-20738","1":"product","2":"type-product","3":"status-publish","4":"has-post-thumbnail","6":"product_cat-talho-e-charcutaria","7":"product_cat-tabuleiros-latas-frascos-para-alimentos","8":"product_cat-caixas-para-restauracao-fresca-com-tampas-com-dobradicas-ergopack","10":"first","11":"instock","12":"taxable","13":"shipping-taxable","14":"purchasable","15":"product-type-simple"},"acf":[],"yoast_head":"<!-- This site is optimized with the Yoast SEO Premium plugin v26.6 (Yoast SEO v26.6) - https:\/\/yoast.com\/wordpress\/plugins\/seo\/ -->\n<title>Caixa para catering fresco com tampa articulada - 250 ml<\/title>\n<meta name=\"description\" content=\"Caixa de catering fresca 250 ml com tampa articulada: ideal para conservar, transportar e apresentar os seus pratos frios. Embalagem de 50.\" \/>\n<meta name=\"robots\" content=\"index, follow, max-snippet:-1, max-image-preview:large, max-video-preview:-1\" \/>\n<link rel=\"canonical\" href=\"https:\/\/www.csj-emballages.com\/pt-pt\/produit\/50-latas-de-plastico-ergonomicas-descartaveis-de-250-ml-para-catering\/\" \/>\n<meta property=\"og:locale\" content=\"pt_PT\" \/>\n<meta property=\"og:type\" content=\"article\" \/>\n<meta property=\"og:title\" content=\"Lata de charcutaria fresca com tampa articulada, 250 ml, 50 unidades\" \/>\n<meta property=\"og:description\" content=\"Caixa de catering fresca 250 ml com tampa articulada: ideal para conservar, transportar e apresentar os seus pratos frios. Embalagem de 50.\" \/>\n<meta property=\"og:url\" content=\"https:\/\/www.csj-emballages.com\/pt-pt\/produit\/50-latas-de-plastico-ergonomicas-descartaveis-de-250-ml-para-catering\/\" \/>\n<meta property=\"og:site_name\" content=\"CSJ Emballages\" \/>\n<meta property=\"article:publisher\" content=\"https:\/\/www.facebook.com\/csjemballages\" \/>\n<meta property=\"article:modified_time\" content=\"2026-04-08T15:00:50+00:00\" \/>\n<meta property=\"og:image\" content=\"https:\/\/www.csj-emballages.com\/wp-content\/uploads\/2024\/03\/ERGO250.webp\" \/>\n\t<meta property=\"og:image:width\" content=\"800\" \/>\n\t<meta property=\"og:image:height\" content=\"800\" \/>\n\t<meta property=\"og:image:type\" content=\"image\/webp\" \/>\n<meta name=\"twitter:card\" content=\"summary_large_image\" \/>\n<meta name=\"twitter:label1\" content=\"Tempo estimado de leitura\" \/>\n\t<meta name=\"twitter:data1\" content=\"1 minuto\" \/>\n<script type=\"application\/ld+json\" class=\"yoast-schema-graph\">{\"@context\":\"https:\/\/schema.org\",\"@graph\":[{\"@type\":\"WebPage\",\"@id\":\"https:\/\/www.csj-emballages.com\/pt-pt\/produit\/50-latas-de-plastico-ergonomicas-descartaveis-de-250-ml-para-catering\/\",\"url\":\"https:\/\/www.csj-emballages.com\/pt-pt\/produit\/50-latas-de-plastico-ergonomicas-descartaveis-de-250-ml-para-catering\/\",\"name\":\"Caixa para catering fresco com tampa articulada - 250 ml\",\"isPartOf\":{\"@id\":\"https:\/\/www.csj-emballages.com\/pt-pt\/#website\"},\"primaryImageOfPage\":{\"@id\":\"https:\/\/www.csj-emballages.com\/pt-pt\/produit\/50-latas-de-plastico-ergonomicas-descartaveis-de-250-ml-para-catering\/#primaryimage\"},\"image\":{\"@id\":\"https:\/\/www.csj-emballages.com\/pt-pt\/produit\/50-latas-de-plastico-ergonomicas-descartaveis-de-250-ml-para-catering\/#primaryimage\"},\"thumbnailUrl\":\"https:\/\/www.csj-emballages.com\/wp-content\/uploads\/2024\/03\/ERGO250.webp\",\"datePublished\":\"2024-03-01T15:54:22+00:00\",\"dateModified\":\"2026-04-08T15:00:50+00:00\",\"description\":\"Caixa de catering fresca 250 ml com tampa articulada: ideal para conservar, transportar e apresentar os seus pratos frios. Embalagem de 50.\",\"breadcrumb\":{\"@id\":\"https:\/\/www.csj-emballages.com\/pt-pt\/produit\/50-latas-de-plastico-ergonomicas-descartaveis-de-250-ml-para-catering\/#breadcrumb\"},\"inLanguage\":\"pt-PT\",\"potentialAction\":[{\"@type\":\"ReadAction\",\"target\":[\"https:\/\/www.csj-emballages.com\/pt-pt\/produit\/50-latas-de-plastico-ergonomicas-descartaveis-de-250-ml-para-catering\/\"]}]},{\"@type\":\"ImageObject\",\"inLanguage\":\"pt-PT\",\"@id\":\"https:\/\/www.csj-emballages.com\/pt-pt\/produit\/50-latas-de-plastico-ergonomicas-descartaveis-de-250-ml-para-catering\/#primaryimage\",\"url\":\"https:\/\/www.csj-emballages.com\/wp-content\/uploads\/2024\/03\/ERGO250.webp\",\"contentUrl\":\"https:\/\/www.csj-emballages.com\/wp-content\/uploads\/2024\/03\/ERGO250.webp\",\"width\":800,\"height\":800,\"caption\":\"Boite traiteur\"},{\"@type\":\"BreadcrumbList\",\"@id\":\"https:\/\/www.csj-emballages.com\/pt-pt\/produit\/50-latas-de-plastico-ergonomicas-descartaveis-de-250-ml-para-catering\/#breadcrumb\",\"itemListElement\":[{\"@type\":\"ListItem\",\"position\":1,\"name\":\"Acolhimento\",\"item\":\"https:\/\/www.csj-emballages.com\/pt-pt\/universo-das-embalagens-alimentares\/\"},{\"@type\":\"ListItem\",\"position\":2,\"name\":\"Shop\",\"item\":\"https:\/\/www.csj-emballages.com\/shop\/\"},{\"@type\":\"ListItem\",\"position\":3,\"name\":\"Lata de charcutaria fresca com tampa articulada, 250 ml, 50 unidades\"}]},{\"@type\":\"WebSite\",\"@id\":\"https:\/\/www.csj-emballages.com\/pt-pt\/#website\",\"url\":\"https:\/\/www.csj-emballages.com\/pt-pt\/\",\"name\":\"CSJ Emballages\",\"description\":\"\",\"publisher\":{\"@id\":\"https:\/\/www.csj-emballages.com\/pt-pt\/#organization\"},\"potentialAction\":[{\"@type\":\"SearchAction\",\"target\":{\"@type\":\"EntryPoint\",\"urlTemplate\":\"https:\/\/www.csj-emballages.com\/pt-pt\/?s={search_term_string}\"},\"query-input\":{\"@type\":\"PropertyValueSpecification\",\"valueRequired\":true,\"valueName\":\"search_term_string\"}}],\"inLanguage\":\"pt-PT\"},{\"@type\":\"Organization\",\"@id\":\"https:\/\/www.csj-emballages.com\/pt-pt\/#Organization\/\",\"name\":\"CSJ Emballages\",\"url\":\"https:\/\/www.csj-emballages.com\/pt-pt\/\",\"logo\":{\"@type\":\"ImageObject\",\"inLanguage\":\"pt-PT\",\"@id\":\"https:\/\/www.csj-emballages.com\/pt-pt\/#\/schema\/logo\/image\/\",\"url\":\"https:\/\/www.csj-emballages.com\/wp-content\/uploads\/2023\/10\/logo_csj.webp\",\"contentUrl\":\"https:\/\/www.csj-emballages.com\/wp-content\/uploads\/2023\/10\/logo_csj.webp\",\"width\":250,\"height\":95,\"caption\":\"CSJ Emballages\"},\"image\":{\"@id\":\"https:\/\/www.csj-emballages.com\/pt-pt\/#\/schema\/logo\/image\/\"},\"sameAs\":[\"https:\/\/www.facebook.com\/csjemballages\"],\"address\":{\"@type\":\"PostalAddress\",\"streetAddress\":\"ZI La Lechere\",\"addressLocality\":\"Patornay\",\"postalCode\":\"39130\",\"addressCountry\":\"FR\"},\"contactPoint\":[{\"@type\":\"ContactPoint\",\"contactType\":\"Service client\",\"telephone\":\"0384254272\",\"email\":\"contact@csj-emballages.com\"}]}]}<\/script>\n<!-- \/ Yoast SEO Premium plugin. -->","yoast_head_json":{"title":"Caixa para catering fresco com tampa articulada - 250 ml","description":"Caixa de catering fresca 250 ml com tampa articulada: ideal para conservar, transportar e apresentar os seus pratos frios. Embalagem de 50.","robots":{"index":"index","follow":"follow","max-snippet":"max-snippet:-1","max-image-preview":"max-image-preview:large","max-video-preview":"max-video-preview:-1"},"canonical":"https:\/\/www.csj-emballages.com\/pt-pt\/produit\/50-latas-de-plastico-ergonomicas-descartaveis-de-250-ml-para-catering\/","og_locale":"pt_PT","og_type":"article","og_title":"Lata de charcutaria fresca com tampa articulada, 250 ml, 50 unidades","og_description":"Caixa de catering fresca 250 ml com tampa articulada: ideal para conservar, transportar e apresentar os seus pratos frios. Embalagem de 50.","og_url":"https:\/\/www.csj-emballages.com\/pt-pt\/produit\/50-latas-de-plastico-ergonomicas-descartaveis-de-250-ml-para-catering\/","og_site_name":"CSJ Emballages","article_publisher":"https:\/\/www.facebook.com\/csjemballages","article_modified_time":"2026-04-08T15:00:50+00:00","og_image":[{"width":800,"height":800,"url":"https:\/\/www.csj-emballages.com\/wp-content\/uploads\/2024\/03\/ERGO250.webp","type":"image\/webp"}],"twitter_card":"summary_large_image","twitter_misc":{"Tempo estimado de leitura":"1 minuto"},"schema":{"@context":"https:\/\/schema.org","@graph":[{"@type":"WebPage","@id":"https:\/\/www.csj-emballages.com\/pt-pt\/produit\/50-latas-de-plastico-ergonomicas-descartaveis-de-250-ml-para-catering\/","url":"https:\/\/www.csj-emballages.com\/pt-pt\/produit\/50-latas-de-plastico-ergonomicas-descartaveis-de-250-ml-para-catering\/","name":"Caixa para catering fresco com tampa articulada - 250 ml","isPartOf":{"@id":"https:\/\/www.csj-emballages.com\/pt-pt\/#website"},"primaryImageOfPage":{"@id":"https:\/\/www.csj-emballages.com\/pt-pt\/produit\/50-latas-de-plastico-ergonomicas-descartaveis-de-250-ml-para-catering\/#primaryimage"},"image":{"@id":"https:\/\/www.csj-emballages.com\/pt-pt\/produit\/50-latas-de-plastico-ergonomicas-descartaveis-de-250-ml-para-catering\/#primaryimage"},"thumbnailUrl":"https:\/\/www.csj-emballages.com\/wp-content\/uploads\/2024\/03\/ERGO250.webp","datePublished":"2024-03-01T15:54:22+00:00","dateModified":"2026-04-08T15:00:50+00:00","description":"Caixa de catering fresca 250 ml com tampa articulada: ideal para conservar, transportar e apresentar os seus pratos frios. Embalagem de 50.","breadcrumb":{"@id":"https:\/\/www.csj-emballages.com\/pt-pt\/produit\/50-latas-de-plastico-ergonomicas-descartaveis-de-250-ml-para-catering\/#breadcrumb"},"inLanguage":"pt-PT","potentialAction":[{"@type":"ReadAction","target":["https:\/\/www.csj-emballages.com\/pt-pt\/produit\/50-latas-de-plastico-ergonomicas-descartaveis-de-250-ml-para-catering\/"]}]},{"@type":"ImageObject","inLanguage":"pt-PT","@id":"https:\/\/www.csj-emballages.com\/pt-pt\/produit\/50-latas-de-plastico-ergonomicas-descartaveis-de-250-ml-para-catering\/#primaryimage","url":"https:\/\/www.csj-emballages.com\/wp-content\/uploads\/2024\/03\/ERGO250.webp","contentUrl":"https:\/\/www.csj-emballages.com\/wp-content\/uploads\/2024\/03\/ERGO250.webp","width":800,"height":800,"caption":"Boite traiteur"},{"@type":"BreadcrumbList","@id":"https:\/\/www.csj-emballages.com\/pt-pt\/produit\/50-latas-de-plastico-ergonomicas-descartaveis-de-250-ml-para-catering\/#breadcrumb","itemListElement":[{"@type":"ListItem","position":1,"name":"Acolhimento","item":"https:\/\/www.csj-emballages.com\/pt-pt\/universo-das-embalagens-alimentares\/"},{"@type":"ListItem","position":2,"name":"Shop","item":"https:\/\/www.csj-emballages.com\/shop\/"},{"@type":"ListItem","position":3,"name":"Lata de charcutaria fresca com tampa articulada, 250 ml, 50 unidades"}]},{"@type":"WebSite","@id":"https:\/\/www.csj-emballages.com\/pt-pt\/#website","url":"https:\/\/www.csj-emballages.com\/pt-pt\/","name":"CSJ Emballages","description":"","publisher":{"@id":"https:\/\/www.csj-emballages.com\/pt-pt\/#organization"},"potentialAction":[{"@type":"SearchAction","target":{"@type":"EntryPoint","urlTemplate":"https:\/\/www.csj-emballages.com\/pt-pt\/?s={search_term_string}"},"query-input":{"@type":"PropertyValueSpecification","valueRequired":true,"valueName":"search_term_string"}}],"inLanguage":"pt-PT"},{"@type":"Organization","@id":"https:\/\/www.csj-emballages.com\/pt-pt\/#Organization\/","name":"CSJ Emballages","url":"https:\/\/www.csj-emballages.com\/pt-pt\/","logo":{"@type":"ImageObject","inLanguage":"pt-PT","@id":"https:\/\/www.csj-emballages.com\/pt-pt\/#\/schema\/logo\/image\/","url":"https:\/\/www.csj-emballages.com\/wp-content\/uploads\/2023\/10\/logo_csj.webp","contentUrl":"https:\/\/www.csj-emballages.com\/wp-content\/uploads\/2023\/10\/logo_csj.webp","width":250,"height":95,"caption":"CSJ Emballages"},"image":{"@id":"https:\/\/www.csj-emballages.com\/pt-pt\/#\/schema\/logo\/image\/"},"sameAs":["https:\/\/www.facebook.com\/csjemballages"],"address":{"@type":"PostalAddress","streetAddress":"ZI La Lechere","addressLocality":"Patornay","postalCode":"39130","addressCountry":"FR"},"contactPoint":[{"@type":"ContactPoint","contactType":"Service client","telephone":"0384254272","email":"contact@csj-emballages.com"}]}]}},"df_price":4.66,"df_sale_price":"","df_regular_price":4.66,"df_image_link":"https:\/\/www.csj-emballages.com\/wp-content\/uploads\/2024\/03\/ERGO250-300x300.webp","tiered_pricing_type":"fixed","tiered_pricing_fixed_rules":[],"tiered_pricing_percentage_rules":[],"tiered_pricing_minimum":1,"tiered_pricing_roles_data":[],"_links":{"self":[{"href":"https:\/\/www.csj-emballages.com\/pt-pt\/wp-json\/wp\/v2\/product\/20738","targetHints":{"allow":["GET"]}}],"collection":[{"href":"https:\/\/www.csj-emballages.com\/pt-pt\/wp-json\/wp\/v2\/product"}],"about":[{"href":"https:\/\/www.csj-emballages.com\/pt-pt\/wp-json\/wp\/v2\/types\/product"}],"wp:featuredmedia":[{"embeddable":true,"href":"https:\/\/www.csj-emballages.com\/pt-pt\/wp-json\/wp\/v2\/media\/220698"}],"wp:attachment":[{"href":"https:\/\/www.csj-emballages.com\/pt-pt\/wp-json\/wp\/v2\/media?parent=20738"}],"wp:term":[{"taxonomy":"product_brand","embeddable":true,"href":"https:\/\/www.csj-emballages.com\/pt-pt\/wp-json\/wp\/v2\/product_brand?post=20738"},{"taxonomy":"product_cat","embeddable":true,"href":"https:\/\/www.csj-emballages.com\/pt-pt\/wp-json\/wp\/v2\/product_cat?post=20738"},{"taxonomy":"product_tag","embeddable":true,"href":"https:\/\/www.csj-emballages.com\/pt-pt\/wp-json\/wp\/v2\/product_tag?post=20738"}],"curies":[{"name":"wp","href":"https:\/\/api.w.org\/{rel}","templated":true}]}}