{"id":20727,"date":"2024-03-01T16:54:23","date_gmt":"2024-03-01T15:54:23","guid":{"rendered":"https:\/\/u15jnbdpoq.preview.infomaniak.website\/produit\/10-carimbos-verdes-sobre-esponja-loira-110-x-70-x-22-mm\/"},"modified":"2026-04-10T02:13:24","modified_gmt":"2026-04-10T00:13:24","slug":"10-carimbos-verdes-sobre-esponja-loira-110-x-70-x-22-mm","status":"publish","type":"product","link":"https:\/\/www.csj-emballages.com\/pt-pt\/produit\/10-carimbos-verdes-sobre-esponja-loira-110-x-70-x-22-mm\/","title":{"rendered":"Esponja 110 x 70 x 22 mm, embalagem de 10"},"content":{"rendered":"<h2>Esponja<\/h2>\n<hr>\n<h3>Descri\u00e7\u00e3o da nossa esponja 110 x 70 x 22 mm, embalagem de 10<\/h3>\n<p><!--more--><\/p>\n<div class=\"flex max-w-full flex-col flex-grow\">\n<div class=\"min-h-8 text-message flex w-full flex-col items-end gap-2 whitespace-normal break-words text-start [.text-message+&amp;]:mt-5\" dir=\"auto\" data-message-author-role=\"assistant\" data-message-id=\"266ca6f3-5e07-4948-bd20-80ac5e6da4a5\" data-message-model-slug=\"gpt-4o\">\n<div class=\"flex w-full flex-col gap-1 empty:hidden first:pt-[3px]\">\n<div class=\"markdown prose w-full break-words dark:prose-invert dark\">\n<p data-start=\"232\" data-end=\"618\">Todos precisamos de uma <strong>esponja<\/strong> com a qual possamos realmente contar, e esta cumpre claramente o seu prop\u00f3sito. Com o seu formato de <strong data-start=\"353\" data-end=\"373\">110 x 70 x 22 mm<\/strong>, adapta-se bem \u00e0 m\u00e3o e permite limpar eficazmente sem esfor\u00e7o desnecess\u00e1rio. Nem demasiado grande, nem demasiado fina, oferece um bom equil\u00edbrio entre conforto e efic\u00e1cia, seja para a loi\u00e7a, bancadas ou limpeza geral.  <\/p>\n<p data-start=\"620\" data-end=\"916\">De um lado, a sua <strong>face abrasiva verde<\/strong> ajuda a remover os res\u00edduos persistentes, mesmo quando est\u00e3o mais agarrados. Do outro, a <strong>parte amarela absorve<\/strong> rapidamente a \u00e1gua e a sujidade, o que permite limpar mais depressa e de forma mais limpa. Assim, poupa tempo e mant\u00e9m as superf\u00edcies impec\u00e1veis.  <\/p>\n<p data-start=\"918\" data-end=\"1204\">Al\u00e9m disso, esta <strong>esponja<\/strong> foi concebida para durar. Resiste bem \u00e0 utiliza\u00e7\u00e3o repetida e mant\u00e9m a sua forma lavagem ap\u00f3s lavagem. \u00c9, portanto, uma escolha pr\u00e1tica para cozinhas profissionais, institui\u00e7\u00f5es, restaurantes ou simplesmente para uso di\u00e1rio em casa.  <\/p>\n<p data-start=\"1206\" data-end=\"1475\">O <strong data-start=\"1209\" data-end=\"1222\">conjunto de 10<\/strong> \u00e9 particularmente inteligente: tem sempre uma \u00e0 m\u00e3o, sem ter de comprar com muita frequ\u00eancia. Isto facilita a organiza\u00e7\u00e3o e permite gerir a higiene mais facilmente. <\/p>\n<p data-start=\"1477\" data-end=\"1618\">Em resumo, esta <strong>esponja<\/strong> \u00e9 simples, eficaz e fi\u00e1vel. N\u00e3o promete mais do que aquilo que faz, mas f\u00e1-lo bem, dia ap\u00f3s dia. <\/p>\n<\/div>\n<\/div>\n<\/div>\n<\/div>\n<p><!--more--><\/p>\n<h4>Vantagens :<\/h4>\n<ul>\n<li>Dimens\u00f5es adaptadas para uma boa preens\u00e3o.<\/li>\n<li>Adequada para a cozinha, casa de banho e diversas superf\u00edcies.<\/li>\n<li>Ideal para uma limpeza r\u00e1pida e eficaz.<\/li>\n<li>Concebida para uma utiliza\u00e7\u00e3o prolongada.<\/li>\n<\/ul>\n<p>&nbsp;<\/p>\n<p><!--more--><\/p>\n<h4>Outras informa\u00e7\u00f5es :<\/h4>\n<ul>\n<li><strong>Embalagem<\/strong>: Pacote de 10<\/li>\n<li><strong>Dimens\u00f5es<\/strong>: 110 x 70 x 22 mm (C x L x A em cm)<\/li>\n<li><strong>Cor<\/strong>: Amarelo \/ Verde<\/li>\n<\/ul>\n<p>&nbsp;<\/p>\n<p><!--more--><\/p>\n<p>Encontre aqui os nossos outros 5 tipos de esponja: <span style=\"color: #d12727;\"><a style=\"color: #d12727;\" href=\"https:\/\/www.csj-emballages.com\/es\/produit\/10-sellos-azules-sobre-esponja-blanca-110-x-70-x-22-mm\/\">Esponja azul sanit\u00e1ria<\/a><\/span> \/ <span style=\"color: #d12727;\"><a style=\"color: #d12727;\" href=\"https:\/\/www.csj-emballages.com\/de\/produit\/5-melamin-zauberschwaemme-110-x-70-x-30-mm\/\">Esponja m\u00e1gica<\/a><\/span> \/ <span style=\"color: #d12727;\"><a style=\"color: #d12727;\" href=\"https:\/\/www.csj-emballages.com\/de\/produit\/10-spiralkugeln-aus-edelstahl-40-g\/\">Esponja de inox 40 gr<\/a><\/span> \/ <span style=\"color: #d12727;\"><a style=\"color: #d12727;\" href=\"https:\/\/www.csj-emballages.com\/de\/produit\/10-spiralkugeln-aus-edelstahl-60-g\/\">Esponja de inox 60 gr<\/a> <span style=\"color: #000000;\">\/<\/span> <a style=\"color: #d12727;\" href=\"https:\/\/www.csj-emballages.com\/produit\/10-eponge-non-bordees-n4\/\">Esponja vegetal<\/a><\/span><\/p>\n<p>&nbsp;<\/p>\n<p><!--more--><\/p>\n<p><a href=\"https:\/\/www.csj-emballages.com\/pt-pt\/categorie-produit\/higiene-e-manutencao\/esponjas-panos-de-prato-panos-de-cozinha\/esponjas-abrasivos\/\">V\u00ea o resto da nossa gama de esponjas \/ abrasivos<\/a><\/p>\n","protected":false},"excerpt":{"rendered":"<p>Esponja Descri\u00e7\u00e3o da nossa esponja 110 x 70 x 22 mm, embalagem de 10<\/p>\n","protected":false},"featured_media":221798,"template":"","meta":{"_acf_changed":false},"product_brand":[],"product_cat":[1222,1422,2005],"product_tag":[],"class_list":{"0":"post-20727","1":"product","2":"type-product","3":"status-publish","4":"has-post-thumbnail","6":"product_cat-higiene-e-manutencao","7":"product_cat-esponjas-panos-de-prato-panos-de-cozinha","8":"product_cat-esponjas-abrasivos","10":"first","11":"instock","12":"taxable","13":"shipping-taxable","14":"purchasable","15":"product-type-simple"},"acf":[],"yoast_head":"<!-- This site is optimized with the Yoast SEO Premium plugin v26.6 (Yoast SEO v26.6) - https:\/\/yoast.com\/wordpress\/plugins\/seo\/ -->\n<title>Esponja 110 x 70 x 22 mm, embalagem de 10<\/title>\n<meta name=\"description\" content=\"Esponjas 110 x 70 x 22 mm, ideais para uma limpeza eficaz e duradoura. Absorventes e resistentes, s\u00e3o adequados tanto para profissionais como para particulares\" \/>\n<meta name=\"robots\" content=\"index, follow, max-snippet:-1, max-image-preview:large, max-video-preview:-1\" \/>\n<link rel=\"canonical\" href=\"https:\/\/www.csj-emballages.com\/pt-pt\/produit\/10-carimbos-verdes-sobre-esponja-loira-110-x-70-x-22-mm\/\" \/>\n<meta property=\"og:locale\" content=\"pt_PT\" \/>\n<meta property=\"og:type\" content=\"article\" \/>\n<meta property=\"og:title\" content=\"Esponja 110 x 70 x 22 mm, embalagem de 10\" \/>\n<meta property=\"og:description\" content=\"Esponjas 110 x 70 x 22 mm, ideais para uma limpeza eficaz e duradoura. Absorventes e resistentes, s\u00e3o adequados tanto para profissionais como para particulares\" \/>\n<meta property=\"og:url\" content=\"https:\/\/www.csj-emballages.com\/pt-pt\/produit\/10-carimbos-verdes-sobre-esponja-loira-110-x-70-x-22-mm\/\" \/>\n<meta property=\"og:site_name\" content=\"CSJ Emballages\" \/>\n<meta property=\"article:publisher\" content=\"https:\/\/www.facebook.com\/csjemballages\" \/>\n<meta property=\"article:modified_time\" content=\"2026-04-10T00:13:24+00:00\" \/>\n<meta property=\"og:image\" content=\"https:\/\/www.csj-emballages.com\/wp-content\/uploads\/2024\/03\/eponge.webp\" \/>\n\t<meta property=\"og:image:width\" content=\"800\" \/>\n\t<meta property=\"og:image:height\" content=\"800\" \/>\n\t<meta property=\"og:image:type\" content=\"image\/webp\" \/>\n<meta name=\"twitter:card\" content=\"summary_large_image\" \/>\n<meta name=\"twitter:label1\" content=\"Tempo estimado de leitura\" \/>\n\t<meta name=\"twitter:data1\" content=\"2 minutos\" \/>\n<script type=\"application\/ld+json\" class=\"yoast-schema-graph\">{\"@context\":\"https:\/\/schema.org\",\"@graph\":[{\"@type\":\"WebPage\",\"@id\":\"https:\/\/www.csj-emballages.com\/pt-pt\/produit\/10-carimbos-verdes-sobre-esponja-loira-110-x-70-x-22-mm\/\",\"url\":\"https:\/\/www.csj-emballages.com\/pt-pt\/produit\/10-carimbos-verdes-sobre-esponja-loira-110-x-70-x-22-mm\/\",\"name\":\"Esponja 110 x 70 x 22 mm, embalagem de 10\",\"isPartOf\":{\"@id\":\"https:\/\/www.csj-emballages.com\/pt-pt\/#website\"},\"primaryImageOfPage\":{\"@id\":\"https:\/\/www.csj-emballages.com\/pt-pt\/produit\/10-carimbos-verdes-sobre-esponja-loira-110-x-70-x-22-mm\/#primaryimage\"},\"image\":{\"@id\":\"https:\/\/www.csj-emballages.com\/pt-pt\/produit\/10-carimbos-verdes-sobre-esponja-loira-110-x-70-x-22-mm\/#primaryimage\"},\"thumbnailUrl\":\"https:\/\/www.csj-emballages.com\/wp-content\/uploads\/2024\/03\/eponge.webp\",\"datePublished\":\"2024-03-01T15:54:23+00:00\",\"dateModified\":\"2026-04-10T00:13:24+00:00\",\"description\":\"Esponjas 110 x 70 x 22 mm, ideais para uma limpeza eficaz e duradoura. Absorventes e resistentes, s\u00e3o adequados tanto para profissionais como para particulares\",\"breadcrumb\":{\"@id\":\"https:\/\/www.csj-emballages.com\/pt-pt\/produit\/10-carimbos-verdes-sobre-esponja-loira-110-x-70-x-22-mm\/#breadcrumb\"},\"inLanguage\":\"pt-PT\",\"potentialAction\":[{\"@type\":\"ReadAction\",\"target\":[\"https:\/\/www.csj-emballages.com\/pt-pt\/produit\/10-carimbos-verdes-sobre-esponja-loira-110-x-70-x-22-mm\/\"]}]},{\"@type\":\"ImageObject\",\"inLanguage\":\"pt-PT\",\"@id\":\"https:\/\/www.csj-emballages.com\/pt-pt\/produit\/10-carimbos-verdes-sobre-esponja-loira-110-x-70-x-22-mm\/#primaryimage\",\"url\":\"https:\/\/www.csj-emballages.com\/wp-content\/uploads\/2024\/03\/eponge.webp\",\"contentUrl\":\"https:\/\/www.csj-emballages.com\/wp-content\/uploads\/2024\/03\/eponge.webp\",\"width\":800,\"height\":800,\"caption\":\"\u00c9ponge\"},{\"@type\":\"BreadcrumbList\",\"@id\":\"https:\/\/www.csj-emballages.com\/pt-pt\/produit\/10-carimbos-verdes-sobre-esponja-loira-110-x-70-x-22-mm\/#breadcrumb\",\"itemListElement\":[{\"@type\":\"ListItem\",\"position\":1,\"name\":\"Acolhimento\",\"item\":\"https:\/\/www.csj-emballages.com\/pt-pt\/universo-das-embalagens-alimentares\/\"},{\"@type\":\"ListItem\",\"position\":2,\"name\":\"Shop\",\"item\":\"https:\/\/www.csj-emballages.com\/shop\/\"},{\"@type\":\"ListItem\",\"position\":3,\"name\":\"Esponja 110 x 70 x 22 mm, embalagem de 10\"}]},{\"@type\":\"WebSite\",\"@id\":\"https:\/\/www.csj-emballages.com\/pt-pt\/#website\",\"url\":\"https:\/\/www.csj-emballages.com\/pt-pt\/\",\"name\":\"CSJ Emballages\",\"description\":\"\",\"publisher\":{\"@id\":\"https:\/\/www.csj-emballages.com\/pt-pt\/#organization\"},\"potentialAction\":[{\"@type\":\"SearchAction\",\"target\":{\"@type\":\"EntryPoint\",\"urlTemplate\":\"https:\/\/www.csj-emballages.com\/pt-pt\/?s={search_term_string}\"},\"query-input\":{\"@type\":\"PropertyValueSpecification\",\"valueRequired\":true,\"valueName\":\"search_term_string\"}}],\"inLanguage\":\"pt-PT\"},{\"@type\":\"Organization\",\"@id\":\"https:\/\/www.csj-emballages.com\/pt-pt\/#Organization\/\",\"name\":\"CSJ Emballages\",\"url\":\"https:\/\/www.csj-emballages.com\/pt-pt\/\",\"logo\":{\"@type\":\"ImageObject\",\"inLanguage\":\"pt-PT\",\"@id\":\"https:\/\/www.csj-emballages.com\/pt-pt\/#\/schema\/logo\/image\/\",\"url\":\"https:\/\/www.csj-emballages.com\/wp-content\/uploads\/2023\/10\/logo_csj.webp\",\"contentUrl\":\"https:\/\/www.csj-emballages.com\/wp-content\/uploads\/2023\/10\/logo_csj.webp\",\"width\":250,\"height\":95,\"caption\":\"CSJ Emballages\"},\"image\":{\"@id\":\"https:\/\/www.csj-emballages.com\/pt-pt\/#\/schema\/logo\/image\/\"},\"sameAs\":[\"https:\/\/www.facebook.com\/csjemballages\"],\"address\":{\"@type\":\"PostalAddress\",\"streetAddress\":\"ZI La Lechere\",\"addressLocality\":\"Patornay\",\"postalCode\":\"39130\",\"addressCountry\":\"FR\"},\"contactPoint\":[{\"@type\":\"ContactPoint\",\"contactType\":\"Service client\",\"telephone\":\"0384254272\",\"email\":\"contact@csj-emballages.com\"}]}]}<\/script>\n<!-- \/ Yoast SEO Premium plugin. -->","yoast_head_json":{"title":"Esponja 110 x 70 x 22 mm, embalagem de 10","description":"Esponjas 110 x 70 x 22 mm, ideais para uma limpeza eficaz e duradoura. Absorventes e resistentes, s\u00e3o adequados tanto para profissionais como para particulares","robots":{"index":"index","follow":"follow","max-snippet":"max-snippet:-1","max-image-preview":"max-image-preview:large","max-video-preview":"max-video-preview:-1"},"canonical":"https:\/\/www.csj-emballages.com\/pt-pt\/produit\/10-carimbos-verdes-sobre-esponja-loira-110-x-70-x-22-mm\/","og_locale":"pt_PT","og_type":"article","og_title":"Esponja 110 x 70 x 22 mm, embalagem de 10","og_description":"Esponjas 110 x 70 x 22 mm, ideais para uma limpeza eficaz e duradoura. Absorventes e resistentes, s\u00e3o adequados tanto para profissionais como para particulares","og_url":"https:\/\/www.csj-emballages.com\/pt-pt\/produit\/10-carimbos-verdes-sobre-esponja-loira-110-x-70-x-22-mm\/","og_site_name":"CSJ Emballages","article_publisher":"https:\/\/www.facebook.com\/csjemballages","article_modified_time":"2026-04-10T00:13:24+00:00","og_image":[{"width":800,"height":800,"url":"https:\/\/www.csj-emballages.com\/wp-content\/uploads\/2024\/03\/eponge.webp","type":"image\/webp"}],"twitter_card":"summary_large_image","twitter_misc":{"Tempo estimado de leitura":"2 minutos"},"schema":{"@context":"https:\/\/schema.org","@graph":[{"@type":"WebPage","@id":"https:\/\/www.csj-emballages.com\/pt-pt\/produit\/10-carimbos-verdes-sobre-esponja-loira-110-x-70-x-22-mm\/","url":"https:\/\/www.csj-emballages.com\/pt-pt\/produit\/10-carimbos-verdes-sobre-esponja-loira-110-x-70-x-22-mm\/","name":"Esponja 110 x 70 x 22 mm, embalagem de 10","isPartOf":{"@id":"https:\/\/www.csj-emballages.com\/pt-pt\/#website"},"primaryImageOfPage":{"@id":"https:\/\/www.csj-emballages.com\/pt-pt\/produit\/10-carimbos-verdes-sobre-esponja-loira-110-x-70-x-22-mm\/#primaryimage"},"image":{"@id":"https:\/\/www.csj-emballages.com\/pt-pt\/produit\/10-carimbos-verdes-sobre-esponja-loira-110-x-70-x-22-mm\/#primaryimage"},"thumbnailUrl":"https:\/\/www.csj-emballages.com\/wp-content\/uploads\/2024\/03\/eponge.webp","datePublished":"2024-03-01T15:54:23+00:00","dateModified":"2026-04-10T00:13:24+00:00","description":"Esponjas 110 x 70 x 22 mm, ideais para uma limpeza eficaz e duradoura. Absorventes e resistentes, s\u00e3o adequados tanto para profissionais como para particulares","breadcrumb":{"@id":"https:\/\/www.csj-emballages.com\/pt-pt\/produit\/10-carimbos-verdes-sobre-esponja-loira-110-x-70-x-22-mm\/#breadcrumb"},"inLanguage":"pt-PT","potentialAction":[{"@type":"ReadAction","target":["https:\/\/www.csj-emballages.com\/pt-pt\/produit\/10-carimbos-verdes-sobre-esponja-loira-110-x-70-x-22-mm\/"]}]},{"@type":"ImageObject","inLanguage":"pt-PT","@id":"https:\/\/www.csj-emballages.com\/pt-pt\/produit\/10-carimbos-verdes-sobre-esponja-loira-110-x-70-x-22-mm\/#primaryimage","url":"https:\/\/www.csj-emballages.com\/wp-content\/uploads\/2024\/03\/eponge.webp","contentUrl":"https:\/\/www.csj-emballages.com\/wp-content\/uploads\/2024\/03\/eponge.webp","width":800,"height":800,"caption":"\u00c9ponge"},{"@type":"BreadcrumbList","@id":"https:\/\/www.csj-emballages.com\/pt-pt\/produit\/10-carimbos-verdes-sobre-esponja-loira-110-x-70-x-22-mm\/#breadcrumb","itemListElement":[{"@type":"ListItem","position":1,"name":"Acolhimento","item":"https:\/\/www.csj-emballages.com\/pt-pt\/universo-das-embalagens-alimentares\/"},{"@type":"ListItem","position":2,"name":"Shop","item":"https:\/\/www.csj-emballages.com\/shop\/"},{"@type":"ListItem","position":3,"name":"Esponja 110 x 70 x 22 mm, embalagem de 10"}]},{"@type":"WebSite","@id":"https:\/\/www.csj-emballages.com\/pt-pt\/#website","url":"https:\/\/www.csj-emballages.com\/pt-pt\/","name":"CSJ Emballages","description":"","publisher":{"@id":"https:\/\/www.csj-emballages.com\/pt-pt\/#organization"},"potentialAction":[{"@type":"SearchAction","target":{"@type":"EntryPoint","urlTemplate":"https:\/\/www.csj-emballages.com\/pt-pt\/?s={search_term_string}"},"query-input":{"@type":"PropertyValueSpecification","valueRequired":true,"valueName":"search_term_string"}}],"inLanguage":"pt-PT"},{"@type":"Organization","@id":"https:\/\/www.csj-emballages.com\/pt-pt\/#Organization\/","name":"CSJ Emballages","url":"https:\/\/www.csj-emballages.com\/pt-pt\/","logo":{"@type":"ImageObject","inLanguage":"pt-PT","@id":"https:\/\/www.csj-emballages.com\/pt-pt\/#\/schema\/logo\/image\/","url":"https:\/\/www.csj-emballages.com\/wp-content\/uploads\/2023\/10\/logo_csj.webp","contentUrl":"https:\/\/www.csj-emballages.com\/wp-content\/uploads\/2023\/10\/logo_csj.webp","width":250,"height":95,"caption":"CSJ Emballages"},"image":{"@id":"https:\/\/www.csj-emballages.com\/pt-pt\/#\/schema\/logo\/image\/"},"sameAs":["https:\/\/www.facebook.com\/csjemballages"],"address":{"@type":"PostalAddress","streetAddress":"ZI La Lechere","addressLocality":"Patornay","postalCode":"39130","addressCountry":"FR"},"contactPoint":[{"@type":"ContactPoint","contactType":"Service client","telephone":"0384254272","email":"contact@csj-emballages.com"}]}]}},"df_price":5.99,"df_sale_price":"","df_regular_price":5.99,"df_image_link":"https:\/\/www.csj-emballages.com\/wp-content\/uploads\/2024\/03\/eponge-300x300.webp","tiered_pricing_type":"fixed","tiered_pricing_fixed_rules":[],"tiered_pricing_percentage_rules":[],"tiered_pricing_minimum":1,"tiered_pricing_roles_data":[],"_links":{"self":[{"href":"https:\/\/www.csj-emballages.com\/pt-pt\/wp-json\/wp\/v2\/product\/20727","targetHints":{"allow":["GET"]}}],"collection":[{"href":"https:\/\/www.csj-emballages.com\/pt-pt\/wp-json\/wp\/v2\/product"}],"about":[{"href":"https:\/\/www.csj-emballages.com\/pt-pt\/wp-json\/wp\/v2\/types\/product"}],"wp:featuredmedia":[{"embeddable":true,"href":"https:\/\/www.csj-emballages.com\/pt-pt\/wp-json\/wp\/v2\/media\/221798"}],"wp:attachment":[{"href":"https:\/\/www.csj-emballages.com\/pt-pt\/wp-json\/wp\/v2\/media?parent=20727"}],"wp:term":[{"taxonomy":"product_brand","embeddable":true,"href":"https:\/\/www.csj-emballages.com\/pt-pt\/wp-json\/wp\/v2\/product_brand?post=20727"},{"taxonomy":"product_cat","embeddable":true,"href":"https:\/\/www.csj-emballages.com\/pt-pt\/wp-json\/wp\/v2\/product_cat?post=20727"},{"taxonomy":"product_tag","embeddable":true,"href":"https:\/\/www.csj-emballages.com\/pt-pt\/wp-json\/wp\/v2\/product_tag?post=20727"}],"curies":[{"name":"wp","href":"https:\/\/api.w.org\/{rel}","templated":true}]}}