{"id":20716,"date":"2024-03-01T16:54:23","date_gmt":"2024-03-01T15:54:23","guid":{"rendered":"https:\/\/u15jnbdpoq.preview.infomaniak.website\/produit\/10-carimbos-azuis-sobre-esponja-branca-110-x-70-x-22-mm\/"},"modified":"2026-03-31T02:14:02","modified_gmt":"2026-03-31T00:14:02","slug":"10-carimbos-azuis-sobre-esponja-branca-110-x-70-x-22-mm","status":"publish","type":"product","link":"https:\/\/www.csj-emballages.com\/pt-pt\/produit\/10-carimbos-azuis-sobre-esponja-branca-110-x-70-x-22-mm\/","title":{"rendered":"Esponja sanit\u00e1ria azul 110 x 70 x 22 mm por 10"},"content":{"rendered":"<h2>Esponja azul<\/h2>\n<hr>\n<h3>Descri\u00e7\u00e3o da nossa esponja sanit\u00e1ria azul 110 x 70 x 22 mm por 10<\/h3>\n<p><!--more--><\/p>\n<div class=\"flex max-w-full flex-col flex-grow\">\n<div class=\"min-h-8 text-message flex w-full flex-col items-end gap-2 whitespace-normal break-words text-start [.text-message+&amp;]:mt-5\" dir=\"auto\" data-message-author-role=\"assistant\" data-message-id=\"266ca6f3-5e07-4948-bd20-80ac5e6da4a5\" data-message-model-slug=\"gpt-4o\">\n<div class=\"flex w-full flex-col gap-1 empty:hidden first:pt-[3px]\">\n<div class=\"markdown prose w-full break-words dark:prose-invert dark\">\n<p data-start=\"289\" data-end=\"729\">Limpar as <strong>casas de banho<\/strong> nunca \u00e9 a tarefa mais agrad\u00e1vel, por isso, mais vale usar uma ferramenta que realmente fa\u00e7a o trabalho. Esta <strong data-start=\"421\" data-end=\"447\">esponja azul sanit\u00e1ria<\/strong> foi concebida para ir direto ao assunto: limpa eficazmente, sem complicar a sua rotina. O seu formato de <strong data-start=\"556\" data-end=\"576\">110 x 70 x 22 mm<\/strong> encaixa perfeitamente na m\u00e3o, o que permite esfregar com precis\u00e3o, mesmo em zonas de dif\u00edcil acesso, como rebordos, juntas ou \u00e2ngulos.  <\/p>\n<p data-start=\"731\" data-end=\"1074\">Gra\u00e7as \u00e0 sua <strong>face abrasiva branca<\/strong>, elimina facilmente as manchas persistentes, o calc\u00e1rio e os res\u00edduos incrustados. Ao mesmo tempo, a sua espuma azul absorve bem a \u00e1gua e o produto de limpeza, o que facilita o enxaguamento e deixa as superf\u00edcies limpas sem esfor\u00e7o excessivo. Assim, poupa tempo e obt\u00e9m um resultado n\u00edtido e vis\u00edvel.  <\/p>\n<p data-start=\"1076\" data-end=\"1406\">Al\u00e9m disso, o <strong>c\u00f3digo de cores azul<\/strong> n\u00e3o est\u00e1 l\u00e1 por acaso. Permite identificar rapidamente a esponja dedicada \u00e0s casas de banho, o que limita os riscos de contamina\u00e7\u00e3o cruzada. \u00c9 uma mais-valia, especialmente em ambientes profissionais como restaurantes, institui\u00e7\u00f5es, hot\u00e9is ou empresas de limpeza.  <\/p>\n<p data-start=\"1408\" data-end=\"1670\">O <strong data-start=\"1411\" data-end=\"1432\">conjunto de 10 esponjas<\/strong> \u00e9 ideal para ter sempre material limpo dispon\u00edvel, sem ter de renovar o seu stock com muita frequ\u00eancia. S\u00e3o adequadas tanto para uso intensivo como para manuten\u00e7\u00e3o regular e mant\u00eam a sua efic\u00e1cia lavagem ap\u00f3s lavagem. <\/p>\n<\/div>\n<p data-start=\"1672\" data-end=\"1722\" data-is-last-node=\"\" data-is-only-node=\"\">\n<\/div>\n<\/div>\n<\/div>\n<p><!--more--><\/p>\n<h4>Vantagens :<\/h4>\n<ul>\n<li>Capta eficazmente a \u00e1gua e a sujidade para uma limpeza ideal.<\/li>\n<li>Concebida para n\u00e3o riscar as superf\u00edcies delicadas.<\/li>\n<li>Resistente ao desgaste para uma utiliza\u00e7\u00e3o prolongada.<\/li>\n<li>Adequada para ambientes profissionais e dom\u00e9sticos.<\/li>\n<li>F\u00e1cil de manusear e armazenar<\/li>\n<\/ul>\n<p>&nbsp;<\/p>\n<p><!--more--><\/p>\n<h4>Outras informa\u00e7\u00f5es :<\/h4>\n<ul>\n<li><strong>Embalagem<\/strong>: Pacote de 10<\/li>\n<li><strong>Dimens\u00f5es<\/strong>: 110 x 70 x 22 mm (C x L x A em mm)<\/li>\n<li><strong>Cor<\/strong>: Azul \/ Branco<\/li>\n<\/ul>\n<p>&nbsp;<\/p>\n<p><!--more--><\/p>\n<p>Encontre aqui os nossos outros 5 tipos de esponja: <span style=\"color: #d12727;\"><a style=\"color: #d12727;\" href=\"https:\/\/www.csj-emballages.com\/pt-pt\/produit\/10-carimbos-verdes-sobre-esponja-loira-110-x-70-x-22-mm\/\">Esponja verde<\/a><\/span> \/ <span style=\"color: #d12727;\"><a style=\"color: #d12727;\" href=\"https:\/\/www.csj-emballages.com\/pt-pt\/produit\/5-esponjas-magicas-de-melamina-110-x-70-x-30-mm\/\">Esponja m\u00e1gica<\/a><\/span> \/ <span style=\"color: #d12727;\"><a style=\"color: #d12727;\" href=\"https:\/\/www.csj-emballages.com\/pt-pt\/produit\/10-esferas-em-espiral-de-aco-inoxidavel-40-grs\/\">Esponja inox 40 gr<\/a><\/span> \/ <span style=\"color: #d12727;\"><a style=\"color: #d12727;\" href=\"https:\/\/www.csj-emballages.com\/pt-pt\/produit\/10-esferas-espirais-de-aco-inoxidavel-60-grs\/\">Esponja inox 60 gr<\/a> <span style=\"color: #000000;\">\/<\/span> <a style=\"color: #d12727;\" href=\"https:\/\/www.csj-emballages.com\/produit\/10-eponge-non-bordees-n4\/\">Esponja vegetal<\/a><\/span><\/p>\n<p>&nbsp;<\/p>\n<p><!--more--><\/p>\n<p><a href=\"https:\/\/www.csj-emballages.com\/pt-pt\/categorie-produit\/higiene-e-manutencao\/esponjas-panos-de-prato-panos-de-cozinha\/esponjas-abrasivos\/\">V\u00ea o resto da nossa gama de esponjas \/ abrasivos<\/a><\/p>\n","protected":false},"excerpt":{"rendered":"<p>Esponja azul Descri\u00e7\u00e3o da nossa esponja sanit\u00e1ria azul 110 x 70 x 22 mm por 10<\/p>\n","protected":false},"featured_media":221812,"template":"","meta":{"_acf_changed":false},"product_brand":[],"product_cat":[1222,1422,2005],"product_tag":[],"class_list":{"0":"post-20716","1":"product","2":"type-product","3":"status-publish","4":"has-post-thumbnail","6":"product_cat-higiene-e-manutencao","7":"product_cat-esponjas-panos-de-prato-panos-de-cozinha","8":"product_cat-esponjas-abrasivos","10":"first","11":"instock","12":"taxable","13":"shipping-taxable","14":"purchasable","15":"product-type-simple"},"acf":[],"yoast_head":"<!-- This site is optimized with the Yoast SEO Premium plugin v26.6 (Yoast SEO v26.6) - https:\/\/yoast.com\/wordpress\/plugins\/seo\/ -->\n<title>Esponja Sanit\u00e1ria Azul 110 x 70 x 22 mm por 10<\/title>\n<meta name=\"description\" content=\"Escolha esta esponja sanit\u00e1ria azul 110 x 70 x 22 mm (embalagem de 10). Altamente absorvente e dur\u00e1vel para uso profissional e dom\u00e9stico.\" \/>\n<meta name=\"robots\" content=\"index, follow, max-snippet:-1, max-image-preview:large, max-video-preview:-1\" \/>\n<link rel=\"canonical\" href=\"https:\/\/www.csj-emballages.com\/pt-pt\/produit\/10-carimbos-azuis-sobre-esponja-branca-110-x-70-x-22-mm\/\" \/>\n<meta property=\"og:locale\" content=\"pt_PT\" \/>\n<meta property=\"og:type\" content=\"article\" \/>\n<meta property=\"og:title\" content=\"Esponja sanit\u00e1ria azul 110 x 70 x 22 mm por 10\" \/>\n<meta property=\"og:description\" content=\"Escolha esta esponja sanit\u00e1ria azul 110 x 70 x 22 mm (embalagem de 10). Altamente absorvente e dur\u00e1vel para uso profissional e dom\u00e9stico.\" \/>\n<meta property=\"og:url\" content=\"https:\/\/www.csj-emballages.com\/pt-pt\/produit\/10-carimbos-azuis-sobre-esponja-branca-110-x-70-x-22-mm\/\" \/>\n<meta property=\"og:site_name\" content=\"CSJ Emballages\" \/>\n<meta property=\"article:publisher\" content=\"https:\/\/www.facebook.com\/csjemballages\" \/>\n<meta property=\"article:modified_time\" content=\"2026-03-31T00:14:02+00:00\" \/>\n<meta property=\"og:image\" content=\"https:\/\/www.csj-emballages.com\/wp-content\/uploads\/2024\/03\/eponge-bleu.webp\" \/>\n\t<meta property=\"og:image:width\" content=\"800\" \/>\n\t<meta property=\"og:image:height\" content=\"800\" \/>\n\t<meta property=\"og:image:type\" content=\"image\/webp\" \/>\n<meta name=\"twitter:card\" content=\"summary_large_image\" \/>\n<meta name=\"twitter:label1\" content=\"Tempo estimado de leitura\" \/>\n\t<meta name=\"twitter:data1\" content=\"2 minutos\" \/>\n<script type=\"application\/ld+json\" class=\"yoast-schema-graph\">{\"@context\":\"https:\/\/schema.org\",\"@graph\":[{\"@type\":\"WebPage\",\"@id\":\"https:\/\/www.csj-emballages.com\/pt-pt\/produit\/10-carimbos-azuis-sobre-esponja-branca-110-x-70-x-22-mm\/\",\"url\":\"https:\/\/www.csj-emballages.com\/pt-pt\/produit\/10-carimbos-azuis-sobre-esponja-branca-110-x-70-x-22-mm\/\",\"name\":\"Esponja Sanit\u00e1ria Azul 110 x 70 x 22 mm por 10\",\"isPartOf\":{\"@id\":\"https:\/\/www.csj-emballages.com\/pt-pt\/#website\"},\"primaryImageOfPage\":{\"@id\":\"https:\/\/www.csj-emballages.com\/pt-pt\/produit\/10-carimbos-azuis-sobre-esponja-branca-110-x-70-x-22-mm\/#primaryimage\"},\"image\":{\"@id\":\"https:\/\/www.csj-emballages.com\/pt-pt\/produit\/10-carimbos-azuis-sobre-esponja-branca-110-x-70-x-22-mm\/#primaryimage\"},\"thumbnailUrl\":\"https:\/\/www.csj-emballages.com\/wp-content\/uploads\/2024\/03\/eponge-bleu.webp\",\"datePublished\":\"2024-03-01T15:54:23+00:00\",\"dateModified\":\"2026-03-31T00:14:02+00:00\",\"description\":\"Escolha esta esponja sanit\u00e1ria azul 110 x 70 x 22 mm (embalagem de 10). Altamente absorvente e dur\u00e1vel para uso profissional e dom\u00e9stico.\",\"breadcrumb\":{\"@id\":\"https:\/\/www.csj-emballages.com\/pt-pt\/produit\/10-carimbos-azuis-sobre-esponja-branca-110-x-70-x-22-mm\/#breadcrumb\"},\"inLanguage\":\"pt-PT\",\"potentialAction\":[{\"@type\":\"ReadAction\",\"target\":[\"https:\/\/www.csj-emballages.com\/pt-pt\/produit\/10-carimbos-azuis-sobre-esponja-branca-110-x-70-x-22-mm\/\"]}]},{\"@type\":\"ImageObject\",\"inLanguage\":\"pt-PT\",\"@id\":\"https:\/\/www.csj-emballages.com\/pt-pt\/produit\/10-carimbos-azuis-sobre-esponja-branca-110-x-70-x-22-mm\/#primaryimage\",\"url\":\"https:\/\/www.csj-emballages.com\/wp-content\/uploads\/2024\/03\/eponge-bleu.webp\",\"contentUrl\":\"https:\/\/www.csj-emballages.com\/wp-content\/uploads\/2024\/03\/eponge-bleu.webp\",\"width\":800,\"height\":800,\"caption\":\"\u00c9ponge bleu\"},{\"@type\":\"BreadcrumbList\",\"@id\":\"https:\/\/www.csj-emballages.com\/pt-pt\/produit\/10-carimbos-azuis-sobre-esponja-branca-110-x-70-x-22-mm\/#breadcrumb\",\"itemListElement\":[{\"@type\":\"ListItem\",\"position\":1,\"name\":\"Acolhimento\",\"item\":\"https:\/\/www.csj-emballages.com\/pt-pt\/universo-das-embalagens-alimentares\/\"},{\"@type\":\"ListItem\",\"position\":2,\"name\":\"Shop\",\"item\":\"https:\/\/www.csj-emballages.com\/shop\/\"},{\"@type\":\"ListItem\",\"position\":3,\"name\":\"Esponja sanit\u00e1ria azul 110 x 70 x 22 mm por 10\"}]},{\"@type\":\"WebSite\",\"@id\":\"https:\/\/www.csj-emballages.com\/pt-pt\/#website\",\"url\":\"https:\/\/www.csj-emballages.com\/pt-pt\/\",\"name\":\"CSJ Emballages\",\"description\":\"\",\"publisher\":{\"@id\":\"https:\/\/www.csj-emballages.com\/pt-pt\/#organization\"},\"potentialAction\":[{\"@type\":\"SearchAction\",\"target\":{\"@type\":\"EntryPoint\",\"urlTemplate\":\"https:\/\/www.csj-emballages.com\/pt-pt\/?s={search_term_string}\"},\"query-input\":{\"@type\":\"PropertyValueSpecification\",\"valueRequired\":true,\"valueName\":\"search_term_string\"}}],\"inLanguage\":\"pt-PT\"},{\"@type\":\"Organization\",\"@id\":\"https:\/\/www.csj-emballages.com\/pt-pt\/#Organization\/\",\"name\":\"CSJ Emballages\",\"url\":\"https:\/\/www.csj-emballages.com\/pt-pt\/\",\"logo\":{\"@type\":\"ImageObject\",\"inLanguage\":\"pt-PT\",\"@id\":\"https:\/\/www.csj-emballages.com\/pt-pt\/#\/schema\/logo\/image\/\",\"url\":\"https:\/\/www.csj-emballages.com\/wp-content\/uploads\/2023\/10\/logo_csj.webp\",\"contentUrl\":\"https:\/\/www.csj-emballages.com\/wp-content\/uploads\/2023\/10\/logo_csj.webp\",\"width\":250,\"height\":95,\"caption\":\"CSJ Emballages\"},\"image\":{\"@id\":\"https:\/\/www.csj-emballages.com\/pt-pt\/#\/schema\/logo\/image\/\"},\"sameAs\":[\"https:\/\/www.facebook.com\/csjemballages\"],\"address\":{\"@type\":\"PostalAddress\",\"streetAddress\":\"ZI La Lechere\",\"addressLocality\":\"Patornay\",\"postalCode\":\"39130\",\"addressCountry\":\"FR\"},\"contactPoint\":[{\"@type\":\"ContactPoint\",\"contactType\":\"Service client\",\"telephone\":\"0384254272\",\"email\":\"contact@csj-emballages.com\"}]}]}<\/script>\n<!-- \/ Yoast SEO Premium plugin. -->","yoast_head_json":{"title":"Esponja Sanit\u00e1ria Azul 110 x 70 x 22 mm por 10","description":"Escolha esta esponja sanit\u00e1ria azul 110 x 70 x 22 mm (embalagem de 10). Altamente absorvente e dur\u00e1vel para uso profissional e dom\u00e9stico.","robots":{"index":"index","follow":"follow","max-snippet":"max-snippet:-1","max-image-preview":"max-image-preview:large","max-video-preview":"max-video-preview:-1"},"canonical":"https:\/\/www.csj-emballages.com\/pt-pt\/produit\/10-carimbos-azuis-sobre-esponja-branca-110-x-70-x-22-mm\/","og_locale":"pt_PT","og_type":"article","og_title":"Esponja sanit\u00e1ria azul 110 x 70 x 22 mm por 10","og_description":"Escolha esta esponja sanit\u00e1ria azul 110 x 70 x 22 mm (embalagem de 10). Altamente absorvente e dur\u00e1vel para uso profissional e dom\u00e9stico.","og_url":"https:\/\/www.csj-emballages.com\/pt-pt\/produit\/10-carimbos-azuis-sobre-esponja-branca-110-x-70-x-22-mm\/","og_site_name":"CSJ Emballages","article_publisher":"https:\/\/www.facebook.com\/csjemballages","article_modified_time":"2026-03-31T00:14:02+00:00","og_image":[{"width":800,"height":800,"url":"https:\/\/www.csj-emballages.com\/wp-content\/uploads\/2024\/03\/eponge-bleu.webp","type":"image\/webp"}],"twitter_card":"summary_large_image","twitter_misc":{"Tempo estimado de leitura":"2 minutos"},"schema":{"@context":"https:\/\/schema.org","@graph":[{"@type":"WebPage","@id":"https:\/\/www.csj-emballages.com\/pt-pt\/produit\/10-carimbos-azuis-sobre-esponja-branca-110-x-70-x-22-mm\/","url":"https:\/\/www.csj-emballages.com\/pt-pt\/produit\/10-carimbos-azuis-sobre-esponja-branca-110-x-70-x-22-mm\/","name":"Esponja Sanit\u00e1ria Azul 110 x 70 x 22 mm por 10","isPartOf":{"@id":"https:\/\/www.csj-emballages.com\/pt-pt\/#website"},"primaryImageOfPage":{"@id":"https:\/\/www.csj-emballages.com\/pt-pt\/produit\/10-carimbos-azuis-sobre-esponja-branca-110-x-70-x-22-mm\/#primaryimage"},"image":{"@id":"https:\/\/www.csj-emballages.com\/pt-pt\/produit\/10-carimbos-azuis-sobre-esponja-branca-110-x-70-x-22-mm\/#primaryimage"},"thumbnailUrl":"https:\/\/www.csj-emballages.com\/wp-content\/uploads\/2024\/03\/eponge-bleu.webp","datePublished":"2024-03-01T15:54:23+00:00","dateModified":"2026-03-31T00:14:02+00:00","description":"Escolha esta esponja sanit\u00e1ria azul 110 x 70 x 22 mm (embalagem de 10). Altamente absorvente e dur\u00e1vel para uso profissional e dom\u00e9stico.","breadcrumb":{"@id":"https:\/\/www.csj-emballages.com\/pt-pt\/produit\/10-carimbos-azuis-sobre-esponja-branca-110-x-70-x-22-mm\/#breadcrumb"},"inLanguage":"pt-PT","potentialAction":[{"@type":"ReadAction","target":["https:\/\/www.csj-emballages.com\/pt-pt\/produit\/10-carimbos-azuis-sobre-esponja-branca-110-x-70-x-22-mm\/"]}]},{"@type":"ImageObject","inLanguage":"pt-PT","@id":"https:\/\/www.csj-emballages.com\/pt-pt\/produit\/10-carimbos-azuis-sobre-esponja-branca-110-x-70-x-22-mm\/#primaryimage","url":"https:\/\/www.csj-emballages.com\/wp-content\/uploads\/2024\/03\/eponge-bleu.webp","contentUrl":"https:\/\/www.csj-emballages.com\/wp-content\/uploads\/2024\/03\/eponge-bleu.webp","width":800,"height":800,"caption":"\u00c9ponge bleu"},{"@type":"BreadcrumbList","@id":"https:\/\/www.csj-emballages.com\/pt-pt\/produit\/10-carimbos-azuis-sobre-esponja-branca-110-x-70-x-22-mm\/#breadcrumb","itemListElement":[{"@type":"ListItem","position":1,"name":"Acolhimento","item":"https:\/\/www.csj-emballages.com\/pt-pt\/universo-das-embalagens-alimentares\/"},{"@type":"ListItem","position":2,"name":"Shop","item":"https:\/\/www.csj-emballages.com\/shop\/"},{"@type":"ListItem","position":3,"name":"Esponja sanit\u00e1ria azul 110 x 70 x 22 mm por 10"}]},{"@type":"WebSite","@id":"https:\/\/www.csj-emballages.com\/pt-pt\/#website","url":"https:\/\/www.csj-emballages.com\/pt-pt\/","name":"CSJ Emballages","description":"","publisher":{"@id":"https:\/\/www.csj-emballages.com\/pt-pt\/#organization"},"potentialAction":[{"@type":"SearchAction","target":{"@type":"EntryPoint","urlTemplate":"https:\/\/www.csj-emballages.com\/pt-pt\/?s={search_term_string}"},"query-input":{"@type":"PropertyValueSpecification","valueRequired":true,"valueName":"search_term_string"}}],"inLanguage":"pt-PT"},{"@type":"Organization","@id":"https:\/\/www.csj-emballages.com\/pt-pt\/#Organization\/","name":"CSJ Emballages","url":"https:\/\/www.csj-emballages.com\/pt-pt\/","logo":{"@type":"ImageObject","inLanguage":"pt-PT","@id":"https:\/\/www.csj-emballages.com\/pt-pt\/#\/schema\/logo\/image\/","url":"https:\/\/www.csj-emballages.com\/wp-content\/uploads\/2023\/10\/logo_csj.webp","contentUrl":"https:\/\/www.csj-emballages.com\/wp-content\/uploads\/2023\/10\/logo_csj.webp","width":250,"height":95,"caption":"CSJ Emballages"},"image":{"@id":"https:\/\/www.csj-emballages.com\/pt-pt\/#\/schema\/logo\/image\/"},"sameAs":["https:\/\/www.facebook.com\/csjemballages"],"address":{"@type":"PostalAddress","streetAddress":"ZI La Lechere","addressLocality":"Patornay","postalCode":"39130","addressCountry":"FR"},"contactPoint":[{"@type":"ContactPoint","contactType":"Service client","telephone":"0384254272","email":"contact@csj-emballages.com"}]}]}},"df_price":8.35,"df_sale_price":"","df_regular_price":8.35,"df_image_link":"https:\/\/www.csj-emballages.com\/wp-content\/uploads\/2024\/03\/eponge-bleu-300x300.webp","tiered_pricing_type":"fixed","tiered_pricing_fixed_rules":[],"tiered_pricing_percentage_rules":[],"tiered_pricing_minimum":1,"tiered_pricing_roles_data":[],"_links":{"self":[{"href":"https:\/\/www.csj-emballages.com\/pt-pt\/wp-json\/wp\/v2\/product\/20716","targetHints":{"allow":["GET"]}}],"collection":[{"href":"https:\/\/www.csj-emballages.com\/pt-pt\/wp-json\/wp\/v2\/product"}],"about":[{"href":"https:\/\/www.csj-emballages.com\/pt-pt\/wp-json\/wp\/v2\/types\/product"}],"wp:featuredmedia":[{"embeddable":true,"href":"https:\/\/www.csj-emballages.com\/pt-pt\/wp-json\/wp\/v2\/media\/221812"}],"wp:attachment":[{"href":"https:\/\/www.csj-emballages.com\/pt-pt\/wp-json\/wp\/v2\/media?parent=20716"}],"wp:term":[{"taxonomy":"product_brand","embeddable":true,"href":"https:\/\/www.csj-emballages.com\/pt-pt\/wp-json\/wp\/v2\/product_brand?post=20716"},{"taxonomy":"product_cat","embeddable":true,"href":"https:\/\/www.csj-emballages.com\/pt-pt\/wp-json\/wp\/v2\/product_cat?post=20716"},{"taxonomy":"product_tag","embeddable":true,"href":"https:\/\/www.csj-emballages.com\/pt-pt\/wp-json\/wp\/v2\/product_tag?post=20716"}],"curies":[{"name":"wp","href":"https:\/\/api.w.org\/{rel}","templated":true}]}}