{"id":20693,"date":"2024-03-01T16:54:26","date_gmt":"2024-03-01T15:54:26","guid":{"rendered":"https:\/\/u15jnbdpoq.preview.infomaniak.website\/produit\/130-sinos-de-cristal-270-x-270-x-65-mm\/"},"modified":"2026-03-12T16:23:47","modified_gmt":"2026-03-12T15:23:47","slug":"130-sinos-de-cristal-270-x-270-x-65-mm","status":"publish","type":"product","link":"https:\/\/www.csj-emballages.com\/pt-pt\/produit\/130-sinos-de-cristal-270-x-270-x-65-mm\/","title":{"rendered":"Tampa de cristal 270 x 270 x 65 mm por 130"},"content":{"rendered":"<h2 class=\"p1\">Cobertura de cristal<\/h2>\n<hr>\n<h3>Descubra as nossas tampas de cristal 270 x 270 x 65 mm por 130<\/h3>\n<p><!--more--><\/p>\n<p data-start=\"277\" data-end=\"677\">As <strong data-start=\"281\" data-end=\"329\">tampas de 270 x 270 x 65 mm por 130 cristais<\/strong> foram especialmente concebidas para se adaptarem ao <strong data-start=\"373\" data-end=\"398\">tabuleiro kraft <span style=\"color: #d12727;\"><a style=\"color: #d12727;\" href=\"https:\/\/www.csj-emballages.com\/pt-pt\/produit\/130-tabuleiros-de-cartao-kraft-27-x-27-cm\/\">LX27RKB<\/a><\/span><\/strong>, criando uma solu\u00e7\u00e3o completa e elegante para a apresenta\u00e7\u00e3o e o transporte dos seus pratos. Fabricadas em pl\u00e1stico transparente (PET), estas <strong>tampas transparentes<\/strong> garantem <strong data-start=\"605\" data-end=\"628\">uma \u00f3ptima resist\u00eancia<\/strong> e uma apresenta\u00e7\u00e3o impec\u00e1vel dos seus pratos. <\/p>\n<p data-start=\"679\" data-end=\"1066\">A sua <strong>transpar\u00eancia cristalina<\/strong> permite-lhe apresentar as suas cria\u00e7\u00f5es culin\u00e1rias &#8211; quer se trate de pastelaria, mignardises, pratos de charcutaria ou sortidos salgados &#8211; protegendo-as eficazmente do p\u00f3, da humidade e do manuseamento externo. Com uma altura de <strong>65 mm<\/strong>, oferecem espa\u00e7o suficiente para armazenar prepara\u00e7\u00f5es generosas sem as esmagar. <\/p>\n<p data-start=\"1068\" data-end=\"1424\">Robustas mas leves, estas <strong data-start=\"1094\" data-end=\"1116\">tampas transparentes<\/strong> s\u00e3o f\u00e1ceis de colocar e retirar, garantindo uma <strong data-start=\"1169\" data-end=\"1190\">fixa\u00e7\u00e3o segura<\/strong> durante o transporte. Embaladas em pacotes de <strong>130<\/strong>, s\u00e3o uma escolha econ\u00f3mica para profissionais de restaura\u00e7\u00e3o, padeiros e pasteleiros que procuram embalagens pr\u00e1ticas, fi\u00e1veis e atractivas. <\/p>\n<p data-start=\"1426\" data-end=\"1747\">Combinados com o <strong data-start=\"1438\" data-end=\"1457\">tabuleiro <span style=\"color: #d12727;\"><a style=\"color: #d12727;\" href=\"https:\/\/www.csj-emballages.com\/pt-pt\/produit\/130-tabuleiros-de-cartao-kraft-27-x-27-cm\/\">LX27RKB<\/a><\/span><\/strong>, criam uma solu\u00e7\u00e3o de embalagem topo de gama: o kraft acrescenta um toque natural e ecol\u00f3gico, enquanto o cristal transparente real\u00e7a a qualidade e o cuidado dado aos seus produtos. Juntos, garantem uma apresenta\u00e7\u00e3o profissional, cuidada e atractiva. <\/p>\n<p data-start=\"1749\" data-end=\"1926\">Em suma, ao escolher estas <strong data-start=\"1764\" data-end=\"1804\">tampas de cristal de 270 x 270 x 65 mm<\/strong>, est\u00e1 a escolher uma embalagem pr\u00e1tica, resistente e atraente, perfeitamente adaptada \u00e0s exig\u00eancias da restaura\u00e7\u00e3o.<\/p>\n<p data-start=\"1749\" data-end=\"1926\"><!--more--><\/p>\n<h4 data-start=\"1749\" data-end=\"1926\">Vantagens :<\/h4>\n<ul>\n<li>Compat\u00edvel com tabuleiro kraft <span style=\"color: #d12727;\"><a style=\"color: #d12727;\" href=\"https:\/\/www.csj-emballages.com\/pt-pt\/produit\/130-tabuleiros-de-cartao-kraft-27-x-27-cm\/\">LX27RKB<\/a><\/span>.<\/li>\n<li>Transparente para real\u00e7ar o melhor dos seus pratos.<\/li>\n<li>Altura 65 mm para produtos volumosos.<\/li>\n<li>Prote\u00e7\u00e3o fi\u00e1vel contra a humidade e o manuseamento.<\/li>\n<li><strong data-start=\"2364\" data-end=\"2378\">Lote de 130<\/strong>: econ\u00f3mico e pr\u00e1tico para os profissionais.<\/li>\n<\/ul>\n<p>&nbsp;<\/p>\n<p><!--more--><\/p>\n<h4>Outras informa\u00e7\u00f5es :<\/h4>\n<ul>\n<li><strong>Dimens\u00f5es<\/strong>: 270 x 270 x 65 (C x L x A em mm)<\/li>\n<li><strong>Embalagem<\/strong>: Embalagens de 130<\/li>\n<li><strong>Cor<\/strong>: Cristal<\/li>\n<li><strong>Material<\/strong>: PET<\/li>\n<\/ul>\n<p>&nbsp;<\/p>\n<p><!--more--><\/p>\n<p>Esta tampa \u00e9 compat\u00edvel com <span style=\"color: #d12727;\"><a style=\"color: #d12727;\" href=\"https:\/\/www.csj-emballages.com\/pt-pt\/produit\/130-tabuleiros-de-cartao-kraft-27-x-27-cm\/\">LX27RKB<\/a><\/span><\/p>\n<p>&nbsp;<\/p>\n<p><!--more--><\/p>\n<p>Esta capa tamb\u00e9m est\u00e1 dispon\u00edvel num tamanho maior: <span style=\"color: #d12727;\"><a style=\"color: #d12727;\" href=\"https:\/\/www.csj-emballages.com\/pt-pt\/produit\/130-sinos-de-cristal-270-x-270-x-85-mm\/\">270 x 270 x 85 mm<\/a><\/span><\/p>\n<p>&nbsp;<\/p>\n<p><!--more--><\/p>\n<p><a href=\"https:\/\/www.csj-emballages.com\/pt-pt\/categorie-produit\/embalagem-de-alimentos\/restauracao\/tabuleiros-pt-pt\/tabuleiros-de-visao-pt-pt\/\">V\u00ea o resto da nossa gama de tabuleiros com tampa<\/a><\/p>\n","protected":false},"excerpt":{"rendered":"<p>Cobertura de cristal Descubra as nossas tampas de cristal 270 x 270 x 65 mm por 130<\/p>\n","protected":false},"featured_media":200847,"template":"","meta":{"_acf_changed":false},"product_brand":[],"product_cat":[1141,1176,1287,2582,1177,1138,1301,2583],"product_tag":[],"class_list":{"0":"post-20693","1":"product","2":"type-product","3":"status-publish","4":"has-post-thumbnail","6":"product_cat-embalagem-de-alimentos","7":"product_cat-talho-e-charcutaria","8":"product_cat-tabuleiros","9":"product_cat-tabuleiros-de-visao","10":"product_cat-padaria-e-pastelaria","11":"product_cat-restauracao","12":"product_cat-tabuleiros-pt-pt","13":"product_cat-tabuleiros-de-visao-pt-pt","15":"first","16":"instock","17":"taxable","18":"shipping-taxable","19":"purchasable","20":"product-type-simple"},"acf":[],"yoast_head":"<!-- This site is optimized with the Yoast SEO Premium plugin v26.6 (Yoast SEO v26.6) - https:\/\/yoast.com\/wordpress\/plugins\/seo\/ -->\n<title>Tampa de cristal 270 x 270 x 65 mm<\/title>\n<meta name=\"description\" content=\"Tampas de cristal 270 x 270 x 65 mm por 130, compat\u00edveis com o tabuleiro kraft LX27RKB: prote\u00e7\u00e3o, visibilidade e apresenta\u00e7\u00e3o topo de gama.\" \/>\n<meta name=\"robots\" content=\"index, follow, max-snippet:-1, max-image-preview:large, max-video-preview:-1\" \/>\n<link rel=\"canonical\" href=\"https:\/\/www.csj-emballages.com\/pt-pt\/produit\/130-sinos-de-cristal-270-x-270-x-65-mm\/\" \/>\n<meta property=\"og:locale\" content=\"pt_PT\" \/>\n<meta property=\"og:type\" content=\"article\" \/>\n<meta property=\"og:title\" content=\"Tampa de cristal 270 x 270 x 65 mm por 130\" \/>\n<meta property=\"og:description\" content=\"Tampas de cristal 270 x 270 x 65 mm por 130, compat\u00edveis com o tabuleiro kraft LX27RKB: prote\u00e7\u00e3o, visibilidade e apresenta\u00e7\u00e3o topo de gama.\" \/>\n<meta property=\"og:url\" content=\"https:\/\/www.csj-emballages.com\/pt-pt\/produit\/130-sinos-de-cristal-270-x-270-x-65-mm\/\" \/>\n<meta property=\"og:site_name\" content=\"CSJ Emballages\" \/>\n<meta property=\"article:publisher\" content=\"https:\/\/www.facebook.com\/csjemballages\" \/>\n<meta property=\"article:modified_time\" content=\"2026-03-12T15:23:47+00:00\" \/>\n<meta property=\"og:image\" content=\"https:\/\/www.csj-emballages.com\/wp-content\/uploads\/2024\/03\/Couvercle-luxipack-G65.webp\" \/>\n\t<meta property=\"og:image:width\" content=\"802\" \/>\n\t<meta property=\"og:image:height\" content=\"802\" \/>\n\t<meta property=\"og:image:type\" content=\"image\/webp\" \/>\n<meta name=\"twitter:card\" content=\"summary_large_image\" \/>\n<meta name=\"twitter:label1\" content=\"Tempo estimado de leitura\" \/>\n\t<meta name=\"twitter:data1\" content=\"2 minutos\" \/>\n<script type=\"application\/ld+json\" class=\"yoast-schema-graph\">{\"@context\":\"https:\/\/schema.org\",\"@graph\":[{\"@type\":\"WebPage\",\"@id\":\"https:\/\/www.csj-emballages.com\/pt-pt\/produit\/130-sinos-de-cristal-270-x-270-x-65-mm\/\",\"url\":\"https:\/\/www.csj-emballages.com\/pt-pt\/produit\/130-sinos-de-cristal-270-x-270-x-65-mm\/\",\"name\":\"Tampa de cristal 270 x 270 x 65 mm\",\"isPartOf\":{\"@id\":\"https:\/\/www.csj-emballages.com\/pt-pt\/#website\"},\"primaryImageOfPage\":{\"@id\":\"https:\/\/www.csj-emballages.com\/pt-pt\/produit\/130-sinos-de-cristal-270-x-270-x-65-mm\/#primaryimage\"},\"image\":{\"@id\":\"https:\/\/www.csj-emballages.com\/pt-pt\/produit\/130-sinos-de-cristal-270-x-270-x-65-mm\/#primaryimage\"},\"thumbnailUrl\":\"https:\/\/www.csj-emballages.com\/wp-content\/uploads\/2024\/03\/Couvercle-luxipack-G65.webp\",\"datePublished\":\"2024-03-01T15:54:26+00:00\",\"dateModified\":\"2026-03-12T15:23:47+00:00\",\"description\":\"Tampas de cristal 270 x 270 x 65 mm por 130, compat\u00edveis com o tabuleiro kraft LX27RKB: prote\u00e7\u00e3o, visibilidade e apresenta\u00e7\u00e3o topo de gama.\",\"breadcrumb\":{\"@id\":\"https:\/\/www.csj-emballages.com\/pt-pt\/produit\/130-sinos-de-cristal-270-x-270-x-65-mm\/#breadcrumb\"},\"inLanguage\":\"pt-PT\",\"potentialAction\":[{\"@type\":\"ReadAction\",\"target\":[\"https:\/\/www.csj-emballages.com\/pt-pt\/produit\/130-sinos-de-cristal-270-x-270-x-65-mm\/\"]}]},{\"@type\":\"ImageObject\",\"inLanguage\":\"pt-PT\",\"@id\":\"https:\/\/www.csj-emballages.com\/pt-pt\/produit\/130-sinos-de-cristal-270-x-270-x-65-mm\/#primaryimage\",\"url\":\"https:\/\/www.csj-emballages.com\/wp-content\/uploads\/2024\/03\/Couvercle-luxipack-G65.webp\",\"contentUrl\":\"https:\/\/www.csj-emballages.com\/wp-content\/uploads\/2024\/03\/Couvercle-luxipack-G65.webp\",\"width\":802,\"height\":802,\"caption\":\"Couvercle transparent\"},{\"@type\":\"BreadcrumbList\",\"@id\":\"https:\/\/www.csj-emballages.com\/pt-pt\/produit\/130-sinos-de-cristal-270-x-270-x-65-mm\/#breadcrumb\",\"itemListElement\":[{\"@type\":\"ListItem\",\"position\":1,\"name\":\"Acolhimento\",\"item\":\"https:\/\/www.csj-emballages.com\/pt-pt\/universo-das-embalagens-alimentares\/\"},{\"@type\":\"ListItem\",\"position\":2,\"name\":\"Shop\",\"item\":\"https:\/\/www.csj-emballages.com\/shop\/\"},{\"@type\":\"ListItem\",\"position\":3,\"name\":\"Tampa de cristal 270 x 270 x 65 mm por 130\"}]},{\"@type\":\"WebSite\",\"@id\":\"https:\/\/www.csj-emballages.com\/pt-pt\/#website\",\"url\":\"https:\/\/www.csj-emballages.com\/pt-pt\/\",\"name\":\"CSJ Emballages\",\"description\":\"\",\"publisher\":{\"@id\":\"https:\/\/www.csj-emballages.com\/pt-pt\/#organization\"},\"potentialAction\":[{\"@type\":\"SearchAction\",\"target\":{\"@type\":\"EntryPoint\",\"urlTemplate\":\"https:\/\/www.csj-emballages.com\/pt-pt\/?s={search_term_string}\"},\"query-input\":{\"@type\":\"PropertyValueSpecification\",\"valueRequired\":true,\"valueName\":\"search_term_string\"}}],\"inLanguage\":\"pt-PT\"},{\"@type\":\"Organization\",\"@id\":\"https:\/\/www.csj-emballages.com\/pt-pt\/#Organization\/\",\"name\":\"CSJ Emballages\",\"url\":\"https:\/\/www.csj-emballages.com\/pt-pt\/\",\"logo\":{\"@type\":\"ImageObject\",\"inLanguage\":\"pt-PT\",\"@id\":\"https:\/\/www.csj-emballages.com\/pt-pt\/#\/schema\/logo\/image\/\",\"url\":\"https:\/\/www.csj-emballages.com\/wp-content\/uploads\/2023\/10\/logo_csj.webp\",\"contentUrl\":\"https:\/\/www.csj-emballages.com\/wp-content\/uploads\/2023\/10\/logo_csj.webp\",\"width\":250,\"height\":95,\"caption\":\"CSJ Emballages\"},\"image\":{\"@id\":\"https:\/\/www.csj-emballages.com\/pt-pt\/#\/schema\/logo\/image\/\"},\"sameAs\":[\"https:\/\/www.facebook.com\/csjemballages\"],\"address\":{\"@type\":\"PostalAddress\",\"streetAddress\":\"ZI La Lechere\",\"addressLocality\":\"Patornay\",\"postalCode\":\"39130\",\"addressCountry\":\"FR\"},\"contactPoint\":[{\"@type\":\"ContactPoint\",\"contactType\":\"Service client\",\"telephone\":\"0384254272\",\"email\":\"contact@csj-emballages.com\"}]}]}<\/script>\n<!-- \/ Yoast SEO Premium plugin. -->","yoast_head_json":{"title":"Tampa de cristal 270 x 270 x 65 mm","description":"Tampas de cristal 270 x 270 x 65 mm por 130, compat\u00edveis com o tabuleiro kraft LX27RKB: prote\u00e7\u00e3o, visibilidade e apresenta\u00e7\u00e3o topo de gama.","robots":{"index":"index","follow":"follow","max-snippet":"max-snippet:-1","max-image-preview":"max-image-preview:large","max-video-preview":"max-video-preview:-1"},"canonical":"https:\/\/www.csj-emballages.com\/pt-pt\/produit\/130-sinos-de-cristal-270-x-270-x-65-mm\/","og_locale":"pt_PT","og_type":"article","og_title":"Tampa de cristal 270 x 270 x 65 mm por 130","og_description":"Tampas de cristal 270 x 270 x 65 mm por 130, compat\u00edveis com o tabuleiro kraft LX27RKB: prote\u00e7\u00e3o, visibilidade e apresenta\u00e7\u00e3o topo de gama.","og_url":"https:\/\/www.csj-emballages.com\/pt-pt\/produit\/130-sinos-de-cristal-270-x-270-x-65-mm\/","og_site_name":"CSJ Emballages","article_publisher":"https:\/\/www.facebook.com\/csjemballages","article_modified_time":"2026-03-12T15:23:47+00:00","og_image":[{"width":802,"height":802,"url":"https:\/\/www.csj-emballages.com\/wp-content\/uploads\/2024\/03\/Couvercle-luxipack-G65.webp","type":"image\/webp"}],"twitter_card":"summary_large_image","twitter_misc":{"Tempo estimado de leitura":"2 minutos"},"schema":{"@context":"https:\/\/schema.org","@graph":[{"@type":"WebPage","@id":"https:\/\/www.csj-emballages.com\/pt-pt\/produit\/130-sinos-de-cristal-270-x-270-x-65-mm\/","url":"https:\/\/www.csj-emballages.com\/pt-pt\/produit\/130-sinos-de-cristal-270-x-270-x-65-mm\/","name":"Tampa de cristal 270 x 270 x 65 mm","isPartOf":{"@id":"https:\/\/www.csj-emballages.com\/pt-pt\/#website"},"primaryImageOfPage":{"@id":"https:\/\/www.csj-emballages.com\/pt-pt\/produit\/130-sinos-de-cristal-270-x-270-x-65-mm\/#primaryimage"},"image":{"@id":"https:\/\/www.csj-emballages.com\/pt-pt\/produit\/130-sinos-de-cristal-270-x-270-x-65-mm\/#primaryimage"},"thumbnailUrl":"https:\/\/www.csj-emballages.com\/wp-content\/uploads\/2024\/03\/Couvercle-luxipack-G65.webp","datePublished":"2024-03-01T15:54:26+00:00","dateModified":"2026-03-12T15:23:47+00:00","description":"Tampas de cristal 270 x 270 x 65 mm por 130, compat\u00edveis com o tabuleiro kraft LX27RKB: prote\u00e7\u00e3o, visibilidade e apresenta\u00e7\u00e3o topo de gama.","breadcrumb":{"@id":"https:\/\/www.csj-emballages.com\/pt-pt\/produit\/130-sinos-de-cristal-270-x-270-x-65-mm\/#breadcrumb"},"inLanguage":"pt-PT","potentialAction":[{"@type":"ReadAction","target":["https:\/\/www.csj-emballages.com\/pt-pt\/produit\/130-sinos-de-cristal-270-x-270-x-65-mm\/"]}]},{"@type":"ImageObject","inLanguage":"pt-PT","@id":"https:\/\/www.csj-emballages.com\/pt-pt\/produit\/130-sinos-de-cristal-270-x-270-x-65-mm\/#primaryimage","url":"https:\/\/www.csj-emballages.com\/wp-content\/uploads\/2024\/03\/Couvercle-luxipack-G65.webp","contentUrl":"https:\/\/www.csj-emballages.com\/wp-content\/uploads\/2024\/03\/Couvercle-luxipack-G65.webp","width":802,"height":802,"caption":"Couvercle transparent"},{"@type":"BreadcrumbList","@id":"https:\/\/www.csj-emballages.com\/pt-pt\/produit\/130-sinos-de-cristal-270-x-270-x-65-mm\/#breadcrumb","itemListElement":[{"@type":"ListItem","position":1,"name":"Acolhimento","item":"https:\/\/www.csj-emballages.com\/pt-pt\/universo-das-embalagens-alimentares\/"},{"@type":"ListItem","position":2,"name":"Shop","item":"https:\/\/www.csj-emballages.com\/shop\/"},{"@type":"ListItem","position":3,"name":"Tampa de cristal 270 x 270 x 65 mm por 130"}]},{"@type":"WebSite","@id":"https:\/\/www.csj-emballages.com\/pt-pt\/#website","url":"https:\/\/www.csj-emballages.com\/pt-pt\/","name":"CSJ Emballages","description":"","publisher":{"@id":"https:\/\/www.csj-emballages.com\/pt-pt\/#organization"},"potentialAction":[{"@type":"SearchAction","target":{"@type":"EntryPoint","urlTemplate":"https:\/\/www.csj-emballages.com\/pt-pt\/?s={search_term_string}"},"query-input":{"@type":"PropertyValueSpecification","valueRequired":true,"valueName":"search_term_string"}}],"inLanguage":"pt-PT"},{"@type":"Organization","@id":"https:\/\/www.csj-emballages.com\/pt-pt\/#Organization\/","name":"CSJ Emballages","url":"https:\/\/www.csj-emballages.com\/pt-pt\/","logo":{"@type":"ImageObject","inLanguage":"pt-PT","@id":"https:\/\/www.csj-emballages.com\/pt-pt\/#\/schema\/logo\/image\/","url":"https:\/\/www.csj-emballages.com\/wp-content\/uploads\/2023\/10\/logo_csj.webp","contentUrl":"https:\/\/www.csj-emballages.com\/wp-content\/uploads\/2023\/10\/logo_csj.webp","width":250,"height":95,"caption":"CSJ Emballages"},"image":{"@id":"https:\/\/www.csj-emballages.com\/pt-pt\/#\/schema\/logo\/image\/"},"sameAs":["https:\/\/www.facebook.com\/csjemballages"],"address":{"@type":"PostalAddress","streetAddress":"ZI La Lechere","addressLocality":"Patornay","postalCode":"39130","addressCountry":"FR"},"contactPoint":[{"@type":"ContactPoint","contactType":"Service client","telephone":"0384254272","email":"contact@csj-emballages.com"}]}]}},"df_price":159.67,"df_sale_price":"","df_regular_price":159.67,"df_image_link":"https:\/\/www.csj-emballages.com\/wp-content\/uploads\/2024\/03\/Couvercle-luxipack-G65-300x300.webp","tiered_pricing_type":"fixed","tiered_pricing_fixed_rules":[],"tiered_pricing_percentage_rules":[],"tiered_pricing_minimum":1,"tiered_pricing_roles_data":[],"_links":{"self":[{"href":"https:\/\/www.csj-emballages.com\/pt-pt\/wp-json\/wp\/v2\/product\/20693","targetHints":{"allow":["GET"]}}],"collection":[{"href":"https:\/\/www.csj-emballages.com\/pt-pt\/wp-json\/wp\/v2\/product"}],"about":[{"href":"https:\/\/www.csj-emballages.com\/pt-pt\/wp-json\/wp\/v2\/types\/product"}],"wp:featuredmedia":[{"embeddable":true,"href":"https:\/\/www.csj-emballages.com\/pt-pt\/wp-json\/wp\/v2\/media\/200847"}],"wp:attachment":[{"href":"https:\/\/www.csj-emballages.com\/pt-pt\/wp-json\/wp\/v2\/media?parent=20693"}],"wp:term":[{"taxonomy":"product_brand","embeddable":true,"href":"https:\/\/www.csj-emballages.com\/pt-pt\/wp-json\/wp\/v2\/product_brand?post=20693"},{"taxonomy":"product_cat","embeddable":true,"href":"https:\/\/www.csj-emballages.com\/pt-pt\/wp-json\/wp\/v2\/product_cat?post=20693"},{"taxonomy":"product_tag","embeddable":true,"href":"https:\/\/www.csj-emballages.com\/pt-pt\/wp-json\/wp\/v2\/product_tag?post=20693"}],"curies":[{"name":"wp","href":"https:\/\/api.w.org\/{rel}","templated":true}]}}