{"id":20680,"date":"2024-03-01T16:54:25","date_gmt":"2024-03-01T15:54:25","guid":{"rendered":"https:\/\/u15jnbdpoq.preview.infomaniak.website\/produit\/6-rolos-de-toalhas-de-mao-com-relevo-450-formato-185-x-20-cm\/"},"modified":"2026-05-14T13:00:26","modified_gmt":"2026-05-14T11:00:26","slug":"6-rolos-de-toalhas-de-mao-com-relevo-450-formato-185-x-20-cm","status":"publish","type":"product","link":"https:\/\/www.csj-emballages.com\/pt-pt\/produit\/6-rolos-de-toalhas-de-mao-com-relevo-450-formato-185-x-20-cm\/","title":{"rendered":"Rolo de toalhas de m\u00e3o gofrado, 450 unidades de 19 x 20 cm, embalagem de 6"},"content":{"rendered":"<h2 data-start=\"209\" data-end=\"521\">Rolo de toalhas de m\u00e3o<\/h2>\n<hr>\n<h3 data-start=\"209\" data-end=\"521\">Descubra o nosso rolo de toalhas de m\u00e3o gofrado, 450 unidades de 19 x 20 cm, embalagem de 6<\/h3>\n<p><!--more--><\/p>\n<p data-start=\"209\" data-end=\"521\">Este <strong data-start=\"212\" data-end=\"245\">rolo de toalhas de m\u00e3o gofrado<\/strong> foi concebido para locais onde a higiene e a rapidez s\u00e3o realmente importantes. Com as suas <strong data-start=\"327\" data-end=\"342\">450 unidades<\/strong> por rolo, acompanha utiliza\u00e7\u00f5es intensivas sem ter de substituir o rolo a toda a hora. \u00c9 uma verdadeira poupan\u00e7a de tempo, especialmente em ambientes muito movimentados.  <\/p>\n<p data-start=\"523\" data-end=\"847\">O <strong data-start=\"526\" data-end=\"538\">gofrado<\/strong> proporciona uma melhor capacidade de absor\u00e7\u00e3o e torna cada folha mais eficaz desde o primeiro contacto. As m\u00e3os secam rapidamente, sem sensa\u00e7\u00e3o de humidade persistente. Gra\u00e7as ao seu formato de <strong data-start=\"735\" data-end=\"749\">19 x 20 cm<\/strong>, cada folha \u00e9 suficientemente grande para ser pr\u00e1tica, mantendo-se econ\u00f3mica na utiliza\u00e7\u00e3o.  <\/p>\n<p data-start=\"849\" data-end=\"1189\">Este <strong>rolo<\/strong> \u00e9 perfeito para <strong>instala\u00e7\u00f5es sanit\u00e1rias, cozinhas profissionais, oficinas, espa\u00e7os p\u00fablicos ou \u00e1reas de trabalho<\/strong>. Utiliza-se facilmente com os distribuidores adequados e permite manter um espa\u00e7o limpo, arrumado e bem organizado. Al\u00e9m disso, o corte preciso das folhas evita o desperd\u00edcio e incentiva um consumo controlado.  <\/p>\n<p data-start=\"1191\" data-end=\"1480\">Vendido em <strong data-start=\"1197\" data-end=\"1213\">embalagens de 6<\/strong>, esta embalagem \u00e9 ideal para antecipar as necessidades e gerir os stocks com tranquilidade. Fica equipado para durar, sem multiplicar as encomendas. Quer seja para uma utiliza\u00e7\u00e3o di\u00e1ria ou intensiva, este <strong>rolo de toalhas de m\u00e3o<\/strong> adapta-se facilmente \u00e0s exig\u00eancias profissionais.  <\/p>\n<p data-start=\"1482\" data-end=\"1673\">Em resumo, esta <strong>toalha de m\u00e3o gofrada<\/strong> combina efic\u00e1cia, conforto e praticidade. Simplifica a higiene das m\u00e3os, oferecendo uma solu\u00e7\u00e3o fi\u00e1vel, pensada para locais com muita gente. <\/p>\n<p data-start=\"1482\" data-end=\"1673\"><!--more--><\/p>\n<h4 data-start=\"1482\" data-end=\"1673\">Vantagens :<\/h4>\n<ul>\n<li data-start=\"1701\" data-end=\"1727\"><strong>450 unidades<\/strong> por rolo.<\/li>\n<li data-start=\"1730\" data-end=\"1776\">Papel gofrado para uma melhor absor\u00e7\u00e3o.<\/li>\n<li data-start=\"1779\" data-end=\"1808\">Formato pr\u00e1tico de <strong>19 x 20 cm<\/strong>.<\/li>\n<li data-start=\"1811\" data-end=\"1846\">Utiliza\u00e7\u00e3o fluida e econ\u00f3mica.<\/li>\n<li data-start=\"1849\" data-end=\"1885\">Adequado para ambientes profissionais.<\/li>\n<li data-start=\"1888\" data-end=\"1933\">Embalagem de <strong>6 rolos<\/strong> para uma gest\u00e3o facilitada.<\/li>\n<\/ul>\n<p>&nbsp;<\/p>\n<p><!--more--><\/p>\n<h4>Outras informa\u00e7\u00f5es :<\/h4>\n<ul style=\"margin-top: 0; margin-bottom: 0;\">\n<li><strong>Embalagem<\/strong>: Pacote de 6<\/li>\n<li><strong>Cor<\/strong>: Branco<\/li>\n<li><strong>N\u00famero de folhas<\/strong>: 2<\/li>\n<li><strong>N\u00famero de unidades<\/strong>: 450<\/li>\n<li><strong>Largura da unidade<\/strong>: 19 cm<\/li>\n<li><strong>Comprimento da unidade<\/strong>: 20 cm<\/li>\n<li><strong>Comprimento do rolo<\/strong>: 90 m<\/li>\n<li><strong>Di\u00e2metro do rolo<\/strong>: 19,5 cm<\/li>\n<li><strong>Material<\/strong>: Papel<\/li>\n<\/ul>\n<p>&nbsp;<\/p>\n<p><!--more--><\/p>\n<p>Encontre aqui o distribuidor compat\u00edvel com esta toalha de m\u00e3o: <span style=\"color: #d12727;\"><a style=\"color: #d12727;\" href=\"https:\/\/www.csj-emballages.com\/produit\/distributeur-a-devidage-central-blanc-pour-bobine-450-formats-ref-e822\/?_gl=1*1vk142f*_up*MQ..*_ga*MjA0ODI1MzQ0OC4xNzcwMDM2NDM3*_ga_YNVJLRSSZT*czE3NzAwMzY0MzckbzEkZzAkdDE3NzAwMzY0MzckajYwJGwwJGgyMDQ3NDQ2Mjgw\">DISTRIE822<\/a><\/span><\/p>\n<p>&nbsp;<\/p>\n<p><!--more--><\/p>\n<p><a href=\"\/?product_cat=essuies-mains-rouleaux\">Consulte o resto da nossa gama de toalhas de m\u00e3os em rolo<\/a><\/p>\n","protected":false},"excerpt":{"rendered":"<p>Rolo de toalhas de m\u00e3o Descubra o nosso rolo de toalhas de m\u00e3o gofrado, 450 unidades de 19 x 20 cm, embalagem de 6<\/p>\n","protected":false},"featured_media":263163,"template":"","meta":{"_acf_changed":false},"product_brand":[],"product_cat":[1222,1382,1421,1428],"product_tag":[],"class_list":{"0":"post-20680","1":"product","2":"type-product","3":"status-publish","4":"has-post-thumbnail","6":"product_cat-higiene-e-manutencao","7":"product_cat-limpar","8":"product_cat-toalhas-de-mao","9":"product_cat-limpa-maos-com-rolo","10":"product_shipping_class-nao-e-permitido-em-reles","12":"first","13":"instock","14":"taxable","15":"shipping-taxable","16":"purchasable","17":"product-type-simple"},"acf":[],"yoast_head":"<!-- This site is optimized with the Yoast SEO Premium plugin v26.6 (Yoast SEO v26.6) - https:\/\/yoast.com\/wordpress\/plugins\/seo\/ -->\n<title>Rolo de Toalhas de M\u00e3o Gofrado, 450 unidades de 19 x 20 cm, embalagem de 6<\/title>\n<meta name=\"description\" content=\"Rolo de toalhas de m\u00e3o gofrado, 450 unidades de 19x20 cm, vendido por 6. Absorvente, pr\u00e1tico e ideal para instala\u00e7\u00f5es sanit\u00e1rias e cozinhas profissionais.\" \/>\n<meta name=\"robots\" content=\"index, follow, max-snippet:-1, max-image-preview:large, max-video-preview:-1\" \/>\n<link rel=\"canonical\" href=\"https:\/\/www.csj-emballages.com\/pt-pt\/produit\/6-rolos-de-toalhas-de-mao-com-relevo-450-formato-185-x-20-cm\/\" \/>\n<meta property=\"og:locale\" content=\"pt_PT\" \/>\n<meta property=\"og:type\" content=\"article\" \/>\n<meta property=\"og:title\" content=\"Rolo de toalhas de m\u00e3o gofrado, 450 unidades de 19 x 20 cm, embalagem de 6\" \/>\n<meta property=\"og:description\" content=\"Rolo de toalhas de m\u00e3o gofrado, 450 unidades de 19x20 cm, vendido por 6. Absorvente, pr\u00e1tico e ideal para instala\u00e7\u00f5es sanit\u00e1rias e cozinhas profissionais.\" \/>\n<meta property=\"og:url\" content=\"https:\/\/www.csj-emballages.com\/pt-pt\/produit\/6-rolos-de-toalhas-de-mao-com-relevo-450-formato-185-x-20-cm\/\" \/>\n<meta property=\"og:site_name\" content=\"CSJ Emballages\" \/>\n<meta property=\"article:publisher\" content=\"https:\/\/www.facebook.com\/csjemballages\" \/>\n<meta property=\"article:modified_time\" content=\"2026-05-14T11:00:26+00:00\" \/>\n<meta property=\"og:image\" content=\"https:\/\/www.csj-emballages.com\/wp-content\/uploads\/2024\/03\/E822S.webp\" \/>\n\t<meta property=\"og:image:width\" content=\"800\" \/>\n\t<meta property=\"og:image:height\" content=\"800\" \/>\n\t<meta property=\"og:image:type\" content=\"image\/webp\" \/>\n<meta name=\"twitter:card\" content=\"summary_large_image\" \/>\n<meta name=\"twitter:label1\" content=\"Tempo estimado de leitura\" \/>\n\t<meta name=\"twitter:data1\" content=\"2 minutos\" \/>\n<script type=\"application\/ld+json\" class=\"yoast-schema-graph\">{\"@context\":\"https:\/\/schema.org\",\"@graph\":[{\"@type\":\"WebPage\",\"@id\":\"https:\/\/www.csj-emballages.com\/pt-pt\/produit\/6-rolos-de-toalhas-de-mao-com-relevo-450-formato-185-x-20-cm\/\",\"url\":\"https:\/\/www.csj-emballages.com\/pt-pt\/produit\/6-rolos-de-toalhas-de-mao-com-relevo-450-formato-185-x-20-cm\/\",\"name\":\"Rolo de Toalhas de M\u00e3o Gofrado, 450 unidades de 19 x 20 cm, embalagem de 6\",\"isPartOf\":{\"@id\":\"https:\/\/www.csj-emballages.com\/pt-pt\/#website\"},\"primaryImageOfPage\":{\"@id\":\"https:\/\/www.csj-emballages.com\/pt-pt\/produit\/6-rolos-de-toalhas-de-mao-com-relevo-450-formato-185-x-20-cm\/#primaryimage\"},\"image\":{\"@id\":\"https:\/\/www.csj-emballages.com\/pt-pt\/produit\/6-rolos-de-toalhas-de-mao-com-relevo-450-formato-185-x-20-cm\/#primaryimage\"},\"thumbnailUrl\":\"https:\/\/www.csj-emballages.com\/wp-content\/uploads\/2024\/03\/E822S.webp\",\"datePublished\":\"2024-03-01T15:54:25+00:00\",\"dateModified\":\"2026-05-14T11:00:26+00:00\",\"description\":\"Rolo de toalhas de m\u00e3o gofrado, 450 unidades de 19x20 cm, vendido por 6. Absorvente, pr\u00e1tico e ideal para instala\u00e7\u00f5es sanit\u00e1rias e cozinhas profissionais.\",\"breadcrumb\":{\"@id\":\"https:\/\/www.csj-emballages.com\/pt-pt\/produit\/6-rolos-de-toalhas-de-mao-com-relevo-450-formato-185-x-20-cm\/#breadcrumb\"},\"inLanguage\":\"pt-PT\",\"potentialAction\":[{\"@type\":\"ReadAction\",\"target\":[\"https:\/\/www.csj-emballages.com\/pt-pt\/produit\/6-rolos-de-toalhas-de-mao-com-relevo-450-formato-185-x-20-cm\/\"]}]},{\"@type\":\"ImageObject\",\"inLanguage\":\"pt-PT\",\"@id\":\"https:\/\/www.csj-emballages.com\/pt-pt\/produit\/6-rolos-de-toalhas-de-mao-com-relevo-450-formato-185-x-20-cm\/#primaryimage\",\"url\":\"https:\/\/www.csj-emballages.com\/wp-content\/uploads\/2024\/03\/E822S.webp\",\"contentUrl\":\"https:\/\/www.csj-emballages.com\/wp-content\/uploads\/2024\/03\/E822S.webp\",\"width\":800,\"height\":800,\"caption\":\"Rouleau essuie-mains\"},{\"@type\":\"BreadcrumbList\",\"@id\":\"https:\/\/www.csj-emballages.com\/pt-pt\/produit\/6-rolos-de-toalhas-de-mao-com-relevo-450-formato-185-x-20-cm\/#breadcrumb\",\"itemListElement\":[{\"@type\":\"ListItem\",\"position\":1,\"name\":\"Acolhimento\",\"item\":\"https:\/\/www.csj-emballages.com\/pt-pt\/universo-das-embalagens-alimentares\/\"},{\"@type\":\"ListItem\",\"position\":2,\"name\":\"Shop\",\"item\":\"https:\/\/www.csj-emballages.com\/shop\/\"},{\"@type\":\"ListItem\",\"position\":3,\"name\":\"Rolo de toalhas de m\u00e3o gofrado, 450 unidades de 19 x 20 cm, embalagem de 6\"}]},{\"@type\":\"WebSite\",\"@id\":\"https:\/\/www.csj-emballages.com\/pt-pt\/#website\",\"url\":\"https:\/\/www.csj-emballages.com\/pt-pt\/\",\"name\":\"CSJ Emballages\",\"description\":\"\",\"publisher\":{\"@id\":\"https:\/\/www.csj-emballages.com\/pt-pt\/#organization\"},\"potentialAction\":[{\"@type\":\"SearchAction\",\"target\":{\"@type\":\"EntryPoint\",\"urlTemplate\":\"https:\/\/www.csj-emballages.com\/pt-pt\/?s={search_term_string}\"},\"query-input\":{\"@type\":\"PropertyValueSpecification\",\"valueRequired\":true,\"valueName\":\"search_term_string\"}}],\"inLanguage\":\"pt-PT\"},{\"@type\":\"Organization\",\"@id\":\"https:\/\/www.csj-emballages.com\/pt-pt\/#Organization\/\",\"name\":\"CSJ Emballages\",\"url\":\"https:\/\/www.csj-emballages.com\/pt-pt\/\",\"logo\":{\"@type\":\"ImageObject\",\"inLanguage\":\"pt-PT\",\"@id\":\"https:\/\/www.csj-emballages.com\/pt-pt\/#\/schema\/logo\/image\/\",\"url\":\"https:\/\/www.csj-emballages.com\/wp-content\/uploads\/2023\/10\/logo_csj.webp\",\"contentUrl\":\"https:\/\/www.csj-emballages.com\/wp-content\/uploads\/2023\/10\/logo_csj.webp\",\"width\":250,\"height\":95,\"caption\":\"CSJ Emballages\"},\"image\":{\"@id\":\"https:\/\/www.csj-emballages.com\/pt-pt\/#\/schema\/logo\/image\/\"},\"sameAs\":[\"https:\/\/www.facebook.com\/csjemballages\"],\"address\":{\"@type\":\"PostalAddress\",\"streetAddress\":\"ZI La Lechere\",\"addressLocality\":\"Patornay\",\"postalCode\":\"39130\",\"addressCountry\":\"FR\"},\"contactPoint\":[{\"@type\":\"ContactPoint\",\"contactType\":\"Service client\",\"telephone\":\"0384254272\",\"email\":\"contact@csj-emballages.com\"}]}]}<\/script>\n<!-- \/ Yoast SEO Premium plugin. -->","yoast_head_json":{"title":"Rolo de Toalhas de M\u00e3o Gofrado, 450 unidades de 19 x 20 cm, embalagem de 6","description":"Rolo de toalhas de m\u00e3o gofrado, 450 unidades de 19x20 cm, vendido por 6. Absorvente, pr\u00e1tico e ideal para instala\u00e7\u00f5es sanit\u00e1rias e cozinhas profissionais.","robots":{"index":"index","follow":"follow","max-snippet":"max-snippet:-1","max-image-preview":"max-image-preview:large","max-video-preview":"max-video-preview:-1"},"canonical":"https:\/\/www.csj-emballages.com\/pt-pt\/produit\/6-rolos-de-toalhas-de-mao-com-relevo-450-formato-185-x-20-cm\/","og_locale":"pt_PT","og_type":"article","og_title":"Rolo de toalhas de m\u00e3o gofrado, 450 unidades de 19 x 20 cm, embalagem de 6","og_description":"Rolo de toalhas de m\u00e3o gofrado, 450 unidades de 19x20 cm, vendido por 6. Absorvente, pr\u00e1tico e ideal para instala\u00e7\u00f5es sanit\u00e1rias e cozinhas profissionais.","og_url":"https:\/\/www.csj-emballages.com\/pt-pt\/produit\/6-rolos-de-toalhas-de-mao-com-relevo-450-formato-185-x-20-cm\/","og_site_name":"CSJ Emballages","article_publisher":"https:\/\/www.facebook.com\/csjemballages","article_modified_time":"2026-05-14T11:00:26+00:00","og_image":[{"width":800,"height":800,"url":"https:\/\/www.csj-emballages.com\/wp-content\/uploads\/2024\/03\/E822S.webp","type":"image\/webp"}],"twitter_card":"summary_large_image","twitter_misc":{"Tempo estimado de leitura":"2 minutos"},"schema":{"@context":"https:\/\/schema.org","@graph":[{"@type":"WebPage","@id":"https:\/\/www.csj-emballages.com\/pt-pt\/produit\/6-rolos-de-toalhas-de-mao-com-relevo-450-formato-185-x-20-cm\/","url":"https:\/\/www.csj-emballages.com\/pt-pt\/produit\/6-rolos-de-toalhas-de-mao-com-relevo-450-formato-185-x-20-cm\/","name":"Rolo de Toalhas de M\u00e3o Gofrado, 450 unidades de 19 x 20 cm, embalagem de 6","isPartOf":{"@id":"https:\/\/www.csj-emballages.com\/pt-pt\/#website"},"primaryImageOfPage":{"@id":"https:\/\/www.csj-emballages.com\/pt-pt\/produit\/6-rolos-de-toalhas-de-mao-com-relevo-450-formato-185-x-20-cm\/#primaryimage"},"image":{"@id":"https:\/\/www.csj-emballages.com\/pt-pt\/produit\/6-rolos-de-toalhas-de-mao-com-relevo-450-formato-185-x-20-cm\/#primaryimage"},"thumbnailUrl":"https:\/\/www.csj-emballages.com\/wp-content\/uploads\/2024\/03\/E822S.webp","datePublished":"2024-03-01T15:54:25+00:00","dateModified":"2026-05-14T11:00:26+00:00","description":"Rolo de toalhas de m\u00e3o gofrado, 450 unidades de 19x20 cm, vendido por 6. Absorvente, pr\u00e1tico e ideal para instala\u00e7\u00f5es sanit\u00e1rias e cozinhas profissionais.","breadcrumb":{"@id":"https:\/\/www.csj-emballages.com\/pt-pt\/produit\/6-rolos-de-toalhas-de-mao-com-relevo-450-formato-185-x-20-cm\/#breadcrumb"},"inLanguage":"pt-PT","potentialAction":[{"@type":"ReadAction","target":["https:\/\/www.csj-emballages.com\/pt-pt\/produit\/6-rolos-de-toalhas-de-mao-com-relevo-450-formato-185-x-20-cm\/"]}]},{"@type":"ImageObject","inLanguage":"pt-PT","@id":"https:\/\/www.csj-emballages.com\/pt-pt\/produit\/6-rolos-de-toalhas-de-mao-com-relevo-450-formato-185-x-20-cm\/#primaryimage","url":"https:\/\/www.csj-emballages.com\/wp-content\/uploads\/2024\/03\/E822S.webp","contentUrl":"https:\/\/www.csj-emballages.com\/wp-content\/uploads\/2024\/03\/E822S.webp","width":800,"height":800,"caption":"Rouleau essuie-mains"},{"@type":"BreadcrumbList","@id":"https:\/\/www.csj-emballages.com\/pt-pt\/produit\/6-rolos-de-toalhas-de-mao-com-relevo-450-formato-185-x-20-cm\/#breadcrumb","itemListElement":[{"@type":"ListItem","position":1,"name":"Acolhimento","item":"https:\/\/www.csj-emballages.com\/pt-pt\/universo-das-embalagens-alimentares\/"},{"@type":"ListItem","position":2,"name":"Shop","item":"https:\/\/www.csj-emballages.com\/shop\/"},{"@type":"ListItem","position":3,"name":"Rolo de toalhas de m\u00e3o gofrado, 450 unidades de 19 x 20 cm, embalagem de 6"}]},{"@type":"WebSite","@id":"https:\/\/www.csj-emballages.com\/pt-pt\/#website","url":"https:\/\/www.csj-emballages.com\/pt-pt\/","name":"CSJ Emballages","description":"","publisher":{"@id":"https:\/\/www.csj-emballages.com\/pt-pt\/#organization"},"potentialAction":[{"@type":"SearchAction","target":{"@type":"EntryPoint","urlTemplate":"https:\/\/www.csj-emballages.com\/pt-pt\/?s={search_term_string}"},"query-input":{"@type":"PropertyValueSpecification","valueRequired":true,"valueName":"search_term_string"}}],"inLanguage":"pt-PT"},{"@type":"Organization","@id":"https:\/\/www.csj-emballages.com\/pt-pt\/#Organization\/","name":"CSJ Emballages","url":"https:\/\/www.csj-emballages.com\/pt-pt\/","logo":{"@type":"ImageObject","inLanguage":"pt-PT","@id":"https:\/\/www.csj-emballages.com\/pt-pt\/#\/schema\/logo\/image\/","url":"https:\/\/www.csj-emballages.com\/wp-content\/uploads\/2023\/10\/logo_csj.webp","contentUrl":"https:\/\/www.csj-emballages.com\/wp-content\/uploads\/2023\/10\/logo_csj.webp","width":250,"height":95,"caption":"CSJ Emballages"},"image":{"@id":"https:\/\/www.csj-emballages.com\/pt-pt\/#\/schema\/logo\/image\/"},"sameAs":["https:\/\/www.facebook.com\/csjemballages"],"address":{"@type":"PostalAddress","streetAddress":"ZI La Lechere","addressLocality":"Patornay","postalCode":"39130","addressCountry":"FR"},"contactPoint":[{"@type":"ContactPoint","contactType":"Service client","telephone":"0384254272","email":"contact@csj-emballages.com"}]}]}},"df_price":13.68,"df_sale_price":"","df_regular_price":13.68,"df_image_link":"https:\/\/www.csj-emballages.com\/wp-content\/uploads\/2024\/03\/E822S-300x300.webp","tiered_pricing_type":"fixed","tiered_pricing_fixed_rules":[],"tiered_pricing_percentage_rules":[],"tiered_pricing_minimum":1,"tiered_pricing_roles_data":[],"_links":{"self":[{"href":"https:\/\/www.csj-emballages.com\/pt-pt\/wp-json\/wp\/v2\/product\/20680","targetHints":{"allow":["GET"]}}],"collection":[{"href":"https:\/\/www.csj-emballages.com\/pt-pt\/wp-json\/wp\/v2\/product"}],"about":[{"href":"https:\/\/www.csj-emballages.com\/pt-pt\/wp-json\/wp\/v2\/types\/product"}],"wp:featuredmedia":[{"embeddable":true,"href":"https:\/\/www.csj-emballages.com\/pt-pt\/wp-json\/wp\/v2\/media\/263163"}],"wp:attachment":[{"href":"https:\/\/www.csj-emballages.com\/pt-pt\/wp-json\/wp\/v2\/media?parent=20680"}],"wp:term":[{"taxonomy":"product_brand","embeddable":true,"href":"https:\/\/www.csj-emballages.com\/pt-pt\/wp-json\/wp\/v2\/product_brand?post=20680"},{"taxonomy":"product_cat","embeddable":true,"href":"https:\/\/www.csj-emballages.com\/pt-pt\/wp-json\/wp\/v2\/product_cat?post=20680"},{"taxonomy":"product_tag","embeddable":true,"href":"https:\/\/www.csj-emballages.com\/pt-pt\/wp-json\/wp\/v2\/product_tag?post=20680"}],"curies":[{"name":"wp","href":"https:\/\/api.w.org\/{rel}","templated":true}]}}