{"id":20676,"date":"2024-03-01T16:54:26","date_gmt":"2024-03-01T15:54:26","guid":{"rendered":"https:\/\/u15jnbdpoq.preview.infomaniak.website\/produit\/12-rolos-de-toalhas-de-mao-de-enchimento-puro-com-relevo-200-folhas-20-x-25-cm\/"},"modified":"2026-04-24T02:13:39","modified_gmt":"2026-04-24T00:13:39","slug":"12-rolos-de-toalhas-de-mao-de-enchimento-puro-com-relevo-200-folhas-20-x-25-cm","status":"publish","type":"product","link":"https:\/\/www.csj-emballages.com\/pt-pt\/produit\/12-rolos-de-toalhas-de-mao-de-enchimento-puro-com-relevo-200-folhas-20-x-25-cm\/","title":{"rendered":"Rolo de toalhas de m\u00e3o em pura pasta de papel gofrado, 200 unidades de 20 x 25 cm, embalagem de 12"},"content":{"rendered":"<h2>Rolo de toalhas de m\u00e3o<\/h2>\n<hr>\n<h3>Descubra o nosso rolo de toalhas de m\u00e3o em pura pasta de papel gofrado, 200 unidades de 20 x 25 cm, embalagem de 12<\/h3>\n<p><!--more--><\/p>\n<p data-start=\"228\" data-end=\"568\">Este <strong data-start=\"231\" data-end=\"277\">rolo de toalhas de m\u00e3o em pura pasta de papel gofrado<\/strong> foi concebido para proporcionar uma secagem eficaz, r\u00e1pida e agrad\u00e1vel no dia a dia. Gra\u00e7as \u00e0 sua textura gofrada, capta a humidade mais facilmente e seca as m\u00e3os em poucos gestos. Resultado: menos folhas utilizadas e uma verdadeira poupan\u00e7a de tempo, especialmente em locais com muita aflu\u00eancia.  <\/p>\n<p data-start=\"570\" data-end=\"962\">Com as suas <strong data-start=\"579\" data-end=\"606\">200 unidades pr\u00e9-cortadas<\/strong> de <strong data-start=\"610\" data-end=\"624\">20 x 25 cm<\/strong>, este <strong>rolo<\/strong> \u00e9 perfeitamente adequado para distribuidores standard, bem como para utiliza\u00e7\u00e3o direta. Cada folha destaca-se facilmente, o que evita o desperd\u00edcio e permite manter um espa\u00e7o sempre limpo. A <strong>pura pasta de papel<\/strong> proporciona uma sensa\u00e7\u00e3o suave ao contacto com a pele, mantendo-se suficientemente resistente para uma utiliza\u00e7\u00e3o intensiva.  <\/p>\n<p data-start=\"964\" data-end=\"1332\">Este produto encontra naturalmente o seu lugar em <strong>instala\u00e7\u00f5es sanit\u00e1rias profissionais, cozinhas, oficinas, institui\u00e7\u00f5es p\u00fablicas ou estabelecimentos de restaura\u00e7\u00e3o<\/strong>. Responde aos requisitos de higiene, mantendo-se simples de utilizar. Al\u00e9m disso, o seu formato <strong data-start=\"1215\" data-end=\"1241\">em lote de 12 rolos<\/strong> permite gerir facilmente os stocks e garantir uma continuidade de servi\u00e7o sem ruturas.  <\/p>\n<p data-start=\"1334\" data-end=\"1537\">No dia a dia, esta <strong>toalha de m\u00e3o<\/strong> torna-se rapidamente indispens\u00e1vel: desenrola-se, seca-se, deita-se fora e est\u00e1 resolvido. Sem complica\u00e7\u00f5es, apenas um produto fi\u00e1vel que faz exatamente o que se espera dele. <\/p>\n<p data-start=\"1539\" data-end=\"1712\">Em resumo, este <strong>rolo de toalhas de m\u00e3o<\/strong> alia efic\u00e1cia, conforto e praticidade. Acompanha os profissionais na sua rotina, garantindo uma higiene irrepreens\u00edvel <\/p>\n<p>&nbsp;<\/p>\n<p><!--more--><\/p>\n<h4>Vantagens :<\/h4>\n<ul>\n<li data-start=\"1740\" data-end=\"1773\">Pura pasta de papel suave e resistente.<\/li>\n<li data-start=\"1776\" data-end=\"1810\">Textura gofrada muito absorvente.<\/li>\n<li data-start=\"1813\" data-end=\"1839\"><strong>200 unidades<\/strong> pr\u00e9-cortadas.<\/li>\n<li data-start=\"1842\" data-end=\"1876\">Dimens\u00f5es pr\u00e1ticas <strong>20 x 25 cm<\/strong>.<\/li>\n<li data-start=\"1879\" data-end=\"1921\">Compat\u00edvel com distribuidores standard.<\/li>\n<li data-start=\"1924\" data-end=\"1954\">Lote econ\u00f3mico de <strong>12 rolos<\/strong>.<\/li>\n<li data-start=\"1924\" data-end=\"1954\">Pr\u00e9-cortado a <strong>25 cm<\/strong>.<\/li>\n<\/ul>\n<p>&nbsp;<\/p>\n<p><!--more--><\/p>\n<h4><strong>Outras informa\u00e7\u00f5es :  <\/strong><\/h4>\n<ul>\n<li><strong>Embalagem<\/strong>: Pacote de 12<\/li>\n<li><strong>Di\u00e2metro do rolo<\/strong>: 14 cm<\/li>\n<li><strong>Mandril<\/strong>: 5,9 cm<\/li>\n<li><strong>Largura do pr\u00e9-corte<\/strong>: 25 cm<\/li>\n<li><strong>Altura<\/strong>: 20 cm<\/li>\n<li><strong>Cor<\/strong>: Branco<\/li>\n<li><strong>N\u00famero de folhas<\/strong>: 2<\/li>\n<li><strong>N\u00famero de unidades<\/strong>: 200<\/li>\n<li><strong>Material<\/strong>: Celulose<\/li>\n<\/ul>\n<p>&nbsp;<\/p>\n<p><!--more--><\/p>\n<p>Encontre aqui o distribuidor concebido para este rolo de toalhas de m\u00e3o: <span style=\"color: #d12727;\"><a style=\"color: #d12727;\" href=\"https:\/\/www.csj-emballages.com\/produit\/distributeur-essuie-mains-a-devidage-central-blanc-pour-bobine-200-formats-ref-e811\/?_gl=1*g9j0uv*_up*MQ..*_ga*MTUzNTYwMTIzNi4xNzcwMDI2ODY2*_ga_YNVJLRSSZT*czE3NzAwMjY4NjUkbzEkZzAkdDE3NzAwMjY4NjUkajYwJGwwJGgxMjI5NTI1NzE4\">DISTRIE811<\/a><\/span><\/p>\n<p>&nbsp;<\/p>\n<p><!--more--><\/p>\n<p><a href=\"https:\/\/www.csj-emballages.com\/categorie-produit\/hygiene-et-entretiens\/essuyages\/essuie-mains\/essuies-mains-rouleaux\/?_gl=1*1qf72uz*_up*MQ..*_ga*NzE5OTExNjQuMTc2OTc1OTIwNw..*_ga_YNVJLRSSZT*czE3Njk3NjM1ODMkbzIkZzAkdDE3Njk3NjQ1MzUkajQ2JGwwJGgxMDI3NDM2Mzcx\">Consulte o resto da nossa gama de toalhas de m\u00e3o em rolo<\/a><\/p>\n","protected":false},"excerpt":{"rendered":"<p>Rolo de toalhas de m\u00e3o Descubra o nosso rolo de toalhas de m\u00e3o em pura pasta de papel gofrado, 200 unidades de 20 x 25 cm, embalagem de 12<\/p>\n","protected":false},"featured_media":263106,"template":"","meta":{"_acf_changed":false},"product_brand":[],"product_cat":[1222,1382,1421,1428],"product_tag":[],"class_list":{"0":"post-20676","1":"product","2":"type-product","3":"status-publish","4":"has-post-thumbnail","6":"product_cat-higiene-e-manutencao","7":"product_cat-limpar","8":"product_cat-toalhas-de-mao","9":"product_cat-limpa-maos-com-rolo","11":"first","12":"instock","13":"taxable","14":"shipping-taxable","15":"purchasable","16":"product-type-simple"},"acf":[],"yoast_head":"<!-- This site is optimized with the Yoast SEO Premium plugin v26.6 (Yoast SEO v26.6) - https:\/\/yoast.com\/wordpress\/plugins\/seo\/ -->\n<title>Rolo de Toalhas de M\u00e3o em Pura Pasta de Papel Gofrado, 200 Unidades de 20 x 25 cm<\/title>\n<meta name=\"description\" content=\"Rolo de toalhas de m\u00e3o em pura pasta de papel gofrado, 200 unidades de 20 x 25 cm, vendido em embalagens de 12. Absorvente, pr\u00e1tico e ideal para instala\u00e7\u00f5es sanit\u00e1rias e cozinhas profissionais.\" \/>\n<meta name=\"robots\" content=\"index, follow, max-snippet:-1, max-image-preview:large, max-video-preview:-1\" \/>\n<link rel=\"canonical\" href=\"https:\/\/www.csj-emballages.com\/pt-pt\/produit\/12-rolos-de-toalhas-de-mao-de-enchimento-puro-com-relevo-200-folhas-20-x-25-cm\/\" \/>\n<meta property=\"og:locale\" content=\"pt_PT\" \/>\n<meta property=\"og:type\" content=\"article\" \/>\n<meta property=\"og:title\" content=\"Rolo de toalhas de m\u00e3o em pura pasta de papel gofrado, 200 unidades de 20 x 25 cm, embalagem de 12\" \/>\n<meta property=\"og:description\" content=\"Rolo de toalhas de m\u00e3o em pura pasta de papel gofrado, 200 unidades de 20 x 25 cm, vendido em embalagens de 12. Absorvente, pr\u00e1tico e ideal para instala\u00e7\u00f5es sanit\u00e1rias e cozinhas profissionais.\" \/>\n<meta property=\"og:url\" content=\"https:\/\/www.csj-emballages.com\/pt-pt\/produit\/12-rolos-de-toalhas-de-mao-de-enchimento-puro-com-relevo-200-folhas-20-x-25-cm\/\" \/>\n<meta property=\"og:site_name\" content=\"CSJ Emballages\" \/>\n<meta property=\"article:publisher\" content=\"https:\/\/www.facebook.com\/csjemballages\" \/>\n<meta property=\"article:modified_time\" content=\"2026-04-24T00:13:39+00:00\" \/>\n<meta property=\"og:image\" content=\"https:\/\/www.csj-emballages.com\/wp-content\/uploads\/2024\/03\/E811G.webp\" \/>\n\t<meta property=\"og:image:width\" content=\"800\" \/>\n\t<meta property=\"og:image:height\" content=\"800\" \/>\n\t<meta property=\"og:image:type\" content=\"image\/webp\" \/>\n<meta name=\"twitter:card\" content=\"summary_large_image\" \/>\n<meta name=\"twitter:label1\" content=\"Tempo estimado de leitura\" \/>\n\t<meta name=\"twitter:data1\" content=\"2 minutos\" \/>\n<script type=\"application\/ld+json\" class=\"yoast-schema-graph\">{\"@context\":\"https:\/\/schema.org\",\"@graph\":[{\"@type\":\"WebPage\",\"@id\":\"https:\/\/www.csj-emballages.com\/pt-pt\/produit\/12-rolos-de-toalhas-de-mao-de-enchimento-puro-com-relevo-200-folhas-20-x-25-cm\/\",\"url\":\"https:\/\/www.csj-emballages.com\/pt-pt\/produit\/12-rolos-de-toalhas-de-mao-de-enchimento-puro-com-relevo-200-folhas-20-x-25-cm\/\",\"name\":\"Rolo de Toalhas de M\u00e3o em Pura Pasta de Papel Gofrado, 200 Unidades de 20 x 25 cm\",\"isPartOf\":{\"@id\":\"https:\/\/www.csj-emballages.com\/pt-pt\/#website\"},\"primaryImageOfPage\":{\"@id\":\"https:\/\/www.csj-emballages.com\/pt-pt\/produit\/12-rolos-de-toalhas-de-mao-de-enchimento-puro-com-relevo-200-folhas-20-x-25-cm\/#primaryimage\"},\"image\":{\"@id\":\"https:\/\/www.csj-emballages.com\/pt-pt\/produit\/12-rolos-de-toalhas-de-mao-de-enchimento-puro-com-relevo-200-folhas-20-x-25-cm\/#primaryimage\"},\"thumbnailUrl\":\"https:\/\/www.csj-emballages.com\/wp-content\/uploads\/2024\/03\/E811G.webp\",\"datePublished\":\"2024-03-01T15:54:26+00:00\",\"dateModified\":\"2026-04-24T00:13:39+00:00\",\"description\":\"Rolo de toalhas de m\u00e3o em pura pasta de papel gofrado, 200 unidades de 20 x 25 cm, vendido em embalagens de 12. Absorvente, pr\u00e1tico e ideal para instala\u00e7\u00f5es sanit\u00e1rias e cozinhas profissionais.\",\"breadcrumb\":{\"@id\":\"https:\/\/www.csj-emballages.com\/pt-pt\/produit\/12-rolos-de-toalhas-de-mao-de-enchimento-puro-com-relevo-200-folhas-20-x-25-cm\/#breadcrumb\"},\"inLanguage\":\"pt-PT\",\"potentialAction\":[{\"@type\":\"ReadAction\",\"target\":[\"https:\/\/www.csj-emballages.com\/pt-pt\/produit\/12-rolos-de-toalhas-de-mao-de-enchimento-puro-com-relevo-200-folhas-20-x-25-cm\/\"]}]},{\"@type\":\"ImageObject\",\"inLanguage\":\"pt-PT\",\"@id\":\"https:\/\/www.csj-emballages.com\/pt-pt\/produit\/12-rolos-de-toalhas-de-mao-de-enchimento-puro-com-relevo-200-folhas-20-x-25-cm\/#primaryimage\",\"url\":\"https:\/\/www.csj-emballages.com\/wp-content\/uploads\/2024\/03\/E811G.webp\",\"contentUrl\":\"https:\/\/www.csj-emballages.com\/wp-content\/uploads\/2024\/03\/E811G.webp\",\"width\":800,\"height\":800,\"caption\":\"Rouleau essuie-mains\"},{\"@type\":\"BreadcrumbList\",\"@id\":\"https:\/\/www.csj-emballages.com\/pt-pt\/produit\/12-rolos-de-toalhas-de-mao-de-enchimento-puro-com-relevo-200-folhas-20-x-25-cm\/#breadcrumb\",\"itemListElement\":[{\"@type\":\"ListItem\",\"position\":1,\"name\":\"Acolhimento\",\"item\":\"https:\/\/www.csj-emballages.com\/pt-pt\/universo-das-embalagens-alimentares\/\"},{\"@type\":\"ListItem\",\"position\":2,\"name\":\"Shop\",\"item\":\"https:\/\/www.csj-emballages.com\/shop\/\"},{\"@type\":\"ListItem\",\"position\":3,\"name\":\"Rolo de toalhas de m\u00e3o em pura pasta de papel gofrado, 200 unidades de 20 x 25 cm, embalagem de 12\"}]},{\"@type\":\"WebSite\",\"@id\":\"https:\/\/www.csj-emballages.com\/pt-pt\/#website\",\"url\":\"https:\/\/www.csj-emballages.com\/pt-pt\/\",\"name\":\"CSJ Emballages\",\"description\":\"\",\"publisher\":{\"@id\":\"https:\/\/www.csj-emballages.com\/pt-pt\/#organization\"},\"potentialAction\":[{\"@type\":\"SearchAction\",\"target\":{\"@type\":\"EntryPoint\",\"urlTemplate\":\"https:\/\/www.csj-emballages.com\/pt-pt\/?s={search_term_string}\"},\"query-input\":{\"@type\":\"PropertyValueSpecification\",\"valueRequired\":true,\"valueName\":\"search_term_string\"}}],\"inLanguage\":\"pt-PT\"},{\"@type\":\"Organization\",\"@id\":\"https:\/\/www.csj-emballages.com\/pt-pt\/#Organization\/\",\"name\":\"CSJ Emballages\",\"url\":\"https:\/\/www.csj-emballages.com\/pt-pt\/\",\"logo\":{\"@type\":\"ImageObject\",\"inLanguage\":\"pt-PT\",\"@id\":\"https:\/\/www.csj-emballages.com\/pt-pt\/#\/schema\/logo\/image\/\",\"url\":\"https:\/\/www.csj-emballages.com\/wp-content\/uploads\/2023\/10\/logo_csj.webp\",\"contentUrl\":\"https:\/\/www.csj-emballages.com\/wp-content\/uploads\/2023\/10\/logo_csj.webp\",\"width\":250,\"height\":95,\"caption\":\"CSJ Emballages\"},\"image\":{\"@id\":\"https:\/\/www.csj-emballages.com\/pt-pt\/#\/schema\/logo\/image\/\"},\"sameAs\":[\"https:\/\/www.facebook.com\/csjemballages\"],\"address\":{\"@type\":\"PostalAddress\",\"streetAddress\":\"ZI La Lechere\",\"addressLocality\":\"Patornay\",\"postalCode\":\"39130\",\"addressCountry\":\"FR\"},\"contactPoint\":[{\"@type\":\"ContactPoint\",\"contactType\":\"Service client\",\"telephone\":\"0384254272\",\"email\":\"contact@csj-emballages.com\"}]}]}<\/script>\n<!-- \/ Yoast SEO Premium plugin. -->","yoast_head_json":{"title":"Rolo de Toalhas de M\u00e3o em Pura Pasta de Papel Gofrado, 200 Unidades de 20 x 25 cm","description":"Rolo de toalhas de m\u00e3o em pura pasta de papel gofrado, 200 unidades de 20 x 25 cm, vendido em embalagens de 12. Absorvente, pr\u00e1tico e ideal para instala\u00e7\u00f5es sanit\u00e1rias e cozinhas profissionais.","robots":{"index":"index","follow":"follow","max-snippet":"max-snippet:-1","max-image-preview":"max-image-preview:large","max-video-preview":"max-video-preview:-1"},"canonical":"https:\/\/www.csj-emballages.com\/pt-pt\/produit\/12-rolos-de-toalhas-de-mao-de-enchimento-puro-com-relevo-200-folhas-20-x-25-cm\/","og_locale":"pt_PT","og_type":"article","og_title":"Rolo de toalhas de m\u00e3o em pura pasta de papel gofrado, 200 unidades de 20 x 25 cm, embalagem de 12","og_description":"Rolo de toalhas de m\u00e3o em pura pasta de papel gofrado, 200 unidades de 20 x 25 cm, vendido em embalagens de 12. Absorvente, pr\u00e1tico e ideal para instala\u00e7\u00f5es sanit\u00e1rias e cozinhas profissionais.","og_url":"https:\/\/www.csj-emballages.com\/pt-pt\/produit\/12-rolos-de-toalhas-de-mao-de-enchimento-puro-com-relevo-200-folhas-20-x-25-cm\/","og_site_name":"CSJ Emballages","article_publisher":"https:\/\/www.facebook.com\/csjemballages","article_modified_time":"2026-04-24T00:13:39+00:00","og_image":[{"width":800,"height":800,"url":"https:\/\/www.csj-emballages.com\/wp-content\/uploads\/2024\/03\/E811G.webp","type":"image\/webp"}],"twitter_card":"summary_large_image","twitter_misc":{"Tempo estimado de leitura":"2 minutos"},"schema":{"@context":"https:\/\/schema.org","@graph":[{"@type":"WebPage","@id":"https:\/\/www.csj-emballages.com\/pt-pt\/produit\/12-rolos-de-toalhas-de-mao-de-enchimento-puro-com-relevo-200-folhas-20-x-25-cm\/","url":"https:\/\/www.csj-emballages.com\/pt-pt\/produit\/12-rolos-de-toalhas-de-mao-de-enchimento-puro-com-relevo-200-folhas-20-x-25-cm\/","name":"Rolo de Toalhas de M\u00e3o em Pura Pasta de Papel Gofrado, 200 Unidades de 20 x 25 cm","isPartOf":{"@id":"https:\/\/www.csj-emballages.com\/pt-pt\/#website"},"primaryImageOfPage":{"@id":"https:\/\/www.csj-emballages.com\/pt-pt\/produit\/12-rolos-de-toalhas-de-mao-de-enchimento-puro-com-relevo-200-folhas-20-x-25-cm\/#primaryimage"},"image":{"@id":"https:\/\/www.csj-emballages.com\/pt-pt\/produit\/12-rolos-de-toalhas-de-mao-de-enchimento-puro-com-relevo-200-folhas-20-x-25-cm\/#primaryimage"},"thumbnailUrl":"https:\/\/www.csj-emballages.com\/wp-content\/uploads\/2024\/03\/E811G.webp","datePublished":"2024-03-01T15:54:26+00:00","dateModified":"2026-04-24T00:13:39+00:00","description":"Rolo de toalhas de m\u00e3o em pura pasta de papel gofrado, 200 unidades de 20 x 25 cm, vendido em embalagens de 12. Absorvente, pr\u00e1tico e ideal para instala\u00e7\u00f5es sanit\u00e1rias e cozinhas profissionais.","breadcrumb":{"@id":"https:\/\/www.csj-emballages.com\/pt-pt\/produit\/12-rolos-de-toalhas-de-mao-de-enchimento-puro-com-relevo-200-folhas-20-x-25-cm\/#breadcrumb"},"inLanguage":"pt-PT","potentialAction":[{"@type":"ReadAction","target":["https:\/\/www.csj-emballages.com\/pt-pt\/produit\/12-rolos-de-toalhas-de-mao-de-enchimento-puro-com-relevo-200-folhas-20-x-25-cm\/"]}]},{"@type":"ImageObject","inLanguage":"pt-PT","@id":"https:\/\/www.csj-emballages.com\/pt-pt\/produit\/12-rolos-de-toalhas-de-mao-de-enchimento-puro-com-relevo-200-folhas-20-x-25-cm\/#primaryimage","url":"https:\/\/www.csj-emballages.com\/wp-content\/uploads\/2024\/03\/E811G.webp","contentUrl":"https:\/\/www.csj-emballages.com\/wp-content\/uploads\/2024\/03\/E811G.webp","width":800,"height":800,"caption":"Rouleau essuie-mains"},{"@type":"BreadcrumbList","@id":"https:\/\/www.csj-emballages.com\/pt-pt\/produit\/12-rolos-de-toalhas-de-mao-de-enchimento-puro-com-relevo-200-folhas-20-x-25-cm\/#breadcrumb","itemListElement":[{"@type":"ListItem","position":1,"name":"Acolhimento","item":"https:\/\/www.csj-emballages.com\/pt-pt\/universo-das-embalagens-alimentares\/"},{"@type":"ListItem","position":2,"name":"Shop","item":"https:\/\/www.csj-emballages.com\/shop\/"},{"@type":"ListItem","position":3,"name":"Rolo de toalhas de m\u00e3o em pura pasta de papel gofrado, 200 unidades de 20 x 25 cm, embalagem de 12"}]},{"@type":"WebSite","@id":"https:\/\/www.csj-emballages.com\/pt-pt\/#website","url":"https:\/\/www.csj-emballages.com\/pt-pt\/","name":"CSJ Emballages","description":"","publisher":{"@id":"https:\/\/www.csj-emballages.com\/pt-pt\/#organization"},"potentialAction":[{"@type":"SearchAction","target":{"@type":"EntryPoint","urlTemplate":"https:\/\/www.csj-emballages.com\/pt-pt\/?s={search_term_string}"},"query-input":{"@type":"PropertyValueSpecification","valueRequired":true,"valueName":"search_term_string"}}],"inLanguage":"pt-PT"},{"@type":"Organization","@id":"https:\/\/www.csj-emballages.com\/pt-pt\/#Organization\/","name":"CSJ Emballages","url":"https:\/\/www.csj-emballages.com\/pt-pt\/","logo":{"@type":"ImageObject","inLanguage":"pt-PT","@id":"https:\/\/www.csj-emballages.com\/pt-pt\/#\/schema\/logo\/image\/","url":"https:\/\/www.csj-emballages.com\/wp-content\/uploads\/2023\/10\/logo_csj.webp","contentUrl":"https:\/\/www.csj-emballages.com\/wp-content\/uploads\/2023\/10\/logo_csj.webp","width":250,"height":95,"caption":"CSJ Emballages"},"image":{"@id":"https:\/\/www.csj-emballages.com\/pt-pt\/#\/schema\/logo\/image\/"},"sameAs":["https:\/\/www.facebook.com\/csjemballages"],"address":{"@type":"PostalAddress","streetAddress":"ZI La Lechere","addressLocality":"Patornay","postalCode":"39130","addressCountry":"FR"},"contactPoint":[{"@type":"ContactPoint","contactType":"Service client","telephone":"0384254272","email":"contact@csj-emballages.com"}]}]}},"df_price":19.63,"df_sale_price":"","df_regular_price":19.63,"df_image_link":"https:\/\/www.csj-emballages.com\/wp-content\/uploads\/2024\/03\/E811G-300x300.webp","tiered_pricing_type":"fixed","tiered_pricing_fixed_rules":[],"tiered_pricing_percentage_rules":[],"tiered_pricing_minimum":1,"tiered_pricing_roles_data":[],"_links":{"self":[{"href":"https:\/\/www.csj-emballages.com\/pt-pt\/wp-json\/wp\/v2\/product\/20676","targetHints":{"allow":["GET"]}}],"collection":[{"href":"https:\/\/www.csj-emballages.com\/pt-pt\/wp-json\/wp\/v2\/product"}],"about":[{"href":"https:\/\/www.csj-emballages.com\/pt-pt\/wp-json\/wp\/v2\/types\/product"}],"wp:featuredmedia":[{"embeddable":true,"href":"https:\/\/www.csj-emballages.com\/pt-pt\/wp-json\/wp\/v2\/media\/263106"}],"wp:attachment":[{"href":"https:\/\/www.csj-emballages.com\/pt-pt\/wp-json\/wp\/v2\/media?parent=20676"}],"wp:term":[{"taxonomy":"product_brand","embeddable":true,"href":"https:\/\/www.csj-emballages.com\/pt-pt\/wp-json\/wp\/v2\/product_brand?post=20676"},{"taxonomy":"product_cat","embeddable":true,"href":"https:\/\/www.csj-emballages.com\/pt-pt\/wp-json\/wp\/v2\/product_cat?post=20676"},{"taxonomy":"product_tag","embeddable":true,"href":"https:\/\/www.csj-emballages.com\/pt-pt\/wp-json\/wp\/v2\/product_tag?post=20676"}],"curies":[{"name":"wp","href":"https:\/\/api.w.org\/{rel}","templated":true}]}}