{"id":20673,"date":"2024-03-01T16:54:25","date_gmt":"2024-03-01T15:54:25","guid":{"rendered":"https:\/\/u15jnbdpoq.preview.infomaniak.website\/produit\/estojo-para-crachas-em-pvc-80-x-50-x-50-mm\/"},"modified":"2026-04-14T02:15:58","modified_gmt":"2026-04-14T00:15:58","slug":"estojo-para-crachas-em-pvc-80-x-50-x-50-mm","status":"publish","type":"product","link":"https:\/\/www.csj-emballages.com\/pt-pt\/produit\/estojo-para-crachas-em-pvc-80-x-50-x-50-mm\/","title":{"rendered":"Caixa de bot\u00f5es em PVC 80 x 50 x 50 mm"},"content":{"rendered":"<h2>Caixa de macarr\u00e3o<\/h2>\n<hr>\n<h3>Descri\u00e7\u00e3o da nossa caixa de bot\u00f5es em PVC 80 x 50 x 50 mm<\/h3>\n<p><!--more--><\/p>\n<p data-start=\"169\" data-end=\"609\">A<strong data-start=\"171\" data-end=\"207\">caixa para macarons em PVC 80 x 50 x 50 mm<\/strong> \u00e9 a solu\u00e7\u00e3o ideal para apresentar os seus doces e real\u00e7ar a sua experi\u00eancia. Fabricada em <strong data-start=\"317\" data-end=\"346\">pl\u00e1stico PVC transparente<\/strong> combinado com uma <strong>base de papel bristol recortado<\/strong>, esta embalagem joga com a transpar\u00eancia para oferecer uma apresenta\u00e7\u00e3o elegante e bem cuidada. Quer seja um chefe de pastelaria artesanal, um chocolatier ou simplesmente um apaixonado por doces, esta caixa mostrar\u00e1 as suas cria\u00e7\u00f5es da melhor forma.  <\/p>\n<p data-start=\"611\" data-end=\"933\">A sua forma compacta e requintada \u00e9 perfeita para apresentar macarons em baptizados, casamentos, anivers\u00e1rios ou outros eventos festivos. Gra\u00e7as ao seu design elegante, integra-se em qualquer decora\u00e7\u00e3o e pode ser personalizado com uma <span style=\"color: #d12727;\"><a style=\"color: #d12727;\" href=\"https:\/\/www.csj-emballages.com\/pt-pt\/categorie-produit\/embalagem-de-alimentos\/padaria-e-pastelaria\/acessorios-e-equipamentos\/acessorios-decorativos\/\">fita<\/a><\/span>fita <span style=\"color: #d12727;\"><a style=\"color: #d12727;\" href=\"https:\/\/www.csj-emballages.com\/pt-pt\/categorie-produit\/embalagem-de-alimentos\/padaria-e-pastelaria\/acessorios-e-equipamentos\/etiquetas\/\">etiqueta<\/a><\/span> ou um autocolante. <\/p>\n<p data-start=\"935\" data-end=\"1305\">Esta pr\u00e1tica <strong>mala<\/strong> vem embalada de forma plana para <strong data-start=\"979\" data-end=\"996\">poupar<\/strong> espa\u00e7o de arruma\u00e7\u00e3o e \u00e9 f\u00e1cil de montar gra\u00e7as \u00e0 <strong>base inclu\u00edda<\/strong>. A sua estrutura s\u00f3lida protege os seus produtos e oferece uma excelente visibilidade. Esta embalagem n\u00e3o \u00e9 apenas um simples contentor, \u00e9 um verdadeiro trunfo de marketing que atrai a aten\u00e7\u00e3o dos clientes e os faz querer provar.  <\/p>\n<p data-start=\"1307\" data-end=\"1546\">E com <strong data-start=\"1316\" data-end=\"1346\">as dimens\u00f5es de 8 x 5 x 5 cm<\/strong>, \u00e9 compacto mas oferece espa\u00e7o suficiente para uma apresenta\u00e7\u00e3o chique e requintada. Dispon\u00edvel individualmente, pode ser utilizado tanto para necessidades pontuais como para s\u00e9ries maiores. <\/p>\n<p data-start=\"1548\" data-end=\"1754\">Escolha uma embalagem de qualidade profissional que combine praticidade, est\u00e9tica e durabilidade. Em suma, esta <strong data-start=\"1651\" data-end=\"1671\">caixa de PVC para macarons<\/strong> ser\u00e1, sem d\u00favida, um aliado indispens\u00e1vel para as suas vendas e eventos. <\/p>\n<p data-start=\"1423\" data-end=\"1694\"><!--more--><\/p>\n<h4 data-start=\"1423\" data-end=\"1694\">Vantagens :<\/h4>\n<ul>\n<li data-start=\"1423\" data-end=\"1694\">Apresenta\u00e7\u00e3o elegante e transparente.<\/li>\n<li data-start=\"1423\" data-end=\"1694\"><strong>Base em papel Bristol recortado<\/strong> para um toque de requinte.<\/li>\n<li data-start=\"1423\" data-end=\"1694\"><strong>Tamanho pr\u00e1tico<\/strong>: 80 x 50 x 50 mm.<\/li>\n<li data-start=\"1423\" data-end=\"1694\">Entregue em formato plano, f\u00e1cil de montar.<\/li>\n<li data-start=\"1423\" data-end=\"1694\">Proteger e apresentar os seus produtos.<\/li>\n<\/ul>\n<p>&nbsp;<\/p>\n<p><!--more--><\/p>\n<h4>Outras informa\u00e7\u00f5es :<\/h4>\n<ul style=\"box-sizing: inherit; font-family: Roboto, sans-serif;\">\n<li><strong>Embalagem<\/strong>: Por unidade<\/li>\n<li><span style=\"font-weight: bold;\">Dimens\u00f5es<\/span>: 80 x 50 x 50 (C x L x A em mm)<\/li>\n<li><strong>Material<\/strong>: cart\u00e3o + pl\u00e1stico PVC<\/li>\n<li><strong>Cor<\/strong>: Transparente \/ Marfim<\/li>\n<\/ul>\n<p>&nbsp;<\/p>\n<p><!--more--><\/p>\n<p>Caixa dispon\u00edvel em v\u00e1rios tamanhos: <span style=\"color: #d12727;\"><a style=\"color: #d12727;\" href=\"https:\/\/www.csj-emballages.com\/produit\/etui-macaron-pvc-160-x-50-x-50-mm\/\">160 x 50 x 50 mm<\/a> <\/span>\/ <span style=\"color: #d12727;\"><a style=\"color: #d12727;\" href=\"https:\/\/www.csj-emballages.com\/produit\/etui-macaron-pvc-190-x-50-x-50-mm\/\">190 x 50 x 50 mm<\/a><\/span><\/p>\n<p>&nbsp;<\/p>\n<p><!--more--><\/p>\n<p>Esta pequena caixa de macarons em marfim est\u00e1 dispon\u00edvel em v\u00e1rias cores: <span style=\"color: #d12727;\"><a style=\"color: #d12727;\" href=\"https:\/\/www.csj-emballages.com\/produit\/etui-macarons-rose-pvc-80-x-50-x-50-mm-par-10\/\">cor-de-rosa<\/a><\/span> \/ <span style=\"color: #d12727;\"><a style=\"color: #d12727;\" href=\"https:\/\/www.csj-emballages.com\/pt-pt\/produit\/caixa-de-macarrao-em-pvc-kraft-80-x-50-x-50-mm-embalagem-de-20\/\">Kraft<\/a><\/span><\/p>\n<p>&nbsp;<\/p>\n<p><!--more--><\/p>\n<p><a href=\"https:\/\/www.csj-emballages.com\/pt-pt\/categorie-produit\/embalagem-de-alimentos\/padaria-e-pastelaria\/caixas-e-estojos\/caixas-estojos-para-macarons\/caixas-de-macarrao-pt-pt\/\">Ver o resto da nossa gama de caixas para macarons<\/a><\/p>\n","protected":false},"excerpt":{"rendered":"<p>Caixa de macarr\u00e3o Descri\u00e7\u00e3o da nossa caixa de bot\u00f5es em PVC 80 x 50 x 50 mm<\/p>\n","protected":false},"featured_media":242065,"template":"","meta":{"_acf_changed":false},"product_brand":[],"product_cat":[1141,1177,1732,2591],"product_tag":[],"class_list":{"0":"post-20673","1":"product","2":"type-product","3":"status-publish","4":"has-post-thumbnail","6":"product_cat-embalagem-de-alimentos","7":"product_cat-padaria-e-pastelaria","8":"product_cat-caixas-estojos-para-macarons","9":"product_cat-caixas-de-macarrao-pt-pt","11":"first","12":"instock","13":"taxable","14":"shipping-taxable","15":"purchasable","16":"product-type-simple"},"acf":[],"yoast_head":"<!-- This site is optimized with the Yoast SEO Premium plugin v26.6 (Yoast SEO v26.6) - https:\/\/yoast.com\/wordpress\/plugins\/seo\/ -->\n<title>Caixa para macarr\u00e3o em PVC 80 x 50 x 50 mm<\/title>\n<meta name=\"description\" content=\"Mostre as suas cria\u00e7\u00f5es com a elegante, transparente e pr\u00e1tica caixa para macarons em PVC de 80 x 50 x 50 mm. Ideal para macarons.\" \/>\n<meta name=\"robots\" content=\"index, follow, max-snippet:-1, max-image-preview:large, max-video-preview:-1\" \/>\n<link rel=\"canonical\" href=\"https:\/\/www.csj-emballages.com\/pt-pt\/produit\/estojo-para-crachas-em-pvc-80-x-50-x-50-mm\/\" \/>\n<meta property=\"og:locale\" content=\"pt_PT\" \/>\n<meta property=\"og:type\" content=\"article\" \/>\n<meta property=\"og:title\" content=\"Caixa de bot\u00f5es em PVC 80 x 50 x 50 mm\" \/>\n<meta property=\"og:description\" content=\"Mostre as suas cria\u00e7\u00f5es com a elegante, transparente e pr\u00e1tica caixa para macarons em PVC de 80 x 50 x 50 mm. Ideal para macarons.\" \/>\n<meta property=\"og:url\" content=\"https:\/\/www.csj-emballages.com\/pt-pt\/produit\/estojo-para-crachas-em-pvc-80-x-50-x-50-mm\/\" \/>\n<meta property=\"og:site_name\" content=\"CSJ Emballages\" \/>\n<meta property=\"article:publisher\" content=\"https:\/\/www.facebook.com\/csjemballages\" \/>\n<meta property=\"article:modified_time\" content=\"2026-04-14T00:15:58+00:00\" \/>\n<meta property=\"og:image\" content=\"https:\/\/www.csj-emballages.com\/wp-content\/uploads\/2024\/03\/EM2.webp\" \/>\n\t<meta property=\"og:image:width\" content=\"800\" \/>\n\t<meta property=\"og:image:height\" content=\"800\" \/>\n\t<meta property=\"og:image:type\" content=\"image\/webp\" \/>\n<meta name=\"twitter:card\" content=\"summary_large_image\" \/>\n<meta name=\"twitter:label1\" content=\"Tempo estimado de leitura\" \/>\n\t<meta name=\"twitter:data1\" content=\"2 minutos\" \/>\n<script type=\"application\/ld+json\" class=\"yoast-schema-graph\">{\"@context\":\"https:\/\/schema.org\",\"@graph\":[{\"@type\":\"WebPage\",\"@id\":\"https:\/\/www.csj-emballages.com\/pt-pt\/produit\/estojo-para-crachas-em-pvc-80-x-50-x-50-mm\/\",\"url\":\"https:\/\/www.csj-emballages.com\/pt-pt\/produit\/estojo-para-crachas-em-pvc-80-x-50-x-50-mm\/\",\"name\":\"Caixa para macarr\u00e3o em PVC 80 x 50 x 50 mm\",\"isPartOf\":{\"@id\":\"https:\/\/www.csj-emballages.com\/pt-pt\/#website\"},\"primaryImageOfPage\":{\"@id\":\"https:\/\/www.csj-emballages.com\/pt-pt\/produit\/estojo-para-crachas-em-pvc-80-x-50-x-50-mm\/#primaryimage\"},\"image\":{\"@id\":\"https:\/\/www.csj-emballages.com\/pt-pt\/produit\/estojo-para-crachas-em-pvc-80-x-50-x-50-mm\/#primaryimage\"},\"thumbnailUrl\":\"https:\/\/www.csj-emballages.com\/wp-content\/uploads\/2024\/03\/EM2.webp\",\"datePublished\":\"2024-03-01T15:54:25+00:00\",\"dateModified\":\"2026-04-14T00:15:58+00:00\",\"description\":\"Mostre as suas cria\u00e7\u00f5es com a elegante, transparente e pr\u00e1tica caixa para macarons em PVC de 80 x 50 x 50 mm. Ideal para macarons.\",\"breadcrumb\":{\"@id\":\"https:\/\/www.csj-emballages.com\/pt-pt\/produit\/estojo-para-crachas-em-pvc-80-x-50-x-50-mm\/#breadcrumb\"},\"inLanguage\":\"pt-PT\",\"potentialAction\":[{\"@type\":\"ReadAction\",\"target\":[\"https:\/\/www.csj-emballages.com\/pt-pt\/produit\/estojo-para-crachas-em-pvc-80-x-50-x-50-mm\/\"]}]},{\"@type\":\"ImageObject\",\"inLanguage\":\"pt-PT\",\"@id\":\"https:\/\/www.csj-emballages.com\/pt-pt\/produit\/estojo-para-crachas-em-pvc-80-x-50-x-50-mm\/#primaryimage\",\"url\":\"https:\/\/www.csj-emballages.com\/wp-content\/uploads\/2024\/03\/EM2.webp\",\"contentUrl\":\"https:\/\/www.csj-emballages.com\/wp-content\/uploads\/2024\/03\/EM2.webp\",\"width\":800,\"height\":800,\"caption\":\"\u00c9tui macaron\"},{\"@type\":\"BreadcrumbList\",\"@id\":\"https:\/\/www.csj-emballages.com\/pt-pt\/produit\/estojo-para-crachas-em-pvc-80-x-50-x-50-mm\/#breadcrumb\",\"itemListElement\":[{\"@type\":\"ListItem\",\"position\":1,\"name\":\"Acolhimento\",\"item\":\"https:\/\/www.csj-emballages.com\/pt-pt\/universo-das-embalagens-alimentares\/\"},{\"@type\":\"ListItem\",\"position\":2,\"name\":\"Shop\",\"item\":\"https:\/\/www.csj-emballages.com\/shop\/\"},{\"@type\":\"ListItem\",\"position\":3,\"name\":\"Caixa de bot\u00f5es em PVC 80 x 50 x 50 mm\"}]},{\"@type\":\"WebSite\",\"@id\":\"https:\/\/www.csj-emballages.com\/pt-pt\/#website\",\"url\":\"https:\/\/www.csj-emballages.com\/pt-pt\/\",\"name\":\"CSJ Emballages\",\"description\":\"\",\"publisher\":{\"@id\":\"https:\/\/www.csj-emballages.com\/pt-pt\/#organization\"},\"potentialAction\":[{\"@type\":\"SearchAction\",\"target\":{\"@type\":\"EntryPoint\",\"urlTemplate\":\"https:\/\/www.csj-emballages.com\/pt-pt\/?s={search_term_string}\"},\"query-input\":{\"@type\":\"PropertyValueSpecification\",\"valueRequired\":true,\"valueName\":\"search_term_string\"}}],\"inLanguage\":\"pt-PT\"},{\"@type\":\"Organization\",\"@id\":\"https:\/\/www.csj-emballages.com\/pt-pt\/#Organization\/\",\"name\":\"CSJ Emballages\",\"url\":\"https:\/\/www.csj-emballages.com\/pt-pt\/\",\"logo\":{\"@type\":\"ImageObject\",\"inLanguage\":\"pt-PT\",\"@id\":\"https:\/\/www.csj-emballages.com\/pt-pt\/#\/schema\/logo\/image\/\",\"url\":\"https:\/\/www.csj-emballages.com\/wp-content\/uploads\/2023\/10\/logo_csj.webp\",\"contentUrl\":\"https:\/\/www.csj-emballages.com\/wp-content\/uploads\/2023\/10\/logo_csj.webp\",\"width\":250,\"height\":95,\"caption\":\"CSJ Emballages\"},\"image\":{\"@id\":\"https:\/\/www.csj-emballages.com\/pt-pt\/#\/schema\/logo\/image\/\"},\"sameAs\":[\"https:\/\/www.facebook.com\/csjemballages\"],\"address\":{\"@type\":\"PostalAddress\",\"streetAddress\":\"ZI La Lechere\",\"addressLocality\":\"Patornay\",\"postalCode\":\"39130\",\"addressCountry\":\"FR\"},\"contactPoint\":[{\"@type\":\"ContactPoint\",\"contactType\":\"Service client\",\"telephone\":\"0384254272\",\"email\":\"contact@csj-emballages.com\"}]}]}<\/script>\n<!-- \/ Yoast SEO Premium plugin. -->","yoast_head_json":{"title":"Caixa para macarr\u00e3o em PVC 80 x 50 x 50 mm","description":"Mostre as suas cria\u00e7\u00f5es com a elegante, transparente e pr\u00e1tica caixa para macarons em PVC de 80 x 50 x 50 mm. Ideal para macarons.","robots":{"index":"index","follow":"follow","max-snippet":"max-snippet:-1","max-image-preview":"max-image-preview:large","max-video-preview":"max-video-preview:-1"},"canonical":"https:\/\/www.csj-emballages.com\/pt-pt\/produit\/estojo-para-crachas-em-pvc-80-x-50-x-50-mm\/","og_locale":"pt_PT","og_type":"article","og_title":"Caixa de bot\u00f5es em PVC 80 x 50 x 50 mm","og_description":"Mostre as suas cria\u00e7\u00f5es com a elegante, transparente e pr\u00e1tica caixa para macarons em PVC de 80 x 50 x 50 mm. Ideal para macarons.","og_url":"https:\/\/www.csj-emballages.com\/pt-pt\/produit\/estojo-para-crachas-em-pvc-80-x-50-x-50-mm\/","og_site_name":"CSJ Emballages","article_publisher":"https:\/\/www.facebook.com\/csjemballages","article_modified_time":"2026-04-14T00:15:58+00:00","og_image":[{"width":800,"height":800,"url":"https:\/\/www.csj-emballages.com\/wp-content\/uploads\/2024\/03\/EM2.webp","type":"image\/webp"}],"twitter_card":"summary_large_image","twitter_misc":{"Tempo estimado de leitura":"2 minutos"},"schema":{"@context":"https:\/\/schema.org","@graph":[{"@type":"WebPage","@id":"https:\/\/www.csj-emballages.com\/pt-pt\/produit\/estojo-para-crachas-em-pvc-80-x-50-x-50-mm\/","url":"https:\/\/www.csj-emballages.com\/pt-pt\/produit\/estojo-para-crachas-em-pvc-80-x-50-x-50-mm\/","name":"Caixa para macarr\u00e3o em PVC 80 x 50 x 50 mm","isPartOf":{"@id":"https:\/\/www.csj-emballages.com\/pt-pt\/#website"},"primaryImageOfPage":{"@id":"https:\/\/www.csj-emballages.com\/pt-pt\/produit\/estojo-para-crachas-em-pvc-80-x-50-x-50-mm\/#primaryimage"},"image":{"@id":"https:\/\/www.csj-emballages.com\/pt-pt\/produit\/estojo-para-crachas-em-pvc-80-x-50-x-50-mm\/#primaryimage"},"thumbnailUrl":"https:\/\/www.csj-emballages.com\/wp-content\/uploads\/2024\/03\/EM2.webp","datePublished":"2024-03-01T15:54:25+00:00","dateModified":"2026-04-14T00:15:58+00:00","description":"Mostre as suas cria\u00e7\u00f5es com a elegante, transparente e pr\u00e1tica caixa para macarons em PVC de 80 x 50 x 50 mm. Ideal para macarons.","breadcrumb":{"@id":"https:\/\/www.csj-emballages.com\/pt-pt\/produit\/estojo-para-crachas-em-pvc-80-x-50-x-50-mm\/#breadcrumb"},"inLanguage":"pt-PT","potentialAction":[{"@type":"ReadAction","target":["https:\/\/www.csj-emballages.com\/pt-pt\/produit\/estojo-para-crachas-em-pvc-80-x-50-x-50-mm\/"]}]},{"@type":"ImageObject","inLanguage":"pt-PT","@id":"https:\/\/www.csj-emballages.com\/pt-pt\/produit\/estojo-para-crachas-em-pvc-80-x-50-x-50-mm\/#primaryimage","url":"https:\/\/www.csj-emballages.com\/wp-content\/uploads\/2024\/03\/EM2.webp","contentUrl":"https:\/\/www.csj-emballages.com\/wp-content\/uploads\/2024\/03\/EM2.webp","width":800,"height":800,"caption":"\u00c9tui macaron"},{"@type":"BreadcrumbList","@id":"https:\/\/www.csj-emballages.com\/pt-pt\/produit\/estojo-para-crachas-em-pvc-80-x-50-x-50-mm\/#breadcrumb","itemListElement":[{"@type":"ListItem","position":1,"name":"Acolhimento","item":"https:\/\/www.csj-emballages.com\/pt-pt\/universo-das-embalagens-alimentares\/"},{"@type":"ListItem","position":2,"name":"Shop","item":"https:\/\/www.csj-emballages.com\/shop\/"},{"@type":"ListItem","position":3,"name":"Caixa de bot\u00f5es em PVC 80 x 50 x 50 mm"}]},{"@type":"WebSite","@id":"https:\/\/www.csj-emballages.com\/pt-pt\/#website","url":"https:\/\/www.csj-emballages.com\/pt-pt\/","name":"CSJ Emballages","description":"","publisher":{"@id":"https:\/\/www.csj-emballages.com\/pt-pt\/#organization"},"potentialAction":[{"@type":"SearchAction","target":{"@type":"EntryPoint","urlTemplate":"https:\/\/www.csj-emballages.com\/pt-pt\/?s={search_term_string}"},"query-input":{"@type":"PropertyValueSpecification","valueRequired":true,"valueName":"search_term_string"}}],"inLanguage":"pt-PT"},{"@type":"Organization","@id":"https:\/\/www.csj-emballages.com\/pt-pt\/#Organization\/","name":"CSJ Emballages","url":"https:\/\/www.csj-emballages.com\/pt-pt\/","logo":{"@type":"ImageObject","inLanguage":"pt-PT","@id":"https:\/\/www.csj-emballages.com\/pt-pt\/#\/schema\/logo\/image\/","url":"https:\/\/www.csj-emballages.com\/wp-content\/uploads\/2023\/10\/logo_csj.webp","contentUrl":"https:\/\/www.csj-emballages.com\/wp-content\/uploads\/2023\/10\/logo_csj.webp","width":250,"height":95,"caption":"CSJ Emballages"},"image":{"@id":"https:\/\/www.csj-emballages.com\/pt-pt\/#\/schema\/logo\/image\/"},"sameAs":["https:\/\/www.facebook.com\/csjemballages"],"address":{"@type":"PostalAddress","streetAddress":"ZI La Lechere","addressLocality":"Patornay","postalCode":"39130","addressCountry":"FR"},"contactPoint":[{"@type":"ContactPoint","contactType":"Service client","telephone":"0384254272","email":"contact@csj-emballages.com"}]}]}},"df_price":0.7,"df_sale_price":"","df_regular_price":0.7,"df_image_link":"https:\/\/www.csj-emballages.com\/wp-content\/uploads\/2024\/03\/EM2-300x300.webp","tiered_pricing_type":"fixed","tiered_pricing_fixed_rules":[],"tiered_pricing_percentage_rules":[],"tiered_pricing_minimum":1,"tiered_pricing_roles_data":[],"_links":{"self":[{"href":"https:\/\/www.csj-emballages.com\/pt-pt\/wp-json\/wp\/v2\/product\/20673","targetHints":{"allow":["GET"]}}],"collection":[{"href":"https:\/\/www.csj-emballages.com\/pt-pt\/wp-json\/wp\/v2\/product"}],"about":[{"href":"https:\/\/www.csj-emballages.com\/pt-pt\/wp-json\/wp\/v2\/types\/product"}],"wp:featuredmedia":[{"embeddable":true,"href":"https:\/\/www.csj-emballages.com\/pt-pt\/wp-json\/wp\/v2\/media\/242065"}],"wp:attachment":[{"href":"https:\/\/www.csj-emballages.com\/pt-pt\/wp-json\/wp\/v2\/media?parent=20673"}],"wp:term":[{"taxonomy":"product_brand","embeddable":true,"href":"https:\/\/www.csj-emballages.com\/pt-pt\/wp-json\/wp\/v2\/product_brand?post=20673"},{"taxonomy":"product_cat","embeddable":true,"href":"https:\/\/www.csj-emballages.com\/pt-pt\/wp-json\/wp\/v2\/product_cat?post=20673"},{"taxonomy":"product_tag","embeddable":true,"href":"https:\/\/www.csj-emballages.com\/pt-pt\/wp-json\/wp\/v2\/product_tag?post=20673"}],"curies":[{"name":"wp","href":"https:\/\/api.w.org\/{rel}","templated":true}]}}