{"id":20623,"date":"2024-03-01T16:54:30","date_gmt":"2024-03-01T15:54:30","guid":{"rendered":"https:\/\/u15jnbdpoq.preview.infomaniak.website\/produit\/50-coberturas-de-cupula-descartaveis-sd5-sd8-ts5-tp5-tp9\/"},"modified":"2026-04-28T21:00:23","modified_gmt":"2026-04-28T19:00:23","slug":"50-coberturas-de-cupula-descartaveis-sd5-sd8-ts5-tp5-tp9","status":"publish","type":"product","link":"https:\/\/www.csj-emballages.com\/pt-pt\/produit\/50-coberturas-de-cupula-descartaveis-sd5-sd8-ts5-tp5-tp9\/","title":{"rendered":"Tampa de pl\u00e1stico com c\u00fapula para ta\u00e7a de sobremesa SD8 \/ TP9 50 unid."},"content":{"rendered":"<h2>Tampa de pl\u00e1stico<\/h2>\n<hr>\n<h3>Descri\u00e7\u00e3o da nossa tampa de pl\u00e1stico com c\u00fapula para ta\u00e7a de sobremesa SD8 \/ TP9, 50 unidades<\/h3>\n<p><!--more--><\/p>\n<p data-start=\"239\" data-end=\"580\">A <strong>tampa c\u00fapula em pl\u00e1stico para ta\u00e7a de sobremesa <span style=\"color: #d12727;\"><a style=\"color: #d12727;\" href=\"https:\/\/www.csj-emballages.com\/es\/produit\/50-vasos-de-postre-de-plastico-cristal-desechables-236-ml\/\">SD8<\/a><\/span> \/ <span style=\"color: #d12727;\"><a style=\"color: #d12727;\" href=\"https:\/\/www.csj-emballages.com\/es\/produit\/50-tarrinas-de-plastico-cristal-desechables-para-helado-270-ml\/\">TP9<\/a><\/span><\/strong> foi especialmente concebida para garantir um fecho pr\u00e1tico e seguro das suas ta\u00e7as de sobremesa compat\u00edveis. Ideal para profissionais de pastelaria, catering, padarias e take-away, protege eficazmente as suas prepara\u00e7\u00f5es, valorizando-as ao mesmo tempo. <\/p>\n<p data-start=\"582\" data-end=\"871\">Fabricada em pl\u00e1stico transparente de qualidade alimentar, esta <strong>tampa<\/strong> oferece uma excelente visibilidade do conte\u00fado. Al\u00e9m disso, permite apresentar <strong>mousses, tiramisus, saladas de fruta, cremes de sobremesa ou verrines<\/strong>, protegendo-os de contamina\u00e7\u00f5es externas e riscos de derrame. <\/p>\n<p data-start=\"873\" data-end=\"1136\">O seu design garante um ajuste preciso nas <strong>ta\u00e7as <span style=\"color: #d12727;\"><a style=\"color: #d12727;\" href=\"https:\/\/www.csj-emballages.com\/es\/produit\/50-vasos-de-postre-de-plastico-cristal-desechables-236-ml\/\">SD8<\/a><\/span> e <span style=\"color: #d12727;\"><a style=\"color: #d12727;\" href=\"https:\/\/www.csj-emballages.com\/es\/produit\/50-tarrinas-de-plastico-cristal-desechables-para-helado-270-ml\/\">TP9<\/a><\/span><\/strong>, assegurando a estabilidade durante o transporte ou armazenamento em vitrinas refrigeradas. F\u00e1cil de encaixar e remover, simplifica o trabalho de prepara\u00e7\u00e3o e otimiza o servi\u00e7o no ponto de venda. <\/p>\n<p data-start=\"1138\" data-end=\"1310\">Embalado em lote de <strong>50 unidades<\/strong>, esta <strong>tampa c\u00fapula em pl\u00e1stico<\/strong> \u00e9 uma solu\u00e7\u00e3o pr\u00e1tica e econ\u00f3mica para profissionais que procuram fiabilidade, higiene e uma apresenta\u00e7\u00e3o cuidada.<\/p>\n<p data-start=\"1138\" data-end=\"1310\">\n<p data-start=\"1138\" data-end=\"1310\"><!--more--><\/p>\n<h4 data-start=\"1138\" data-end=\"1310\">Vantagens :<\/h4>\n<ul>\n<li data-start=\"1348\" data-end=\"1387\">Compat\u00edvel com as <strong>ta\u00e7as<\/strong> <strong><span style=\"color: #d12727;\"><a style=\"color: #d12727;\" href=\"https:\/\/www.csj-emballages.com\/es\/produit\/50-vasos-de-postre-de-plastico-cristal-desechables-236-ml\/\">SD8<\/a><\/span><\/strong> e <strong><span style=\"color: #d12727;\"><a style=\"color: #d12727;\" href=\"https:\/\/www.csj-emballages.com\/es\/produit\/50-tarrinas-de-plastico-cristal-desechables-para-helado-270-ml\/\">TP9<\/a><\/span><\/strong>.<\/li>\n<li data-start=\"1390\" data-end=\"1441\">Pl\u00e1stico transparente apto ao contacto alimentar.<\/li>\n<li data-start=\"1483\" data-end=\"1523\">Protege as sobremesas durante o transporte.<\/li>\n<li data-start=\"1565\" data-end=\"1598\">Adequada para vitrinas refrigeradas.<\/li>\n<li data-start=\"1601\" data-end=\"1634\">F\u00e1cil de encaixar e manusear.<\/li>\n<li data-start=\"1637\" data-end=\"1681\">Embalagem pr\u00e1tica de <strong>50 tampas.<\/strong><\/li>\n<\/ul>\n<p data-start=\"1138\" data-end=\"1310\">\n<p><!--more--><\/p>\n<h4>Outras informa\u00e7\u00f5es :<\/h4>\n<ul>\n<li><strong>Dimens\u00f5es<\/strong>: 95 x 45 (\u00d8 x H em mm).<\/li>\n<li><strong>Embalagem<\/strong>: Embalagens de 50<\/li>\n<li><strong>Material<\/strong>: PET<\/li>\n<\/ul>\n<p>&nbsp;<\/p>\n<p><!--more--><\/p>\n<p>Encontra aqui os copos de sobremesa vendidos separadamente e compat\u00edveis com este produto: <span style=\"color: #d12727;\"><a style=\"color: #d12727;\" href=\"https:\/\/www.csj-emballages.com\/es\/produit\/50-vasos-de-postre-de-plastico-cristal-desechables-236-ml\/\">SD8<\/a><\/span> \/ <span style=\"color: #d12727;\"><a style=\"color: #d12727;\" href=\"https:\/\/www.csj-emballages.com\/produit\/coupe-a-dessert-plastique-270-ml-par-50\/\">TP9<\/a><\/span><\/p>\n<p>&nbsp;<\/p>\n<p><!--more--><\/p>\n<p><a href=\"https:\/\/www.csj-emballages.com\/pt-pt\/categorie-produit\/embalagem-de-alimentos\/talho-e-charcutaria\/copos-jarras-copos\/copos-de-sobremesa\/\">Descobre o resto da nossa gama de ta\u00e7as de sobremesa<\/a><\/p>\n<p>&nbsp;<\/p>\n","protected":false},"excerpt":{"rendered":"<p>Tampa de pl\u00e1stico Descri\u00e7\u00e3o da nossa tampa de pl\u00e1stico com c\u00fapula para ta\u00e7a de sobremesa SD8 \/ TP9, 50 unidades<\/p>\n","protected":false},"featured_media":218558,"template":"","meta":{"_acf_changed":false},"product_brand":[],"product_cat":[1141,1176,1306,1459],"product_tag":[],"class_list":{"0":"post-20623","1":"product","2":"type-product","3":"status-publish","4":"has-post-thumbnail","6":"product_cat-embalagem-de-alimentos","7":"product_cat-talho-e-charcutaria","8":"product_cat-copos-jarras-copos","9":"product_cat-copos-de-sobremesa","11":"first","12":"instock","13":"taxable","14":"shipping-taxable","15":"purchasable","16":"product-type-simple"},"acf":[],"yoast_head":"<!-- This site is optimized with the Yoast SEO Premium plugin v26.6 (Yoast SEO v26.6) - https:\/\/yoast.com\/wordpress\/plugins\/seo\/ -->\n<title>Tampa de pl\u00e1stico com c\u00fapula para ta\u00e7a de sobremesa SD8 \/ TP9<\/title>\n<meta name=\"description\" content=\"Tampa de pl\u00e1stico em forma de c\u00fapula para ta\u00e7a de sobremesa SD8 \/ TP9, que oferece uma veda\u00e7\u00e3o herm\u00e9tica para proteger e transportar as tuas sobremesas com toda a seguran\u00e7a.\" \/>\n<meta name=\"robots\" content=\"index, follow, max-snippet:-1, max-image-preview:large, max-video-preview:-1\" \/>\n<link rel=\"canonical\" href=\"https:\/\/www.csj-emballages.com\/pt-pt\/produit\/50-coberturas-de-cupula-descartaveis-sd5-sd8-ts5-tp5-tp9\/\" \/>\n<meta property=\"og:locale\" content=\"pt_PT\" \/>\n<meta property=\"og:type\" content=\"article\" \/>\n<meta property=\"og:title\" content=\"Tampa de pl\u00e1stico com c\u00fapula para ta\u00e7a de sobremesa SD8 \/ TP9 50 unid.\" \/>\n<meta property=\"og:description\" content=\"Tampa de pl\u00e1stico em forma de c\u00fapula para ta\u00e7a de sobremesa SD8 \/ TP9, que oferece uma veda\u00e7\u00e3o herm\u00e9tica para proteger e transportar as tuas sobremesas com toda a seguran\u00e7a.\" \/>\n<meta property=\"og:url\" content=\"https:\/\/www.csj-emballages.com\/pt-pt\/produit\/50-coberturas-de-cupula-descartaveis-sd5-sd8-ts5-tp5-tp9\/\" \/>\n<meta property=\"og:site_name\" content=\"CSJ Emballages\" \/>\n<meta property=\"article:publisher\" content=\"https:\/\/www.facebook.com\/csjemballages\" \/>\n<meta property=\"article:modified_time\" content=\"2026-04-28T19:00:23+00:00\" \/>\n<meta property=\"og:image\" content=\"https:\/\/www.csj-emballages.com\/wp-content\/uploads\/2024\/03\/DOMEST.webp\" \/>\n\t<meta property=\"og:image:width\" content=\"800\" \/>\n\t<meta property=\"og:image:height\" content=\"800\" \/>\n\t<meta property=\"og:image:type\" content=\"image\/webp\" \/>\n<meta name=\"twitter:card\" content=\"summary_large_image\" \/>\n<meta name=\"twitter:label1\" content=\"Tempo estimado de leitura\" \/>\n\t<meta name=\"twitter:data1\" content=\"1 minuto\" \/>\n<script type=\"application\/ld+json\" class=\"yoast-schema-graph\">{\"@context\":\"https:\/\/schema.org\",\"@graph\":[{\"@type\":\"WebPage\",\"@id\":\"https:\/\/www.csj-emballages.com\/pt-pt\/produit\/50-coberturas-de-cupula-descartaveis-sd5-sd8-ts5-tp5-tp9\/\",\"url\":\"https:\/\/www.csj-emballages.com\/pt-pt\/produit\/50-coberturas-de-cupula-descartaveis-sd5-sd8-ts5-tp5-tp9\/\",\"name\":\"Tampa de pl\u00e1stico com c\u00fapula para ta\u00e7a de sobremesa SD8 \/ TP9\",\"isPartOf\":{\"@id\":\"https:\/\/www.csj-emballages.com\/pt-pt\/#website\"},\"primaryImageOfPage\":{\"@id\":\"https:\/\/www.csj-emballages.com\/pt-pt\/produit\/50-coberturas-de-cupula-descartaveis-sd5-sd8-ts5-tp5-tp9\/#primaryimage\"},\"image\":{\"@id\":\"https:\/\/www.csj-emballages.com\/pt-pt\/produit\/50-coberturas-de-cupula-descartaveis-sd5-sd8-ts5-tp5-tp9\/#primaryimage\"},\"thumbnailUrl\":\"https:\/\/www.csj-emballages.com\/wp-content\/uploads\/2024\/03\/DOMEST.webp\",\"datePublished\":\"2024-03-01T15:54:30+00:00\",\"dateModified\":\"2026-04-28T19:00:23+00:00\",\"description\":\"Tampa de pl\u00e1stico em forma de c\u00fapula para ta\u00e7a de sobremesa SD8 \/ TP9, que oferece uma veda\u00e7\u00e3o herm\u00e9tica para proteger e transportar as tuas sobremesas com toda a seguran\u00e7a.\",\"breadcrumb\":{\"@id\":\"https:\/\/www.csj-emballages.com\/pt-pt\/produit\/50-coberturas-de-cupula-descartaveis-sd5-sd8-ts5-tp5-tp9\/#breadcrumb\"},\"inLanguage\":\"pt-PT\",\"potentialAction\":[{\"@type\":\"ReadAction\",\"target\":[\"https:\/\/www.csj-emballages.com\/pt-pt\/produit\/50-coberturas-de-cupula-descartaveis-sd5-sd8-ts5-tp5-tp9\/\"]}]},{\"@type\":\"ImageObject\",\"inLanguage\":\"pt-PT\",\"@id\":\"https:\/\/www.csj-emballages.com\/pt-pt\/produit\/50-coberturas-de-cupula-descartaveis-sd5-sd8-ts5-tp5-tp9\/#primaryimage\",\"url\":\"https:\/\/www.csj-emballages.com\/wp-content\/uploads\/2024\/03\/DOMEST.webp\",\"contentUrl\":\"https:\/\/www.csj-emballages.com\/wp-content\/uploads\/2024\/03\/DOMEST.webp\",\"width\":800,\"height\":800,\"caption\":\"couvercle plastique\"},{\"@type\":\"BreadcrumbList\",\"@id\":\"https:\/\/www.csj-emballages.com\/pt-pt\/produit\/50-coberturas-de-cupula-descartaveis-sd5-sd8-ts5-tp5-tp9\/#breadcrumb\",\"itemListElement\":[{\"@type\":\"ListItem\",\"position\":1,\"name\":\"Acolhimento\",\"item\":\"https:\/\/www.csj-emballages.com\/pt-pt\/universo-das-embalagens-alimentares\/\"},{\"@type\":\"ListItem\",\"position\":2,\"name\":\"Shop\",\"item\":\"https:\/\/www.csj-emballages.com\/shop\/\"},{\"@type\":\"ListItem\",\"position\":3,\"name\":\"Tampa de pl\u00e1stico com c\u00fapula para ta\u00e7a de sobremesa SD8 \/ TP9 50 unid.\"}]},{\"@type\":\"WebSite\",\"@id\":\"https:\/\/www.csj-emballages.com\/pt-pt\/#website\",\"url\":\"https:\/\/www.csj-emballages.com\/pt-pt\/\",\"name\":\"CSJ Emballages\",\"description\":\"\",\"publisher\":{\"@id\":\"https:\/\/www.csj-emballages.com\/pt-pt\/#organization\"},\"potentialAction\":[{\"@type\":\"SearchAction\",\"target\":{\"@type\":\"EntryPoint\",\"urlTemplate\":\"https:\/\/www.csj-emballages.com\/pt-pt\/?s={search_term_string}\"},\"query-input\":{\"@type\":\"PropertyValueSpecification\",\"valueRequired\":true,\"valueName\":\"search_term_string\"}}],\"inLanguage\":\"pt-PT\"},{\"@type\":\"Organization\",\"@id\":\"https:\/\/www.csj-emballages.com\/pt-pt\/#Organization\/\",\"name\":\"CSJ Emballages\",\"url\":\"https:\/\/www.csj-emballages.com\/pt-pt\/\",\"logo\":{\"@type\":\"ImageObject\",\"inLanguage\":\"pt-PT\",\"@id\":\"https:\/\/www.csj-emballages.com\/pt-pt\/#\/schema\/logo\/image\/\",\"url\":\"https:\/\/www.csj-emballages.com\/wp-content\/uploads\/2023\/10\/logo_csj.webp\",\"contentUrl\":\"https:\/\/www.csj-emballages.com\/wp-content\/uploads\/2023\/10\/logo_csj.webp\",\"width\":250,\"height\":95,\"caption\":\"CSJ Emballages\"},\"image\":{\"@id\":\"https:\/\/www.csj-emballages.com\/pt-pt\/#\/schema\/logo\/image\/\"},\"sameAs\":[\"https:\/\/www.facebook.com\/csjemballages\"],\"address\":{\"@type\":\"PostalAddress\",\"streetAddress\":\"ZI La Lechere\",\"addressLocality\":\"Patornay\",\"postalCode\":\"39130\",\"addressCountry\":\"FR\"},\"contactPoint\":[{\"@type\":\"ContactPoint\",\"contactType\":\"Service client\",\"telephone\":\"0384254272\",\"email\":\"contact@csj-emballages.com\"}]}]}<\/script>\n<!-- \/ Yoast SEO Premium plugin. -->","yoast_head_json":{"title":"Tampa de pl\u00e1stico com c\u00fapula para ta\u00e7a de sobremesa SD8 \/ TP9","description":"Tampa de pl\u00e1stico em forma de c\u00fapula para ta\u00e7a de sobremesa SD8 \/ TP9, que oferece uma veda\u00e7\u00e3o herm\u00e9tica para proteger e transportar as tuas sobremesas com toda a seguran\u00e7a.","robots":{"index":"index","follow":"follow","max-snippet":"max-snippet:-1","max-image-preview":"max-image-preview:large","max-video-preview":"max-video-preview:-1"},"canonical":"https:\/\/www.csj-emballages.com\/pt-pt\/produit\/50-coberturas-de-cupula-descartaveis-sd5-sd8-ts5-tp5-tp9\/","og_locale":"pt_PT","og_type":"article","og_title":"Tampa de pl\u00e1stico com c\u00fapula para ta\u00e7a de sobremesa SD8 \/ TP9 50 unid.","og_description":"Tampa de pl\u00e1stico em forma de c\u00fapula para ta\u00e7a de sobremesa SD8 \/ TP9, que oferece uma veda\u00e7\u00e3o herm\u00e9tica para proteger e transportar as tuas sobremesas com toda a seguran\u00e7a.","og_url":"https:\/\/www.csj-emballages.com\/pt-pt\/produit\/50-coberturas-de-cupula-descartaveis-sd5-sd8-ts5-tp5-tp9\/","og_site_name":"CSJ Emballages","article_publisher":"https:\/\/www.facebook.com\/csjemballages","article_modified_time":"2026-04-28T19:00:23+00:00","og_image":[{"width":800,"height":800,"url":"https:\/\/www.csj-emballages.com\/wp-content\/uploads\/2024\/03\/DOMEST.webp","type":"image\/webp"}],"twitter_card":"summary_large_image","twitter_misc":{"Tempo estimado de leitura":"1 minuto"},"schema":{"@context":"https:\/\/schema.org","@graph":[{"@type":"WebPage","@id":"https:\/\/www.csj-emballages.com\/pt-pt\/produit\/50-coberturas-de-cupula-descartaveis-sd5-sd8-ts5-tp5-tp9\/","url":"https:\/\/www.csj-emballages.com\/pt-pt\/produit\/50-coberturas-de-cupula-descartaveis-sd5-sd8-ts5-tp5-tp9\/","name":"Tampa de pl\u00e1stico com c\u00fapula para ta\u00e7a de sobremesa SD8 \/ TP9","isPartOf":{"@id":"https:\/\/www.csj-emballages.com\/pt-pt\/#website"},"primaryImageOfPage":{"@id":"https:\/\/www.csj-emballages.com\/pt-pt\/produit\/50-coberturas-de-cupula-descartaveis-sd5-sd8-ts5-tp5-tp9\/#primaryimage"},"image":{"@id":"https:\/\/www.csj-emballages.com\/pt-pt\/produit\/50-coberturas-de-cupula-descartaveis-sd5-sd8-ts5-tp5-tp9\/#primaryimage"},"thumbnailUrl":"https:\/\/www.csj-emballages.com\/wp-content\/uploads\/2024\/03\/DOMEST.webp","datePublished":"2024-03-01T15:54:30+00:00","dateModified":"2026-04-28T19:00:23+00:00","description":"Tampa de pl\u00e1stico em forma de c\u00fapula para ta\u00e7a de sobremesa SD8 \/ TP9, que oferece uma veda\u00e7\u00e3o herm\u00e9tica para proteger e transportar as tuas sobremesas com toda a seguran\u00e7a.","breadcrumb":{"@id":"https:\/\/www.csj-emballages.com\/pt-pt\/produit\/50-coberturas-de-cupula-descartaveis-sd5-sd8-ts5-tp5-tp9\/#breadcrumb"},"inLanguage":"pt-PT","potentialAction":[{"@type":"ReadAction","target":["https:\/\/www.csj-emballages.com\/pt-pt\/produit\/50-coberturas-de-cupula-descartaveis-sd5-sd8-ts5-tp5-tp9\/"]}]},{"@type":"ImageObject","inLanguage":"pt-PT","@id":"https:\/\/www.csj-emballages.com\/pt-pt\/produit\/50-coberturas-de-cupula-descartaveis-sd5-sd8-ts5-tp5-tp9\/#primaryimage","url":"https:\/\/www.csj-emballages.com\/wp-content\/uploads\/2024\/03\/DOMEST.webp","contentUrl":"https:\/\/www.csj-emballages.com\/wp-content\/uploads\/2024\/03\/DOMEST.webp","width":800,"height":800,"caption":"couvercle plastique"},{"@type":"BreadcrumbList","@id":"https:\/\/www.csj-emballages.com\/pt-pt\/produit\/50-coberturas-de-cupula-descartaveis-sd5-sd8-ts5-tp5-tp9\/#breadcrumb","itemListElement":[{"@type":"ListItem","position":1,"name":"Acolhimento","item":"https:\/\/www.csj-emballages.com\/pt-pt\/universo-das-embalagens-alimentares\/"},{"@type":"ListItem","position":2,"name":"Shop","item":"https:\/\/www.csj-emballages.com\/shop\/"},{"@type":"ListItem","position":3,"name":"Tampa de pl\u00e1stico com c\u00fapula para ta\u00e7a de sobremesa SD8 \/ TP9 50 unid."}]},{"@type":"WebSite","@id":"https:\/\/www.csj-emballages.com\/pt-pt\/#website","url":"https:\/\/www.csj-emballages.com\/pt-pt\/","name":"CSJ Emballages","description":"","publisher":{"@id":"https:\/\/www.csj-emballages.com\/pt-pt\/#organization"},"potentialAction":[{"@type":"SearchAction","target":{"@type":"EntryPoint","urlTemplate":"https:\/\/www.csj-emballages.com\/pt-pt\/?s={search_term_string}"},"query-input":{"@type":"PropertyValueSpecification","valueRequired":true,"valueName":"search_term_string"}}],"inLanguage":"pt-PT"},{"@type":"Organization","@id":"https:\/\/www.csj-emballages.com\/pt-pt\/#Organization\/","name":"CSJ Emballages","url":"https:\/\/www.csj-emballages.com\/pt-pt\/","logo":{"@type":"ImageObject","inLanguage":"pt-PT","@id":"https:\/\/www.csj-emballages.com\/pt-pt\/#\/schema\/logo\/image\/","url":"https:\/\/www.csj-emballages.com\/wp-content\/uploads\/2023\/10\/logo_csj.webp","contentUrl":"https:\/\/www.csj-emballages.com\/wp-content\/uploads\/2023\/10\/logo_csj.webp","width":250,"height":95,"caption":"CSJ Emballages"},"image":{"@id":"https:\/\/www.csj-emballages.com\/pt-pt\/#\/schema\/logo\/image\/"},"sameAs":["https:\/\/www.facebook.com\/csjemballages"],"address":{"@type":"PostalAddress","streetAddress":"ZI La Lechere","addressLocality":"Patornay","postalCode":"39130","addressCountry":"FR"},"contactPoint":[{"@type":"ContactPoint","contactType":"Service client","telephone":"0384254272","email":"contact@csj-emballages.com"}]}]}},"df_price":2.16,"df_sale_price":"","df_regular_price":2.16,"df_image_link":"https:\/\/www.csj-emballages.com\/wp-content\/uploads\/2024\/03\/DOMEST-300x300.webp","tiered_pricing_type":"fixed","tiered_pricing_fixed_rules":[],"tiered_pricing_percentage_rules":[],"tiered_pricing_minimum":1,"tiered_pricing_roles_data":[],"_links":{"self":[{"href":"https:\/\/www.csj-emballages.com\/pt-pt\/wp-json\/wp\/v2\/product\/20623","targetHints":{"allow":["GET"]}}],"collection":[{"href":"https:\/\/www.csj-emballages.com\/pt-pt\/wp-json\/wp\/v2\/product"}],"about":[{"href":"https:\/\/www.csj-emballages.com\/pt-pt\/wp-json\/wp\/v2\/types\/product"}],"wp:featuredmedia":[{"embeddable":true,"href":"https:\/\/www.csj-emballages.com\/pt-pt\/wp-json\/wp\/v2\/media\/218558"}],"wp:attachment":[{"href":"https:\/\/www.csj-emballages.com\/pt-pt\/wp-json\/wp\/v2\/media?parent=20623"}],"wp:term":[{"taxonomy":"product_brand","embeddable":true,"href":"https:\/\/www.csj-emballages.com\/pt-pt\/wp-json\/wp\/v2\/product_brand?post=20623"},{"taxonomy":"product_cat","embeddable":true,"href":"https:\/\/www.csj-emballages.com\/pt-pt\/wp-json\/wp\/v2\/product_cat?post=20623"},{"taxonomy":"product_tag","embeddable":true,"href":"https:\/\/www.csj-emballages.com\/pt-pt\/wp-json\/wp\/v2\/product_tag?post=20623"}],"curies":[{"name":"wp","href":"https:\/\/api.w.org\/{rel}","templated":true}]}}