{"id":20620,"date":"2024-03-01T16:54:28","date_gmt":"2024-03-01T15:54:28","guid":{"rendered":"https:\/\/u15jnbdpoq.preview.infomaniak.website\/produit\/rolo-de-papel-vichy-duplex-com-33-cm-de-largura-10-kg\/"},"modified":"2026-05-01T02:12:22","modified_gmt":"2026-05-01T00:12:22","slug":"rolo-de-papel-vichy-duplex-com-33-cm-de-largura-10-kg","status":"publish","type":"product","link":"https:\/\/www.csj-emballages.com\/pt-pt\/produit\/rolo-de-papel-vichy-duplex-com-33-cm-de-largura-10-kg\/","title":{"rendered":"Rolo de papel de talhante duplex gingham 33 cm de largura 8 kg"},"content":{"rendered":"<h2 class=\"p1\">Rolo de papel de talhante<\/h2>\n<hr>\n<h3>Descri\u00e7\u00e3o do nosso rolo de papel de talho duplex vichy 33 cm largura 8 kg<\/h3>\n<p><!--more--><\/p>\n<p>O <strong data-start=\"35\" data-end=\"79\">rolo de papel de talho duplex em gingham<\/strong><strong>(33 cm de largura &#8211; 8 kg<\/strong>) \u00e9 indispens\u00e1vel para <strong data-start=\"135\" data-end=\"197\">talhos, charcutarias, fornecedores de refei\u00e7\u00f5es e retalhistas de produtos alimentares<\/strong>. Com o seu padr\u00e3o cl\u00e1ssico de gingham, \u00e9 uma forma <strong data-start=\"241\" data-end=\"268\">atraente e pr\u00e1tica<\/strong> de embalar a sua carne, queijo e outros produtos frescos. Gra\u00e7as \u00e0 sua composi\u00e7\u00e3o <strong>duplex<\/strong>, proporciona uma <strong data-start=\"381\" data-end=\"436\">barreira eficaz contra a humidade e a gordura<\/strong>, garantindo uma apresenta\u00e7\u00e3o cuidada e uma prote\u00e7\u00e3o \u00f3ptima.<\/p>\n<p>&nbsp;<\/p>\n<p><!--more--><\/p>\n<p>Este <strong>papel duplex<\/strong> \u00e9 fabricado a partir de uma folha de celulose branca de 52 g\/m\u00b2, laminada com uma pel\u00edcula de HDPE de 8 \u00b5 que o torna uma barreira \u00e0 humidade e \u00e0 gordura.<\/p>\n<p>&nbsp;<\/p>\n<p><!--more--><\/p>\n<h4>As suas vantagens:<\/h4>\n<ul>\n<li data-start=\"527\" data-end=\"630\"><strong data-start=\"529\" data-end=\"557\">Papel duplex de qualidade<\/strong>: Refor\u00e7ado para uma melhor resist\u00eancia \u00e0 gordura e \u00e0 humidade.<\/li>\n<li data-start=\"631\" data-end=\"725\"><strong data-start=\"633\" data-end=\"652\">Formato pr\u00e1tico<\/strong>: 33 cm de largura, ideal para v\u00e1rios tipos de embalagens de alimentos.<\/li>\n<li data-start=\"726\" data-end=\"830\"><strong data-start=\"728\" data-end=\"752\">Design elegante em gingham<\/strong>: D\u00e1 um toque tradicional e profissional \u00e0s suas apresenta\u00e7\u00f5es.<\/li>\n<li data-start=\"831\" data-end=\"914\"><strong data-start=\"833\" data-end=\"853\">Utiliza\u00e7\u00e3o vers\u00e1til<\/strong>: Adequado para talhantes, fornecedores de refei\u00e7\u00f5es e retalhistas de produtos alimentares.<\/li>\n<\/ul>\n<p>&nbsp;<\/p>\n<p><!--more--><\/p>\n<h4><strong>Outras informa\u00e7\u00f5es :  <\/strong><\/h4>\n<ul>\n<li><strong>Embalagem<\/strong>: Por unidade<\/li>\n<li><strong>Dimens\u00f5es<\/strong>: 33 cm de largura<\/li>\n<li><strong>Gramagem<\/strong>: 52g\/m\u00b2 + 8\u00b5 HDPE<\/li>\n<li><strong>Cor<\/strong>: Rosa \/ Branco<\/li>\n<\/ul>\n<p>&nbsp;<\/p>\n<p><!--more--><\/p>\n<p><a href=\"\/?product_cat=papier-duplex\">Ver o resto da nossa gama de pap\u00e9is duplex<\/a><\/p>\n","protected":false},"excerpt":{"rendered":"<p>Rolo de papel de talhante Descri\u00e7\u00e3o do nosso rolo de papel de talho duplex vichy 33 cm largura 8 kg<\/p>\n","protected":false},"featured_media":225220,"template":"","meta":{"_acf_changed":false},"product_brand":[],"product_cat":[1141,1176,2576,2581,1267],"product_tag":[],"class_list":{"0":"post-20620","1":"product","2":"type-product","3":"status-publish","4":"has-post-thumbnail","6":"product_cat-embalagem-de-alimentos","7":"product_cat-talho-e-charcutaria","8":"product_cat-papel-para-alimentos","9":"product_cat-papel-duplex-pt-pt","10":"product_cat-descontos-promocoes","12":"first","13":"instock","14":"sale","15":"taxable","16":"shipping-taxable","17":"purchasable","18":"product-type-simple"},"acf":[],"yoast_head":"<!-- This site is optimized with the Yoast SEO Premium plugin v26.6 (Yoast SEO v26.6) - https:\/\/yoast.com\/wordpress\/plugins\/seo\/ -->\n<title>Rolo de papel de talho Duplex Vichy com 33 cm de largura 8 kg<\/title>\n<meta name=\"description\" content=\"Escolha o rolo de papel de talho duplex vichy 33 cm - 8 kg, uma embalagem pr\u00e1tica e resistente para talhantes e fornecedores de refei\u00e7\u00f5es.\" \/>\n<meta name=\"robots\" content=\"index, follow, max-snippet:-1, max-image-preview:large, max-video-preview:-1\" \/>\n<link rel=\"canonical\" href=\"https:\/\/www.csj-emballages.com\/pt-pt\/produit\/rolo-de-papel-vichy-duplex-com-33-cm-de-largura-10-kg\/\" \/>\n<meta property=\"og:locale\" content=\"pt_PT\" \/>\n<meta property=\"og:type\" content=\"article\" \/>\n<meta property=\"og:title\" content=\"Rolo de papel de talhante duplex gingham 33 cm de largura 8 kg\" \/>\n<meta property=\"og:description\" content=\"Escolha o rolo de papel de talho duplex vichy 33 cm - 8 kg, uma embalagem pr\u00e1tica e resistente para talhantes e fornecedores de refei\u00e7\u00f5es.\" \/>\n<meta property=\"og:url\" content=\"https:\/\/www.csj-emballages.com\/pt-pt\/produit\/rolo-de-papel-vichy-duplex-com-33-cm-de-largura-10-kg\/\" \/>\n<meta property=\"og:site_name\" content=\"CSJ Emballages\" \/>\n<meta property=\"article:publisher\" content=\"https:\/\/www.facebook.com\/csjemballages\" \/>\n<meta property=\"article:modified_time\" content=\"2026-05-01T00:12:22+00:00\" \/>\n<meta property=\"og:image\" content=\"https:\/\/www.csj-emballages.com\/wp-content\/uploads\/2024\/03\/Rouleau-papier-boucherie-duplex.webp\" \/>\n\t<meta property=\"og:image:width\" content=\"800\" \/>\n\t<meta property=\"og:image:height\" content=\"800\" \/>\n\t<meta property=\"og:image:type\" content=\"image\/webp\" \/>\n<meta name=\"twitter:card\" content=\"summary_large_image\" \/>\n<meta name=\"twitter:label1\" content=\"Tempo estimado de leitura\" \/>\n\t<meta name=\"twitter:data1\" content=\"1 minuto\" \/>\n<script type=\"application\/ld+json\" class=\"yoast-schema-graph\">{\"@context\":\"https:\/\/schema.org\",\"@graph\":[{\"@type\":\"WebPage\",\"@id\":\"https:\/\/www.csj-emballages.com\/pt-pt\/produit\/rolo-de-papel-vichy-duplex-com-33-cm-de-largura-10-kg\/\",\"url\":\"https:\/\/www.csj-emballages.com\/pt-pt\/produit\/rolo-de-papel-vichy-duplex-com-33-cm-de-largura-10-kg\/\",\"name\":\"Rolo de papel de talho Duplex Vichy com 33 cm de largura 8 kg\",\"isPartOf\":{\"@id\":\"https:\/\/www.csj-emballages.com\/pt-pt\/#website\"},\"primaryImageOfPage\":{\"@id\":\"https:\/\/www.csj-emballages.com\/pt-pt\/produit\/rolo-de-papel-vichy-duplex-com-33-cm-de-largura-10-kg\/#primaryimage\"},\"image\":{\"@id\":\"https:\/\/www.csj-emballages.com\/pt-pt\/produit\/rolo-de-papel-vichy-duplex-com-33-cm-de-largura-10-kg\/#primaryimage\"},\"thumbnailUrl\":\"https:\/\/www.csj-emballages.com\/wp-content\/uploads\/2024\/03\/Rouleau-papier-boucherie-duplex.webp\",\"datePublished\":\"2024-03-01T15:54:28+00:00\",\"dateModified\":\"2026-05-01T00:12:22+00:00\",\"description\":\"Escolha o rolo de papel de talho duplex vichy 33 cm - 8 kg, uma embalagem pr\u00e1tica e resistente para talhantes e fornecedores de refei\u00e7\u00f5es.\",\"breadcrumb\":{\"@id\":\"https:\/\/www.csj-emballages.com\/pt-pt\/produit\/rolo-de-papel-vichy-duplex-com-33-cm-de-largura-10-kg\/#breadcrumb\"},\"inLanguage\":\"pt-PT\",\"potentialAction\":[{\"@type\":\"ReadAction\",\"target\":[\"https:\/\/www.csj-emballages.com\/pt-pt\/produit\/rolo-de-papel-vichy-duplex-com-33-cm-de-largura-10-kg\/\"]}]},{\"@type\":\"ImageObject\",\"inLanguage\":\"pt-PT\",\"@id\":\"https:\/\/www.csj-emballages.com\/pt-pt\/produit\/rolo-de-papel-vichy-duplex-com-33-cm-de-largura-10-kg\/#primaryimage\",\"url\":\"https:\/\/www.csj-emballages.com\/wp-content\/uploads\/2024\/03\/Rouleau-papier-boucherie-duplex.webp\",\"contentUrl\":\"https:\/\/www.csj-emballages.com\/wp-content\/uploads\/2024\/03\/Rouleau-papier-boucherie-duplex.webp\",\"width\":800,\"height\":800,\"caption\":\"rouleau papier boucherie\"},{\"@type\":\"BreadcrumbList\",\"@id\":\"https:\/\/www.csj-emballages.com\/pt-pt\/produit\/rolo-de-papel-vichy-duplex-com-33-cm-de-largura-10-kg\/#breadcrumb\",\"itemListElement\":[{\"@type\":\"ListItem\",\"position\":1,\"name\":\"Acolhimento\",\"item\":\"https:\/\/www.csj-emballages.com\/pt-pt\/universo-das-embalagens-alimentares\/\"},{\"@type\":\"ListItem\",\"position\":2,\"name\":\"Shop\",\"item\":\"https:\/\/www.csj-emballages.com\/shop\/\"},{\"@type\":\"ListItem\",\"position\":3,\"name\":\"Rolo de papel de talhante duplex gingham 33 cm de largura 8 kg\"}]},{\"@type\":\"WebSite\",\"@id\":\"https:\/\/www.csj-emballages.com\/pt-pt\/#website\",\"url\":\"https:\/\/www.csj-emballages.com\/pt-pt\/\",\"name\":\"CSJ Emballages\",\"description\":\"\",\"publisher\":{\"@id\":\"https:\/\/www.csj-emballages.com\/pt-pt\/#organization\"},\"potentialAction\":[{\"@type\":\"SearchAction\",\"target\":{\"@type\":\"EntryPoint\",\"urlTemplate\":\"https:\/\/www.csj-emballages.com\/pt-pt\/?s={search_term_string}\"},\"query-input\":{\"@type\":\"PropertyValueSpecification\",\"valueRequired\":true,\"valueName\":\"search_term_string\"}}],\"inLanguage\":\"pt-PT\"},{\"@type\":\"Organization\",\"@id\":\"https:\/\/www.csj-emballages.com\/pt-pt\/#Organization\/\",\"name\":\"CSJ Emballages\",\"url\":\"https:\/\/www.csj-emballages.com\/pt-pt\/\",\"logo\":{\"@type\":\"ImageObject\",\"inLanguage\":\"pt-PT\",\"@id\":\"https:\/\/www.csj-emballages.com\/pt-pt\/#\/schema\/logo\/image\/\",\"url\":\"https:\/\/www.csj-emballages.com\/wp-content\/uploads\/2023\/10\/logo_csj.webp\",\"contentUrl\":\"https:\/\/www.csj-emballages.com\/wp-content\/uploads\/2023\/10\/logo_csj.webp\",\"width\":250,\"height\":95,\"caption\":\"CSJ Emballages\"},\"image\":{\"@id\":\"https:\/\/www.csj-emballages.com\/pt-pt\/#\/schema\/logo\/image\/\"},\"sameAs\":[\"https:\/\/www.facebook.com\/csjemballages\"],\"address\":{\"@type\":\"PostalAddress\",\"streetAddress\":\"ZI La Lechere\",\"addressLocality\":\"Patornay\",\"postalCode\":\"39130\",\"addressCountry\":\"FR\"},\"contactPoint\":[{\"@type\":\"ContactPoint\",\"contactType\":\"Service client\",\"telephone\":\"0384254272\",\"email\":\"contact@csj-emballages.com\"}]}]}<\/script>\n<!-- \/ Yoast SEO Premium plugin. -->","yoast_head_json":{"title":"Rolo de papel de talho Duplex Vichy com 33 cm de largura 8 kg","description":"Escolha o rolo de papel de talho duplex vichy 33 cm - 8 kg, uma embalagem pr\u00e1tica e resistente para talhantes e fornecedores de refei\u00e7\u00f5es.","robots":{"index":"index","follow":"follow","max-snippet":"max-snippet:-1","max-image-preview":"max-image-preview:large","max-video-preview":"max-video-preview:-1"},"canonical":"https:\/\/www.csj-emballages.com\/pt-pt\/produit\/rolo-de-papel-vichy-duplex-com-33-cm-de-largura-10-kg\/","og_locale":"pt_PT","og_type":"article","og_title":"Rolo de papel de talhante duplex gingham 33 cm de largura 8 kg","og_description":"Escolha o rolo de papel de talho duplex vichy 33 cm - 8 kg, uma embalagem pr\u00e1tica e resistente para talhantes e fornecedores de refei\u00e7\u00f5es.","og_url":"https:\/\/www.csj-emballages.com\/pt-pt\/produit\/rolo-de-papel-vichy-duplex-com-33-cm-de-largura-10-kg\/","og_site_name":"CSJ Emballages","article_publisher":"https:\/\/www.facebook.com\/csjemballages","article_modified_time":"2026-05-01T00:12:22+00:00","og_image":[{"width":800,"height":800,"url":"https:\/\/www.csj-emballages.com\/wp-content\/uploads\/2024\/03\/Rouleau-papier-boucherie-duplex.webp","type":"image\/webp"}],"twitter_card":"summary_large_image","twitter_misc":{"Tempo estimado de leitura":"1 minuto"},"schema":{"@context":"https:\/\/schema.org","@graph":[{"@type":"WebPage","@id":"https:\/\/www.csj-emballages.com\/pt-pt\/produit\/rolo-de-papel-vichy-duplex-com-33-cm-de-largura-10-kg\/","url":"https:\/\/www.csj-emballages.com\/pt-pt\/produit\/rolo-de-papel-vichy-duplex-com-33-cm-de-largura-10-kg\/","name":"Rolo de papel de talho Duplex Vichy com 33 cm de largura 8 kg","isPartOf":{"@id":"https:\/\/www.csj-emballages.com\/pt-pt\/#website"},"primaryImageOfPage":{"@id":"https:\/\/www.csj-emballages.com\/pt-pt\/produit\/rolo-de-papel-vichy-duplex-com-33-cm-de-largura-10-kg\/#primaryimage"},"image":{"@id":"https:\/\/www.csj-emballages.com\/pt-pt\/produit\/rolo-de-papel-vichy-duplex-com-33-cm-de-largura-10-kg\/#primaryimage"},"thumbnailUrl":"https:\/\/www.csj-emballages.com\/wp-content\/uploads\/2024\/03\/Rouleau-papier-boucherie-duplex.webp","datePublished":"2024-03-01T15:54:28+00:00","dateModified":"2026-05-01T00:12:22+00:00","description":"Escolha o rolo de papel de talho duplex vichy 33 cm - 8 kg, uma embalagem pr\u00e1tica e resistente para talhantes e fornecedores de refei\u00e7\u00f5es.","breadcrumb":{"@id":"https:\/\/www.csj-emballages.com\/pt-pt\/produit\/rolo-de-papel-vichy-duplex-com-33-cm-de-largura-10-kg\/#breadcrumb"},"inLanguage":"pt-PT","potentialAction":[{"@type":"ReadAction","target":["https:\/\/www.csj-emballages.com\/pt-pt\/produit\/rolo-de-papel-vichy-duplex-com-33-cm-de-largura-10-kg\/"]}]},{"@type":"ImageObject","inLanguage":"pt-PT","@id":"https:\/\/www.csj-emballages.com\/pt-pt\/produit\/rolo-de-papel-vichy-duplex-com-33-cm-de-largura-10-kg\/#primaryimage","url":"https:\/\/www.csj-emballages.com\/wp-content\/uploads\/2024\/03\/Rouleau-papier-boucherie-duplex.webp","contentUrl":"https:\/\/www.csj-emballages.com\/wp-content\/uploads\/2024\/03\/Rouleau-papier-boucherie-duplex.webp","width":800,"height":800,"caption":"rouleau papier boucherie"},{"@type":"BreadcrumbList","@id":"https:\/\/www.csj-emballages.com\/pt-pt\/produit\/rolo-de-papel-vichy-duplex-com-33-cm-de-largura-10-kg\/#breadcrumb","itemListElement":[{"@type":"ListItem","position":1,"name":"Acolhimento","item":"https:\/\/www.csj-emballages.com\/pt-pt\/universo-das-embalagens-alimentares\/"},{"@type":"ListItem","position":2,"name":"Shop","item":"https:\/\/www.csj-emballages.com\/shop\/"},{"@type":"ListItem","position":3,"name":"Rolo de papel de talhante duplex gingham 33 cm de largura 8 kg"}]},{"@type":"WebSite","@id":"https:\/\/www.csj-emballages.com\/pt-pt\/#website","url":"https:\/\/www.csj-emballages.com\/pt-pt\/","name":"CSJ Emballages","description":"","publisher":{"@id":"https:\/\/www.csj-emballages.com\/pt-pt\/#organization"},"potentialAction":[{"@type":"SearchAction","target":{"@type":"EntryPoint","urlTemplate":"https:\/\/www.csj-emballages.com\/pt-pt\/?s={search_term_string}"},"query-input":{"@type":"PropertyValueSpecification","valueRequired":true,"valueName":"search_term_string"}}],"inLanguage":"pt-PT"},{"@type":"Organization","@id":"https:\/\/www.csj-emballages.com\/pt-pt\/#Organization\/","name":"CSJ Emballages","url":"https:\/\/www.csj-emballages.com\/pt-pt\/","logo":{"@type":"ImageObject","inLanguage":"pt-PT","@id":"https:\/\/www.csj-emballages.com\/pt-pt\/#\/schema\/logo\/image\/","url":"https:\/\/www.csj-emballages.com\/wp-content\/uploads\/2023\/10\/logo_csj.webp","contentUrl":"https:\/\/www.csj-emballages.com\/wp-content\/uploads\/2023\/10\/logo_csj.webp","width":250,"height":95,"caption":"CSJ Emballages"},"image":{"@id":"https:\/\/www.csj-emballages.com\/pt-pt\/#\/schema\/logo\/image\/"},"sameAs":["https:\/\/www.facebook.com\/csjemballages"],"address":{"@type":"PostalAddress","streetAddress":"ZI La Lechere","addressLocality":"Patornay","postalCode":"39130","addressCountry":"FR"},"contactPoint":[{"@type":"ContactPoint","contactType":"Service client","telephone":"0384254272","email":"contact@csj-emballages.com"}]}]}},"df_price":36.18,"df_sale_price":36.18,"df_regular_price":51.68,"df_image_link":"https:\/\/www.csj-emballages.com\/wp-content\/uploads\/2024\/03\/Rouleau-papier-boucherie-duplex-300x300.webp","tiered_pricing_type":"fixed","tiered_pricing_fixed_rules":[],"tiered_pricing_percentage_rules":[],"tiered_pricing_minimum":1,"tiered_pricing_roles_data":[],"_links":{"self":[{"href":"https:\/\/www.csj-emballages.com\/pt-pt\/wp-json\/wp\/v2\/product\/20620","targetHints":{"allow":["GET"]}}],"collection":[{"href":"https:\/\/www.csj-emballages.com\/pt-pt\/wp-json\/wp\/v2\/product"}],"about":[{"href":"https:\/\/www.csj-emballages.com\/pt-pt\/wp-json\/wp\/v2\/types\/product"}],"wp:featuredmedia":[{"embeddable":true,"href":"https:\/\/www.csj-emballages.com\/pt-pt\/wp-json\/wp\/v2\/media\/225220"}],"wp:attachment":[{"href":"https:\/\/www.csj-emballages.com\/pt-pt\/wp-json\/wp\/v2\/media?parent=20620"}],"wp:term":[{"taxonomy":"product_brand","embeddable":true,"href":"https:\/\/www.csj-emballages.com\/pt-pt\/wp-json\/wp\/v2\/product_brand?post=20620"},{"taxonomy":"product_cat","embeddable":true,"href":"https:\/\/www.csj-emballages.com\/pt-pt\/wp-json\/wp\/v2\/product_cat?post=20620"},{"taxonomy":"product_tag","embeddable":true,"href":"https:\/\/www.csj-emballages.com\/pt-pt\/wp-json\/wp\/v2\/product_tag?post=20620"}],"curies":[{"name":"wp","href":"https:\/\/api.w.org\/{rel}","templated":true}]}}