{"id":20585,"date":"2024-03-01T16:54:30","date_gmt":"2024-03-01T15:54:30","guid":{"rendered":"https:\/\/u15jnbdpoq.preview.infomaniak.website\/produit\/450-lancheiras-kraft-doggy-bag-de-780-ml\/"},"modified":"2026-03-28T02:12:43","modified_gmt":"2026-03-28T01:12:43","slug":"450-lancheiras-kraft-doggy-bag-de-780-ml","status":"publish","type":"product","link":"https:\/\/www.csj-emballages.com\/pt-pt\/produit\/450-lancheiras-kraft-doggy-bag-de-780-ml\/","title":{"rendered":"Caixa de refei\u00e7\u00f5es americana &#8220;Doggy Bag&#8221; 780 ml por 450"},"content":{"rendered":"<div style=\"font-family: Roboto, sans-serif;\">\n<div style=\"font-family: Roboto, sans-serif;\">\n<div style=\"font-family: Roboto, sans-serif;\">\n<h2>Caixa de refei\u00e7\u00f5es<\/h2>\n<hr>\n<h3>Descri\u00e7\u00e3o da nossa lancheira americana &#8220;Doggy Bag&#8221; 780 ml por 450<\/h3>\n<p><!--more--><\/p>\n<div class=\"flex-shrink-0 flex flex-col relative items-end\">\n<div class=\"pt-0.5 juice:pt-0\">\n<div class=\"gizmo-bot-avatar flex h-6 w-6 items-center justify-center overflow-hidden rounded-full juice:h-8 juice:w-8\">\n<p data-start=\"159\" data-end=\"626\">A <strong data-start=\"162\" data-end=\"207\">lancheira americana &#8220;Doggy Bag&#8221; de 780 ml<\/strong> \u00e9 exatamente o que precisa se oferece refei\u00e7\u00f5es para levar diariamente. Quer trabalhe num restaurante, num food truck, num snack-bar ou num catering, esta <strong data-start=\"162\" data-end=\"207\">lancheira<\/strong> vai facilitar-lhe a vida. Em primeiro lugar, abre-se e fecha-se muito facilmente, o que a torna particularmente simples de utilizar. O <strong>fecho<\/strong> \u00e9 tamb\u00e9m suficientemente forte para evitar derrames, mesmo com pratos ligeiramente escorridos.   <\/p>\n<p data-start=\"628\" data-end=\"1072\">Com uma capacidade de <strong data-start=\"650\" data-end=\"660\">780 ml<\/strong>, pode colocar uma por\u00e7\u00e3o completa sem qualquer restri\u00e7\u00e3o: saladas, massas, pratos quentes, woks ou mesmo carne. Gra\u00e7as ao seu <g id=\"gid_1\">cart\u00e3o espesso<\/g>, o <g id=\"gid_2\">saco para c\u00e3es<\/g> mant\u00e9m-se est\u00e1vel e resistente, quer a comida esteja quente ou fria. O seu aspeto <g id=\"gid_3\">kraft<\/g> confere-lhe um estilo moderno e natural, que d\u00e1 imediatamente uma bela apresenta\u00e7\u00e3o aos seus pratos. \u00c9 um pequeno pormenor, mas os seus clientes s\u00e3o cada vez mais sens\u00edveis a ele.   <\/p>\n<p data-start=\"1074\" data-end=\"1399\">Ao escolher a embalagem <strong data-start=\"1099\" data-end=\"1113\">de 450 latas<\/strong>, garante um stock confort\u00e1vel e duradouro. Isto evita rupturas de stock e permite-lhe antecipar a sua atividade sem stress. Al\u00e9m disso, como cada <strong data-start=\"162\" data-end=\"207\">caixa<\/strong> \u00e9 dobr\u00e1vel, poupa espa\u00e7o na sua \u00e1rea de armazenamento, o que \u00e9 sempre apreciado quando o espa\u00e7o \u00e9 limitado.  <\/p>\n<p data-start=\"1401\" data-end=\"1526\">Em suma, esta <strong data-start=\"162\" data-end=\"207\">caixa de refei\u00e7\u00f5es<\/strong> \u00e9 uma embalagem fi\u00e1vel, pr\u00e1tica e atraente, concebida para facilitar a sua organiza\u00e7\u00e3o quotidiana.<\/p>\n<\/div>\n<\/div>\n<\/div>\n<div class=\"flex-shrink-0 flex flex-col relative items-end\">\n<div class=\"pt-0.5 juice:pt-0\">\n<p data-start=\"1520\" data-end=\"1759\">\n<\/div>\n<\/div>\n<p><!--more--><\/p>\n<p><strong>Vantagens :<\/strong><\/p>\n<ul>\n<li data-start=\"1550\" data-end=\"1582\">Cont\u00e9m <strong>780 ml<\/strong>.<\/li>\n<li data-start=\"1585\" data-end=\"1630\">Boa resist\u00eancia a pratos quentes e frios.<\/li>\n<li data-start=\"1633\" data-end=\"1664\">Fecho r\u00e1pido e seguro.<\/li>\n<li data-start=\"1667\" data-end=\"1706\">Estilo kraft moderno e profissional.<\/li>\n<li data-start=\"1709\" data-end=\"1739\">Embalagem econ\u00f3mica de <strong>450 unidades<\/strong>.<\/li>\n<li data-start=\"1742\" data-end=\"1782\">Formato dobr\u00e1vel para facilitar a arruma\u00e7\u00e3o.<\/li>\n<\/ul>\n<p>&nbsp;<\/p>\n<p><!--more--><\/p>\n<h4>Outras informa\u00e7\u00f5es :<\/h4>\n<ul>\n<li><strong>Embalagem<\/strong>: Pacote de 450<\/li>\n<li><strong>Dimens\u00f5es exteriores<\/strong>: 130 \u00d7 110 mm<\/li>\n<li><strong>Dimens\u00f5es interiores<\/strong>: 110 \u00d7 90 mm<\/li>\n<li><strong>Altura<\/strong>: 65 mm<\/li>\n<li><strong>Volume<\/strong>: 780 ml<\/li>\n<li><span style=\"font-weight: bold;\">Cor <\/span>: castanho<\/li>\n<li><span style=\"font-weight: bold;\">Material <\/span>: Cart\u00e3o<\/li>\n<\/ul>\n<p>&nbsp;<\/p>\n<\/div>\n<\/div>\n<\/div>\n<p><!--more--><\/p>\n<p>Esta lancheira com saco para c\u00e3es est\u00e1 dispon\u00edvel em diferentes tamanhos: <span style=\"color: #d12727;\"><a style=\"color: #d12727;\" href=\"https:\/\/www.csj-emballages.com\/es\/produit\/50-cajas-de-comida-americana-doggy-bag-kraft-de-2-compartimentos-1300-ml\/\">1300 ml<\/a><\/span> \/ <span style=\"color: #d12727;\"><a style=\"color: #d12727;\" href=\"https:\/\/www.csj-emballages.com\/es\/produit\/200-fiambreras-kraft-1500-ml-doggy-bag\/\">1500 ml<\/a><\/span> \/ <span style=\"color: #d12727;\"><a style=\"color: #d12727;\" href=\"https:\/\/www.csj-emballages.com\/es\/produit\/200-cajas-de-comida-kraft-doggy-bag-2000-ml\/\">2000 ml<\/a><\/span> \/ <span style=\"color: #d12727;\"><a style=\"color: #d12727;\" href=\"https:\/\/www.csj-emballages.com\/es\/produit\/40-cajas-de-comida-americana-kraft-doggy-bag-2800-ml\/\">2800 ml<\/a><\/span><\/p>\n<div style=\"font-family: Roboto, sans-serif;\">\n<div style=\"font-family: Roboto, sans-serif;\">\n<div style=\"font-family: Roboto, sans-serif;\">\n<p>&nbsp;<\/p>\n<p><!--more--><\/p>\n<p><a href=\"https:\/\/www.csj-emballages.com\/pt-pt\/categorie-produit\/embalagem-de-alimentos\/restauracao\/caixas-tabuleiros-bolsas-cones\/tabuleiros-caixas-de-cartao\/caixas-de-takeaway-americanas\/\">Ver o resto da nossa gama de caixas de cart\u00e3o americanas<\/a><\/p>\n<\/div>\n<\/div>\n<\/div>\n","protected":false},"excerpt":{"rendered":"<p>Caixa de refei\u00e7\u00f5es Descri\u00e7\u00e3o da nossa lancheira americana &#8220;Doggy Bag&#8221; 780 ml por 450<\/p>\n","protected":false},"featured_media":255230,"template":"","meta":{"_acf_changed":false},"product_brand":[],"product_cat":[1141,1138,2042],"product_tag":[],"class_list":{"0":"post-20585","1":"product","2":"type-product","3":"status-publish","4":"has-post-thumbnail","6":"product_cat-embalagem-de-alimentos","7":"product_cat-restauracao","8":"product_cat-caixas-de-takeaway-americanas","10":"first","11":"instock","12":"taxable","13":"shipping-taxable","14":"purchasable","15":"product-type-simple"},"acf":[],"yoast_head":"<!-- This site is optimized with the Yoast SEO Premium plugin v26.6 (Yoast SEO v26.6) - https:\/\/yoast.com\/wordpress\/plugins\/seo\/ -->\n<title>Caixa de refei\u00e7\u00f5es americana &quot;Doggy Bag&quot; 780 ml por 450<\/title>\n<meta name=\"description\" content=\"Lancheira americana kraft de 780 ml. Ideal para a venda de takeaway, s\u00f3lida, pr\u00e1tica e econ\u00f3mica. Embalagem de 450 para restaurantes.\" \/>\n<meta name=\"robots\" content=\"index, follow, max-snippet:-1, max-image-preview:large, max-video-preview:-1\" \/>\n<link rel=\"canonical\" href=\"https:\/\/www.csj-emballages.com\/pt-pt\/produit\/450-lancheiras-kraft-doggy-bag-de-780-ml\/\" \/>\n<meta property=\"og:locale\" content=\"pt_PT\" \/>\n<meta property=\"og:type\" content=\"article\" \/>\n<meta property=\"og:title\" content=\"Caixa de refei\u00e7\u00f5es americana &quot;Doggy Bag&quot; 780 ml por 450\" \/>\n<meta property=\"og:description\" content=\"Lancheira americana kraft de 780 ml. Ideal para a venda de takeaway, s\u00f3lida, pr\u00e1tica e econ\u00f3mica. Embalagem de 450 para restaurantes.\" \/>\n<meta property=\"og:url\" content=\"https:\/\/www.csj-emballages.com\/pt-pt\/produit\/450-lancheiras-kraft-doggy-bag-de-780-ml\/\" \/>\n<meta property=\"og:site_name\" content=\"CSJ Emballages\" \/>\n<meta property=\"article:publisher\" content=\"https:\/\/www.facebook.com\/csjemballages\" \/>\n<meta property=\"article:modified_time\" content=\"2026-03-28T01:12:43+00:00\" \/>\n<meta property=\"og:image\" content=\"https:\/\/www.csj-emballages.com\/wp-content\/uploads\/2024\/03\/DOGGYBAG780.webp\" \/>\n\t<meta property=\"og:image:width\" content=\"800\" \/>\n\t<meta property=\"og:image:height\" content=\"800\" \/>\n\t<meta property=\"og:image:type\" content=\"image\/webp\" \/>\n<meta name=\"twitter:card\" content=\"summary_large_image\" \/>\n<meta name=\"twitter:label1\" content=\"Tempo estimado de leitura\" \/>\n\t<meta name=\"twitter:data1\" content=\"2 minutos\" \/>\n<script type=\"application\/ld+json\" class=\"yoast-schema-graph\">{\"@context\":\"https:\/\/schema.org\",\"@graph\":[{\"@type\":\"WebPage\",\"@id\":\"https:\/\/www.csj-emballages.com\/pt-pt\/produit\/450-lancheiras-kraft-doggy-bag-de-780-ml\/\",\"url\":\"https:\/\/www.csj-emballages.com\/pt-pt\/produit\/450-lancheiras-kraft-doggy-bag-de-780-ml\/\",\"name\":\"Caixa de refei\u00e7\u00f5es americana \\\"Doggy Bag\\\" 780 ml por 450\",\"isPartOf\":{\"@id\":\"https:\/\/www.csj-emballages.com\/pt-pt\/#website\"},\"primaryImageOfPage\":{\"@id\":\"https:\/\/www.csj-emballages.com\/pt-pt\/produit\/450-lancheiras-kraft-doggy-bag-de-780-ml\/#primaryimage\"},\"image\":{\"@id\":\"https:\/\/www.csj-emballages.com\/pt-pt\/produit\/450-lancheiras-kraft-doggy-bag-de-780-ml\/#primaryimage\"},\"thumbnailUrl\":\"https:\/\/www.csj-emballages.com\/wp-content\/uploads\/2024\/03\/DOGGYBAG780.webp\",\"datePublished\":\"2024-03-01T15:54:30+00:00\",\"dateModified\":\"2026-03-28T01:12:43+00:00\",\"description\":\"Lancheira americana kraft de 780 ml. Ideal para a venda de takeaway, s\u00f3lida, pr\u00e1tica e econ\u00f3mica. Embalagem de 450 para restaurantes.\",\"breadcrumb\":{\"@id\":\"https:\/\/www.csj-emballages.com\/pt-pt\/produit\/450-lancheiras-kraft-doggy-bag-de-780-ml\/#breadcrumb\"},\"inLanguage\":\"pt-PT\",\"potentialAction\":[{\"@type\":\"ReadAction\",\"target\":[\"https:\/\/www.csj-emballages.com\/pt-pt\/produit\/450-lancheiras-kraft-doggy-bag-de-780-ml\/\"]}]},{\"@type\":\"ImageObject\",\"inLanguage\":\"pt-PT\",\"@id\":\"https:\/\/www.csj-emballages.com\/pt-pt\/produit\/450-lancheiras-kraft-doggy-bag-de-780-ml\/#primaryimage\",\"url\":\"https:\/\/www.csj-emballages.com\/wp-content\/uploads\/2024\/03\/DOGGYBAG780.webp\",\"contentUrl\":\"https:\/\/www.csj-emballages.com\/wp-content\/uploads\/2024\/03\/DOGGYBAG780.webp\",\"width\":800,\"height\":800,\"caption\":\"Boite repas\"},{\"@type\":\"BreadcrumbList\",\"@id\":\"https:\/\/www.csj-emballages.com\/pt-pt\/produit\/450-lancheiras-kraft-doggy-bag-de-780-ml\/#breadcrumb\",\"itemListElement\":[{\"@type\":\"ListItem\",\"position\":1,\"name\":\"Acolhimento\",\"item\":\"https:\/\/www.csj-emballages.com\/pt-pt\/universo-das-embalagens-alimentares\/\"},{\"@type\":\"ListItem\",\"position\":2,\"name\":\"Shop\",\"item\":\"https:\/\/www.csj-emballages.com\/shop\/\"},{\"@type\":\"ListItem\",\"position\":3,\"name\":\"Caixa de refei\u00e7\u00f5es americana \u00ab\u00a0Doggy Bag\u00a0\u00bb 780 ml por 450\"}]},{\"@type\":\"WebSite\",\"@id\":\"https:\/\/www.csj-emballages.com\/pt-pt\/#website\",\"url\":\"https:\/\/www.csj-emballages.com\/pt-pt\/\",\"name\":\"CSJ Emballages\",\"description\":\"\",\"publisher\":{\"@id\":\"https:\/\/www.csj-emballages.com\/pt-pt\/#organization\"},\"potentialAction\":[{\"@type\":\"SearchAction\",\"target\":{\"@type\":\"EntryPoint\",\"urlTemplate\":\"https:\/\/www.csj-emballages.com\/pt-pt\/?s={search_term_string}\"},\"query-input\":{\"@type\":\"PropertyValueSpecification\",\"valueRequired\":true,\"valueName\":\"search_term_string\"}}],\"inLanguage\":\"pt-PT\"},{\"@type\":\"Organization\",\"@id\":\"https:\/\/www.csj-emballages.com\/pt-pt\/#Organization\/\",\"name\":\"CSJ Emballages\",\"url\":\"https:\/\/www.csj-emballages.com\/pt-pt\/\",\"logo\":{\"@type\":\"ImageObject\",\"inLanguage\":\"pt-PT\",\"@id\":\"https:\/\/www.csj-emballages.com\/pt-pt\/#\/schema\/logo\/image\/\",\"url\":\"https:\/\/www.csj-emballages.com\/wp-content\/uploads\/2023\/10\/logo_csj.webp\",\"contentUrl\":\"https:\/\/www.csj-emballages.com\/wp-content\/uploads\/2023\/10\/logo_csj.webp\",\"width\":250,\"height\":95,\"caption\":\"CSJ Emballages\"},\"image\":{\"@id\":\"https:\/\/www.csj-emballages.com\/pt-pt\/#\/schema\/logo\/image\/\"},\"sameAs\":[\"https:\/\/www.facebook.com\/csjemballages\"],\"address\":{\"@type\":\"PostalAddress\",\"streetAddress\":\"ZI La Lechere\",\"addressLocality\":\"Patornay\",\"postalCode\":\"39130\",\"addressCountry\":\"FR\"},\"contactPoint\":[{\"@type\":\"ContactPoint\",\"contactType\":\"Service client\",\"telephone\":\"0384254272\",\"email\":\"contact@csj-emballages.com\"}]}]}<\/script>\n<!-- \/ Yoast SEO Premium plugin. -->","yoast_head_json":{"title":"Caixa de refei\u00e7\u00f5es americana \"Doggy Bag\" 780 ml por 450","description":"Lancheira americana kraft de 780 ml. Ideal para a venda de takeaway, s\u00f3lida, pr\u00e1tica e econ\u00f3mica. Embalagem de 450 para restaurantes.","robots":{"index":"index","follow":"follow","max-snippet":"max-snippet:-1","max-image-preview":"max-image-preview:large","max-video-preview":"max-video-preview:-1"},"canonical":"https:\/\/www.csj-emballages.com\/pt-pt\/produit\/450-lancheiras-kraft-doggy-bag-de-780-ml\/","og_locale":"pt_PT","og_type":"article","og_title":"Caixa de refei\u00e7\u00f5es americana \"Doggy Bag\" 780 ml por 450","og_description":"Lancheira americana kraft de 780 ml. Ideal para a venda de takeaway, s\u00f3lida, pr\u00e1tica e econ\u00f3mica. Embalagem de 450 para restaurantes.","og_url":"https:\/\/www.csj-emballages.com\/pt-pt\/produit\/450-lancheiras-kraft-doggy-bag-de-780-ml\/","og_site_name":"CSJ Emballages","article_publisher":"https:\/\/www.facebook.com\/csjemballages","article_modified_time":"2026-03-28T01:12:43+00:00","og_image":[{"width":800,"height":800,"url":"https:\/\/www.csj-emballages.com\/wp-content\/uploads\/2024\/03\/DOGGYBAG780.webp","type":"image\/webp"}],"twitter_card":"summary_large_image","twitter_misc":{"Tempo estimado de leitura":"2 minutos"},"schema":{"@context":"https:\/\/schema.org","@graph":[{"@type":"WebPage","@id":"https:\/\/www.csj-emballages.com\/pt-pt\/produit\/450-lancheiras-kraft-doggy-bag-de-780-ml\/","url":"https:\/\/www.csj-emballages.com\/pt-pt\/produit\/450-lancheiras-kraft-doggy-bag-de-780-ml\/","name":"Caixa de refei\u00e7\u00f5es americana \"Doggy Bag\" 780 ml por 450","isPartOf":{"@id":"https:\/\/www.csj-emballages.com\/pt-pt\/#website"},"primaryImageOfPage":{"@id":"https:\/\/www.csj-emballages.com\/pt-pt\/produit\/450-lancheiras-kraft-doggy-bag-de-780-ml\/#primaryimage"},"image":{"@id":"https:\/\/www.csj-emballages.com\/pt-pt\/produit\/450-lancheiras-kraft-doggy-bag-de-780-ml\/#primaryimage"},"thumbnailUrl":"https:\/\/www.csj-emballages.com\/wp-content\/uploads\/2024\/03\/DOGGYBAG780.webp","datePublished":"2024-03-01T15:54:30+00:00","dateModified":"2026-03-28T01:12:43+00:00","description":"Lancheira americana kraft de 780 ml. Ideal para a venda de takeaway, s\u00f3lida, pr\u00e1tica e econ\u00f3mica. Embalagem de 450 para restaurantes.","breadcrumb":{"@id":"https:\/\/www.csj-emballages.com\/pt-pt\/produit\/450-lancheiras-kraft-doggy-bag-de-780-ml\/#breadcrumb"},"inLanguage":"pt-PT","potentialAction":[{"@type":"ReadAction","target":["https:\/\/www.csj-emballages.com\/pt-pt\/produit\/450-lancheiras-kraft-doggy-bag-de-780-ml\/"]}]},{"@type":"ImageObject","inLanguage":"pt-PT","@id":"https:\/\/www.csj-emballages.com\/pt-pt\/produit\/450-lancheiras-kraft-doggy-bag-de-780-ml\/#primaryimage","url":"https:\/\/www.csj-emballages.com\/wp-content\/uploads\/2024\/03\/DOGGYBAG780.webp","contentUrl":"https:\/\/www.csj-emballages.com\/wp-content\/uploads\/2024\/03\/DOGGYBAG780.webp","width":800,"height":800,"caption":"Boite repas"},{"@type":"BreadcrumbList","@id":"https:\/\/www.csj-emballages.com\/pt-pt\/produit\/450-lancheiras-kraft-doggy-bag-de-780-ml\/#breadcrumb","itemListElement":[{"@type":"ListItem","position":1,"name":"Acolhimento","item":"https:\/\/www.csj-emballages.com\/pt-pt\/universo-das-embalagens-alimentares\/"},{"@type":"ListItem","position":2,"name":"Shop","item":"https:\/\/www.csj-emballages.com\/shop\/"},{"@type":"ListItem","position":3,"name":"Caixa de refei\u00e7\u00f5es americana \u00ab\u00a0Doggy Bag\u00a0\u00bb 780 ml por 450"}]},{"@type":"WebSite","@id":"https:\/\/www.csj-emballages.com\/pt-pt\/#website","url":"https:\/\/www.csj-emballages.com\/pt-pt\/","name":"CSJ Emballages","description":"","publisher":{"@id":"https:\/\/www.csj-emballages.com\/pt-pt\/#organization"},"potentialAction":[{"@type":"SearchAction","target":{"@type":"EntryPoint","urlTemplate":"https:\/\/www.csj-emballages.com\/pt-pt\/?s={search_term_string}"},"query-input":{"@type":"PropertyValueSpecification","valueRequired":true,"valueName":"search_term_string"}}],"inLanguage":"pt-PT"},{"@type":"Organization","@id":"https:\/\/www.csj-emballages.com\/pt-pt\/#Organization\/","name":"CSJ Emballages","url":"https:\/\/www.csj-emballages.com\/pt-pt\/","logo":{"@type":"ImageObject","inLanguage":"pt-PT","@id":"https:\/\/www.csj-emballages.com\/pt-pt\/#\/schema\/logo\/image\/","url":"https:\/\/www.csj-emballages.com\/wp-content\/uploads\/2023\/10\/logo_csj.webp","contentUrl":"https:\/\/www.csj-emballages.com\/wp-content\/uploads\/2023\/10\/logo_csj.webp","width":250,"height":95,"caption":"CSJ Emballages"},"image":{"@id":"https:\/\/www.csj-emballages.com\/pt-pt\/#\/schema\/logo\/image\/"},"sameAs":["https:\/\/www.facebook.com\/csjemballages"],"address":{"@type":"PostalAddress","streetAddress":"ZI La Lechere","addressLocality":"Patornay","postalCode":"39130","addressCountry":"FR"},"contactPoint":[{"@type":"ContactPoint","contactType":"Service client","telephone":"0384254272","email":"contact@csj-emballages.com"}]}]}},"df_price":84.55,"df_sale_price":"","df_regular_price":84.55,"df_image_link":"https:\/\/www.csj-emballages.com\/wp-content\/uploads\/2024\/03\/DOGGYBAG780-300x300.webp","tiered_pricing_type":"fixed","tiered_pricing_fixed_rules":[],"tiered_pricing_percentage_rules":[],"tiered_pricing_minimum":1,"tiered_pricing_roles_data":[],"_links":{"self":[{"href":"https:\/\/www.csj-emballages.com\/pt-pt\/wp-json\/wp\/v2\/product\/20585","targetHints":{"allow":["GET"]}}],"collection":[{"href":"https:\/\/www.csj-emballages.com\/pt-pt\/wp-json\/wp\/v2\/product"}],"about":[{"href":"https:\/\/www.csj-emballages.com\/pt-pt\/wp-json\/wp\/v2\/types\/product"}],"wp:featuredmedia":[{"embeddable":true,"href":"https:\/\/www.csj-emballages.com\/pt-pt\/wp-json\/wp\/v2\/media\/255230"}],"wp:attachment":[{"href":"https:\/\/www.csj-emballages.com\/pt-pt\/wp-json\/wp\/v2\/media?parent=20585"}],"wp:term":[{"taxonomy":"product_brand","embeddable":true,"href":"https:\/\/www.csj-emballages.com\/pt-pt\/wp-json\/wp\/v2\/product_brand?post=20585"},{"taxonomy":"product_cat","embeddable":true,"href":"https:\/\/www.csj-emballages.com\/pt-pt\/wp-json\/wp\/v2\/product_cat?post=20585"},{"taxonomy":"product_tag","embeddable":true,"href":"https:\/\/www.csj-emballages.com\/pt-pt\/wp-json\/wp\/v2\/product_tag?post=20585"}],"curies":[{"name":"wp","href":"https:\/\/api.w.org\/{rel}","templated":true}]}}