{"id":20582,"date":"2024-03-01T16:54:31","date_gmt":"2024-03-01T15:54:31","guid":{"rendered":"https:\/\/u15jnbdpoq.preview.infomaniak.website\/produit\/200-caixas-de-refeicao-kraft-doggy-bag-2000-ml\/"},"modified":"2026-04-30T02:13:07","modified_gmt":"2026-04-30T00:13:07","slug":"200-caixas-de-refeicao-kraft-doggy-bag-2000-ml","status":"publish","type":"product","link":"https:\/\/www.csj-emballages.com\/pt-pt\/produit\/200-caixas-de-refeicao-kraft-doggy-bag-2000-ml\/","title":{"rendered":"Doggy Bag&#8221; Caixa de refei\u00e7\u00e3o americana 2000 ml por 200"},"content":{"rendered":"<div style=\"font-family: Roboto, sans-serif;\">\n<div style=\"font-family: Roboto, sans-serif;\">\n<div style=\"font-family: Roboto, sans-serif;\">\n<h2>Caixa de refei\u00e7\u00f5es<\/h2>\n<hr>\n<h3>Descri\u00e7\u00e3o da nossa caixa de refei\u00e7\u00e3o americana &#8220;Doggy Bag&#8221; 2000 ml por 200<\/h3>\n<p><!--more--><\/p>\n<div class=\"flex-shrink-0 flex flex-col relative items-end\">\n<div class=\"pt-0.5 juice:pt-0\">\n<div class=\"gizmo-bot-avatar flex h-6 w-6 items-center justify-center overflow-hidden rounded-full juice:h-8 juice:w-8\">\n<p data-start=\"214\" data-end=\"702\">Se procura uma embalagem pr\u00e1tica, generosa e verdadeiramente adaptada \u00e0s suas necessidades di\u00e1rias, a <strong data-start=\"311\" data-end=\"357\">lancheira americana &#8220;Doggy Bag&#8221; de 2000 ml<\/strong> tornar-se-\u00e1 rapidamente uma mais-valia para a sua organiza\u00e7\u00e3o. Assim que pegar nela, sentir\u00e1 imediatamente a sua robustez e o seu tamanho ideal para por\u00e7\u00f5es abundantes. Com a sua capacidade de <strong>2000 ml<\/strong>, pode servir pratos completos, saladas bem recheadas ou prepara\u00e7\u00f5es generosas sem ficar sem espa\u00e7o. Al\u00e9m disso, esta <strong data-start=\"311\" data-end=\"357\">lancheira<\/strong> \u00e9 f\u00e1cil de utilizar. Dobra-se, fecha-se e, em segundos, a refei\u00e7\u00e3o est\u00e1 pronta para ser levada ou entregue. Gra\u00e7as \u00e0 sua estrutura r\u00edgida, \u00e9 muito resistente aos pratos quentes e frios, garantindo um transporte seguro e uma apresenta\u00e7\u00e3o limpa \u00e0 chegada.     <\/p>\n<p data-start=\"1060\" data-end=\"1408\">Em segundo lugar, o seu aspeto de aut\u00eantico<strong>saco de c\u00e3o<\/strong> <strong>americano<\/strong> acrescenta uma verdadeira vantagem \u00e0 sua imagem. Os seus clientes apreciam tanto o seu estilo como o seu car\u00e1cter pr\u00e1tico. Mostra que opta por solu\u00e7\u00f5es de embalagem modernas, simples e eficazes. Desta forma, refor\u00e7a a confian\u00e7a dos seus clientes, oferecendo-lhes uma experi\u00eancia consistente e agrad\u00e1vel.   <\/p>\n<p data-start=\"1410\" data-end=\"1763\">Al\u00e9m disso, este modelo \u00e9 vendido <strong data-start=\"1444\" data-end=\"1462\">em embalagens de 200 unidades<\/strong>, o que lhe permite dispor de um stock suficiente para acompanhar o ritmo da sua atividade. Quer seja propriet\u00e1rio de um restaurante, de um servi\u00e7o de catering ou de um servi\u00e7o de snacks, este formato de grande volume permite-lhe poupar tempo, assegurar a continuidade dos seus servi\u00e7os e ajud\u00e1-lo a antecipar melhor as suas necessidades. <\/p>\n<p data-start=\"1765\" data-end=\"1959\">Em suma, esta <strong data-start=\"311\" data-end=\"357\">lancheira<\/strong> <strong>de 2000<\/strong><strong> ml<\/strong> \u00e9 uma escolha fi\u00e1vel, pr\u00e1tica e ideal para todas as suas refei\u00e7\u00f5es para levar. Combina volume, simplicidade e robustez para uma utiliza\u00e7\u00e3o quotidiana. <\/p>\n<p data-start=\"1765\" data-end=\"1959\">\n<\/div>\n<\/div>\n<\/div>\n<p><!--more--><\/p>\n<p><strong>Vantagens :<\/strong><\/p>\n<ul>\n<li data-start=\"1988\" data-end=\"2016\">Grande capacidade de <strong>2000<\/strong><strong> ml<\/strong>.<\/li>\n<li data-start=\"2019\" data-end=\"2065\">Ideal para pratos generosos e menus completos.<\/li>\n<li data-start=\"2068\" data-end=\"2107\">Resistente a pratos quentes e frios.<\/li>\n<li data-start=\"2110\" data-end=\"2149\">Fecho simples, r\u00e1pido e seguro.<\/li>\n<li data-start=\"2152\" data-end=\"2191\">O &#8220;<strong>Doggy Bag<\/strong>&#8221; \u00e9 muito popular entre os clientes.<\/li>\n<li data-start=\"2194\" data-end=\"2238\"><strong>Lote de 200<\/strong>: perfeito para grandes necessidades.<\/li>\n<\/ul>\n<p>&nbsp;<\/p>\n<p><!--more--><\/p>\n<h4>Outras informa\u00e7\u00f5es :<\/h4>\n<ul>\n<li><strong>Embalagem<\/strong>: Embalagem de 200<\/li>\n<li><strong>Dimens\u00f5es exteriores<\/strong>: 210 \u00d7 157 mm<\/li>\n<li><strong>Dimens\u00f5es interiores<\/strong>: 196 \u00d7 140 mm<\/li>\n<li><strong>Altura<\/strong>: 65 mm<\/li>\n<li><strong>Volume<\/strong>: 2000 ml<\/li>\n<li><span style=\"font-weight: bold;\">Cor <\/span>: castanho<\/li>\n<li><span style=\"font-weight: bold;\">Material <\/span>: Cart\u00e3o<\/li>\n<\/ul>\n<p>&nbsp;<\/p>\n<\/div>\n<\/div>\n<\/div>\n<p><!--more--><\/p>\n<p>Esta lancheira com saco para c\u00e3es est\u00e1 dispon\u00edvel em diferentes tamanhos: <span style=\"color: #d12727;\"><a style=\"color: #d12727;\" href=\"https:\/\/www.csj-emballages.com\/es\/produit\/450-fiambreras-kraft-doggy-bag-de-780-ml\/\">780 ml<\/a><\/span> \/ <span style=\"color: #d12727;\"><a style=\"color: #d12727;\" href=\"https:\/\/www.csj-emballages.com\/es\/produit\/50-cajas-de-comida-americana-doggy-bag-kraft-de-2-compartimentos-1300-ml\/\">1300 ml<\/a><\/span> \/ <span style=\"color: #d12727;\"><a style=\"color: #d12727;\" href=\"https:\/\/www.csj-emballages.com\/es\/produit\/200-fiambreras-kraft-1500-ml-doggy-bag\/\">1500 ml<\/a><\/span> \/ <span style=\"color: #d12727;\"><a style=\"color: #d12727;\" href=\"https:\/\/www.csj-emballages.com\/es\/produit\/40-cajas-de-comida-americana-kraft-doggy-bag-2800-ml\/\">2800 ml<\/a><\/span><\/p>\n<div style=\"font-family: Roboto, sans-serif;\">\n<div style=\"font-family: Roboto, sans-serif;\">\n<div style=\"font-family: Roboto, sans-serif;\">\n<p>&nbsp;<\/p>\n<p><!--more--><\/p>\n<p><a href=\"https:\/\/www.csj-emballages.com\/pt-pt\/categorie-produit\/embalagem-de-alimentos\/restauracao\/caixas-tabuleiros-bolsas-cones\/tabuleiros-caixas-de-cartao\/caixas-de-takeaway-americanas\/\">Ver o resto da nossa gama de caixas de cart\u00e3o americanas<\/a><\/p>\n<\/div>\n<\/div>\n<\/div>\n","protected":false},"excerpt":{"rendered":"<p>Caixa de refei\u00e7\u00f5es Descri\u00e7\u00e3o da nossa caixa de refei\u00e7\u00e3o americana &#8220;Doggy Bag&#8221; 2000 ml por 200<\/p>\n","protected":false},"featured_media":255281,"template":"","meta":{"_acf_changed":false},"product_brand":[],"product_cat":[1141,1138,2042],"product_tag":[],"class_list":{"0":"post-20582","1":"product","2":"type-product","3":"status-publish","4":"has-post-thumbnail","6":"product_cat-embalagem-de-alimentos","7":"product_cat-restauracao","8":"product_cat-caixas-de-takeaway-americanas","10":"first","11":"instock","12":"taxable","13":"shipping-taxable","14":"purchasable","15":"product-type-simple"},"acf":[],"yoast_head":"<!-- This site is optimized with the Yoast SEO Premium plugin v26.6 (Yoast SEO v26.6) - https:\/\/yoast.com\/wordpress\/plugins\/seo\/ -->\n<title>Doggy Bag&quot; Embalagem de refei\u00e7\u00e3o americana 2000 ml x 200<\/title>\n<meta name=\"description\" content=\"Lancheira americana &quot;Doggy Bag&quot; de 2000 ml - 200 unidades Resistente, pr\u00e1tica e ideal para refei\u00e7\u00f5es generosas para levar.\" \/>\n<meta name=\"robots\" content=\"index, follow, max-snippet:-1, max-image-preview:large, max-video-preview:-1\" \/>\n<link rel=\"canonical\" href=\"https:\/\/www.csj-emballages.com\/pt-pt\/produit\/200-caixas-de-refeicao-kraft-doggy-bag-2000-ml\/\" \/>\n<meta property=\"og:locale\" content=\"pt_PT\" \/>\n<meta property=\"og:type\" content=\"article\" \/>\n<meta property=\"og:title\" content=\"Doggy Bag&quot; Caixa de refei\u00e7\u00e3o americana 2000 ml por 200\" \/>\n<meta property=\"og:description\" content=\"Lancheira americana &quot;Doggy Bag&quot; de 2000 ml - 200 unidades Resistente, pr\u00e1tica e ideal para refei\u00e7\u00f5es generosas para levar.\" \/>\n<meta property=\"og:url\" content=\"https:\/\/www.csj-emballages.com\/pt-pt\/produit\/200-caixas-de-refeicao-kraft-doggy-bag-2000-ml\/\" \/>\n<meta property=\"og:site_name\" content=\"CSJ Emballages\" \/>\n<meta property=\"article:publisher\" content=\"https:\/\/www.facebook.com\/csjemballages\" \/>\n<meta property=\"article:modified_time\" content=\"2026-04-30T00:13:07+00:00\" \/>\n<meta property=\"og:image\" content=\"https:\/\/www.csj-emballages.com\/wp-content\/uploads\/2024\/03\/DOGGYBAG2000.webp\" \/>\n\t<meta property=\"og:image:width\" content=\"800\" \/>\n\t<meta property=\"og:image:height\" content=\"800\" \/>\n\t<meta property=\"og:image:type\" content=\"image\/webp\" \/>\n<meta name=\"twitter:card\" content=\"summary_large_image\" \/>\n<meta name=\"twitter:label1\" content=\"Tempo estimado de leitura\" \/>\n\t<meta name=\"twitter:data1\" content=\"2 minutos\" \/>\n<script type=\"application\/ld+json\" class=\"yoast-schema-graph\">{\"@context\":\"https:\/\/schema.org\",\"@graph\":[{\"@type\":\"WebPage\",\"@id\":\"https:\/\/www.csj-emballages.com\/pt-pt\/produit\/200-caixas-de-refeicao-kraft-doggy-bag-2000-ml\/\",\"url\":\"https:\/\/www.csj-emballages.com\/pt-pt\/produit\/200-caixas-de-refeicao-kraft-doggy-bag-2000-ml\/\",\"name\":\"Doggy Bag\\\" Embalagem de refei\u00e7\u00e3o americana 2000 ml x 200\",\"isPartOf\":{\"@id\":\"https:\/\/www.csj-emballages.com\/pt-pt\/#website\"},\"primaryImageOfPage\":{\"@id\":\"https:\/\/www.csj-emballages.com\/pt-pt\/produit\/200-caixas-de-refeicao-kraft-doggy-bag-2000-ml\/#primaryimage\"},\"image\":{\"@id\":\"https:\/\/www.csj-emballages.com\/pt-pt\/produit\/200-caixas-de-refeicao-kraft-doggy-bag-2000-ml\/#primaryimage\"},\"thumbnailUrl\":\"https:\/\/www.csj-emballages.com\/wp-content\/uploads\/2024\/03\/DOGGYBAG2000.webp\",\"datePublished\":\"2024-03-01T15:54:31+00:00\",\"dateModified\":\"2026-04-30T00:13:07+00:00\",\"description\":\"Lancheira americana \\\"Doggy Bag\\\" de 2000 ml - 200 unidades Resistente, pr\u00e1tica e ideal para refei\u00e7\u00f5es generosas para levar.\",\"breadcrumb\":{\"@id\":\"https:\/\/www.csj-emballages.com\/pt-pt\/produit\/200-caixas-de-refeicao-kraft-doggy-bag-2000-ml\/#breadcrumb\"},\"inLanguage\":\"pt-PT\",\"potentialAction\":[{\"@type\":\"ReadAction\",\"target\":[\"https:\/\/www.csj-emballages.com\/pt-pt\/produit\/200-caixas-de-refeicao-kraft-doggy-bag-2000-ml\/\"]}]},{\"@type\":\"ImageObject\",\"inLanguage\":\"pt-PT\",\"@id\":\"https:\/\/www.csj-emballages.com\/pt-pt\/produit\/200-caixas-de-refeicao-kraft-doggy-bag-2000-ml\/#primaryimage\",\"url\":\"https:\/\/www.csj-emballages.com\/wp-content\/uploads\/2024\/03\/DOGGYBAG2000.webp\",\"contentUrl\":\"https:\/\/www.csj-emballages.com\/wp-content\/uploads\/2024\/03\/DOGGYBAG2000.webp\",\"width\":800,\"height\":800,\"caption\":\"Boite repas\"},{\"@type\":\"BreadcrumbList\",\"@id\":\"https:\/\/www.csj-emballages.com\/pt-pt\/produit\/200-caixas-de-refeicao-kraft-doggy-bag-2000-ml\/#breadcrumb\",\"itemListElement\":[{\"@type\":\"ListItem\",\"position\":1,\"name\":\"Acolhimento\",\"item\":\"https:\/\/www.csj-emballages.com\/pt-pt\/universo-das-embalagens-alimentares\/\"},{\"@type\":\"ListItem\",\"position\":2,\"name\":\"Shop\",\"item\":\"https:\/\/www.csj-emballages.com\/shop\/\"},{\"@type\":\"ListItem\",\"position\":3,\"name\":\"Doggy Bag\u00a0\u00bb Caixa de refei\u00e7\u00e3o americana 2000 ml por 200\"}]},{\"@type\":\"WebSite\",\"@id\":\"https:\/\/www.csj-emballages.com\/pt-pt\/#website\",\"url\":\"https:\/\/www.csj-emballages.com\/pt-pt\/\",\"name\":\"CSJ Emballages\",\"description\":\"\",\"publisher\":{\"@id\":\"https:\/\/www.csj-emballages.com\/pt-pt\/#organization\"},\"potentialAction\":[{\"@type\":\"SearchAction\",\"target\":{\"@type\":\"EntryPoint\",\"urlTemplate\":\"https:\/\/www.csj-emballages.com\/pt-pt\/?s={search_term_string}\"},\"query-input\":{\"@type\":\"PropertyValueSpecification\",\"valueRequired\":true,\"valueName\":\"search_term_string\"}}],\"inLanguage\":\"pt-PT\"},{\"@type\":\"Organization\",\"@id\":\"https:\/\/www.csj-emballages.com\/pt-pt\/#Organization\/\",\"name\":\"CSJ Emballages\",\"url\":\"https:\/\/www.csj-emballages.com\/pt-pt\/\",\"logo\":{\"@type\":\"ImageObject\",\"inLanguage\":\"pt-PT\",\"@id\":\"https:\/\/www.csj-emballages.com\/pt-pt\/#\/schema\/logo\/image\/\",\"url\":\"https:\/\/www.csj-emballages.com\/wp-content\/uploads\/2023\/10\/logo_csj.webp\",\"contentUrl\":\"https:\/\/www.csj-emballages.com\/wp-content\/uploads\/2023\/10\/logo_csj.webp\",\"width\":250,\"height\":95,\"caption\":\"CSJ Emballages\"},\"image\":{\"@id\":\"https:\/\/www.csj-emballages.com\/pt-pt\/#\/schema\/logo\/image\/\"},\"sameAs\":[\"https:\/\/www.facebook.com\/csjemballages\"],\"address\":{\"@type\":\"PostalAddress\",\"streetAddress\":\"ZI La Lechere\",\"addressLocality\":\"Patornay\",\"postalCode\":\"39130\",\"addressCountry\":\"FR\"},\"contactPoint\":[{\"@type\":\"ContactPoint\",\"contactType\":\"Service client\",\"telephone\":\"0384254272\",\"email\":\"contact@csj-emballages.com\"}]}]}<\/script>\n<!-- \/ Yoast SEO Premium plugin. -->","yoast_head_json":{"title":"Doggy Bag\" Embalagem de refei\u00e7\u00e3o americana 2000 ml x 200","description":"Lancheira americana \"Doggy Bag\" de 2000 ml - 200 unidades Resistente, pr\u00e1tica e ideal para refei\u00e7\u00f5es generosas para levar.","robots":{"index":"index","follow":"follow","max-snippet":"max-snippet:-1","max-image-preview":"max-image-preview:large","max-video-preview":"max-video-preview:-1"},"canonical":"https:\/\/www.csj-emballages.com\/pt-pt\/produit\/200-caixas-de-refeicao-kraft-doggy-bag-2000-ml\/","og_locale":"pt_PT","og_type":"article","og_title":"Doggy Bag\" Caixa de refei\u00e7\u00e3o americana 2000 ml por 200","og_description":"Lancheira americana \"Doggy Bag\" de 2000 ml - 200 unidades Resistente, pr\u00e1tica e ideal para refei\u00e7\u00f5es generosas para levar.","og_url":"https:\/\/www.csj-emballages.com\/pt-pt\/produit\/200-caixas-de-refeicao-kraft-doggy-bag-2000-ml\/","og_site_name":"CSJ Emballages","article_publisher":"https:\/\/www.facebook.com\/csjemballages","article_modified_time":"2026-04-30T00:13:07+00:00","og_image":[{"width":800,"height":800,"url":"https:\/\/www.csj-emballages.com\/wp-content\/uploads\/2024\/03\/DOGGYBAG2000.webp","type":"image\/webp"}],"twitter_card":"summary_large_image","twitter_misc":{"Tempo estimado de leitura":"2 minutos"},"schema":{"@context":"https:\/\/schema.org","@graph":[{"@type":"WebPage","@id":"https:\/\/www.csj-emballages.com\/pt-pt\/produit\/200-caixas-de-refeicao-kraft-doggy-bag-2000-ml\/","url":"https:\/\/www.csj-emballages.com\/pt-pt\/produit\/200-caixas-de-refeicao-kraft-doggy-bag-2000-ml\/","name":"Doggy Bag\" Embalagem de refei\u00e7\u00e3o americana 2000 ml x 200","isPartOf":{"@id":"https:\/\/www.csj-emballages.com\/pt-pt\/#website"},"primaryImageOfPage":{"@id":"https:\/\/www.csj-emballages.com\/pt-pt\/produit\/200-caixas-de-refeicao-kraft-doggy-bag-2000-ml\/#primaryimage"},"image":{"@id":"https:\/\/www.csj-emballages.com\/pt-pt\/produit\/200-caixas-de-refeicao-kraft-doggy-bag-2000-ml\/#primaryimage"},"thumbnailUrl":"https:\/\/www.csj-emballages.com\/wp-content\/uploads\/2024\/03\/DOGGYBAG2000.webp","datePublished":"2024-03-01T15:54:31+00:00","dateModified":"2026-04-30T00:13:07+00:00","description":"Lancheira americana \"Doggy Bag\" de 2000 ml - 200 unidades Resistente, pr\u00e1tica e ideal para refei\u00e7\u00f5es generosas para levar.","breadcrumb":{"@id":"https:\/\/www.csj-emballages.com\/pt-pt\/produit\/200-caixas-de-refeicao-kraft-doggy-bag-2000-ml\/#breadcrumb"},"inLanguage":"pt-PT","potentialAction":[{"@type":"ReadAction","target":["https:\/\/www.csj-emballages.com\/pt-pt\/produit\/200-caixas-de-refeicao-kraft-doggy-bag-2000-ml\/"]}]},{"@type":"ImageObject","inLanguage":"pt-PT","@id":"https:\/\/www.csj-emballages.com\/pt-pt\/produit\/200-caixas-de-refeicao-kraft-doggy-bag-2000-ml\/#primaryimage","url":"https:\/\/www.csj-emballages.com\/wp-content\/uploads\/2024\/03\/DOGGYBAG2000.webp","contentUrl":"https:\/\/www.csj-emballages.com\/wp-content\/uploads\/2024\/03\/DOGGYBAG2000.webp","width":800,"height":800,"caption":"Boite repas"},{"@type":"BreadcrumbList","@id":"https:\/\/www.csj-emballages.com\/pt-pt\/produit\/200-caixas-de-refeicao-kraft-doggy-bag-2000-ml\/#breadcrumb","itemListElement":[{"@type":"ListItem","position":1,"name":"Acolhimento","item":"https:\/\/www.csj-emballages.com\/pt-pt\/universo-das-embalagens-alimentares\/"},{"@type":"ListItem","position":2,"name":"Shop","item":"https:\/\/www.csj-emballages.com\/shop\/"},{"@type":"ListItem","position":3,"name":"Doggy Bag\u00a0\u00bb Caixa de refei\u00e7\u00e3o americana 2000 ml por 200"}]},{"@type":"WebSite","@id":"https:\/\/www.csj-emballages.com\/pt-pt\/#website","url":"https:\/\/www.csj-emballages.com\/pt-pt\/","name":"CSJ Emballages","description":"","publisher":{"@id":"https:\/\/www.csj-emballages.com\/pt-pt\/#organization"},"potentialAction":[{"@type":"SearchAction","target":{"@type":"EntryPoint","urlTemplate":"https:\/\/www.csj-emballages.com\/pt-pt\/?s={search_term_string}"},"query-input":{"@type":"PropertyValueSpecification","valueRequired":true,"valueName":"search_term_string"}}],"inLanguage":"pt-PT"},{"@type":"Organization","@id":"https:\/\/www.csj-emballages.com\/pt-pt\/#Organization\/","name":"CSJ Emballages","url":"https:\/\/www.csj-emballages.com\/pt-pt\/","logo":{"@type":"ImageObject","inLanguage":"pt-PT","@id":"https:\/\/www.csj-emballages.com\/pt-pt\/#\/schema\/logo\/image\/","url":"https:\/\/www.csj-emballages.com\/wp-content\/uploads\/2023\/10\/logo_csj.webp","contentUrl":"https:\/\/www.csj-emballages.com\/wp-content\/uploads\/2023\/10\/logo_csj.webp","width":250,"height":95,"caption":"CSJ Emballages"},"image":{"@id":"https:\/\/www.csj-emballages.com\/pt-pt\/#\/schema\/logo\/image\/"},"sameAs":["https:\/\/www.facebook.com\/csjemballages"],"address":{"@type":"PostalAddress","streetAddress":"ZI La Lechere","addressLocality":"Patornay","postalCode":"39130","addressCountry":"FR"},"contactPoint":[{"@type":"ContactPoint","contactType":"Service client","telephone":"0384254272","email":"contact@csj-emballages.com"}]}]}},"df_price":61.8,"df_sale_price":"","df_regular_price":61.8,"df_image_link":"https:\/\/www.csj-emballages.com\/wp-content\/uploads\/2024\/03\/DOGGYBAG2000-300x300.webp","tiered_pricing_type":"fixed","tiered_pricing_fixed_rules":[],"tiered_pricing_percentage_rules":[],"tiered_pricing_minimum":1,"tiered_pricing_roles_data":[],"_links":{"self":[{"href":"https:\/\/www.csj-emballages.com\/pt-pt\/wp-json\/wp\/v2\/product\/20582","targetHints":{"allow":["GET"]}}],"collection":[{"href":"https:\/\/www.csj-emballages.com\/pt-pt\/wp-json\/wp\/v2\/product"}],"about":[{"href":"https:\/\/www.csj-emballages.com\/pt-pt\/wp-json\/wp\/v2\/types\/product"}],"wp:featuredmedia":[{"embeddable":true,"href":"https:\/\/www.csj-emballages.com\/pt-pt\/wp-json\/wp\/v2\/media\/255281"}],"wp:attachment":[{"href":"https:\/\/www.csj-emballages.com\/pt-pt\/wp-json\/wp\/v2\/media?parent=20582"}],"wp:term":[{"taxonomy":"product_brand","embeddable":true,"href":"https:\/\/www.csj-emballages.com\/pt-pt\/wp-json\/wp\/v2\/product_brand?post=20582"},{"taxonomy":"product_cat","embeddable":true,"href":"https:\/\/www.csj-emballages.com\/pt-pt\/wp-json\/wp\/v2\/product_cat?post=20582"},{"taxonomy":"product_tag","embeddable":true,"href":"https:\/\/www.csj-emballages.com\/pt-pt\/wp-json\/wp\/v2\/product_tag?post=20582"}],"curies":[{"name":"wp","href":"https:\/\/api.w.org\/{rel}","templated":true}]}}