{"id":20580,"date":"2024-03-01T16:54:30","date_gmt":"2024-03-01T15:54:30","guid":{"rendered":"https:\/\/u15jnbdpoq.preview.infomaniak.website\/produit\/50-tampas-de-cupula-descartaveis-para-copos-de-sobremesa-cp125\/"},"modified":"2026-03-12T16:23:21","modified_gmt":"2026-03-12T15:23:21","slug":"50-tampas-de-cupula-descartaveis-para-copos-de-sobremesa-cp125","status":"publish","type":"product","link":"https:\/\/www.csj-emballages.com\/pt-pt\/produit\/50-tampas-de-cupula-descartaveis-para-copos-de-sobremesa-cp125\/","title":{"rendered":"Tampa de pl\u00e1stico com c\u00fapula para ta\u00e7a de sobremesa CP125, 50 unidades."},"content":{"rendered":"<h2>Tampa de pl\u00e1stico<\/h2>\n<hr>\n<h3>Descri\u00e7\u00e3o da nossa tampa de pl\u00e1stico para ta\u00e7a de sobremesa CP125 por 50<\/h3>\n<p><!--more--><\/p>\n<p data-start=\"220\" data-end=\"516\">A <strong>tampa de pl\u00e1stico em c\u00fapula para os copos de sobremesa CP125<\/strong> foi especialmente concebida para proteger e real\u00e7ar as suas sobremesas individuais. Gra\u00e7as \u00e0 sua forma <strong>abaulada<\/strong>, permite preservar as prepara\u00e7\u00f5es, deixando espa\u00e7o suficiente para coberturas, natas batidas ou decora\u00e7\u00f5es gourmet. <\/p>\n<p data-start=\"518\" data-end=\"826\">Fabricada em <strong>pl\u00e1stico transparente<\/strong> de qualidade alimentar, esta tampa real\u00e7a o conte\u00fado do copo, garantindo uma prote\u00e7\u00e3o eficaz contra contamina\u00e7\u00f5es externas e riscos de derramamento. A sua <strong>transpar\u00eancia<\/strong> \u00e9 ideal para vitrines refrigeradas e venda para levar. <\/p>\n<p data-start=\"828\" data-end=\"1134\">A sua conce\u00e7\u00e3o garante um ajuste preciso nos <strong>copos CP125<\/strong>, assegurando um fecho fi\u00e1vel e boa estabilidade durante o transporte. A forma <strong>em c\u00fapula<\/strong> \u00e9 particularmente adequada para <strong>sobremesas generosamente decoradas, como mousses, tiramisus, saladas de frutas, gelados ou pastelaria em verrine<\/strong>. <\/p>\n<p data-start=\"1136\" data-end=\"1321\">Embalada em lotes de <strong>50 unidades<\/strong>, a <strong>tampa em c\u00fapula para copos CP125<\/strong> constitui uma solu\u00e7\u00e3o pr\u00e1tica e profissional para pasteleiros, caterings, restaurantes e pontos de venda para levar.<\/p>\n<p data-start=\"1136\" data-end=\"1321\">\n<p data-start=\"1136\" data-end=\"1321\"><!--more--><\/p>\n<h4 data-start=\"1136\" data-end=\"1321\">Vantagens :<\/h4>\n<ul>\n<li data-start=\"1359\" data-end=\"1403\">Compat\u00edvel com os copos de sobremesa <strong>CP125<\/strong>.<\/li>\n<li data-start=\"1406\" data-end=\"1447\">Forma <strong>em c\u00fapula<\/strong> ideal para sobremesas decoradas.<\/li>\n<li data-start=\"1591\" data-end=\"1637\">Adequada para vitrines e venda para levar.<\/li>\n<li data-start=\"1640\" data-end=\"1676\">Boa resist\u00eancia e fecho seguro.<\/li>\n<li data-start=\"1679\" data-end=\"1723\">Acondicionamento pr\u00e1tico por <strong>50 tampas<\/strong>.<\/li>\n<\/ul>\n<p>&nbsp;<\/p>\n<p><!--more--><\/p>\n<h4>Outras informa\u00e7\u00f5es :<\/h4>\n<ul>\n<li><strong>Dimens\u00f5es<\/strong>: 95 x 25 (\u00d8 x H em mm).<\/li>\n<li><strong>Embalagem<\/strong>: Embalagens de 25 unidades<\/li>\n<li><strong>Material<\/strong>: PP<\/li>\n<\/ul>\n<p>&nbsp;<\/p>\n<p><!--more--><\/p>\n<p>Encontre aqui os copos de sobremesa vendidos separadamente compat\u00edveis com esta tampa: <span style=\"color: #d12727;\"><a style=\"color: #d12727;\" href=\"https:\/\/www.csj-emballages.com\/pt-pt\/categorie-produit\/embalagem-de-alimentos\/talho-e-charcutaria\/copos-jarras-copos\/copos-de-sobremesa\/\">CP125<\/a><\/span><\/p>\n<p>&nbsp;<\/p>\n<p><!--more--><\/p>\n<p><a href=\"https:\/\/www.csj-emballages.com\/pt-pt\/categorie-produit\/embalagem-de-alimentos\/talho-e-charcutaria\/copos-jarras-copos\/copos-de-sobremesa\/\">Descobre o resto da nossa gama de ta\u00e7as de sobremesa<\/a><\/p>\n","protected":false},"excerpt":{"rendered":"<p>Tampa de pl\u00e1stico Descri\u00e7\u00e3o da nossa tampa de pl\u00e1stico para ta\u00e7a de sobremesa CP125 por 50<\/p>\n","protected":false},"featured_media":218652,"template":"","meta":{"_acf_changed":false},"product_brand":[],"product_cat":[1141,1176,1306,1459],"product_tag":[],"class_list":{"0":"post-20580","1":"product","2":"type-product","3":"status-publish","4":"has-post-thumbnail","6":"product_cat-embalagem-de-alimentos","7":"product_cat-talho-e-charcutaria","8":"product_cat-copos-jarras-copos","9":"product_cat-copos-de-sobremesa","11":"first","12":"instock","13":"taxable","14":"shipping-taxable","15":"purchasable","16":"product-type-simple"},"acf":[],"yoast_head":"<!-- This site is optimized with the Yoast SEO Premium plugin v26.6 (Yoast SEO v26.6) - https:\/\/yoast.com\/wordpress\/plugins\/seo\/ -->\n<title>Tampa de pl\u00e1stico para ta\u00e7a de sobremesa CP125<\/title>\n<meta name=\"description\" content=\"Tampa de pl\u00e1stico para copo de sobremesa CP125, ideal para um fecho herm\u00e9tico e seguro. Perfeito para facilitar o transporte.\" \/>\n<meta name=\"robots\" content=\"index, follow, max-snippet:-1, max-image-preview:large, max-video-preview:-1\" \/>\n<link rel=\"canonical\" href=\"https:\/\/www.csj-emballages.com\/pt-pt\/produit\/50-tampas-de-cupula-descartaveis-para-copos-de-sobremesa-cp125\/\" \/>\n<meta property=\"og:locale\" content=\"pt_PT\" \/>\n<meta property=\"og:type\" content=\"article\" \/>\n<meta property=\"og:title\" content=\"Tampa de pl\u00e1stico com c\u00fapula para ta\u00e7a de sobremesa CP125, 50 unidades.\" \/>\n<meta property=\"og:description\" content=\"Tampa de pl\u00e1stico para copo de sobremesa CP125, ideal para um fecho herm\u00e9tico e seguro. Perfeito para facilitar o transporte.\" \/>\n<meta property=\"og:url\" content=\"https:\/\/www.csj-emballages.com\/pt-pt\/produit\/50-tampas-de-cupula-descartaveis-para-copos-de-sobremesa-cp125\/\" \/>\n<meta property=\"og:site_name\" content=\"CSJ Emballages\" \/>\n<meta property=\"article:publisher\" content=\"https:\/\/www.facebook.com\/csjemballages\" \/>\n<meta property=\"article:modified_time\" content=\"2026-03-12T15:23:21+00:00\" \/>\n<meta property=\"og:image\" content=\"https:\/\/www.csj-emballages.com\/wp-content\/uploads\/2024\/03\/DOME-CP.webp\" \/>\n\t<meta property=\"og:image:width\" content=\"801\" \/>\n\t<meta property=\"og:image:height\" content=\"801\" \/>\n\t<meta property=\"og:image:type\" content=\"image\/webp\" \/>\n<meta name=\"twitter:card\" content=\"summary_large_image\" \/>\n<meta name=\"twitter:label1\" content=\"Tempo estimado de leitura\" \/>\n\t<meta name=\"twitter:data1\" content=\"1 minuto\" \/>\n<script type=\"application\/ld+json\" class=\"yoast-schema-graph\">{\"@context\":\"https:\/\/schema.org\",\"@graph\":[{\"@type\":\"WebPage\",\"@id\":\"https:\/\/www.csj-emballages.com\/pt-pt\/produit\/50-tampas-de-cupula-descartaveis-para-copos-de-sobremesa-cp125\/\",\"url\":\"https:\/\/www.csj-emballages.com\/pt-pt\/produit\/50-tampas-de-cupula-descartaveis-para-copos-de-sobremesa-cp125\/\",\"name\":\"Tampa de pl\u00e1stico para ta\u00e7a de sobremesa CP125\",\"isPartOf\":{\"@id\":\"https:\/\/www.csj-emballages.com\/pt-pt\/#website\"},\"primaryImageOfPage\":{\"@id\":\"https:\/\/www.csj-emballages.com\/pt-pt\/produit\/50-tampas-de-cupula-descartaveis-para-copos-de-sobremesa-cp125\/#primaryimage\"},\"image\":{\"@id\":\"https:\/\/www.csj-emballages.com\/pt-pt\/produit\/50-tampas-de-cupula-descartaveis-para-copos-de-sobremesa-cp125\/#primaryimage\"},\"thumbnailUrl\":\"https:\/\/www.csj-emballages.com\/wp-content\/uploads\/2024\/03\/DOME-CP.webp\",\"datePublished\":\"2024-03-01T15:54:30+00:00\",\"dateModified\":\"2026-03-12T15:23:21+00:00\",\"description\":\"Tampa de pl\u00e1stico para copo de sobremesa CP125, ideal para um fecho herm\u00e9tico e seguro. Perfeito para facilitar o transporte.\",\"breadcrumb\":{\"@id\":\"https:\/\/www.csj-emballages.com\/pt-pt\/produit\/50-tampas-de-cupula-descartaveis-para-copos-de-sobremesa-cp125\/#breadcrumb\"},\"inLanguage\":\"pt-PT\",\"potentialAction\":[{\"@type\":\"ReadAction\",\"target\":[\"https:\/\/www.csj-emballages.com\/pt-pt\/produit\/50-tampas-de-cupula-descartaveis-para-copos-de-sobremesa-cp125\/\"]}]},{\"@type\":\"ImageObject\",\"inLanguage\":\"pt-PT\",\"@id\":\"https:\/\/www.csj-emballages.com\/pt-pt\/produit\/50-tampas-de-cupula-descartaveis-para-copos-de-sobremesa-cp125\/#primaryimage\",\"url\":\"https:\/\/www.csj-emballages.com\/wp-content\/uploads\/2024\/03\/DOME-CP.webp\",\"contentUrl\":\"https:\/\/www.csj-emballages.com\/wp-content\/uploads\/2024\/03\/DOME-CP.webp\",\"width\":801,\"height\":801,\"caption\":\"couvercle plastique\"},{\"@type\":\"BreadcrumbList\",\"@id\":\"https:\/\/www.csj-emballages.com\/pt-pt\/produit\/50-tampas-de-cupula-descartaveis-para-copos-de-sobremesa-cp125\/#breadcrumb\",\"itemListElement\":[{\"@type\":\"ListItem\",\"position\":1,\"name\":\"Acolhimento\",\"item\":\"https:\/\/www.csj-emballages.com\/pt-pt\/universo-das-embalagens-alimentares\/\"},{\"@type\":\"ListItem\",\"position\":2,\"name\":\"Shop\",\"item\":\"https:\/\/www.csj-emballages.com\/shop\/\"},{\"@type\":\"ListItem\",\"position\":3,\"name\":\"Tampa de pl\u00e1stico com c\u00fapula para ta\u00e7a de sobremesa CP125, 50 unidades.\"}]},{\"@type\":\"WebSite\",\"@id\":\"https:\/\/www.csj-emballages.com\/pt-pt\/#website\",\"url\":\"https:\/\/www.csj-emballages.com\/pt-pt\/\",\"name\":\"CSJ Emballages\",\"description\":\"\",\"publisher\":{\"@id\":\"https:\/\/www.csj-emballages.com\/pt-pt\/#organization\"},\"potentialAction\":[{\"@type\":\"SearchAction\",\"target\":{\"@type\":\"EntryPoint\",\"urlTemplate\":\"https:\/\/www.csj-emballages.com\/pt-pt\/?s={search_term_string}\"},\"query-input\":{\"@type\":\"PropertyValueSpecification\",\"valueRequired\":true,\"valueName\":\"search_term_string\"}}],\"inLanguage\":\"pt-PT\"},{\"@type\":\"Organization\",\"@id\":\"https:\/\/www.csj-emballages.com\/pt-pt\/#Organization\/\",\"name\":\"CSJ Emballages\",\"url\":\"https:\/\/www.csj-emballages.com\/pt-pt\/\",\"logo\":{\"@type\":\"ImageObject\",\"inLanguage\":\"pt-PT\",\"@id\":\"https:\/\/www.csj-emballages.com\/pt-pt\/#\/schema\/logo\/image\/\",\"url\":\"https:\/\/www.csj-emballages.com\/wp-content\/uploads\/2023\/10\/logo_csj.webp\",\"contentUrl\":\"https:\/\/www.csj-emballages.com\/wp-content\/uploads\/2023\/10\/logo_csj.webp\",\"width\":250,\"height\":95,\"caption\":\"CSJ Emballages\"},\"image\":{\"@id\":\"https:\/\/www.csj-emballages.com\/pt-pt\/#\/schema\/logo\/image\/\"},\"sameAs\":[\"https:\/\/www.facebook.com\/csjemballages\"],\"address\":{\"@type\":\"PostalAddress\",\"streetAddress\":\"ZI La Lechere\",\"addressLocality\":\"Patornay\",\"postalCode\":\"39130\",\"addressCountry\":\"FR\"},\"contactPoint\":[{\"@type\":\"ContactPoint\",\"contactType\":\"Service client\",\"telephone\":\"0384254272\",\"email\":\"contact@csj-emballages.com\"}]}]}<\/script>\n<!-- \/ Yoast SEO Premium plugin. -->","yoast_head_json":{"title":"Tampa de pl\u00e1stico para ta\u00e7a de sobremesa CP125","description":"Tampa de pl\u00e1stico para copo de sobremesa CP125, ideal para um fecho herm\u00e9tico e seguro. Perfeito para facilitar o transporte.","robots":{"index":"index","follow":"follow","max-snippet":"max-snippet:-1","max-image-preview":"max-image-preview:large","max-video-preview":"max-video-preview:-1"},"canonical":"https:\/\/www.csj-emballages.com\/pt-pt\/produit\/50-tampas-de-cupula-descartaveis-para-copos-de-sobremesa-cp125\/","og_locale":"pt_PT","og_type":"article","og_title":"Tampa de pl\u00e1stico com c\u00fapula para ta\u00e7a de sobremesa CP125, 50 unidades.","og_description":"Tampa de pl\u00e1stico para copo de sobremesa CP125, ideal para um fecho herm\u00e9tico e seguro. Perfeito para facilitar o transporte.","og_url":"https:\/\/www.csj-emballages.com\/pt-pt\/produit\/50-tampas-de-cupula-descartaveis-para-copos-de-sobremesa-cp125\/","og_site_name":"CSJ Emballages","article_publisher":"https:\/\/www.facebook.com\/csjemballages","article_modified_time":"2026-03-12T15:23:21+00:00","og_image":[{"width":801,"height":801,"url":"https:\/\/www.csj-emballages.com\/wp-content\/uploads\/2024\/03\/DOME-CP.webp","type":"image\/webp"}],"twitter_card":"summary_large_image","twitter_misc":{"Tempo estimado de leitura":"1 minuto"},"schema":{"@context":"https:\/\/schema.org","@graph":[{"@type":"WebPage","@id":"https:\/\/www.csj-emballages.com\/pt-pt\/produit\/50-tampas-de-cupula-descartaveis-para-copos-de-sobremesa-cp125\/","url":"https:\/\/www.csj-emballages.com\/pt-pt\/produit\/50-tampas-de-cupula-descartaveis-para-copos-de-sobremesa-cp125\/","name":"Tampa de pl\u00e1stico para ta\u00e7a de sobremesa CP125","isPartOf":{"@id":"https:\/\/www.csj-emballages.com\/pt-pt\/#website"},"primaryImageOfPage":{"@id":"https:\/\/www.csj-emballages.com\/pt-pt\/produit\/50-tampas-de-cupula-descartaveis-para-copos-de-sobremesa-cp125\/#primaryimage"},"image":{"@id":"https:\/\/www.csj-emballages.com\/pt-pt\/produit\/50-tampas-de-cupula-descartaveis-para-copos-de-sobremesa-cp125\/#primaryimage"},"thumbnailUrl":"https:\/\/www.csj-emballages.com\/wp-content\/uploads\/2024\/03\/DOME-CP.webp","datePublished":"2024-03-01T15:54:30+00:00","dateModified":"2026-03-12T15:23:21+00:00","description":"Tampa de pl\u00e1stico para copo de sobremesa CP125, ideal para um fecho herm\u00e9tico e seguro. Perfeito para facilitar o transporte.","breadcrumb":{"@id":"https:\/\/www.csj-emballages.com\/pt-pt\/produit\/50-tampas-de-cupula-descartaveis-para-copos-de-sobremesa-cp125\/#breadcrumb"},"inLanguage":"pt-PT","potentialAction":[{"@type":"ReadAction","target":["https:\/\/www.csj-emballages.com\/pt-pt\/produit\/50-tampas-de-cupula-descartaveis-para-copos-de-sobremesa-cp125\/"]}]},{"@type":"ImageObject","inLanguage":"pt-PT","@id":"https:\/\/www.csj-emballages.com\/pt-pt\/produit\/50-tampas-de-cupula-descartaveis-para-copos-de-sobremesa-cp125\/#primaryimage","url":"https:\/\/www.csj-emballages.com\/wp-content\/uploads\/2024\/03\/DOME-CP.webp","contentUrl":"https:\/\/www.csj-emballages.com\/wp-content\/uploads\/2024\/03\/DOME-CP.webp","width":801,"height":801,"caption":"couvercle plastique"},{"@type":"BreadcrumbList","@id":"https:\/\/www.csj-emballages.com\/pt-pt\/produit\/50-tampas-de-cupula-descartaveis-para-copos-de-sobremesa-cp125\/#breadcrumb","itemListElement":[{"@type":"ListItem","position":1,"name":"Acolhimento","item":"https:\/\/www.csj-emballages.com\/pt-pt\/universo-das-embalagens-alimentares\/"},{"@type":"ListItem","position":2,"name":"Shop","item":"https:\/\/www.csj-emballages.com\/shop\/"},{"@type":"ListItem","position":3,"name":"Tampa de pl\u00e1stico com c\u00fapula para ta\u00e7a de sobremesa CP125, 50 unidades."}]},{"@type":"WebSite","@id":"https:\/\/www.csj-emballages.com\/pt-pt\/#website","url":"https:\/\/www.csj-emballages.com\/pt-pt\/","name":"CSJ Emballages","description":"","publisher":{"@id":"https:\/\/www.csj-emballages.com\/pt-pt\/#organization"},"potentialAction":[{"@type":"SearchAction","target":{"@type":"EntryPoint","urlTemplate":"https:\/\/www.csj-emballages.com\/pt-pt\/?s={search_term_string}"},"query-input":{"@type":"PropertyValueSpecification","valueRequired":true,"valueName":"search_term_string"}}],"inLanguage":"pt-PT"},{"@type":"Organization","@id":"https:\/\/www.csj-emballages.com\/pt-pt\/#Organization\/","name":"CSJ Emballages","url":"https:\/\/www.csj-emballages.com\/pt-pt\/","logo":{"@type":"ImageObject","inLanguage":"pt-PT","@id":"https:\/\/www.csj-emballages.com\/pt-pt\/#\/schema\/logo\/image\/","url":"https:\/\/www.csj-emballages.com\/wp-content\/uploads\/2023\/10\/logo_csj.webp","contentUrl":"https:\/\/www.csj-emballages.com\/wp-content\/uploads\/2023\/10\/logo_csj.webp","width":250,"height":95,"caption":"CSJ Emballages"},"image":{"@id":"https:\/\/www.csj-emballages.com\/pt-pt\/#\/schema\/logo\/image\/"},"sameAs":["https:\/\/www.facebook.com\/csjemballages"],"address":{"@type":"PostalAddress","streetAddress":"ZI La Lechere","addressLocality":"Patornay","postalCode":"39130","addressCountry":"FR"},"contactPoint":[{"@type":"ContactPoint","contactType":"Service client","telephone":"0384254272","email":"contact@csj-emballages.com"}]}]}},"df_price":3.01,"df_sale_price":"","df_regular_price":3.01,"df_image_link":"https:\/\/www.csj-emballages.com\/wp-content\/uploads\/2024\/03\/DOME-CP-300x300.webp","tiered_pricing_type":"fixed","tiered_pricing_fixed_rules":[],"tiered_pricing_percentage_rules":[],"tiered_pricing_minimum":1,"tiered_pricing_roles_data":[],"_links":{"self":[{"href":"https:\/\/www.csj-emballages.com\/pt-pt\/wp-json\/wp\/v2\/product\/20580","targetHints":{"allow":["GET"]}}],"collection":[{"href":"https:\/\/www.csj-emballages.com\/pt-pt\/wp-json\/wp\/v2\/product"}],"about":[{"href":"https:\/\/www.csj-emballages.com\/pt-pt\/wp-json\/wp\/v2\/types\/product"}],"wp:featuredmedia":[{"embeddable":true,"href":"https:\/\/www.csj-emballages.com\/pt-pt\/wp-json\/wp\/v2\/media\/218652"}],"wp:attachment":[{"href":"https:\/\/www.csj-emballages.com\/pt-pt\/wp-json\/wp\/v2\/media?parent=20580"}],"wp:term":[{"taxonomy":"product_brand","embeddable":true,"href":"https:\/\/www.csj-emballages.com\/pt-pt\/wp-json\/wp\/v2\/product_brand?post=20580"},{"taxonomy":"product_cat","embeddable":true,"href":"https:\/\/www.csj-emballages.com\/pt-pt\/wp-json\/wp\/v2\/product_cat?post=20580"},{"taxonomy":"product_tag","embeddable":true,"href":"https:\/\/www.csj-emballages.com\/pt-pt\/wp-json\/wp\/v2\/product_tag?post=20580"}],"curies":[{"name":"wp","href":"https:\/\/api.w.org\/{rel}","templated":true}]}}