{"id":20570,"date":"2024-03-01T16:54:33","date_gmt":"2024-03-01T15:54:33","guid":{"rendered":"https:\/\/u15jnbdpoq.preview.infomaniak.website\/produit\/1-eco-dispensador-para-fita-adesiva-de-50-mm\/"},"modified":"2026-04-21T02:13:20","modified_gmt":"2026-04-21T00:13:20","slug":"1-eco-dispensador-para-fita-adesiva-de-50-mm","status":"publish","type":"product","link":"https:\/\/www.csj-emballages.com\/pt-pt\/produit\/1-eco-dispensador-para-fita-adesiva-de-50-mm\/","title":{"rendered":"Doseador de fita adesiva eco 50 mm"},"content":{"rendered":"<h2>Doseador de fita adesiva<\/h2>\n<hr>\n<h3>Descubra o nosso doseador de fita adesiva eco 50 mm<\/h3>\n<p><!--more--><\/p>\n<p data-start=\"168\" data-end=\"502\">Este <strong data-start=\"171\" data-end=\"210\">doseador de fita adesiva eco 50 mm<\/strong> \u00e9 a ferramenta perfeita para fechar as suas encomendas rapidamente, sem esfor\u00e7o e sem desperd\u00edcio. Simples, eficaz e bem pensado, facilita o trabalho no dia a dia, seja em armaz\u00e9m, em loja ou durante a prepara\u00e7\u00e3o das encomendas. Pega-se nele, desenrola-se, corta-se\u2026 e est\u00e1 terminado.  <\/p>\n<p data-start=\"504\" data-end=\"787\">Concebido para acomodar <strong data-start=\"530\" data-end=\"558\">fitas adesivas de 50 mm<\/strong>, garante um desenrolamento fluido e regular, sem solavancos. A sua l\u00e2mina integrada permite um corte limpo, o que evita perdas de tempo e peda\u00e7os mal cortados. Resultado: as suas caixas ficam fechadas de forma limpa, num s\u00f3 gesto.  <\/p>\n<p data-start=\"789\" data-end=\"1098\">O seu design <strong data-start=\"800\" data-end=\"807\">eco<\/strong> vai ao essencial. \u00c9 leve, manuse\u00e1vel e f\u00e1cil de usar, mesmo durante uma utiliza\u00e7\u00e3o repetida. Este <strong>doseador<\/strong> \u00e9 adequado tanto para pequenas estruturas como para ambientes mais din\u00e2micos onde as expedi\u00e7\u00f5es se sucedem. Adapta-se naturalmente ao seu ritmo de trabalho, sem o atrasar.   <\/p>\n<p data-start=\"1100\" data-end=\"1335\">Seja para embalagens pontuais ou para utiliza\u00e7\u00e3o di\u00e1ria, este doseador proporciona um verdadeiro conforto. Limita a fadiga da m\u00e3o e permite ganhar efici\u00eancia, especialmente quando \u00e9 necess\u00e1rio preparar v\u00e1rias encomendas seguidas. <\/p>\n<p data-start=\"1337\" data-end=\"1538\">Em resumo, este <strong>doseador de fita adesiva eco<\/strong> \u00e9 uma ferramenta simples, fi\u00e1vel e pr\u00e1tica. Faz exatamente o que se espera dele: ajud\u00e1-lo a trabalhar mais depressa e de forma mais limpa, sem complica\u00e7\u00f5es. <\/p>\n<p data-start=\"1337\" data-end=\"1538\">\n<p data-start=\"1423\" data-end=\"1581\"><!--more--><\/p>\n<h4 data-start=\"1423\" data-end=\"1581\">Vantagens :<\/h4>\n<ul>\n<li data-start=\"112\" data-end=\"163\">Manuseamento confort\u00e1vel para uma utiliza\u00e7\u00e3o prolongada.<\/li>\n<li data-start=\"166\" data-end=\"224\"><strong>Redu\u00e7\u00e3o das perdas de fita<\/strong> gra\u00e7as a um corte preciso.<\/li>\n<li data-start=\"227\" data-end=\"269\">Coloca\u00e7\u00e3o r\u00e1pida do <strong>rolo adesivo<\/strong>.<\/li>\n<li data-start=\"324\" data-end=\"368\">Manuten\u00e7\u00e3o simples e utiliza\u00e7\u00e3o intuitiva.<\/li>\n<li data-start=\"371\" data-end=\"403\">Boa rela\u00e7\u00e3o efic\u00e1cia\/custo.<\/li>\n<li data-start=\"406\" data-end=\"465\">Ideal para otimizar o ritmo de prepara\u00e7\u00e3o das encomendas.<\/li>\n<\/ul>\n<p>&nbsp;<\/p>\n<p><!--more--><\/p>\n<h4>Outras informa\u00e7\u00f5es :<\/h4>\n<ul>\n<li><strong>Embalagem<\/strong>: Por unidade<\/li>\n<li><strong>Largura do corte<\/strong>: 50 mm<\/li>\n<\/ul>\n<p>&nbsp;<\/p>\n<p><!--more--><\/p>\n<p>Encontre aqui a nossa fita adesiva castanha BOPP 48 mm: <span style=\"color: #d12727;\"><a style=\"color: #d12727;\" href=\"https:\/\/www.csj-emballages.com\/pt-pt\/produit\/fita-adesiva-bopp-castanha-48-mm-x-126-m\/\">SCOTCHPVC<\/a><\/span><\/p>\n<p>&nbsp;<\/p>\n<p><!--more--><\/p>\n<p><a href=\"https:\/\/www.csj-emballages.com\/pt-pt\/categorie-produit\/embalagens-industriais\/bobinas-e-fitas\/\">Consulte o resto da nossa gama de desenroladores e fitas adesivas<\/a><\/p>\n<p>&nbsp;<\/p>\n","protected":false},"excerpt":{"rendered":"<p>Doseador de fita adesiva Descubra o nosso doseador de fita adesiva eco 50 mm<\/p>\n","protected":false},"featured_media":263380,"template":"","meta":{"_acf_changed":false},"product_brand":[],"product_cat":[1141,1208,1922],"product_tag":[],"class_list":{"0":"post-20570","1":"product","2":"type-product","3":"status-publish","4":"has-post-thumbnail","6":"product_cat-embalagem-de-alimentos","7":"product_cat-embalagens-industriais","8":"product_cat-bobinas-e-fitas","10":"first","11":"instock","12":"taxable","13":"shipping-taxable","14":"purchasable","15":"product-type-simple"},"acf":[],"yoast_head":"<!-- This site is optimized with the Yoast SEO Premium plugin v26.6 (Yoast SEO v26.6) - https:\/\/yoast.com\/wordpress\/plugins\/seo\/ -->\n<title>Doseador de Fita Adesiva Eco 50 mm<\/title>\n<meta name=\"description\" content=\"Doseador de fita adesiva eco de 50 mm, pr\u00e1tico e leve, ideal para o fecho r\u00e1pido de caixas em ambiente profissional ou dom\u00e9stico.\" \/>\n<meta name=\"robots\" content=\"index, follow, max-snippet:-1, max-image-preview:large, max-video-preview:-1\" \/>\n<link rel=\"canonical\" href=\"https:\/\/www.csj-emballages.com\/pt-pt\/produit\/1-eco-dispensador-para-fita-adesiva-de-50-mm\/\" \/>\n<meta property=\"og:locale\" content=\"pt_PT\" \/>\n<meta property=\"og:type\" content=\"article\" \/>\n<meta property=\"og:title\" content=\"Doseador de fita adesiva eco 50 mm\" \/>\n<meta property=\"og:description\" content=\"Doseador de fita adesiva eco de 50 mm, pr\u00e1tico e leve, ideal para o fecho r\u00e1pido de caixas em ambiente profissional ou dom\u00e9stico.\" \/>\n<meta property=\"og:url\" content=\"https:\/\/www.csj-emballages.com\/pt-pt\/produit\/1-eco-dispensador-para-fita-adesiva-de-50-mm\/\" \/>\n<meta property=\"og:site_name\" content=\"CSJ Emballages\" \/>\n<meta property=\"article:publisher\" content=\"https:\/\/www.facebook.com\/csjemballages\" \/>\n<meta property=\"article:modified_time\" content=\"2026-04-21T00:13:20+00:00\" \/>\n<meta property=\"og:image\" content=\"https:\/\/www.csj-emballages.com\/wp-content\/uploads\/2024\/03\/DEVIRUB.webp\" \/>\n\t<meta property=\"og:image:width\" content=\"800\" \/>\n\t<meta property=\"og:image:height\" content=\"800\" \/>\n\t<meta property=\"og:image:type\" content=\"image\/webp\" \/>\n<meta name=\"twitter:card\" content=\"summary_large_image\" \/>\n<script type=\"application\/ld+json\" class=\"yoast-schema-graph\">{\"@context\":\"https:\/\/schema.org\",\"@graph\":[{\"@type\":\"WebPage\",\"@id\":\"https:\/\/www.csj-emballages.com\/pt-pt\/produit\/1-eco-dispensador-para-fita-adesiva-de-50-mm\/\",\"url\":\"https:\/\/www.csj-emballages.com\/pt-pt\/produit\/1-eco-dispensador-para-fita-adesiva-de-50-mm\/\",\"name\":\"Doseador de Fita Adesiva Eco 50 mm\",\"isPartOf\":{\"@id\":\"https:\/\/www.csj-emballages.com\/pt-pt\/#website\"},\"primaryImageOfPage\":{\"@id\":\"https:\/\/www.csj-emballages.com\/pt-pt\/produit\/1-eco-dispensador-para-fita-adesiva-de-50-mm\/#primaryimage\"},\"image\":{\"@id\":\"https:\/\/www.csj-emballages.com\/pt-pt\/produit\/1-eco-dispensador-para-fita-adesiva-de-50-mm\/#primaryimage\"},\"thumbnailUrl\":\"https:\/\/www.csj-emballages.com\/wp-content\/uploads\/2024\/03\/DEVIRUB.webp\",\"datePublished\":\"2024-03-01T15:54:33+00:00\",\"dateModified\":\"2026-04-21T00:13:20+00:00\",\"description\":\"Doseador de fita adesiva eco de 50 mm, pr\u00e1tico e leve, ideal para o fecho r\u00e1pido de caixas em ambiente profissional ou dom\u00e9stico.\",\"breadcrumb\":{\"@id\":\"https:\/\/www.csj-emballages.com\/pt-pt\/produit\/1-eco-dispensador-para-fita-adesiva-de-50-mm\/#breadcrumb\"},\"inLanguage\":\"pt-PT\",\"potentialAction\":[{\"@type\":\"ReadAction\",\"target\":[\"https:\/\/www.csj-emballages.com\/pt-pt\/produit\/1-eco-dispensador-para-fita-adesiva-de-50-mm\/\"]}]},{\"@type\":\"ImageObject\",\"inLanguage\":\"pt-PT\",\"@id\":\"https:\/\/www.csj-emballages.com\/pt-pt\/produit\/1-eco-dispensador-para-fita-adesiva-de-50-mm\/#primaryimage\",\"url\":\"https:\/\/www.csj-emballages.com\/wp-content\/uploads\/2024\/03\/DEVIRUB.webp\",\"contentUrl\":\"https:\/\/www.csj-emballages.com\/wp-content\/uploads\/2024\/03\/DEVIRUB.webp\",\"width\":800,\"height\":800,\"caption\":\"D\u00e9vidoir ruban adh\u00e9sif\"},{\"@type\":\"BreadcrumbList\",\"@id\":\"https:\/\/www.csj-emballages.com\/pt-pt\/produit\/1-eco-dispensador-para-fita-adesiva-de-50-mm\/#breadcrumb\",\"itemListElement\":[{\"@type\":\"ListItem\",\"position\":1,\"name\":\"Acolhimento\",\"item\":\"https:\/\/www.csj-emballages.com\/pt-pt\/universo-das-embalagens-alimentares\/\"},{\"@type\":\"ListItem\",\"position\":2,\"name\":\"Shop\",\"item\":\"https:\/\/www.csj-emballages.com\/shop\/\"},{\"@type\":\"ListItem\",\"position\":3,\"name\":\"Doseador de fita adesiva eco 50 mm\"}]},{\"@type\":\"WebSite\",\"@id\":\"https:\/\/www.csj-emballages.com\/pt-pt\/#website\",\"url\":\"https:\/\/www.csj-emballages.com\/pt-pt\/\",\"name\":\"CSJ Emballages\",\"description\":\"\",\"publisher\":{\"@id\":\"https:\/\/www.csj-emballages.com\/pt-pt\/#organization\"},\"potentialAction\":[{\"@type\":\"SearchAction\",\"target\":{\"@type\":\"EntryPoint\",\"urlTemplate\":\"https:\/\/www.csj-emballages.com\/pt-pt\/?s={search_term_string}\"},\"query-input\":{\"@type\":\"PropertyValueSpecification\",\"valueRequired\":true,\"valueName\":\"search_term_string\"}}],\"inLanguage\":\"pt-PT\"},{\"@type\":\"Organization\",\"@id\":\"https:\/\/www.csj-emballages.com\/pt-pt\/#Organization\/\",\"name\":\"CSJ Emballages\",\"url\":\"https:\/\/www.csj-emballages.com\/pt-pt\/\",\"logo\":{\"@type\":\"ImageObject\",\"inLanguage\":\"pt-PT\",\"@id\":\"https:\/\/www.csj-emballages.com\/pt-pt\/#\/schema\/logo\/image\/\",\"url\":\"https:\/\/www.csj-emballages.com\/wp-content\/uploads\/2023\/10\/logo_csj.webp\",\"contentUrl\":\"https:\/\/www.csj-emballages.com\/wp-content\/uploads\/2023\/10\/logo_csj.webp\",\"width\":250,\"height\":95,\"caption\":\"CSJ Emballages\"},\"image\":{\"@id\":\"https:\/\/www.csj-emballages.com\/pt-pt\/#\/schema\/logo\/image\/\"},\"sameAs\":[\"https:\/\/www.facebook.com\/csjemballages\"],\"address\":{\"@type\":\"PostalAddress\",\"streetAddress\":\"ZI La Lechere\",\"addressLocality\":\"Patornay\",\"postalCode\":\"39130\",\"addressCountry\":\"FR\"},\"contactPoint\":[{\"@type\":\"ContactPoint\",\"contactType\":\"Service client\",\"telephone\":\"0384254272\",\"email\":\"contact@csj-emballages.com\"}]}]}<\/script>\n<!-- \/ Yoast SEO Premium plugin. -->","yoast_head_json":{"title":"Doseador de Fita Adesiva Eco 50 mm","description":"Doseador de fita adesiva eco de 50 mm, pr\u00e1tico e leve, ideal para o fecho r\u00e1pido de caixas em ambiente profissional ou dom\u00e9stico.","robots":{"index":"index","follow":"follow","max-snippet":"max-snippet:-1","max-image-preview":"max-image-preview:large","max-video-preview":"max-video-preview:-1"},"canonical":"https:\/\/www.csj-emballages.com\/pt-pt\/produit\/1-eco-dispensador-para-fita-adesiva-de-50-mm\/","og_locale":"pt_PT","og_type":"article","og_title":"Doseador de fita adesiva eco 50 mm","og_description":"Doseador de fita adesiva eco de 50 mm, pr\u00e1tico e leve, ideal para o fecho r\u00e1pido de caixas em ambiente profissional ou dom\u00e9stico.","og_url":"https:\/\/www.csj-emballages.com\/pt-pt\/produit\/1-eco-dispensador-para-fita-adesiva-de-50-mm\/","og_site_name":"CSJ Emballages","article_publisher":"https:\/\/www.facebook.com\/csjemballages","article_modified_time":"2026-04-21T00:13:20+00:00","og_image":[{"width":800,"height":800,"url":"https:\/\/www.csj-emballages.com\/wp-content\/uploads\/2024\/03\/DEVIRUB.webp","type":"image\/webp"}],"twitter_card":"summary_large_image","schema":{"@context":"https:\/\/schema.org","@graph":[{"@type":"WebPage","@id":"https:\/\/www.csj-emballages.com\/pt-pt\/produit\/1-eco-dispensador-para-fita-adesiva-de-50-mm\/","url":"https:\/\/www.csj-emballages.com\/pt-pt\/produit\/1-eco-dispensador-para-fita-adesiva-de-50-mm\/","name":"Doseador de Fita Adesiva Eco 50 mm","isPartOf":{"@id":"https:\/\/www.csj-emballages.com\/pt-pt\/#website"},"primaryImageOfPage":{"@id":"https:\/\/www.csj-emballages.com\/pt-pt\/produit\/1-eco-dispensador-para-fita-adesiva-de-50-mm\/#primaryimage"},"image":{"@id":"https:\/\/www.csj-emballages.com\/pt-pt\/produit\/1-eco-dispensador-para-fita-adesiva-de-50-mm\/#primaryimage"},"thumbnailUrl":"https:\/\/www.csj-emballages.com\/wp-content\/uploads\/2024\/03\/DEVIRUB.webp","datePublished":"2024-03-01T15:54:33+00:00","dateModified":"2026-04-21T00:13:20+00:00","description":"Doseador de fita adesiva eco de 50 mm, pr\u00e1tico e leve, ideal para o fecho r\u00e1pido de caixas em ambiente profissional ou dom\u00e9stico.","breadcrumb":{"@id":"https:\/\/www.csj-emballages.com\/pt-pt\/produit\/1-eco-dispensador-para-fita-adesiva-de-50-mm\/#breadcrumb"},"inLanguage":"pt-PT","potentialAction":[{"@type":"ReadAction","target":["https:\/\/www.csj-emballages.com\/pt-pt\/produit\/1-eco-dispensador-para-fita-adesiva-de-50-mm\/"]}]},{"@type":"ImageObject","inLanguage":"pt-PT","@id":"https:\/\/www.csj-emballages.com\/pt-pt\/produit\/1-eco-dispensador-para-fita-adesiva-de-50-mm\/#primaryimage","url":"https:\/\/www.csj-emballages.com\/wp-content\/uploads\/2024\/03\/DEVIRUB.webp","contentUrl":"https:\/\/www.csj-emballages.com\/wp-content\/uploads\/2024\/03\/DEVIRUB.webp","width":800,"height":800,"caption":"D\u00e9vidoir ruban adh\u00e9sif"},{"@type":"BreadcrumbList","@id":"https:\/\/www.csj-emballages.com\/pt-pt\/produit\/1-eco-dispensador-para-fita-adesiva-de-50-mm\/#breadcrumb","itemListElement":[{"@type":"ListItem","position":1,"name":"Acolhimento","item":"https:\/\/www.csj-emballages.com\/pt-pt\/universo-das-embalagens-alimentares\/"},{"@type":"ListItem","position":2,"name":"Shop","item":"https:\/\/www.csj-emballages.com\/shop\/"},{"@type":"ListItem","position":3,"name":"Doseador de fita adesiva eco 50 mm"}]},{"@type":"WebSite","@id":"https:\/\/www.csj-emballages.com\/pt-pt\/#website","url":"https:\/\/www.csj-emballages.com\/pt-pt\/","name":"CSJ Emballages","description":"","publisher":{"@id":"https:\/\/www.csj-emballages.com\/pt-pt\/#organization"},"potentialAction":[{"@type":"SearchAction","target":{"@type":"EntryPoint","urlTemplate":"https:\/\/www.csj-emballages.com\/pt-pt\/?s={search_term_string}"},"query-input":{"@type":"PropertyValueSpecification","valueRequired":true,"valueName":"search_term_string"}}],"inLanguage":"pt-PT"},{"@type":"Organization","@id":"https:\/\/www.csj-emballages.com\/pt-pt\/#Organization\/","name":"CSJ Emballages","url":"https:\/\/www.csj-emballages.com\/pt-pt\/","logo":{"@type":"ImageObject","inLanguage":"pt-PT","@id":"https:\/\/www.csj-emballages.com\/pt-pt\/#\/schema\/logo\/image\/","url":"https:\/\/www.csj-emballages.com\/wp-content\/uploads\/2023\/10\/logo_csj.webp","contentUrl":"https:\/\/www.csj-emballages.com\/wp-content\/uploads\/2023\/10\/logo_csj.webp","width":250,"height":95,"caption":"CSJ Emballages"},"image":{"@id":"https:\/\/www.csj-emballages.com\/pt-pt\/#\/schema\/logo\/image\/"},"sameAs":["https:\/\/www.facebook.com\/csjemballages"],"address":{"@type":"PostalAddress","streetAddress":"ZI La Lechere","addressLocality":"Patornay","postalCode":"39130","addressCountry":"FR"},"contactPoint":[{"@type":"ContactPoint","contactType":"Service client","telephone":"0384254272","email":"contact@csj-emballages.com"}]}]}},"df_price":11.26,"df_sale_price":"","df_regular_price":11.26,"df_image_link":"https:\/\/www.csj-emballages.com\/wp-content\/uploads\/2024\/03\/DEVIRUB-300x300.webp","tiered_pricing_type":"fixed","tiered_pricing_fixed_rules":[],"tiered_pricing_percentage_rules":[],"tiered_pricing_minimum":1,"tiered_pricing_roles_data":[],"_links":{"self":[{"href":"https:\/\/www.csj-emballages.com\/pt-pt\/wp-json\/wp\/v2\/product\/20570","targetHints":{"allow":["GET"]}}],"collection":[{"href":"https:\/\/www.csj-emballages.com\/pt-pt\/wp-json\/wp\/v2\/product"}],"about":[{"href":"https:\/\/www.csj-emballages.com\/pt-pt\/wp-json\/wp\/v2\/types\/product"}],"wp:featuredmedia":[{"embeddable":true,"href":"https:\/\/www.csj-emballages.com\/pt-pt\/wp-json\/wp\/v2\/media\/263380"}],"wp:attachment":[{"href":"https:\/\/www.csj-emballages.com\/pt-pt\/wp-json\/wp\/v2\/media?parent=20570"}],"wp:term":[{"taxonomy":"product_brand","embeddable":true,"href":"https:\/\/www.csj-emballages.com\/pt-pt\/wp-json\/wp\/v2\/product_brand?post=20570"},{"taxonomy":"product_cat","embeddable":true,"href":"https:\/\/www.csj-emballages.com\/pt-pt\/wp-json\/wp\/v2\/product_cat?post=20570"},{"taxonomy":"product_tag","embeddable":true,"href":"https:\/\/www.csj-emballages.com\/pt-pt\/wp-json\/wp\/v2\/product_tag?post=20570"}],"curies":[{"name":"wp","href":"https:\/\/api.w.org\/{rel}","templated":true}]}}