{"id":20559,"date":"2024-03-01T16:54:31","date_gmt":"2024-03-01T15:54:31","guid":{"rendered":"https:\/\/u15jnbdpoq.preview.infomaniak.website\/produit\/mini-dispensador-de-papel-higienico-jumbo-para-a-ref-t180d60\/"},"modified":"2026-03-12T16:23:12","modified_gmt":"2026-03-12T15:23:12","slug":"mini-dispensador-de-papel-higienico-jumbo-para-a-ref-t180d60","status":"publish","type":"product","link":"https:\/\/www.csj-emballages.com\/pt-pt\/produit\/mini-dispensador-de-papel-higienico-jumbo-para-a-ref-t180d60\/","title":{"rendered":"Mini dispensador de papel higi\u00e9nico jumbo para a ref. &#8220;T180D60"},"content":{"rendered":"<h2>Dispensador de papel higi\u00e9nico<\/h2>\n<hr>\n<h3>Descri\u00e7\u00e3o do nosso suporte para rolos de papel higi\u00e9nico mini jumbo para a ref. &#8220;T180D60&#8221;.<!--more--><\/h3>\n<p data-start=\"266\" data-end=\"595\">Em <strong>sanit\u00e1rios<\/strong> muito movimentados, \u00e9 preciso equipamentos fi\u00e1veis, simples e eficazes. O <strong data-start=\"363\" data-end=\"419\">distribuidor de papel higi\u00e9nico mini jumbo para ref. <span style=\"color: #d12727;\"><a style=\"color: #d12727;\" href=\"https:\/\/www.csj-emballages.com\/es\/produit\/12-rollos-jumbo-mini-papel-higienico-de-algodon-blanco-2-capas-180-m\/\">T180D60<\/a><\/span><\/strong> responde precisamente a estas expetativas. O seu formato compacto permite instalar um rolo mini jumbo, limitando as recargas repetidas, o que poupa tempo no dia a dia.  <\/p>\n<p data-start=\"597\" data-end=\"991\">Gra\u00e7as ao seu design s\u00f3brio e moderno, integra-se facilmente em todos os tipos de ambientes: <strong>restaurantes, escrit\u00f3rios, lojas, coletividades ou estabelecimentos que recebem p\u00fablico<\/strong>. A sua frente branca confere um toque limpo e discreto, enquanto a janela de controlo fumada permite verificar o n\u00edvel de papel num relance. Assim, antecipa as recargas sem surpresas desagrad\u00e1veis.  <\/p>\n<p data-start=\"993\" data-end=\"1358\">Este <strong>distribuidor<\/strong> foi concebido para uma utiliza\u00e7\u00e3o intensiva. A sua estrutura robusta protege eficazmente o rolo e limita as manipula\u00e7\u00f5es desnecess\u00e1rias. O papel desenrola-se de forma fluida, o que melhora o conforto dos utilizadores, evitando o desperd\u00edcio. Al\u00e9m disso, o seu sistema de corte facilita a retirada da folha, mesmo em situa\u00e7\u00f5es de grande aflu\u00eancia.   <\/p>\n<p data-start=\"1360\" data-end=\"1639\">Al\u00e9m disso, <strong>a instala\u00e7\u00e3o \u00e9 simples e r\u00e1pida<\/strong>. Uma vez fixado \u00e0 parede, o distribuidor permanece est\u00e1vel e seguro, o que o torna perfeitamente adequado para locais p\u00fablicos. A sua manuten\u00e7\u00e3o tamb\u00e9m \u00e9 muito f\u00e1cil: uma limpeza r\u00e1pida \u00e9 suficiente para manter uma higiene impec\u00e1vel.  <\/p>\n<p data-start=\"1641\" data-end=\"1911\">Em resumo, o <strong>distribuidor de papel higi\u00e9nico mini jumbo<\/strong> \u00e9 uma solu\u00e7\u00e3o pr\u00e1tica e duradoura para gerir eficazmente a distribui\u00e7\u00e3o de papel higi\u00e9nico. Combina funcionalidade, discri\u00e7\u00e3o e conforto de utiliza\u00e7\u00e3o, ajudando-o a otimizar a gest\u00e3o dos seus consum\u00edveis. <\/p>\n<p data-start=\"1641\" data-end=\"1911\"><!--more--><\/p>\n<p><strong>Distribuidor de toalhas de m\u00e3os, utiliza-se com o produto de refer\u00eancia <span style=\"color: #d12727;\"><a style=\"color: #d12727;\" href=\"https:\/\/www.csj-emballages.com\/es\/produit\/12-rollos-jumbo-mini-papel-higienico-de-algodon-blanco-2-capas-180-m\/\">T180D60<\/a><\/span><\/strong><\/p>\n<p>*Este distribuidor de toalhetes de m\u00e3os \u00e9 fornecido com os parafusos.<\/p>\n<p>&nbsp;<\/p>\n<p><!--more--><\/p>\n<h4>Vantagens :<\/h4>\n<ul>\n<li data-start=\"1939\" data-end=\"1992\">Compat\u00edvel com <strong>rolos de papel higi\u00e9nico mini jumbo.<\/strong><\/li>\n<li data-start=\"1995\" data-end=\"2052\"><strong>Janela de controlo<\/strong> para visualizar o n\u00edvel de papel.<\/li>\n<li data-start=\"2055\" data-end=\"2082\">Design discreto e moderno.<\/li>\n<li data-start=\"2085\" data-end=\"2120\">Utiliza\u00e7\u00e3o fluida e confort\u00e1vel.<\/li>\n<li data-start=\"2123\" data-end=\"2145\">Limita o desperd\u00edcio.<\/li>\n<li data-start=\"2148\" data-end=\"2193\">Ideal para <strong>sanit\u00e1rios<\/strong> com muita frequ\u00eancia.<\/li>\n<\/ul>\n<p>&nbsp;<\/p>\n<p><!--more--><\/p>\n<h4>Outras informa\u00e7\u00f5es :<\/h4>\n<ul>\n<li><strong>Embalagem<\/strong>: Por unidade<\/li>\n<li><strong>Material<\/strong>: Pl\u00e1stico<\/li>\n<li><strong>Cor<\/strong>: Branco<\/li>\n<li><strong>Utiliza\u00e7\u00e3o<\/strong>: Manual<\/li>\n<li><strong>Capacidade<\/strong>: Papel higi\u00e9nico (<strong><span style=\"color: #d12727;\"><a style=\"color: #d12727;\" href=\"https:\/\/www.csj-emballages.com\/es\/produit\/12-rollos-jumbo-mini-papel-higienico-de-algodon-blanco-2-capas-180-m\/\">T180D60<\/a><\/span><\/strong>)<\/li>\n<\/ul>\n<p>&nbsp;<\/p>\n<p><!--more--><\/p>\n<p><a href=\"https:\/\/www.csj-emballages.com\/pt-pt\/categorie-produit\/higiene-e-manutencao\/distribuidores-pt-pt\/\">V\u00ea o resto da nossa gama de distribuidores<\/a><\/p>\n","protected":false},"excerpt":{"rendered":"<p>Dispensador de papel higi\u00e9nico Descri\u00e7\u00e3o do nosso suporte para rolos de papel higi\u00e9nico mini jumbo para a ref. &#8220;T180D60&#8221;.<\/p>\n","protected":false},"featured_media":221632,"template":"","meta":{"_acf_changed":false},"product_brand":[],"product_cat":[1222,1413,1382,1383,10271],"product_tag":[],"class_list":{"0":"post-20559","1":"product","2":"type-product","3":"status-publish","4":"has-post-thumbnail","6":"product_cat-higiene-e-manutencao","7":"product_cat-distribuidores-pt-pt","8":"product_cat-limpar","9":"product_cat-papel-higienico","10":"product_cat-apuramento","12":"first","13":"instock","14":"taxable","15":"shipping-taxable","16":"purchasable","17":"product-type-simple"},"acf":[],"yoast_head":"<!-- This site is optimized with the Yoast SEO Premium plugin v26.6 (Yoast SEO v26.6) - https:\/\/yoast.com\/wordpress\/plugins\/seo\/ -->\n<title>Dispensador de papel higi\u00e9nico Mini Jumbo para ref. &quot;T180D60<\/title>\n<meta name=\"description\" content=\"Descubra o nosso dispensador de papel higi\u00e9nico Mini Jumbo branco. Utiliza\u00e7\u00e3o manual. Compat\u00edvel com os toalhetes de m\u00e3o T180D60\" \/>\n<meta name=\"robots\" content=\"index, follow, max-snippet:-1, max-image-preview:large, max-video-preview:-1\" \/>\n<link rel=\"canonical\" href=\"https:\/\/www.csj-emballages.com\/pt-pt\/produit\/mini-dispensador-de-papel-higienico-jumbo-para-a-ref-t180d60\/\" \/>\n<meta property=\"og:locale\" content=\"pt_PT\" \/>\n<meta property=\"og:type\" content=\"article\" \/>\n<meta property=\"og:title\" content=\"Mini dispensador de papel higi\u00e9nico jumbo para a ref. &quot;T180D60\" \/>\n<meta property=\"og:description\" content=\"Descubra o nosso dispensador de papel higi\u00e9nico Mini Jumbo branco. Utiliza\u00e7\u00e3o manual. Compat\u00edvel com os toalhetes de m\u00e3o T180D60\" \/>\n<meta property=\"og:url\" content=\"https:\/\/www.csj-emballages.com\/pt-pt\/produit\/mini-dispensador-de-papel-higienico-jumbo-para-a-ref-t180d60\/\" \/>\n<meta property=\"og:site_name\" content=\"CSJ Emballages\" \/>\n<meta property=\"article:publisher\" content=\"https:\/\/www.facebook.com\/csjemballages\" \/>\n<meta property=\"article:modified_time\" content=\"2026-03-12T15:23:12+00:00\" \/>\n<meta property=\"og:image\" content=\"https:\/\/www.csj-emballages.com\/wp-content\/uploads\/2024\/03\/DISTRITO180.webp\" \/>\n\t<meta property=\"og:image:width\" content=\"800\" \/>\n\t<meta property=\"og:image:height\" content=\"800\" \/>\n\t<meta property=\"og:image:type\" content=\"image\/webp\" \/>\n<meta name=\"twitter:card\" content=\"summary_large_image\" \/>\n<meta name=\"twitter:label1\" content=\"Tempo estimado de leitura\" \/>\n\t<meta name=\"twitter:data1\" content=\"2 minutos\" \/>\n<script type=\"application\/ld+json\" class=\"yoast-schema-graph\">{\"@context\":\"https:\/\/schema.org\",\"@graph\":[{\"@type\":\"WebPage\",\"@id\":\"https:\/\/www.csj-emballages.com\/pt-pt\/produit\/mini-dispensador-de-papel-higienico-jumbo-para-a-ref-t180d60\/\",\"url\":\"https:\/\/www.csj-emballages.com\/pt-pt\/produit\/mini-dispensador-de-papel-higienico-jumbo-para-a-ref-t180d60\/\",\"name\":\"Dispensador de papel higi\u00e9nico Mini Jumbo para ref. \\\"T180D60\",\"isPartOf\":{\"@id\":\"https:\/\/www.csj-emballages.com\/pt-pt\/#website\"},\"primaryImageOfPage\":{\"@id\":\"https:\/\/www.csj-emballages.com\/pt-pt\/produit\/mini-dispensador-de-papel-higienico-jumbo-para-a-ref-t180d60\/#primaryimage\"},\"image\":{\"@id\":\"https:\/\/www.csj-emballages.com\/pt-pt\/produit\/mini-dispensador-de-papel-higienico-jumbo-para-a-ref-t180d60\/#primaryimage\"},\"thumbnailUrl\":\"https:\/\/www.csj-emballages.com\/wp-content\/uploads\/2024\/03\/DISTRITO180.webp\",\"datePublished\":\"2024-03-01T15:54:31+00:00\",\"dateModified\":\"2026-03-12T15:23:12+00:00\",\"description\":\"Descubra o nosso dispensador de papel higi\u00e9nico Mini Jumbo branco. Utiliza\u00e7\u00e3o manual. Compat\u00edvel com os toalhetes de m\u00e3o T180D60\",\"breadcrumb\":{\"@id\":\"https:\/\/www.csj-emballages.com\/pt-pt\/produit\/mini-dispensador-de-papel-higienico-jumbo-para-a-ref-t180d60\/#breadcrumb\"},\"inLanguage\":\"pt-PT\",\"potentialAction\":[{\"@type\":\"ReadAction\",\"target\":[\"https:\/\/www.csj-emballages.com\/pt-pt\/produit\/mini-dispensador-de-papel-higienico-jumbo-para-a-ref-t180d60\/\"]}]},{\"@type\":\"ImageObject\",\"inLanguage\":\"pt-PT\",\"@id\":\"https:\/\/www.csj-emballages.com\/pt-pt\/produit\/mini-dispensador-de-papel-higienico-jumbo-para-a-ref-t180d60\/#primaryimage\",\"url\":\"https:\/\/www.csj-emballages.com\/wp-content\/uploads\/2024\/03\/DISTRITO180.webp\",\"contentUrl\":\"https:\/\/www.csj-emballages.com\/wp-content\/uploads\/2024\/03\/DISTRITO180.webp\",\"width\":800,\"height\":800,\"caption\":\"Distributeur papier toilette\"},{\"@type\":\"BreadcrumbList\",\"@id\":\"https:\/\/www.csj-emballages.com\/pt-pt\/produit\/mini-dispensador-de-papel-higienico-jumbo-para-a-ref-t180d60\/#breadcrumb\",\"itemListElement\":[{\"@type\":\"ListItem\",\"position\":1,\"name\":\"Acolhimento\",\"item\":\"https:\/\/www.csj-emballages.com\/pt-pt\/universo-das-embalagens-alimentares\/\"},{\"@type\":\"ListItem\",\"position\":2,\"name\":\"Shop\",\"item\":\"https:\/\/www.csj-emballages.com\/shop\/\"},{\"@type\":\"ListItem\",\"position\":3,\"name\":\"Mini dispensador de papel higi\u00e9nico jumbo para a ref. \u00ab\u00a0T180D60\"}]},{\"@type\":\"WebSite\",\"@id\":\"https:\/\/www.csj-emballages.com\/pt-pt\/#website\",\"url\":\"https:\/\/www.csj-emballages.com\/pt-pt\/\",\"name\":\"CSJ Emballages\",\"description\":\"\",\"publisher\":{\"@id\":\"https:\/\/www.csj-emballages.com\/pt-pt\/#organization\"},\"potentialAction\":[{\"@type\":\"SearchAction\",\"target\":{\"@type\":\"EntryPoint\",\"urlTemplate\":\"https:\/\/www.csj-emballages.com\/pt-pt\/?s={search_term_string}\"},\"query-input\":{\"@type\":\"PropertyValueSpecification\",\"valueRequired\":true,\"valueName\":\"search_term_string\"}}],\"inLanguage\":\"pt-PT\"},{\"@type\":\"Organization\",\"@id\":\"https:\/\/www.csj-emballages.com\/pt-pt\/#Organization\/\",\"name\":\"CSJ Emballages\",\"url\":\"https:\/\/www.csj-emballages.com\/pt-pt\/\",\"logo\":{\"@type\":\"ImageObject\",\"inLanguage\":\"pt-PT\",\"@id\":\"https:\/\/www.csj-emballages.com\/pt-pt\/#\/schema\/logo\/image\/\",\"url\":\"https:\/\/www.csj-emballages.com\/wp-content\/uploads\/2023\/10\/logo_csj.webp\",\"contentUrl\":\"https:\/\/www.csj-emballages.com\/wp-content\/uploads\/2023\/10\/logo_csj.webp\",\"width\":250,\"height\":95,\"caption\":\"CSJ Emballages\"},\"image\":{\"@id\":\"https:\/\/www.csj-emballages.com\/pt-pt\/#\/schema\/logo\/image\/\"},\"sameAs\":[\"https:\/\/www.facebook.com\/csjemballages\"],\"address\":{\"@type\":\"PostalAddress\",\"streetAddress\":\"ZI La Lechere\",\"addressLocality\":\"Patornay\",\"postalCode\":\"39130\",\"addressCountry\":\"FR\"},\"contactPoint\":[{\"@type\":\"ContactPoint\",\"contactType\":\"Service client\",\"telephone\":\"0384254272\",\"email\":\"contact@csj-emballages.com\"}]}]}<\/script>\n<!-- \/ Yoast SEO Premium plugin. -->","yoast_head_json":{"title":"Dispensador de papel higi\u00e9nico Mini Jumbo para ref. \"T180D60","description":"Descubra o nosso dispensador de papel higi\u00e9nico Mini Jumbo branco. Utiliza\u00e7\u00e3o manual. Compat\u00edvel com os toalhetes de m\u00e3o T180D60","robots":{"index":"index","follow":"follow","max-snippet":"max-snippet:-1","max-image-preview":"max-image-preview:large","max-video-preview":"max-video-preview:-1"},"canonical":"https:\/\/www.csj-emballages.com\/pt-pt\/produit\/mini-dispensador-de-papel-higienico-jumbo-para-a-ref-t180d60\/","og_locale":"pt_PT","og_type":"article","og_title":"Mini dispensador de papel higi\u00e9nico jumbo para a ref. \"T180D60","og_description":"Descubra o nosso dispensador de papel higi\u00e9nico Mini Jumbo branco. Utiliza\u00e7\u00e3o manual. Compat\u00edvel com os toalhetes de m\u00e3o T180D60","og_url":"https:\/\/www.csj-emballages.com\/pt-pt\/produit\/mini-dispensador-de-papel-higienico-jumbo-para-a-ref-t180d60\/","og_site_name":"CSJ Emballages","article_publisher":"https:\/\/www.facebook.com\/csjemballages","article_modified_time":"2026-03-12T15:23:12+00:00","og_image":[{"width":800,"height":800,"url":"https:\/\/www.csj-emballages.com\/wp-content\/uploads\/2024\/03\/DISTRITO180.webp","type":"image\/webp"}],"twitter_card":"summary_large_image","twitter_misc":{"Tempo estimado de leitura":"2 minutos"},"schema":{"@context":"https:\/\/schema.org","@graph":[{"@type":"WebPage","@id":"https:\/\/www.csj-emballages.com\/pt-pt\/produit\/mini-dispensador-de-papel-higienico-jumbo-para-a-ref-t180d60\/","url":"https:\/\/www.csj-emballages.com\/pt-pt\/produit\/mini-dispensador-de-papel-higienico-jumbo-para-a-ref-t180d60\/","name":"Dispensador de papel higi\u00e9nico Mini Jumbo para ref. \"T180D60","isPartOf":{"@id":"https:\/\/www.csj-emballages.com\/pt-pt\/#website"},"primaryImageOfPage":{"@id":"https:\/\/www.csj-emballages.com\/pt-pt\/produit\/mini-dispensador-de-papel-higienico-jumbo-para-a-ref-t180d60\/#primaryimage"},"image":{"@id":"https:\/\/www.csj-emballages.com\/pt-pt\/produit\/mini-dispensador-de-papel-higienico-jumbo-para-a-ref-t180d60\/#primaryimage"},"thumbnailUrl":"https:\/\/www.csj-emballages.com\/wp-content\/uploads\/2024\/03\/DISTRITO180.webp","datePublished":"2024-03-01T15:54:31+00:00","dateModified":"2026-03-12T15:23:12+00:00","description":"Descubra o nosso dispensador de papel higi\u00e9nico Mini Jumbo branco. Utiliza\u00e7\u00e3o manual. Compat\u00edvel com os toalhetes de m\u00e3o T180D60","breadcrumb":{"@id":"https:\/\/www.csj-emballages.com\/pt-pt\/produit\/mini-dispensador-de-papel-higienico-jumbo-para-a-ref-t180d60\/#breadcrumb"},"inLanguage":"pt-PT","potentialAction":[{"@type":"ReadAction","target":["https:\/\/www.csj-emballages.com\/pt-pt\/produit\/mini-dispensador-de-papel-higienico-jumbo-para-a-ref-t180d60\/"]}]},{"@type":"ImageObject","inLanguage":"pt-PT","@id":"https:\/\/www.csj-emballages.com\/pt-pt\/produit\/mini-dispensador-de-papel-higienico-jumbo-para-a-ref-t180d60\/#primaryimage","url":"https:\/\/www.csj-emballages.com\/wp-content\/uploads\/2024\/03\/DISTRITO180.webp","contentUrl":"https:\/\/www.csj-emballages.com\/wp-content\/uploads\/2024\/03\/DISTRITO180.webp","width":800,"height":800,"caption":"Distributeur papier toilette"},{"@type":"BreadcrumbList","@id":"https:\/\/www.csj-emballages.com\/pt-pt\/produit\/mini-dispensador-de-papel-higienico-jumbo-para-a-ref-t180d60\/#breadcrumb","itemListElement":[{"@type":"ListItem","position":1,"name":"Acolhimento","item":"https:\/\/www.csj-emballages.com\/pt-pt\/universo-das-embalagens-alimentares\/"},{"@type":"ListItem","position":2,"name":"Shop","item":"https:\/\/www.csj-emballages.com\/shop\/"},{"@type":"ListItem","position":3,"name":"Mini dispensador de papel higi\u00e9nico jumbo para a ref. \u00ab\u00a0T180D60"}]},{"@type":"WebSite","@id":"https:\/\/www.csj-emballages.com\/pt-pt\/#website","url":"https:\/\/www.csj-emballages.com\/pt-pt\/","name":"CSJ Emballages","description":"","publisher":{"@id":"https:\/\/www.csj-emballages.com\/pt-pt\/#organization"},"potentialAction":[{"@type":"SearchAction","target":{"@type":"EntryPoint","urlTemplate":"https:\/\/www.csj-emballages.com\/pt-pt\/?s={search_term_string}"},"query-input":{"@type":"PropertyValueSpecification","valueRequired":true,"valueName":"search_term_string"}}],"inLanguage":"pt-PT"},{"@type":"Organization","@id":"https:\/\/www.csj-emballages.com\/pt-pt\/#Organization\/","name":"CSJ Emballages","url":"https:\/\/www.csj-emballages.com\/pt-pt\/","logo":{"@type":"ImageObject","inLanguage":"pt-PT","@id":"https:\/\/www.csj-emballages.com\/pt-pt\/#\/schema\/logo\/image\/","url":"https:\/\/www.csj-emballages.com\/wp-content\/uploads\/2023\/10\/logo_csj.webp","contentUrl":"https:\/\/www.csj-emballages.com\/wp-content\/uploads\/2023\/10\/logo_csj.webp","width":250,"height":95,"caption":"CSJ Emballages"},"image":{"@id":"https:\/\/www.csj-emballages.com\/pt-pt\/#\/schema\/logo\/image\/"},"sameAs":["https:\/\/www.facebook.com\/csjemballages"],"address":{"@type":"PostalAddress","streetAddress":"ZI La Lechere","addressLocality":"Patornay","postalCode":"39130","addressCountry":"FR"},"contactPoint":[{"@type":"ContactPoint","contactType":"Service client","telephone":"0384254272","email":"contact@csj-emballages.com"}]}]}},"df_price":6,"df_sale_price":"","df_regular_price":6,"df_image_link":"https:\/\/www.csj-emballages.com\/wp-content\/uploads\/2024\/03\/DISTRITO180-300x300.webp","tiered_pricing_type":"fixed","tiered_pricing_fixed_rules":[],"tiered_pricing_percentage_rules":[],"tiered_pricing_minimum":1,"tiered_pricing_roles_data":[],"_links":{"self":[{"href":"https:\/\/www.csj-emballages.com\/pt-pt\/wp-json\/wp\/v2\/product\/20559","targetHints":{"allow":["GET"]}}],"collection":[{"href":"https:\/\/www.csj-emballages.com\/pt-pt\/wp-json\/wp\/v2\/product"}],"about":[{"href":"https:\/\/www.csj-emballages.com\/pt-pt\/wp-json\/wp\/v2\/types\/product"}],"wp:featuredmedia":[{"embeddable":true,"href":"https:\/\/www.csj-emballages.com\/pt-pt\/wp-json\/wp\/v2\/media\/221632"}],"wp:attachment":[{"href":"https:\/\/www.csj-emballages.com\/pt-pt\/wp-json\/wp\/v2\/media?parent=20559"}],"wp:term":[{"taxonomy":"product_brand","embeddable":true,"href":"https:\/\/www.csj-emballages.com\/pt-pt\/wp-json\/wp\/v2\/product_brand?post=20559"},{"taxonomy":"product_cat","embeddable":true,"href":"https:\/\/www.csj-emballages.com\/pt-pt\/wp-json\/wp\/v2\/product_cat?post=20559"},{"taxonomy":"product_tag","embeddable":true,"href":"https:\/\/www.csj-emballages.com\/pt-pt\/wp-json\/wp\/v2\/product_tag?post=20559"}],"curies":[{"name":"wp","href":"https:\/\/api.w.org\/{rel}","templated":true}]}}