{"id":20555,"date":"2024-03-01T16:54:31","date_gmt":"2024-03-01T15:54:31","guid":{"rendered":"https:\/\/u15jnbdpoq.preview.infomaniak.website\/produit\/dispensador-de-papel-higienico-para-a-ref-to350d60\/"},"modified":"2026-03-31T02:13:48","modified_gmt":"2026-03-31T00:13:48","slug":"dispensador-de-papel-higienico-para-a-ref-to350d60","status":"publish","type":"product","link":"https:\/\/www.csj-emballages.com\/pt-pt\/produit\/dispensador-de-papel-higienico-para-a-ref-to350d60\/","title":{"rendered":"Dispensador de papel higi\u00e9nico para a ref. &#8220;TO350D60"},"content":{"rendered":"<h2>Dispensador de papel higi\u00e9nico<\/h2>\n<hr>\n<h3>Descri\u00e7\u00e3o do nosso dispensador de papel higi\u00e9nico para a ref. &#8220;TO350D60&#8221;.<!--more--><\/h3>\n<div class=\"flex max-w-full flex-col flex-grow\">\n<div class=\"min-h-8 text-message flex w-full flex-col items-end gap-2 whitespace-normal break-words text-start [.text-message+&amp;]:mt-5\" dir=\"auto\" data-message-author-role=\"assistant\" data-message-id=\"266ca6f3-5e07-4948-bd20-80ac5e6da4a5\" data-message-model-slug=\"gpt-4o\">\n<div class=\"flex w-full flex-col gap-1 empty:hidden first:pt-[3px]\">\n<div class=\"markdown prose w-full break-words dark:prose-invert dark\">\n<p data-start=\"294\" data-end=\"664\">Em instala\u00e7\u00f5es sanit\u00e1rias profissionais, procura-se, acima de tudo, algo simples, fi\u00e1vel e f\u00e1cil de gerir. O <strong data-start=\"406\" data-end=\"447\">distribuidor de papel higi\u00e9nico para ref. <span style=\"color: #d12727;\"><a style=\"color: #d12727;\" href=\"https:\/\/www.csj-emballages.com\/es\/produit\/6-rollos-de-papel-higienico-maxi-jumbo-blanco-de-algodon-de-2-capas-320-m\/\">TO350D60<\/a><\/span><\/strong> corresponde exatamente a estas expectativas. Com o seu design s\u00f3brio e arredondado, integra-se discretamente em todos os tipos de espa\u00e7os, seja num restaurante, num escrit\u00f3rio, num com\u00e9rcio ou em instala\u00e7\u00f5es sanit\u00e1rias abertas ao p\u00fablico.  <\/p>\n<p data-start=\"666\" data-end=\"1044\">Concebido para acomodar <strong>rolos de papel higi\u00e9nico<\/strong> de grande capacidade, permite limitar as recargas demasiado frequentes. Resultado: ganha tempo e garante uma melhor continuidade de utiliza\u00e7\u00e3o, mesmo em locais com muita aflu\u00eancia. Gra\u00e7as \u00e0 sua janela de controlo, o <strong>n\u00edvel de papel permanece vis\u00edvel<\/strong> num relance, o que evita surpresas desagrad\u00e1veis.  <\/p>\n<p data-start=\"1046\" data-end=\"1313\">O seu sistema de distribui\u00e7\u00e3o \u00e9 fluido e controlado. Fornece a quantidade certa de papel, o que ajuda a reduzir o desperd\u00edcio, melhorando simultaneamente a higiene. Al\u00e9m disso, a sua <strong>caixa<\/strong> robusta protege eficazmente o rolo contra a humidade e as manipula\u00e7\u00f5es desnecess\u00e1rias.  <\/p>\n<p data-start=\"1315\" data-end=\"1575\">A instala\u00e7\u00e3o na parede \u00e9 simples e r\u00e1pida, o que faz dele um equipamento f\u00e1cil de instalar durante uma montagem ou substitui\u00e7\u00e3o. A sua manuten\u00e7\u00e3o n\u00e3o exige nenhum esfor\u00e7o especial: uma limpeza regular \u00e9 suficiente para o manter limpo e funcional. <\/p>\n<p data-start=\"1577\" data-end=\"1762\">Em resumo, o <strong>distribuidor de papel higi\u00e9nico<\/strong> \u00e9 uma solu\u00e7\u00e3o pr\u00e1tica e duradoura para equipar as suas instala\u00e7\u00f5es sanit\u00e1rias com um material fi\u00e1vel, pensado para uma utiliza\u00e7\u00e3o di\u00e1ria intensiva e sem constrangimentos.<\/p>\n<\/div>\n<p>&nbsp;<\/p>\n<\/div>\n<\/div>\n<\/div>\n<p><!--more--><\/p>\n<p><strong>Distribuidor de toalhas de m\u00e3o, utiliza-se com o produto de refer\u00eancia <span style=\"color: #d12727;\"><a style=\"color: #d12727;\" href=\"https:\/\/www.csj-emballages.com\/es\/produit\/6-rollos-de-papel-higienico-maxi-jumbo-blanco-de-algodon-de-2-capas-320-m\/\">TO350D60<\/a><\/span><\/strong><\/p>\n<p>*Este distribuidor de toalhetes de m\u00e3os \u00e9 fornecido com os parafusos.<\/p>\n<p>&nbsp;<\/p>\n<p><!--more--><\/p>\n<h4>Vantagens :<\/h4>\n<ul>\n<li data-start=\"1791\" data-end=\"1818\">Design discreto e moderno.<\/li>\n<li data-start=\"1821\" data-end=\"1863\">Compat\u00edvel com rolos de grande capacidade.<\/li>\n<li data-start=\"1866\" data-end=\"1897\"><strong>Janela de controlo<\/strong> do n\u00edvel.<\/li>\n<li data-start=\"1900\" data-end=\"1951\">Distribui\u00e7\u00e3o controlada para limitar o desperd\u00edcio.<\/li>\n<li data-start=\"1954\" data-end=\"1989\">Instala\u00e7\u00e3o e manuten\u00e7\u00e3o f\u00e1ceis.<\/li>\n<\/ul>\n<p>&nbsp;<\/p>\n<p><!--more--><\/p>\n<h4>Outras informa\u00e7\u00f5es :<\/h4>\n<ul>\n<li><strong>Embalagem<\/strong>: Por unidade<\/li>\n<li><strong>Material<\/strong>: Pl\u00e1stico<\/li>\n<li><strong>Cor<\/strong>: Branco<\/li>\n<li><strong>Utiliza\u00e7\u00e3o<\/strong>: Manual<\/li>\n<li><strong>Capacidade<\/strong>: Papel higi\u00e9nico (<strong><span style=\"color: #d12727;\"><a style=\"color: #d12727;\" href=\"https:\/\/www.csj-emballages.com\/es\/produit\/6-rollos-de-papel-higienico-maxi-jumbo-blanco-de-algodon-de-2-capas-320-m\/\">TO350D60<\/a><\/span><\/strong>)<\/li>\n<\/ul>\n<p>&nbsp;<\/p>\n<p><!--more--><\/p>\n<p><a href=\"https:\/\/www.csj-emballages.com\/pt-pt\/categorie-produit\/higiene-e-manutencao\/distribuidores-pt-pt\/\">V\u00ea o resto da nossa gama de distribuidores<\/a><\/p>\n","protected":false},"excerpt":{"rendered":"<p>Dispensador de papel higi\u00e9nico Descri\u00e7\u00e3o do nosso dispensador de papel higi\u00e9nico para a ref. &#8220;TO350D60&#8221;.<\/p>\n","protected":false},"featured_media":221638,"template":"","meta":{"_acf_changed":false},"product_brand":[],"product_cat":[1222,1413,1382,1383],"product_tag":[],"class_list":{"0":"post-20555","1":"product","2":"type-product","3":"status-publish","4":"has-post-thumbnail","6":"product_cat-higiene-e-manutencao","7":"product_cat-distribuidores-pt-pt","8":"product_cat-limpar","9":"product_cat-papel-higienico","11":"first","12":"instock","13":"taxable","14":"shipping-taxable","15":"purchasable","16":"product-type-simple"},"acf":[],"yoast_head":"<!-- This site is optimized with the Yoast SEO Premium plugin v26.6 (Yoast SEO v26.6) - https:\/\/yoast.com\/wordpress\/plugins\/seo\/ -->\n<title>Dispensador de papel higi\u00e9nico para a ref. &quot;TO350D60<\/title>\n<meta name=\"description\" content=\"Descubra o nosso dispensador de papel higi\u00e9nico branco. Utiliza\u00e7\u00e3o manual. Compat\u00edvel com toalhas de m\u00e3o TO350D60\" \/>\n<meta name=\"robots\" content=\"index, follow, max-snippet:-1, max-image-preview:large, max-video-preview:-1\" \/>\n<link rel=\"canonical\" href=\"https:\/\/www.csj-emballages.com\/pt-pt\/produit\/dispensador-de-papel-higienico-para-a-ref-to350d60\/\" \/>\n<meta property=\"og:locale\" content=\"pt_PT\" \/>\n<meta property=\"og:type\" content=\"article\" \/>\n<meta property=\"og:title\" content=\"Dispensador de papel higi\u00e9nico para a ref. &quot;TO350D60\" \/>\n<meta property=\"og:description\" content=\"Descubra o nosso dispensador de papel higi\u00e9nico branco. Utiliza\u00e7\u00e3o manual. Compat\u00edvel com toalhas de m\u00e3o TO350D60\" \/>\n<meta property=\"og:url\" content=\"https:\/\/www.csj-emballages.com\/pt-pt\/produit\/dispensador-de-papel-higienico-para-a-ref-to350d60\/\" \/>\n<meta property=\"og:site_name\" content=\"CSJ Emballages\" \/>\n<meta property=\"article:publisher\" content=\"https:\/\/www.facebook.com\/csjemballages\" \/>\n<meta property=\"article:modified_time\" content=\"2026-03-31T00:13:48+00:00\" \/>\n<meta property=\"og:image\" content=\"https:\/\/www.csj-emballages.com\/wp-content\/uploads\/2024\/03\/DISTRITO350D60.webp\" \/>\n\t<meta property=\"og:image:width\" content=\"800\" \/>\n\t<meta property=\"og:image:height\" content=\"800\" \/>\n\t<meta property=\"og:image:type\" content=\"image\/webp\" \/>\n<meta name=\"twitter:card\" content=\"summary_large_image\" \/>\n<meta name=\"twitter:label1\" content=\"Tempo estimado de leitura\" \/>\n\t<meta name=\"twitter:data1\" content=\"2 minutos\" \/>\n<script type=\"application\/ld+json\" class=\"yoast-schema-graph\">{\"@context\":\"https:\/\/schema.org\",\"@graph\":[{\"@type\":\"WebPage\",\"@id\":\"https:\/\/www.csj-emballages.com\/pt-pt\/produit\/dispensador-de-papel-higienico-para-a-ref-to350d60\/\",\"url\":\"https:\/\/www.csj-emballages.com\/pt-pt\/produit\/dispensador-de-papel-higienico-para-a-ref-to350d60\/\",\"name\":\"Dispensador de papel higi\u00e9nico para a ref. \\\"TO350D60\",\"isPartOf\":{\"@id\":\"https:\/\/www.csj-emballages.com\/pt-pt\/#website\"},\"primaryImageOfPage\":{\"@id\":\"https:\/\/www.csj-emballages.com\/pt-pt\/produit\/dispensador-de-papel-higienico-para-a-ref-to350d60\/#primaryimage\"},\"image\":{\"@id\":\"https:\/\/www.csj-emballages.com\/pt-pt\/produit\/dispensador-de-papel-higienico-para-a-ref-to350d60\/#primaryimage\"},\"thumbnailUrl\":\"https:\/\/www.csj-emballages.com\/wp-content\/uploads\/2024\/03\/DISTRITO350D60.webp\",\"datePublished\":\"2024-03-01T15:54:31+00:00\",\"dateModified\":\"2026-03-31T00:13:48+00:00\",\"description\":\"Descubra o nosso dispensador de papel higi\u00e9nico branco. Utiliza\u00e7\u00e3o manual. Compat\u00edvel com toalhas de m\u00e3o TO350D60\",\"breadcrumb\":{\"@id\":\"https:\/\/www.csj-emballages.com\/pt-pt\/produit\/dispensador-de-papel-higienico-para-a-ref-to350d60\/#breadcrumb\"},\"inLanguage\":\"pt-PT\",\"potentialAction\":[{\"@type\":\"ReadAction\",\"target\":[\"https:\/\/www.csj-emballages.com\/pt-pt\/produit\/dispensador-de-papel-higienico-para-a-ref-to350d60\/\"]}]},{\"@type\":\"ImageObject\",\"inLanguage\":\"pt-PT\",\"@id\":\"https:\/\/www.csj-emballages.com\/pt-pt\/produit\/dispensador-de-papel-higienico-para-a-ref-to350d60\/#primaryimage\",\"url\":\"https:\/\/www.csj-emballages.com\/wp-content\/uploads\/2024\/03\/DISTRITO350D60.webp\",\"contentUrl\":\"https:\/\/www.csj-emballages.com\/wp-content\/uploads\/2024\/03\/DISTRITO350D60.webp\",\"width\":800,\"height\":800,\"caption\":\"Distributeur papier toilette\"},{\"@type\":\"BreadcrumbList\",\"@id\":\"https:\/\/www.csj-emballages.com\/pt-pt\/produit\/dispensador-de-papel-higienico-para-a-ref-to350d60\/#breadcrumb\",\"itemListElement\":[{\"@type\":\"ListItem\",\"position\":1,\"name\":\"Acolhimento\",\"item\":\"https:\/\/www.csj-emballages.com\/pt-pt\/universo-das-embalagens-alimentares\/\"},{\"@type\":\"ListItem\",\"position\":2,\"name\":\"Shop\",\"item\":\"https:\/\/www.csj-emballages.com\/shop\/\"},{\"@type\":\"ListItem\",\"position\":3,\"name\":\"Dispensador de papel higi\u00e9nico para a ref. \u00ab\u00a0TO350D60\"}]},{\"@type\":\"WebSite\",\"@id\":\"https:\/\/www.csj-emballages.com\/pt-pt\/#website\",\"url\":\"https:\/\/www.csj-emballages.com\/pt-pt\/\",\"name\":\"CSJ Emballages\",\"description\":\"\",\"publisher\":{\"@id\":\"https:\/\/www.csj-emballages.com\/pt-pt\/#organization\"},\"potentialAction\":[{\"@type\":\"SearchAction\",\"target\":{\"@type\":\"EntryPoint\",\"urlTemplate\":\"https:\/\/www.csj-emballages.com\/pt-pt\/?s={search_term_string}\"},\"query-input\":{\"@type\":\"PropertyValueSpecification\",\"valueRequired\":true,\"valueName\":\"search_term_string\"}}],\"inLanguage\":\"pt-PT\"},{\"@type\":\"Organization\",\"@id\":\"https:\/\/www.csj-emballages.com\/pt-pt\/#Organization\/\",\"name\":\"CSJ Emballages\",\"url\":\"https:\/\/www.csj-emballages.com\/pt-pt\/\",\"logo\":{\"@type\":\"ImageObject\",\"inLanguage\":\"pt-PT\",\"@id\":\"https:\/\/www.csj-emballages.com\/pt-pt\/#\/schema\/logo\/image\/\",\"url\":\"https:\/\/www.csj-emballages.com\/wp-content\/uploads\/2023\/10\/logo_csj.webp\",\"contentUrl\":\"https:\/\/www.csj-emballages.com\/wp-content\/uploads\/2023\/10\/logo_csj.webp\",\"width\":250,\"height\":95,\"caption\":\"CSJ Emballages\"},\"image\":{\"@id\":\"https:\/\/www.csj-emballages.com\/pt-pt\/#\/schema\/logo\/image\/\"},\"sameAs\":[\"https:\/\/www.facebook.com\/csjemballages\"],\"address\":{\"@type\":\"PostalAddress\",\"streetAddress\":\"ZI La Lechere\",\"addressLocality\":\"Patornay\",\"postalCode\":\"39130\",\"addressCountry\":\"FR\"},\"contactPoint\":[{\"@type\":\"ContactPoint\",\"contactType\":\"Service client\",\"telephone\":\"0384254272\",\"email\":\"contact@csj-emballages.com\"}]}]}<\/script>\n<!-- \/ Yoast SEO Premium plugin. -->","yoast_head_json":{"title":"Dispensador de papel higi\u00e9nico para a ref. \"TO350D60","description":"Descubra o nosso dispensador de papel higi\u00e9nico branco. Utiliza\u00e7\u00e3o manual. Compat\u00edvel com toalhas de m\u00e3o TO350D60","robots":{"index":"index","follow":"follow","max-snippet":"max-snippet:-1","max-image-preview":"max-image-preview:large","max-video-preview":"max-video-preview:-1"},"canonical":"https:\/\/www.csj-emballages.com\/pt-pt\/produit\/dispensador-de-papel-higienico-para-a-ref-to350d60\/","og_locale":"pt_PT","og_type":"article","og_title":"Dispensador de papel higi\u00e9nico para a ref. \"TO350D60","og_description":"Descubra o nosso dispensador de papel higi\u00e9nico branco. Utiliza\u00e7\u00e3o manual. Compat\u00edvel com toalhas de m\u00e3o TO350D60","og_url":"https:\/\/www.csj-emballages.com\/pt-pt\/produit\/dispensador-de-papel-higienico-para-a-ref-to350d60\/","og_site_name":"CSJ Emballages","article_publisher":"https:\/\/www.facebook.com\/csjemballages","article_modified_time":"2026-03-31T00:13:48+00:00","og_image":[{"width":800,"height":800,"url":"https:\/\/www.csj-emballages.com\/wp-content\/uploads\/2024\/03\/DISTRITO350D60.webp","type":"image\/webp"}],"twitter_card":"summary_large_image","twitter_misc":{"Tempo estimado de leitura":"2 minutos"},"schema":{"@context":"https:\/\/schema.org","@graph":[{"@type":"WebPage","@id":"https:\/\/www.csj-emballages.com\/pt-pt\/produit\/dispensador-de-papel-higienico-para-a-ref-to350d60\/","url":"https:\/\/www.csj-emballages.com\/pt-pt\/produit\/dispensador-de-papel-higienico-para-a-ref-to350d60\/","name":"Dispensador de papel higi\u00e9nico para a ref. \"TO350D60","isPartOf":{"@id":"https:\/\/www.csj-emballages.com\/pt-pt\/#website"},"primaryImageOfPage":{"@id":"https:\/\/www.csj-emballages.com\/pt-pt\/produit\/dispensador-de-papel-higienico-para-a-ref-to350d60\/#primaryimage"},"image":{"@id":"https:\/\/www.csj-emballages.com\/pt-pt\/produit\/dispensador-de-papel-higienico-para-a-ref-to350d60\/#primaryimage"},"thumbnailUrl":"https:\/\/www.csj-emballages.com\/wp-content\/uploads\/2024\/03\/DISTRITO350D60.webp","datePublished":"2024-03-01T15:54:31+00:00","dateModified":"2026-03-31T00:13:48+00:00","description":"Descubra o nosso dispensador de papel higi\u00e9nico branco. Utiliza\u00e7\u00e3o manual. Compat\u00edvel com toalhas de m\u00e3o TO350D60","breadcrumb":{"@id":"https:\/\/www.csj-emballages.com\/pt-pt\/produit\/dispensador-de-papel-higienico-para-a-ref-to350d60\/#breadcrumb"},"inLanguage":"pt-PT","potentialAction":[{"@type":"ReadAction","target":["https:\/\/www.csj-emballages.com\/pt-pt\/produit\/dispensador-de-papel-higienico-para-a-ref-to350d60\/"]}]},{"@type":"ImageObject","inLanguage":"pt-PT","@id":"https:\/\/www.csj-emballages.com\/pt-pt\/produit\/dispensador-de-papel-higienico-para-a-ref-to350d60\/#primaryimage","url":"https:\/\/www.csj-emballages.com\/wp-content\/uploads\/2024\/03\/DISTRITO350D60.webp","contentUrl":"https:\/\/www.csj-emballages.com\/wp-content\/uploads\/2024\/03\/DISTRITO350D60.webp","width":800,"height":800,"caption":"Distributeur papier toilette"},{"@type":"BreadcrumbList","@id":"https:\/\/www.csj-emballages.com\/pt-pt\/produit\/dispensador-de-papel-higienico-para-a-ref-to350d60\/#breadcrumb","itemListElement":[{"@type":"ListItem","position":1,"name":"Acolhimento","item":"https:\/\/www.csj-emballages.com\/pt-pt\/universo-das-embalagens-alimentares\/"},{"@type":"ListItem","position":2,"name":"Shop","item":"https:\/\/www.csj-emballages.com\/shop\/"},{"@type":"ListItem","position":3,"name":"Dispensador de papel higi\u00e9nico para a ref. \u00ab\u00a0TO350D60"}]},{"@type":"WebSite","@id":"https:\/\/www.csj-emballages.com\/pt-pt\/#website","url":"https:\/\/www.csj-emballages.com\/pt-pt\/","name":"CSJ Emballages","description":"","publisher":{"@id":"https:\/\/www.csj-emballages.com\/pt-pt\/#organization"},"potentialAction":[{"@type":"SearchAction","target":{"@type":"EntryPoint","urlTemplate":"https:\/\/www.csj-emballages.com\/pt-pt\/?s={search_term_string}"},"query-input":{"@type":"PropertyValueSpecification","valueRequired":true,"valueName":"search_term_string"}}],"inLanguage":"pt-PT"},{"@type":"Organization","@id":"https:\/\/www.csj-emballages.com\/pt-pt\/#Organization\/","name":"CSJ Emballages","url":"https:\/\/www.csj-emballages.com\/pt-pt\/","logo":{"@type":"ImageObject","inLanguage":"pt-PT","@id":"https:\/\/www.csj-emballages.com\/pt-pt\/#\/schema\/logo\/image\/","url":"https:\/\/www.csj-emballages.com\/wp-content\/uploads\/2023\/10\/logo_csj.webp","contentUrl":"https:\/\/www.csj-emballages.com\/wp-content\/uploads\/2023\/10\/logo_csj.webp","width":250,"height":95,"caption":"CSJ Emballages"},"image":{"@id":"https:\/\/www.csj-emballages.com\/pt-pt\/#\/schema\/logo\/image\/"},"sameAs":["https:\/\/www.facebook.com\/csjemballages"],"address":{"@type":"PostalAddress","streetAddress":"ZI La Lechere","addressLocality":"Patornay","postalCode":"39130","addressCountry":"FR"},"contactPoint":[{"@type":"ContactPoint","contactType":"Service client","telephone":"0384254272","email":"contact@csj-emballages.com"}]}]}},"df_price":14.66,"df_sale_price":"","df_regular_price":14.66,"df_image_link":"https:\/\/www.csj-emballages.com\/wp-content\/uploads\/2024\/03\/DISTRITO350D60-300x300.webp","tiered_pricing_type":"fixed","tiered_pricing_fixed_rules":[],"tiered_pricing_percentage_rules":[],"tiered_pricing_minimum":1,"tiered_pricing_roles_data":[],"_links":{"self":[{"href":"https:\/\/www.csj-emballages.com\/pt-pt\/wp-json\/wp\/v2\/product\/20555","targetHints":{"allow":["GET"]}}],"collection":[{"href":"https:\/\/www.csj-emballages.com\/pt-pt\/wp-json\/wp\/v2\/product"}],"about":[{"href":"https:\/\/www.csj-emballages.com\/pt-pt\/wp-json\/wp\/v2\/types\/product"}],"wp:featuredmedia":[{"embeddable":true,"href":"https:\/\/www.csj-emballages.com\/pt-pt\/wp-json\/wp\/v2\/media\/221638"}],"wp:attachment":[{"href":"https:\/\/www.csj-emballages.com\/pt-pt\/wp-json\/wp\/v2\/media?parent=20555"}],"wp:term":[{"taxonomy":"product_brand","embeddable":true,"href":"https:\/\/www.csj-emballages.com\/pt-pt\/wp-json\/wp\/v2\/product_brand?post=20555"},{"taxonomy":"product_cat","embeddable":true,"href":"https:\/\/www.csj-emballages.com\/pt-pt\/wp-json\/wp\/v2\/product_cat?post=20555"},{"taxonomy":"product_tag","embeddable":true,"href":"https:\/\/www.csj-emballages.com\/pt-pt\/wp-json\/wp\/v2\/product_tag?post=20555"}],"curies":[{"name":"wp","href":"https:\/\/api.w.org\/{rel}","templated":true}]}}