{"id":20550,"date":"2024-03-01T16:54:35","date_gmt":"2024-03-01T15:54:35","guid":{"rendered":"https:\/\/u15jnbdpoq.preview.infomaniak.website\/produit\/50-tampas-de-cupula-com-bocal-para-batidos-em-plastico-95-o\/"},"modified":"2026-04-15T02:13:15","modified_gmt":"2026-04-15T00:13:15","slug":"50-tampas-de-cupula-com-bocal-para-batidos-em-plastico-95-o","status":"publish","type":"product","link":"https:\/\/www.csj-emballages.com\/pt-pt\/produit\/50-tampas-de-cupula-com-bocal-para-batidos-em-plastico-95-o\/","title":{"rendered":"Tampa de pl\u00e1stico em forma de c\u00fapula com bico \u00d895, 50 unidades"},"content":{"rendered":"<h2>Tampas em forma de c\u00fapula com bico<\/h2>\n<div style=\"font-family: Roboto, sans-serif;\">\n<div style=\"font-family: Roboto, sans-serif;\">\n<div style=\"font-family: Roboto, sans-serif;\">\n<div style=\"text-align: center;\">\n<div style=\"font-family: Roboto, sans-serif;\">\n<div style=\"font-family: Roboto, sans-serif;\">\n<div style=\"font-family: Roboto, sans-serif;\">\n<div style=\"font-family: Roboto, sans-serif;\">\n<div style=\"font-family: Roboto, sans-serif;\">\n<div style=\"font-family: Roboto, sans-serif; text-align: left;\">\n<hr>\n<h3 style=\"text-align: left;\">Descri\u00e7\u00e3o da nossa tampa de pl\u00e1stico em forma de c\u00fapula com bico \u00d895 por 50<\/h3>\n<p><!--more--><\/p>\n<\/div>\n<\/div>\n<\/div>\n<\/div>\n<\/div>\n<\/div>\n<\/div>\n<\/div>\n<\/div>\n<\/div>\n<p data-start=\"219\" data-end=\"597\">Esta <strong>tampa de pl\u00e1stico transparente e abobadada<\/strong> foi concebida para facilitar a degusta\u00e7\u00e3o de bebidas para levar. Gra\u00e7as ao seu <strong data-start=\"341\" data-end=\"374\">orif\u00edcio para beber integrado na frente<\/strong>, pode beber diretamente sem retirar a tampa. \u00c9 mais pr\u00e1tico, mais limpo e, sobretudo, mais seguro quando se est\u00e1 em movimento. Quer se trate de caf\u00e9, ch\u00e1 ou uma bebida fria, tudo fica no s\u00edtio.   <\/p>\n<p data-start=\"599\" data-end=\"913\">A sua forma <strong>curva<\/strong> proporciona um espa\u00e7o extra no interior. Evita que a espuma, o chantilly ou os toppings sejam esmagados, o que \u00e9 ideal para as bebidas gourmet. Ao mesmo tempo, a sua transpar\u00eancia real\u00e7a o conte\u00fado: as cores, as texturas e os acabamentos permanecem vis\u00edveis, tornando-os imediatamente apetec\u00edveis.  <\/p>\n<p data-start=\"915\" data-end=\"1192\">A <strong>tampa<\/strong> prende-se facilmente ao copo, garantindo um ajuste seguro durante o transporte. Limita os salpicos e torna o servi\u00e7o mais seguro, mesmo quando o cliente est\u00e1 a andar ou a conduzir. Para os profissionais, \u00e9 uma verdadeira poupan\u00e7a de tempo: basta fechar, servir e est\u00e1 pronto.  <\/p>\n<p data-start=\"1194\" data-end=\"1457\">Leve mas resistente, esta tampa \u00e9 perfeita para uma utiliza\u00e7\u00e3o intensiva. Est\u00e1 igualmente \u00e0 vontade em caf\u00e9s, snack-bares, food trucks e eventos. A sua utiliza\u00e7\u00e3o \u00e9 intuitiva, tanto para a equipa de trabalho como para o cliente final.  <\/p>\n<p data-start=\"1459\" data-end=\"1661\">Em suma, esta <strong>tampa<\/strong> n\u00e3o serve apenas para fechar um copo. Torna o ato de beber mais confort\u00e1vel, protege a bebida e melhora a apresenta\u00e7\u00e3o, mantendo-se simples e eficaz para o uso di\u00e1rio. <\/p>\n<p><!--more--><\/p>\n<h4 style=\"text-align: left;\">Vantagens :<\/h4>\n<ul>\n<li data-start=\"1689\" data-end=\"1740\"><strong>Orif\u00edcio<\/strong> para beber sem retirar a tampa.<\/li>\n<li data-start=\"1743\" data-end=\"1790\"><strong>Forma curva<\/strong> ideal para mousse e chantilly.<\/li>\n<li data-start=\"1793\" data-end=\"1837\">Transpar\u00eancia que real\u00e7a a bebida.<\/li>\n<li data-start=\"1840\" data-end=\"1872\">Bom manuseamento durante o transporte.<\/li>\n<li data-start=\"1875\" data-end=\"1903\">R\u00e1pido e f\u00e1cil de utilizar.<\/li>\n<\/ul>\n<div class=\"elementor elementor-175 elementor-location-footer\" data-elementor-type=\"footer\" data-elementor-id=\"175\" data-elementor-post-type=\"elementor_library\">\n<div class=\"elementor-element elementor-element-d413b54 e-flex e-con-boxed e-con e-parent e-lazyloaded\" data-id=\"d413b54\" data-element_type=\"container\">\n<div class=\"e-con-inner\">\n<div class=\"elementor-element elementor-element-9493a3c elementor-widget elementor-widget-shortcode\" data-id=\"9493a3c\" data-element_type=\"widget\" data-widget_type=\"shortcode.default\">\n<div class=\"elementor-widget-container\"><\/div>\n<\/div>\n<\/div>\n<\/div>\n<\/div>\n<p><!--more--><\/p>\n<h4>Outras informa\u00e7\u00f5es :<\/h4>\n<ul>\n<li><strong>Embalagem<\/strong>: Pacote de 50<\/li>\n<li><strong>Di\u00e2metro<\/strong>: 95 mm<\/li>\n<li><strong>Altura<\/strong>: 21 mm<\/li>\n<li><strong>Forma<\/strong>: redonda<\/li>\n<li><strong>Material<\/strong>: rPET<\/li>\n<\/ul>\n<p>&nbsp;<\/p>\n<p style=\"text-align: left;\"><!--more--><\/p>\n<p><a href=\"\/?product_cat=pots-smoothies-diametre-95mm\">V\u00ea o resto da nossa gama de frascos para smoothies em \u00d895 mm<\/a><\/p>\n","protected":false},"excerpt":{"rendered":"<p>Tampas em forma de c\u00fapula com bico Descri\u00e7\u00e3o da nossa tampa de pl\u00e1stico em forma de c\u00fapula com bico \u00d895 por 50<\/p>\n","protected":false},"featured_media":258148,"template":"","meta":{"_acf_changed":false},"product_brand":[],"product_cat":[1141,1471,1808,2544,2546],"product_tag":[],"class_list":{"0":"post-20550","1":"product","2":"type-product","3":"status-publish","4":"has-post-thumbnail","6":"product_cat-embalagem-de-alimentos","7":"product_cat-chavenas-copos-baldes-garrafas","8":"product_cat-copos-para-bebidas-frias","9":"product_cat-frascos-de-smoothies","10":"product_cat-diametro-dos-frascos-de-smoothie-95-mm","12":"first","13":"instock","14":"taxable","15":"shipping-taxable","16":"purchasable","17":"product-type-simple"},"acf":[],"yoast_head":"<!-- This site is optimized with the Yoast SEO Premium plugin v26.6 (Yoast SEO v26.6) - https:\/\/yoast.com\/wordpress\/plugins\/seo\/ -->\n<title>Tampa de pl\u00e1stico com bico \u00d895 por 50<\/title>\n<meta name=\"description\" content=\"Tampa de pl\u00e1stico em forma de c\u00fapula com bico, ideal para bebidas para levar. Pr\u00e1tico, seguro e perfeito para mousses e coberturas.\" \/>\n<meta name=\"robots\" content=\"index, follow, max-snippet:-1, max-image-preview:large, max-video-preview:-1\" \/>\n<link rel=\"canonical\" href=\"https:\/\/www.csj-emballages.com\/pt-pt\/produit\/50-tampas-de-cupula-com-bocal-para-batidos-em-plastico-95-o\/\" \/>\n<meta property=\"og:locale\" content=\"pt_PT\" \/>\n<meta property=\"og:type\" content=\"article\" \/>\n<meta property=\"og:title\" content=\"Tampa de pl\u00e1stico em forma de c\u00fapula com bico \u00d895, 50 unidades\" \/>\n<meta property=\"og:description\" content=\"Tampa de pl\u00e1stico em forma de c\u00fapula com bico, ideal para bebidas para levar. Pr\u00e1tico, seguro e perfeito para mousses e coberturas.\" \/>\n<meta property=\"og:url\" content=\"https:\/\/www.csj-emballages.com\/pt-pt\/produit\/50-tampas-de-cupula-com-bocal-para-batidos-em-plastico-95-o\/\" \/>\n<meta property=\"og:site_name\" content=\"CSJ Emballages\" \/>\n<meta property=\"article:publisher\" content=\"https:\/\/www.facebook.com\/csjemballages\" \/>\n<meta property=\"article:modified_time\" content=\"2026-04-15T00:13:15+00:00\" \/>\n<meta property=\"og:image\" content=\"https:\/\/www.csj-emballages.com\/wp-content\/uploads\/2024\/03\/CVDOMBEC.webp\" \/>\n\t<meta property=\"og:image:width\" content=\"800\" \/>\n\t<meta property=\"og:image:height\" content=\"800\" \/>\n\t<meta property=\"og:image:type\" content=\"image\/webp\" \/>\n<meta name=\"twitter:card\" content=\"summary_large_image\" \/>\n<meta name=\"twitter:label1\" content=\"Tempo estimado de leitura\" \/>\n\t<meta name=\"twitter:data1\" content=\"1 minuto\" \/>\n<script type=\"application\/ld+json\" class=\"yoast-schema-graph\">{\"@context\":\"https:\/\/schema.org\",\"@graph\":[{\"@type\":\"WebPage\",\"@id\":\"https:\/\/www.csj-emballages.com\/pt-pt\/produit\/50-tampas-de-cupula-com-bocal-para-batidos-em-plastico-95-o\/\",\"url\":\"https:\/\/www.csj-emballages.com\/pt-pt\/produit\/50-tampas-de-cupula-com-bocal-para-batidos-em-plastico-95-o\/\",\"name\":\"Tampa de pl\u00e1stico com bico \u00d895 por 50\",\"isPartOf\":{\"@id\":\"https:\/\/www.csj-emballages.com\/pt-pt\/#website\"},\"primaryImageOfPage\":{\"@id\":\"https:\/\/www.csj-emballages.com\/pt-pt\/produit\/50-tampas-de-cupula-com-bocal-para-batidos-em-plastico-95-o\/#primaryimage\"},\"image\":{\"@id\":\"https:\/\/www.csj-emballages.com\/pt-pt\/produit\/50-tampas-de-cupula-com-bocal-para-batidos-em-plastico-95-o\/#primaryimage\"},\"thumbnailUrl\":\"https:\/\/www.csj-emballages.com\/wp-content\/uploads\/2024\/03\/CVDOMBEC.webp\",\"datePublished\":\"2024-03-01T15:54:35+00:00\",\"dateModified\":\"2026-04-15T00:13:15+00:00\",\"description\":\"Tampa de pl\u00e1stico em forma de c\u00fapula com bico, ideal para bebidas para levar. Pr\u00e1tico, seguro e perfeito para mousses e coberturas.\",\"breadcrumb\":{\"@id\":\"https:\/\/www.csj-emballages.com\/pt-pt\/produit\/50-tampas-de-cupula-com-bocal-para-batidos-em-plastico-95-o\/#breadcrumb\"},\"inLanguage\":\"pt-PT\",\"potentialAction\":[{\"@type\":\"ReadAction\",\"target\":[\"https:\/\/www.csj-emballages.com\/pt-pt\/produit\/50-tampas-de-cupula-com-bocal-para-batidos-em-plastico-95-o\/\"]}]},{\"@type\":\"ImageObject\",\"inLanguage\":\"pt-PT\",\"@id\":\"https:\/\/www.csj-emballages.com\/pt-pt\/produit\/50-tampas-de-cupula-com-bocal-para-batidos-em-plastico-95-o\/#primaryimage\",\"url\":\"https:\/\/www.csj-emballages.com\/wp-content\/uploads\/2024\/03\/CVDOMBEC.webp\",\"contentUrl\":\"https:\/\/www.csj-emballages.com\/wp-content\/uploads\/2024\/03\/CVDOMBEC.webp\",\"width\":800,\"height\":800,\"caption\":\"Couvercle plastique\"},{\"@type\":\"BreadcrumbList\",\"@id\":\"https:\/\/www.csj-emballages.com\/pt-pt\/produit\/50-tampas-de-cupula-com-bocal-para-batidos-em-plastico-95-o\/#breadcrumb\",\"itemListElement\":[{\"@type\":\"ListItem\",\"position\":1,\"name\":\"Acolhimento\",\"item\":\"https:\/\/www.csj-emballages.com\/pt-pt\/universo-das-embalagens-alimentares\/\"},{\"@type\":\"ListItem\",\"position\":2,\"name\":\"Shop\",\"item\":\"https:\/\/www.csj-emballages.com\/shop\/\"},{\"@type\":\"ListItem\",\"position\":3,\"name\":\"Tampa de pl\u00e1stico em forma de c\u00fapula com bico \u00d895, 50 unidades\"}]},{\"@type\":\"WebSite\",\"@id\":\"https:\/\/www.csj-emballages.com\/pt-pt\/#website\",\"url\":\"https:\/\/www.csj-emballages.com\/pt-pt\/\",\"name\":\"CSJ Emballages\",\"description\":\"\",\"publisher\":{\"@id\":\"https:\/\/www.csj-emballages.com\/pt-pt\/#organization\"},\"potentialAction\":[{\"@type\":\"SearchAction\",\"target\":{\"@type\":\"EntryPoint\",\"urlTemplate\":\"https:\/\/www.csj-emballages.com\/pt-pt\/?s={search_term_string}\"},\"query-input\":{\"@type\":\"PropertyValueSpecification\",\"valueRequired\":true,\"valueName\":\"search_term_string\"}}],\"inLanguage\":\"pt-PT\"},{\"@type\":\"Organization\",\"@id\":\"https:\/\/www.csj-emballages.com\/pt-pt\/#Organization\/\",\"name\":\"CSJ Emballages\",\"url\":\"https:\/\/www.csj-emballages.com\/pt-pt\/\",\"logo\":{\"@type\":\"ImageObject\",\"inLanguage\":\"pt-PT\",\"@id\":\"https:\/\/www.csj-emballages.com\/pt-pt\/#\/schema\/logo\/image\/\",\"url\":\"https:\/\/www.csj-emballages.com\/wp-content\/uploads\/2023\/10\/logo_csj.webp\",\"contentUrl\":\"https:\/\/www.csj-emballages.com\/wp-content\/uploads\/2023\/10\/logo_csj.webp\",\"width\":250,\"height\":95,\"caption\":\"CSJ Emballages\"},\"image\":{\"@id\":\"https:\/\/www.csj-emballages.com\/pt-pt\/#\/schema\/logo\/image\/\"},\"sameAs\":[\"https:\/\/www.facebook.com\/csjemballages\"],\"address\":{\"@type\":\"PostalAddress\",\"streetAddress\":\"ZI La Lechere\",\"addressLocality\":\"Patornay\",\"postalCode\":\"39130\",\"addressCountry\":\"FR\"},\"contactPoint\":[{\"@type\":\"ContactPoint\",\"contactType\":\"Service client\",\"telephone\":\"0384254272\",\"email\":\"contact@csj-emballages.com\"}]}]}<\/script>\n<!-- \/ Yoast SEO Premium plugin. -->","yoast_head_json":{"title":"Tampa de pl\u00e1stico com bico \u00d895 por 50","description":"Tampa de pl\u00e1stico em forma de c\u00fapula com bico, ideal para bebidas para levar. Pr\u00e1tico, seguro e perfeito para mousses e coberturas.","robots":{"index":"index","follow":"follow","max-snippet":"max-snippet:-1","max-image-preview":"max-image-preview:large","max-video-preview":"max-video-preview:-1"},"canonical":"https:\/\/www.csj-emballages.com\/pt-pt\/produit\/50-tampas-de-cupula-com-bocal-para-batidos-em-plastico-95-o\/","og_locale":"pt_PT","og_type":"article","og_title":"Tampa de pl\u00e1stico em forma de c\u00fapula com bico \u00d895, 50 unidades","og_description":"Tampa de pl\u00e1stico em forma de c\u00fapula com bico, ideal para bebidas para levar. Pr\u00e1tico, seguro e perfeito para mousses e coberturas.","og_url":"https:\/\/www.csj-emballages.com\/pt-pt\/produit\/50-tampas-de-cupula-com-bocal-para-batidos-em-plastico-95-o\/","og_site_name":"CSJ Emballages","article_publisher":"https:\/\/www.facebook.com\/csjemballages","article_modified_time":"2026-04-15T00:13:15+00:00","og_image":[{"width":800,"height":800,"url":"https:\/\/www.csj-emballages.com\/wp-content\/uploads\/2024\/03\/CVDOMBEC.webp","type":"image\/webp"}],"twitter_card":"summary_large_image","twitter_misc":{"Tempo estimado de leitura":"1 minuto"},"schema":{"@context":"https:\/\/schema.org","@graph":[{"@type":"WebPage","@id":"https:\/\/www.csj-emballages.com\/pt-pt\/produit\/50-tampas-de-cupula-com-bocal-para-batidos-em-plastico-95-o\/","url":"https:\/\/www.csj-emballages.com\/pt-pt\/produit\/50-tampas-de-cupula-com-bocal-para-batidos-em-plastico-95-o\/","name":"Tampa de pl\u00e1stico com bico \u00d895 por 50","isPartOf":{"@id":"https:\/\/www.csj-emballages.com\/pt-pt\/#website"},"primaryImageOfPage":{"@id":"https:\/\/www.csj-emballages.com\/pt-pt\/produit\/50-tampas-de-cupula-com-bocal-para-batidos-em-plastico-95-o\/#primaryimage"},"image":{"@id":"https:\/\/www.csj-emballages.com\/pt-pt\/produit\/50-tampas-de-cupula-com-bocal-para-batidos-em-plastico-95-o\/#primaryimage"},"thumbnailUrl":"https:\/\/www.csj-emballages.com\/wp-content\/uploads\/2024\/03\/CVDOMBEC.webp","datePublished":"2024-03-01T15:54:35+00:00","dateModified":"2026-04-15T00:13:15+00:00","description":"Tampa de pl\u00e1stico em forma de c\u00fapula com bico, ideal para bebidas para levar. Pr\u00e1tico, seguro e perfeito para mousses e coberturas.","breadcrumb":{"@id":"https:\/\/www.csj-emballages.com\/pt-pt\/produit\/50-tampas-de-cupula-com-bocal-para-batidos-em-plastico-95-o\/#breadcrumb"},"inLanguage":"pt-PT","potentialAction":[{"@type":"ReadAction","target":["https:\/\/www.csj-emballages.com\/pt-pt\/produit\/50-tampas-de-cupula-com-bocal-para-batidos-em-plastico-95-o\/"]}]},{"@type":"ImageObject","inLanguage":"pt-PT","@id":"https:\/\/www.csj-emballages.com\/pt-pt\/produit\/50-tampas-de-cupula-com-bocal-para-batidos-em-plastico-95-o\/#primaryimage","url":"https:\/\/www.csj-emballages.com\/wp-content\/uploads\/2024\/03\/CVDOMBEC.webp","contentUrl":"https:\/\/www.csj-emballages.com\/wp-content\/uploads\/2024\/03\/CVDOMBEC.webp","width":800,"height":800,"caption":"Couvercle plastique"},{"@type":"BreadcrumbList","@id":"https:\/\/www.csj-emballages.com\/pt-pt\/produit\/50-tampas-de-cupula-com-bocal-para-batidos-em-plastico-95-o\/#breadcrumb","itemListElement":[{"@type":"ListItem","position":1,"name":"Acolhimento","item":"https:\/\/www.csj-emballages.com\/pt-pt\/universo-das-embalagens-alimentares\/"},{"@type":"ListItem","position":2,"name":"Shop","item":"https:\/\/www.csj-emballages.com\/shop\/"},{"@type":"ListItem","position":3,"name":"Tampa de pl\u00e1stico em forma de c\u00fapula com bico \u00d895, 50 unidades"}]},{"@type":"WebSite","@id":"https:\/\/www.csj-emballages.com\/pt-pt\/#website","url":"https:\/\/www.csj-emballages.com\/pt-pt\/","name":"CSJ Emballages","description":"","publisher":{"@id":"https:\/\/www.csj-emballages.com\/pt-pt\/#organization"},"potentialAction":[{"@type":"SearchAction","target":{"@type":"EntryPoint","urlTemplate":"https:\/\/www.csj-emballages.com\/pt-pt\/?s={search_term_string}"},"query-input":{"@type":"PropertyValueSpecification","valueRequired":true,"valueName":"search_term_string"}}],"inLanguage":"pt-PT"},{"@type":"Organization","@id":"https:\/\/www.csj-emballages.com\/pt-pt\/#Organization\/","name":"CSJ Emballages","url":"https:\/\/www.csj-emballages.com\/pt-pt\/","logo":{"@type":"ImageObject","inLanguage":"pt-PT","@id":"https:\/\/www.csj-emballages.com\/pt-pt\/#\/schema\/logo\/image\/","url":"https:\/\/www.csj-emballages.com\/wp-content\/uploads\/2023\/10\/logo_csj.webp","contentUrl":"https:\/\/www.csj-emballages.com\/wp-content\/uploads\/2023\/10\/logo_csj.webp","width":250,"height":95,"caption":"CSJ Emballages"},"image":{"@id":"https:\/\/www.csj-emballages.com\/pt-pt\/#\/schema\/logo\/image\/"},"sameAs":["https:\/\/www.facebook.com\/csjemballages"],"address":{"@type":"PostalAddress","streetAddress":"ZI La Lechere","addressLocality":"Patornay","postalCode":"39130","addressCountry":"FR"},"contactPoint":[{"@type":"ContactPoint","contactType":"Service client","telephone":"0384254272","email":"contact@csj-emballages.com"}]}]}},"df_price":2.7,"df_sale_price":"","df_regular_price":2.7,"df_image_link":"https:\/\/www.csj-emballages.com\/wp-content\/uploads\/2024\/03\/CVDOMBEC-300x300.webp","tiered_pricing_type":"fixed","tiered_pricing_fixed_rules":[],"tiered_pricing_percentage_rules":[],"tiered_pricing_minimum":1,"tiered_pricing_roles_data":[],"_links":{"self":[{"href":"https:\/\/www.csj-emballages.com\/pt-pt\/wp-json\/wp\/v2\/product\/20550","targetHints":{"allow":["GET"]}}],"collection":[{"href":"https:\/\/www.csj-emballages.com\/pt-pt\/wp-json\/wp\/v2\/product"}],"about":[{"href":"https:\/\/www.csj-emballages.com\/pt-pt\/wp-json\/wp\/v2\/types\/product"}],"wp:featuredmedia":[{"embeddable":true,"href":"https:\/\/www.csj-emballages.com\/pt-pt\/wp-json\/wp\/v2\/media\/258148"}],"wp:attachment":[{"href":"https:\/\/www.csj-emballages.com\/pt-pt\/wp-json\/wp\/v2\/media?parent=20550"}],"wp:term":[{"taxonomy":"product_brand","embeddable":true,"href":"https:\/\/www.csj-emballages.com\/pt-pt\/wp-json\/wp\/v2\/product_brand?post=20550"},{"taxonomy":"product_cat","embeddable":true,"href":"https:\/\/www.csj-emballages.com\/pt-pt\/wp-json\/wp\/v2\/product_cat?post=20550"},{"taxonomy":"product_tag","embeddable":true,"href":"https:\/\/www.csj-emballages.com\/pt-pt\/wp-json\/wp\/v2\/product_tag?post=20550"}],"curies":[{"name":"wp","href":"https:\/\/api.w.org\/{rel}","templated":true}]}}