{"id":20548,"date":"2024-03-01T16:54:32","date_gmt":"2024-03-01T15:54:32","guid":{"rendered":"https:\/\/u15jnbdpoq.preview.infomaniak.website\/produit\/dispensador-de-alimentacao-central-branco-para-bobinas-de-200-formatos-ref-e811\/"},"modified":"2026-04-30T10:01:01","modified_gmt":"2026-04-30T08:01:01","slug":"dispensador-de-alimentacao-central-branco-para-bobinas-de-200-formatos-ref-e811","status":"publish","type":"product","link":"https:\/\/www.csj-emballages.com\/pt-pt\/produit\/dispensador-de-alimentacao-central-branco-para-bobinas-de-200-formatos-ref-e811\/","title":{"rendered":"Distribuidor de toalhas de alimenta\u00e7\u00e3o central branco para bobinas de 200 folhas (ref."},"content":{"rendered":"<h2>Distribuidor de toalhas de m\u00e3o<\/h2>\n<hr>\n<h3>Descri\u00e7\u00e3o do nosso dispensador de toalhas de papel branco de alimenta\u00e7\u00e3o central para bobinas de 200 folhas (ref. E811)<!--more--><\/h3>\n<p data-start=\"243\" data-end=\"576\">Este <strong data-start=\"246\" data-end=\"296\">distribuidor de toalhetes de m\u00e3os de extra\u00e7\u00e3o central<\/strong> foi concebido para tornar os gestos do quotidiano mais simples, mais limpos e mais eficazes. Com o seu design branco liso e discreto, encontra facilmente o seu lugar em todos os ambientes profissionais: <strong>cozinhas, instala\u00e7\u00f5es sanit\u00e1rias, oficinas, escrit\u00f3rios ou espa\u00e7os de passagem frequente<\/strong>. <\/p>\n<p data-start=\"578\" data-end=\"931\">O seu verdadeiro ponto forte \u00e9 o seu <strong data-start=\"609\" data-end=\"640\">sistema de extra\u00e7\u00e3o central<\/strong>. <strong>Puxa-se a folha pelo centro<\/strong>, sem tocar no resto da bobina. Resultado: uma utiliza\u00e7\u00e3o mais higi\u00e9nica e, sobretudo, um consumo mais controlado. Cada pessoa retira apenas o que necessita, o que limita o desperd\u00edcio, mantendo o espa\u00e7o limpo durante mais tempo.   <\/p>\n<p data-start=\"933\" data-end=\"1249\">O <strong>distribuidor<\/strong> \u00e9 compat\u00edvel com <strong data-start=\"973\" data-end=\"999\">bobinas de 200 formatos<\/strong>, o que permite reduzir a frequ\u00eancia de recarregamento. \u00c9 uma verdadeira vantagem em locais muito frequentados onde o tempo \u00e9 importante. Al\u00e9m disso, a abertura \u00e9 simples e r\u00e1pida, o que facilita a manuten\u00e7\u00e3o di\u00e1ria, mesmo em per\u00edodos de grande atividade.  <\/p>\n<p data-start=\"1251\" data-end=\"1521\">Concebido para durar, este <strong>distribuidor<\/strong> oferece uma boa resist\u00eancia a utiliza\u00e7\u00f5es intensivas. Mant\u00e9m-se fi\u00e1vel dia ap\u00f3s dia e contribui para manter uma imagem profissional e cuidada. Al\u00e9m disso, o seu formato compacto permite instal\u00e1-lo facilmente na parede sem ocupar espa\u00e7o.  <\/p>\n<p data-start=\"1523\" data-end=\"1745\">Em resumo, este <strong>distribuidor de toalhetes de m\u00e3os<\/strong> combina praticidade, higiene e sobriedade. Responde perfeitamente \u00e0s necessidades dos profissionais que procuram uma solu\u00e7\u00e3o eficaz, simples de utilizar e adaptada a uma utiliza\u00e7\u00e3o regular. <\/p>\n<p data-start=\"1523\" data-end=\"1745\">\n<p data-start=\"1523\" data-end=\"1745\"><!--more--><\/p>\n<div class=\"markdown prose w-full break-words dark:prose-invert dark\">\n<p><strong>Dispensador de toalhas de m\u00e3o, para utiliza\u00e7\u00e3o com a refer\u00eancia de produto <span style=\"color: #d12727;\"><a style=\"color: #d12727;\" href=\"https:\/\/www.csj-emballages.com\/es\/produit\/12-rollos-de-toallas-de-mano-de-guata-pura-gofradas-200-hojas-20-x-25-cm\/\">E811<\/a><\/span><\/strong><\/p>\n<p>*Este dispensador de toalhas de m\u00e3o \u00e9 fornecido completo com parafusos.<\/p>\n<\/div>\n<p><!--more--><\/p>\n<h4>Vantagens :<\/h4>\n<ul>\n<li data-start=\"1773\" data-end=\"1814\">Extra\u00e7\u00e3o central higi\u00e9nica e pr\u00e1tica.<\/li>\n<li data-start=\"1817\" data-end=\"1848\">Compat\u00edvel com bobinas de <strong>200 formatos<\/strong>.<\/li>\n<li data-start=\"1851\" data-end=\"1876\">Redu\u00e7\u00e3o do desperd\u00edcio.<\/li>\n<li data-start=\"1879\" data-end=\"1910\">Recarregamento simples e r\u00e1pido.<\/li>\n<li data-start=\"1913\" data-end=\"1946\"><strong>Design discreto<\/strong> e profissional.<\/li>\n<li data-start=\"1949\" data-end=\"1982\">Adaptado a locais de grande passagem.<\/li>\n<\/ul>\n<p>&nbsp;<\/p>\n<p><!--more--><\/p>\n<h4>Outras informa\u00e7\u00f5es :<\/h4>\n<ul>\n<li><strong>Embalagem<\/strong>: Por unidade<\/li>\n<li><strong>Dimens\u00f5es<\/strong>: 17,5 x 14 x 24,5 (C x L x A em cm)<\/li>\n<li><strong>Material<\/strong>: Pl\u00e1stico<\/li>\n<li><strong>Cor<\/strong>: Branco<\/li>\n<li><strong>Utiliza\u00e7\u00e3o<\/strong>: Manual<\/li>\n<li><strong>Capacidade<\/strong>: Bobina de 200 formatos (<span style=\"color: #d12727;\"><a style=\"color: #d12727;\" href=\"https:\/\/www.csj-emballages.com\/es\/produit\/12-rollos-de-toallas-de-mano-de-guata-pura-gofradas-200-hojas-20-x-25-cm\/\">E811<\/a><\/span>)<\/li>\n<\/ul>\n<p>&nbsp;<\/p>\n<p><!--more--><\/p>\n<p><a href=\"https:\/\/www.csj-emballages.com\/pt-pt\/categorie-produit\/higiene-e-manutencao\/distribuidores-pt-pt\/\">V\u00ea o resto da nossa gama de distribuidores<\/a><\/p>\n","protected":false},"excerpt":{"rendered":"<p>Distribuidor de toalhas de m\u00e3o Descri\u00e7\u00e3o do nosso dispensador de toalhas de papel branco de alimenta\u00e7\u00e3o central para bobinas de 200 folhas (ref. E811)<\/p>\n","protected":false},"featured_media":221606,"template":"","meta":{"_acf_changed":false},"product_brand":[],"product_cat":[1222,1413,1382,1421,1428],"product_tag":[],"class_list":{"0":"post-20548","1":"product","2":"type-product","3":"status-publish","4":"has-post-thumbnail","6":"product_cat-higiene-e-manutencao","7":"product_cat-distribuidores-pt-pt","8":"product_cat-limpar","9":"product_cat-toalhas-de-mao","10":"product_cat-limpa-maos-com-rolo","12":"first","13":"instock","14":"taxable","15":"shipping-taxable","16":"purchasable","17":"product-type-simple"},"acf":[],"yoast_head":"<!-- This site is optimized with the Yoast SEO Premium plugin v26.6 (Yoast SEO v26.6) - https:\/\/yoast.com\/wordpress\/plugins\/seo\/ -->\n<title>Distribuidor central para bobinas E811<\/title>\n<meta name=\"description\" content=\"Descubra o nosso dispensador de toalhas de m\u00e3o branco de alimenta\u00e7\u00e3o central. Utiliza\u00e7\u00e3o manual. Compat\u00edvel com os toalhetes de m\u00e3o E811\" \/>\n<meta name=\"robots\" content=\"index, follow, max-snippet:-1, max-image-preview:large, max-video-preview:-1\" \/>\n<link rel=\"canonical\" href=\"https:\/\/www.csj-emballages.com\/pt-pt\/produit\/dispensador-de-alimentacao-central-branco-para-bobinas-de-200-formatos-ref-e811\/\" \/>\n<meta property=\"og:locale\" content=\"pt_PT\" \/>\n<meta property=\"og:type\" content=\"article\" \/>\n<meta property=\"og:title\" content=\"Distribuidor de toalhas de alimenta\u00e7\u00e3o central branco para bobinas de 200 folhas (ref.\" \/>\n<meta property=\"og:description\" content=\"Descubra o nosso dispensador de toalhas de m\u00e3o branco de alimenta\u00e7\u00e3o central. Utiliza\u00e7\u00e3o manual. Compat\u00edvel com os toalhetes de m\u00e3o E811\" \/>\n<meta property=\"og:url\" content=\"https:\/\/www.csj-emballages.com\/pt-pt\/produit\/dispensador-de-alimentacao-central-branco-para-bobinas-de-200-formatos-ref-e811\/\" \/>\n<meta property=\"og:site_name\" content=\"CSJ Emballages\" \/>\n<meta property=\"article:publisher\" content=\"https:\/\/www.facebook.com\/csjemballages\" \/>\n<meta property=\"article:modified_time\" content=\"2026-04-30T08:01:01+00:00\" \/>\n<meta property=\"og:image\" content=\"https:\/\/www.csj-emballages.com\/wp-content\/uploads\/2024\/03\/Evadis-distributeur.webp\" \/>\n\t<meta property=\"og:image:width\" content=\"800\" \/>\n\t<meta property=\"og:image:height\" content=\"799\" \/>\n\t<meta property=\"og:image:type\" content=\"image\/webp\" \/>\n<meta name=\"twitter:card\" content=\"summary_large_image\" \/>\n<meta name=\"twitter:label1\" content=\"Tempo estimado de leitura\" \/>\n\t<meta name=\"twitter:data1\" content=\"2 minutos\" \/>\n<script type=\"application\/ld+json\" class=\"yoast-schema-graph\">{\"@context\":\"https:\/\/schema.org\",\"@graph\":[{\"@type\":\"WebPage\",\"@id\":\"https:\/\/www.csj-emballages.com\/pt-pt\/produit\/dispensador-de-alimentacao-central-branco-para-bobinas-de-200-formatos-ref-e811\/\",\"url\":\"https:\/\/www.csj-emballages.com\/pt-pt\/produit\/dispensador-de-alimentacao-central-branco-para-bobinas-de-200-formatos-ref-e811\/\",\"name\":\"Distribuidor central para bobinas E811\",\"isPartOf\":{\"@id\":\"https:\/\/www.csj-emballages.com\/pt-pt\/#website\"},\"primaryImageOfPage\":{\"@id\":\"https:\/\/www.csj-emballages.com\/pt-pt\/produit\/dispensador-de-alimentacao-central-branco-para-bobinas-de-200-formatos-ref-e811\/#primaryimage\"},\"image\":{\"@id\":\"https:\/\/www.csj-emballages.com\/pt-pt\/produit\/dispensador-de-alimentacao-central-branco-para-bobinas-de-200-formatos-ref-e811\/#primaryimage\"},\"thumbnailUrl\":\"https:\/\/www.csj-emballages.com\/wp-content\/uploads\/2024\/03\/Evadis-distributeur.webp\",\"datePublished\":\"2024-03-01T15:54:32+00:00\",\"dateModified\":\"2026-04-30T08:01:01+00:00\",\"description\":\"Descubra o nosso dispensador de toalhas de m\u00e3o branco de alimenta\u00e7\u00e3o central. Utiliza\u00e7\u00e3o manual. Compat\u00edvel com os toalhetes de m\u00e3o E811\",\"breadcrumb\":{\"@id\":\"https:\/\/www.csj-emballages.com\/pt-pt\/produit\/dispensador-de-alimentacao-central-branco-para-bobinas-de-200-formatos-ref-e811\/#breadcrumb\"},\"inLanguage\":\"pt-PT\",\"potentialAction\":[{\"@type\":\"ReadAction\",\"target\":[\"https:\/\/www.csj-emballages.com\/pt-pt\/produit\/dispensador-de-alimentacao-central-branco-para-bobinas-de-200-formatos-ref-e811\/\"]}]},{\"@type\":\"ImageObject\",\"inLanguage\":\"pt-PT\",\"@id\":\"https:\/\/www.csj-emballages.com\/pt-pt\/produit\/dispensador-de-alimentacao-central-branco-para-bobinas-de-200-formatos-ref-e811\/#primaryimage\",\"url\":\"https:\/\/www.csj-emballages.com\/wp-content\/uploads\/2024\/03\/Evadis-distributeur.webp\",\"contentUrl\":\"https:\/\/www.csj-emballages.com\/wp-content\/uploads\/2024\/03\/Evadis-distributeur.webp\",\"width\":800,\"height\":799,\"caption\":\"Distributeur \u00e0 d\u00e9vidage central\"},{\"@type\":\"BreadcrumbList\",\"@id\":\"https:\/\/www.csj-emballages.com\/pt-pt\/produit\/dispensador-de-alimentacao-central-branco-para-bobinas-de-200-formatos-ref-e811\/#breadcrumb\",\"itemListElement\":[{\"@type\":\"ListItem\",\"position\":1,\"name\":\"Acolhimento\",\"item\":\"https:\/\/www.csj-emballages.com\/pt-pt\/universo-das-embalagens-alimentares\/\"},{\"@type\":\"ListItem\",\"position\":2,\"name\":\"Shop\",\"item\":\"https:\/\/www.csj-emballages.com\/shop\/\"},{\"@type\":\"ListItem\",\"position\":3,\"name\":\"Distribuidor de toalhas de alimenta\u00e7\u00e3o central branco para bobinas de 200 folhas (ref.\"}]},{\"@type\":\"WebSite\",\"@id\":\"https:\/\/www.csj-emballages.com\/pt-pt\/#website\",\"url\":\"https:\/\/www.csj-emballages.com\/pt-pt\/\",\"name\":\"CSJ Emballages\",\"description\":\"\",\"publisher\":{\"@id\":\"https:\/\/www.csj-emballages.com\/pt-pt\/#organization\"},\"potentialAction\":[{\"@type\":\"SearchAction\",\"target\":{\"@type\":\"EntryPoint\",\"urlTemplate\":\"https:\/\/www.csj-emballages.com\/pt-pt\/?s={search_term_string}\"},\"query-input\":{\"@type\":\"PropertyValueSpecification\",\"valueRequired\":true,\"valueName\":\"search_term_string\"}}],\"inLanguage\":\"pt-PT\"},{\"@type\":\"Organization\",\"@id\":\"https:\/\/www.csj-emballages.com\/pt-pt\/#Organization\/\",\"name\":\"CSJ Emballages\",\"url\":\"https:\/\/www.csj-emballages.com\/pt-pt\/\",\"logo\":{\"@type\":\"ImageObject\",\"inLanguage\":\"pt-PT\",\"@id\":\"https:\/\/www.csj-emballages.com\/pt-pt\/#\/schema\/logo\/image\/\",\"url\":\"https:\/\/www.csj-emballages.com\/wp-content\/uploads\/2023\/10\/logo_csj.webp\",\"contentUrl\":\"https:\/\/www.csj-emballages.com\/wp-content\/uploads\/2023\/10\/logo_csj.webp\",\"width\":250,\"height\":95,\"caption\":\"CSJ Emballages\"},\"image\":{\"@id\":\"https:\/\/www.csj-emballages.com\/pt-pt\/#\/schema\/logo\/image\/\"},\"sameAs\":[\"https:\/\/www.facebook.com\/csjemballages\"],\"address\":{\"@type\":\"PostalAddress\",\"streetAddress\":\"ZI La Lechere\",\"addressLocality\":\"Patornay\",\"postalCode\":\"39130\",\"addressCountry\":\"FR\"},\"contactPoint\":[{\"@type\":\"ContactPoint\",\"contactType\":\"Service client\",\"telephone\":\"0384254272\",\"email\":\"contact@csj-emballages.com\"}]}]}<\/script>\n<!-- \/ Yoast SEO Premium plugin. -->","yoast_head_json":{"title":"Distribuidor central para bobinas E811","description":"Descubra o nosso dispensador de toalhas de m\u00e3o branco de alimenta\u00e7\u00e3o central. Utiliza\u00e7\u00e3o manual. Compat\u00edvel com os toalhetes de m\u00e3o E811","robots":{"index":"index","follow":"follow","max-snippet":"max-snippet:-1","max-image-preview":"max-image-preview:large","max-video-preview":"max-video-preview:-1"},"canonical":"https:\/\/www.csj-emballages.com\/pt-pt\/produit\/dispensador-de-alimentacao-central-branco-para-bobinas-de-200-formatos-ref-e811\/","og_locale":"pt_PT","og_type":"article","og_title":"Distribuidor de toalhas de alimenta\u00e7\u00e3o central branco para bobinas de 200 folhas (ref.","og_description":"Descubra o nosso dispensador de toalhas de m\u00e3o branco de alimenta\u00e7\u00e3o central. Utiliza\u00e7\u00e3o manual. Compat\u00edvel com os toalhetes de m\u00e3o E811","og_url":"https:\/\/www.csj-emballages.com\/pt-pt\/produit\/dispensador-de-alimentacao-central-branco-para-bobinas-de-200-formatos-ref-e811\/","og_site_name":"CSJ Emballages","article_publisher":"https:\/\/www.facebook.com\/csjemballages","article_modified_time":"2026-04-30T08:01:01+00:00","og_image":[{"width":800,"height":799,"url":"https:\/\/www.csj-emballages.com\/wp-content\/uploads\/2024\/03\/Evadis-distributeur.webp","type":"image\/webp"}],"twitter_card":"summary_large_image","twitter_misc":{"Tempo estimado de leitura":"2 minutos"},"schema":{"@context":"https:\/\/schema.org","@graph":[{"@type":"WebPage","@id":"https:\/\/www.csj-emballages.com\/pt-pt\/produit\/dispensador-de-alimentacao-central-branco-para-bobinas-de-200-formatos-ref-e811\/","url":"https:\/\/www.csj-emballages.com\/pt-pt\/produit\/dispensador-de-alimentacao-central-branco-para-bobinas-de-200-formatos-ref-e811\/","name":"Distribuidor central para bobinas E811","isPartOf":{"@id":"https:\/\/www.csj-emballages.com\/pt-pt\/#website"},"primaryImageOfPage":{"@id":"https:\/\/www.csj-emballages.com\/pt-pt\/produit\/dispensador-de-alimentacao-central-branco-para-bobinas-de-200-formatos-ref-e811\/#primaryimage"},"image":{"@id":"https:\/\/www.csj-emballages.com\/pt-pt\/produit\/dispensador-de-alimentacao-central-branco-para-bobinas-de-200-formatos-ref-e811\/#primaryimage"},"thumbnailUrl":"https:\/\/www.csj-emballages.com\/wp-content\/uploads\/2024\/03\/Evadis-distributeur.webp","datePublished":"2024-03-01T15:54:32+00:00","dateModified":"2026-04-30T08:01:01+00:00","description":"Descubra o nosso dispensador de toalhas de m\u00e3o branco de alimenta\u00e7\u00e3o central. Utiliza\u00e7\u00e3o manual. Compat\u00edvel com os toalhetes de m\u00e3o E811","breadcrumb":{"@id":"https:\/\/www.csj-emballages.com\/pt-pt\/produit\/dispensador-de-alimentacao-central-branco-para-bobinas-de-200-formatos-ref-e811\/#breadcrumb"},"inLanguage":"pt-PT","potentialAction":[{"@type":"ReadAction","target":["https:\/\/www.csj-emballages.com\/pt-pt\/produit\/dispensador-de-alimentacao-central-branco-para-bobinas-de-200-formatos-ref-e811\/"]}]},{"@type":"ImageObject","inLanguage":"pt-PT","@id":"https:\/\/www.csj-emballages.com\/pt-pt\/produit\/dispensador-de-alimentacao-central-branco-para-bobinas-de-200-formatos-ref-e811\/#primaryimage","url":"https:\/\/www.csj-emballages.com\/wp-content\/uploads\/2024\/03\/Evadis-distributeur.webp","contentUrl":"https:\/\/www.csj-emballages.com\/wp-content\/uploads\/2024\/03\/Evadis-distributeur.webp","width":800,"height":799,"caption":"Distributeur \u00e0 d\u00e9vidage central"},{"@type":"BreadcrumbList","@id":"https:\/\/www.csj-emballages.com\/pt-pt\/produit\/dispensador-de-alimentacao-central-branco-para-bobinas-de-200-formatos-ref-e811\/#breadcrumb","itemListElement":[{"@type":"ListItem","position":1,"name":"Acolhimento","item":"https:\/\/www.csj-emballages.com\/pt-pt\/universo-das-embalagens-alimentares\/"},{"@type":"ListItem","position":2,"name":"Shop","item":"https:\/\/www.csj-emballages.com\/shop\/"},{"@type":"ListItem","position":3,"name":"Distribuidor de toalhas de alimenta\u00e7\u00e3o central branco para bobinas de 200 folhas (ref."}]},{"@type":"WebSite","@id":"https:\/\/www.csj-emballages.com\/pt-pt\/#website","url":"https:\/\/www.csj-emballages.com\/pt-pt\/","name":"CSJ Emballages","description":"","publisher":{"@id":"https:\/\/www.csj-emballages.com\/pt-pt\/#organization"},"potentialAction":[{"@type":"SearchAction","target":{"@type":"EntryPoint","urlTemplate":"https:\/\/www.csj-emballages.com\/pt-pt\/?s={search_term_string}"},"query-input":{"@type":"PropertyValueSpecification","valueRequired":true,"valueName":"search_term_string"}}],"inLanguage":"pt-PT"},{"@type":"Organization","@id":"https:\/\/www.csj-emballages.com\/pt-pt\/#Organization\/","name":"CSJ Emballages","url":"https:\/\/www.csj-emballages.com\/pt-pt\/","logo":{"@type":"ImageObject","inLanguage":"pt-PT","@id":"https:\/\/www.csj-emballages.com\/pt-pt\/#\/schema\/logo\/image\/","url":"https:\/\/www.csj-emballages.com\/wp-content\/uploads\/2023\/10\/logo_csj.webp","contentUrl":"https:\/\/www.csj-emballages.com\/wp-content\/uploads\/2023\/10\/logo_csj.webp","width":250,"height":95,"caption":"CSJ Emballages"},"image":{"@id":"https:\/\/www.csj-emballages.com\/pt-pt\/#\/schema\/logo\/image\/"},"sameAs":["https:\/\/www.facebook.com\/csjemballages"],"address":{"@type":"PostalAddress","streetAddress":"ZI La Lechere","addressLocality":"Patornay","postalCode":"39130","addressCountry":"FR"},"contactPoint":[{"@type":"ContactPoint","contactType":"Service client","telephone":"0384254272","email":"contact@csj-emballages.com"}]}]}},"df_price":8.71,"df_sale_price":"","df_regular_price":8.71,"df_image_link":"https:\/\/www.csj-emballages.com\/wp-content\/uploads\/2024\/03\/Evadis-distributeur-300x300.webp","tiered_pricing_type":"fixed","tiered_pricing_fixed_rules":[],"tiered_pricing_percentage_rules":[],"tiered_pricing_minimum":1,"tiered_pricing_roles_data":[],"_links":{"self":[{"href":"https:\/\/www.csj-emballages.com\/pt-pt\/wp-json\/wp\/v2\/product\/20548","targetHints":{"allow":["GET"]}}],"collection":[{"href":"https:\/\/www.csj-emballages.com\/pt-pt\/wp-json\/wp\/v2\/product"}],"about":[{"href":"https:\/\/www.csj-emballages.com\/pt-pt\/wp-json\/wp\/v2\/types\/product"}],"wp:featuredmedia":[{"embeddable":true,"href":"https:\/\/www.csj-emballages.com\/pt-pt\/wp-json\/wp\/v2\/media\/221606"}],"wp:attachment":[{"href":"https:\/\/www.csj-emballages.com\/pt-pt\/wp-json\/wp\/v2\/media?parent=20548"}],"wp:term":[{"taxonomy":"product_brand","embeddable":true,"href":"https:\/\/www.csj-emballages.com\/pt-pt\/wp-json\/wp\/v2\/product_brand?post=20548"},{"taxonomy":"product_cat","embeddable":true,"href":"https:\/\/www.csj-emballages.com\/pt-pt\/wp-json\/wp\/v2\/product_cat?post=20548"},{"taxonomy":"product_tag","embeddable":true,"href":"https:\/\/www.csj-emballages.com\/pt-pt\/wp-json\/wp\/v2\/product_tag?post=20548"}],"curies":[{"name":"wp","href":"https:\/\/api.w.org\/{rel}","templated":true}]}}